{"id":136465,"date":"2026-04-28T09:04:28","date_gmt":"2026-04-28T07:04:28","guid":{"rendered":"https:\/\/webshopdistricoscom.webhosting.be\/product\/thuya-kit-brow-lamination-ref-7001-7\/"},"modified":"2026-04-28T09:04:32","modified_gmt":"2026-04-28T07:04:32","slug":"thuya-kit-brow-lamination-ref-7001-7","status":"publish","type":"product","link":"https:\/\/districos.standingout.be\/fr\/product\/thuya-kit-brow-lamination-ref-7001-7\/","title":{"rendered":"Thuya Kit Brow Lamination"},"content":{"rendered":"<p >\n<\/p>\n<p><font face=\"Verdana\">Ce kit contient tous les produits pour effectuer un Brow Lamination parfait. Id\u00e9al en cas de sourcils raides, emm\u00eal\u00e9s ou fins. Le traitement aligne les poils des sourcils dans le m\u00eame sens, ce qui donne aux sourcils une forme parfaite et un aspect plus fourni. Le r\u00e9sultat reste visible durant 2 \u00e0 4 semaines.<\/font><\/p>\n<div><font face=\"Verdana\"><br \/><\/font><\/div>\n<div><font face=\"Verdana\"><b>Contenu<\/b><\/font><\/div>\n<div>\n<ul>\n<li><font face=\"Verdana\">1 x Thuya Pre-Smoothing of Eyebrows 15 ml<\/font><\/li>\n<li><font face=\"Verdana\">1 x Thuya Gel Permanente 15 ml<\/font><\/li>\n<li><font face=\"Verdana\">1 x Thuya Cr\u00e8me Neutralisante 15 ml<\/font><\/li>\n<li><font face=\"Verdana\">1 x Thuya Vegan Cr\u00e8me R\u00e9g\u00e9n\u00e9ratrice 15 ml<\/font><\/li>\n<li><font face=\"Verdana\">10 x Brosse \u00e0 Mascara Jetable<\/font><\/li>\n<li><font face=\"Verdana\">1 x Godet en Verre (hauteur : 3,5 cm)<\/font><\/li>\n<li><font face=\"Verdana\">Mode d&#8217;emploi<\/font><\/li>\n<\/ul>\n<\/div>\n","protected":false},"excerpt":{"rendered":"<p>Ce kit contient tous les produits pour effectuer un Brow Lamination parfait. Id\u00e9al en cas de sourcils raides, emm\u00eal\u00e9s ou fins. Le traitement aligne les poils des sourcils dans le m\u00eame sens, ce qui donne aux sourcils une forme parfaite et un aspect plus fourni. Le r\u00e9sultat reste visible durant 2 \u00e0 4 semaines. Contenu [&hellip;]<\/p>\n","protected":false},"featured_media":146902,"comment_status":"open","ping_status":"closed","template":"","meta":{"_acf_changed":false},"product_brand":[10584],"product_cat":[9976,9882],"product_tag":[],"class_list":{"0":"post-136465","1":"product","2":"type-product","3":"status-publish","4":"has-post-thumbnail","6":"product_brand-thuya-fr","7":"product_cat-beaute-cils-sourcils-lifting-des-cils","8":"product_cat-beaute-maquillage-yeux-sourcils","10":"first","11":"instock","12":"taxable","13":"shipping-taxable","14":"product-type-simple"},"acf":[],"yoast_head":"<!-- This site is optimized with the Yoast SEO plugin v27.3 - https:\/\/yoast.com\/product\/yoast-seo-wordpress\/ -->\n<title>Thuya Kit Brow Lamination - Districos Webshop<\/title>\n<meta name=\"robots\" content=\"noindex, follow, max-snippet:-1, max-image-preview:large, max-video-preview:-1\" \/>\n<meta property=\"og:locale\" content=\"fr_FR\" \/>\n<meta property=\"og:type\" content=\"article\" \/>\n<meta property=\"og:title\" content=\"Thuya Kit Brow Lamination - Districos Webshop\" \/>\n<meta property=\"og:description\" content=\"Ce kit contient tous les produits pour effectuer un Brow Lamination parfait. Id\u00e9al en cas de sourcils raides, emm\u00eal\u00e9s ou fins. Le traitement aligne les poils des sourcils dans le m\u00eame sens, ce qui donne aux sourcils une forme parfaite et un aspect plus fourni. Le r\u00e9sultat reste visible durant 2 \u00e0 4 semaines. Contenu [&hellip;]\" \/>\n<meta property=\"og:url\" content=\"https:\/\/districos.standingout.be\/fr\/product\/thuya-kit-brow-lamination-ref-7001-7\/\" \/>\n<meta property=\"og:site_name\" content=\"Districos Webshop\" \/>\n<meta property=\"article:modified_time\" content=\"2026-04-28T07:04:32+00:00\" \/>\n<meta name=\"twitter:card\" content=\"summary_large_image\" \/>\n<script type=\"application\/ld+json\" class=\"yoast-schema-graph\">{\"@context\":\"https:\\\/\\\/schema.org\",\"@graph\":[{\"@type\":\"WebPage\",\"@id\":\"https:\\\/\\\/districos.standingout.be\\\/fr\\\/product\\\/thuya-kit-brow-lamination-ref-7001-7\\\/\",\"url\":\"https:\\\/\\\/districos.standingout.be\\\/fr\\\/product\\\/thuya-kit-brow-lamination-ref-7001-7\\\/\",\"name\":\"Thuya Kit Brow Lamination - Districos Webshop\",\"isPartOf\":{\"@id\":\"https:\\\/\\\/districos.standingout.be\\\/fr\\\/#website\"},\"primaryImageOfPage\":{\"@id\":\"https:\\\/\\\/districos.standingout.be\\\/fr\\\/product\\\/thuya-kit-brow-lamination-ref-7001-7\\\/#primaryimage\"},\"image\":{\"@id\":\"https:\\\/\\\/districos.standingout.be\\\/fr\\\/product\\\/thuya-kit-brow-lamination-ref-7001-7\\\/#primaryimage\"},\"thumbnailUrl\":\"https:\\\/\\\/districos.standingout.be\\\/wp-content\\\/uploads\\\/2026\\\/04\\\/7001.7@Brow-Lamination-Kit_1-1.png\",\"datePublished\":\"2026-04-28T07:04:28+00:00\",\"dateModified\":\"2026-04-28T07:04:32+00:00\",\"breadcrumb\":{\"@id\":\"https:\\\/\\\/districos.standingout.be\\\/fr\\\/product\\\/thuya-kit-brow-lamination-ref-7001-7\\\/#breadcrumb\"},\"inLanguage\":\"fr-FR\",\"potentialAction\":[{\"@type\":\"ReadAction\",\"target\":[\"https:\\\/\\\/districos.standingout.be\\\/fr\\\/product\\\/thuya-kit-brow-lamination-ref-7001-7\\\/\"]}]},{\"@type\":\"ImageObject\",\"inLanguage\":\"fr-FR\",\"@id\":\"https:\\\/\\\/districos.standingout.be\\\/fr\\\/product\\\/thuya-kit-brow-lamination-ref-7001-7\\\/#primaryimage\",\"url\":\"https:\\\/\\\/districos.standingout.be\\\/wp-content\\\/uploads\\\/2026\\\/04\\\/7001.7@Brow-Lamination-Kit_1-1.png\",\"contentUrl\":\"https:\\\/\\\/districos.standingout.be\\\/wp-content\\\/uploads\\\/2026\\\/04\\\/7001.7@Brow-Lamination-Kit_1-1.png\",\"width\":600,\"height\":600},{\"@type\":\"BreadcrumbList\",\"@id\":\"https:\\\/\\\/districos.standingout.be\\\/fr\\\/product\\\/thuya-kit-brow-lamination-ref-7001-7\\\/#breadcrumb\",\"itemListElement\":[{\"@type\":\"ListItem\",\"position\":1,\"name\":\"Home\",\"item\":\"https:\\\/\\\/districos.standingout.be\\\/fr\\\/bienvenue-chez-districos\\\/\"},{\"@type\":\"ListItem\",\"position\":2,\"name\":\"Boutique\",\"item\":\"https:\\\/\\\/districos.standingout.be\\\/fr\\\/boutique\\\/\"},{\"@type\":\"ListItem\",\"position\":3,\"name\":\"Thuya Kit Brow Lamination\"}]},{\"@type\":\"WebSite\",\"@id\":\"https:\\\/\\\/districos.standingout.be\\\/fr\\\/#website\",\"url\":\"https:\\\/\\\/districos.standingout.be\\\/fr\\\/\",\"name\":\"Districos Webshop\",\"description\":\"\",\"publisher\":{\"@id\":\"https:\\\/\\\/districos.standingout.be\\\/fr\\\/#organization\"},\"potentialAction\":[{\"@type\":\"SearchAction\",\"target\":{\"@type\":\"EntryPoint\",\"urlTemplate\":\"https:\\\/\\\/districos.standingout.be\\\/fr\\\/?s={search_term_string}\"},\"query-input\":{\"@type\":\"PropertyValueSpecification\",\"valueRequired\":true,\"valueName\":\"search_term_string\"}}],\"inLanguage\":\"fr-FR\"},{\"@type\":\"Organization\",\"@id\":\"https:\\\/\\\/districos.standingout.be\\\/fr\\\/#organization\",\"name\":\"Districos Webshop\",\"url\":\"https:\\\/\\\/districos.standingout.be\\\/fr\\\/\",\"logo\":{\"@type\":\"ImageObject\",\"inLanguage\":\"fr-FR\",\"@id\":\"https:\\\/\\\/districos.standingout.be\\\/fr\\\/#\\\/schema\\\/logo\\\/image\\\/\",\"url\":\"https:\\\/\\\/districos.standingout.be\\\/wp-content\\\/uploads\\\/2022\\\/09\\\/Districos_Logo_Webshop.svg\",\"contentUrl\":\"https:\\\/\\\/districos.standingout.be\\\/wp-content\\\/uploads\\\/2022\\\/09\\\/Districos_Logo_Webshop.svg\",\"caption\":\"Districos Webshop\"},\"image\":{\"@id\":\"https:\\\/\\\/districos.standingout.be\\\/fr\\\/#\\\/schema\\\/logo\\\/image\\\/\"}}]}<\/script>\n<!-- \/ Yoast SEO plugin. -->","yoast_head_json":{"title":"Thuya Kit Brow Lamination - Districos Webshop","robots":{"index":"noindex","follow":"follow","max-snippet":"max-snippet:-1","max-image-preview":"max-image-preview:large","max-video-preview":"max-video-preview:-1"},"og_locale":"fr_FR","og_type":"article","og_title":"Thuya Kit Brow Lamination - Districos Webshop","og_description":"Ce kit contient tous les produits pour effectuer un Brow Lamination parfait. Id\u00e9al en cas de sourcils raides, emm\u00eal\u00e9s ou fins. Le traitement aligne les poils des sourcils dans le m\u00eame sens, ce qui donne aux sourcils une forme parfaite et un aspect plus fourni. Le r\u00e9sultat reste visible durant 2 \u00e0 4 semaines. Contenu [&hellip;]","og_url":"https:\/\/districos.standingout.be\/fr\/product\/thuya-kit-brow-lamination-ref-7001-7\/","og_site_name":"Districos Webshop","article_modified_time":"2026-04-28T07:04:32+00:00","twitter_card":"summary_large_image","schema":{"@context":"https:\/\/schema.org","@graph":[{"@type":"WebPage","@id":"https:\/\/districos.standingout.be\/fr\/product\/thuya-kit-brow-lamination-ref-7001-7\/","url":"https:\/\/districos.standingout.be\/fr\/product\/thuya-kit-brow-lamination-ref-7001-7\/","name":"Thuya Kit Brow Lamination - Districos Webshop","isPartOf":{"@id":"https:\/\/districos.standingout.be\/fr\/#website"},"primaryImageOfPage":{"@id":"https:\/\/districos.standingout.be\/fr\/product\/thuya-kit-brow-lamination-ref-7001-7\/#primaryimage"},"image":{"@id":"https:\/\/districos.standingout.be\/fr\/product\/thuya-kit-brow-lamination-ref-7001-7\/#primaryimage"},"thumbnailUrl":"https:\/\/districos.standingout.be\/wp-content\/uploads\/2026\/04\/7001.7@Brow-Lamination-Kit_1-1.png","datePublished":"2026-04-28T07:04:28+00:00","dateModified":"2026-04-28T07:04:32+00:00","breadcrumb":{"@id":"https:\/\/districos.standingout.be\/fr\/product\/thuya-kit-brow-lamination-ref-7001-7\/#breadcrumb"},"inLanguage":"fr-FR","potentialAction":[{"@type":"ReadAction","target":["https:\/\/districos.standingout.be\/fr\/product\/thuya-kit-brow-lamination-ref-7001-7\/"]}]},{"@type":"ImageObject","inLanguage":"fr-FR","@id":"https:\/\/districos.standingout.be\/fr\/product\/thuya-kit-brow-lamination-ref-7001-7\/#primaryimage","url":"https:\/\/districos.standingout.be\/wp-content\/uploads\/2026\/04\/7001.7@Brow-Lamination-Kit_1-1.png","contentUrl":"https:\/\/districos.standingout.be\/wp-content\/uploads\/2026\/04\/7001.7@Brow-Lamination-Kit_1-1.png","width":600,"height":600},{"@type":"BreadcrumbList","@id":"https:\/\/districos.standingout.be\/fr\/product\/thuya-kit-brow-lamination-ref-7001-7\/#breadcrumb","itemListElement":[{"@type":"ListItem","position":1,"name":"Home","item":"https:\/\/districos.standingout.be\/fr\/bienvenue-chez-districos\/"},{"@type":"ListItem","position":2,"name":"Boutique","item":"https:\/\/districos.standingout.be\/fr\/boutique\/"},{"@type":"ListItem","position":3,"name":"Thuya Kit Brow Lamination"}]},{"@type":"WebSite","@id":"https:\/\/districos.standingout.be\/fr\/#website","url":"https:\/\/districos.standingout.be\/fr\/","name":"Districos Webshop","description":"","publisher":{"@id":"https:\/\/districos.standingout.be\/fr\/#organization"},"potentialAction":[{"@type":"SearchAction","target":{"@type":"EntryPoint","urlTemplate":"https:\/\/districos.standingout.be\/fr\/?s={search_term_string}"},"query-input":{"@type":"PropertyValueSpecification","valueRequired":true,"valueName":"search_term_string"}}],"inLanguage":"fr-FR"},{"@type":"Organization","@id":"https:\/\/districos.standingout.be\/fr\/#organization","name":"Districos Webshop","url":"https:\/\/districos.standingout.be\/fr\/","logo":{"@type":"ImageObject","inLanguage":"fr-FR","@id":"https:\/\/districos.standingout.be\/fr\/#\/schema\/logo\/image\/","url":"https:\/\/districos.standingout.be\/wp-content\/uploads\/2022\/09\/Districos_Logo_Webshop.svg","contentUrl":"https:\/\/districos.standingout.be\/wp-content\/uploads\/2022\/09\/Districos_Logo_Webshop.svg","caption":"Districos Webshop"},"image":{"@id":"https:\/\/districos.standingout.be\/fr\/#\/schema\/logo\/image\/"}}]}},"_links":{"self":[{"href":"https:\/\/districos.standingout.be\/fr\/wp-json\/wp\/v2\/product\/136465","targetHints":{"allow":["GET"]}}],"collection":[{"href":"https:\/\/districos.standingout.be\/fr\/wp-json\/wp\/v2\/product"}],"about":[{"href":"https:\/\/districos.standingout.be\/fr\/wp-json\/wp\/v2\/types\/product"}],"replies":[{"embeddable":true,"href":"https:\/\/districos.standingout.be\/fr\/wp-json\/wp\/v2\/comments?post=136465"}],"wp:featuredmedia":[{"embeddable":true,"href":"https:\/\/districos.standingout.be\/fr\/wp-json\/wp\/v2\/media\/146902"}],"wp:attachment":[{"href":"https:\/\/districos.standingout.be\/fr\/wp-json\/wp\/v2\/media?parent=136465"}],"wp:term":[{"taxonomy":"product_brand","embeddable":true,"href":"https:\/\/districos.standingout.be\/fr\/wp-json\/wp\/v2\/product_brand?post=136465"},{"taxonomy":"product_cat","embeddable":true,"href":"https:\/\/districos.standingout.be\/fr\/wp-json\/wp\/v2\/product_cat?post=136465"},{"taxonomy":"product_tag","embeddable":true,"href":"https:\/\/districos.standingout.be\/fr\/wp-json\/wp\/v2\/product_tag?post=136465"}],"curies":[{"name":"wp","href":"https:\/\/api.w.org\/{rel}","templated":true}]}}