{"id":136477,"date":"2026-04-28T09:04:52","date_gmt":"2026-04-28T07:04:52","guid":{"rendered":"https:\/\/webshopdistricoscom.webhosting.be\/product\/thuya-vegan-creme-neutralisante-monodoses-12-pcs-ref-7004-03\/"},"modified":"2026-04-28T09:04:55","modified_gmt":"2026-04-28T07:04:55","slug":"thuya-vegan-creme-neutralisante-monodoses-12-pcs-ref-7004-03","status":"publish","type":"product","link":"https:\/\/districos.standingout.be\/fr\/product\/thuya-vegan-creme-neutralisante-monodoses-12-pcs-ref-7004-03\/","title":{"rendered":"Thuya Vegan Cr\u00e8me Neutralisante Monodoses 12 pcs."},"content":{"rendered":"<p >\n<\/p>\n<\/p>\n<p dir=\"ltr\"><span>Version 100 % v\u00e9gane de la Cr\u00e8me Neutralisante de Thuya. Cette cr\u00e8me neutralise et arr\u00eate l&rsquo;action du Gel Permanente, fixant ainsi la forme des cils et\/ou des sourcils. Sa texture cr\u00e9meuse emp\u00eache les coulures, rendant l&rsquo;application plus facile, plus confortable et plus s\u00fbre.&nbsp;<\/span><span>Peut \u00eatre utilis\u00e9e aussi bien pour la permanente que pour le lifting !<\/span><\/p>\n<p dir=\"ltr\">\n<ul>\n<li>Emballage : bo\u00eete de 12 monodoses<\/li>\n<\/ul>\n<div><b>\u00c9galement disponible :<\/b><\/div>\n<p dir=\"ltr\">\n<div>\n<p dir=\"ltr\">\n<p dir=\"ltr\">\n<div>\n<ul>\n<li>Thuya Liquide Neutralisant 15 ml (<a href=\"https:\/\/webshop.districos.com\/ProductDetail\/7004\" target=\"_blank\" rel=\"noopener noreferrer nofollow\">r\u00e9f. 7004<\/a>)<\/li>\n<li>Thuya Cr\u00e8me Neutralisante 15 ml (<a href=\"https:\/\/webshop.districos.com\/ProductDetail\/7004.02\" target=\"_blank\" rel=\"noopener noreferrer nofollow\">r\u00e9f. 7004.02<\/a>)<\/li>\n<li>Thuya Vegan Cr\u00e8me Neutralisante 15 ml (<a href=\"https:\/\/webshop.districos.com\/ProductDetail\/7004.021\" target=\"_blank\" rel=\"noopener noreferrer nofollow\">r\u00e9f. 7004.021<\/a>)<\/li>\n<p><\/ul>\n<\/div>\n<\/div>\n","protected":false},"excerpt":{"rendered":"<p>Version 100 % v\u00e9gane de la Cr\u00e8me Neutralisante de Thuya. Cette cr\u00e8me neutralise et arr\u00eate l&rsquo;action du Gel Permanente, fixant ainsi la forme des cils et\/ou des sourcils. Sa texture cr\u00e9meuse emp\u00eache les coulures, rendant l&rsquo;application plus facile, plus confortable et plus s\u00fbre.&nbsp;Peut \u00eatre utilis\u00e9e aussi bien pour la permanente que pour le lifting ! [&hellip;]<\/p>\n","protected":false},"featured_media":146914,"comment_status":"open","ping_status":"closed","template":"","meta":{"_acf_changed":false},"product_brand":[10584],"product_cat":[9976],"product_tag":[],"class_list":{"0":"post-136477","1":"product","2":"type-product","3":"status-publish","4":"has-post-thumbnail","6":"product_brand-thuya-fr","7":"product_cat-beaute-cils-sourcils-lifting-des-cils","9":"first","10":"instock","11":"taxable","12":"shipping-taxable","13":"product-type-simple"},"acf":[],"yoast_head":"<!-- This site is optimized with the Yoast SEO plugin v27.3 - https:\/\/yoast.com\/product\/yoast-seo-wordpress\/ -->\n<title>Thuya Vegan Cr\u00e8me Neutralisante Monodoses 12 pcs. - Districos Webshop<\/title>\n<meta name=\"robots\" content=\"noindex, follow, max-snippet:-1, max-image-preview:large, max-video-preview:-1\" \/>\n<meta property=\"og:locale\" content=\"fr_FR\" \/>\n<meta property=\"og:type\" content=\"article\" \/>\n<meta property=\"og:title\" content=\"Thuya Vegan Cr\u00e8me Neutralisante Monodoses 12 pcs. - Districos Webshop\" \/>\n<meta property=\"og:description\" content=\"Version 100 % v\u00e9gane de la Cr\u00e8me Neutralisante de Thuya. Cette cr\u00e8me neutralise et arr\u00eate l&rsquo;action du Gel Permanente, fixant ainsi la forme des cils et\/ou des sourcils. Sa texture cr\u00e9meuse emp\u00eache les coulures, rendant l&rsquo;application plus facile, plus confortable et plus s\u00fbre.&nbsp;Peut \u00eatre utilis\u00e9e aussi bien pour la permanente que pour le lifting ! [&hellip;]\" \/>\n<meta property=\"og:url\" content=\"https:\/\/districos.standingout.be\/fr\/product\/thuya-vegan-creme-neutralisante-monodoses-12-pcs-ref-7004-03\/\" \/>\n<meta property=\"og:site_name\" content=\"Districos Webshop\" \/>\n<meta property=\"article:modified_time\" content=\"2026-04-28T07:04:55+00:00\" \/>\n<meta name=\"twitter:card\" content=\"summary_large_image\" \/>\n<script type=\"application\/ld+json\" class=\"yoast-schema-graph\">{\"@context\":\"https:\\\/\\\/schema.org\",\"@graph\":[{\"@type\":\"WebPage\",\"@id\":\"https:\\\/\\\/districos.standingout.be\\\/fr\\\/product\\\/thuya-vegan-creme-neutralisante-monodoses-12-pcs-ref-7004-03\\\/\",\"url\":\"https:\\\/\\\/districos.standingout.be\\\/fr\\\/product\\\/thuya-vegan-creme-neutralisante-monodoses-12-pcs-ref-7004-03\\\/\",\"name\":\"Thuya Vegan Cr\u00e8me Neutralisante Monodoses 12 pcs. - Districos Webshop\",\"isPartOf\":{\"@id\":\"https:\\\/\\\/districos.standingout.be\\\/fr\\\/#website\"},\"primaryImageOfPage\":{\"@id\":\"https:\\\/\\\/districos.standingout.be\\\/fr\\\/product\\\/thuya-vegan-creme-neutralisante-monodoses-12-pcs-ref-7004-03\\\/#primaryimage\"},\"image\":{\"@id\":\"https:\\\/\\\/districos.standingout.be\\\/fr\\\/product\\\/thuya-vegan-creme-neutralisante-monodoses-12-pcs-ref-7004-03\\\/#primaryimage\"},\"thumbnailUrl\":\"https:\\\/\\\/districos.standingout.be\\\/wp-content\\\/uploads\\\/2026\\\/04\\\/7004.03@Thuya-Vegan-Neutralisant-Creme-Monodosis-12-st._1-1.png\",\"datePublished\":\"2026-04-28T07:04:52+00:00\",\"dateModified\":\"2026-04-28T07:04:55+00:00\",\"breadcrumb\":{\"@id\":\"https:\\\/\\\/districos.standingout.be\\\/fr\\\/product\\\/thuya-vegan-creme-neutralisante-monodoses-12-pcs-ref-7004-03\\\/#breadcrumb\"},\"inLanguage\":\"fr-FR\",\"potentialAction\":[{\"@type\":\"ReadAction\",\"target\":[\"https:\\\/\\\/districos.standingout.be\\\/fr\\\/product\\\/thuya-vegan-creme-neutralisante-monodoses-12-pcs-ref-7004-03\\\/\"]}]},{\"@type\":\"ImageObject\",\"inLanguage\":\"fr-FR\",\"@id\":\"https:\\\/\\\/districos.standingout.be\\\/fr\\\/product\\\/thuya-vegan-creme-neutralisante-monodoses-12-pcs-ref-7004-03\\\/#primaryimage\",\"url\":\"https:\\\/\\\/districos.standingout.be\\\/wp-content\\\/uploads\\\/2026\\\/04\\\/7004.03@Thuya-Vegan-Neutralisant-Creme-Monodosis-12-st._1-1.png\",\"contentUrl\":\"https:\\\/\\\/districos.standingout.be\\\/wp-content\\\/uploads\\\/2026\\\/04\\\/7004.03@Thuya-Vegan-Neutralisant-Creme-Monodosis-12-st._1-1.png\",\"width\":600,\"height\":600},{\"@type\":\"BreadcrumbList\",\"@id\":\"https:\\\/\\\/districos.standingout.be\\\/fr\\\/product\\\/thuya-vegan-creme-neutralisante-monodoses-12-pcs-ref-7004-03\\\/#breadcrumb\",\"itemListElement\":[{\"@type\":\"ListItem\",\"position\":1,\"name\":\"Home\",\"item\":\"https:\\\/\\\/districos.standingout.be\\\/fr\\\/bienvenue-chez-districos\\\/\"},{\"@type\":\"ListItem\",\"position\":2,\"name\":\"Boutique\",\"item\":\"https:\\\/\\\/districos.standingout.be\\\/fr\\\/boutique\\\/\"},{\"@type\":\"ListItem\",\"position\":3,\"name\":\"Thuya Vegan Cr\u00e8me Neutralisante Monodoses 12 pcs.\"}]},{\"@type\":\"WebSite\",\"@id\":\"https:\\\/\\\/districos.standingout.be\\\/fr\\\/#website\",\"url\":\"https:\\\/\\\/districos.standingout.be\\\/fr\\\/\",\"name\":\"Districos Webshop\",\"description\":\"\",\"publisher\":{\"@id\":\"https:\\\/\\\/districos.standingout.be\\\/fr\\\/#organization\"},\"potentialAction\":[{\"@type\":\"SearchAction\",\"target\":{\"@type\":\"EntryPoint\",\"urlTemplate\":\"https:\\\/\\\/districos.standingout.be\\\/fr\\\/?s={search_term_string}\"},\"query-input\":{\"@type\":\"PropertyValueSpecification\",\"valueRequired\":true,\"valueName\":\"search_term_string\"}}],\"inLanguage\":\"fr-FR\"},{\"@type\":\"Organization\",\"@id\":\"https:\\\/\\\/districos.standingout.be\\\/fr\\\/#organization\",\"name\":\"Districos Webshop\",\"url\":\"https:\\\/\\\/districos.standingout.be\\\/fr\\\/\",\"logo\":{\"@type\":\"ImageObject\",\"inLanguage\":\"fr-FR\",\"@id\":\"https:\\\/\\\/districos.standingout.be\\\/fr\\\/#\\\/schema\\\/logo\\\/image\\\/\",\"url\":\"https:\\\/\\\/districos.standingout.be\\\/wp-content\\\/uploads\\\/2022\\\/09\\\/Districos_Logo_Webshop.svg\",\"contentUrl\":\"https:\\\/\\\/districos.standingout.be\\\/wp-content\\\/uploads\\\/2022\\\/09\\\/Districos_Logo_Webshop.svg\",\"caption\":\"Districos Webshop\"},\"image\":{\"@id\":\"https:\\\/\\\/districos.standingout.be\\\/fr\\\/#\\\/schema\\\/logo\\\/image\\\/\"}}]}<\/script>\n<!-- \/ Yoast SEO plugin. -->","yoast_head_json":{"title":"Thuya Vegan Cr\u00e8me Neutralisante Monodoses 12 pcs. - Districos Webshop","robots":{"index":"noindex","follow":"follow","max-snippet":"max-snippet:-1","max-image-preview":"max-image-preview:large","max-video-preview":"max-video-preview:-1"},"og_locale":"fr_FR","og_type":"article","og_title":"Thuya Vegan Cr\u00e8me Neutralisante Monodoses 12 pcs. - Districos Webshop","og_description":"Version 100 % v\u00e9gane de la Cr\u00e8me Neutralisante de Thuya. Cette cr\u00e8me neutralise et arr\u00eate l&rsquo;action du Gel Permanente, fixant ainsi la forme des cils et\/ou des sourcils. Sa texture cr\u00e9meuse emp\u00eache les coulures, rendant l&rsquo;application plus facile, plus confortable et plus s\u00fbre.&nbsp;Peut \u00eatre utilis\u00e9e aussi bien pour la permanente que pour le lifting ! [&hellip;]","og_url":"https:\/\/districos.standingout.be\/fr\/product\/thuya-vegan-creme-neutralisante-monodoses-12-pcs-ref-7004-03\/","og_site_name":"Districos Webshop","article_modified_time":"2026-04-28T07:04:55+00:00","twitter_card":"summary_large_image","schema":{"@context":"https:\/\/schema.org","@graph":[{"@type":"WebPage","@id":"https:\/\/districos.standingout.be\/fr\/product\/thuya-vegan-creme-neutralisante-monodoses-12-pcs-ref-7004-03\/","url":"https:\/\/districos.standingout.be\/fr\/product\/thuya-vegan-creme-neutralisante-monodoses-12-pcs-ref-7004-03\/","name":"Thuya Vegan Cr\u00e8me Neutralisante Monodoses 12 pcs. - Districos Webshop","isPartOf":{"@id":"https:\/\/districos.standingout.be\/fr\/#website"},"primaryImageOfPage":{"@id":"https:\/\/districos.standingout.be\/fr\/product\/thuya-vegan-creme-neutralisante-monodoses-12-pcs-ref-7004-03\/#primaryimage"},"image":{"@id":"https:\/\/districos.standingout.be\/fr\/product\/thuya-vegan-creme-neutralisante-monodoses-12-pcs-ref-7004-03\/#primaryimage"},"thumbnailUrl":"https:\/\/districos.standingout.be\/wp-content\/uploads\/2026\/04\/7004.03@Thuya-Vegan-Neutralisant-Creme-Monodosis-12-st._1-1.png","datePublished":"2026-04-28T07:04:52+00:00","dateModified":"2026-04-28T07:04:55+00:00","breadcrumb":{"@id":"https:\/\/districos.standingout.be\/fr\/product\/thuya-vegan-creme-neutralisante-monodoses-12-pcs-ref-7004-03\/#breadcrumb"},"inLanguage":"fr-FR","potentialAction":[{"@type":"ReadAction","target":["https:\/\/districos.standingout.be\/fr\/product\/thuya-vegan-creme-neutralisante-monodoses-12-pcs-ref-7004-03\/"]}]},{"@type":"ImageObject","inLanguage":"fr-FR","@id":"https:\/\/districos.standingout.be\/fr\/product\/thuya-vegan-creme-neutralisante-monodoses-12-pcs-ref-7004-03\/#primaryimage","url":"https:\/\/districos.standingout.be\/wp-content\/uploads\/2026\/04\/7004.03@Thuya-Vegan-Neutralisant-Creme-Monodosis-12-st._1-1.png","contentUrl":"https:\/\/districos.standingout.be\/wp-content\/uploads\/2026\/04\/7004.03@Thuya-Vegan-Neutralisant-Creme-Monodosis-12-st._1-1.png","width":600,"height":600},{"@type":"BreadcrumbList","@id":"https:\/\/districos.standingout.be\/fr\/product\/thuya-vegan-creme-neutralisante-monodoses-12-pcs-ref-7004-03\/#breadcrumb","itemListElement":[{"@type":"ListItem","position":1,"name":"Home","item":"https:\/\/districos.standingout.be\/fr\/bienvenue-chez-districos\/"},{"@type":"ListItem","position":2,"name":"Boutique","item":"https:\/\/districos.standingout.be\/fr\/boutique\/"},{"@type":"ListItem","position":3,"name":"Thuya Vegan Cr\u00e8me Neutralisante Monodoses 12 pcs."}]},{"@type":"WebSite","@id":"https:\/\/districos.standingout.be\/fr\/#website","url":"https:\/\/districos.standingout.be\/fr\/","name":"Districos Webshop","description":"","publisher":{"@id":"https:\/\/districos.standingout.be\/fr\/#organization"},"potentialAction":[{"@type":"SearchAction","target":{"@type":"EntryPoint","urlTemplate":"https:\/\/districos.standingout.be\/fr\/?s={search_term_string}"},"query-input":{"@type":"PropertyValueSpecification","valueRequired":true,"valueName":"search_term_string"}}],"inLanguage":"fr-FR"},{"@type":"Organization","@id":"https:\/\/districos.standingout.be\/fr\/#organization","name":"Districos Webshop","url":"https:\/\/districos.standingout.be\/fr\/","logo":{"@type":"ImageObject","inLanguage":"fr-FR","@id":"https:\/\/districos.standingout.be\/fr\/#\/schema\/logo\/image\/","url":"https:\/\/districos.standingout.be\/wp-content\/uploads\/2022\/09\/Districos_Logo_Webshop.svg","contentUrl":"https:\/\/districos.standingout.be\/wp-content\/uploads\/2022\/09\/Districos_Logo_Webshop.svg","caption":"Districos Webshop"},"image":{"@id":"https:\/\/districos.standingout.be\/fr\/#\/schema\/logo\/image\/"}}]}},"_links":{"self":[{"href":"https:\/\/districos.standingout.be\/fr\/wp-json\/wp\/v2\/product\/136477","targetHints":{"allow":["GET"]}}],"collection":[{"href":"https:\/\/districos.standingout.be\/fr\/wp-json\/wp\/v2\/product"}],"about":[{"href":"https:\/\/districos.standingout.be\/fr\/wp-json\/wp\/v2\/types\/product"}],"replies":[{"embeddable":true,"href":"https:\/\/districos.standingout.be\/fr\/wp-json\/wp\/v2\/comments?post=136477"}],"wp:featuredmedia":[{"embeddable":true,"href":"https:\/\/districos.standingout.be\/fr\/wp-json\/wp\/v2\/media\/146914"}],"wp:attachment":[{"href":"https:\/\/districos.standingout.be\/fr\/wp-json\/wp\/v2\/media?parent=136477"}],"wp:term":[{"taxonomy":"product_brand","embeddable":true,"href":"https:\/\/districos.standingout.be\/fr\/wp-json\/wp\/v2\/product_brand?post=136477"},{"taxonomy":"product_cat","embeddable":true,"href":"https:\/\/districos.standingout.be\/fr\/wp-json\/wp\/v2\/product_cat?post=136477"},{"taxonomy":"product_tag","embeddable":true,"href":"https:\/\/districos.standingout.be\/fr\/wp-json\/wp\/v2\/product_tag?post=136477"}],"curies":[{"name":"wp","href":"https:\/\/api.w.org\/{rel}","templated":true}]}}