{"id":136497,"date":"2026-04-28T09:06:17","date_gmt":"2026-04-28T07:06:17","guid":{"rendered":"https:\/\/webshopdistricoscom.webhosting.be\/product\/presentoir-thuya-vegan-creme-regeneratrice-8-x-15-ml-ref-7010-021d\/"},"modified":"2026-04-28T09:06:21","modified_gmt":"2026-04-28T07:06:21","slug":"presentoir-thuya-vegan-creme-regeneratrice-8-x-15-ml-ref-7010-021d","status":"publish","type":"product","link":"https:\/\/districos.standingout.be\/fr\/product\/presentoir-thuya-vegan-creme-regeneratrice-8-x-15-ml-ref-7010-021d\/","title":{"rendered":"Pr\u00e9sentoir Thuya Vegan Cr\u00e8me R\u00e9g\u00e9n\u00e9ratrice 8 x 15 ml"},"content":{"rendered":"<p >\n<\/p>\n<\/p>\n<\/p>\n<\/p>\n<p dir=\"ltr\"><b>BEAU PR\u00c9SENTOIR DE VENTE PRATIQUE AVEC 8 X CR\u00c8ME R\u00c9G\u00c9N\u00c9RATRICE V\u00c9GANE DE THUYA.<\/b><\/p>\n<p dir=\"ltr\">Cette nouvelle cr\u00e8me r\u00e9g\u00e9n\u00e9ratrice est 100% vegan et a \u00e9t\u00e9 enrichie avec le Eyelash Regenerating Complex (comolese r\u00e9g\u00e9n\u00e9rant pour les cils) qui renforce les cils et les sourcils tout en favorisant la r\u00e9g\u00e9n\u00e9ration de nouveaux cils. Cela rend les cils plus longs et plus volumineux pour un regard \u00e9blouissant.&nbsp;&nbsp;<\/p>\n<p dir=\"ltr\">De plus, la cr\u00e8me r\u00e9g\u00e9n\u00e9rante assure une meilleure fermeture des \u00e9cailles des cils de sorte que l&rsquo;effet d&rsquo;un traitement de cils ou de sourcils tienne plus longtemps. En plus, les poils seront nourris et r\u00e9cup\u00e9reront mieux apr\u00e8s le traitement.<\/p>\n<p dir=\"ltr\">\n<ul>\n<li>Nourrit, hydrate et prot\u00e8ge les poils.<\/li>\n<li>Stimule la formation de nouveaux cils.<\/li>\n<li>Il est fortement recommand\u00e9 d&rsquo;utiliser cette cr\u00e8me quotidiennement apr\u00e8s une permanente ou un lifting des cils, un Brow Lamination ou une coloration.<\/li>\n<li>Produit de vente id\u00e9al. Encouragez vos clients \u00e0 l&rsquo;utiliser chez eux pour des cils extra longs et volumineux.<\/li>\n<\/ul>\n<div><b>Substances actives<\/b><\/div>\n<div>\n<ul>\n<li>L&rsquo;huile de ricin: hydrate et nourrit les cils.<\/li>\n<li>L&rsquo;huile d&rsquo;argan, \u00e9galement connue sous le nom d&rsquo;or liquide, hydrate, nourrit et r\u00e9pare les cils et sourcils. Am\u00e9liore l&rsquo;\u00e9lasticit\u00e9 et la flexibilit\u00e9.<\/li>\n<li>Complexe r\u00e9g\u00e9n\u00e9rante pour les cils: cette combinaison d&rsquo;huiles v\u00e9g\u00e9tales naturelles renforce, allonge et r\u00e9g\u00e9n\u00e8re les cils.<\/li>\n<li>OMEGA+: hydrate et donne aux poils une brillance suppl\u00e9mentaire.<\/li>\n<li>Acide gallique: antioxydant aux propri\u00e9t\u00e9s anti-inflammatoires.<\/li>\n<\/ul>\n<\/div>\n<div><b>Mode d&#8217;emploi<\/b><\/div>\n<p dir=\"ltr\">\n<\/p>\n<div>\n<ul>\n<li>R\u00e9chauffez l\u00e9g\u00e8rement la cr\u00e8me entre vos doigts avant de l&rsquo;appliquer.<\/li>\n<li>Appliquez du bout des doigts ou \u00e0 l&rsquo;aide d&rsquo;une brosse \u00e0 mascara de la racine \u00e0 la pointe des poils.<\/li>\n<li><b>ATTENTION&nbsp;<\/b>: ne pas utiliser sur les extensions de cils !<\/li>\n<li><b>ATTENTION&nbsp;<\/b>: la Cr\u00e8me R\u00e9g\u00e9n\u00e9ratrice et le Lash Filler Botox (<a href=\"https:\/\/webshop.districos.com\/ProductDetail\/7010.03\" target=\"_blank\" rel=\"noopener noreferrer nofollow\">r\u00e9f. 7010.03<\/a>) ne peuvent pas \u00eatre utilis\u00e9s le m\u00eame jour !<\/li>\n<\/ul>\n<div><b>Contenu :<\/b><\/div>\n<\/div>\n<div>\n<ul>\n<li>8 x&nbsp;Thuya Vegan Cr\u00e8me R\u00e9g\u00e9n\u00e9ratrice 15 ml<\/li>\n<\/ul>\n<\/div>\n","protected":false},"excerpt":{"rendered":"<p>BEAU PR\u00c9SENTOIR DE VENTE PRATIQUE AVEC 8 X CR\u00c8ME R\u00c9G\u00c9N\u00c9RATRICE V\u00c9GANE DE THUYA. Cette nouvelle cr\u00e8me r\u00e9g\u00e9n\u00e9ratrice est 100% vegan et a \u00e9t\u00e9 enrichie avec le Eyelash Regenerating Complex (comolese r\u00e9g\u00e9n\u00e9rant pour les cils) qui renforce les cils et les sourcils tout en favorisant la r\u00e9g\u00e9n\u00e9ration de nouveaux cils. Cela rend les cils plus longs [&hellip;]<\/p>\n","protected":false},"featured_media":146926,"comment_status":"open","ping_status":"closed","template":"","meta":{"_acf_changed":false},"product_brand":[10584],"product_cat":[9976],"product_tag":[],"class_list":{"0":"post-136497","1":"product","2":"type-product","3":"status-publish","4":"has-post-thumbnail","6":"product_brand-thuya-fr","7":"product_cat-beaute-cils-sourcils-lifting-des-cils","9":"first","10":"instock","11":"taxable","12":"shipping-taxable","13":"product-type-simple"},"acf":[],"yoast_head":"<!-- This site is optimized with the Yoast SEO plugin v27.3 - https:\/\/yoast.com\/product\/yoast-seo-wordpress\/ -->\n<title>Pr\u00e9sentoir Thuya Vegan Cr\u00e8me R\u00e9g\u00e9n\u00e9ratrice 8 x 15 ml - Districos Webshop<\/title>\n<meta name=\"robots\" content=\"noindex, follow, max-snippet:-1, max-image-preview:large, max-video-preview:-1\" \/>\n<meta property=\"og:locale\" content=\"fr_FR\" \/>\n<meta property=\"og:type\" content=\"article\" \/>\n<meta property=\"og:title\" content=\"Pr\u00e9sentoir Thuya Vegan Cr\u00e8me R\u00e9g\u00e9n\u00e9ratrice 8 x 15 ml - Districos Webshop\" \/>\n<meta property=\"og:description\" content=\"BEAU PR\u00c9SENTOIR DE VENTE PRATIQUE AVEC 8 X CR\u00c8ME R\u00c9G\u00c9N\u00c9RATRICE V\u00c9GANE DE THUYA. Cette nouvelle cr\u00e8me r\u00e9g\u00e9n\u00e9ratrice est 100% vegan et a \u00e9t\u00e9 enrichie avec le Eyelash Regenerating Complex (comolese r\u00e9g\u00e9n\u00e9rant pour les cils) qui renforce les cils et les sourcils tout en favorisant la r\u00e9g\u00e9n\u00e9ration de nouveaux cils. Cela rend les cils plus longs [&hellip;]\" \/>\n<meta property=\"og:url\" content=\"https:\/\/districos.standingout.be\/fr\/product\/presentoir-thuya-vegan-creme-regeneratrice-8-x-15-ml-ref-7010-021d\/\" \/>\n<meta property=\"og:site_name\" content=\"Districos Webshop\" \/>\n<meta property=\"article:modified_time\" content=\"2026-04-28T07:06:21+00:00\" \/>\n<meta name=\"twitter:card\" content=\"summary_large_image\" \/>\n<meta name=\"twitter:label1\" content=\"Dur\u00e9e de lecture estim\u00e9e\" \/>\n\t<meta name=\"twitter:data1\" content=\"2 minutes\" \/>\n<script type=\"application\/ld+json\" class=\"yoast-schema-graph\">{\"@context\":\"https:\\\/\\\/schema.org\",\"@graph\":[{\"@type\":\"WebPage\",\"@id\":\"https:\\\/\\\/districos.standingout.be\\\/fr\\\/product\\\/presentoir-thuya-vegan-creme-regeneratrice-8-x-15-ml-ref-7010-021d\\\/\",\"url\":\"https:\\\/\\\/districos.standingout.be\\\/fr\\\/product\\\/presentoir-thuya-vegan-creme-regeneratrice-8-x-15-ml-ref-7010-021d\\\/\",\"name\":\"Pr\u00e9sentoir Thuya Vegan Cr\u00e8me R\u00e9g\u00e9n\u00e9ratrice 8 x 15 ml - Districos Webshop\",\"isPartOf\":{\"@id\":\"https:\\\/\\\/districos.standingout.be\\\/fr\\\/#website\"},\"primaryImageOfPage\":{\"@id\":\"https:\\\/\\\/districos.standingout.be\\\/fr\\\/product\\\/presentoir-thuya-vegan-creme-regeneratrice-8-x-15-ml-ref-7010-021d\\\/#primaryimage\"},\"image\":{\"@id\":\"https:\\\/\\\/districos.standingout.be\\\/fr\\\/product\\\/presentoir-thuya-vegan-creme-regeneratrice-8-x-15-ml-ref-7010-021d\\\/#primaryimage\"},\"thumbnailUrl\":\"https:\\\/\\\/districos.standingout.be\\\/wp-content\\\/uploads\\\/2026\\\/04\\\/7010.021D@Display-Thuya-Vegan-Regenererende-Creme-8-x15-ml_1-1.png\",\"datePublished\":\"2026-04-28T07:06:17+00:00\",\"dateModified\":\"2026-04-28T07:06:21+00:00\",\"breadcrumb\":{\"@id\":\"https:\\\/\\\/districos.standingout.be\\\/fr\\\/product\\\/presentoir-thuya-vegan-creme-regeneratrice-8-x-15-ml-ref-7010-021d\\\/#breadcrumb\"},\"inLanguage\":\"fr-FR\",\"potentialAction\":[{\"@type\":\"ReadAction\",\"target\":[\"https:\\\/\\\/districos.standingout.be\\\/fr\\\/product\\\/presentoir-thuya-vegan-creme-regeneratrice-8-x-15-ml-ref-7010-021d\\\/\"]}]},{\"@type\":\"ImageObject\",\"inLanguage\":\"fr-FR\",\"@id\":\"https:\\\/\\\/districos.standingout.be\\\/fr\\\/product\\\/presentoir-thuya-vegan-creme-regeneratrice-8-x-15-ml-ref-7010-021d\\\/#primaryimage\",\"url\":\"https:\\\/\\\/districos.standingout.be\\\/wp-content\\\/uploads\\\/2026\\\/04\\\/7010.021D@Display-Thuya-Vegan-Regenererende-Creme-8-x15-ml_1-1.png\",\"contentUrl\":\"https:\\\/\\\/districos.standingout.be\\\/wp-content\\\/uploads\\\/2026\\\/04\\\/7010.021D@Display-Thuya-Vegan-Regenererende-Creme-8-x15-ml_1-1.png\",\"width\":600,\"height\":600},{\"@type\":\"BreadcrumbList\",\"@id\":\"https:\\\/\\\/districos.standingout.be\\\/fr\\\/product\\\/presentoir-thuya-vegan-creme-regeneratrice-8-x-15-ml-ref-7010-021d\\\/#breadcrumb\",\"itemListElement\":[{\"@type\":\"ListItem\",\"position\":1,\"name\":\"Home\",\"item\":\"https:\\\/\\\/districos.standingout.be\\\/fr\\\/bienvenue-chez-districos\\\/\"},{\"@type\":\"ListItem\",\"position\":2,\"name\":\"Boutique\",\"item\":\"https:\\\/\\\/districos.standingout.be\\\/fr\\\/boutique\\\/\"},{\"@type\":\"ListItem\",\"position\":3,\"name\":\"Pr\u00e9sentoir Thuya Vegan Cr\u00e8me R\u00e9g\u00e9n\u00e9ratrice 8 x 15 ml\"}]},{\"@type\":\"WebSite\",\"@id\":\"https:\\\/\\\/districos.standingout.be\\\/fr\\\/#website\",\"url\":\"https:\\\/\\\/districos.standingout.be\\\/fr\\\/\",\"name\":\"Districos Webshop\",\"description\":\"\",\"publisher\":{\"@id\":\"https:\\\/\\\/districos.standingout.be\\\/fr\\\/#organization\"},\"potentialAction\":[{\"@type\":\"SearchAction\",\"target\":{\"@type\":\"EntryPoint\",\"urlTemplate\":\"https:\\\/\\\/districos.standingout.be\\\/fr\\\/?s={search_term_string}\"},\"query-input\":{\"@type\":\"PropertyValueSpecification\",\"valueRequired\":true,\"valueName\":\"search_term_string\"}}],\"inLanguage\":\"fr-FR\"},{\"@type\":\"Organization\",\"@id\":\"https:\\\/\\\/districos.standingout.be\\\/fr\\\/#organization\",\"name\":\"Districos Webshop\",\"url\":\"https:\\\/\\\/districos.standingout.be\\\/fr\\\/\",\"logo\":{\"@type\":\"ImageObject\",\"inLanguage\":\"fr-FR\",\"@id\":\"https:\\\/\\\/districos.standingout.be\\\/fr\\\/#\\\/schema\\\/logo\\\/image\\\/\",\"url\":\"https:\\\/\\\/districos.standingout.be\\\/wp-content\\\/uploads\\\/2022\\\/09\\\/Districos_Logo_Webshop.svg\",\"contentUrl\":\"https:\\\/\\\/districos.standingout.be\\\/wp-content\\\/uploads\\\/2022\\\/09\\\/Districos_Logo_Webshop.svg\",\"caption\":\"Districos Webshop\"},\"image\":{\"@id\":\"https:\\\/\\\/districos.standingout.be\\\/fr\\\/#\\\/schema\\\/logo\\\/image\\\/\"}}]}<\/script>\n<!-- \/ Yoast SEO plugin. -->","yoast_head_json":{"title":"Pr\u00e9sentoir Thuya Vegan Cr\u00e8me R\u00e9g\u00e9n\u00e9ratrice 8 x 15 ml - Districos Webshop","robots":{"index":"noindex","follow":"follow","max-snippet":"max-snippet:-1","max-image-preview":"max-image-preview:large","max-video-preview":"max-video-preview:-1"},"og_locale":"fr_FR","og_type":"article","og_title":"Pr\u00e9sentoir Thuya Vegan Cr\u00e8me R\u00e9g\u00e9n\u00e9ratrice 8 x 15 ml - Districos Webshop","og_description":"BEAU PR\u00c9SENTOIR DE VENTE PRATIQUE AVEC 8 X CR\u00c8ME R\u00c9G\u00c9N\u00c9RATRICE V\u00c9GANE DE THUYA. Cette nouvelle cr\u00e8me r\u00e9g\u00e9n\u00e9ratrice est 100% vegan et a \u00e9t\u00e9 enrichie avec le Eyelash Regenerating Complex (comolese r\u00e9g\u00e9n\u00e9rant pour les cils) qui renforce les cils et les sourcils tout en favorisant la r\u00e9g\u00e9n\u00e9ration de nouveaux cils. Cela rend les cils plus longs [&hellip;]","og_url":"https:\/\/districos.standingout.be\/fr\/product\/presentoir-thuya-vegan-creme-regeneratrice-8-x-15-ml-ref-7010-021d\/","og_site_name":"Districos Webshop","article_modified_time":"2026-04-28T07:06:21+00:00","twitter_card":"summary_large_image","twitter_misc":{"Dur\u00e9e de lecture estim\u00e9e":"2 minutes"},"schema":{"@context":"https:\/\/schema.org","@graph":[{"@type":"WebPage","@id":"https:\/\/districos.standingout.be\/fr\/product\/presentoir-thuya-vegan-creme-regeneratrice-8-x-15-ml-ref-7010-021d\/","url":"https:\/\/districos.standingout.be\/fr\/product\/presentoir-thuya-vegan-creme-regeneratrice-8-x-15-ml-ref-7010-021d\/","name":"Pr\u00e9sentoir Thuya Vegan Cr\u00e8me R\u00e9g\u00e9n\u00e9ratrice 8 x 15 ml - Districos Webshop","isPartOf":{"@id":"https:\/\/districos.standingout.be\/fr\/#website"},"primaryImageOfPage":{"@id":"https:\/\/districos.standingout.be\/fr\/product\/presentoir-thuya-vegan-creme-regeneratrice-8-x-15-ml-ref-7010-021d\/#primaryimage"},"image":{"@id":"https:\/\/districos.standingout.be\/fr\/product\/presentoir-thuya-vegan-creme-regeneratrice-8-x-15-ml-ref-7010-021d\/#primaryimage"},"thumbnailUrl":"https:\/\/districos.standingout.be\/wp-content\/uploads\/2026\/04\/7010.021D@Display-Thuya-Vegan-Regenererende-Creme-8-x15-ml_1-1.png","datePublished":"2026-04-28T07:06:17+00:00","dateModified":"2026-04-28T07:06:21+00:00","breadcrumb":{"@id":"https:\/\/districos.standingout.be\/fr\/product\/presentoir-thuya-vegan-creme-regeneratrice-8-x-15-ml-ref-7010-021d\/#breadcrumb"},"inLanguage":"fr-FR","potentialAction":[{"@type":"ReadAction","target":["https:\/\/districos.standingout.be\/fr\/product\/presentoir-thuya-vegan-creme-regeneratrice-8-x-15-ml-ref-7010-021d\/"]}]},{"@type":"ImageObject","inLanguage":"fr-FR","@id":"https:\/\/districos.standingout.be\/fr\/product\/presentoir-thuya-vegan-creme-regeneratrice-8-x-15-ml-ref-7010-021d\/#primaryimage","url":"https:\/\/districos.standingout.be\/wp-content\/uploads\/2026\/04\/7010.021D@Display-Thuya-Vegan-Regenererende-Creme-8-x15-ml_1-1.png","contentUrl":"https:\/\/districos.standingout.be\/wp-content\/uploads\/2026\/04\/7010.021D@Display-Thuya-Vegan-Regenererende-Creme-8-x15-ml_1-1.png","width":600,"height":600},{"@type":"BreadcrumbList","@id":"https:\/\/districos.standingout.be\/fr\/product\/presentoir-thuya-vegan-creme-regeneratrice-8-x-15-ml-ref-7010-021d\/#breadcrumb","itemListElement":[{"@type":"ListItem","position":1,"name":"Home","item":"https:\/\/districos.standingout.be\/fr\/bienvenue-chez-districos\/"},{"@type":"ListItem","position":2,"name":"Boutique","item":"https:\/\/districos.standingout.be\/fr\/boutique\/"},{"@type":"ListItem","position":3,"name":"Pr\u00e9sentoir Thuya Vegan Cr\u00e8me R\u00e9g\u00e9n\u00e9ratrice 8 x 15 ml"}]},{"@type":"WebSite","@id":"https:\/\/districos.standingout.be\/fr\/#website","url":"https:\/\/districos.standingout.be\/fr\/","name":"Districos Webshop","description":"","publisher":{"@id":"https:\/\/districos.standingout.be\/fr\/#organization"},"potentialAction":[{"@type":"SearchAction","target":{"@type":"EntryPoint","urlTemplate":"https:\/\/districos.standingout.be\/fr\/?s={search_term_string}"},"query-input":{"@type":"PropertyValueSpecification","valueRequired":true,"valueName":"search_term_string"}}],"inLanguage":"fr-FR"},{"@type":"Organization","@id":"https:\/\/districos.standingout.be\/fr\/#organization","name":"Districos Webshop","url":"https:\/\/districos.standingout.be\/fr\/","logo":{"@type":"ImageObject","inLanguage":"fr-FR","@id":"https:\/\/districos.standingout.be\/fr\/#\/schema\/logo\/image\/","url":"https:\/\/districos.standingout.be\/wp-content\/uploads\/2022\/09\/Districos_Logo_Webshop.svg","contentUrl":"https:\/\/districos.standingout.be\/wp-content\/uploads\/2022\/09\/Districos_Logo_Webshop.svg","caption":"Districos Webshop"},"image":{"@id":"https:\/\/districos.standingout.be\/fr\/#\/schema\/logo\/image\/"}}]}},"_links":{"self":[{"href":"https:\/\/districos.standingout.be\/fr\/wp-json\/wp\/v2\/product\/136497","targetHints":{"allow":["GET"]}}],"collection":[{"href":"https:\/\/districos.standingout.be\/fr\/wp-json\/wp\/v2\/product"}],"about":[{"href":"https:\/\/districos.standingout.be\/fr\/wp-json\/wp\/v2\/types\/product"}],"replies":[{"embeddable":true,"href":"https:\/\/districos.standingout.be\/fr\/wp-json\/wp\/v2\/comments?post=136497"}],"wp:featuredmedia":[{"embeddable":true,"href":"https:\/\/districos.standingout.be\/fr\/wp-json\/wp\/v2\/media\/146926"}],"wp:attachment":[{"href":"https:\/\/districos.standingout.be\/fr\/wp-json\/wp\/v2\/media?parent=136497"}],"wp:term":[{"taxonomy":"product_brand","embeddable":true,"href":"https:\/\/districos.standingout.be\/fr\/wp-json\/wp\/v2\/product_brand?post=136497"},{"taxonomy":"product_cat","embeddable":true,"href":"https:\/\/districos.standingout.be\/fr\/wp-json\/wp\/v2\/product_cat?post=136497"},{"taxonomy":"product_tag","embeddable":true,"href":"https:\/\/districos.standingout.be\/fr\/wp-json\/wp\/v2\/product_tag?post=136497"}],"curies":[{"name":"wp","href":"https:\/\/api.w.org\/{rel}","templated":true}]}}