{"id":136499,"date":"2026-04-28T09:06:22","date_gmt":"2026-04-28T07:06:22","guid":{"rendered":"https:\/\/webshopdistricoscom.webhosting.be\/product\/thuya-lash-filler-botox-5-ml-ref-7010-03-2\/"},"modified":"2026-04-28T09:06:26","modified_gmt":"2026-04-28T07:06:26","slug":"thuya-lash-filler-botox-5-ml-ref-7010-03","status":"publish","type":"product","link":"https:\/\/districos.standingout.be\/fr\/product\/thuya-lash-filler-botox-5-ml-ref-7010-03\/","title":{"rendered":"Thuya Lash Filler Botox 5 ml"},"content":{"rendered":"<p >\n<\/p>\n<p><font face=\"Verdana\">Le Thuya Lash Filler Botox est un produit qui a \u00e9t\u00e9 sp\u00e9cialement d\u00e9velopp\u00e9 pour une r\u00e9g\u00e9n\u00e9ration totale des cils et\/ou sourcils. C\u2019est un traitement intensif qui rend les poils plus \u00e9pais et sains. De plus, il renforce visiblement l\u2019effet d\u2019un lifting et d\u2019une coloration des cils et\/ou sourcils. Il cr\u00e9e un v\u00e9ritable effet \u00ab waouh \u00bb !&nbsp;<\/font><\/p>\n<div>\n<ul>\n<li><font face=\"Verdana\">Id\u00e9al pour utiliser apr\u00e8s un lifting et une coloration des cils\/sourcils.&nbsp;<\/font><\/li>\n<li><font face=\"Verdana\">R\u00e9pare les cils\/sourcils et les rend soyeux et flexibles.&nbsp;<\/font><\/li>\n<li><font face=\"Verdana\">Assure des poils plus \u00e9pais et plus volumineux, rendant m\u00eame les poils les plus fragiles plus \u00e9pais et plus sains.&nbsp;<\/font><\/li>\n<li><font face=\"Verdana\">Restaure les liens prot\u00e9iques dans les poils qui ont \u00e9t\u00e9 rompus par le lifting.&nbsp;<\/font><\/li>\n<li><font face=\"Verdana\">L\u2019effet tient +\/- 2 semaines.&nbsp;<\/font><\/li>\n<li><font face=\"Verdana\">Emballage : flacon de 5 ml (pour jusqu\u2019\u00e0 50 traitements), 10 brosses \u00e0 mascara et 10 pinceaux applicateurs inclus (Conseil : pour une application facile, vous pouvez utiliser une micro-brosse (<a href=\"https:\/\/webshop.districos.com\/ProductDetail\/7035.21\"style=\"font-size: 13.3333px;\" target=\"_blank\" rel=\"noopener noreferrer nofollow\">r\u00e9f. 7035.21<\/a><span>)&nbsp;<\/span>au lieu d\u2019un pinceau applicateur).&nbsp;<\/font><\/li>\n<\/ul>\n<\/div>\n<div><font face=\"Verdana\"><b>Pour qui ?<\/b><\/font><\/div>\n<div>\n<ul>\n<li><font face=\"Verdana\">Tous ceux souhaitant un r\u00e9sultat plus remarquable du lifting et de la coloration des cils\/sourcils.&nbsp;<\/font><\/li>\n<li><font face=\"Verdana\">Les client(e)s ayant des poils tr\u00e8s fins et fragiles.&nbsp;<\/font><\/li>\n<li><font face=\"Verdana\">Les client(e)s souhaitant augmenter la croissance des poils.&nbsp;<\/font><\/li>\n<li><font face=\"Verdana\">Les client(e)s ayant des cils et\/ou sourcils endommag\u00e9s.&nbsp;<\/font><\/li>\n<\/ul>\n<\/div>\n<div><font face=\"Verdana\"><b>Substances actives&nbsp;<\/b><\/font><\/div>\n<div>\n<ul>\n<li><font face=\"Verdana\">La k\u00e9ratine et les acides amin\u00e9s am\u00e9liorent la qualit\u00e9 des poils et donnent plus de volume, d\u2019\u00e9lasticit\u00e9 et de brillance.&nbsp;<\/font><\/li>\n<li><font face=\"Verdana\">L\u2019acide hyaluronique hydrate et prot\u00e8ge les poils et favorise la pousse des poils.&nbsp;<\/font><\/li>\n<li><font face=\"Verdana\">L\u2019huile d\u2019olive hydrate et r\u00e9pare les poils fragiles et secs et pr\u00e9vient que les poils ne se cassent ou qu\u2019ils chutent.&nbsp;<\/font><\/li>\n<li><font face=\"Verdana\">L\u2019huile de tournesol hydrate et rend les poils plus doux.&nbsp;<\/font><\/li>\n<li><font face=\"Verdana\">L\u2019huile d\u2019\u00e9glantier restaure l\u2019\u00e9lasticit\u00e9 des poils, hydrate les poils et leur donne plus de brillance.&nbsp;<\/font><\/li>\n<li><font face=\"Verdana\">L\u2019huile de p\u00e9pins de raisin hydrate et r\u00e9pare la structure des poils.&nbsp;<\/font><\/li>\n<li><font face=\"Verdana\">L\u2019huile de ma\u00efs pr\u00e9vient la chute pr\u00e9coce des poils.&nbsp;<\/font><\/li>\n<\/ul>\n<\/div>\n<div><font face=\"Verdana\"><b>Mode d\u2019emploi&nbsp;<\/b><\/font><\/div>\n<div>\n<ul>\n<li><font face=\"Verdana\">Appliquez le Lash Filler Botox \u00e0 l\u2019aide d\u2019une micro-brosse (<a href=\"https:\/\/webshop.districos.com\/ProductDetail\/7035.21\" target=\"_blank\" rel=\"noopener noreferrer nofollow\">r\u00e9f. 7035.21<\/a>) ou de la brosse jointe apr\u00e8s un lifting ou une coloration des cils\/sourcils. ATTENTION : ne jamais appliquer le Lash Filler Botox avant le traitement.&nbsp;<\/font><\/li>\n<li><font face=\"Verdana\">R\u00e9partissez le produit uniform\u00e9ment sur les poils et peignez-les 1 fois avec une brosse \u00e0 mascara pour les modeler.&nbsp;<\/font><\/li>\n<li><font face=\"Verdana\">Laissez agir 15 minutes et enlevez ensuite l\u2019exc\u00e9dent de produit avec une brosse \u00e0 mascara.&nbsp;<\/font><\/li>\n<\/ul>\n<\/div>\n","protected":false},"excerpt":{"rendered":"<p>Le Thuya Lash Filler Botox est un produit qui a \u00e9t\u00e9 sp\u00e9cialement d\u00e9velopp\u00e9 pour une r\u00e9g\u00e9n\u00e9ration totale des cils et\/ou sourcils. C\u2019est un traitement intensif qui rend les poils plus \u00e9pais et sains. De plus, il renforce visiblement l\u2019effet d\u2019un lifting et d\u2019une coloration des cils et\/ou sourcils. Il cr\u00e9e un v\u00e9ritable effet \u00ab waouh [&hellip;]<\/p>\n","protected":false},"featured_media":76628,"comment_status":"open","ping_status":"closed","template":"","meta":{"_acf_changed":false},"product_brand":[10584],"product_cat":[9976],"product_tag":[],"class_list":{"0":"post-136499","1":"product","2":"type-product","3":"status-publish","4":"has-post-thumbnail","6":"product_brand-thuya-fr","7":"product_cat-beaute-cils-sourcils-lifting-des-cils","9":"first","10":"instock","11":"taxable","12":"shipping-taxable","13":"product-type-simple"},"acf":[],"yoast_head":"<!-- This site is optimized with the Yoast SEO plugin v27.3 - https:\/\/yoast.com\/product\/yoast-seo-wordpress\/ -->\n<title>Thuya Lash Filler Botox 5 ml - Districos Webshop<\/title>\n<meta name=\"robots\" content=\"noindex, follow, max-snippet:-1, max-image-preview:large, max-video-preview:-1\" \/>\n<meta property=\"og:locale\" content=\"fr_FR\" \/>\n<meta property=\"og:type\" content=\"article\" \/>\n<meta property=\"og:title\" content=\"Thuya Lash Filler Botox 5 ml - Districos Webshop\" \/>\n<meta property=\"og:description\" content=\"Le Thuya Lash Filler Botox est un produit qui a \u00e9t\u00e9 sp\u00e9cialement d\u00e9velopp\u00e9 pour une r\u00e9g\u00e9n\u00e9ration totale des cils et\/ou sourcils. C\u2019est un traitement intensif qui rend les poils plus \u00e9pais et sains. De plus, il renforce visiblement l\u2019effet d\u2019un lifting et d\u2019une coloration des cils et\/ou sourcils. Il cr\u00e9e un v\u00e9ritable effet \u00ab waouh [&hellip;]\" \/>\n<meta property=\"og:url\" content=\"https:\/\/districos.standingout.be\/fr\/product\/thuya-lash-filler-botox-5-ml-ref-7010-03\/\" \/>\n<meta property=\"og:site_name\" content=\"Districos Webshop\" \/>\n<meta property=\"article:modified_time\" content=\"2026-04-28T07:06:26+00:00\" \/>\n<meta name=\"twitter:card\" content=\"summary_large_image\" \/>\n<meta name=\"twitter:label1\" content=\"Dur\u00e9e de lecture estim\u00e9e\" \/>\n\t<meta name=\"twitter:data1\" content=\"2 minutes\" \/>\n<script type=\"application\/ld+json\" class=\"yoast-schema-graph\">{\"@context\":\"https:\\\/\\\/schema.org\",\"@graph\":[{\"@type\":\"WebPage\",\"@id\":\"https:\\\/\\\/districos.standingout.be\\\/fr\\\/product\\\/thuya-lash-filler-botox-5-ml-ref-7010-03\\\/\",\"url\":\"https:\\\/\\\/districos.standingout.be\\\/fr\\\/product\\\/thuya-lash-filler-botox-5-ml-ref-7010-03\\\/\",\"name\":\"Thuya Lash Filler Botox 5 ml - Districos Webshop\",\"isPartOf\":{\"@id\":\"https:\\\/\\\/districos.standingout.be\\\/fr\\\/#website\"},\"primaryImageOfPage\":{\"@id\":\"https:\\\/\\\/districos.standingout.be\\\/fr\\\/product\\\/thuya-lash-filler-botox-5-ml-ref-7010-03\\\/#primaryimage\"},\"image\":{\"@id\":\"https:\\\/\\\/districos.standingout.be\\\/fr\\\/product\\\/thuya-lash-filler-botox-5-ml-ref-7010-03\\\/#primaryimage\"},\"thumbnailUrl\":\"https:\\\/\\\/districos.standingout.be\\\/wp-content\\\/uploads\\\/2025\\\/07\\\/7010.03@LowRes_0.png\",\"datePublished\":\"2026-04-28T07:06:22+00:00\",\"dateModified\":\"2026-04-28T07:06:26+00:00\",\"breadcrumb\":{\"@id\":\"https:\\\/\\\/districos.standingout.be\\\/fr\\\/product\\\/thuya-lash-filler-botox-5-ml-ref-7010-03\\\/#breadcrumb\"},\"inLanguage\":\"fr-FR\",\"potentialAction\":[{\"@type\":\"ReadAction\",\"target\":[\"https:\\\/\\\/districos.standingout.be\\\/fr\\\/product\\\/thuya-lash-filler-botox-5-ml-ref-7010-03\\\/\"]}]},{\"@type\":\"ImageObject\",\"inLanguage\":\"fr-FR\",\"@id\":\"https:\\\/\\\/districos.standingout.be\\\/fr\\\/product\\\/thuya-lash-filler-botox-5-ml-ref-7010-03\\\/#primaryimage\",\"url\":\"https:\\\/\\\/districos.standingout.be\\\/wp-content\\\/uploads\\\/2025\\\/07\\\/7010.03@LowRes_0.png\",\"contentUrl\":\"https:\\\/\\\/districos.standingout.be\\\/wp-content\\\/uploads\\\/2025\\\/07\\\/7010.03@LowRes_0.png\",\"width\":600,\"height\":600},{\"@type\":\"BreadcrumbList\",\"@id\":\"https:\\\/\\\/districos.standingout.be\\\/fr\\\/product\\\/thuya-lash-filler-botox-5-ml-ref-7010-03\\\/#breadcrumb\",\"itemListElement\":[{\"@type\":\"ListItem\",\"position\":1,\"name\":\"Home\",\"item\":\"https:\\\/\\\/districos.standingout.be\\\/fr\\\/bienvenue-chez-districos\\\/\"},{\"@type\":\"ListItem\",\"position\":2,\"name\":\"Boutique\",\"item\":\"https:\\\/\\\/districos.standingout.be\\\/fr\\\/boutique\\\/\"},{\"@type\":\"ListItem\",\"position\":3,\"name\":\"Thuya Lash Filler Botox 5 ml\"}]},{\"@type\":\"WebSite\",\"@id\":\"https:\\\/\\\/districos.standingout.be\\\/fr\\\/#website\",\"url\":\"https:\\\/\\\/districos.standingout.be\\\/fr\\\/\",\"name\":\"Districos Webshop\",\"description\":\"\",\"publisher\":{\"@id\":\"https:\\\/\\\/districos.standingout.be\\\/fr\\\/#organization\"},\"potentialAction\":[{\"@type\":\"SearchAction\",\"target\":{\"@type\":\"EntryPoint\",\"urlTemplate\":\"https:\\\/\\\/districos.standingout.be\\\/fr\\\/?s={search_term_string}\"},\"query-input\":{\"@type\":\"PropertyValueSpecification\",\"valueRequired\":true,\"valueName\":\"search_term_string\"}}],\"inLanguage\":\"fr-FR\"},{\"@type\":\"Organization\",\"@id\":\"https:\\\/\\\/districos.standingout.be\\\/fr\\\/#organization\",\"name\":\"Districos Webshop\",\"url\":\"https:\\\/\\\/districos.standingout.be\\\/fr\\\/\",\"logo\":{\"@type\":\"ImageObject\",\"inLanguage\":\"fr-FR\",\"@id\":\"https:\\\/\\\/districos.standingout.be\\\/fr\\\/#\\\/schema\\\/logo\\\/image\\\/\",\"url\":\"https:\\\/\\\/districos.standingout.be\\\/wp-content\\\/uploads\\\/2022\\\/09\\\/Districos_Logo_Webshop.svg\",\"contentUrl\":\"https:\\\/\\\/districos.standingout.be\\\/wp-content\\\/uploads\\\/2022\\\/09\\\/Districos_Logo_Webshop.svg\",\"caption\":\"Districos Webshop\"},\"image\":{\"@id\":\"https:\\\/\\\/districos.standingout.be\\\/fr\\\/#\\\/schema\\\/logo\\\/image\\\/\"}}]}<\/script>\n<!-- \/ Yoast SEO plugin. -->","yoast_head_json":{"title":"Thuya Lash Filler Botox 5 ml - Districos Webshop","robots":{"index":"noindex","follow":"follow","max-snippet":"max-snippet:-1","max-image-preview":"max-image-preview:large","max-video-preview":"max-video-preview:-1"},"og_locale":"fr_FR","og_type":"article","og_title":"Thuya Lash Filler Botox 5 ml - Districos Webshop","og_description":"Le Thuya Lash Filler Botox est un produit qui a \u00e9t\u00e9 sp\u00e9cialement d\u00e9velopp\u00e9 pour une r\u00e9g\u00e9n\u00e9ration totale des cils et\/ou sourcils. C\u2019est un traitement intensif qui rend les poils plus \u00e9pais et sains. De plus, il renforce visiblement l\u2019effet d\u2019un lifting et d\u2019une coloration des cils et\/ou sourcils. Il cr\u00e9e un v\u00e9ritable effet \u00ab waouh [&hellip;]","og_url":"https:\/\/districos.standingout.be\/fr\/product\/thuya-lash-filler-botox-5-ml-ref-7010-03\/","og_site_name":"Districos Webshop","article_modified_time":"2026-04-28T07:06:26+00:00","twitter_card":"summary_large_image","twitter_misc":{"Dur\u00e9e de lecture estim\u00e9e":"2 minutes"},"schema":{"@context":"https:\/\/schema.org","@graph":[{"@type":"WebPage","@id":"https:\/\/districos.standingout.be\/fr\/product\/thuya-lash-filler-botox-5-ml-ref-7010-03\/","url":"https:\/\/districos.standingout.be\/fr\/product\/thuya-lash-filler-botox-5-ml-ref-7010-03\/","name":"Thuya Lash Filler Botox 5 ml - Districos Webshop","isPartOf":{"@id":"https:\/\/districos.standingout.be\/fr\/#website"},"primaryImageOfPage":{"@id":"https:\/\/districos.standingout.be\/fr\/product\/thuya-lash-filler-botox-5-ml-ref-7010-03\/#primaryimage"},"image":{"@id":"https:\/\/districos.standingout.be\/fr\/product\/thuya-lash-filler-botox-5-ml-ref-7010-03\/#primaryimage"},"thumbnailUrl":"https:\/\/districos.standingout.be\/wp-content\/uploads\/2025\/07\/7010.03@LowRes_0.png","datePublished":"2026-04-28T07:06:22+00:00","dateModified":"2026-04-28T07:06:26+00:00","breadcrumb":{"@id":"https:\/\/districos.standingout.be\/fr\/product\/thuya-lash-filler-botox-5-ml-ref-7010-03\/#breadcrumb"},"inLanguage":"fr-FR","potentialAction":[{"@type":"ReadAction","target":["https:\/\/districos.standingout.be\/fr\/product\/thuya-lash-filler-botox-5-ml-ref-7010-03\/"]}]},{"@type":"ImageObject","inLanguage":"fr-FR","@id":"https:\/\/districos.standingout.be\/fr\/product\/thuya-lash-filler-botox-5-ml-ref-7010-03\/#primaryimage","url":"https:\/\/districos.standingout.be\/wp-content\/uploads\/2025\/07\/7010.03@LowRes_0.png","contentUrl":"https:\/\/districos.standingout.be\/wp-content\/uploads\/2025\/07\/7010.03@LowRes_0.png","width":600,"height":600},{"@type":"BreadcrumbList","@id":"https:\/\/districos.standingout.be\/fr\/product\/thuya-lash-filler-botox-5-ml-ref-7010-03\/#breadcrumb","itemListElement":[{"@type":"ListItem","position":1,"name":"Home","item":"https:\/\/districos.standingout.be\/fr\/bienvenue-chez-districos\/"},{"@type":"ListItem","position":2,"name":"Boutique","item":"https:\/\/districos.standingout.be\/fr\/boutique\/"},{"@type":"ListItem","position":3,"name":"Thuya Lash Filler Botox 5 ml"}]},{"@type":"WebSite","@id":"https:\/\/districos.standingout.be\/fr\/#website","url":"https:\/\/districos.standingout.be\/fr\/","name":"Districos Webshop","description":"","publisher":{"@id":"https:\/\/districos.standingout.be\/fr\/#organization"},"potentialAction":[{"@type":"SearchAction","target":{"@type":"EntryPoint","urlTemplate":"https:\/\/districos.standingout.be\/fr\/?s={search_term_string}"},"query-input":{"@type":"PropertyValueSpecification","valueRequired":true,"valueName":"search_term_string"}}],"inLanguage":"fr-FR"},{"@type":"Organization","@id":"https:\/\/districos.standingout.be\/fr\/#organization","name":"Districos Webshop","url":"https:\/\/districos.standingout.be\/fr\/","logo":{"@type":"ImageObject","inLanguage":"fr-FR","@id":"https:\/\/districos.standingout.be\/fr\/#\/schema\/logo\/image\/","url":"https:\/\/districos.standingout.be\/wp-content\/uploads\/2022\/09\/Districos_Logo_Webshop.svg","contentUrl":"https:\/\/districos.standingout.be\/wp-content\/uploads\/2022\/09\/Districos_Logo_Webshop.svg","caption":"Districos Webshop"},"image":{"@id":"https:\/\/districos.standingout.be\/fr\/#\/schema\/logo\/image\/"}}]}},"_links":{"self":[{"href":"https:\/\/districos.standingout.be\/fr\/wp-json\/wp\/v2\/product\/136499","targetHints":{"allow":["GET"]}}],"collection":[{"href":"https:\/\/districos.standingout.be\/fr\/wp-json\/wp\/v2\/product"}],"about":[{"href":"https:\/\/districos.standingout.be\/fr\/wp-json\/wp\/v2\/types\/product"}],"replies":[{"embeddable":true,"href":"https:\/\/districos.standingout.be\/fr\/wp-json\/wp\/v2\/comments?post=136499"}],"wp:featuredmedia":[{"embeddable":true,"href":"https:\/\/districos.standingout.be\/fr\/wp-json\/wp\/v2\/media\/76628"}],"wp:attachment":[{"href":"https:\/\/districos.standingout.be\/fr\/wp-json\/wp\/v2\/media?parent=136499"}],"wp:term":[{"taxonomy":"product_brand","embeddable":true,"href":"https:\/\/districos.standingout.be\/fr\/wp-json\/wp\/v2\/product_brand?post=136499"},{"taxonomy":"product_cat","embeddable":true,"href":"https:\/\/districos.standingout.be\/fr\/wp-json\/wp\/v2\/product_cat?post=136499"},{"taxonomy":"product_tag","embeddable":true,"href":"https:\/\/districos.standingout.be\/fr\/wp-json\/wp\/v2\/product_tag?post=136499"}],"curies":[{"name":"wp","href":"https:\/\/api.w.org\/{rel}","templated":true}]}}