{"id":136501,"date":"2026-04-28T09:06:26","date_gmt":"2026-04-28T07:06:26","guid":{"rendered":"https:\/\/webshopdistricoscom.webhosting.be\/product\/thuya-color-shape-fixer-4-ml-ref-7010-04-2\/"},"modified":"2026-04-28T09:06:29","modified_gmt":"2026-04-28T07:06:29","slug":"thuya-color-shape-fixer-4-ml-ref-7010-04","status":"publish","type":"product","link":"https:\/\/districos.standingout.be\/fr\/product\/thuya-color-shape-fixer-4-ml-ref-7010-04\/","title":{"rendered":"Thuya Color &#038; Shape Fixer 4 ml"},"content":{"rendered":"<p >\n<\/p>\n<p>Le Thuya Color &amp; Shape Fixer est un s\u00e9rum qui fixe la forme et la couleur des sourcils. Gr\u00e2ce \u00e0 ce s\u00e9rum, vous pouvez d\u00e9finir quotidiennement la forme de sourcils souhait\u00e9e apr\u00e8s un Brow Lamination et une coloration des sourcils. De plus, il renforce les r\u00e9sultats du traitement afin que les sourcils restent beaux plus longtemps.<\/p>\n<p>Gr\u00e2ce \u00e0 ses principaux ingr\u00e9dients actifs, comme le jojoba, l&rsquo;aloe vera et le panth\u00e9nol, le s\u00e9rum prolonge le r\u00e9sultat de la coloration et apporte \u00e9galement hydratation et adoucissement.<\/p>\n<p><b>Substances actives:<\/b><\/p>\n<\/p>\n<ul>\n<li>Les esters de jojoba hydrolys\u00e9s prolongent la dur\u00e9e de conservation de la coloration des sourcils.<\/li>\n<li>Le PNP est une polym\u00e8re soluble qui fixe les poils.<\/li>\n<li>Le panth\u00e9nol prot\u00e8ge la peau et les poils gr\u00e2ce \u00e0 ses propri\u00e9t\u00e9s hydratantes et adoucissantes.<\/li>\n<li>L&rsquo;aloe vera soigne et traite les sourcils gr\u00e2ce \u00e0 ses propri\u00e9t\u00e9s adoucissantes et hydratantes.<\/li>\n<\/ul>\n","protected":false},"excerpt":{"rendered":"<p>Le Thuya Color &amp; Shape Fixer est un s\u00e9rum qui fixe la forme et la couleur des sourcils. Gr\u00e2ce \u00e0 ce s\u00e9rum, vous pouvez d\u00e9finir quotidiennement la forme de sourcils souhait\u00e9e apr\u00e8s un Brow Lamination et une coloration des sourcils. De plus, il renforce les r\u00e9sultats du traitement afin que les sourcils restent beaux plus [&hellip;]<\/p>\n","protected":false},"featured_media":109928,"comment_status":"open","ping_status":"closed","template":"","meta":{"_acf_changed":false},"product_brand":[10584],"product_cat":[9976],"product_tag":[],"class_list":{"0":"post-136501","1":"product","2":"type-product","3":"status-publish","4":"has-post-thumbnail","6":"product_brand-thuya-fr","7":"product_cat-beaute-cils-sourcils-lifting-des-cils","9":"first","10":"instock","11":"taxable","12":"shipping-taxable","13":"product-type-simple"},"acf":[],"yoast_head":"<!-- This site is optimized with the Yoast SEO plugin v27.3 - https:\/\/yoast.com\/product\/yoast-seo-wordpress\/ -->\n<title>Thuya Color &amp; Shape Fixer 4 ml - Districos Webshop<\/title>\n<meta name=\"robots\" content=\"noindex, follow, max-snippet:-1, max-image-preview:large, max-video-preview:-1\" \/>\n<meta property=\"og:locale\" content=\"fr_FR\" \/>\n<meta property=\"og:type\" content=\"article\" \/>\n<meta property=\"og:title\" content=\"Thuya Color &amp; Shape Fixer 4 ml - Districos Webshop\" \/>\n<meta property=\"og:description\" content=\"Le Thuya Color &amp; Shape Fixer est un s\u00e9rum qui fixe la forme et la couleur des sourcils. Gr\u00e2ce \u00e0 ce s\u00e9rum, vous pouvez d\u00e9finir quotidiennement la forme de sourcils souhait\u00e9e apr\u00e8s un Brow Lamination et une coloration des sourcils. De plus, il renforce les r\u00e9sultats du traitement afin que les sourcils restent beaux plus [&hellip;]\" \/>\n<meta property=\"og:url\" content=\"https:\/\/districos.standingout.be\/fr\/product\/thuya-color-shape-fixer-4-ml-ref-7010-04\/\" \/>\n<meta property=\"og:site_name\" content=\"Districos Webshop\" \/>\n<meta property=\"article:modified_time\" content=\"2026-04-28T07:06:29+00:00\" \/>\n<meta name=\"twitter:card\" content=\"summary_large_image\" \/>\n<meta name=\"twitter:label1\" content=\"Dur\u00e9e de lecture estim\u00e9e\" \/>\n\t<meta name=\"twitter:data1\" content=\"1 minute\" \/>\n<script type=\"application\/ld+json\" class=\"yoast-schema-graph\">{\"@context\":\"https:\\\/\\\/schema.org\",\"@graph\":[{\"@type\":\"WebPage\",\"@id\":\"https:\\\/\\\/districos.standingout.be\\\/fr\\\/product\\\/thuya-color-shape-fixer-4-ml-ref-7010-04\\\/\",\"url\":\"https:\\\/\\\/districos.standingout.be\\\/fr\\\/product\\\/thuya-color-shape-fixer-4-ml-ref-7010-04\\\/\",\"name\":\"Thuya Color & Shape Fixer 4 ml - Districos Webshop\",\"isPartOf\":{\"@id\":\"https:\\\/\\\/districos.standingout.be\\\/fr\\\/#website\"},\"primaryImageOfPage\":{\"@id\":\"https:\\\/\\\/districos.standingout.be\\\/fr\\\/product\\\/thuya-color-shape-fixer-4-ml-ref-7010-04\\\/#primaryimage\"},\"image\":{\"@id\":\"https:\\\/\\\/districos.standingout.be\\\/fr\\\/product\\\/thuya-color-shape-fixer-4-ml-ref-7010-04\\\/#primaryimage\"},\"thumbnailUrl\":\"https:\\\/\\\/districos.standingout.be\\\/wp-content\\\/uploads\\\/2026\\\/03\\\/7010.04@LowRes_1_0.png\",\"datePublished\":\"2026-04-28T07:06:26+00:00\",\"dateModified\":\"2026-04-28T07:06:29+00:00\",\"breadcrumb\":{\"@id\":\"https:\\\/\\\/districos.standingout.be\\\/fr\\\/product\\\/thuya-color-shape-fixer-4-ml-ref-7010-04\\\/#breadcrumb\"},\"inLanguage\":\"fr-FR\",\"potentialAction\":[{\"@type\":\"ReadAction\",\"target\":[\"https:\\\/\\\/districos.standingout.be\\\/fr\\\/product\\\/thuya-color-shape-fixer-4-ml-ref-7010-04\\\/\"]}]},{\"@type\":\"ImageObject\",\"inLanguage\":\"fr-FR\",\"@id\":\"https:\\\/\\\/districos.standingout.be\\\/fr\\\/product\\\/thuya-color-shape-fixer-4-ml-ref-7010-04\\\/#primaryimage\",\"url\":\"https:\\\/\\\/districos.standingout.be\\\/wp-content\\\/uploads\\\/2026\\\/03\\\/7010.04@LowRes_1_0.png\",\"contentUrl\":\"https:\\\/\\\/districos.standingout.be\\\/wp-content\\\/uploads\\\/2026\\\/03\\\/7010.04@LowRes_1_0.png\",\"width\":600,\"height\":600},{\"@type\":\"BreadcrumbList\",\"@id\":\"https:\\\/\\\/districos.standingout.be\\\/fr\\\/product\\\/thuya-color-shape-fixer-4-ml-ref-7010-04\\\/#breadcrumb\",\"itemListElement\":[{\"@type\":\"ListItem\",\"position\":1,\"name\":\"Home\",\"item\":\"https:\\\/\\\/districos.standingout.be\\\/fr\\\/bienvenue-chez-districos\\\/\"},{\"@type\":\"ListItem\",\"position\":2,\"name\":\"Boutique\",\"item\":\"https:\\\/\\\/districos.standingout.be\\\/fr\\\/boutique\\\/\"},{\"@type\":\"ListItem\",\"position\":3,\"name\":\"Thuya Color &#038; Shape Fixer 4 ml\"}]},{\"@type\":\"WebSite\",\"@id\":\"https:\\\/\\\/districos.standingout.be\\\/fr\\\/#website\",\"url\":\"https:\\\/\\\/districos.standingout.be\\\/fr\\\/\",\"name\":\"Districos Webshop\",\"description\":\"\",\"publisher\":{\"@id\":\"https:\\\/\\\/districos.standingout.be\\\/fr\\\/#organization\"},\"potentialAction\":[{\"@type\":\"SearchAction\",\"target\":{\"@type\":\"EntryPoint\",\"urlTemplate\":\"https:\\\/\\\/districos.standingout.be\\\/fr\\\/?s={search_term_string}\"},\"query-input\":{\"@type\":\"PropertyValueSpecification\",\"valueRequired\":true,\"valueName\":\"search_term_string\"}}],\"inLanguage\":\"fr-FR\"},{\"@type\":\"Organization\",\"@id\":\"https:\\\/\\\/districos.standingout.be\\\/fr\\\/#organization\",\"name\":\"Districos Webshop\",\"url\":\"https:\\\/\\\/districos.standingout.be\\\/fr\\\/\",\"logo\":{\"@type\":\"ImageObject\",\"inLanguage\":\"fr-FR\",\"@id\":\"https:\\\/\\\/districos.standingout.be\\\/fr\\\/#\\\/schema\\\/logo\\\/image\\\/\",\"url\":\"https:\\\/\\\/districos.standingout.be\\\/wp-content\\\/uploads\\\/2022\\\/09\\\/Districos_Logo_Webshop.svg\",\"contentUrl\":\"https:\\\/\\\/districos.standingout.be\\\/wp-content\\\/uploads\\\/2022\\\/09\\\/Districos_Logo_Webshop.svg\",\"caption\":\"Districos Webshop\"},\"image\":{\"@id\":\"https:\\\/\\\/districos.standingout.be\\\/fr\\\/#\\\/schema\\\/logo\\\/image\\\/\"}}]}<\/script>\n<!-- \/ Yoast SEO plugin. -->","yoast_head_json":{"title":"Thuya Color & Shape Fixer 4 ml - Districos Webshop","robots":{"index":"noindex","follow":"follow","max-snippet":"max-snippet:-1","max-image-preview":"max-image-preview:large","max-video-preview":"max-video-preview:-1"},"og_locale":"fr_FR","og_type":"article","og_title":"Thuya Color & Shape Fixer 4 ml - Districos Webshop","og_description":"Le Thuya Color &amp; Shape Fixer est un s\u00e9rum qui fixe la forme et la couleur des sourcils. Gr\u00e2ce \u00e0 ce s\u00e9rum, vous pouvez d\u00e9finir quotidiennement la forme de sourcils souhait\u00e9e apr\u00e8s un Brow Lamination et une coloration des sourcils. De plus, il renforce les r\u00e9sultats du traitement afin que les sourcils restent beaux plus [&hellip;]","og_url":"https:\/\/districos.standingout.be\/fr\/product\/thuya-color-shape-fixer-4-ml-ref-7010-04\/","og_site_name":"Districos Webshop","article_modified_time":"2026-04-28T07:06:29+00:00","twitter_card":"summary_large_image","twitter_misc":{"Dur\u00e9e de lecture estim\u00e9e":"1 minute"},"schema":{"@context":"https:\/\/schema.org","@graph":[{"@type":"WebPage","@id":"https:\/\/districos.standingout.be\/fr\/product\/thuya-color-shape-fixer-4-ml-ref-7010-04\/","url":"https:\/\/districos.standingout.be\/fr\/product\/thuya-color-shape-fixer-4-ml-ref-7010-04\/","name":"Thuya Color & Shape Fixer 4 ml - Districos Webshop","isPartOf":{"@id":"https:\/\/districos.standingout.be\/fr\/#website"},"primaryImageOfPage":{"@id":"https:\/\/districos.standingout.be\/fr\/product\/thuya-color-shape-fixer-4-ml-ref-7010-04\/#primaryimage"},"image":{"@id":"https:\/\/districos.standingout.be\/fr\/product\/thuya-color-shape-fixer-4-ml-ref-7010-04\/#primaryimage"},"thumbnailUrl":"https:\/\/districos.standingout.be\/wp-content\/uploads\/2026\/03\/7010.04@LowRes_1_0.png","datePublished":"2026-04-28T07:06:26+00:00","dateModified":"2026-04-28T07:06:29+00:00","breadcrumb":{"@id":"https:\/\/districos.standingout.be\/fr\/product\/thuya-color-shape-fixer-4-ml-ref-7010-04\/#breadcrumb"},"inLanguage":"fr-FR","potentialAction":[{"@type":"ReadAction","target":["https:\/\/districos.standingout.be\/fr\/product\/thuya-color-shape-fixer-4-ml-ref-7010-04\/"]}]},{"@type":"ImageObject","inLanguage":"fr-FR","@id":"https:\/\/districos.standingout.be\/fr\/product\/thuya-color-shape-fixer-4-ml-ref-7010-04\/#primaryimage","url":"https:\/\/districos.standingout.be\/wp-content\/uploads\/2026\/03\/7010.04@LowRes_1_0.png","contentUrl":"https:\/\/districos.standingout.be\/wp-content\/uploads\/2026\/03\/7010.04@LowRes_1_0.png","width":600,"height":600},{"@type":"BreadcrumbList","@id":"https:\/\/districos.standingout.be\/fr\/product\/thuya-color-shape-fixer-4-ml-ref-7010-04\/#breadcrumb","itemListElement":[{"@type":"ListItem","position":1,"name":"Home","item":"https:\/\/districos.standingout.be\/fr\/bienvenue-chez-districos\/"},{"@type":"ListItem","position":2,"name":"Boutique","item":"https:\/\/districos.standingout.be\/fr\/boutique\/"},{"@type":"ListItem","position":3,"name":"Thuya Color &#038; Shape Fixer 4 ml"}]},{"@type":"WebSite","@id":"https:\/\/districos.standingout.be\/fr\/#website","url":"https:\/\/districos.standingout.be\/fr\/","name":"Districos Webshop","description":"","publisher":{"@id":"https:\/\/districos.standingout.be\/fr\/#organization"},"potentialAction":[{"@type":"SearchAction","target":{"@type":"EntryPoint","urlTemplate":"https:\/\/districos.standingout.be\/fr\/?s={search_term_string}"},"query-input":{"@type":"PropertyValueSpecification","valueRequired":true,"valueName":"search_term_string"}}],"inLanguage":"fr-FR"},{"@type":"Organization","@id":"https:\/\/districos.standingout.be\/fr\/#organization","name":"Districos Webshop","url":"https:\/\/districos.standingout.be\/fr\/","logo":{"@type":"ImageObject","inLanguage":"fr-FR","@id":"https:\/\/districos.standingout.be\/fr\/#\/schema\/logo\/image\/","url":"https:\/\/districos.standingout.be\/wp-content\/uploads\/2022\/09\/Districos_Logo_Webshop.svg","contentUrl":"https:\/\/districos.standingout.be\/wp-content\/uploads\/2022\/09\/Districos_Logo_Webshop.svg","caption":"Districos Webshop"},"image":{"@id":"https:\/\/districos.standingout.be\/fr\/#\/schema\/logo\/image\/"}}]}},"_links":{"self":[{"href":"https:\/\/districos.standingout.be\/fr\/wp-json\/wp\/v2\/product\/136501","targetHints":{"allow":["GET"]}}],"collection":[{"href":"https:\/\/districos.standingout.be\/fr\/wp-json\/wp\/v2\/product"}],"about":[{"href":"https:\/\/districos.standingout.be\/fr\/wp-json\/wp\/v2\/types\/product"}],"replies":[{"embeddable":true,"href":"https:\/\/districos.standingout.be\/fr\/wp-json\/wp\/v2\/comments?post=136501"}],"wp:featuredmedia":[{"embeddable":true,"href":"https:\/\/districos.standingout.be\/fr\/wp-json\/wp\/v2\/media\/109928"}],"wp:attachment":[{"href":"https:\/\/districos.standingout.be\/fr\/wp-json\/wp\/v2\/media?parent=136501"}],"wp:term":[{"taxonomy":"product_brand","embeddable":true,"href":"https:\/\/districos.standingout.be\/fr\/wp-json\/wp\/v2\/product_brand?post=136501"},{"taxonomy":"product_cat","embeddable":true,"href":"https:\/\/districos.standingout.be\/fr\/wp-json\/wp\/v2\/product_cat?post=136501"},{"taxonomy":"product_tag","embeddable":true,"href":"https:\/\/districos.standingout.be\/fr\/wp-json\/wp\/v2\/product_tag?post=136501"}],"curies":[{"name":"wp","href":"https:\/\/api.w.org\/{rel}","templated":true}]}}