{"id":136517,"date":"2026-04-28T09:06:54","date_gmt":"2026-04-28T07:06:54","guid":{"rendered":"https:\/\/webshopdistricoscom.webhosting.be\/product\/presentoir-thuya-brow-intensifier-3x3-x-4-ml-3-testeurs-ref-7019-10\/"},"modified":"2026-04-28T09:06:57","modified_gmt":"2026-04-28T07:06:57","slug":"presentoir-thuya-brow-intensifier-3x3-x-4-ml-3-testeurs-ref-7019-10","status":"publish","type":"product","link":"https:\/\/districos.standingout.be\/fr\/product\/presentoir-thuya-brow-intensifier-3x3-x-4-ml-3-testeurs-ref-7019-10\/","title":{"rendered":"Pr\u00e9sentoir Thuya Brow Intensifier (3&#215;3) x 4 ml + 3 Testeurs"},"content":{"rendered":"<p >\n<\/p>\n<\/p>\n<p dir=\"ltr\">\n<p><b>Thuya Brow Intensifier<\/b><font face=\"Verdana\"><br \/><\/font><\/p>\n<ul>\n<li>Apporte de la structure et de la d\u00e9finition aux sourcils. Stimule la croissance des sourcils et donne plus de volume ! Coiffe, remplit et forme rapidement et efficacement.<\/li>\n<li>Contient du Curcuma Longa : un ingr\u00e9dient actif aux propri\u00e9t\u00e9s r\u00e9paratrices.<\/li>\n<li> Pr\u00e9vient la chute des poils et stimule la croissance.<\/li>\n<li> Facile \u00e0 appliquer avec la brosse \u00e0 mascara dans le sens de la pousse du poil, en commen\u00e7ant par l\u2019int\u00e9rieur du sourcil. R\u00e9p\u00e9tez l\u2019op\u00e9ration jusqu\u2019\u00e0 ce que l\u2019intensit\u00e9 de la couleur souhait\u00e9e soit atteinte.<\/li>\n<\/ul>\n<p dir=\"ltr\"> <b>CONTENU :<\/b><\/p>\n<ul>\n<li>3 x Brow Intensifier SOFT : brun clair, id\u00e9al pour les sourcils blonds.<\/li>\n<li>3 x Brow Intensifier MEDIUM : brun subtil, parfait pour les sourcils clairs.<\/li>\n<li>3 x Brow Intensifier DARK : brun fonc\u00e9 intense pour les sourcils fonc\u00e9s.<\/li>\n<li>1 x Testeur de chaque couleur<\/li>\n<p> <\/ul><\/p>\n","protected":false},"excerpt":{"rendered":"<p>Thuya Brow Intensifier Apporte de la structure et de la d\u00e9finition aux sourcils. Stimule la croissance des sourcils et donne plus de volume ! Coiffe, remplit et forme rapidement et efficacement. Contient du Curcuma Longa : un ingr\u00e9dient actif aux propri\u00e9t\u00e9s r\u00e9paratrices. Pr\u00e9vient la chute des poils et stimule la croissance. Facile \u00e0 appliquer avec [&hellip;]<\/p>\n","protected":false},"featured_media":76661,"comment_status":"open","ping_status":"closed","template":"","meta":{"_acf_changed":false},"product_brand":[10584],"product_cat":[9882],"product_tag":[],"class_list":{"0":"post-136517","1":"product","2":"type-product","3":"status-publish","4":"has-post-thumbnail","6":"product_brand-thuya-fr","7":"product_cat-beaute-maquillage-yeux-sourcils","9":"first","10":"instock","11":"taxable","12":"shipping-taxable","13":"product-type-simple"},"acf":[],"yoast_head":"<!-- This site is optimized with the Yoast SEO plugin v27.3 - https:\/\/yoast.com\/product\/yoast-seo-wordpress\/ -->\n<title>Pr\u00e9sentoir Thuya Brow Intensifier (3x3) x 4 ml + 3 Testeurs - Districos Webshop<\/title>\n<meta name=\"robots\" content=\"noindex, follow, max-snippet:-1, max-image-preview:large, max-video-preview:-1\" \/>\n<meta property=\"og:locale\" content=\"fr_FR\" \/>\n<meta property=\"og:type\" content=\"article\" \/>\n<meta property=\"og:title\" content=\"Pr\u00e9sentoir Thuya Brow Intensifier (3x3) x 4 ml + 3 Testeurs - Districos Webshop\" \/>\n<meta property=\"og:description\" content=\"Thuya Brow Intensifier Apporte de la structure et de la d\u00e9finition aux sourcils. Stimule la croissance des sourcils et donne plus de volume ! Coiffe, remplit et forme rapidement et efficacement. Contient du Curcuma Longa : un ingr\u00e9dient actif aux propri\u00e9t\u00e9s r\u00e9paratrices. Pr\u00e9vient la chute des poils et stimule la croissance. Facile \u00e0 appliquer avec [&hellip;]\" \/>\n<meta property=\"og:url\" content=\"https:\/\/districos.standingout.be\/fr\/product\/presentoir-thuya-brow-intensifier-3x3-x-4-ml-3-testeurs-ref-7019-10\/\" \/>\n<meta property=\"og:site_name\" content=\"Districos Webshop\" \/>\n<meta property=\"article:modified_time\" content=\"2026-04-28T07:06:57+00:00\" \/>\n<meta name=\"twitter:card\" content=\"summary_large_image\" \/>\n<meta name=\"twitter:label1\" content=\"Dur\u00e9e de lecture estim\u00e9e\" \/>\n\t<meta name=\"twitter:data1\" content=\"1 minute\" \/>\n<script type=\"application\/ld+json\" class=\"yoast-schema-graph\">{\"@context\":\"https:\\\/\\\/schema.org\",\"@graph\":[{\"@type\":\"WebPage\",\"@id\":\"https:\\\/\\\/districos.standingout.be\\\/fr\\\/product\\\/presentoir-thuya-brow-intensifier-3x3-x-4-ml-3-testeurs-ref-7019-10\\\/\",\"url\":\"https:\\\/\\\/districos.standingout.be\\\/fr\\\/product\\\/presentoir-thuya-brow-intensifier-3x3-x-4-ml-3-testeurs-ref-7019-10\\\/\",\"name\":\"Pr\u00e9sentoir Thuya Brow Intensifier (3x3) x 4 ml + 3 Testeurs - Districos Webshop\",\"isPartOf\":{\"@id\":\"https:\\\/\\\/districos.standingout.be\\\/fr\\\/#website\"},\"primaryImageOfPage\":{\"@id\":\"https:\\\/\\\/districos.standingout.be\\\/fr\\\/product\\\/presentoir-thuya-brow-intensifier-3x3-x-4-ml-3-testeurs-ref-7019-10\\\/#primaryimage\"},\"image\":{\"@id\":\"https:\\\/\\\/districos.standingout.be\\\/fr\\\/product\\\/presentoir-thuya-brow-intensifier-3x3-x-4-ml-3-testeurs-ref-7019-10\\\/#primaryimage\"},\"thumbnailUrl\":\"https:\\\/\\\/districos.standingout.be\\\/wp-content\\\/uploads\\\/2025\\\/07\\\/7019.10@LowRes_1.png\",\"datePublished\":\"2026-04-28T07:06:54+00:00\",\"dateModified\":\"2026-04-28T07:06:57+00:00\",\"breadcrumb\":{\"@id\":\"https:\\\/\\\/districos.standingout.be\\\/fr\\\/product\\\/presentoir-thuya-brow-intensifier-3x3-x-4-ml-3-testeurs-ref-7019-10\\\/#breadcrumb\"},\"inLanguage\":\"fr-FR\",\"potentialAction\":[{\"@type\":\"ReadAction\",\"target\":[\"https:\\\/\\\/districos.standingout.be\\\/fr\\\/product\\\/presentoir-thuya-brow-intensifier-3x3-x-4-ml-3-testeurs-ref-7019-10\\\/\"]}]},{\"@type\":\"ImageObject\",\"inLanguage\":\"fr-FR\",\"@id\":\"https:\\\/\\\/districos.standingout.be\\\/fr\\\/product\\\/presentoir-thuya-brow-intensifier-3x3-x-4-ml-3-testeurs-ref-7019-10\\\/#primaryimage\",\"url\":\"https:\\\/\\\/districos.standingout.be\\\/wp-content\\\/uploads\\\/2025\\\/07\\\/7019.10@LowRes_1.png\",\"contentUrl\":\"https:\\\/\\\/districos.standingout.be\\\/wp-content\\\/uploads\\\/2025\\\/07\\\/7019.10@LowRes_1.png\",\"width\":600,\"height\":600},{\"@type\":\"BreadcrumbList\",\"@id\":\"https:\\\/\\\/districos.standingout.be\\\/fr\\\/product\\\/presentoir-thuya-brow-intensifier-3x3-x-4-ml-3-testeurs-ref-7019-10\\\/#breadcrumb\",\"itemListElement\":[{\"@type\":\"ListItem\",\"position\":1,\"name\":\"Home\",\"item\":\"https:\\\/\\\/districos.standingout.be\\\/fr\\\/bienvenue-chez-districos\\\/\"},{\"@type\":\"ListItem\",\"position\":2,\"name\":\"Boutique\",\"item\":\"https:\\\/\\\/districos.standingout.be\\\/fr\\\/boutique\\\/\"},{\"@type\":\"ListItem\",\"position\":3,\"name\":\"Pr\u00e9sentoir Thuya Brow Intensifier (3&#215;3) x 4 ml + 3 Testeurs\"}]},{\"@type\":\"WebSite\",\"@id\":\"https:\\\/\\\/districos.standingout.be\\\/fr\\\/#website\",\"url\":\"https:\\\/\\\/districos.standingout.be\\\/fr\\\/\",\"name\":\"Districos Webshop\",\"description\":\"\",\"publisher\":{\"@id\":\"https:\\\/\\\/districos.standingout.be\\\/fr\\\/#organization\"},\"potentialAction\":[{\"@type\":\"SearchAction\",\"target\":{\"@type\":\"EntryPoint\",\"urlTemplate\":\"https:\\\/\\\/districos.standingout.be\\\/fr\\\/?s={search_term_string}\"},\"query-input\":{\"@type\":\"PropertyValueSpecification\",\"valueRequired\":true,\"valueName\":\"search_term_string\"}}],\"inLanguage\":\"fr-FR\"},{\"@type\":\"Organization\",\"@id\":\"https:\\\/\\\/districos.standingout.be\\\/fr\\\/#organization\",\"name\":\"Districos Webshop\",\"url\":\"https:\\\/\\\/districos.standingout.be\\\/fr\\\/\",\"logo\":{\"@type\":\"ImageObject\",\"inLanguage\":\"fr-FR\",\"@id\":\"https:\\\/\\\/districos.standingout.be\\\/fr\\\/#\\\/schema\\\/logo\\\/image\\\/\",\"url\":\"https:\\\/\\\/districos.standingout.be\\\/wp-content\\\/uploads\\\/2022\\\/09\\\/Districos_Logo_Webshop.svg\",\"contentUrl\":\"https:\\\/\\\/districos.standingout.be\\\/wp-content\\\/uploads\\\/2022\\\/09\\\/Districos_Logo_Webshop.svg\",\"caption\":\"Districos Webshop\"},\"image\":{\"@id\":\"https:\\\/\\\/districos.standingout.be\\\/fr\\\/#\\\/schema\\\/logo\\\/image\\\/\"}}]}<\/script>\n<!-- \/ Yoast SEO plugin. -->","yoast_head_json":{"title":"Pr\u00e9sentoir Thuya Brow Intensifier (3x3) x 4 ml + 3 Testeurs - Districos Webshop","robots":{"index":"noindex","follow":"follow","max-snippet":"max-snippet:-1","max-image-preview":"max-image-preview:large","max-video-preview":"max-video-preview:-1"},"og_locale":"fr_FR","og_type":"article","og_title":"Pr\u00e9sentoir Thuya Brow Intensifier (3x3) x 4 ml + 3 Testeurs - Districos Webshop","og_description":"Thuya Brow Intensifier Apporte de la structure et de la d\u00e9finition aux sourcils. Stimule la croissance des sourcils et donne plus de volume ! Coiffe, remplit et forme rapidement et efficacement. Contient du Curcuma Longa : un ingr\u00e9dient actif aux propri\u00e9t\u00e9s r\u00e9paratrices. Pr\u00e9vient la chute des poils et stimule la croissance. Facile \u00e0 appliquer avec [&hellip;]","og_url":"https:\/\/districos.standingout.be\/fr\/product\/presentoir-thuya-brow-intensifier-3x3-x-4-ml-3-testeurs-ref-7019-10\/","og_site_name":"Districos Webshop","article_modified_time":"2026-04-28T07:06:57+00:00","twitter_card":"summary_large_image","twitter_misc":{"Dur\u00e9e de lecture estim\u00e9e":"1 minute"},"schema":{"@context":"https:\/\/schema.org","@graph":[{"@type":"WebPage","@id":"https:\/\/districos.standingout.be\/fr\/product\/presentoir-thuya-brow-intensifier-3x3-x-4-ml-3-testeurs-ref-7019-10\/","url":"https:\/\/districos.standingout.be\/fr\/product\/presentoir-thuya-brow-intensifier-3x3-x-4-ml-3-testeurs-ref-7019-10\/","name":"Pr\u00e9sentoir Thuya Brow Intensifier (3x3) x 4 ml + 3 Testeurs - Districos Webshop","isPartOf":{"@id":"https:\/\/districos.standingout.be\/fr\/#website"},"primaryImageOfPage":{"@id":"https:\/\/districos.standingout.be\/fr\/product\/presentoir-thuya-brow-intensifier-3x3-x-4-ml-3-testeurs-ref-7019-10\/#primaryimage"},"image":{"@id":"https:\/\/districos.standingout.be\/fr\/product\/presentoir-thuya-brow-intensifier-3x3-x-4-ml-3-testeurs-ref-7019-10\/#primaryimage"},"thumbnailUrl":"https:\/\/districos.standingout.be\/wp-content\/uploads\/2025\/07\/7019.10@LowRes_1.png","datePublished":"2026-04-28T07:06:54+00:00","dateModified":"2026-04-28T07:06:57+00:00","breadcrumb":{"@id":"https:\/\/districos.standingout.be\/fr\/product\/presentoir-thuya-brow-intensifier-3x3-x-4-ml-3-testeurs-ref-7019-10\/#breadcrumb"},"inLanguage":"fr-FR","potentialAction":[{"@type":"ReadAction","target":["https:\/\/districos.standingout.be\/fr\/product\/presentoir-thuya-brow-intensifier-3x3-x-4-ml-3-testeurs-ref-7019-10\/"]}]},{"@type":"ImageObject","inLanguage":"fr-FR","@id":"https:\/\/districos.standingout.be\/fr\/product\/presentoir-thuya-brow-intensifier-3x3-x-4-ml-3-testeurs-ref-7019-10\/#primaryimage","url":"https:\/\/districos.standingout.be\/wp-content\/uploads\/2025\/07\/7019.10@LowRes_1.png","contentUrl":"https:\/\/districos.standingout.be\/wp-content\/uploads\/2025\/07\/7019.10@LowRes_1.png","width":600,"height":600},{"@type":"BreadcrumbList","@id":"https:\/\/districos.standingout.be\/fr\/product\/presentoir-thuya-brow-intensifier-3x3-x-4-ml-3-testeurs-ref-7019-10\/#breadcrumb","itemListElement":[{"@type":"ListItem","position":1,"name":"Home","item":"https:\/\/districos.standingout.be\/fr\/bienvenue-chez-districos\/"},{"@type":"ListItem","position":2,"name":"Boutique","item":"https:\/\/districos.standingout.be\/fr\/boutique\/"},{"@type":"ListItem","position":3,"name":"Pr\u00e9sentoir Thuya Brow Intensifier (3&#215;3) x 4 ml + 3 Testeurs"}]},{"@type":"WebSite","@id":"https:\/\/districos.standingout.be\/fr\/#website","url":"https:\/\/districos.standingout.be\/fr\/","name":"Districos Webshop","description":"","publisher":{"@id":"https:\/\/districos.standingout.be\/fr\/#organization"},"potentialAction":[{"@type":"SearchAction","target":{"@type":"EntryPoint","urlTemplate":"https:\/\/districos.standingout.be\/fr\/?s={search_term_string}"},"query-input":{"@type":"PropertyValueSpecification","valueRequired":true,"valueName":"search_term_string"}}],"inLanguage":"fr-FR"},{"@type":"Organization","@id":"https:\/\/districos.standingout.be\/fr\/#organization","name":"Districos Webshop","url":"https:\/\/districos.standingout.be\/fr\/","logo":{"@type":"ImageObject","inLanguage":"fr-FR","@id":"https:\/\/districos.standingout.be\/fr\/#\/schema\/logo\/image\/","url":"https:\/\/districos.standingout.be\/wp-content\/uploads\/2022\/09\/Districos_Logo_Webshop.svg","contentUrl":"https:\/\/districos.standingout.be\/wp-content\/uploads\/2022\/09\/Districos_Logo_Webshop.svg","caption":"Districos Webshop"},"image":{"@id":"https:\/\/districos.standingout.be\/fr\/#\/schema\/logo\/image\/"}}]}},"_links":{"self":[{"href":"https:\/\/districos.standingout.be\/fr\/wp-json\/wp\/v2\/product\/136517","targetHints":{"allow":["GET"]}}],"collection":[{"href":"https:\/\/districos.standingout.be\/fr\/wp-json\/wp\/v2\/product"}],"about":[{"href":"https:\/\/districos.standingout.be\/fr\/wp-json\/wp\/v2\/types\/product"}],"replies":[{"embeddable":true,"href":"https:\/\/districos.standingout.be\/fr\/wp-json\/wp\/v2\/comments?post=136517"}],"wp:featuredmedia":[{"embeddable":true,"href":"https:\/\/districos.standingout.be\/fr\/wp-json\/wp\/v2\/media\/76661"}],"wp:attachment":[{"href":"https:\/\/districos.standingout.be\/fr\/wp-json\/wp\/v2\/media?parent=136517"}],"wp:term":[{"taxonomy":"product_brand","embeddable":true,"href":"https:\/\/districos.standingout.be\/fr\/wp-json\/wp\/v2\/product_brand?post=136517"},{"taxonomy":"product_cat","embeddable":true,"href":"https:\/\/districos.standingout.be\/fr\/wp-json\/wp\/v2\/product_cat?post=136517"},{"taxonomy":"product_tag","embeddable":true,"href":"https:\/\/districos.standingout.be\/fr\/wp-json\/wp\/v2\/product_tag?post=136517"}],"curies":[{"name":"wp","href":"https:\/\/api.w.org\/{rel}","templated":true}]}}