{"id":136527,"date":"2026-04-28T09:07:15","date_gmt":"2026-04-28T07:07:15","guid":{"rendered":"https:\/\/webshopdistricoscom.webhosting.be\/product\/thuya-lets-go-kit-dye-dark-chocolate-ref-7019-31\/"},"modified":"2026-04-28T09:07:19","modified_gmt":"2026-04-28T07:07:19","slug":"thuya-lets-go-kit-dye-dark-chocolate-ref-7019-31","status":"publish","type":"product","link":"https:\/\/districos.standingout.be\/fr\/product\/thuya-lets-go-kit-dye-dark-chocolate-ref-7019-31\/","title":{"rendered":"Thuya Let&rsquo;s Go Kit Dye Dark Chocolate"},"content":{"rendered":"<p >\n<\/p>\n<\/p>\n<\/p>\n<\/p>\n<\/p>\n<\/p>\n<p dir=\"ltr\"><b>Thuya Let&rsquo;s Go Dye Kit &#8211; Maquillage Semi-Permanent pour les Sourcils<\/b><\/p>\n<p dir=\"ltr\">D\u00e9couvrez le <strong data-start=\"157\" data-end=\"182\">Let&rsquo;s Go Dye de Thuya<\/strong> : la toute derni\u00e8re innovation pour sublimer vos sourcils durablement\u202f! Ce maquillage semi-permanent pr\u00eat \u00e0 l\u2019emploi fonctionne comme une teinture pr\u00eate \u00e0 l\u2019usage et a \u00e9t\u00e9 sp\u00e9cialement con\u00e7u pour s\u2019int\u00e9grer facilement \u00e0 n\u2019importe quel soin avec un temps de pause \u2014 ou tout simplement \u00e0 la maison, dans la salle de bain, pendant que vous vous brossez les dents, vous rasez les jambes ou appliquez votre vernis.&nbsp;<\/p>\n<ul>\n<li>Kit complet ave Saline Solution et Let&rsquo;s Go Dye Dark Chocolate. Aucun produit suppl\u00e9mentaire n\u00e9cessaire!<\/li>\n<li>Aucun m\u00e9lange de couleurs, aucun dosage, aucun temps de pose pr\u00e9cis.&nbsp;<\/li>\n<li>Pr\u00eat en 10 \u00e0 15 minutes (selon l&rsquo;effect d\u00e9sir\u00e9)<\/li>\n<li>Se retire facilement \u00e0 l\u2019eau<br data-start=\"751\" data-end=\"754\"><\/li>\n<li>Application facile gr\u00e2ce au pinceau fin int\u00e9gr\u00e9 pour un trac\u00e9 pr\u00e9cis<\/li>\n<li>Produit id\u00e9al pour faire d\u00e9couvrir la teinture des sourcils \u00e0 vos clientes<br data-start=\"903\" data-end=\"906\"><\/li>\n<\/ul>\n<p><span><b><\/p>\n<div><span><b><br \/><\/b><\/span><\/div>\n<p>Disponible en 3 teintes :<\/b><\/span><\/p>\n<ul>\n<ul>\n<li><b>Dark Chocolate&nbsp;<\/b>: une teinte brun chocolat intense et profonde, parfaite pour les sourcils fonc\u00e9s. Apporte du caract\u00e8re et de la personnalit\u00e9 au regard.&nbsp;(<a href=\"https:\/\/webshop.districos.com\/ProductDetail\/7019.31\"style=\"font-size: 13.3333px;\" target=\"_blank\" rel=\"noopener noreferrer nofollow\">r\u00e9f. 7019.31<\/a><span>)<\/span><\/li>\n<li>Moka : un brun moyen subtil, qui donne de la densit\u00e9 et du volume aux sourcils bruns. (<a href=\"https:\/\/webshop.districos.com\/ProductDetail\/7019.32\"style=\"font-size: 13.3333px;\" target=\"_blank\" rel=\"noopener noreferrer nofollow\">r\u00e9f. 7019.32<\/a><span>)<\/span><\/li>\n<li>Caramel : une teinte brun clair id\u00e9ale pour les sourcils plus clairs, \u00e0 la recherche de volume et de d\u00e9finition tout en subtilit\u00e9. (<a href=\"https:\/\/webshop.districos.com\/ProductDetail\/7019.33\"style=\"font-size: 13.3333px;\" target=\"_blank\" rel=\"noopener noreferrer nofollow\">r\u00e9f. 7019.33<\/a><span>)<\/span><\/li>\n<\/ul>\n<\/ul>\n<p><b>Mode d&#8217;emploi :<\/b><\/p>\n<div>\n<ol dir=\"ltr\">\n<li>Nettoyez les sourcils avec la afin d\u2019\u00e9liminer l\u2019exc\u00e8s de s\u00e9bum, les r\u00e9sidus de maquillage et les impuret\u00e9s. Cela permet une meilleure fixation de la couleur.&nbsp;<\/li>\n<li>Appuyez sur le tube pour faire sortir un peu de Let&rsquo;s Go Dye sur l&rsquo;applicateur int\u00e9gr\u00e9. Appliquez sur les poils du sourcil et sur la peau selon le r\u00e9sultat souhait\u00e9. Si n\u00e9cessaire, retirez l\u2019exc\u00e9dent de produit avec un b\u00e2tonnet en bois pour un contour net et pr\u00e9cis.&nbsp;<\/li>\n<li>Laissez poser 10 \u00e0 15 minutes selon l\u2019intensit\u00e9 d\u00e9sir\u00e9e.&nbsp;<\/li>\n<li>Retirez d\u2019abord la teinture avec un coton sec, puis avec un coton humide.&nbsp;<strong data-start=\"2020\" data-end=\"2054\">N\u2019utilisez PAS de d\u00e9maquillant<\/strong>, car cela \u00e9liminerait totalement la coloration.&nbsp;<\/li>\n<li>Pour un r\u00e9sultat encore plus intense et des sourcils parfaitement fix\u00e9s toute la journ\u00e9e, terminez avec un peu de <strong data-start=\"2218\" data-end=\"2238\">Brow Styling Wax<\/strong>&nbsp;(<a href=\"https:\/\/webshop.districos.com\/ProductDetail\/7027.05\" target=\"_blank\" rel=\"noopener noreferrer nofollow\">r\u00e9f. 7027.05<\/a>).<\/li>\n<\/ol>\n<div><\/div>\n<div>Avec le&nbsp;<b>Thuya Kit Professionnel Let&rsquo;s Go<\/b>, vous avez tout ce qu&rsquo;il faut pour vous lancer dans le maquillage semi-permanent des sourcils (<a href=\"https:\/\/webshop.districos.com\/ProductDetail\/7019.39\" target=\"_blank\" rel=\"noopener noreferrer nofollow\">r\u00e9f. 7019.39<\/a>).<\/div>\n<div><\/div>\n<div>Demandez lors de votre commande votre&nbsp;<b>d\u00e9pliant commercial A5 GRATUIT<\/b>&nbsp;(<a href=\"https:\/\/webshop.districos.com\/ProductDetail\/YK122.022\" target=\"_blank\" rel=\"noopener noreferrer nofollow\">ref. YK122.022<\/a>)&nbsp;<span>avec des explications claires \u00e9tape par \u00e9tape pour offrir \u00e0 vos clients.<\/span><\/div>\n<\/div><\/p>\n","protected":false},"excerpt":{"rendered":"<p>Thuya Let&rsquo;s Go Dye Kit &#8211; Maquillage Semi-Permanent pour les Sourcils D\u00e9couvrez le Let&rsquo;s Go Dye de Thuya : la toute derni\u00e8re innovation pour sublimer vos sourcils durablement\u202f! Ce maquillage semi-permanent pr\u00eat \u00e0 l\u2019emploi fonctionne comme une teinture pr\u00eate \u00e0 l\u2019usage et a \u00e9t\u00e9 sp\u00e9cialement con\u00e7u pour s\u2019int\u00e9grer facilement \u00e0 n\u2019importe quel soin avec un [&hellip;]<\/p>\n","protected":false},"featured_media":146953,"comment_status":"open","ping_status":"closed","template":"","meta":{"_acf_changed":false},"product_brand":[10584],"product_cat":[9882],"product_tag":[],"class_list":{"0":"post-136527","1":"product","2":"type-product","3":"status-publish","4":"has-post-thumbnail","6":"product_brand-thuya-fr","7":"product_cat-beaute-maquillage-yeux-sourcils","9":"first","10":"instock","11":"taxable","12":"shipping-taxable","13":"product-type-simple"},"acf":[],"yoast_head":"<!-- This site is optimized with the Yoast SEO plugin v27.3 - https:\/\/yoast.com\/product\/yoast-seo-wordpress\/ -->\n<title>Thuya Let&#039;s Go Kit Dye Dark Chocolate - Districos Webshop<\/title>\n<meta name=\"robots\" content=\"noindex, follow, max-snippet:-1, max-image-preview:large, max-video-preview:-1\" \/>\n<meta property=\"og:locale\" content=\"fr_FR\" \/>\n<meta property=\"og:type\" content=\"article\" \/>\n<meta property=\"og:title\" content=\"Thuya Let&#039;s Go Kit Dye Dark Chocolate - Districos Webshop\" \/>\n<meta property=\"og:description\" content=\"Thuya Let&rsquo;s Go Dye Kit &#8211; Maquillage Semi-Permanent pour les Sourcils D\u00e9couvrez le Let&rsquo;s Go Dye de Thuya : la toute derni\u00e8re innovation pour sublimer vos sourcils durablement\u202f! Ce maquillage semi-permanent pr\u00eat \u00e0 l\u2019emploi fonctionne comme une teinture pr\u00eate \u00e0 l\u2019usage et a \u00e9t\u00e9 sp\u00e9cialement con\u00e7u pour s\u2019int\u00e9grer facilement \u00e0 n\u2019importe quel soin avec un [&hellip;]\" \/>\n<meta property=\"og:url\" content=\"https:\/\/districos.standingout.be\/fr\/product\/thuya-lets-go-kit-dye-dark-chocolate-ref-7019-31\/\" \/>\n<meta property=\"og:site_name\" content=\"Districos Webshop\" \/>\n<meta property=\"article:modified_time\" content=\"2026-04-28T07:07:19+00:00\" \/>\n<meta name=\"twitter:card\" content=\"summary_large_image\" \/>\n<meta name=\"twitter:label1\" content=\"Dur\u00e9e de lecture estim\u00e9e\" \/>\n\t<meta name=\"twitter:data1\" content=\"2 minutes\" \/>\n<script type=\"application\/ld+json\" class=\"yoast-schema-graph\">{\"@context\":\"https:\\\/\\\/schema.org\",\"@graph\":[{\"@type\":\"WebPage\",\"@id\":\"https:\\\/\\\/districos.standingout.be\\\/fr\\\/product\\\/thuya-lets-go-kit-dye-dark-chocolate-ref-7019-31\\\/\",\"url\":\"https:\\\/\\\/districos.standingout.be\\\/fr\\\/product\\\/thuya-lets-go-kit-dye-dark-chocolate-ref-7019-31\\\/\",\"name\":\"Thuya Let's Go Kit Dye Dark Chocolate - Districos Webshop\",\"isPartOf\":{\"@id\":\"https:\\\/\\\/districos.standingout.be\\\/fr\\\/#website\"},\"primaryImageOfPage\":{\"@id\":\"https:\\\/\\\/districos.standingout.be\\\/fr\\\/product\\\/thuya-lets-go-kit-dye-dark-chocolate-ref-7019-31\\\/#primaryimage\"},\"image\":{\"@id\":\"https:\\\/\\\/districos.standingout.be\\\/fr\\\/product\\\/thuya-lets-go-kit-dye-dark-chocolate-ref-7019-31\\\/#primaryimage\"},\"thumbnailUrl\":\"https:\\\/\\\/districos.standingout.be\\\/wp-content\\\/uploads\\\/2026\\\/04\\\/7019.31@Thuya-Lets-Go-Kit-Dark-Chocolate_1-1.png\",\"datePublished\":\"2026-04-28T07:07:15+00:00\",\"dateModified\":\"2026-04-28T07:07:19+00:00\",\"breadcrumb\":{\"@id\":\"https:\\\/\\\/districos.standingout.be\\\/fr\\\/product\\\/thuya-lets-go-kit-dye-dark-chocolate-ref-7019-31\\\/#breadcrumb\"},\"inLanguage\":\"fr-FR\",\"potentialAction\":[{\"@type\":\"ReadAction\",\"target\":[\"https:\\\/\\\/districos.standingout.be\\\/fr\\\/product\\\/thuya-lets-go-kit-dye-dark-chocolate-ref-7019-31\\\/\"]}]},{\"@type\":\"ImageObject\",\"inLanguage\":\"fr-FR\",\"@id\":\"https:\\\/\\\/districos.standingout.be\\\/fr\\\/product\\\/thuya-lets-go-kit-dye-dark-chocolate-ref-7019-31\\\/#primaryimage\",\"url\":\"https:\\\/\\\/districos.standingout.be\\\/wp-content\\\/uploads\\\/2026\\\/04\\\/7019.31@Thuya-Lets-Go-Kit-Dark-Chocolate_1-1.png\",\"contentUrl\":\"https:\\\/\\\/districos.standingout.be\\\/wp-content\\\/uploads\\\/2026\\\/04\\\/7019.31@Thuya-Lets-Go-Kit-Dark-Chocolate_1-1.png\",\"width\":600,\"height\":600},{\"@type\":\"BreadcrumbList\",\"@id\":\"https:\\\/\\\/districos.standingout.be\\\/fr\\\/product\\\/thuya-lets-go-kit-dye-dark-chocolate-ref-7019-31\\\/#breadcrumb\",\"itemListElement\":[{\"@type\":\"ListItem\",\"position\":1,\"name\":\"Home\",\"item\":\"https:\\\/\\\/districos.standingout.be\\\/fr\\\/bienvenue-chez-districos\\\/\"},{\"@type\":\"ListItem\",\"position\":2,\"name\":\"Boutique\",\"item\":\"https:\\\/\\\/districos.standingout.be\\\/fr\\\/boutique\\\/\"},{\"@type\":\"ListItem\",\"position\":3,\"name\":\"Thuya Let&#8217;s Go Kit Dye Dark Chocolate\"}]},{\"@type\":\"WebSite\",\"@id\":\"https:\\\/\\\/districos.standingout.be\\\/fr\\\/#website\",\"url\":\"https:\\\/\\\/districos.standingout.be\\\/fr\\\/\",\"name\":\"Districos Webshop\",\"description\":\"\",\"publisher\":{\"@id\":\"https:\\\/\\\/districos.standingout.be\\\/fr\\\/#organization\"},\"potentialAction\":[{\"@type\":\"SearchAction\",\"target\":{\"@type\":\"EntryPoint\",\"urlTemplate\":\"https:\\\/\\\/districos.standingout.be\\\/fr\\\/?s={search_term_string}\"},\"query-input\":{\"@type\":\"PropertyValueSpecification\",\"valueRequired\":true,\"valueName\":\"search_term_string\"}}],\"inLanguage\":\"fr-FR\"},{\"@type\":\"Organization\",\"@id\":\"https:\\\/\\\/districos.standingout.be\\\/fr\\\/#organization\",\"name\":\"Districos Webshop\",\"url\":\"https:\\\/\\\/districos.standingout.be\\\/fr\\\/\",\"logo\":{\"@type\":\"ImageObject\",\"inLanguage\":\"fr-FR\",\"@id\":\"https:\\\/\\\/districos.standingout.be\\\/fr\\\/#\\\/schema\\\/logo\\\/image\\\/\",\"url\":\"https:\\\/\\\/districos.standingout.be\\\/wp-content\\\/uploads\\\/2022\\\/09\\\/Districos_Logo_Webshop.svg\",\"contentUrl\":\"https:\\\/\\\/districos.standingout.be\\\/wp-content\\\/uploads\\\/2022\\\/09\\\/Districos_Logo_Webshop.svg\",\"caption\":\"Districos Webshop\"},\"image\":{\"@id\":\"https:\\\/\\\/districos.standingout.be\\\/fr\\\/#\\\/schema\\\/logo\\\/image\\\/\"}}]}<\/script>\n<!-- \/ Yoast SEO plugin. -->","yoast_head_json":{"title":"Thuya Let's Go Kit Dye Dark Chocolate - Districos Webshop","robots":{"index":"noindex","follow":"follow","max-snippet":"max-snippet:-1","max-image-preview":"max-image-preview:large","max-video-preview":"max-video-preview:-1"},"og_locale":"fr_FR","og_type":"article","og_title":"Thuya Let's Go Kit Dye Dark Chocolate - Districos Webshop","og_description":"Thuya Let&rsquo;s Go Dye Kit &#8211; Maquillage Semi-Permanent pour les Sourcils D\u00e9couvrez le Let&rsquo;s Go Dye de Thuya : la toute derni\u00e8re innovation pour sublimer vos sourcils durablement\u202f! Ce maquillage semi-permanent pr\u00eat \u00e0 l\u2019emploi fonctionne comme une teinture pr\u00eate \u00e0 l\u2019usage et a \u00e9t\u00e9 sp\u00e9cialement con\u00e7u pour s\u2019int\u00e9grer facilement \u00e0 n\u2019importe quel soin avec un [&hellip;]","og_url":"https:\/\/districos.standingout.be\/fr\/product\/thuya-lets-go-kit-dye-dark-chocolate-ref-7019-31\/","og_site_name":"Districos Webshop","article_modified_time":"2026-04-28T07:07:19+00:00","twitter_card":"summary_large_image","twitter_misc":{"Dur\u00e9e de lecture estim\u00e9e":"2 minutes"},"schema":{"@context":"https:\/\/schema.org","@graph":[{"@type":"WebPage","@id":"https:\/\/districos.standingout.be\/fr\/product\/thuya-lets-go-kit-dye-dark-chocolate-ref-7019-31\/","url":"https:\/\/districos.standingout.be\/fr\/product\/thuya-lets-go-kit-dye-dark-chocolate-ref-7019-31\/","name":"Thuya Let's Go Kit Dye Dark Chocolate - Districos Webshop","isPartOf":{"@id":"https:\/\/districos.standingout.be\/fr\/#website"},"primaryImageOfPage":{"@id":"https:\/\/districos.standingout.be\/fr\/product\/thuya-lets-go-kit-dye-dark-chocolate-ref-7019-31\/#primaryimage"},"image":{"@id":"https:\/\/districos.standingout.be\/fr\/product\/thuya-lets-go-kit-dye-dark-chocolate-ref-7019-31\/#primaryimage"},"thumbnailUrl":"https:\/\/districos.standingout.be\/wp-content\/uploads\/2026\/04\/7019.31@Thuya-Lets-Go-Kit-Dark-Chocolate_1-1.png","datePublished":"2026-04-28T07:07:15+00:00","dateModified":"2026-04-28T07:07:19+00:00","breadcrumb":{"@id":"https:\/\/districos.standingout.be\/fr\/product\/thuya-lets-go-kit-dye-dark-chocolate-ref-7019-31\/#breadcrumb"},"inLanguage":"fr-FR","potentialAction":[{"@type":"ReadAction","target":["https:\/\/districos.standingout.be\/fr\/product\/thuya-lets-go-kit-dye-dark-chocolate-ref-7019-31\/"]}]},{"@type":"ImageObject","inLanguage":"fr-FR","@id":"https:\/\/districos.standingout.be\/fr\/product\/thuya-lets-go-kit-dye-dark-chocolate-ref-7019-31\/#primaryimage","url":"https:\/\/districos.standingout.be\/wp-content\/uploads\/2026\/04\/7019.31@Thuya-Lets-Go-Kit-Dark-Chocolate_1-1.png","contentUrl":"https:\/\/districos.standingout.be\/wp-content\/uploads\/2026\/04\/7019.31@Thuya-Lets-Go-Kit-Dark-Chocolate_1-1.png","width":600,"height":600},{"@type":"BreadcrumbList","@id":"https:\/\/districos.standingout.be\/fr\/product\/thuya-lets-go-kit-dye-dark-chocolate-ref-7019-31\/#breadcrumb","itemListElement":[{"@type":"ListItem","position":1,"name":"Home","item":"https:\/\/districos.standingout.be\/fr\/bienvenue-chez-districos\/"},{"@type":"ListItem","position":2,"name":"Boutique","item":"https:\/\/districos.standingout.be\/fr\/boutique\/"},{"@type":"ListItem","position":3,"name":"Thuya Let&#8217;s Go Kit Dye Dark Chocolate"}]},{"@type":"WebSite","@id":"https:\/\/districos.standingout.be\/fr\/#website","url":"https:\/\/districos.standingout.be\/fr\/","name":"Districos Webshop","description":"","publisher":{"@id":"https:\/\/districos.standingout.be\/fr\/#organization"},"potentialAction":[{"@type":"SearchAction","target":{"@type":"EntryPoint","urlTemplate":"https:\/\/districos.standingout.be\/fr\/?s={search_term_string}"},"query-input":{"@type":"PropertyValueSpecification","valueRequired":true,"valueName":"search_term_string"}}],"inLanguage":"fr-FR"},{"@type":"Organization","@id":"https:\/\/districos.standingout.be\/fr\/#organization","name":"Districos Webshop","url":"https:\/\/districos.standingout.be\/fr\/","logo":{"@type":"ImageObject","inLanguage":"fr-FR","@id":"https:\/\/districos.standingout.be\/fr\/#\/schema\/logo\/image\/","url":"https:\/\/districos.standingout.be\/wp-content\/uploads\/2022\/09\/Districos_Logo_Webshop.svg","contentUrl":"https:\/\/districos.standingout.be\/wp-content\/uploads\/2022\/09\/Districos_Logo_Webshop.svg","caption":"Districos Webshop"},"image":{"@id":"https:\/\/districos.standingout.be\/fr\/#\/schema\/logo\/image\/"}}]}},"_links":{"self":[{"href":"https:\/\/districos.standingout.be\/fr\/wp-json\/wp\/v2\/product\/136527","targetHints":{"allow":["GET"]}}],"collection":[{"href":"https:\/\/districos.standingout.be\/fr\/wp-json\/wp\/v2\/product"}],"about":[{"href":"https:\/\/districos.standingout.be\/fr\/wp-json\/wp\/v2\/types\/product"}],"replies":[{"embeddable":true,"href":"https:\/\/districos.standingout.be\/fr\/wp-json\/wp\/v2\/comments?post=136527"}],"wp:featuredmedia":[{"embeddable":true,"href":"https:\/\/districos.standingout.be\/fr\/wp-json\/wp\/v2\/media\/146953"}],"wp:attachment":[{"href":"https:\/\/districos.standingout.be\/fr\/wp-json\/wp\/v2\/media?parent=136527"}],"wp:term":[{"taxonomy":"product_brand","embeddable":true,"href":"https:\/\/districos.standingout.be\/fr\/wp-json\/wp\/v2\/product_brand?post=136527"},{"taxonomy":"product_cat","embeddable":true,"href":"https:\/\/districos.standingout.be\/fr\/wp-json\/wp\/v2\/product_cat?post=136527"},{"taxonomy":"product_tag","embeddable":true,"href":"https:\/\/districos.standingout.be\/fr\/wp-json\/wp\/v2\/product_tag?post=136527"}],"curies":[{"name":"wp","href":"https:\/\/api.w.org\/{rel}","templated":true}]}}