{"id":136537,"date":"2026-04-28T09:08:22","date_gmt":"2026-04-28T07:08:22","guid":{"rendered":"https:\/\/webshopdistricoscom.webhosting.be\/product\/thuya-teinture-cils-bleu-noir-14-ml-ref-7020-02\/"},"modified":"2026-04-28T09:08:26","modified_gmt":"2026-04-28T07:08:26","slug":"thuya-teinture-cils-bleu-noir-14-ml-ref-7020-02","status":"publish","type":"product","link":"https:\/\/districos.standingout.be\/fr\/product\/thuya-teinture-cils-bleu-noir-14-ml-ref-7020-02\/","title":{"rendered":"Thuya Teinture Cils Bleu-Noir 14 ml"},"content":{"rendered":"<p >\n<\/p>\n<p dir=\"ltr\">Thuya dispose d&rsquo;une large gamme de couleurs. Les teintures peuvent \u00eatre m\u00e9lang\u00e9es pour cr\u00e9er des possibilit\u00e9s infinies pour obtenir la couleur parfaite pour les cils et\/ou les sourcils. En plus, les teintures ont une double action : elles soignent et colorent les poils.&nbsp;<\/p>\n<p dir=\"ltr\">\n<ul>\n<li>Bleu-Noir : couleur bleu-noir pour un r\u00e9sultat noir plus intense.&nbsp;<\/li>\n<li>Convient aux cils.&nbsp;<\/li>\n<li>Tube de 14 ml.<\/li>\n<\/ul>\n<p dir=\"ltr\"><\/p>\n<p dir=\"ltr\"><b>Substances actives&nbsp;<\/b><\/p>\n<p dir=\"ltr\">\n<ul>\n<li><span>La k\u00e9ratine a des propri\u00e9t\u00e9s fortifiantes et r\u00e9paratrices.&nbsp;<\/span><\/li>\n<li><span>L&rsquo;huile d&rsquo;argan hydrate, r\u00e9pare et nourrit les poils.&nbsp;<\/span><\/li>\n<li><span>Couleur active : la formule colorante assure un meilleur r\u00e9sultat qui tient plus longtemps.&nbsp;<\/span><\/li>\n<\/ul>\n<p dir=\"ltr\"><span><br \/><\/span><\/p>\n<p dir=\"ltr\"><span><b>Disponible en diff\u00e9rentes couleurs&nbsp;<\/b><\/span><\/p>\n<p dir=\"ltr\">\n<ul>\n<li><span>Conviennent uniquement aux cils : Noir Profond (r\u00e9f. 7020.01), Bleu-Noir (r\u00e9f. 7020.02) et Violet-Noir (r\u00e9f. 7020.07).&nbsp;<\/span><\/li>\n<li><span>Convient aussi bien aux cils qu&rsquo;aux sourcils : Brun (r\u00e9f. 7020.03).&nbsp;<\/span><\/li>\n<li><span>Conviennent uniquement aux sourcils : Brun Clair (r\u00e9f. 7020.04), Ch\u00e2tain (r\u00e9f. 7020.05), Graphite (r\u00e9f. 7020.06), Gris Taupe (r\u00e9f. 7020.08) et Brun Cendr\u00e9 (r\u00e9f. 7020.09).&nbsp;<\/span><\/li>\n<\/ul>\n<p dir=\"ltr\"><span><br \/><\/span><\/p>\n<p dir=\"ltr\"><span><b>CONSEIL<\/b>&nbsp;<\/span><\/p>\n<p dir=\"ltr\"><span>Souhaitez-vous en savoir plus sur le choix de la couleur\/le m\u00e9lange des couleurs \u00e0 utiliser ? Suivez alors notre formation \u00ab Thuya Brow Styling &#8211; Shaping, Lamination &amp; Coloring\u00a0\u00bb.<\/span><\/p><\/p>\n","protected":false},"excerpt":{"rendered":"<p>Thuya dispose d&rsquo;une large gamme de couleurs. Les teintures peuvent \u00eatre m\u00e9lang\u00e9es pour cr\u00e9er des possibilit\u00e9s infinies pour obtenir la couleur parfaite pour les cils et\/ou les sourcils. En plus, les teintures ont une double action : elles soignent et colorent les poils.&nbsp; Bleu-Noir : couleur bleu-noir pour un r\u00e9sultat noir plus intense.&nbsp; Convient aux [&hellip;]<\/p>\n","protected":false},"featured_media":76670,"comment_status":"open","ping_status":"closed","template":"","meta":{"_acf_changed":false},"product_brand":[10584],"product_cat":[9980,9882],"product_tag":[],"class_list":{"0":"post-136537","1":"product","2":"type-product","3":"status-publish","4":"has-post-thumbnail","6":"product_brand-thuya-fr","7":"product_cat-beaute-cils-sourcils-teinture","8":"product_cat-beaute-maquillage-yeux-sourcils","10":"first","11":"instock","12":"taxable","13":"shipping-taxable","14":"product-type-simple"},"acf":[],"yoast_head":"<!-- This site is optimized with the Yoast SEO plugin v27.3 - https:\/\/yoast.com\/product\/yoast-seo-wordpress\/ -->\n<title>Thuya Teinture Cils Bleu-Noir 14 ml - Districos Webshop<\/title>\n<meta name=\"robots\" content=\"noindex, follow, max-snippet:-1, max-image-preview:large, max-video-preview:-1\" \/>\n<meta property=\"og:locale\" content=\"fr_FR\" \/>\n<meta property=\"og:type\" content=\"article\" \/>\n<meta property=\"og:title\" content=\"Thuya Teinture Cils Bleu-Noir 14 ml - Districos Webshop\" \/>\n<meta property=\"og:description\" content=\"Thuya dispose d&rsquo;une large gamme de couleurs. Les teintures peuvent \u00eatre m\u00e9lang\u00e9es pour cr\u00e9er des possibilit\u00e9s infinies pour obtenir la couleur parfaite pour les cils et\/ou les sourcils. En plus, les teintures ont une double action : elles soignent et colorent les poils.&nbsp; Bleu-Noir : couleur bleu-noir pour un r\u00e9sultat noir plus intense.&nbsp; Convient aux [&hellip;]\" \/>\n<meta property=\"og:url\" content=\"https:\/\/districos.standingout.be\/fr\/product\/thuya-teinture-cils-bleu-noir-14-ml-ref-7020-02\/\" \/>\n<meta property=\"og:site_name\" content=\"Districos Webshop\" \/>\n<meta property=\"article:modified_time\" content=\"2026-04-28T07:08:26+00:00\" \/>\n<meta name=\"twitter:card\" content=\"summary_large_image\" \/>\n<meta name=\"twitter:label1\" content=\"Dur\u00e9e de lecture estim\u00e9e\" \/>\n\t<meta name=\"twitter:data1\" content=\"1 minute\" \/>\n<script type=\"application\/ld+json\" class=\"yoast-schema-graph\">{\"@context\":\"https:\\\/\\\/schema.org\",\"@graph\":[{\"@type\":\"WebPage\",\"@id\":\"https:\\\/\\\/districos.standingout.be\\\/fr\\\/product\\\/thuya-teinture-cils-bleu-noir-14-ml-ref-7020-02\\\/\",\"url\":\"https:\\\/\\\/districos.standingout.be\\\/fr\\\/product\\\/thuya-teinture-cils-bleu-noir-14-ml-ref-7020-02\\\/\",\"name\":\"Thuya Teinture Cils Bleu-Noir 14 ml - Districos Webshop\",\"isPartOf\":{\"@id\":\"https:\\\/\\\/districos.standingout.be\\\/fr\\\/#website\"},\"primaryImageOfPage\":{\"@id\":\"https:\\\/\\\/districos.standingout.be\\\/fr\\\/product\\\/thuya-teinture-cils-bleu-noir-14-ml-ref-7020-02\\\/#primaryimage\"},\"image\":{\"@id\":\"https:\\\/\\\/districos.standingout.be\\\/fr\\\/product\\\/thuya-teinture-cils-bleu-noir-14-ml-ref-7020-02\\\/#primaryimage\"},\"thumbnailUrl\":\"https:\\\/\\\/districos.standingout.be\\\/wp-content\\\/uploads\\\/2025\\\/07\\\/7020.02@LowRes_1.png\",\"datePublished\":\"2026-04-28T07:08:22+00:00\",\"dateModified\":\"2026-04-28T07:08:26+00:00\",\"breadcrumb\":{\"@id\":\"https:\\\/\\\/districos.standingout.be\\\/fr\\\/product\\\/thuya-teinture-cils-bleu-noir-14-ml-ref-7020-02\\\/#breadcrumb\"},\"inLanguage\":\"fr-FR\",\"potentialAction\":[{\"@type\":\"ReadAction\",\"target\":[\"https:\\\/\\\/districos.standingout.be\\\/fr\\\/product\\\/thuya-teinture-cils-bleu-noir-14-ml-ref-7020-02\\\/\"]}]},{\"@type\":\"ImageObject\",\"inLanguage\":\"fr-FR\",\"@id\":\"https:\\\/\\\/districos.standingout.be\\\/fr\\\/product\\\/thuya-teinture-cils-bleu-noir-14-ml-ref-7020-02\\\/#primaryimage\",\"url\":\"https:\\\/\\\/districos.standingout.be\\\/wp-content\\\/uploads\\\/2025\\\/07\\\/7020.02@LowRes_1.png\",\"contentUrl\":\"https:\\\/\\\/districos.standingout.be\\\/wp-content\\\/uploads\\\/2025\\\/07\\\/7020.02@LowRes_1.png\",\"width\":600,\"height\":600},{\"@type\":\"BreadcrumbList\",\"@id\":\"https:\\\/\\\/districos.standingout.be\\\/fr\\\/product\\\/thuya-teinture-cils-bleu-noir-14-ml-ref-7020-02\\\/#breadcrumb\",\"itemListElement\":[{\"@type\":\"ListItem\",\"position\":1,\"name\":\"Home\",\"item\":\"https:\\\/\\\/districos.standingout.be\\\/fr\\\/bienvenue-chez-districos\\\/\"},{\"@type\":\"ListItem\",\"position\":2,\"name\":\"Boutique\",\"item\":\"https:\\\/\\\/districos.standingout.be\\\/fr\\\/boutique\\\/\"},{\"@type\":\"ListItem\",\"position\":3,\"name\":\"Thuya Teinture Cils Bleu-Noir 14 ml\"}]},{\"@type\":\"WebSite\",\"@id\":\"https:\\\/\\\/districos.standingout.be\\\/fr\\\/#website\",\"url\":\"https:\\\/\\\/districos.standingout.be\\\/fr\\\/\",\"name\":\"Districos Webshop\",\"description\":\"\",\"publisher\":{\"@id\":\"https:\\\/\\\/districos.standingout.be\\\/fr\\\/#organization\"},\"potentialAction\":[{\"@type\":\"SearchAction\",\"target\":{\"@type\":\"EntryPoint\",\"urlTemplate\":\"https:\\\/\\\/districos.standingout.be\\\/fr\\\/?s={search_term_string}\"},\"query-input\":{\"@type\":\"PropertyValueSpecification\",\"valueRequired\":true,\"valueName\":\"search_term_string\"}}],\"inLanguage\":\"fr-FR\"},{\"@type\":\"Organization\",\"@id\":\"https:\\\/\\\/districos.standingout.be\\\/fr\\\/#organization\",\"name\":\"Districos Webshop\",\"url\":\"https:\\\/\\\/districos.standingout.be\\\/fr\\\/\",\"logo\":{\"@type\":\"ImageObject\",\"inLanguage\":\"fr-FR\",\"@id\":\"https:\\\/\\\/districos.standingout.be\\\/fr\\\/#\\\/schema\\\/logo\\\/image\\\/\",\"url\":\"https:\\\/\\\/districos.standingout.be\\\/wp-content\\\/uploads\\\/2022\\\/09\\\/Districos_Logo_Webshop.svg\",\"contentUrl\":\"https:\\\/\\\/districos.standingout.be\\\/wp-content\\\/uploads\\\/2022\\\/09\\\/Districos_Logo_Webshop.svg\",\"caption\":\"Districos Webshop\"},\"image\":{\"@id\":\"https:\\\/\\\/districos.standingout.be\\\/fr\\\/#\\\/schema\\\/logo\\\/image\\\/\"}}]}<\/script>\n<!-- \/ Yoast SEO plugin. -->","yoast_head_json":{"title":"Thuya Teinture Cils Bleu-Noir 14 ml - Districos Webshop","robots":{"index":"noindex","follow":"follow","max-snippet":"max-snippet:-1","max-image-preview":"max-image-preview:large","max-video-preview":"max-video-preview:-1"},"og_locale":"fr_FR","og_type":"article","og_title":"Thuya Teinture Cils Bleu-Noir 14 ml - Districos Webshop","og_description":"Thuya dispose d&rsquo;une large gamme de couleurs. Les teintures peuvent \u00eatre m\u00e9lang\u00e9es pour cr\u00e9er des possibilit\u00e9s infinies pour obtenir la couleur parfaite pour les cils et\/ou les sourcils. En plus, les teintures ont une double action : elles soignent et colorent les poils.&nbsp; Bleu-Noir : couleur bleu-noir pour un r\u00e9sultat noir plus intense.&nbsp; Convient aux [&hellip;]","og_url":"https:\/\/districos.standingout.be\/fr\/product\/thuya-teinture-cils-bleu-noir-14-ml-ref-7020-02\/","og_site_name":"Districos Webshop","article_modified_time":"2026-04-28T07:08:26+00:00","twitter_card":"summary_large_image","twitter_misc":{"Dur\u00e9e de lecture estim\u00e9e":"1 minute"},"schema":{"@context":"https:\/\/schema.org","@graph":[{"@type":"WebPage","@id":"https:\/\/districos.standingout.be\/fr\/product\/thuya-teinture-cils-bleu-noir-14-ml-ref-7020-02\/","url":"https:\/\/districos.standingout.be\/fr\/product\/thuya-teinture-cils-bleu-noir-14-ml-ref-7020-02\/","name":"Thuya Teinture Cils Bleu-Noir 14 ml - Districos Webshop","isPartOf":{"@id":"https:\/\/districos.standingout.be\/fr\/#website"},"primaryImageOfPage":{"@id":"https:\/\/districos.standingout.be\/fr\/product\/thuya-teinture-cils-bleu-noir-14-ml-ref-7020-02\/#primaryimage"},"image":{"@id":"https:\/\/districos.standingout.be\/fr\/product\/thuya-teinture-cils-bleu-noir-14-ml-ref-7020-02\/#primaryimage"},"thumbnailUrl":"https:\/\/districos.standingout.be\/wp-content\/uploads\/2025\/07\/7020.02@LowRes_1.png","datePublished":"2026-04-28T07:08:22+00:00","dateModified":"2026-04-28T07:08:26+00:00","breadcrumb":{"@id":"https:\/\/districos.standingout.be\/fr\/product\/thuya-teinture-cils-bleu-noir-14-ml-ref-7020-02\/#breadcrumb"},"inLanguage":"fr-FR","potentialAction":[{"@type":"ReadAction","target":["https:\/\/districos.standingout.be\/fr\/product\/thuya-teinture-cils-bleu-noir-14-ml-ref-7020-02\/"]}]},{"@type":"ImageObject","inLanguage":"fr-FR","@id":"https:\/\/districos.standingout.be\/fr\/product\/thuya-teinture-cils-bleu-noir-14-ml-ref-7020-02\/#primaryimage","url":"https:\/\/districos.standingout.be\/wp-content\/uploads\/2025\/07\/7020.02@LowRes_1.png","contentUrl":"https:\/\/districos.standingout.be\/wp-content\/uploads\/2025\/07\/7020.02@LowRes_1.png","width":600,"height":600},{"@type":"BreadcrumbList","@id":"https:\/\/districos.standingout.be\/fr\/product\/thuya-teinture-cils-bleu-noir-14-ml-ref-7020-02\/#breadcrumb","itemListElement":[{"@type":"ListItem","position":1,"name":"Home","item":"https:\/\/districos.standingout.be\/fr\/bienvenue-chez-districos\/"},{"@type":"ListItem","position":2,"name":"Boutique","item":"https:\/\/districos.standingout.be\/fr\/boutique\/"},{"@type":"ListItem","position":3,"name":"Thuya Teinture Cils Bleu-Noir 14 ml"}]},{"@type":"WebSite","@id":"https:\/\/districos.standingout.be\/fr\/#website","url":"https:\/\/districos.standingout.be\/fr\/","name":"Districos Webshop","description":"","publisher":{"@id":"https:\/\/districos.standingout.be\/fr\/#organization"},"potentialAction":[{"@type":"SearchAction","target":{"@type":"EntryPoint","urlTemplate":"https:\/\/districos.standingout.be\/fr\/?s={search_term_string}"},"query-input":{"@type":"PropertyValueSpecification","valueRequired":true,"valueName":"search_term_string"}}],"inLanguage":"fr-FR"},{"@type":"Organization","@id":"https:\/\/districos.standingout.be\/fr\/#organization","name":"Districos Webshop","url":"https:\/\/districos.standingout.be\/fr\/","logo":{"@type":"ImageObject","inLanguage":"fr-FR","@id":"https:\/\/districos.standingout.be\/fr\/#\/schema\/logo\/image\/","url":"https:\/\/districos.standingout.be\/wp-content\/uploads\/2022\/09\/Districos_Logo_Webshop.svg","contentUrl":"https:\/\/districos.standingout.be\/wp-content\/uploads\/2022\/09\/Districos_Logo_Webshop.svg","caption":"Districos Webshop"},"image":{"@id":"https:\/\/districos.standingout.be\/fr\/#\/schema\/logo\/image\/"}}]}},"_links":{"self":[{"href":"https:\/\/districos.standingout.be\/fr\/wp-json\/wp\/v2\/product\/136537","targetHints":{"allow":["GET"]}}],"collection":[{"href":"https:\/\/districos.standingout.be\/fr\/wp-json\/wp\/v2\/product"}],"about":[{"href":"https:\/\/districos.standingout.be\/fr\/wp-json\/wp\/v2\/types\/product"}],"replies":[{"embeddable":true,"href":"https:\/\/districos.standingout.be\/fr\/wp-json\/wp\/v2\/comments?post=136537"}],"wp:featuredmedia":[{"embeddable":true,"href":"https:\/\/districos.standingout.be\/fr\/wp-json\/wp\/v2\/media\/76670"}],"wp:attachment":[{"href":"https:\/\/districos.standingout.be\/fr\/wp-json\/wp\/v2\/media?parent=136537"}],"wp:term":[{"taxonomy":"product_brand","embeddable":true,"href":"https:\/\/districos.standingout.be\/fr\/wp-json\/wp\/v2\/product_brand?post=136537"},{"taxonomy":"product_cat","embeddable":true,"href":"https:\/\/districos.standingout.be\/fr\/wp-json\/wp\/v2\/product_cat?post=136537"},{"taxonomy":"product_tag","embeddable":true,"href":"https:\/\/districos.standingout.be\/fr\/wp-json\/wp\/v2\/product_tag?post=136537"}],"curies":[{"name":"wp","href":"https:\/\/api.w.org\/{rel}","templated":true}]}}