{"id":136539,"date":"2026-04-28T09:08:26","date_gmt":"2026-04-28T07:08:26","guid":{"rendered":"https:\/\/webshopdistricoscom.webhosting.be\/product\/thuya-teinture-cils-et-sourcils-brun-14-ml-ref-7020-03\/"},"modified":"2026-04-28T09:08:30","modified_gmt":"2026-04-28T07:08:30","slug":"thuya-teinture-cils-et-sourcils-brun-14-ml-ref-7020-03","status":"publish","type":"product","link":"https:\/\/districos.standingout.be\/fr\/product\/thuya-teinture-cils-et-sourcils-brun-14-ml-ref-7020-03\/","title":{"rendered":"Thuya Teinture Cils et Sourcils Brun 14 ml"},"content":{"rendered":"<p >\n<p><font face=\"Verdana\">Thuya dispose d&rsquo;une large gamme de couleurs. Les teintures peuvent \u00eatre m\u00e9lang\u00e9es pour cr\u00e9er des possibilit\u00e9s infinies pour obtenir la couleur parfaite pour les cils et\/ou les sourcils. En plus, les teintures ont une double action : elles soignent et colorent les poils.&nbsp;<\/font><\/p>\n<div>\n<ul>\n<li><font face=\"Verdana\">Brun : couleur brun fonc\u00e9 avec une nuance froide.&nbsp;<\/font><\/li>\n<li><font face=\"Verdana\">Convient aussi bien aux cils qu&rsquo;aux sourcils.&nbsp;<\/font><\/li>\n<li><font face=\"Verdana\">Tube de 14 ml.&nbsp;<\/font><\/li>\n<\/ul>\n<\/div>\n<div><font face=\"Verdana\"><br \/><\/font><\/div>\n<div><font face=\"Verdana\"><b>Substances actives&nbsp;<\/b><\/font><\/div>\n<div>\n<ul>\n<li><font face=\"Verdana\">La k\u00e9ratine a des propri\u00e9t\u00e9s fortifiantes et r\u00e9paratrices.&nbsp;<\/font><\/li>\n<li><font face=\"Verdana\">L&rsquo;huile d&rsquo;argan hydrate, r\u00e9pare et nourrit les poils.&nbsp;<\/font><\/li>\n<li><font face=\"Verdana\">Couleur active : la formule colorante assure un meilleur r\u00e9sultat qui tient plus longtemps.&nbsp;<\/font><\/li>\n<\/ul>\n<\/div>\n<div><font face=\"Verdana\"><br \/><\/font><\/div>\n<div><font face=\"Verdana\"><b>Disponible en diff\u00e9rentes couleurs&nbsp;<\/b><\/font><\/div>\n<div>\n<ul>\n<li><font face=\"Verdana\">Conviennent uniquement aux cils : Noir Profond (r\u00e9f. 7020.01), Bleu-Noir (r\u00e9f. 7020.02) et Violet-Noir (r\u00e9f. 7020.07).&nbsp;<\/font><\/li>\n<li><font face=\"Verdana\">Convient aussi bien aux cils qu&rsquo;aux sourcils : Brun (r\u00e9f. 7020.03).&nbsp;<\/font><\/li>\n<li><font face=\"Verdana\">Conviennent uniquement aux sourcils : Brun Clair (r\u00e9f. 7020.04), Ch\u00e2tain (r\u00e9f. 7020.05), Graphite (r\u00e9f. 7020.06), Gris Taupe (r\u00e9f. 7020.08) et Brun Cendr\u00e9 (r\u00e9f. 7020.09).&nbsp;<\/font><\/li>\n<\/ul>\n<\/div>\n<div><font face=\"Verdana\"><br \/><\/font><\/div>\n<div><font face=\"Verdana\"><b>CONSEIL<\/b><\/font><\/div>\n<div><font face=\"Verdana\">Souhaitez-vous en savoir plus sur le choix de la couleur\/le m\u00e9lange des couleurs \u00e0 utiliser ? Suivez alors notre formation \u00ab Thuya Brow Styling &#8211; Shaping, Lamination &amp; Coloring \u00bb.&nbsp;&nbsp;<\/font><\/div>\n","protected":false},"excerpt":{"rendered":"<p>Thuya dispose d&rsquo;une large gamme de couleurs. Les teintures peuvent \u00eatre m\u00e9lang\u00e9es pour cr\u00e9er des possibilit\u00e9s infinies pour obtenir la couleur parfaite pour les cils et\/ou les sourcils. En plus, les teintures ont une double action : elles soignent et colorent les poils.&nbsp; Brun : couleur brun fonc\u00e9 avec une nuance froide.&nbsp; Convient aussi bien [&hellip;]<\/p>\n","protected":false},"featured_media":76676,"comment_status":"open","ping_status":"closed","template":"","meta":{"_acf_changed":false},"product_brand":[10584],"product_cat":[9978,9980,9882],"product_tag":[],"class_list":{"0":"post-136539","1":"product","2":"type-product","3":"status-publish","4":"has-post-thumbnail","6":"product_brand-thuya-fr","7":"product_cat-beaute-cils-sourcils-lifting-des-sourcils","8":"product_cat-beaute-cils-sourcils-teinture","9":"product_cat-beaute-maquillage-yeux-sourcils","11":"first","12":"instock","13":"taxable","14":"shipping-taxable","15":"product-type-simple"},"acf":[],"yoast_head":"<!-- This site is optimized with the Yoast SEO plugin v27.3 - https:\/\/yoast.com\/product\/yoast-seo-wordpress\/ -->\n<title>Thuya Teinture Cils et Sourcils Brun 14 ml - Districos Webshop<\/title>\n<meta name=\"robots\" content=\"noindex, follow, max-snippet:-1, max-image-preview:large, max-video-preview:-1\" \/>\n<meta property=\"og:locale\" content=\"fr_FR\" \/>\n<meta property=\"og:type\" content=\"article\" \/>\n<meta property=\"og:title\" content=\"Thuya Teinture Cils et Sourcils Brun 14 ml - Districos Webshop\" \/>\n<meta property=\"og:description\" content=\"Thuya dispose d&rsquo;une large gamme de couleurs. Les teintures peuvent \u00eatre m\u00e9lang\u00e9es pour cr\u00e9er des possibilit\u00e9s infinies pour obtenir la couleur parfaite pour les cils et\/ou les sourcils. En plus, les teintures ont une double action : elles soignent et colorent les poils.&nbsp; Brun : couleur brun fonc\u00e9 avec une nuance froide.&nbsp; Convient aussi bien [&hellip;]\" \/>\n<meta property=\"og:url\" content=\"https:\/\/districos.standingout.be\/fr\/product\/thuya-teinture-cils-et-sourcils-brun-14-ml-ref-7020-03\/\" \/>\n<meta property=\"og:site_name\" content=\"Districos Webshop\" \/>\n<meta property=\"article:modified_time\" content=\"2026-04-28T07:08:30+00:00\" \/>\n<meta name=\"twitter:card\" content=\"summary_large_image\" \/>\n<meta name=\"twitter:label1\" content=\"Dur\u00e9e de lecture estim\u00e9e\" \/>\n\t<meta name=\"twitter:data1\" content=\"1 minute\" \/>\n<script type=\"application\/ld+json\" class=\"yoast-schema-graph\">{\"@context\":\"https:\\\/\\\/schema.org\",\"@graph\":[{\"@type\":\"WebPage\",\"@id\":\"https:\\\/\\\/districos.standingout.be\\\/fr\\\/product\\\/thuya-teinture-cils-et-sourcils-brun-14-ml-ref-7020-03\\\/\",\"url\":\"https:\\\/\\\/districos.standingout.be\\\/fr\\\/product\\\/thuya-teinture-cils-et-sourcils-brun-14-ml-ref-7020-03\\\/\",\"name\":\"Thuya Teinture Cils et Sourcils Brun 14 ml - Districos Webshop\",\"isPartOf\":{\"@id\":\"https:\\\/\\\/districos.standingout.be\\\/fr\\\/#website\"},\"primaryImageOfPage\":{\"@id\":\"https:\\\/\\\/districos.standingout.be\\\/fr\\\/product\\\/thuya-teinture-cils-et-sourcils-brun-14-ml-ref-7020-03\\\/#primaryimage\"},\"image\":{\"@id\":\"https:\\\/\\\/districos.standingout.be\\\/fr\\\/product\\\/thuya-teinture-cils-et-sourcils-brun-14-ml-ref-7020-03\\\/#primaryimage\"},\"thumbnailUrl\":\"https:\\\/\\\/districos.standingout.be\\\/wp-content\\\/uploads\\\/2025\\\/07\\\/7020.03@LowRes_1.png\",\"datePublished\":\"2026-04-28T07:08:26+00:00\",\"dateModified\":\"2026-04-28T07:08:30+00:00\",\"breadcrumb\":{\"@id\":\"https:\\\/\\\/districos.standingout.be\\\/fr\\\/product\\\/thuya-teinture-cils-et-sourcils-brun-14-ml-ref-7020-03\\\/#breadcrumb\"},\"inLanguage\":\"fr-FR\",\"potentialAction\":[{\"@type\":\"ReadAction\",\"target\":[\"https:\\\/\\\/districos.standingout.be\\\/fr\\\/product\\\/thuya-teinture-cils-et-sourcils-brun-14-ml-ref-7020-03\\\/\"]}]},{\"@type\":\"ImageObject\",\"inLanguage\":\"fr-FR\",\"@id\":\"https:\\\/\\\/districos.standingout.be\\\/fr\\\/product\\\/thuya-teinture-cils-et-sourcils-brun-14-ml-ref-7020-03\\\/#primaryimage\",\"url\":\"https:\\\/\\\/districos.standingout.be\\\/wp-content\\\/uploads\\\/2025\\\/07\\\/7020.03@LowRes_1.png\",\"contentUrl\":\"https:\\\/\\\/districos.standingout.be\\\/wp-content\\\/uploads\\\/2025\\\/07\\\/7020.03@LowRes_1.png\",\"width\":600,\"height\":600},{\"@type\":\"BreadcrumbList\",\"@id\":\"https:\\\/\\\/districos.standingout.be\\\/fr\\\/product\\\/thuya-teinture-cils-et-sourcils-brun-14-ml-ref-7020-03\\\/#breadcrumb\",\"itemListElement\":[{\"@type\":\"ListItem\",\"position\":1,\"name\":\"Home\",\"item\":\"https:\\\/\\\/districos.standingout.be\\\/fr\\\/bienvenue-chez-districos\\\/\"},{\"@type\":\"ListItem\",\"position\":2,\"name\":\"Boutique\",\"item\":\"https:\\\/\\\/districos.standingout.be\\\/fr\\\/boutique\\\/\"},{\"@type\":\"ListItem\",\"position\":3,\"name\":\"Thuya Teinture Cils et Sourcils Brun 14 ml\"}]},{\"@type\":\"WebSite\",\"@id\":\"https:\\\/\\\/districos.standingout.be\\\/fr\\\/#website\",\"url\":\"https:\\\/\\\/districos.standingout.be\\\/fr\\\/\",\"name\":\"Districos Webshop\",\"description\":\"\",\"publisher\":{\"@id\":\"https:\\\/\\\/districos.standingout.be\\\/fr\\\/#organization\"},\"potentialAction\":[{\"@type\":\"SearchAction\",\"target\":{\"@type\":\"EntryPoint\",\"urlTemplate\":\"https:\\\/\\\/districos.standingout.be\\\/fr\\\/?s={search_term_string}\"},\"query-input\":{\"@type\":\"PropertyValueSpecification\",\"valueRequired\":true,\"valueName\":\"search_term_string\"}}],\"inLanguage\":\"fr-FR\"},{\"@type\":\"Organization\",\"@id\":\"https:\\\/\\\/districos.standingout.be\\\/fr\\\/#organization\",\"name\":\"Districos Webshop\",\"url\":\"https:\\\/\\\/districos.standingout.be\\\/fr\\\/\",\"logo\":{\"@type\":\"ImageObject\",\"inLanguage\":\"fr-FR\",\"@id\":\"https:\\\/\\\/districos.standingout.be\\\/fr\\\/#\\\/schema\\\/logo\\\/image\\\/\",\"url\":\"https:\\\/\\\/districos.standingout.be\\\/wp-content\\\/uploads\\\/2022\\\/09\\\/Districos_Logo_Webshop.svg\",\"contentUrl\":\"https:\\\/\\\/districos.standingout.be\\\/wp-content\\\/uploads\\\/2022\\\/09\\\/Districos_Logo_Webshop.svg\",\"caption\":\"Districos Webshop\"},\"image\":{\"@id\":\"https:\\\/\\\/districos.standingout.be\\\/fr\\\/#\\\/schema\\\/logo\\\/image\\\/\"}}]}<\/script>\n<!-- \/ Yoast SEO plugin. -->","yoast_head_json":{"title":"Thuya Teinture Cils et Sourcils Brun 14 ml - Districos Webshop","robots":{"index":"noindex","follow":"follow","max-snippet":"max-snippet:-1","max-image-preview":"max-image-preview:large","max-video-preview":"max-video-preview:-1"},"og_locale":"fr_FR","og_type":"article","og_title":"Thuya Teinture Cils et Sourcils Brun 14 ml - Districos Webshop","og_description":"Thuya dispose d&rsquo;une large gamme de couleurs. Les teintures peuvent \u00eatre m\u00e9lang\u00e9es pour cr\u00e9er des possibilit\u00e9s infinies pour obtenir la couleur parfaite pour les cils et\/ou les sourcils. En plus, les teintures ont une double action : elles soignent et colorent les poils.&nbsp; Brun : couleur brun fonc\u00e9 avec une nuance froide.&nbsp; Convient aussi bien [&hellip;]","og_url":"https:\/\/districos.standingout.be\/fr\/product\/thuya-teinture-cils-et-sourcils-brun-14-ml-ref-7020-03\/","og_site_name":"Districos Webshop","article_modified_time":"2026-04-28T07:08:30+00:00","twitter_card":"summary_large_image","twitter_misc":{"Dur\u00e9e de lecture estim\u00e9e":"1 minute"},"schema":{"@context":"https:\/\/schema.org","@graph":[{"@type":"WebPage","@id":"https:\/\/districos.standingout.be\/fr\/product\/thuya-teinture-cils-et-sourcils-brun-14-ml-ref-7020-03\/","url":"https:\/\/districos.standingout.be\/fr\/product\/thuya-teinture-cils-et-sourcils-brun-14-ml-ref-7020-03\/","name":"Thuya Teinture Cils et Sourcils Brun 14 ml - Districos Webshop","isPartOf":{"@id":"https:\/\/districos.standingout.be\/fr\/#website"},"primaryImageOfPage":{"@id":"https:\/\/districos.standingout.be\/fr\/product\/thuya-teinture-cils-et-sourcils-brun-14-ml-ref-7020-03\/#primaryimage"},"image":{"@id":"https:\/\/districos.standingout.be\/fr\/product\/thuya-teinture-cils-et-sourcils-brun-14-ml-ref-7020-03\/#primaryimage"},"thumbnailUrl":"https:\/\/districos.standingout.be\/wp-content\/uploads\/2025\/07\/7020.03@LowRes_1.png","datePublished":"2026-04-28T07:08:26+00:00","dateModified":"2026-04-28T07:08:30+00:00","breadcrumb":{"@id":"https:\/\/districos.standingout.be\/fr\/product\/thuya-teinture-cils-et-sourcils-brun-14-ml-ref-7020-03\/#breadcrumb"},"inLanguage":"fr-FR","potentialAction":[{"@type":"ReadAction","target":["https:\/\/districos.standingout.be\/fr\/product\/thuya-teinture-cils-et-sourcils-brun-14-ml-ref-7020-03\/"]}]},{"@type":"ImageObject","inLanguage":"fr-FR","@id":"https:\/\/districos.standingout.be\/fr\/product\/thuya-teinture-cils-et-sourcils-brun-14-ml-ref-7020-03\/#primaryimage","url":"https:\/\/districos.standingout.be\/wp-content\/uploads\/2025\/07\/7020.03@LowRes_1.png","contentUrl":"https:\/\/districos.standingout.be\/wp-content\/uploads\/2025\/07\/7020.03@LowRes_1.png","width":600,"height":600},{"@type":"BreadcrumbList","@id":"https:\/\/districos.standingout.be\/fr\/product\/thuya-teinture-cils-et-sourcils-brun-14-ml-ref-7020-03\/#breadcrumb","itemListElement":[{"@type":"ListItem","position":1,"name":"Home","item":"https:\/\/districos.standingout.be\/fr\/bienvenue-chez-districos\/"},{"@type":"ListItem","position":2,"name":"Boutique","item":"https:\/\/districos.standingout.be\/fr\/boutique\/"},{"@type":"ListItem","position":3,"name":"Thuya Teinture Cils et Sourcils Brun 14 ml"}]},{"@type":"WebSite","@id":"https:\/\/districos.standingout.be\/fr\/#website","url":"https:\/\/districos.standingout.be\/fr\/","name":"Districos Webshop","description":"","publisher":{"@id":"https:\/\/districos.standingout.be\/fr\/#organization"},"potentialAction":[{"@type":"SearchAction","target":{"@type":"EntryPoint","urlTemplate":"https:\/\/districos.standingout.be\/fr\/?s={search_term_string}"},"query-input":{"@type":"PropertyValueSpecification","valueRequired":true,"valueName":"search_term_string"}}],"inLanguage":"fr-FR"},{"@type":"Organization","@id":"https:\/\/districos.standingout.be\/fr\/#organization","name":"Districos Webshop","url":"https:\/\/districos.standingout.be\/fr\/","logo":{"@type":"ImageObject","inLanguage":"fr-FR","@id":"https:\/\/districos.standingout.be\/fr\/#\/schema\/logo\/image\/","url":"https:\/\/districos.standingout.be\/wp-content\/uploads\/2022\/09\/Districos_Logo_Webshop.svg","contentUrl":"https:\/\/districos.standingout.be\/wp-content\/uploads\/2022\/09\/Districos_Logo_Webshop.svg","caption":"Districos Webshop"},"image":{"@id":"https:\/\/districos.standingout.be\/fr\/#\/schema\/logo\/image\/"}}]}},"_links":{"self":[{"href":"https:\/\/districos.standingout.be\/fr\/wp-json\/wp\/v2\/product\/136539","targetHints":{"allow":["GET"]}}],"collection":[{"href":"https:\/\/districos.standingout.be\/fr\/wp-json\/wp\/v2\/product"}],"about":[{"href":"https:\/\/districos.standingout.be\/fr\/wp-json\/wp\/v2\/types\/product"}],"replies":[{"embeddable":true,"href":"https:\/\/districos.standingout.be\/fr\/wp-json\/wp\/v2\/comments?post=136539"}],"wp:featuredmedia":[{"embeddable":true,"href":"https:\/\/districos.standingout.be\/fr\/wp-json\/wp\/v2\/media\/76676"}],"wp:attachment":[{"href":"https:\/\/districos.standingout.be\/fr\/wp-json\/wp\/v2\/media?parent=136539"}],"wp:term":[{"taxonomy":"product_brand","embeddable":true,"href":"https:\/\/districos.standingout.be\/fr\/wp-json\/wp\/v2\/product_brand?post=136539"},{"taxonomy":"product_cat","embeddable":true,"href":"https:\/\/districos.standingout.be\/fr\/wp-json\/wp\/v2\/product_cat?post=136539"},{"taxonomy":"product_tag","embeddable":true,"href":"https:\/\/districos.standingout.be\/fr\/wp-json\/wp\/v2\/product_tag?post=136539"}],"curies":[{"name":"wp","href":"https:\/\/api.w.org\/{rel}","templated":true}]}}