{"id":136553,"date":"2026-04-28T09:08:59","date_gmt":"2026-04-28T07:08:59","guid":{"rendered":"https:\/\/webshopdistricoscom.webhosting.be\/product\/thuya-kit-teinture-cils-et-sourcils-ref-7020-1\/"},"modified":"2026-04-28T09:09:04","modified_gmt":"2026-04-28T07:09:04","slug":"thuya-kit-teinture-cils-et-sourcils-ref-7020-1","status":"publish","type":"product","link":"https:\/\/districos.standingout.be\/fr\/product\/thuya-kit-teinture-cils-et-sourcils-ref-7020-1\/","title":{"rendered":"Thuya Kit Teinture Cils et Sourcils"},"content":{"rendered":"<p >\n<\/p>\n<\/p>\n<p dir=\"ltr\"><b>Un regard lumineux gr\u00e2ce \u00e0 la teinture de cils<\/b><\/p>\n<ul>\n<li>Tous les produits Thuya sont test\u00e9s dermatologiquement et ophtalmologiquement (PAS test\u00e9s sur les animaux !).<\/li>\n<li>Ils contiennent des ingr\u00e9dients soigneusement s\u00e9lectionn\u00e9s et les formules les plus innovantes pour de grands r\u00e9sultats.<\/li>\n<li>Les produits Thuya sont plus r\u00e9sistants \u00e0 l\u2019eau.<\/li>\n<li>Thuya ne rend pas seulement plus beau, la marque soigne aussi les cils et les sourcils !<\/li>\n<li>De jolis cils magnifiquement teints pendant 6 \u00e0 8 semaines.<\/li>\n<li>Plus de mascara ou n\u00e9cessaires.<\/li>\n<li>R\u00e9sultat tr\u00e8s naturel et l\u00e9ger &amp; n\u2019ab\u00eeme pas les cils naturels !<\/li>\n<li>R\u00e9sistante \u00e0 l\u2019eau, \u00e0 la transpiration, \u00e0 la natation &amp; au sommeil.<\/li>\n<li>Facile \u00e0 appliquer aussi bien sur les cils courts que sur les cils longs.<\/li>\n<li>Encore plus d\u2019expression dans le visage gr\u00e2ce \u00e0 la teinture des sourcils.<\/li>\n<li>Les couleurs peuvent \u00eatre m\u00e9lang\u00e9es pour obtenir d\u2019autres nuances.<\/li>\n<li>SOIGNENT et COLORENT les poils.<\/li>\n<li>K\u00c9RATINE : propri\u00e9t\u00e9s fortifiantes et r\u00e9paratrices.<\/li>\n<li>HUILE D\u2019ARGAN : hydrate, r\u00e9pare et nourrit les poils.<\/li>\n<li>COULEURS ACTIVES : la formule colorante assure un meilleur r\u00e9sultat qui dure plus longtemps.<\/li>\n<\/ul>\n<p><span><b>Contenu :<\/b><\/span><\/p>\n<ul>\n<li>50 x Thuya Feuillet Protecteur Cils Doux<\/li>\n<li>1 x Thuya Cr\u00e8me Protectrice 50 ml<\/li>\n<li>1 x Cobrea Pinceau Oblique 6 mm<\/li>\n<li>1 x Godet en Verre (hauteur : 3,5 cm)<\/li>\n<li>1 x Thuya Teinture Cils Noir Profond 14 ml<\/li>\n<li>1 x Thuya Teinture Cils Violet-Noir 14 ml<\/li>\n<li>1 x Thuya Teinture Cils Brun Clair 14 ml<\/li>\n<li>1 x Thuya Teinture Cils Brun Cendr\u00e9 14 ml<\/li>\n<li>1 x Thuya Teinture Cils Brun 14 ml<\/li>\n<li>1 x Thuya Teinture Cils Gris Taupe 14 ml<\/li>\n<li>1 x Thuya Eau Oxygen\u00e9e 3 % Liquide 60 ml<\/li>\n<li>1 x Thuya Pinceau Teinture de Cils<\/li>\n<\/ul><\/p>\n","protected":false},"excerpt":{"rendered":"<p>Un regard lumineux gr\u00e2ce \u00e0 la teinture de cils Tous les produits Thuya sont test\u00e9s dermatologiquement et ophtalmologiquement (PAS test\u00e9s sur les animaux !). Ils contiennent des ingr\u00e9dients soigneusement s\u00e9lectionn\u00e9s et les formules les plus innovantes pour de grands r\u00e9sultats. Les produits Thuya sont plus r\u00e9sistants \u00e0 l\u2019eau. Thuya ne rend pas seulement plus beau, [&hellip;]<\/p>\n","protected":false},"featured_media":146971,"comment_status":"open","ping_status":"closed","template":"","meta":{"_acf_changed":false},"product_brand":[10584],"product_cat":[9978,9890,9980,9882],"product_tag":[],"class_list":{"0":"post-136553","1":"product","2":"type-product","3":"status-publish","4":"has-post-thumbnail","6":"product_brand-thuya-fr","7":"product_cat-beaute-cils-sourcils-lifting-des-sourcils","8":"product_cat-beaute-maquillage-sets","9":"product_cat-beaute-cils-sourcils-teinture","10":"product_cat-beaute-maquillage-yeux-sourcils","12":"first","13":"instock","14":"taxable","15":"shipping-taxable","16":"product-type-simple"},"acf":[],"yoast_head":"<!-- This site is optimized with the Yoast SEO plugin v27.3 - https:\/\/yoast.com\/product\/yoast-seo-wordpress\/ -->\n<title>Thuya Kit Teinture Cils et Sourcils - Districos Webshop<\/title>\n<meta name=\"robots\" content=\"noindex, follow, max-snippet:-1, max-image-preview:large, max-video-preview:-1\" \/>\n<meta property=\"og:locale\" content=\"fr_FR\" \/>\n<meta property=\"og:type\" content=\"article\" \/>\n<meta property=\"og:title\" content=\"Thuya Kit Teinture Cils et Sourcils - Districos Webshop\" \/>\n<meta property=\"og:description\" content=\"Un regard lumineux gr\u00e2ce \u00e0 la teinture de cils Tous les produits Thuya sont test\u00e9s dermatologiquement et ophtalmologiquement (PAS test\u00e9s sur les animaux !). Ils contiennent des ingr\u00e9dients soigneusement s\u00e9lectionn\u00e9s et les formules les plus innovantes pour de grands r\u00e9sultats. Les produits Thuya sont plus r\u00e9sistants \u00e0 l\u2019eau. Thuya ne rend pas seulement plus beau, [&hellip;]\" \/>\n<meta property=\"og:url\" content=\"https:\/\/districos.standingout.be\/fr\/product\/thuya-kit-teinture-cils-et-sourcils-ref-7020-1\/\" \/>\n<meta property=\"og:site_name\" content=\"Districos Webshop\" \/>\n<meta property=\"article:modified_time\" content=\"2026-04-28T07:09:04+00:00\" \/>\n<meta name=\"twitter:card\" content=\"summary_large_image\" \/>\n<meta name=\"twitter:label1\" content=\"Dur\u00e9e de lecture estim\u00e9e\" \/>\n\t<meta name=\"twitter:data1\" content=\"1 minute\" \/>\n<script type=\"application\/ld+json\" class=\"yoast-schema-graph\">{\"@context\":\"https:\\\/\\\/schema.org\",\"@graph\":[{\"@type\":\"WebPage\",\"@id\":\"https:\\\/\\\/districos.standingout.be\\\/fr\\\/product\\\/thuya-kit-teinture-cils-et-sourcils-ref-7020-1\\\/\",\"url\":\"https:\\\/\\\/districos.standingout.be\\\/fr\\\/product\\\/thuya-kit-teinture-cils-et-sourcils-ref-7020-1\\\/\",\"name\":\"Thuya Kit Teinture Cils et Sourcils - Districos Webshop\",\"isPartOf\":{\"@id\":\"https:\\\/\\\/districos.standingout.be\\\/fr\\\/#website\"},\"primaryImageOfPage\":{\"@id\":\"https:\\\/\\\/districos.standingout.be\\\/fr\\\/product\\\/thuya-kit-teinture-cils-et-sourcils-ref-7020-1\\\/#primaryimage\"},\"image\":{\"@id\":\"https:\\\/\\\/districos.standingout.be\\\/fr\\\/product\\\/thuya-kit-teinture-cils-et-sourcils-ref-7020-1\\\/#primaryimage\"},\"thumbnailUrl\":\"https:\\\/\\\/districos.standingout.be\\\/wp-content\\\/uploads\\\/2026\\\/04\\\/7020.1@Kit-Wimperkleuring-Thuya_1-1.png\",\"datePublished\":\"2026-04-28T07:08:59+00:00\",\"dateModified\":\"2026-04-28T07:09:04+00:00\",\"breadcrumb\":{\"@id\":\"https:\\\/\\\/districos.standingout.be\\\/fr\\\/product\\\/thuya-kit-teinture-cils-et-sourcils-ref-7020-1\\\/#breadcrumb\"},\"inLanguage\":\"fr-FR\",\"potentialAction\":[{\"@type\":\"ReadAction\",\"target\":[\"https:\\\/\\\/districos.standingout.be\\\/fr\\\/product\\\/thuya-kit-teinture-cils-et-sourcils-ref-7020-1\\\/\"]}]},{\"@type\":\"ImageObject\",\"inLanguage\":\"fr-FR\",\"@id\":\"https:\\\/\\\/districos.standingout.be\\\/fr\\\/product\\\/thuya-kit-teinture-cils-et-sourcils-ref-7020-1\\\/#primaryimage\",\"url\":\"https:\\\/\\\/districos.standingout.be\\\/wp-content\\\/uploads\\\/2026\\\/04\\\/7020.1@Kit-Wimperkleuring-Thuya_1-1.png\",\"contentUrl\":\"https:\\\/\\\/districos.standingout.be\\\/wp-content\\\/uploads\\\/2026\\\/04\\\/7020.1@Kit-Wimperkleuring-Thuya_1-1.png\",\"width\":600,\"height\":600},{\"@type\":\"BreadcrumbList\",\"@id\":\"https:\\\/\\\/districos.standingout.be\\\/fr\\\/product\\\/thuya-kit-teinture-cils-et-sourcils-ref-7020-1\\\/#breadcrumb\",\"itemListElement\":[{\"@type\":\"ListItem\",\"position\":1,\"name\":\"Home\",\"item\":\"https:\\\/\\\/districos.standingout.be\\\/fr\\\/bienvenue-chez-districos\\\/\"},{\"@type\":\"ListItem\",\"position\":2,\"name\":\"Boutique\",\"item\":\"https:\\\/\\\/districos.standingout.be\\\/fr\\\/boutique\\\/\"},{\"@type\":\"ListItem\",\"position\":3,\"name\":\"Thuya Kit Teinture Cils et Sourcils\"}]},{\"@type\":\"WebSite\",\"@id\":\"https:\\\/\\\/districos.standingout.be\\\/fr\\\/#website\",\"url\":\"https:\\\/\\\/districos.standingout.be\\\/fr\\\/\",\"name\":\"Districos Webshop\",\"description\":\"\",\"publisher\":{\"@id\":\"https:\\\/\\\/districos.standingout.be\\\/fr\\\/#organization\"},\"potentialAction\":[{\"@type\":\"SearchAction\",\"target\":{\"@type\":\"EntryPoint\",\"urlTemplate\":\"https:\\\/\\\/districos.standingout.be\\\/fr\\\/?s={search_term_string}\"},\"query-input\":{\"@type\":\"PropertyValueSpecification\",\"valueRequired\":true,\"valueName\":\"search_term_string\"}}],\"inLanguage\":\"fr-FR\"},{\"@type\":\"Organization\",\"@id\":\"https:\\\/\\\/districos.standingout.be\\\/fr\\\/#organization\",\"name\":\"Districos Webshop\",\"url\":\"https:\\\/\\\/districos.standingout.be\\\/fr\\\/\",\"logo\":{\"@type\":\"ImageObject\",\"inLanguage\":\"fr-FR\",\"@id\":\"https:\\\/\\\/districos.standingout.be\\\/fr\\\/#\\\/schema\\\/logo\\\/image\\\/\",\"url\":\"https:\\\/\\\/districos.standingout.be\\\/wp-content\\\/uploads\\\/2022\\\/09\\\/Districos_Logo_Webshop.svg\",\"contentUrl\":\"https:\\\/\\\/districos.standingout.be\\\/wp-content\\\/uploads\\\/2022\\\/09\\\/Districos_Logo_Webshop.svg\",\"caption\":\"Districos Webshop\"},\"image\":{\"@id\":\"https:\\\/\\\/districos.standingout.be\\\/fr\\\/#\\\/schema\\\/logo\\\/image\\\/\"}}]}<\/script>\n<!-- \/ Yoast SEO plugin. -->","yoast_head_json":{"title":"Thuya Kit Teinture Cils et Sourcils - Districos Webshop","robots":{"index":"noindex","follow":"follow","max-snippet":"max-snippet:-1","max-image-preview":"max-image-preview:large","max-video-preview":"max-video-preview:-1"},"og_locale":"fr_FR","og_type":"article","og_title":"Thuya Kit Teinture Cils et Sourcils - Districos Webshop","og_description":"Un regard lumineux gr\u00e2ce \u00e0 la teinture de cils Tous les produits Thuya sont test\u00e9s dermatologiquement et ophtalmologiquement (PAS test\u00e9s sur les animaux !). Ils contiennent des ingr\u00e9dients soigneusement s\u00e9lectionn\u00e9s et les formules les plus innovantes pour de grands r\u00e9sultats. Les produits Thuya sont plus r\u00e9sistants \u00e0 l\u2019eau. Thuya ne rend pas seulement plus beau, [&hellip;]","og_url":"https:\/\/districos.standingout.be\/fr\/product\/thuya-kit-teinture-cils-et-sourcils-ref-7020-1\/","og_site_name":"Districos Webshop","article_modified_time":"2026-04-28T07:09:04+00:00","twitter_card":"summary_large_image","twitter_misc":{"Dur\u00e9e de lecture estim\u00e9e":"1 minute"},"schema":{"@context":"https:\/\/schema.org","@graph":[{"@type":"WebPage","@id":"https:\/\/districos.standingout.be\/fr\/product\/thuya-kit-teinture-cils-et-sourcils-ref-7020-1\/","url":"https:\/\/districos.standingout.be\/fr\/product\/thuya-kit-teinture-cils-et-sourcils-ref-7020-1\/","name":"Thuya Kit Teinture Cils et Sourcils - Districos Webshop","isPartOf":{"@id":"https:\/\/districos.standingout.be\/fr\/#website"},"primaryImageOfPage":{"@id":"https:\/\/districos.standingout.be\/fr\/product\/thuya-kit-teinture-cils-et-sourcils-ref-7020-1\/#primaryimage"},"image":{"@id":"https:\/\/districos.standingout.be\/fr\/product\/thuya-kit-teinture-cils-et-sourcils-ref-7020-1\/#primaryimage"},"thumbnailUrl":"https:\/\/districos.standingout.be\/wp-content\/uploads\/2026\/04\/7020.1@Kit-Wimperkleuring-Thuya_1-1.png","datePublished":"2026-04-28T07:08:59+00:00","dateModified":"2026-04-28T07:09:04+00:00","breadcrumb":{"@id":"https:\/\/districos.standingout.be\/fr\/product\/thuya-kit-teinture-cils-et-sourcils-ref-7020-1\/#breadcrumb"},"inLanguage":"fr-FR","potentialAction":[{"@type":"ReadAction","target":["https:\/\/districos.standingout.be\/fr\/product\/thuya-kit-teinture-cils-et-sourcils-ref-7020-1\/"]}]},{"@type":"ImageObject","inLanguage":"fr-FR","@id":"https:\/\/districos.standingout.be\/fr\/product\/thuya-kit-teinture-cils-et-sourcils-ref-7020-1\/#primaryimage","url":"https:\/\/districos.standingout.be\/wp-content\/uploads\/2026\/04\/7020.1@Kit-Wimperkleuring-Thuya_1-1.png","contentUrl":"https:\/\/districos.standingout.be\/wp-content\/uploads\/2026\/04\/7020.1@Kit-Wimperkleuring-Thuya_1-1.png","width":600,"height":600},{"@type":"BreadcrumbList","@id":"https:\/\/districos.standingout.be\/fr\/product\/thuya-kit-teinture-cils-et-sourcils-ref-7020-1\/#breadcrumb","itemListElement":[{"@type":"ListItem","position":1,"name":"Home","item":"https:\/\/districos.standingout.be\/fr\/bienvenue-chez-districos\/"},{"@type":"ListItem","position":2,"name":"Boutique","item":"https:\/\/districos.standingout.be\/fr\/boutique\/"},{"@type":"ListItem","position":3,"name":"Thuya Kit Teinture Cils et Sourcils"}]},{"@type":"WebSite","@id":"https:\/\/districos.standingout.be\/fr\/#website","url":"https:\/\/districos.standingout.be\/fr\/","name":"Districos Webshop","description":"","publisher":{"@id":"https:\/\/districos.standingout.be\/fr\/#organization"},"potentialAction":[{"@type":"SearchAction","target":{"@type":"EntryPoint","urlTemplate":"https:\/\/districos.standingout.be\/fr\/?s={search_term_string}"},"query-input":{"@type":"PropertyValueSpecification","valueRequired":true,"valueName":"search_term_string"}}],"inLanguage":"fr-FR"},{"@type":"Organization","@id":"https:\/\/districos.standingout.be\/fr\/#organization","name":"Districos Webshop","url":"https:\/\/districos.standingout.be\/fr\/","logo":{"@type":"ImageObject","inLanguage":"fr-FR","@id":"https:\/\/districos.standingout.be\/fr\/#\/schema\/logo\/image\/","url":"https:\/\/districos.standingout.be\/wp-content\/uploads\/2022\/09\/Districos_Logo_Webshop.svg","contentUrl":"https:\/\/districos.standingout.be\/wp-content\/uploads\/2022\/09\/Districos_Logo_Webshop.svg","caption":"Districos Webshop"},"image":{"@id":"https:\/\/districos.standingout.be\/fr\/#\/schema\/logo\/image\/"}}]}},"_links":{"self":[{"href":"https:\/\/districos.standingout.be\/fr\/wp-json\/wp\/v2\/product\/136553","targetHints":{"allow":["GET"]}}],"collection":[{"href":"https:\/\/districos.standingout.be\/fr\/wp-json\/wp\/v2\/product"}],"about":[{"href":"https:\/\/districos.standingout.be\/fr\/wp-json\/wp\/v2\/types\/product"}],"replies":[{"embeddable":true,"href":"https:\/\/districos.standingout.be\/fr\/wp-json\/wp\/v2\/comments?post=136553"}],"wp:featuredmedia":[{"embeddable":true,"href":"https:\/\/districos.standingout.be\/fr\/wp-json\/wp\/v2\/media\/146971"}],"wp:attachment":[{"href":"https:\/\/districos.standingout.be\/fr\/wp-json\/wp\/v2\/media?parent=136553"}],"wp:term":[{"taxonomy":"product_brand","embeddable":true,"href":"https:\/\/districos.standingout.be\/fr\/wp-json\/wp\/v2\/product_brand?post=136553"},{"taxonomy":"product_cat","embeddable":true,"href":"https:\/\/districos.standingout.be\/fr\/wp-json\/wp\/v2\/product_cat?post=136553"},{"taxonomy":"product_tag","embeddable":true,"href":"https:\/\/districos.standingout.be\/fr\/wp-json\/wp\/v2\/product_tag?post=136553"}],"curies":[{"name":"wp","href":"https:\/\/api.w.org\/{rel}","templated":true}]}}