{"id":136561,"date":"2026-04-28T09:09:23","date_gmt":"2026-04-28T07:09:23","guid":{"rendered":"https:\/\/webshopdistricoscom.webhosting.be\/product\/thuya-kit-teinture-sourcils-ref-7020-2\/"},"modified":"2026-04-28T09:09:27","modified_gmt":"2026-04-28T07:09:27","slug":"thuya-kit-teinture-sourcils-ref-7020-2","status":"publish","type":"product","link":"https:\/\/districos.standingout.be\/fr\/product\/thuya-kit-teinture-sourcils-ref-7020-2\/","title":{"rendered":"Thuya Kit Teinture Sourcils"},"content":{"rendered":"<p >\n<p>Ce kit contient tous les produits pour effectuer une coloration de sourcils parfaite. Gr\u00e2ce aux 4 couleurs dans ce kit, vous pouvez faire les m\u00e9langes les plus populaires pour la coloration des sourcils.<\/p>\n<p><\/p>\n<p><b>Contenu<\/b><\/p>\n<\/p>\n<ul>\n<li>1 x Thuya Color &amp; Shape Fixer 4 ml<\/li>\n<li>1 x Thuya Teinture Cils Brun Clair 14 ml<\/li>\n<li>1 x Thuya Teinture Cils Graphite 14 ml<\/li>\n<li>1 x Thuya Teinture Cils Gris Taupe 14 ml<\/li>\n<li>1 x Thuya Teinture Cils Brun Cendr\u00e9 14 ml<\/li>\n<li>1 x Thuya Eau Oxyg\u00e9n\u00e9e 3 % Cr\u00e8me 14 ml<\/li>\n<li>1 x Thuya P\u00e2te \u00e0 Sourcils 15 ml<\/li>\n<li>1 x Cobra Pinceau Oblique 6 mm<\/li>\n<li>1 x Cobra Pinceau Teinture de Cils 5 mm<\/li>\n<li>1 x Godet en Verre (hauteur : 3,5 cm)<\/li>\n<li>Mode d&#8217;emploi<\/li>\n<\/ul>\n","protected":false},"excerpt":{"rendered":"<p>Ce kit contient tous les produits pour effectuer une coloration de sourcils parfaite. Gr\u00e2ce aux 4 couleurs dans ce kit, vous pouvez faire les m\u00e9langes les plus populaires pour la coloration des sourcils. Contenu 1 x Thuya Color &amp; Shape Fixer 4 ml 1 x Thuya Teinture Cils Brun Clair 14 ml 1 x Thuya [&hellip;]<\/p>\n","protected":false},"featured_media":76733,"comment_status":"open","ping_status":"closed","template":"","meta":{"_acf_changed":false},"product_brand":[10584],"product_cat":[9978,9890,9980,9882],"product_tag":[],"class_list":{"0":"post-136561","1":"product","2":"type-product","3":"status-publish","4":"has-post-thumbnail","6":"product_brand-thuya-fr","7":"product_cat-beaute-cils-sourcils-lifting-des-sourcils","8":"product_cat-beaute-maquillage-sets","9":"product_cat-beaute-cils-sourcils-teinture","10":"product_cat-beaute-maquillage-yeux-sourcils","12":"first","13":"instock","14":"taxable","15":"shipping-taxable","16":"product-type-simple"},"acf":[],"yoast_head":"<!-- This site is optimized with the Yoast SEO plugin v27.3 - https:\/\/yoast.com\/product\/yoast-seo-wordpress\/ -->\n<title>Thuya Kit Teinture Sourcils - Districos Webshop<\/title>\n<meta name=\"robots\" content=\"noindex, follow, max-snippet:-1, max-image-preview:large, max-video-preview:-1\" \/>\n<meta property=\"og:locale\" content=\"fr_FR\" \/>\n<meta property=\"og:type\" content=\"article\" \/>\n<meta property=\"og:title\" content=\"Thuya Kit Teinture Sourcils - Districos Webshop\" \/>\n<meta property=\"og:description\" content=\"Ce kit contient tous les produits pour effectuer une coloration de sourcils parfaite. Gr\u00e2ce aux 4 couleurs dans ce kit, vous pouvez faire les m\u00e9langes les plus populaires pour la coloration des sourcils. Contenu 1 x Thuya Color &amp; Shape Fixer 4 ml 1 x Thuya Teinture Cils Brun Clair 14 ml 1 x Thuya [&hellip;]\" \/>\n<meta property=\"og:url\" content=\"https:\/\/districos.standingout.be\/fr\/product\/thuya-kit-teinture-sourcils-ref-7020-2\/\" \/>\n<meta property=\"og:site_name\" content=\"Districos Webshop\" \/>\n<meta property=\"article:modified_time\" content=\"2026-04-28T07:09:27+00:00\" \/>\n<meta name=\"twitter:card\" content=\"summary_large_image\" \/>\n<meta name=\"twitter:label1\" content=\"Dur\u00e9e de lecture estim\u00e9e\" \/>\n\t<meta name=\"twitter:data1\" content=\"1 minute\" \/>\n<script type=\"application\/ld+json\" class=\"yoast-schema-graph\">{\"@context\":\"https:\\\/\\\/schema.org\",\"@graph\":[{\"@type\":\"WebPage\",\"@id\":\"https:\\\/\\\/districos.standingout.be\\\/fr\\\/product\\\/thuya-kit-teinture-sourcils-ref-7020-2\\\/\",\"url\":\"https:\\\/\\\/districos.standingout.be\\\/fr\\\/product\\\/thuya-kit-teinture-sourcils-ref-7020-2\\\/\",\"name\":\"Thuya Kit Teinture Sourcils - Districos Webshop\",\"isPartOf\":{\"@id\":\"https:\\\/\\\/districos.standingout.be\\\/fr\\\/#website\"},\"primaryImageOfPage\":{\"@id\":\"https:\\\/\\\/districos.standingout.be\\\/fr\\\/product\\\/thuya-kit-teinture-sourcils-ref-7020-2\\\/#primaryimage\"},\"image\":{\"@id\":\"https:\\\/\\\/districos.standingout.be\\\/fr\\\/product\\\/thuya-kit-teinture-sourcils-ref-7020-2\\\/#primaryimage\"},\"thumbnailUrl\":\"https:\\\/\\\/districos.standingout.be\\\/wp-content\\\/uploads\\\/2025\\\/07\\\/7020.2@LowRes_1_0.png\",\"datePublished\":\"2026-04-28T07:09:23+00:00\",\"dateModified\":\"2026-04-28T07:09:27+00:00\",\"breadcrumb\":{\"@id\":\"https:\\\/\\\/districos.standingout.be\\\/fr\\\/product\\\/thuya-kit-teinture-sourcils-ref-7020-2\\\/#breadcrumb\"},\"inLanguage\":\"fr-FR\",\"potentialAction\":[{\"@type\":\"ReadAction\",\"target\":[\"https:\\\/\\\/districos.standingout.be\\\/fr\\\/product\\\/thuya-kit-teinture-sourcils-ref-7020-2\\\/\"]}]},{\"@type\":\"ImageObject\",\"inLanguage\":\"fr-FR\",\"@id\":\"https:\\\/\\\/districos.standingout.be\\\/fr\\\/product\\\/thuya-kit-teinture-sourcils-ref-7020-2\\\/#primaryimage\",\"url\":\"https:\\\/\\\/districos.standingout.be\\\/wp-content\\\/uploads\\\/2025\\\/07\\\/7020.2@LowRes_1_0.png\",\"contentUrl\":\"https:\\\/\\\/districos.standingout.be\\\/wp-content\\\/uploads\\\/2025\\\/07\\\/7020.2@LowRes_1_0.png\",\"width\":600,\"height\":600},{\"@type\":\"BreadcrumbList\",\"@id\":\"https:\\\/\\\/districos.standingout.be\\\/fr\\\/product\\\/thuya-kit-teinture-sourcils-ref-7020-2\\\/#breadcrumb\",\"itemListElement\":[{\"@type\":\"ListItem\",\"position\":1,\"name\":\"Home\",\"item\":\"https:\\\/\\\/districos.standingout.be\\\/fr\\\/bienvenue-chez-districos\\\/\"},{\"@type\":\"ListItem\",\"position\":2,\"name\":\"Boutique\",\"item\":\"https:\\\/\\\/districos.standingout.be\\\/fr\\\/boutique\\\/\"},{\"@type\":\"ListItem\",\"position\":3,\"name\":\"Thuya Kit Teinture Sourcils\"}]},{\"@type\":\"WebSite\",\"@id\":\"https:\\\/\\\/districos.standingout.be\\\/fr\\\/#website\",\"url\":\"https:\\\/\\\/districos.standingout.be\\\/fr\\\/\",\"name\":\"Districos Webshop\",\"description\":\"\",\"publisher\":{\"@id\":\"https:\\\/\\\/districos.standingout.be\\\/fr\\\/#organization\"},\"potentialAction\":[{\"@type\":\"SearchAction\",\"target\":{\"@type\":\"EntryPoint\",\"urlTemplate\":\"https:\\\/\\\/districos.standingout.be\\\/fr\\\/?s={search_term_string}\"},\"query-input\":{\"@type\":\"PropertyValueSpecification\",\"valueRequired\":true,\"valueName\":\"search_term_string\"}}],\"inLanguage\":\"fr-FR\"},{\"@type\":\"Organization\",\"@id\":\"https:\\\/\\\/districos.standingout.be\\\/fr\\\/#organization\",\"name\":\"Districos Webshop\",\"url\":\"https:\\\/\\\/districos.standingout.be\\\/fr\\\/\",\"logo\":{\"@type\":\"ImageObject\",\"inLanguage\":\"fr-FR\",\"@id\":\"https:\\\/\\\/districos.standingout.be\\\/fr\\\/#\\\/schema\\\/logo\\\/image\\\/\",\"url\":\"https:\\\/\\\/districos.standingout.be\\\/wp-content\\\/uploads\\\/2022\\\/09\\\/Districos_Logo_Webshop.svg\",\"contentUrl\":\"https:\\\/\\\/districos.standingout.be\\\/wp-content\\\/uploads\\\/2022\\\/09\\\/Districos_Logo_Webshop.svg\",\"caption\":\"Districos Webshop\"},\"image\":{\"@id\":\"https:\\\/\\\/districos.standingout.be\\\/fr\\\/#\\\/schema\\\/logo\\\/image\\\/\"}}]}<\/script>\n<!-- \/ Yoast SEO plugin. -->","yoast_head_json":{"title":"Thuya Kit Teinture Sourcils - Districos Webshop","robots":{"index":"noindex","follow":"follow","max-snippet":"max-snippet:-1","max-image-preview":"max-image-preview:large","max-video-preview":"max-video-preview:-1"},"og_locale":"fr_FR","og_type":"article","og_title":"Thuya Kit Teinture Sourcils - Districos Webshop","og_description":"Ce kit contient tous les produits pour effectuer une coloration de sourcils parfaite. Gr\u00e2ce aux 4 couleurs dans ce kit, vous pouvez faire les m\u00e9langes les plus populaires pour la coloration des sourcils. Contenu 1 x Thuya Color &amp; Shape Fixer 4 ml 1 x Thuya Teinture Cils Brun Clair 14 ml 1 x Thuya [&hellip;]","og_url":"https:\/\/districos.standingout.be\/fr\/product\/thuya-kit-teinture-sourcils-ref-7020-2\/","og_site_name":"Districos Webshop","article_modified_time":"2026-04-28T07:09:27+00:00","twitter_card":"summary_large_image","twitter_misc":{"Dur\u00e9e de lecture estim\u00e9e":"1 minute"},"schema":{"@context":"https:\/\/schema.org","@graph":[{"@type":"WebPage","@id":"https:\/\/districos.standingout.be\/fr\/product\/thuya-kit-teinture-sourcils-ref-7020-2\/","url":"https:\/\/districos.standingout.be\/fr\/product\/thuya-kit-teinture-sourcils-ref-7020-2\/","name":"Thuya Kit Teinture Sourcils - Districos Webshop","isPartOf":{"@id":"https:\/\/districos.standingout.be\/fr\/#website"},"primaryImageOfPage":{"@id":"https:\/\/districos.standingout.be\/fr\/product\/thuya-kit-teinture-sourcils-ref-7020-2\/#primaryimage"},"image":{"@id":"https:\/\/districos.standingout.be\/fr\/product\/thuya-kit-teinture-sourcils-ref-7020-2\/#primaryimage"},"thumbnailUrl":"https:\/\/districos.standingout.be\/wp-content\/uploads\/2025\/07\/7020.2@LowRes_1_0.png","datePublished":"2026-04-28T07:09:23+00:00","dateModified":"2026-04-28T07:09:27+00:00","breadcrumb":{"@id":"https:\/\/districos.standingout.be\/fr\/product\/thuya-kit-teinture-sourcils-ref-7020-2\/#breadcrumb"},"inLanguage":"fr-FR","potentialAction":[{"@type":"ReadAction","target":["https:\/\/districos.standingout.be\/fr\/product\/thuya-kit-teinture-sourcils-ref-7020-2\/"]}]},{"@type":"ImageObject","inLanguage":"fr-FR","@id":"https:\/\/districos.standingout.be\/fr\/product\/thuya-kit-teinture-sourcils-ref-7020-2\/#primaryimage","url":"https:\/\/districos.standingout.be\/wp-content\/uploads\/2025\/07\/7020.2@LowRes_1_0.png","contentUrl":"https:\/\/districos.standingout.be\/wp-content\/uploads\/2025\/07\/7020.2@LowRes_1_0.png","width":600,"height":600},{"@type":"BreadcrumbList","@id":"https:\/\/districos.standingout.be\/fr\/product\/thuya-kit-teinture-sourcils-ref-7020-2\/#breadcrumb","itemListElement":[{"@type":"ListItem","position":1,"name":"Home","item":"https:\/\/districos.standingout.be\/fr\/bienvenue-chez-districos\/"},{"@type":"ListItem","position":2,"name":"Boutique","item":"https:\/\/districos.standingout.be\/fr\/boutique\/"},{"@type":"ListItem","position":3,"name":"Thuya Kit Teinture Sourcils"}]},{"@type":"WebSite","@id":"https:\/\/districos.standingout.be\/fr\/#website","url":"https:\/\/districos.standingout.be\/fr\/","name":"Districos Webshop","description":"","publisher":{"@id":"https:\/\/districos.standingout.be\/fr\/#organization"},"potentialAction":[{"@type":"SearchAction","target":{"@type":"EntryPoint","urlTemplate":"https:\/\/districos.standingout.be\/fr\/?s={search_term_string}"},"query-input":{"@type":"PropertyValueSpecification","valueRequired":true,"valueName":"search_term_string"}}],"inLanguage":"fr-FR"},{"@type":"Organization","@id":"https:\/\/districos.standingout.be\/fr\/#organization","name":"Districos Webshop","url":"https:\/\/districos.standingout.be\/fr\/","logo":{"@type":"ImageObject","inLanguage":"fr-FR","@id":"https:\/\/districos.standingout.be\/fr\/#\/schema\/logo\/image\/","url":"https:\/\/districos.standingout.be\/wp-content\/uploads\/2022\/09\/Districos_Logo_Webshop.svg","contentUrl":"https:\/\/districos.standingout.be\/wp-content\/uploads\/2022\/09\/Districos_Logo_Webshop.svg","caption":"Districos Webshop"},"image":{"@id":"https:\/\/districos.standingout.be\/fr\/#\/schema\/logo\/image\/"}}]}},"_links":{"self":[{"href":"https:\/\/districos.standingout.be\/fr\/wp-json\/wp\/v2\/product\/136561","targetHints":{"allow":["GET"]}}],"collection":[{"href":"https:\/\/districos.standingout.be\/fr\/wp-json\/wp\/v2\/product"}],"about":[{"href":"https:\/\/districos.standingout.be\/fr\/wp-json\/wp\/v2\/types\/product"}],"replies":[{"embeddable":true,"href":"https:\/\/districos.standingout.be\/fr\/wp-json\/wp\/v2\/comments?post=136561"}],"wp:featuredmedia":[{"embeddable":true,"href":"https:\/\/districos.standingout.be\/fr\/wp-json\/wp\/v2\/media\/76733"}],"wp:attachment":[{"href":"https:\/\/districos.standingout.be\/fr\/wp-json\/wp\/v2\/media?parent=136561"}],"wp:term":[{"taxonomy":"product_brand","embeddable":true,"href":"https:\/\/districos.standingout.be\/fr\/wp-json\/wp\/v2\/product_brand?post=136561"},{"taxonomy":"product_cat","embeddable":true,"href":"https:\/\/districos.standingout.be\/fr\/wp-json\/wp\/v2\/product_cat?post=136561"},{"taxonomy":"product_tag","embeddable":true,"href":"https:\/\/districos.standingout.be\/fr\/wp-json\/wp\/v2\/product_tag?post=136561"}],"curies":[{"name":"wp","href":"https:\/\/api.w.org\/{rel}","templated":true}]}}