{"id":136569,"date":"2026-04-28T09:09:44","date_gmt":"2026-04-28T07:09:44","guid":{"rendered":"https:\/\/webshopdistricoscom.webhosting.be\/product\/thuya-vegan-teinture-warm-grey-gris-chaud-14-ml-ref-7021-05\/"},"modified":"2026-04-28T09:09:47","modified_gmt":"2026-04-28T07:09:47","slug":"thuya-vegan-teinture-warm-grey-gris-chaud-14-ml-ref-7021-05","status":"publish","type":"product","link":"https:\/\/districos.standingout.be\/fr\/product\/thuya-vegan-teinture-warm-grey-gris-chaud-14-ml-ref-7021-05\/","title":{"rendered":"Thuya Vegan Teinture Warm Grey (gris chaud) 14 ml"},"content":{"rendered":"<p >\n<\/p>\n<\/p>\n<\/p>\n<\/p>\n<p>Thuya dispose d&rsquo;une large gamme de couleurs comprenant 4 teintures 100% V\u00c9GANE. Les teintures V\u00c9GANES conservent leur double action de coloration d&rsquo;une part, et de soin et de renforcement des cils et des sourcils d&rsquo;autre part. Ces nouvelles couleurs v\u00e9ganes sont formul\u00e9es avec une forme enti\u00e8rement v\u00e9g\u00e9tale de k\u00e9ratine obtenue \u00e0 partir de prot\u00e9ines de chanvre et de riz, qui renforcent les poils et augmentent leur \u00e9lasticit\u00e9. De plus, elles contiennent de l&rsquo;huile d&rsquo;argan pour une meilleure flexibilit\u00e9 et \u00e9lasticit\u00e9, ainsi que de l&rsquo;alo\u00e9 vera dont les acides amin\u00e9s, les vitamines et les min\u00e9raux contribuent \u00e0 des cils plus sains et brillants.&nbsp;<br \/><span><b>Caract\u00e9ristiques&nbsp;<\/b><\/span><\/p>\n<p><span>Les teintures peuvent \u00eatre m\u00e9lang\u00e9es pour cr\u00e9er des possibilit\u00e9s infinies pour obtenir la couleur parfaite pour les cils et\/ou les sourcils. En plus, les teintures ont une double action : elles soignent et colorent les poils.<\/span><\/p>\n<ul>\n<li>Warm Grey (gris chaud) : couleur taupe gris parfaite pour le m\u00e9lange, pour les poils blond cendr\u00e9, brun et ch\u00e2tains tr\u00e8s clairs.<\/li>\n<li>Convient aux sourcils.<\/li>\n<li>Tube de 14 ml.<\/li>\n<\/ul>\n<p><span><b>Substances actives<\/b><\/span><\/p>\n<ul>\n<li>La k\u00e9ratine a des propri\u00e9t\u00e9s fortifiantes et r\u00e9paratrices.<\/li>\n<li>L&rsquo;huile d&rsquo;argan hydrate, r\u00e9pare et nourrit les poils.<\/li>\n<li>Couleur active : la formule colorante assure un meilleur r\u00e9sultat qui tient plus longtemps.<\/li>\n<\/ul>\n<p><span><b>Disponible en diff\u00e9rentes couleurs<\/b><\/span><\/p>\n<ul>\n<li>Uniquement adapt\u00e9 pour les cils : Black Night (noir profond) (<a href=\"https:\/\/webshop.districos.com\/ProductDetail\/7021.01\" target=\"_blank\" rel=\"noopener noreferrer nofollow\">r\u00e9f. 7021.01<\/a>)<\/li>\n<li>Convient aussi bien pour les cils que pour les sourcils : Coffee (brun) (<a href=\"https:\/\/webshop.districos.com\/ProductDetail\/7021.03\" target=\"_blank\" rel=\"noopener noreferrer nofollow\">r\u00e9f. 7021.03<\/a>)<\/li>\n<li>Uniquement adapt\u00e9 pour les sourcils : Gold Brown (brun dor\u00e9) (<a href=\"https:\/\/webshop.districos.com\/ProductDetail\/7021.04\" target=\"_blank\" rel=\"noopener noreferrer nofollow\">r\u00e9f. 7021.04<\/a>) et Warm Grey (gris chaud) (<a href=\"https:\/\/webshop.districos.com\/ProductDetail\/7021.05\" target=\"_blank\" rel=\"noopener noreferrer nofollow\">r\u00e9f. 7021.05<\/a>).<\/li>\n<\/ul>\n","protected":false},"excerpt":{"rendered":"<p>Thuya dispose d&rsquo;une large gamme de couleurs comprenant 4 teintures 100% V\u00c9GANE. Les teintures V\u00c9GANES conservent leur double action de coloration d&rsquo;une part, et de soin et de renforcement des cils et des sourcils d&rsquo;autre part. Ces nouvelles couleurs v\u00e9ganes sont formul\u00e9es avec une forme enti\u00e8rement v\u00e9g\u00e9tale de k\u00e9ratine obtenue \u00e0 partir de prot\u00e9ines de [&hellip;]<\/p>\n","protected":false},"featured_media":146983,"comment_status":"open","ping_status":"closed","template":"","meta":{"_acf_changed":false},"product_brand":[10584],"product_cat":[9978,9980,9882],"product_tag":[],"class_list":{"0":"post-136569","1":"product","2":"type-product","3":"status-publish","4":"has-post-thumbnail","6":"product_brand-thuya-fr","7":"product_cat-beaute-cils-sourcils-lifting-des-sourcils","8":"product_cat-beaute-cils-sourcils-teinture","9":"product_cat-beaute-maquillage-yeux-sourcils","11":"first","12":"instock","13":"taxable","14":"shipping-taxable","15":"product-type-simple"},"acf":[],"yoast_head":"<!-- This site is optimized with the Yoast SEO plugin v27.3 - https:\/\/yoast.com\/product\/yoast-seo-wordpress\/ -->\n<title>Thuya Vegan Teinture Warm Grey (gris chaud) 14 ml - Districos Webshop<\/title>\n<meta name=\"robots\" content=\"noindex, follow, max-snippet:-1, max-image-preview:large, max-video-preview:-1\" \/>\n<meta property=\"og:locale\" content=\"fr_FR\" \/>\n<meta property=\"og:type\" content=\"article\" \/>\n<meta property=\"og:title\" content=\"Thuya Vegan Teinture Warm Grey (gris chaud) 14 ml - Districos Webshop\" \/>\n<meta property=\"og:description\" content=\"Thuya dispose d&rsquo;une large gamme de couleurs comprenant 4 teintures 100% V\u00c9GANE. Les teintures V\u00c9GANES conservent leur double action de coloration d&rsquo;une part, et de soin et de renforcement des cils et des sourcils d&rsquo;autre part. Ces nouvelles couleurs v\u00e9ganes sont formul\u00e9es avec une forme enti\u00e8rement v\u00e9g\u00e9tale de k\u00e9ratine obtenue \u00e0 partir de prot\u00e9ines de [&hellip;]\" \/>\n<meta property=\"og:url\" content=\"https:\/\/districos.standingout.be\/fr\/product\/thuya-vegan-teinture-warm-grey-gris-chaud-14-ml-ref-7021-05\/\" \/>\n<meta property=\"og:site_name\" content=\"Districos Webshop\" \/>\n<meta property=\"article:modified_time\" content=\"2026-04-28T07:09:47+00:00\" \/>\n<meta name=\"twitter:card\" content=\"summary_large_image\" \/>\n<meta name=\"twitter:label1\" content=\"Dur\u00e9e de lecture estim\u00e9e\" \/>\n\t<meta name=\"twitter:data1\" content=\"1 minute\" \/>\n<script type=\"application\/ld+json\" class=\"yoast-schema-graph\">{\"@context\":\"https:\\\/\\\/schema.org\",\"@graph\":[{\"@type\":\"WebPage\",\"@id\":\"https:\\\/\\\/districos.standingout.be\\\/fr\\\/product\\\/thuya-vegan-teinture-warm-grey-gris-chaud-14-ml-ref-7021-05\\\/\",\"url\":\"https:\\\/\\\/districos.standingout.be\\\/fr\\\/product\\\/thuya-vegan-teinture-warm-grey-gris-chaud-14-ml-ref-7021-05\\\/\",\"name\":\"Thuya Vegan Teinture Warm Grey (gris chaud) 14 ml - Districos Webshop\",\"isPartOf\":{\"@id\":\"https:\\\/\\\/districos.standingout.be\\\/fr\\\/#website\"},\"primaryImageOfPage\":{\"@id\":\"https:\\\/\\\/districos.standingout.be\\\/fr\\\/product\\\/thuya-vegan-teinture-warm-grey-gris-chaud-14-ml-ref-7021-05\\\/#primaryimage\"},\"image\":{\"@id\":\"https:\\\/\\\/districos.standingout.be\\\/fr\\\/product\\\/thuya-vegan-teinture-warm-grey-gris-chaud-14-ml-ref-7021-05\\\/#primaryimage\"},\"thumbnailUrl\":\"https:\\\/\\\/districos.standingout.be\\\/wp-content\\\/uploads\\\/2026\\\/04\\\/7021.05@Thuya-Vegan-Kleuring-Warm-Grey-14-ml_1-1.png\",\"datePublished\":\"2026-04-28T07:09:44+00:00\",\"dateModified\":\"2026-04-28T07:09:47+00:00\",\"breadcrumb\":{\"@id\":\"https:\\\/\\\/districos.standingout.be\\\/fr\\\/product\\\/thuya-vegan-teinture-warm-grey-gris-chaud-14-ml-ref-7021-05\\\/#breadcrumb\"},\"inLanguage\":\"fr-FR\",\"potentialAction\":[{\"@type\":\"ReadAction\",\"target\":[\"https:\\\/\\\/districos.standingout.be\\\/fr\\\/product\\\/thuya-vegan-teinture-warm-grey-gris-chaud-14-ml-ref-7021-05\\\/\"]}]},{\"@type\":\"ImageObject\",\"inLanguage\":\"fr-FR\",\"@id\":\"https:\\\/\\\/districos.standingout.be\\\/fr\\\/product\\\/thuya-vegan-teinture-warm-grey-gris-chaud-14-ml-ref-7021-05\\\/#primaryimage\",\"url\":\"https:\\\/\\\/districos.standingout.be\\\/wp-content\\\/uploads\\\/2026\\\/04\\\/7021.05@Thuya-Vegan-Kleuring-Warm-Grey-14-ml_1-1.png\",\"contentUrl\":\"https:\\\/\\\/districos.standingout.be\\\/wp-content\\\/uploads\\\/2026\\\/04\\\/7021.05@Thuya-Vegan-Kleuring-Warm-Grey-14-ml_1-1.png\",\"width\":600,\"height\":600},{\"@type\":\"BreadcrumbList\",\"@id\":\"https:\\\/\\\/districos.standingout.be\\\/fr\\\/product\\\/thuya-vegan-teinture-warm-grey-gris-chaud-14-ml-ref-7021-05\\\/#breadcrumb\",\"itemListElement\":[{\"@type\":\"ListItem\",\"position\":1,\"name\":\"Home\",\"item\":\"https:\\\/\\\/districos.standingout.be\\\/fr\\\/bienvenue-chez-districos\\\/\"},{\"@type\":\"ListItem\",\"position\":2,\"name\":\"Boutique\",\"item\":\"https:\\\/\\\/districos.standingout.be\\\/fr\\\/boutique\\\/\"},{\"@type\":\"ListItem\",\"position\":3,\"name\":\"Thuya Vegan Teinture Warm Grey (gris chaud) 14 ml\"}]},{\"@type\":\"WebSite\",\"@id\":\"https:\\\/\\\/districos.standingout.be\\\/fr\\\/#website\",\"url\":\"https:\\\/\\\/districos.standingout.be\\\/fr\\\/\",\"name\":\"Districos Webshop\",\"description\":\"\",\"publisher\":{\"@id\":\"https:\\\/\\\/districos.standingout.be\\\/fr\\\/#organization\"},\"potentialAction\":[{\"@type\":\"SearchAction\",\"target\":{\"@type\":\"EntryPoint\",\"urlTemplate\":\"https:\\\/\\\/districos.standingout.be\\\/fr\\\/?s={search_term_string}\"},\"query-input\":{\"@type\":\"PropertyValueSpecification\",\"valueRequired\":true,\"valueName\":\"search_term_string\"}}],\"inLanguage\":\"fr-FR\"},{\"@type\":\"Organization\",\"@id\":\"https:\\\/\\\/districos.standingout.be\\\/fr\\\/#organization\",\"name\":\"Districos Webshop\",\"url\":\"https:\\\/\\\/districos.standingout.be\\\/fr\\\/\",\"logo\":{\"@type\":\"ImageObject\",\"inLanguage\":\"fr-FR\",\"@id\":\"https:\\\/\\\/districos.standingout.be\\\/fr\\\/#\\\/schema\\\/logo\\\/image\\\/\",\"url\":\"https:\\\/\\\/districos.standingout.be\\\/wp-content\\\/uploads\\\/2022\\\/09\\\/Districos_Logo_Webshop.svg\",\"contentUrl\":\"https:\\\/\\\/districos.standingout.be\\\/wp-content\\\/uploads\\\/2022\\\/09\\\/Districos_Logo_Webshop.svg\",\"caption\":\"Districos Webshop\"},\"image\":{\"@id\":\"https:\\\/\\\/districos.standingout.be\\\/fr\\\/#\\\/schema\\\/logo\\\/image\\\/\"}}]}<\/script>\n<!-- \/ Yoast SEO plugin. -->","yoast_head_json":{"title":"Thuya Vegan Teinture Warm Grey (gris chaud) 14 ml - Districos Webshop","robots":{"index":"noindex","follow":"follow","max-snippet":"max-snippet:-1","max-image-preview":"max-image-preview:large","max-video-preview":"max-video-preview:-1"},"og_locale":"fr_FR","og_type":"article","og_title":"Thuya Vegan Teinture Warm Grey (gris chaud) 14 ml - Districos Webshop","og_description":"Thuya dispose d&rsquo;une large gamme de couleurs comprenant 4 teintures 100% V\u00c9GANE. Les teintures V\u00c9GANES conservent leur double action de coloration d&rsquo;une part, et de soin et de renforcement des cils et des sourcils d&rsquo;autre part. Ces nouvelles couleurs v\u00e9ganes sont formul\u00e9es avec une forme enti\u00e8rement v\u00e9g\u00e9tale de k\u00e9ratine obtenue \u00e0 partir de prot\u00e9ines de [&hellip;]","og_url":"https:\/\/districos.standingout.be\/fr\/product\/thuya-vegan-teinture-warm-grey-gris-chaud-14-ml-ref-7021-05\/","og_site_name":"Districos Webshop","article_modified_time":"2026-04-28T07:09:47+00:00","twitter_card":"summary_large_image","twitter_misc":{"Dur\u00e9e de lecture estim\u00e9e":"1 minute"},"schema":{"@context":"https:\/\/schema.org","@graph":[{"@type":"WebPage","@id":"https:\/\/districos.standingout.be\/fr\/product\/thuya-vegan-teinture-warm-grey-gris-chaud-14-ml-ref-7021-05\/","url":"https:\/\/districos.standingout.be\/fr\/product\/thuya-vegan-teinture-warm-grey-gris-chaud-14-ml-ref-7021-05\/","name":"Thuya Vegan Teinture Warm Grey (gris chaud) 14 ml - Districos Webshop","isPartOf":{"@id":"https:\/\/districos.standingout.be\/fr\/#website"},"primaryImageOfPage":{"@id":"https:\/\/districos.standingout.be\/fr\/product\/thuya-vegan-teinture-warm-grey-gris-chaud-14-ml-ref-7021-05\/#primaryimage"},"image":{"@id":"https:\/\/districos.standingout.be\/fr\/product\/thuya-vegan-teinture-warm-grey-gris-chaud-14-ml-ref-7021-05\/#primaryimage"},"thumbnailUrl":"https:\/\/districos.standingout.be\/wp-content\/uploads\/2026\/04\/7021.05@Thuya-Vegan-Kleuring-Warm-Grey-14-ml_1-1.png","datePublished":"2026-04-28T07:09:44+00:00","dateModified":"2026-04-28T07:09:47+00:00","breadcrumb":{"@id":"https:\/\/districos.standingout.be\/fr\/product\/thuya-vegan-teinture-warm-grey-gris-chaud-14-ml-ref-7021-05\/#breadcrumb"},"inLanguage":"fr-FR","potentialAction":[{"@type":"ReadAction","target":["https:\/\/districos.standingout.be\/fr\/product\/thuya-vegan-teinture-warm-grey-gris-chaud-14-ml-ref-7021-05\/"]}]},{"@type":"ImageObject","inLanguage":"fr-FR","@id":"https:\/\/districos.standingout.be\/fr\/product\/thuya-vegan-teinture-warm-grey-gris-chaud-14-ml-ref-7021-05\/#primaryimage","url":"https:\/\/districos.standingout.be\/wp-content\/uploads\/2026\/04\/7021.05@Thuya-Vegan-Kleuring-Warm-Grey-14-ml_1-1.png","contentUrl":"https:\/\/districos.standingout.be\/wp-content\/uploads\/2026\/04\/7021.05@Thuya-Vegan-Kleuring-Warm-Grey-14-ml_1-1.png","width":600,"height":600},{"@type":"BreadcrumbList","@id":"https:\/\/districos.standingout.be\/fr\/product\/thuya-vegan-teinture-warm-grey-gris-chaud-14-ml-ref-7021-05\/#breadcrumb","itemListElement":[{"@type":"ListItem","position":1,"name":"Home","item":"https:\/\/districos.standingout.be\/fr\/bienvenue-chez-districos\/"},{"@type":"ListItem","position":2,"name":"Boutique","item":"https:\/\/districos.standingout.be\/fr\/boutique\/"},{"@type":"ListItem","position":3,"name":"Thuya Vegan Teinture Warm Grey (gris chaud) 14 ml"}]},{"@type":"WebSite","@id":"https:\/\/districos.standingout.be\/fr\/#website","url":"https:\/\/districos.standingout.be\/fr\/","name":"Districos Webshop","description":"","publisher":{"@id":"https:\/\/districos.standingout.be\/fr\/#organization"},"potentialAction":[{"@type":"SearchAction","target":{"@type":"EntryPoint","urlTemplate":"https:\/\/districos.standingout.be\/fr\/?s={search_term_string}"},"query-input":{"@type":"PropertyValueSpecification","valueRequired":true,"valueName":"search_term_string"}}],"inLanguage":"fr-FR"},{"@type":"Organization","@id":"https:\/\/districos.standingout.be\/fr\/#organization","name":"Districos Webshop","url":"https:\/\/districos.standingout.be\/fr\/","logo":{"@type":"ImageObject","inLanguage":"fr-FR","@id":"https:\/\/districos.standingout.be\/fr\/#\/schema\/logo\/image\/","url":"https:\/\/districos.standingout.be\/wp-content\/uploads\/2022\/09\/Districos_Logo_Webshop.svg","contentUrl":"https:\/\/districos.standingout.be\/wp-content\/uploads\/2022\/09\/Districos_Logo_Webshop.svg","caption":"Districos Webshop"},"image":{"@id":"https:\/\/districos.standingout.be\/fr\/#\/schema\/logo\/image\/"}}]}},"_links":{"self":[{"href":"https:\/\/districos.standingout.be\/fr\/wp-json\/wp\/v2\/product\/136569","targetHints":{"allow":["GET"]}}],"collection":[{"href":"https:\/\/districos.standingout.be\/fr\/wp-json\/wp\/v2\/product"}],"about":[{"href":"https:\/\/districos.standingout.be\/fr\/wp-json\/wp\/v2\/types\/product"}],"replies":[{"embeddable":true,"href":"https:\/\/districos.standingout.be\/fr\/wp-json\/wp\/v2\/comments?post=136569"}],"wp:featuredmedia":[{"embeddable":true,"href":"https:\/\/districos.standingout.be\/fr\/wp-json\/wp\/v2\/media\/146983"}],"wp:attachment":[{"href":"https:\/\/districos.standingout.be\/fr\/wp-json\/wp\/v2\/media?parent=136569"}],"wp:term":[{"taxonomy":"product_brand","embeddable":true,"href":"https:\/\/districos.standingout.be\/fr\/wp-json\/wp\/v2\/product_brand?post=136569"},{"taxonomy":"product_cat","embeddable":true,"href":"https:\/\/districos.standingout.be\/fr\/wp-json\/wp\/v2\/product_cat?post=136569"},{"taxonomy":"product_tag","embeddable":true,"href":"https:\/\/districos.standingout.be\/fr\/wp-json\/wp\/v2\/product_tag?post=136569"}],"curies":[{"name":"wp","href":"https:\/\/api.w.org\/{rel}","templated":true}]}}