{"id":136575,"date":"2026-04-28T09:10:43","date_gmt":"2026-04-28T07:10:43","guid":{"rendered":"https:\/\/webshopdistricoscom.webhosting.be\/product\/thuya-pate-a-sourcils-15-ml-ref-7027-01\/"},"modified":"2026-04-28T09:10:47","modified_gmt":"2026-04-28T07:10:47","slug":"thuya-pate-a-sourcils-15-ml-ref-7027-01","status":"publish","type":"product","link":"https:\/\/districos.standingout.be\/fr\/product\/thuya-pate-a-sourcils-15-ml-ref-7027-01\/","title":{"rendered":"Thuya P\u00e2te \u00e0 Sourcils 15 ml"},"content":{"rendered":"<p >\n<p>P\u00e2te blanche protectrice qui peut \u00eatre utilis\u00e9e pour d\u00e9finir les sourcils. \u00c0 l&rsquo;aide d&rsquo;un pinceau fin, vous appliquez la p\u00e2te pour d\u00e9terminer la forme que vous souhaitez donner aux sourcils avant de les colorer. La p\u00e2te prot\u00e8ge la peau pour \u00e9viter les taches et donne un r\u00e9sultat pr\u00e9cis.<\/p>\n<p><\/p>\n<p><b>Substances actives<\/b><\/p>\n<\/p>\n<ul>\n<li>L&rsquo;extrait d&rsquo;huile de ricin hydrate et nourrit la peau.<\/li>\n<\/ul>\n","protected":false},"excerpt":{"rendered":"<p>P\u00e2te blanche protectrice qui peut \u00eatre utilis\u00e9e pour d\u00e9finir les sourcils. \u00c0 l&rsquo;aide d&rsquo;un pinceau fin, vous appliquez la p\u00e2te pour d\u00e9terminer la forme que vous souhaitez donner aux sourcils avant de les colorer. La p\u00e2te prot\u00e8ge la peau pour \u00e9viter les taches et donne un r\u00e9sultat pr\u00e9cis. Substances actives L&rsquo;extrait d&rsquo;huile de ricin hydrate [&hellip;]<\/p>\n","protected":false},"featured_media":110000,"comment_status":"open","ping_status":"closed","template":"","meta":{"_acf_changed":false},"product_brand":[10584],"product_cat":[9978,9980,9882],"product_tag":[],"class_list":{"0":"post-136575","1":"product","2":"type-product","3":"status-publish","4":"has-post-thumbnail","6":"product_brand-thuya-fr","7":"product_cat-beaute-cils-sourcils-lifting-des-sourcils","8":"product_cat-beaute-cils-sourcils-teinture","9":"product_cat-beaute-maquillage-yeux-sourcils","11":"first","12":"instock","13":"taxable","14":"shipping-taxable","15":"product-type-simple"},"acf":[],"yoast_head":"<!-- This site is optimized with the Yoast SEO plugin v27.3 - https:\/\/yoast.com\/product\/yoast-seo-wordpress\/ -->\n<title>Thuya P\u00e2te \u00e0 Sourcils 15 ml - Districos Webshop<\/title>\n<meta name=\"robots\" content=\"noindex, follow, max-snippet:-1, max-image-preview:large, max-video-preview:-1\" \/>\n<meta property=\"og:locale\" content=\"fr_FR\" \/>\n<meta property=\"og:type\" content=\"article\" \/>\n<meta property=\"og:title\" content=\"Thuya P\u00e2te \u00e0 Sourcils 15 ml - Districos Webshop\" \/>\n<meta property=\"og:description\" content=\"P\u00e2te blanche protectrice qui peut \u00eatre utilis\u00e9e pour d\u00e9finir les sourcils. \u00c0 l&rsquo;aide d&rsquo;un pinceau fin, vous appliquez la p\u00e2te pour d\u00e9terminer la forme que vous souhaitez donner aux sourcils avant de les colorer. La p\u00e2te prot\u00e8ge la peau pour \u00e9viter les taches et donne un r\u00e9sultat pr\u00e9cis. Substances actives L&rsquo;extrait d&rsquo;huile de ricin hydrate [&hellip;]\" \/>\n<meta property=\"og:url\" content=\"https:\/\/districos.standingout.be\/fr\/product\/thuya-pate-a-sourcils-15-ml-ref-7027-01\/\" \/>\n<meta property=\"og:site_name\" content=\"Districos Webshop\" \/>\n<meta property=\"article:modified_time\" content=\"2026-04-28T07:10:47+00:00\" \/>\n<meta name=\"twitter:card\" content=\"summary_large_image\" \/>\n<script type=\"application\/ld+json\" class=\"yoast-schema-graph\">{\"@context\":\"https:\\\/\\\/schema.org\",\"@graph\":[{\"@type\":\"WebPage\",\"@id\":\"https:\\\/\\\/districos.standingout.be\\\/fr\\\/product\\\/thuya-pate-a-sourcils-15-ml-ref-7027-01\\\/\",\"url\":\"https:\\\/\\\/districos.standingout.be\\\/fr\\\/product\\\/thuya-pate-a-sourcils-15-ml-ref-7027-01\\\/\",\"name\":\"Thuya P\u00e2te \u00e0 Sourcils 15 ml - Districos Webshop\",\"isPartOf\":{\"@id\":\"https:\\\/\\\/districos.standingout.be\\\/fr\\\/#website\"},\"primaryImageOfPage\":{\"@id\":\"https:\\\/\\\/districos.standingout.be\\\/fr\\\/product\\\/thuya-pate-a-sourcils-15-ml-ref-7027-01\\\/#primaryimage\"},\"image\":{\"@id\":\"https:\\\/\\\/districos.standingout.be\\\/fr\\\/product\\\/thuya-pate-a-sourcils-15-ml-ref-7027-01\\\/#primaryimage\"},\"thumbnailUrl\":\"https:\\\/\\\/districos.standingout.be\\\/wp-content\\\/uploads\\\/2026\\\/03\\\/7027.01@LowRes_1_0.png\",\"datePublished\":\"2026-04-28T07:10:43+00:00\",\"dateModified\":\"2026-04-28T07:10:47+00:00\",\"breadcrumb\":{\"@id\":\"https:\\\/\\\/districos.standingout.be\\\/fr\\\/product\\\/thuya-pate-a-sourcils-15-ml-ref-7027-01\\\/#breadcrumb\"},\"inLanguage\":\"fr-FR\",\"potentialAction\":[{\"@type\":\"ReadAction\",\"target\":[\"https:\\\/\\\/districos.standingout.be\\\/fr\\\/product\\\/thuya-pate-a-sourcils-15-ml-ref-7027-01\\\/\"]}]},{\"@type\":\"ImageObject\",\"inLanguage\":\"fr-FR\",\"@id\":\"https:\\\/\\\/districos.standingout.be\\\/fr\\\/product\\\/thuya-pate-a-sourcils-15-ml-ref-7027-01\\\/#primaryimage\",\"url\":\"https:\\\/\\\/districos.standingout.be\\\/wp-content\\\/uploads\\\/2026\\\/03\\\/7027.01@LowRes_1_0.png\",\"contentUrl\":\"https:\\\/\\\/districos.standingout.be\\\/wp-content\\\/uploads\\\/2026\\\/03\\\/7027.01@LowRes_1_0.png\",\"width\":600,\"height\":600},{\"@type\":\"BreadcrumbList\",\"@id\":\"https:\\\/\\\/districos.standingout.be\\\/fr\\\/product\\\/thuya-pate-a-sourcils-15-ml-ref-7027-01\\\/#breadcrumb\",\"itemListElement\":[{\"@type\":\"ListItem\",\"position\":1,\"name\":\"Home\",\"item\":\"https:\\\/\\\/districos.standingout.be\\\/fr\\\/bienvenue-chez-districos\\\/\"},{\"@type\":\"ListItem\",\"position\":2,\"name\":\"Boutique\",\"item\":\"https:\\\/\\\/districos.standingout.be\\\/fr\\\/boutique\\\/\"},{\"@type\":\"ListItem\",\"position\":3,\"name\":\"Thuya P\u00e2te \u00e0 Sourcils 15 ml\"}]},{\"@type\":\"WebSite\",\"@id\":\"https:\\\/\\\/districos.standingout.be\\\/fr\\\/#website\",\"url\":\"https:\\\/\\\/districos.standingout.be\\\/fr\\\/\",\"name\":\"Districos Webshop\",\"description\":\"\",\"publisher\":{\"@id\":\"https:\\\/\\\/districos.standingout.be\\\/fr\\\/#organization\"},\"potentialAction\":[{\"@type\":\"SearchAction\",\"target\":{\"@type\":\"EntryPoint\",\"urlTemplate\":\"https:\\\/\\\/districos.standingout.be\\\/fr\\\/?s={search_term_string}\"},\"query-input\":{\"@type\":\"PropertyValueSpecification\",\"valueRequired\":true,\"valueName\":\"search_term_string\"}}],\"inLanguage\":\"fr-FR\"},{\"@type\":\"Organization\",\"@id\":\"https:\\\/\\\/districos.standingout.be\\\/fr\\\/#organization\",\"name\":\"Districos Webshop\",\"url\":\"https:\\\/\\\/districos.standingout.be\\\/fr\\\/\",\"logo\":{\"@type\":\"ImageObject\",\"inLanguage\":\"fr-FR\",\"@id\":\"https:\\\/\\\/districos.standingout.be\\\/fr\\\/#\\\/schema\\\/logo\\\/image\\\/\",\"url\":\"https:\\\/\\\/districos.standingout.be\\\/wp-content\\\/uploads\\\/2022\\\/09\\\/Districos_Logo_Webshop.svg\",\"contentUrl\":\"https:\\\/\\\/districos.standingout.be\\\/wp-content\\\/uploads\\\/2022\\\/09\\\/Districos_Logo_Webshop.svg\",\"caption\":\"Districos Webshop\"},\"image\":{\"@id\":\"https:\\\/\\\/districos.standingout.be\\\/fr\\\/#\\\/schema\\\/logo\\\/image\\\/\"}}]}<\/script>\n<!-- \/ Yoast SEO plugin. -->","yoast_head_json":{"title":"Thuya P\u00e2te \u00e0 Sourcils 15 ml - Districos Webshop","robots":{"index":"noindex","follow":"follow","max-snippet":"max-snippet:-1","max-image-preview":"max-image-preview:large","max-video-preview":"max-video-preview:-1"},"og_locale":"fr_FR","og_type":"article","og_title":"Thuya P\u00e2te \u00e0 Sourcils 15 ml - Districos Webshop","og_description":"P\u00e2te blanche protectrice qui peut \u00eatre utilis\u00e9e pour d\u00e9finir les sourcils. \u00c0 l&rsquo;aide d&rsquo;un pinceau fin, vous appliquez la p\u00e2te pour d\u00e9terminer la forme que vous souhaitez donner aux sourcils avant de les colorer. La p\u00e2te prot\u00e8ge la peau pour \u00e9viter les taches et donne un r\u00e9sultat pr\u00e9cis. Substances actives L&rsquo;extrait d&rsquo;huile de ricin hydrate [&hellip;]","og_url":"https:\/\/districos.standingout.be\/fr\/product\/thuya-pate-a-sourcils-15-ml-ref-7027-01\/","og_site_name":"Districos Webshop","article_modified_time":"2026-04-28T07:10:47+00:00","twitter_card":"summary_large_image","schema":{"@context":"https:\/\/schema.org","@graph":[{"@type":"WebPage","@id":"https:\/\/districos.standingout.be\/fr\/product\/thuya-pate-a-sourcils-15-ml-ref-7027-01\/","url":"https:\/\/districos.standingout.be\/fr\/product\/thuya-pate-a-sourcils-15-ml-ref-7027-01\/","name":"Thuya P\u00e2te \u00e0 Sourcils 15 ml - Districos Webshop","isPartOf":{"@id":"https:\/\/districos.standingout.be\/fr\/#website"},"primaryImageOfPage":{"@id":"https:\/\/districos.standingout.be\/fr\/product\/thuya-pate-a-sourcils-15-ml-ref-7027-01\/#primaryimage"},"image":{"@id":"https:\/\/districos.standingout.be\/fr\/product\/thuya-pate-a-sourcils-15-ml-ref-7027-01\/#primaryimage"},"thumbnailUrl":"https:\/\/districos.standingout.be\/wp-content\/uploads\/2026\/03\/7027.01@LowRes_1_0.png","datePublished":"2026-04-28T07:10:43+00:00","dateModified":"2026-04-28T07:10:47+00:00","breadcrumb":{"@id":"https:\/\/districos.standingout.be\/fr\/product\/thuya-pate-a-sourcils-15-ml-ref-7027-01\/#breadcrumb"},"inLanguage":"fr-FR","potentialAction":[{"@type":"ReadAction","target":["https:\/\/districos.standingout.be\/fr\/product\/thuya-pate-a-sourcils-15-ml-ref-7027-01\/"]}]},{"@type":"ImageObject","inLanguage":"fr-FR","@id":"https:\/\/districos.standingout.be\/fr\/product\/thuya-pate-a-sourcils-15-ml-ref-7027-01\/#primaryimage","url":"https:\/\/districos.standingout.be\/wp-content\/uploads\/2026\/03\/7027.01@LowRes_1_0.png","contentUrl":"https:\/\/districos.standingout.be\/wp-content\/uploads\/2026\/03\/7027.01@LowRes_1_0.png","width":600,"height":600},{"@type":"BreadcrumbList","@id":"https:\/\/districos.standingout.be\/fr\/product\/thuya-pate-a-sourcils-15-ml-ref-7027-01\/#breadcrumb","itemListElement":[{"@type":"ListItem","position":1,"name":"Home","item":"https:\/\/districos.standingout.be\/fr\/bienvenue-chez-districos\/"},{"@type":"ListItem","position":2,"name":"Boutique","item":"https:\/\/districos.standingout.be\/fr\/boutique\/"},{"@type":"ListItem","position":3,"name":"Thuya P\u00e2te \u00e0 Sourcils 15 ml"}]},{"@type":"WebSite","@id":"https:\/\/districos.standingout.be\/fr\/#website","url":"https:\/\/districos.standingout.be\/fr\/","name":"Districos Webshop","description":"","publisher":{"@id":"https:\/\/districos.standingout.be\/fr\/#organization"},"potentialAction":[{"@type":"SearchAction","target":{"@type":"EntryPoint","urlTemplate":"https:\/\/districos.standingout.be\/fr\/?s={search_term_string}"},"query-input":{"@type":"PropertyValueSpecification","valueRequired":true,"valueName":"search_term_string"}}],"inLanguage":"fr-FR"},{"@type":"Organization","@id":"https:\/\/districos.standingout.be\/fr\/#organization","name":"Districos Webshop","url":"https:\/\/districos.standingout.be\/fr\/","logo":{"@type":"ImageObject","inLanguage":"fr-FR","@id":"https:\/\/districos.standingout.be\/fr\/#\/schema\/logo\/image\/","url":"https:\/\/districos.standingout.be\/wp-content\/uploads\/2022\/09\/Districos_Logo_Webshop.svg","contentUrl":"https:\/\/districos.standingout.be\/wp-content\/uploads\/2022\/09\/Districos_Logo_Webshop.svg","caption":"Districos Webshop"},"image":{"@id":"https:\/\/districos.standingout.be\/fr\/#\/schema\/logo\/image\/"}}]}},"_links":{"self":[{"href":"https:\/\/districos.standingout.be\/fr\/wp-json\/wp\/v2\/product\/136575","targetHints":{"allow":["GET"]}}],"collection":[{"href":"https:\/\/districos.standingout.be\/fr\/wp-json\/wp\/v2\/product"}],"about":[{"href":"https:\/\/districos.standingout.be\/fr\/wp-json\/wp\/v2\/types\/product"}],"replies":[{"embeddable":true,"href":"https:\/\/districos.standingout.be\/fr\/wp-json\/wp\/v2\/comments?post=136575"}],"wp:featuredmedia":[{"embeddable":true,"href":"https:\/\/districos.standingout.be\/fr\/wp-json\/wp\/v2\/media\/110000"}],"wp:attachment":[{"href":"https:\/\/districos.standingout.be\/fr\/wp-json\/wp\/v2\/media?parent=136575"}],"wp:term":[{"taxonomy":"product_brand","embeddable":true,"href":"https:\/\/districos.standingout.be\/fr\/wp-json\/wp\/v2\/product_brand?post=136575"},{"taxonomy":"product_cat","embeddable":true,"href":"https:\/\/districos.standingout.be\/fr\/wp-json\/wp\/v2\/product_cat?post=136575"},{"taxonomy":"product_tag","embeddable":true,"href":"https:\/\/districos.standingout.be\/fr\/wp-json\/wp\/v2\/product_tag?post=136575"}],"curies":[{"name":"wp","href":"https:\/\/api.w.org\/{rel}","templated":true}]}}