{"id":136579,"date":"2026-04-28T09:10:53","date_gmt":"2026-04-28T07:10:53","guid":{"rendered":"https:\/\/webshopdistricoscom.webhosting.be\/product\/thuya-brow-shampoo-50-ml-ref-7027-03-2\/"},"modified":"2026-04-28T09:10:57","modified_gmt":"2026-04-28T07:10:57","slug":"thuya-brow-shampoo-50-ml-ref-7027-03","status":"publish","type":"product","link":"https:\/\/districos.standingout.be\/fr\/product\/thuya-brow-shampoo-50-ml-ref-7027-03\/","title":{"rendered":"Thuya Brow Shampoo 50 ml"},"content":{"rendered":"<p >\n<\/p>\n<p><b><span lang=\"FR-BE\">Thuya Brow Shampoo 50 ml &#8211; Soin Nettoyant pour des Sourcils Parfaits<\/span><\/b><span lang=\"FR-BE\"><o:p><\/o:p><\/span><\/p>\n<p><span lang=\"FR-BE\">Offrez aux sourcils les soins qu&rsquo;ils m\u00e9ritent avec le Thuya Brow Shampoo. Sa formule sp\u00e9ciale est con\u00e7ue pour nettoyer en profondeur les sourcils. Ce shampooing est un produit indispensable pour chaque styliste de sourcils professionnel(le) !<o:p><\/o:p><\/span><\/p>\n<ul type=\"disc\">\n<li><span lang=\"FR-BE\">Nettoyage en profondeur : Le Brow Shampoo permet d\u2019\u00e9liminer facilement les r\u00e9sidus de maquillage, l&rsquo;huile et les impuret\u00e9s des sourcils, les laissant frais et propres.<o:p><\/o:p><\/span><\/li>\n<li><span lang=\"FR-BE\">Meilleur r\u00e9sultat du traitement : Que ce soit pour une lamination, une teinture ou un traitement au henn\u00e9, le r\u00e9sultat sera plus intense et durable gr\u00e2ce \u00e0 un nettoyage en profondeur. <o:p><\/o:p><\/span><\/li>\n<li><span lang=\"FR-BE\">Hydratation: Gr\u00e2ce \u00e0 sa formule douce, les sourcils sont nettoy\u00e9s sans \u00eatre dess\u00e9ch\u00e9s ni endommag\u00e9s. <o:p><\/o:p><\/span><\/li>\n<li><span lang=\"FR-BE\">Convient \u00e0 tous les types de sourcils : Ce shampooing convient aussi bien aux sourcils fins qu&rsquo;aux sourcils \u00e9pais, et il est m\u00eame suffisamment doux pour les peaux les plus sensibles.<o:p><\/o:p><\/span><\/li>\n<li><span lang=\"FR-BE\">Facile \u00e0 utiliser.<o:p><\/o:p><\/span><\/li>\n<\/ul>\n<p><b><span lang=\"FR-BE\">Substances actives<o:p><\/o:p><\/span><\/b><\/p>\n<p> <span lang=\"FR-BE\">\u00b7<span>&nbsp;&nbsp;&nbsp;&nbsp;&nbsp;&nbsp; <\/span><\/span> <span lang=\"FR-BE\">Gr\u00e2ce \u00e0 des substances tels que l&rsquo;extrait de mauve et les surfactants de pois, ce shampooing a un effet apaisant et calmant.<b><o:p><\/o:p><\/b><\/span><\/p>\n<p> <span lang=\"FR-BE\">\u00b7<span>&nbsp;&nbsp;&nbsp;&nbsp;&nbsp;&nbsp; <\/span><\/span> <span lang=\"FR-BE\">Formule auto-moussante.<b><o:p><\/o:p><\/b><\/span><\/p>\n<p><b><span lang=\"FR-BE\">Mode d\u2019emploi<o:p><\/o:p><\/span><\/b><\/p>\n<ul type=\"disc\">\n<li><span lang=\"FR-BE\">Utilisez le Brow Shampoo avant la teinture et\/ou la lamination des sourcils pour am\u00e9liorer l&rsquo;adh\u00e9rence et garantir un r\u00e9sultat durable.<o:p><\/o:p><\/span><\/li>\n<\/ul>\n<p> <span lang=\"FR-BE\">\u00b7<span>&nbsp;&nbsp;&nbsp;&nbsp;&nbsp;&nbsp; <\/span><\/span> <span lang=\"FR-BE\">Appliquez une petite quantit\u00e9 de shampooing sur les sourcils humides, massez doucement et utilisez de l&rsquo;eau pour nettoyer la zone. Une mani\u00e8re rapide et efficace de nettoyer et d&rsquo;hydrater la zone des sourcils.<b><o:p><\/o:p><\/b><\/span><\/p>\n<p><b><span lang=\"FR-BE\">Aussi disponible<o:p><\/o:p><\/span><\/b><\/p>\n<\/p>\n<p> <span lang=\"FR-BE\">\u00b7<span>&nbsp;&nbsp;&nbsp;&nbsp;&nbsp;&nbsp; <\/span><\/span> <span lang=\"FR-BE\">Thuya Brow Scrub 15 ml (r\u00e9f. 7027.04)<\/span><\/p>\n","protected":false},"excerpt":{"rendered":"<p>Thuya Brow Shampoo 50 ml &#8211; Soin Nettoyant pour des Sourcils Parfaits Offrez aux sourcils les soins qu&rsquo;ils m\u00e9ritent avec le Thuya Brow Shampoo. Sa formule sp\u00e9ciale est con\u00e7ue pour nettoyer en profondeur les sourcils. Ce shampooing est un produit indispensable pour chaque styliste de sourcils professionnel(le) ! Nettoyage en profondeur : Le Brow Shampoo [&hellip;]<\/p>\n","protected":false},"featured_media":76760,"comment_status":"open","ping_status":"closed","template":"","meta":{"_acf_changed":false},"product_brand":[10584],"product_cat":[9976,9882],"product_tag":[],"class_list":{"0":"post-136579","1":"product","2":"type-product","3":"status-publish","4":"has-post-thumbnail","6":"product_brand-thuya-fr","7":"product_cat-beaute-cils-sourcils-lifting-des-cils","8":"product_cat-beaute-maquillage-yeux-sourcils","10":"first","11":"instock","12":"taxable","13":"shipping-taxable","14":"product-type-simple"},"acf":[],"yoast_head":"<!-- This site is optimized with the Yoast SEO plugin v27.3 - https:\/\/yoast.com\/product\/yoast-seo-wordpress\/ -->\n<title>Thuya Brow Shampoo 50 ml - Districos Webshop<\/title>\n<meta name=\"robots\" content=\"noindex, follow, max-snippet:-1, max-image-preview:large, max-video-preview:-1\" \/>\n<meta property=\"og:locale\" content=\"fr_FR\" \/>\n<meta property=\"og:type\" content=\"article\" \/>\n<meta property=\"og:title\" content=\"Thuya Brow Shampoo 50 ml - Districos Webshop\" \/>\n<meta property=\"og:description\" content=\"Thuya Brow Shampoo 50 ml &#8211; Soin Nettoyant pour des Sourcils Parfaits Offrez aux sourcils les soins qu&rsquo;ils m\u00e9ritent avec le Thuya Brow Shampoo. Sa formule sp\u00e9ciale est con\u00e7ue pour nettoyer en profondeur les sourcils. Ce shampooing est un produit indispensable pour chaque styliste de sourcils professionnel(le) ! Nettoyage en profondeur : Le Brow Shampoo [&hellip;]\" \/>\n<meta property=\"og:url\" content=\"https:\/\/districos.standingout.be\/fr\/product\/thuya-brow-shampoo-50-ml-ref-7027-03\/\" \/>\n<meta property=\"og:site_name\" content=\"Districos Webshop\" \/>\n<meta property=\"article:modified_time\" content=\"2026-04-28T07:10:57+00:00\" \/>\n<meta name=\"twitter:card\" content=\"summary_large_image\" \/>\n<meta name=\"twitter:label1\" content=\"Dur\u00e9e de lecture estim\u00e9e\" \/>\n\t<meta name=\"twitter:data1\" content=\"1 minute\" \/>\n<script type=\"application\/ld+json\" class=\"yoast-schema-graph\">{\"@context\":\"https:\\\/\\\/schema.org\",\"@graph\":[{\"@type\":\"WebPage\",\"@id\":\"https:\\\/\\\/districos.standingout.be\\\/fr\\\/product\\\/thuya-brow-shampoo-50-ml-ref-7027-03\\\/\",\"url\":\"https:\\\/\\\/districos.standingout.be\\\/fr\\\/product\\\/thuya-brow-shampoo-50-ml-ref-7027-03\\\/\",\"name\":\"Thuya Brow Shampoo 50 ml - Districos Webshop\",\"isPartOf\":{\"@id\":\"https:\\\/\\\/districos.standingout.be\\\/fr\\\/#website\"},\"primaryImageOfPage\":{\"@id\":\"https:\\\/\\\/districos.standingout.be\\\/fr\\\/product\\\/thuya-brow-shampoo-50-ml-ref-7027-03\\\/#primaryimage\"},\"image\":{\"@id\":\"https:\\\/\\\/districos.standingout.be\\\/fr\\\/product\\\/thuya-brow-shampoo-50-ml-ref-7027-03\\\/#primaryimage\"},\"thumbnailUrl\":\"https:\\\/\\\/districos.standingout.be\\\/wp-content\\\/uploads\\\/2025\\\/07\\\/7027.03@LowRes_1.png\",\"datePublished\":\"2026-04-28T07:10:53+00:00\",\"dateModified\":\"2026-04-28T07:10:57+00:00\",\"breadcrumb\":{\"@id\":\"https:\\\/\\\/districos.standingout.be\\\/fr\\\/product\\\/thuya-brow-shampoo-50-ml-ref-7027-03\\\/#breadcrumb\"},\"inLanguage\":\"fr-FR\",\"potentialAction\":[{\"@type\":\"ReadAction\",\"target\":[\"https:\\\/\\\/districos.standingout.be\\\/fr\\\/product\\\/thuya-brow-shampoo-50-ml-ref-7027-03\\\/\"]}]},{\"@type\":\"ImageObject\",\"inLanguage\":\"fr-FR\",\"@id\":\"https:\\\/\\\/districos.standingout.be\\\/fr\\\/product\\\/thuya-brow-shampoo-50-ml-ref-7027-03\\\/#primaryimage\",\"url\":\"https:\\\/\\\/districos.standingout.be\\\/wp-content\\\/uploads\\\/2025\\\/07\\\/7027.03@LowRes_1.png\",\"contentUrl\":\"https:\\\/\\\/districos.standingout.be\\\/wp-content\\\/uploads\\\/2025\\\/07\\\/7027.03@LowRes_1.png\",\"width\":600,\"height\":600},{\"@type\":\"BreadcrumbList\",\"@id\":\"https:\\\/\\\/districos.standingout.be\\\/fr\\\/product\\\/thuya-brow-shampoo-50-ml-ref-7027-03\\\/#breadcrumb\",\"itemListElement\":[{\"@type\":\"ListItem\",\"position\":1,\"name\":\"Home\",\"item\":\"https:\\\/\\\/districos.standingout.be\\\/fr\\\/bienvenue-chez-districos\\\/\"},{\"@type\":\"ListItem\",\"position\":2,\"name\":\"Boutique\",\"item\":\"https:\\\/\\\/districos.standingout.be\\\/fr\\\/boutique\\\/\"},{\"@type\":\"ListItem\",\"position\":3,\"name\":\"Thuya Brow Shampoo 50 ml\"}]},{\"@type\":\"WebSite\",\"@id\":\"https:\\\/\\\/districos.standingout.be\\\/fr\\\/#website\",\"url\":\"https:\\\/\\\/districos.standingout.be\\\/fr\\\/\",\"name\":\"Districos Webshop\",\"description\":\"\",\"publisher\":{\"@id\":\"https:\\\/\\\/districos.standingout.be\\\/fr\\\/#organization\"},\"potentialAction\":[{\"@type\":\"SearchAction\",\"target\":{\"@type\":\"EntryPoint\",\"urlTemplate\":\"https:\\\/\\\/districos.standingout.be\\\/fr\\\/?s={search_term_string}\"},\"query-input\":{\"@type\":\"PropertyValueSpecification\",\"valueRequired\":true,\"valueName\":\"search_term_string\"}}],\"inLanguage\":\"fr-FR\"},{\"@type\":\"Organization\",\"@id\":\"https:\\\/\\\/districos.standingout.be\\\/fr\\\/#organization\",\"name\":\"Districos Webshop\",\"url\":\"https:\\\/\\\/districos.standingout.be\\\/fr\\\/\",\"logo\":{\"@type\":\"ImageObject\",\"inLanguage\":\"fr-FR\",\"@id\":\"https:\\\/\\\/districos.standingout.be\\\/fr\\\/#\\\/schema\\\/logo\\\/image\\\/\",\"url\":\"https:\\\/\\\/districos.standingout.be\\\/wp-content\\\/uploads\\\/2022\\\/09\\\/Districos_Logo_Webshop.svg\",\"contentUrl\":\"https:\\\/\\\/districos.standingout.be\\\/wp-content\\\/uploads\\\/2022\\\/09\\\/Districos_Logo_Webshop.svg\",\"caption\":\"Districos Webshop\"},\"image\":{\"@id\":\"https:\\\/\\\/districos.standingout.be\\\/fr\\\/#\\\/schema\\\/logo\\\/image\\\/\"}}]}<\/script>\n<!-- \/ Yoast SEO plugin. -->","yoast_head_json":{"title":"Thuya Brow Shampoo 50 ml - Districos Webshop","robots":{"index":"noindex","follow":"follow","max-snippet":"max-snippet:-1","max-image-preview":"max-image-preview:large","max-video-preview":"max-video-preview:-1"},"og_locale":"fr_FR","og_type":"article","og_title":"Thuya Brow Shampoo 50 ml - Districos Webshop","og_description":"Thuya Brow Shampoo 50 ml &#8211; Soin Nettoyant pour des Sourcils Parfaits Offrez aux sourcils les soins qu&rsquo;ils m\u00e9ritent avec le Thuya Brow Shampoo. Sa formule sp\u00e9ciale est con\u00e7ue pour nettoyer en profondeur les sourcils. Ce shampooing est un produit indispensable pour chaque styliste de sourcils professionnel(le) ! Nettoyage en profondeur : Le Brow Shampoo [&hellip;]","og_url":"https:\/\/districos.standingout.be\/fr\/product\/thuya-brow-shampoo-50-ml-ref-7027-03\/","og_site_name":"Districos Webshop","article_modified_time":"2026-04-28T07:10:57+00:00","twitter_card":"summary_large_image","twitter_misc":{"Dur\u00e9e de lecture estim\u00e9e":"1 minute"},"schema":{"@context":"https:\/\/schema.org","@graph":[{"@type":"WebPage","@id":"https:\/\/districos.standingout.be\/fr\/product\/thuya-brow-shampoo-50-ml-ref-7027-03\/","url":"https:\/\/districos.standingout.be\/fr\/product\/thuya-brow-shampoo-50-ml-ref-7027-03\/","name":"Thuya Brow Shampoo 50 ml - Districos Webshop","isPartOf":{"@id":"https:\/\/districos.standingout.be\/fr\/#website"},"primaryImageOfPage":{"@id":"https:\/\/districos.standingout.be\/fr\/product\/thuya-brow-shampoo-50-ml-ref-7027-03\/#primaryimage"},"image":{"@id":"https:\/\/districos.standingout.be\/fr\/product\/thuya-brow-shampoo-50-ml-ref-7027-03\/#primaryimage"},"thumbnailUrl":"https:\/\/districos.standingout.be\/wp-content\/uploads\/2025\/07\/7027.03@LowRes_1.png","datePublished":"2026-04-28T07:10:53+00:00","dateModified":"2026-04-28T07:10:57+00:00","breadcrumb":{"@id":"https:\/\/districos.standingout.be\/fr\/product\/thuya-brow-shampoo-50-ml-ref-7027-03\/#breadcrumb"},"inLanguage":"fr-FR","potentialAction":[{"@type":"ReadAction","target":["https:\/\/districos.standingout.be\/fr\/product\/thuya-brow-shampoo-50-ml-ref-7027-03\/"]}]},{"@type":"ImageObject","inLanguage":"fr-FR","@id":"https:\/\/districos.standingout.be\/fr\/product\/thuya-brow-shampoo-50-ml-ref-7027-03\/#primaryimage","url":"https:\/\/districos.standingout.be\/wp-content\/uploads\/2025\/07\/7027.03@LowRes_1.png","contentUrl":"https:\/\/districos.standingout.be\/wp-content\/uploads\/2025\/07\/7027.03@LowRes_1.png","width":600,"height":600},{"@type":"BreadcrumbList","@id":"https:\/\/districos.standingout.be\/fr\/product\/thuya-brow-shampoo-50-ml-ref-7027-03\/#breadcrumb","itemListElement":[{"@type":"ListItem","position":1,"name":"Home","item":"https:\/\/districos.standingout.be\/fr\/bienvenue-chez-districos\/"},{"@type":"ListItem","position":2,"name":"Boutique","item":"https:\/\/districos.standingout.be\/fr\/boutique\/"},{"@type":"ListItem","position":3,"name":"Thuya Brow Shampoo 50 ml"}]},{"@type":"WebSite","@id":"https:\/\/districos.standingout.be\/fr\/#website","url":"https:\/\/districos.standingout.be\/fr\/","name":"Districos Webshop","description":"","publisher":{"@id":"https:\/\/districos.standingout.be\/fr\/#organization"},"potentialAction":[{"@type":"SearchAction","target":{"@type":"EntryPoint","urlTemplate":"https:\/\/districos.standingout.be\/fr\/?s={search_term_string}"},"query-input":{"@type":"PropertyValueSpecification","valueRequired":true,"valueName":"search_term_string"}}],"inLanguage":"fr-FR"},{"@type":"Organization","@id":"https:\/\/districos.standingout.be\/fr\/#organization","name":"Districos Webshop","url":"https:\/\/districos.standingout.be\/fr\/","logo":{"@type":"ImageObject","inLanguage":"fr-FR","@id":"https:\/\/districos.standingout.be\/fr\/#\/schema\/logo\/image\/","url":"https:\/\/districos.standingout.be\/wp-content\/uploads\/2022\/09\/Districos_Logo_Webshop.svg","contentUrl":"https:\/\/districos.standingout.be\/wp-content\/uploads\/2022\/09\/Districos_Logo_Webshop.svg","caption":"Districos Webshop"},"image":{"@id":"https:\/\/districos.standingout.be\/fr\/#\/schema\/logo\/image\/"}}]}},"_links":{"self":[{"href":"https:\/\/districos.standingout.be\/fr\/wp-json\/wp\/v2\/product\/136579","targetHints":{"allow":["GET"]}}],"collection":[{"href":"https:\/\/districos.standingout.be\/fr\/wp-json\/wp\/v2\/product"}],"about":[{"href":"https:\/\/districos.standingout.be\/fr\/wp-json\/wp\/v2\/types\/product"}],"replies":[{"embeddable":true,"href":"https:\/\/districos.standingout.be\/fr\/wp-json\/wp\/v2\/comments?post=136579"}],"wp:featuredmedia":[{"embeddable":true,"href":"https:\/\/districos.standingout.be\/fr\/wp-json\/wp\/v2\/media\/76760"}],"wp:attachment":[{"href":"https:\/\/districos.standingout.be\/fr\/wp-json\/wp\/v2\/media?parent=136579"}],"wp:term":[{"taxonomy":"product_brand","embeddable":true,"href":"https:\/\/districos.standingout.be\/fr\/wp-json\/wp\/v2\/product_brand?post=136579"},{"taxonomy":"product_cat","embeddable":true,"href":"https:\/\/districos.standingout.be\/fr\/wp-json\/wp\/v2\/product_cat?post=136579"},{"taxonomy":"product_tag","embeddable":true,"href":"https:\/\/districos.standingout.be\/fr\/wp-json\/wp\/v2\/product_tag?post=136579"}],"curies":[{"name":"wp","href":"https:\/\/api.w.org\/{rel}","templated":true}]}}