{"id":136581,"date":"2026-04-28T09:10:58","date_gmt":"2026-04-28T07:10:58","guid":{"rendered":"https:\/\/webshopdistricoscom.webhosting.be\/product\/thuya-brow-scrub-15-ml-ref-7027-04-2\/"},"modified":"2026-04-28T09:11:01","modified_gmt":"2026-04-28T07:11:01","slug":"thuya-brow-scrub-15-ml-ref-7027-04","status":"publish","type":"product","link":"https:\/\/districos.standingout.be\/fr\/product\/thuya-brow-scrub-15-ml-ref-7027-04\/","title":{"rendered":"Thuya Brow Scrub 15 ml"},"content":{"rendered":"<p >\n<\/p>\n<\/p>\n<p><b><span lang=\"FR-BE\">Thuya Brow Scrub 15 ml &#8211; Exfoliation Nettoyante pour des Sourcils Parfaits<\/span><\/b><\/p>\n<p><span lang=\"FR-BE\">Le Thuya Brow Scrub est une solution exfoliante douce qui permet de nettoyer en profondeur et d\u2019\u00e9liminer les impuret\u00e9s, les r\u00e9sidus de maquillage et les cellules cutan\u00e9es mortes des sourcils. Gr\u00e2ce \u00e0 sa formule non irritante \u00e0 base de jojoba, ce gommage convient \u00e0 tous les types de peau, m\u00eame aux peaux sensibles.<o:p><\/o:p><\/span><\/p>\n<ul type=\"disc\">\n<li><span lang=\"FR-BE\">Solution exfoliante douce pour un nettoyage en profondeur<o:p><\/o:p><\/span><\/li>\n<li><span lang=\"FR-BE\">\u00c9limine les impuret\u00e9s, les r\u00e9sidus de maquillage et les cellules cutan\u00e9es mortes<o:p><\/o:p><\/span><\/li>\n<li><span lang=\"FR-BE\">Convient \u00e0 tous les types de peaux, m\u00eame les peaux sensibles<o:p><\/o:p><\/span><\/li>\n<li><span lang=\"FR-BE\">Permet une meilleure p\u00e9n\u00e9tration de la teinture dans la peau. Le r\u00e9sultat ? Une couleur magnifique et intense !<o:p><\/o:p><\/span><\/li>\n<\/ul>\n<p><b><span lang=\"FR-BE\">Mode d\u2019emploi<span><o:p><\/o:p><\/span><\/span><\/b><\/p>\n<ul type=\"disc\">\n<li><span lang=\"FR-BE\">Utilisez le Brow Scrub avant la lamination et\/ou la teinture des sourcils pour une p\u00e9n\u00e9tration plus profonde de la teinture dans la peau. <o:p><\/o:p><\/span><\/li>\n<li><span lang=\"FR-BE\">Nettoyez les sourcils avec le Brow Shampoo ou avec un d\u00e9maquillant \u00e0 base d&rsquo;eau. <o:p><\/o:p><\/span><\/li>\n<li><span lang=\"FR-BE\">Prenez une petite quantit\u00e9 du Thuya Brow Scrub et massez doucement avec des mouvements circulaires sur les sourcils. <o:p><\/o:p><\/span><\/li>\n<li><span lang=\"FR-BE\">Retirez le produit des sourcils avec un d\u00e9maquillant \u00e0 base d&rsquo;eau et un coton d\u00e9maquillant.<o:p><\/o:p><\/span><\/li>\n<li><span lang=\"FR-BE\">S\u00e9chez la peau avec un coton sec.<o:p><\/o:p><\/span><\/li>\n<\/ul>\n<p><b><span lang=\"FR-BE\">Aussi disponible :&nbsp;<span><o:p><\/o:p><\/span><\/span><\/b><\/p>\n<p> <span lang=\"FR-BE\"><span>\u00b7<span>&nbsp;&nbsp;&nbsp;&nbsp;&nbsp;&nbsp;<\/span><\/span><\/span><span lang=\"FR-BE\">Thuya Brow Shampoo 50 ml<o:p><\/o:p><\/span><\/p>\n<p><span lang=\"FR-BE\"><br \/><\/span><\/p>\n<p><span lang=\"FR-BE\"><br \/><\/span><\/p>\n<p><span lang=\"FR-BE\"><\/span><\/p>\n<p><span>(beschrijving voor sticker)&nbsp;<b>Br<\/b><\/span><b><span lang=\"FR-BE\">ow Scrub \u2013 7027.04<\/span><\/b><\/p>\n<p><span lang=\"FR-BE\">Appliquez le produit \u00e0 l&rsquo;aide d&rsquo;une spatule sur les sourcils. Massez doucement avec des mouvements circulaires. Retirez avec un d\u00e9maquillant \u00e0 base d&rsquo;eau et un coton. <\/span><span>Conserver hors de port\u00e9e des enfants.<\/span><\/p>\n<p><\/p>\n","protected":false},"excerpt":{"rendered":"<p>Thuya Brow Scrub 15 ml &#8211; Exfoliation Nettoyante pour des Sourcils Parfaits Le Thuya Brow Scrub est une solution exfoliante douce qui permet de nettoyer en profondeur et d\u2019\u00e9liminer les impuret\u00e9s, les r\u00e9sidus de maquillage et les cellules cutan\u00e9es mortes des sourcils. Gr\u00e2ce \u00e0 sa formule non irritante \u00e0 base de jojoba, ce gommage convient [&hellip;]<\/p>\n","protected":false},"featured_media":76763,"comment_status":"open","ping_status":"closed","template":"","meta":{"_acf_changed":false},"product_brand":[10584],"product_cat":[9976,9882],"product_tag":[],"class_list":{"0":"post-136581","1":"product","2":"type-product","3":"status-publish","4":"has-post-thumbnail","6":"product_brand-thuya-fr","7":"product_cat-beaute-cils-sourcils-lifting-des-cils","8":"product_cat-beaute-maquillage-yeux-sourcils","10":"first","11":"instock","12":"taxable","13":"shipping-taxable","14":"product-type-simple"},"acf":[],"yoast_head":"<!-- This site is optimized with the Yoast SEO plugin v27.3 - https:\/\/yoast.com\/product\/yoast-seo-wordpress\/ -->\n<title>Thuya Brow Scrub 15 ml - Districos Webshop<\/title>\n<meta name=\"robots\" content=\"noindex, follow, max-snippet:-1, max-image-preview:large, max-video-preview:-1\" \/>\n<meta property=\"og:locale\" content=\"fr_FR\" \/>\n<meta property=\"og:type\" content=\"article\" \/>\n<meta property=\"og:title\" content=\"Thuya Brow Scrub 15 ml - Districos Webshop\" \/>\n<meta property=\"og:description\" content=\"Thuya Brow Scrub 15 ml &#8211; Exfoliation Nettoyante pour des Sourcils Parfaits Le Thuya Brow Scrub est une solution exfoliante douce qui permet de nettoyer en profondeur et d\u2019\u00e9liminer les impuret\u00e9s, les r\u00e9sidus de maquillage et les cellules cutan\u00e9es mortes des sourcils. Gr\u00e2ce \u00e0 sa formule non irritante \u00e0 base de jojoba, ce gommage convient [&hellip;]\" \/>\n<meta property=\"og:url\" content=\"https:\/\/districos.standingout.be\/fr\/product\/thuya-brow-scrub-15-ml-ref-7027-04\/\" \/>\n<meta property=\"og:site_name\" content=\"Districos Webshop\" \/>\n<meta property=\"article:modified_time\" content=\"2026-04-28T07:11:01+00:00\" \/>\n<meta name=\"twitter:card\" content=\"summary_large_image\" \/>\n<meta name=\"twitter:label1\" content=\"Dur\u00e9e de lecture estim\u00e9e\" \/>\n\t<meta name=\"twitter:data1\" content=\"1 minute\" \/>\n<script type=\"application\/ld+json\" class=\"yoast-schema-graph\">{\"@context\":\"https:\\\/\\\/schema.org\",\"@graph\":[{\"@type\":\"WebPage\",\"@id\":\"https:\\\/\\\/districos.standingout.be\\\/fr\\\/product\\\/thuya-brow-scrub-15-ml-ref-7027-04\\\/\",\"url\":\"https:\\\/\\\/districos.standingout.be\\\/fr\\\/product\\\/thuya-brow-scrub-15-ml-ref-7027-04\\\/\",\"name\":\"Thuya Brow Scrub 15 ml - Districos Webshop\",\"isPartOf\":{\"@id\":\"https:\\\/\\\/districos.standingout.be\\\/fr\\\/#website\"},\"primaryImageOfPage\":{\"@id\":\"https:\\\/\\\/districos.standingout.be\\\/fr\\\/product\\\/thuya-brow-scrub-15-ml-ref-7027-04\\\/#primaryimage\"},\"image\":{\"@id\":\"https:\\\/\\\/districos.standingout.be\\\/fr\\\/product\\\/thuya-brow-scrub-15-ml-ref-7027-04\\\/#primaryimage\"},\"thumbnailUrl\":\"https:\\\/\\\/districos.standingout.be\\\/wp-content\\\/uploads\\\/2025\\\/07\\\/7027.04@LowRes_1.png\",\"datePublished\":\"2026-04-28T07:10:58+00:00\",\"dateModified\":\"2026-04-28T07:11:01+00:00\",\"breadcrumb\":{\"@id\":\"https:\\\/\\\/districos.standingout.be\\\/fr\\\/product\\\/thuya-brow-scrub-15-ml-ref-7027-04\\\/#breadcrumb\"},\"inLanguage\":\"fr-FR\",\"potentialAction\":[{\"@type\":\"ReadAction\",\"target\":[\"https:\\\/\\\/districos.standingout.be\\\/fr\\\/product\\\/thuya-brow-scrub-15-ml-ref-7027-04\\\/\"]}]},{\"@type\":\"ImageObject\",\"inLanguage\":\"fr-FR\",\"@id\":\"https:\\\/\\\/districos.standingout.be\\\/fr\\\/product\\\/thuya-brow-scrub-15-ml-ref-7027-04\\\/#primaryimage\",\"url\":\"https:\\\/\\\/districos.standingout.be\\\/wp-content\\\/uploads\\\/2025\\\/07\\\/7027.04@LowRes_1.png\",\"contentUrl\":\"https:\\\/\\\/districos.standingout.be\\\/wp-content\\\/uploads\\\/2025\\\/07\\\/7027.04@LowRes_1.png\",\"width\":600,\"height\":600},{\"@type\":\"BreadcrumbList\",\"@id\":\"https:\\\/\\\/districos.standingout.be\\\/fr\\\/product\\\/thuya-brow-scrub-15-ml-ref-7027-04\\\/#breadcrumb\",\"itemListElement\":[{\"@type\":\"ListItem\",\"position\":1,\"name\":\"Home\",\"item\":\"https:\\\/\\\/districos.standingout.be\\\/fr\\\/bienvenue-chez-districos\\\/\"},{\"@type\":\"ListItem\",\"position\":2,\"name\":\"Boutique\",\"item\":\"https:\\\/\\\/districos.standingout.be\\\/fr\\\/boutique\\\/\"},{\"@type\":\"ListItem\",\"position\":3,\"name\":\"Thuya Brow Scrub 15 ml\"}]},{\"@type\":\"WebSite\",\"@id\":\"https:\\\/\\\/districos.standingout.be\\\/fr\\\/#website\",\"url\":\"https:\\\/\\\/districos.standingout.be\\\/fr\\\/\",\"name\":\"Districos Webshop\",\"description\":\"\",\"publisher\":{\"@id\":\"https:\\\/\\\/districos.standingout.be\\\/fr\\\/#organization\"},\"potentialAction\":[{\"@type\":\"SearchAction\",\"target\":{\"@type\":\"EntryPoint\",\"urlTemplate\":\"https:\\\/\\\/districos.standingout.be\\\/fr\\\/?s={search_term_string}\"},\"query-input\":{\"@type\":\"PropertyValueSpecification\",\"valueRequired\":true,\"valueName\":\"search_term_string\"}}],\"inLanguage\":\"fr-FR\"},{\"@type\":\"Organization\",\"@id\":\"https:\\\/\\\/districos.standingout.be\\\/fr\\\/#organization\",\"name\":\"Districos Webshop\",\"url\":\"https:\\\/\\\/districos.standingout.be\\\/fr\\\/\",\"logo\":{\"@type\":\"ImageObject\",\"inLanguage\":\"fr-FR\",\"@id\":\"https:\\\/\\\/districos.standingout.be\\\/fr\\\/#\\\/schema\\\/logo\\\/image\\\/\",\"url\":\"https:\\\/\\\/districos.standingout.be\\\/wp-content\\\/uploads\\\/2022\\\/09\\\/Districos_Logo_Webshop.svg\",\"contentUrl\":\"https:\\\/\\\/districos.standingout.be\\\/wp-content\\\/uploads\\\/2022\\\/09\\\/Districos_Logo_Webshop.svg\",\"caption\":\"Districos Webshop\"},\"image\":{\"@id\":\"https:\\\/\\\/districos.standingout.be\\\/fr\\\/#\\\/schema\\\/logo\\\/image\\\/\"}}]}<\/script>\n<!-- \/ Yoast SEO plugin. -->","yoast_head_json":{"title":"Thuya Brow Scrub 15 ml - Districos Webshop","robots":{"index":"noindex","follow":"follow","max-snippet":"max-snippet:-1","max-image-preview":"max-image-preview:large","max-video-preview":"max-video-preview:-1"},"og_locale":"fr_FR","og_type":"article","og_title":"Thuya Brow Scrub 15 ml - Districos Webshop","og_description":"Thuya Brow Scrub 15 ml &#8211; Exfoliation Nettoyante pour des Sourcils Parfaits Le Thuya Brow Scrub est une solution exfoliante douce qui permet de nettoyer en profondeur et d\u2019\u00e9liminer les impuret\u00e9s, les r\u00e9sidus de maquillage et les cellules cutan\u00e9es mortes des sourcils. Gr\u00e2ce \u00e0 sa formule non irritante \u00e0 base de jojoba, ce gommage convient [&hellip;]","og_url":"https:\/\/districos.standingout.be\/fr\/product\/thuya-brow-scrub-15-ml-ref-7027-04\/","og_site_name":"Districos Webshop","article_modified_time":"2026-04-28T07:11:01+00:00","twitter_card":"summary_large_image","twitter_misc":{"Dur\u00e9e de lecture estim\u00e9e":"1 minute"},"schema":{"@context":"https:\/\/schema.org","@graph":[{"@type":"WebPage","@id":"https:\/\/districos.standingout.be\/fr\/product\/thuya-brow-scrub-15-ml-ref-7027-04\/","url":"https:\/\/districos.standingout.be\/fr\/product\/thuya-brow-scrub-15-ml-ref-7027-04\/","name":"Thuya Brow Scrub 15 ml - Districos Webshop","isPartOf":{"@id":"https:\/\/districos.standingout.be\/fr\/#website"},"primaryImageOfPage":{"@id":"https:\/\/districos.standingout.be\/fr\/product\/thuya-brow-scrub-15-ml-ref-7027-04\/#primaryimage"},"image":{"@id":"https:\/\/districos.standingout.be\/fr\/product\/thuya-brow-scrub-15-ml-ref-7027-04\/#primaryimage"},"thumbnailUrl":"https:\/\/districos.standingout.be\/wp-content\/uploads\/2025\/07\/7027.04@LowRes_1.png","datePublished":"2026-04-28T07:10:58+00:00","dateModified":"2026-04-28T07:11:01+00:00","breadcrumb":{"@id":"https:\/\/districos.standingout.be\/fr\/product\/thuya-brow-scrub-15-ml-ref-7027-04\/#breadcrumb"},"inLanguage":"fr-FR","potentialAction":[{"@type":"ReadAction","target":["https:\/\/districos.standingout.be\/fr\/product\/thuya-brow-scrub-15-ml-ref-7027-04\/"]}]},{"@type":"ImageObject","inLanguage":"fr-FR","@id":"https:\/\/districos.standingout.be\/fr\/product\/thuya-brow-scrub-15-ml-ref-7027-04\/#primaryimage","url":"https:\/\/districos.standingout.be\/wp-content\/uploads\/2025\/07\/7027.04@LowRes_1.png","contentUrl":"https:\/\/districos.standingout.be\/wp-content\/uploads\/2025\/07\/7027.04@LowRes_1.png","width":600,"height":600},{"@type":"BreadcrumbList","@id":"https:\/\/districos.standingout.be\/fr\/product\/thuya-brow-scrub-15-ml-ref-7027-04\/#breadcrumb","itemListElement":[{"@type":"ListItem","position":1,"name":"Home","item":"https:\/\/districos.standingout.be\/fr\/bienvenue-chez-districos\/"},{"@type":"ListItem","position":2,"name":"Boutique","item":"https:\/\/districos.standingout.be\/fr\/boutique\/"},{"@type":"ListItem","position":3,"name":"Thuya Brow Scrub 15 ml"}]},{"@type":"WebSite","@id":"https:\/\/districos.standingout.be\/fr\/#website","url":"https:\/\/districos.standingout.be\/fr\/","name":"Districos Webshop","description":"","publisher":{"@id":"https:\/\/districos.standingout.be\/fr\/#organization"},"potentialAction":[{"@type":"SearchAction","target":{"@type":"EntryPoint","urlTemplate":"https:\/\/districos.standingout.be\/fr\/?s={search_term_string}"},"query-input":{"@type":"PropertyValueSpecification","valueRequired":true,"valueName":"search_term_string"}}],"inLanguage":"fr-FR"},{"@type":"Organization","@id":"https:\/\/districos.standingout.be\/fr\/#organization","name":"Districos Webshop","url":"https:\/\/districos.standingout.be\/fr\/","logo":{"@type":"ImageObject","inLanguage":"fr-FR","@id":"https:\/\/districos.standingout.be\/fr\/#\/schema\/logo\/image\/","url":"https:\/\/districos.standingout.be\/wp-content\/uploads\/2022\/09\/Districos_Logo_Webshop.svg","contentUrl":"https:\/\/districos.standingout.be\/wp-content\/uploads\/2022\/09\/Districos_Logo_Webshop.svg","caption":"Districos Webshop"},"image":{"@id":"https:\/\/districos.standingout.be\/fr\/#\/schema\/logo\/image\/"}}]}},"_links":{"self":[{"href":"https:\/\/districos.standingout.be\/fr\/wp-json\/wp\/v2\/product\/136581","targetHints":{"allow":["GET"]}}],"collection":[{"href":"https:\/\/districos.standingout.be\/fr\/wp-json\/wp\/v2\/product"}],"about":[{"href":"https:\/\/districos.standingout.be\/fr\/wp-json\/wp\/v2\/types\/product"}],"replies":[{"embeddable":true,"href":"https:\/\/districos.standingout.be\/fr\/wp-json\/wp\/v2\/comments?post=136581"}],"wp:featuredmedia":[{"embeddable":true,"href":"https:\/\/districos.standingout.be\/fr\/wp-json\/wp\/v2\/media\/76763"}],"wp:attachment":[{"href":"https:\/\/districos.standingout.be\/fr\/wp-json\/wp\/v2\/media?parent=136581"}],"wp:term":[{"taxonomy":"product_brand","embeddable":true,"href":"https:\/\/districos.standingout.be\/fr\/wp-json\/wp\/v2\/product_brand?post=136581"},{"taxonomy":"product_cat","embeddable":true,"href":"https:\/\/districos.standingout.be\/fr\/wp-json\/wp\/v2\/product_cat?post=136581"},{"taxonomy":"product_tag","embeddable":true,"href":"https:\/\/districos.standingout.be\/fr\/wp-json\/wp\/v2\/product_tag?post=136581"}],"curies":[{"name":"wp","href":"https:\/\/api.w.org\/{rel}","templated":true}]}}