{"id":136583,"date":"2026-04-28T09:11:02","date_gmt":"2026-04-28T07:11:02","guid":{"rendered":"https:\/\/webshopdistricoscom.webhosting.be\/product\/thuya-brow-styling-wax-25-ml-ref-7027-05-2\/"},"modified":"2026-04-28T09:11:07","modified_gmt":"2026-04-28T07:11:07","slug":"thuya-brow-styling-wax-25-ml-ref-7027-05","status":"publish","type":"product","link":"https:\/\/districos.standingout.be\/fr\/product\/thuya-brow-styling-wax-25-ml-ref-7027-05\/","title":{"rendered":"Thuya Brow Styling Wax 25 ml"},"content":{"rendered":"<p >\n<\/p>\n<\/p>\n<\/p>\n<\/p>\n<\/p>\n<\/p>\n<\/p>\n<\/p>\n<\/p>\n<p><b>Thuya Brow Styling Wax 25 ml \u2013 Pour des sourcils parfaitement dessin\u00e9s, toute la journ\u00e9e<\/b><\/p>\n<p>Avec la cire Thuya Brow Styling Wax, vos sourcils restent parfaitement en place toute la journ\u00e9e, sans r\u00e9sidus blancs ni r\u00e9sidus qui s&rsquo;\u00e9caillent. La formule l\u00e9g\u00e8re et \u00e0 s\u00e9chage rapide s&rsquo;applique facilement \u00e0 l&rsquo;aide d&rsquo;un pinceau \u00e0 sourcils ou d&rsquo;un applicateur et assure une fixation forte mais souple.<\/p>\n<ul>\n<li><b>Fixation forte, toute la journ\u00e9e<\/b> \u2013 Maintient chaque poil en place sans effort<\/li>\n<li><b>Facile \u00e0 utiliser<\/b> \u2013 Ne laisse pas de voile blanc et s&rsquo;applique facilement.<\/li>\n<li><b>Convient \u00e0 tous les types de sourcils &#8211; <\/b>Convient aux sourcils fins, raides, \u00e9pais ou clairsem\u00e9s.<\/li>\n<\/ul>\n<p><b>Mode d&#8217;emploi<\/b><\/p>\n<ol>\n<li>Pr\u00e9levez une petite quantit\u00e9 de cire \u00e0 l&rsquo;aide d&rsquo;une brosse \u00e0 sourcils propre, d&rsquo;une brosse \u00e0 mascara ou d&rsquo;un applicateur.<\/li>\n<li>Appliquez la cire sur des sourcils propres et secs.<\/li>\n<li>Modelez les sourcils selon la forme souhait\u00e9e. Travaillez de l&rsquo;int\u00e9rieur vers l&rsquo;ext\u00e9rieur et appuyez doucement sur les poils pour une fixation parfaite.<\/li>\n<\/ol>\n<p>Pour un look encore plus d\u00e9fini : associez la cire au Thuya Brow Intensifier (<a href=\"https:\/\/webshop.districos.com\/ProductDetail\/7019.01\" target=\"_blank\" rel=\"noopener noreferrer nofollow\">r\u00e9f. 7019.01<\/a>, <a href=\"https:\/\/webshop.districos.com\/ProductDetail\/7019.02\" target=\"_blank\" rel=\"noopener noreferrer nofollow\">r\u00e9f. 7019.02<\/a> ou <a href=\"http:\/\/webshop.districos.com\/ProductDetail\/7019.03\" target=\"_blank\" rel=\"noopener noreferrer nofollow\">r\u00e9f. 7019.03<\/a>)<\/p>\n","protected":false},"excerpt":{"rendered":"<p>Thuya Brow Styling Wax 25 ml \u2013 Pour des sourcils parfaitement dessin\u00e9s, toute la journ\u00e9e Avec la cire Thuya Brow Styling Wax, vos sourcils restent parfaitement en place toute la journ\u00e9e, sans r\u00e9sidus blancs ni r\u00e9sidus qui s&rsquo;\u00e9caillent. La formule l\u00e9g\u00e8re et \u00e0 s\u00e9chage rapide s&rsquo;applique facilement \u00e0 l&rsquo;aide d&rsquo;un pinceau \u00e0 sourcils ou d&rsquo;un [&hellip;]<\/p>\n","protected":false},"featured_media":146986,"comment_status":"open","ping_status":"closed","template":"","meta":{"_acf_changed":false},"product_brand":[10584],"product_cat":[9976,9882],"product_tag":[],"class_list":{"0":"post-136583","1":"product","2":"type-product","3":"status-publish","4":"has-post-thumbnail","6":"product_brand-thuya-fr","7":"product_cat-beaute-cils-sourcils-lifting-des-cils","8":"product_cat-beaute-maquillage-yeux-sourcils","10":"first","11":"instock","12":"taxable","13":"shipping-taxable","14":"product-type-simple"},"acf":[],"yoast_head":"<!-- This site is optimized with the Yoast SEO plugin v27.3 - https:\/\/yoast.com\/product\/yoast-seo-wordpress\/ -->\n<title>Thuya Brow Styling Wax 25 ml - Districos Webshop<\/title>\n<meta name=\"robots\" content=\"noindex, follow, max-snippet:-1, max-image-preview:large, max-video-preview:-1\" \/>\n<meta property=\"og:locale\" content=\"fr_FR\" \/>\n<meta property=\"og:type\" content=\"article\" \/>\n<meta property=\"og:title\" content=\"Thuya Brow Styling Wax 25 ml - Districos Webshop\" \/>\n<meta property=\"og:description\" content=\"Thuya Brow Styling Wax 25 ml \u2013 Pour des sourcils parfaitement dessin\u00e9s, toute la journ\u00e9e Avec la cire Thuya Brow Styling Wax, vos sourcils restent parfaitement en place toute la journ\u00e9e, sans r\u00e9sidus blancs ni r\u00e9sidus qui s&rsquo;\u00e9caillent. La formule l\u00e9g\u00e8re et \u00e0 s\u00e9chage rapide s&rsquo;applique facilement \u00e0 l&rsquo;aide d&rsquo;un pinceau \u00e0 sourcils ou d&rsquo;un [&hellip;]\" \/>\n<meta property=\"og:url\" content=\"https:\/\/districos.standingout.be\/fr\/product\/thuya-brow-styling-wax-25-ml-ref-7027-05\/\" \/>\n<meta property=\"og:site_name\" content=\"Districos Webshop\" \/>\n<meta property=\"article:modified_time\" content=\"2026-04-28T07:11:07+00:00\" \/>\n<meta name=\"twitter:card\" content=\"summary_large_image\" \/>\n<meta name=\"twitter:label1\" content=\"Dur\u00e9e de lecture estim\u00e9e\" \/>\n\t<meta name=\"twitter:data1\" content=\"1 minute\" \/>\n<script type=\"application\/ld+json\" class=\"yoast-schema-graph\">{\"@context\":\"https:\\\/\\\/schema.org\",\"@graph\":[{\"@type\":\"WebPage\",\"@id\":\"https:\\\/\\\/districos.standingout.be\\\/fr\\\/product\\\/thuya-brow-styling-wax-25-ml-ref-7027-05\\\/\",\"url\":\"https:\\\/\\\/districos.standingout.be\\\/fr\\\/product\\\/thuya-brow-styling-wax-25-ml-ref-7027-05\\\/\",\"name\":\"Thuya Brow Styling Wax 25 ml - Districos Webshop\",\"isPartOf\":{\"@id\":\"https:\\\/\\\/districos.standingout.be\\\/fr\\\/#website\"},\"primaryImageOfPage\":{\"@id\":\"https:\\\/\\\/districos.standingout.be\\\/fr\\\/product\\\/thuya-brow-styling-wax-25-ml-ref-7027-05\\\/#primaryimage\"},\"image\":{\"@id\":\"https:\\\/\\\/districos.standingout.be\\\/fr\\\/product\\\/thuya-brow-styling-wax-25-ml-ref-7027-05\\\/#primaryimage\"},\"thumbnailUrl\":\"https:\\\/\\\/districos.standingout.be\\\/wp-content\\\/uploads\\\/2026\\\/04\\\/7027.05@Thuya-Brow-Styling-Wax-25-ml_1-1.png\",\"datePublished\":\"2026-04-28T07:11:02+00:00\",\"dateModified\":\"2026-04-28T07:11:07+00:00\",\"breadcrumb\":{\"@id\":\"https:\\\/\\\/districos.standingout.be\\\/fr\\\/product\\\/thuya-brow-styling-wax-25-ml-ref-7027-05\\\/#breadcrumb\"},\"inLanguage\":\"fr-FR\",\"potentialAction\":[{\"@type\":\"ReadAction\",\"target\":[\"https:\\\/\\\/districos.standingout.be\\\/fr\\\/product\\\/thuya-brow-styling-wax-25-ml-ref-7027-05\\\/\"]}]},{\"@type\":\"ImageObject\",\"inLanguage\":\"fr-FR\",\"@id\":\"https:\\\/\\\/districos.standingout.be\\\/fr\\\/product\\\/thuya-brow-styling-wax-25-ml-ref-7027-05\\\/#primaryimage\",\"url\":\"https:\\\/\\\/districos.standingout.be\\\/wp-content\\\/uploads\\\/2026\\\/04\\\/7027.05@Thuya-Brow-Styling-Wax-25-ml_1-1.png\",\"contentUrl\":\"https:\\\/\\\/districos.standingout.be\\\/wp-content\\\/uploads\\\/2026\\\/04\\\/7027.05@Thuya-Brow-Styling-Wax-25-ml_1-1.png\",\"width\":600,\"height\":600},{\"@type\":\"BreadcrumbList\",\"@id\":\"https:\\\/\\\/districos.standingout.be\\\/fr\\\/product\\\/thuya-brow-styling-wax-25-ml-ref-7027-05\\\/#breadcrumb\",\"itemListElement\":[{\"@type\":\"ListItem\",\"position\":1,\"name\":\"Home\",\"item\":\"https:\\\/\\\/districos.standingout.be\\\/fr\\\/bienvenue-chez-districos\\\/\"},{\"@type\":\"ListItem\",\"position\":2,\"name\":\"Boutique\",\"item\":\"https:\\\/\\\/districos.standingout.be\\\/fr\\\/boutique\\\/\"},{\"@type\":\"ListItem\",\"position\":3,\"name\":\"Thuya Brow Styling Wax 25 ml\"}]},{\"@type\":\"WebSite\",\"@id\":\"https:\\\/\\\/districos.standingout.be\\\/fr\\\/#website\",\"url\":\"https:\\\/\\\/districos.standingout.be\\\/fr\\\/\",\"name\":\"Districos Webshop\",\"description\":\"\",\"publisher\":{\"@id\":\"https:\\\/\\\/districos.standingout.be\\\/fr\\\/#organization\"},\"potentialAction\":[{\"@type\":\"SearchAction\",\"target\":{\"@type\":\"EntryPoint\",\"urlTemplate\":\"https:\\\/\\\/districos.standingout.be\\\/fr\\\/?s={search_term_string}\"},\"query-input\":{\"@type\":\"PropertyValueSpecification\",\"valueRequired\":true,\"valueName\":\"search_term_string\"}}],\"inLanguage\":\"fr-FR\"},{\"@type\":\"Organization\",\"@id\":\"https:\\\/\\\/districos.standingout.be\\\/fr\\\/#organization\",\"name\":\"Districos Webshop\",\"url\":\"https:\\\/\\\/districos.standingout.be\\\/fr\\\/\",\"logo\":{\"@type\":\"ImageObject\",\"inLanguage\":\"fr-FR\",\"@id\":\"https:\\\/\\\/districos.standingout.be\\\/fr\\\/#\\\/schema\\\/logo\\\/image\\\/\",\"url\":\"https:\\\/\\\/districos.standingout.be\\\/wp-content\\\/uploads\\\/2022\\\/09\\\/Districos_Logo_Webshop.svg\",\"contentUrl\":\"https:\\\/\\\/districos.standingout.be\\\/wp-content\\\/uploads\\\/2022\\\/09\\\/Districos_Logo_Webshop.svg\",\"caption\":\"Districos Webshop\"},\"image\":{\"@id\":\"https:\\\/\\\/districos.standingout.be\\\/fr\\\/#\\\/schema\\\/logo\\\/image\\\/\"}}]}<\/script>\n<!-- \/ Yoast SEO plugin. -->","yoast_head_json":{"title":"Thuya Brow Styling Wax 25 ml - Districos Webshop","robots":{"index":"noindex","follow":"follow","max-snippet":"max-snippet:-1","max-image-preview":"max-image-preview:large","max-video-preview":"max-video-preview:-1"},"og_locale":"fr_FR","og_type":"article","og_title":"Thuya Brow Styling Wax 25 ml - Districos Webshop","og_description":"Thuya Brow Styling Wax 25 ml \u2013 Pour des sourcils parfaitement dessin\u00e9s, toute la journ\u00e9e Avec la cire Thuya Brow Styling Wax, vos sourcils restent parfaitement en place toute la journ\u00e9e, sans r\u00e9sidus blancs ni r\u00e9sidus qui s&rsquo;\u00e9caillent. La formule l\u00e9g\u00e8re et \u00e0 s\u00e9chage rapide s&rsquo;applique facilement \u00e0 l&rsquo;aide d&rsquo;un pinceau \u00e0 sourcils ou d&rsquo;un [&hellip;]","og_url":"https:\/\/districos.standingout.be\/fr\/product\/thuya-brow-styling-wax-25-ml-ref-7027-05\/","og_site_name":"Districos Webshop","article_modified_time":"2026-04-28T07:11:07+00:00","twitter_card":"summary_large_image","twitter_misc":{"Dur\u00e9e de lecture estim\u00e9e":"1 minute"},"schema":{"@context":"https:\/\/schema.org","@graph":[{"@type":"WebPage","@id":"https:\/\/districos.standingout.be\/fr\/product\/thuya-brow-styling-wax-25-ml-ref-7027-05\/","url":"https:\/\/districos.standingout.be\/fr\/product\/thuya-brow-styling-wax-25-ml-ref-7027-05\/","name":"Thuya Brow Styling Wax 25 ml - Districos Webshop","isPartOf":{"@id":"https:\/\/districos.standingout.be\/fr\/#website"},"primaryImageOfPage":{"@id":"https:\/\/districos.standingout.be\/fr\/product\/thuya-brow-styling-wax-25-ml-ref-7027-05\/#primaryimage"},"image":{"@id":"https:\/\/districos.standingout.be\/fr\/product\/thuya-brow-styling-wax-25-ml-ref-7027-05\/#primaryimage"},"thumbnailUrl":"https:\/\/districos.standingout.be\/wp-content\/uploads\/2026\/04\/7027.05@Thuya-Brow-Styling-Wax-25-ml_1-1.png","datePublished":"2026-04-28T07:11:02+00:00","dateModified":"2026-04-28T07:11:07+00:00","breadcrumb":{"@id":"https:\/\/districos.standingout.be\/fr\/product\/thuya-brow-styling-wax-25-ml-ref-7027-05\/#breadcrumb"},"inLanguage":"fr-FR","potentialAction":[{"@type":"ReadAction","target":["https:\/\/districos.standingout.be\/fr\/product\/thuya-brow-styling-wax-25-ml-ref-7027-05\/"]}]},{"@type":"ImageObject","inLanguage":"fr-FR","@id":"https:\/\/districos.standingout.be\/fr\/product\/thuya-brow-styling-wax-25-ml-ref-7027-05\/#primaryimage","url":"https:\/\/districos.standingout.be\/wp-content\/uploads\/2026\/04\/7027.05@Thuya-Brow-Styling-Wax-25-ml_1-1.png","contentUrl":"https:\/\/districos.standingout.be\/wp-content\/uploads\/2026\/04\/7027.05@Thuya-Brow-Styling-Wax-25-ml_1-1.png","width":600,"height":600},{"@type":"BreadcrumbList","@id":"https:\/\/districos.standingout.be\/fr\/product\/thuya-brow-styling-wax-25-ml-ref-7027-05\/#breadcrumb","itemListElement":[{"@type":"ListItem","position":1,"name":"Home","item":"https:\/\/districos.standingout.be\/fr\/bienvenue-chez-districos\/"},{"@type":"ListItem","position":2,"name":"Boutique","item":"https:\/\/districos.standingout.be\/fr\/boutique\/"},{"@type":"ListItem","position":3,"name":"Thuya Brow Styling Wax 25 ml"}]},{"@type":"WebSite","@id":"https:\/\/districos.standingout.be\/fr\/#website","url":"https:\/\/districos.standingout.be\/fr\/","name":"Districos Webshop","description":"","publisher":{"@id":"https:\/\/districos.standingout.be\/fr\/#organization"},"potentialAction":[{"@type":"SearchAction","target":{"@type":"EntryPoint","urlTemplate":"https:\/\/districos.standingout.be\/fr\/?s={search_term_string}"},"query-input":{"@type":"PropertyValueSpecification","valueRequired":true,"valueName":"search_term_string"}}],"inLanguage":"fr-FR"},{"@type":"Organization","@id":"https:\/\/districos.standingout.be\/fr\/#organization","name":"Districos Webshop","url":"https:\/\/districos.standingout.be\/fr\/","logo":{"@type":"ImageObject","inLanguage":"fr-FR","@id":"https:\/\/districos.standingout.be\/fr\/#\/schema\/logo\/image\/","url":"https:\/\/districos.standingout.be\/wp-content\/uploads\/2022\/09\/Districos_Logo_Webshop.svg","contentUrl":"https:\/\/districos.standingout.be\/wp-content\/uploads\/2022\/09\/Districos_Logo_Webshop.svg","caption":"Districos Webshop"},"image":{"@id":"https:\/\/districos.standingout.be\/fr\/#\/schema\/logo\/image\/"}}]}},"_links":{"self":[{"href":"https:\/\/districos.standingout.be\/fr\/wp-json\/wp\/v2\/product\/136583","targetHints":{"allow":["GET"]}}],"collection":[{"href":"https:\/\/districos.standingout.be\/fr\/wp-json\/wp\/v2\/product"}],"about":[{"href":"https:\/\/districos.standingout.be\/fr\/wp-json\/wp\/v2\/types\/product"}],"replies":[{"embeddable":true,"href":"https:\/\/districos.standingout.be\/fr\/wp-json\/wp\/v2\/comments?post=136583"}],"wp:featuredmedia":[{"embeddable":true,"href":"https:\/\/districos.standingout.be\/fr\/wp-json\/wp\/v2\/media\/146986"}],"wp:attachment":[{"href":"https:\/\/districos.standingout.be\/fr\/wp-json\/wp\/v2\/media?parent=136583"}],"wp:term":[{"taxonomy":"product_brand","embeddable":true,"href":"https:\/\/districos.standingout.be\/fr\/wp-json\/wp\/v2\/product_brand?post=136583"},{"taxonomy":"product_cat","embeddable":true,"href":"https:\/\/districos.standingout.be\/fr\/wp-json\/wp\/v2\/product_cat?post=136583"},{"taxonomy":"product_tag","embeddable":true,"href":"https:\/\/districos.standingout.be\/fr\/wp-json\/wp\/v2\/product_tag?post=136583"}],"curies":[{"name":"wp","href":"https:\/\/api.w.org\/{rel}","templated":true}]}}