{"id":136593,"date":"2026-04-28T09:11:23","date_gmt":"2026-04-28T07:11:23","guid":{"rendered":"https:\/\/webshopdistricoscom.webhosting.be\/product\/cobra-kit-extensions-de-cils-easy-volume-lashes-ref-7034-022\/"},"modified":"2026-04-28T09:11:26","modified_gmt":"2026-04-28T07:11:26","slug":"cobra-kit-extensions-de-cils-easy-volume-lashes-ref-7034-022","status":"publish","type":"product","link":"https:\/\/districos.standingout.be\/fr\/product\/cobra-kit-extensions-de-cils-easy-volume-lashes-ref-7034-022\/","title":{"rendered":"Cobra Kit Extensions de Cils Easy Volume Lashes"},"content":{"rendered":"<p >\n<\/p>\n<p dir=\"ltr\"><b>EASY VOLUME : V (2D)-Lashes, W (3D)-Lashes, 4D-Lashes, 5D-Lashes et 7D-Lashes.<\/b> <\/p>\n<ul> <\/p>\n<li>Technique simplifi\u00e9e de la technique Russian Volume.<\/li>\n<li>Cils individuels, li\u00e9s l\u2019un \u00e0 l\u2019autre \u00e0 la base sans bouton.<\/li>\n<li>Id\u00e9al afin de cr\u00e9er de longs cils volumineux chez des client(e)s qui n\u2019ont pas beaucoup de cils ou des cils tr\u00e8s fins.<\/li>\n<li>Sont aussi employ\u00e9s entre les cils individuels traditionnels pour remplir de petits trous, par exemple.<\/li>\n<li>Tenue : 6 &#8211; 8 semaines.<\/li>\n<\/ul>\n<p> Contenu : <\/p>\n<ul> <\/p>\n<li>1 x V-Lashes (2D) Noir C &#8211; 0,10 &#8211; 8 mm, 360 pcs.<\/li>\n<li>1 x V-Lashes (2D) Noir C &#8211; 0,10 &#8211; 9 mm, 360 pcs.<\/li>\n<li>1 x V-Lashes (2D) Noir C &#8211; 0,10 &#8211; 10 mm, 360 pcs.<\/li>\n<li>1 x W-Lashes (3D) Noir C &#8211; 0,10 &#8211; 10 mm, 240 pcs.<\/li>\n<li>1 x W-Lashes (3D) Noir C &#8211; 0,10 &#8211; 11 mm, 240 pcs.<\/li>\n<li>1 x W-Lashes (3D) Noir C &#8211; 0,10 &#8211; 12 mm, 240 pcs.<\/li>\n<li>1 x 4D-lashes Noir C &#8211; 0,07 &#8211; 9 mm, 132 pcs.<\/li>\n<li>1 x 4D-lashes Noir C &#8211; 0,07 &#8211; 10 mm, 132 pcs.<\/li>\n<li>1 x 4D-lashes Noir C &#8211; 0,07 &#8211; 11 mm, 132 pcs.<\/li>\n<li>1 x 5D-lashes Noir C &#8211; 0,07 &#8211; MIXED tray 132 pcs.<\/li>\n<li>1 x 7D-lashes Noir C &#8211; 0,07 &#8211; MIXED tray 132 pcs.<\/li>\n<li>1 x Bagues pour Colle 20 pcs.<\/li>\n<p> <\/ul><\/p>\n","protected":false},"excerpt":{"rendered":"<p>EASY VOLUME : V (2D)-Lashes, W (3D)-Lashes, 4D-Lashes, 5D-Lashes et 7D-Lashes. Technique simplifi\u00e9e de la technique Russian Volume. Cils individuels, li\u00e9s l\u2019un \u00e0 l\u2019autre \u00e0 la base sans bouton. Id\u00e9al afin de cr\u00e9er de longs cils volumineux chez des client(e)s qui n\u2019ont pas beaucoup de cils ou des cils tr\u00e8s fins. Sont aussi employ\u00e9s entre [&hellip;]<\/p>\n","protected":false},"featured_media":76778,"comment_status":"open","ping_status":"closed","template":"","meta":{"_acf_changed":false},"product_brand":[10338],"product_cat":[9982,9890],"product_tag":[],"class_list":{"0":"post-136593","1":"product","2":"type-product","3":"status-publish","4":"has-post-thumbnail","6":"product_brand-cobra-lashes-fr","7":"product_cat-beaute-cils-sourcils-extension-des-cils","8":"product_cat-beaute-maquillage-sets","10":"first","11":"instock","12":"taxable","13":"shipping-taxable","14":"product-type-simple"},"acf":[],"yoast_head":"<!-- This site is optimized with the Yoast SEO plugin v27.3 - https:\/\/yoast.com\/product\/yoast-seo-wordpress\/ -->\n<title>Cobra Kit Extensions de Cils Easy Volume Lashes - Districos Webshop<\/title>\n<meta name=\"robots\" content=\"noindex, follow, max-snippet:-1, max-image-preview:large, max-video-preview:-1\" \/>\n<meta property=\"og:locale\" content=\"fr_FR\" \/>\n<meta property=\"og:type\" content=\"article\" \/>\n<meta property=\"og:title\" content=\"Cobra Kit Extensions de Cils Easy Volume Lashes - Districos Webshop\" \/>\n<meta property=\"og:description\" content=\"EASY VOLUME : V (2D)-Lashes, W (3D)-Lashes, 4D-Lashes, 5D-Lashes et 7D-Lashes. Technique simplifi\u00e9e de la technique Russian Volume. Cils individuels, li\u00e9s l\u2019un \u00e0 l\u2019autre \u00e0 la base sans bouton. Id\u00e9al afin de cr\u00e9er de longs cils volumineux chez des client(e)s qui n\u2019ont pas beaucoup de cils ou des cils tr\u00e8s fins. Sont aussi employ\u00e9s entre [&hellip;]\" \/>\n<meta property=\"og:url\" content=\"https:\/\/districos.standingout.be\/fr\/product\/cobra-kit-extensions-de-cils-easy-volume-lashes-ref-7034-022\/\" \/>\n<meta property=\"og:site_name\" content=\"Districos Webshop\" \/>\n<meta property=\"article:modified_time\" content=\"2026-04-28T07:11:26+00:00\" \/>\n<meta name=\"twitter:card\" content=\"summary_large_image\" \/>\n<meta name=\"twitter:label1\" content=\"Dur\u00e9e de lecture estim\u00e9e\" \/>\n\t<meta name=\"twitter:data1\" content=\"1 minute\" \/>\n<script type=\"application\/ld+json\" class=\"yoast-schema-graph\">{\"@context\":\"https:\\\/\\\/schema.org\",\"@graph\":[{\"@type\":\"WebPage\",\"@id\":\"https:\\\/\\\/districos.standingout.be\\\/fr\\\/product\\\/cobra-kit-extensions-de-cils-easy-volume-lashes-ref-7034-022\\\/\",\"url\":\"https:\\\/\\\/districos.standingout.be\\\/fr\\\/product\\\/cobra-kit-extensions-de-cils-easy-volume-lashes-ref-7034-022\\\/\",\"name\":\"Cobra Kit Extensions de Cils Easy Volume Lashes - Districos Webshop\",\"isPartOf\":{\"@id\":\"https:\\\/\\\/districos.standingout.be\\\/fr\\\/#website\"},\"primaryImageOfPage\":{\"@id\":\"https:\\\/\\\/districos.standingout.be\\\/fr\\\/product\\\/cobra-kit-extensions-de-cils-easy-volume-lashes-ref-7034-022\\\/#primaryimage\"},\"image\":{\"@id\":\"https:\\\/\\\/districos.standingout.be\\\/fr\\\/product\\\/cobra-kit-extensions-de-cils-easy-volume-lashes-ref-7034-022\\\/#primaryimage\"},\"thumbnailUrl\":\"https:\\\/\\\/districos.standingout.be\\\/wp-content\\\/uploads\\\/2025\\\/07\\\/7034.022@LowRes_1_0.png\",\"datePublished\":\"2026-04-28T07:11:23+00:00\",\"dateModified\":\"2026-04-28T07:11:26+00:00\",\"breadcrumb\":{\"@id\":\"https:\\\/\\\/districos.standingout.be\\\/fr\\\/product\\\/cobra-kit-extensions-de-cils-easy-volume-lashes-ref-7034-022\\\/#breadcrumb\"},\"inLanguage\":\"fr-FR\",\"potentialAction\":[{\"@type\":\"ReadAction\",\"target\":[\"https:\\\/\\\/districos.standingout.be\\\/fr\\\/product\\\/cobra-kit-extensions-de-cils-easy-volume-lashes-ref-7034-022\\\/\"]}]},{\"@type\":\"ImageObject\",\"inLanguage\":\"fr-FR\",\"@id\":\"https:\\\/\\\/districos.standingout.be\\\/fr\\\/product\\\/cobra-kit-extensions-de-cils-easy-volume-lashes-ref-7034-022\\\/#primaryimage\",\"url\":\"https:\\\/\\\/districos.standingout.be\\\/wp-content\\\/uploads\\\/2025\\\/07\\\/7034.022@LowRes_1_0.png\",\"contentUrl\":\"https:\\\/\\\/districos.standingout.be\\\/wp-content\\\/uploads\\\/2025\\\/07\\\/7034.022@LowRes_1_0.png\",\"width\":600,\"height\":600},{\"@type\":\"BreadcrumbList\",\"@id\":\"https:\\\/\\\/districos.standingout.be\\\/fr\\\/product\\\/cobra-kit-extensions-de-cils-easy-volume-lashes-ref-7034-022\\\/#breadcrumb\",\"itemListElement\":[{\"@type\":\"ListItem\",\"position\":1,\"name\":\"Home\",\"item\":\"https:\\\/\\\/districos.standingout.be\\\/fr\\\/bienvenue-chez-districos\\\/\"},{\"@type\":\"ListItem\",\"position\":2,\"name\":\"Boutique\",\"item\":\"https:\\\/\\\/districos.standingout.be\\\/fr\\\/boutique\\\/\"},{\"@type\":\"ListItem\",\"position\":3,\"name\":\"Cobra Kit Extensions de Cils Easy Volume Lashes\"}]},{\"@type\":\"WebSite\",\"@id\":\"https:\\\/\\\/districos.standingout.be\\\/fr\\\/#website\",\"url\":\"https:\\\/\\\/districos.standingout.be\\\/fr\\\/\",\"name\":\"Districos Webshop\",\"description\":\"\",\"publisher\":{\"@id\":\"https:\\\/\\\/districos.standingout.be\\\/fr\\\/#organization\"},\"potentialAction\":[{\"@type\":\"SearchAction\",\"target\":{\"@type\":\"EntryPoint\",\"urlTemplate\":\"https:\\\/\\\/districos.standingout.be\\\/fr\\\/?s={search_term_string}\"},\"query-input\":{\"@type\":\"PropertyValueSpecification\",\"valueRequired\":true,\"valueName\":\"search_term_string\"}}],\"inLanguage\":\"fr-FR\"},{\"@type\":\"Organization\",\"@id\":\"https:\\\/\\\/districos.standingout.be\\\/fr\\\/#organization\",\"name\":\"Districos Webshop\",\"url\":\"https:\\\/\\\/districos.standingout.be\\\/fr\\\/\",\"logo\":{\"@type\":\"ImageObject\",\"inLanguage\":\"fr-FR\",\"@id\":\"https:\\\/\\\/districos.standingout.be\\\/fr\\\/#\\\/schema\\\/logo\\\/image\\\/\",\"url\":\"https:\\\/\\\/districos.standingout.be\\\/wp-content\\\/uploads\\\/2022\\\/09\\\/Districos_Logo_Webshop.svg\",\"contentUrl\":\"https:\\\/\\\/districos.standingout.be\\\/wp-content\\\/uploads\\\/2022\\\/09\\\/Districos_Logo_Webshop.svg\",\"caption\":\"Districos Webshop\"},\"image\":{\"@id\":\"https:\\\/\\\/districos.standingout.be\\\/fr\\\/#\\\/schema\\\/logo\\\/image\\\/\"}}]}<\/script>\n<!-- \/ Yoast SEO plugin. -->","yoast_head_json":{"title":"Cobra Kit Extensions de Cils Easy Volume Lashes - Districos Webshop","robots":{"index":"noindex","follow":"follow","max-snippet":"max-snippet:-1","max-image-preview":"max-image-preview:large","max-video-preview":"max-video-preview:-1"},"og_locale":"fr_FR","og_type":"article","og_title":"Cobra Kit Extensions de Cils Easy Volume Lashes - Districos Webshop","og_description":"EASY VOLUME : V (2D)-Lashes, W (3D)-Lashes, 4D-Lashes, 5D-Lashes et 7D-Lashes. Technique simplifi\u00e9e de la technique Russian Volume. Cils individuels, li\u00e9s l\u2019un \u00e0 l\u2019autre \u00e0 la base sans bouton. Id\u00e9al afin de cr\u00e9er de longs cils volumineux chez des client(e)s qui n\u2019ont pas beaucoup de cils ou des cils tr\u00e8s fins. Sont aussi employ\u00e9s entre [&hellip;]","og_url":"https:\/\/districos.standingout.be\/fr\/product\/cobra-kit-extensions-de-cils-easy-volume-lashes-ref-7034-022\/","og_site_name":"Districos Webshop","article_modified_time":"2026-04-28T07:11:26+00:00","twitter_card":"summary_large_image","twitter_misc":{"Dur\u00e9e de lecture estim\u00e9e":"1 minute"},"schema":{"@context":"https:\/\/schema.org","@graph":[{"@type":"WebPage","@id":"https:\/\/districos.standingout.be\/fr\/product\/cobra-kit-extensions-de-cils-easy-volume-lashes-ref-7034-022\/","url":"https:\/\/districos.standingout.be\/fr\/product\/cobra-kit-extensions-de-cils-easy-volume-lashes-ref-7034-022\/","name":"Cobra Kit Extensions de Cils Easy Volume Lashes - Districos Webshop","isPartOf":{"@id":"https:\/\/districos.standingout.be\/fr\/#website"},"primaryImageOfPage":{"@id":"https:\/\/districos.standingout.be\/fr\/product\/cobra-kit-extensions-de-cils-easy-volume-lashes-ref-7034-022\/#primaryimage"},"image":{"@id":"https:\/\/districos.standingout.be\/fr\/product\/cobra-kit-extensions-de-cils-easy-volume-lashes-ref-7034-022\/#primaryimage"},"thumbnailUrl":"https:\/\/districos.standingout.be\/wp-content\/uploads\/2025\/07\/7034.022@LowRes_1_0.png","datePublished":"2026-04-28T07:11:23+00:00","dateModified":"2026-04-28T07:11:26+00:00","breadcrumb":{"@id":"https:\/\/districos.standingout.be\/fr\/product\/cobra-kit-extensions-de-cils-easy-volume-lashes-ref-7034-022\/#breadcrumb"},"inLanguage":"fr-FR","potentialAction":[{"@type":"ReadAction","target":["https:\/\/districos.standingout.be\/fr\/product\/cobra-kit-extensions-de-cils-easy-volume-lashes-ref-7034-022\/"]}]},{"@type":"ImageObject","inLanguage":"fr-FR","@id":"https:\/\/districos.standingout.be\/fr\/product\/cobra-kit-extensions-de-cils-easy-volume-lashes-ref-7034-022\/#primaryimage","url":"https:\/\/districos.standingout.be\/wp-content\/uploads\/2025\/07\/7034.022@LowRes_1_0.png","contentUrl":"https:\/\/districos.standingout.be\/wp-content\/uploads\/2025\/07\/7034.022@LowRes_1_0.png","width":600,"height":600},{"@type":"BreadcrumbList","@id":"https:\/\/districos.standingout.be\/fr\/product\/cobra-kit-extensions-de-cils-easy-volume-lashes-ref-7034-022\/#breadcrumb","itemListElement":[{"@type":"ListItem","position":1,"name":"Home","item":"https:\/\/districos.standingout.be\/fr\/bienvenue-chez-districos\/"},{"@type":"ListItem","position":2,"name":"Boutique","item":"https:\/\/districos.standingout.be\/fr\/boutique\/"},{"@type":"ListItem","position":3,"name":"Cobra Kit Extensions de Cils Easy Volume Lashes"}]},{"@type":"WebSite","@id":"https:\/\/districos.standingout.be\/fr\/#website","url":"https:\/\/districos.standingout.be\/fr\/","name":"Districos Webshop","description":"","publisher":{"@id":"https:\/\/districos.standingout.be\/fr\/#organization"},"potentialAction":[{"@type":"SearchAction","target":{"@type":"EntryPoint","urlTemplate":"https:\/\/districos.standingout.be\/fr\/?s={search_term_string}"},"query-input":{"@type":"PropertyValueSpecification","valueRequired":true,"valueName":"search_term_string"}}],"inLanguage":"fr-FR"},{"@type":"Organization","@id":"https:\/\/districos.standingout.be\/fr\/#organization","name":"Districos Webshop","url":"https:\/\/districos.standingout.be\/fr\/","logo":{"@type":"ImageObject","inLanguage":"fr-FR","@id":"https:\/\/districos.standingout.be\/fr\/#\/schema\/logo\/image\/","url":"https:\/\/districos.standingout.be\/wp-content\/uploads\/2022\/09\/Districos_Logo_Webshop.svg","contentUrl":"https:\/\/districos.standingout.be\/wp-content\/uploads\/2022\/09\/Districos_Logo_Webshop.svg","caption":"Districos Webshop"},"image":{"@id":"https:\/\/districos.standingout.be\/fr\/#\/schema\/logo\/image\/"}}]}},"_links":{"self":[{"href":"https:\/\/districos.standingout.be\/fr\/wp-json\/wp\/v2\/product\/136593","targetHints":{"allow":["GET"]}}],"collection":[{"href":"https:\/\/districos.standingout.be\/fr\/wp-json\/wp\/v2\/product"}],"about":[{"href":"https:\/\/districos.standingout.be\/fr\/wp-json\/wp\/v2\/types\/product"}],"replies":[{"embeddable":true,"href":"https:\/\/districos.standingout.be\/fr\/wp-json\/wp\/v2\/comments?post=136593"}],"wp:featuredmedia":[{"embeddable":true,"href":"https:\/\/districos.standingout.be\/fr\/wp-json\/wp\/v2\/media\/76778"}],"wp:attachment":[{"href":"https:\/\/districos.standingout.be\/fr\/wp-json\/wp\/v2\/media?parent=136593"}],"wp:term":[{"taxonomy":"product_brand","embeddable":true,"href":"https:\/\/districos.standingout.be\/fr\/wp-json\/wp\/v2\/product_brand?post=136593"},{"taxonomy":"product_cat","embeddable":true,"href":"https:\/\/districos.standingout.be\/fr\/wp-json\/wp\/v2\/product_cat?post=136593"},{"taxonomy":"product_tag","embeddable":true,"href":"https:\/\/districos.standingout.be\/fr\/wp-json\/wp\/v2\/product_tag?post=136593"}],"curies":[{"name":"wp","href":"https:\/\/api.w.org\/{rel}","templated":true}]}}