{"id":136611,"date":"2026-04-28T09:13:42","date_gmt":"2026-04-28T07:13:42","guid":{"rendered":"https:\/\/webshopdistricoscom.webhosting.be\/product\/cobra-instant-dry-colle-noir-extensions-de-cils-10-ml-ref-7035-015\/"},"modified":"2026-04-28T09:13:46","modified_gmt":"2026-04-28T07:13:46","slug":"cobra-instant-dry-colle-noir-extensions-de-cils-10-ml-ref-7035-015","status":"publish","type":"product","link":"https:\/\/districos.standingout.be\/fr\/product\/cobra-instant-dry-colle-noir-extensions-de-cils-10-ml-ref-7035-015\/","title":{"rendered":"Cobra Instant Dry Colle Noir Extensions de Cils 10 ml"},"content":{"rendered":"<p >\n<\/p>\n<\/p>\n<\/p>\n<\/p>\n<\/p>\n<\/p>\n<\/p>\n<\/p>\n<\/p>\n<\/p>\n<\/p>\n<p dir=\"ltr\"><b>D\u00c9COUVREZ NOTRE NOUVELLE FORMULE : ADH\u00c9RENCE MAXIMALE ET MEILLEURE DUR\u00c9E DE CONSERVATION !<\/b><\/p>\n<p dir=\"ltr\">Colle extra puissante noire pour une tenue prolong\u00e9e des extensions de cils \u00e0 cils ou Volume Lashes. S\u00e8che en 1 \u00e0 2 secondes, donc plus rapidement que la colle Classic de Cobra. En raison de son temps de durcissement rapide, cette colle est id\u00e9ale pour les stylistes de cils les plus exp\u00e9riment\u00e9(e)s et pour le Volume Russe.<\/p>\n<ul>\n<li>Cette colle doit \u00eatre conserv\u00e9e au frigo tant que le flacon est ferm\u00e9. Apr\u00e8s ouverture, conserver au frais, au sec et \u00e0 l\u2019abri du soleil.&nbsp;<\/li>\n<li>Bien agiter le flacon avant emploi.<\/li>\n<li>Apr\u00e8s utilisation, refermer imm\u00e9diatement le flacon.<\/li>\n<li>Emballage : flacon de 10 ml<\/li>\n<\/ul>\n<p dir=\"ltr\"><b>\u00c9galement disponible :<\/b><\/p>\n<ul>\n<li>Cobra Classic Colle Noire Extensions de Cils 5 ml (<a href=\"https:\/\/webshop.districos.com\/ProductDetail\/7035.010\" target=\"_blank\" rel=\"noopener noreferrer nofollow\">r\u00e9f. 7035.010<\/a>)<\/li>\n<li>Cobra Classic Colle Noire Extensions de Cils 10 ml (<a href=\"https:\/\/webshop.districos.com\/ProductDetail\/7035.011\" target=\"_blank\" rel=\"noopener noreferrer nofollow\">r\u00e9f. 7035.011<\/a>)<\/li>\n<li>Cobra Instant Dry Colle Noir Extensions de Cils 5 ml (<a href=\"https:\/\/webshop.districos.com\/ProductDetail\/7035.013\" target=\"_blank\" rel=\"noopener noreferrer nofollow\">r\u00e9f. 7035.013<\/a>)<\/li>\n<\/ul>\n<p><b>CONSEIL :<\/b><span>&nbsp;<\/span><span>Pour garder la texture et le pouvoir adh\u00e9sif de la colle \u00e0 cils, nous d\u00e9conseillons de constituer de grandes r\u00e9serves. Id\u00e9alement, commencez \u00e0 utiliser la colle dans un d\u00e9lai de 1 \u00e0 2 mois apr\u00e8s l\u2019achat. Il n\u2019est en effet pas recommand\u00e9 de conserver un flacon non ouvert pendant, par exemple, six mois avant de l\u2019utiliser. Dans ce cas, il est pr\u00e9f\u00e9rable de reporter l\u2019achat jusqu\u2019\u00e0 une date plus proche de l\u2019utilisation effective.<\/span> <\/p>\n","protected":false},"excerpt":{"rendered":"<p>D\u00c9COUVREZ NOTRE NOUVELLE FORMULE : ADH\u00c9RENCE MAXIMALE ET MEILLEURE DUR\u00c9E DE CONSERVATION ! Colle extra puissante noire pour une tenue prolong\u00e9e des extensions de cils \u00e0 cils ou Volume Lashes. S\u00e8che en 1 \u00e0 2 secondes, donc plus rapidement que la colle Classic de Cobra. En raison de son temps de durcissement rapide, cette colle [&hellip;]<\/p>\n","protected":false},"featured_media":147004,"comment_status":"open","ping_status":"closed","template":"","meta":{"_acf_changed":false},"product_brand":[10338],"product_cat":[9984,9982],"product_tag":[],"class_list":{"0":"post-136611","1":"product","2":"type-product","3":"status-publish","4":"has-post-thumbnail","6":"product_brand-cobra-lashes-fr","7":"product_cat-beaute-cils-sourcils-accessoires","8":"product_cat-beaute-cils-sourcils-extension-des-cils","10":"first","11":"instock","12":"taxable","13":"shipping-taxable","14":"product-type-simple"},"acf":[],"yoast_head":"<!-- This site is optimized with the Yoast SEO plugin v27.3 - https:\/\/yoast.com\/product\/yoast-seo-wordpress\/ -->\n<title>Cobra Instant Dry Colle Noir Extensions de Cils 10 ml - Districos Webshop<\/title>\n<meta name=\"robots\" content=\"noindex, follow, max-snippet:-1, max-image-preview:large, max-video-preview:-1\" \/>\n<meta property=\"og:locale\" content=\"fr_FR\" \/>\n<meta property=\"og:type\" content=\"article\" \/>\n<meta property=\"og:title\" content=\"Cobra Instant Dry Colle Noir Extensions de Cils 10 ml - Districos Webshop\" \/>\n<meta property=\"og:description\" content=\"D\u00c9COUVREZ NOTRE NOUVELLE FORMULE : ADH\u00c9RENCE MAXIMALE ET MEILLEURE DUR\u00c9E DE CONSERVATION ! Colle extra puissante noire pour une tenue prolong\u00e9e des extensions de cils \u00e0 cils ou Volume Lashes. S\u00e8che en 1 \u00e0 2 secondes, donc plus rapidement que la colle Classic de Cobra. En raison de son temps de durcissement rapide, cette colle [&hellip;]\" \/>\n<meta property=\"og:url\" content=\"https:\/\/districos.standingout.be\/fr\/product\/cobra-instant-dry-colle-noir-extensions-de-cils-10-ml-ref-7035-015\/\" \/>\n<meta property=\"og:site_name\" content=\"Districos Webshop\" \/>\n<meta property=\"article:modified_time\" content=\"2026-04-28T07:13:46+00:00\" \/>\n<meta name=\"twitter:card\" content=\"summary_large_image\" \/>\n<meta name=\"twitter:label1\" content=\"Dur\u00e9e de lecture estim\u00e9e\" \/>\n\t<meta name=\"twitter:data1\" content=\"1 minute\" \/>\n<script type=\"application\/ld+json\" class=\"yoast-schema-graph\">{\"@context\":\"https:\\\/\\\/schema.org\",\"@graph\":[{\"@type\":\"WebPage\",\"@id\":\"https:\\\/\\\/districos.standingout.be\\\/fr\\\/product\\\/cobra-instant-dry-colle-noir-extensions-de-cils-10-ml-ref-7035-015\\\/\",\"url\":\"https:\\\/\\\/districos.standingout.be\\\/fr\\\/product\\\/cobra-instant-dry-colle-noir-extensions-de-cils-10-ml-ref-7035-015\\\/\",\"name\":\"Cobra Instant Dry Colle Noir Extensions de Cils 10 ml - Districos Webshop\",\"isPartOf\":{\"@id\":\"https:\\\/\\\/districos.standingout.be\\\/fr\\\/#website\"},\"primaryImageOfPage\":{\"@id\":\"https:\\\/\\\/districos.standingout.be\\\/fr\\\/product\\\/cobra-instant-dry-colle-noir-extensions-de-cils-10-ml-ref-7035-015\\\/#primaryimage\"},\"image\":{\"@id\":\"https:\\\/\\\/districos.standingout.be\\\/fr\\\/product\\\/cobra-instant-dry-colle-noir-extensions-de-cils-10-ml-ref-7035-015\\\/#primaryimage\"},\"thumbnailUrl\":\"https:\\\/\\\/districos.standingout.be\\\/wp-content\\\/uploads\\\/2026\\\/04\\\/7035.015@Cobra-Instant-Dry-Zwarte-Lijm-Wimperextensions-10-ml_1-1.png\",\"datePublished\":\"2026-04-28T07:13:42+00:00\",\"dateModified\":\"2026-04-28T07:13:46+00:00\",\"breadcrumb\":{\"@id\":\"https:\\\/\\\/districos.standingout.be\\\/fr\\\/product\\\/cobra-instant-dry-colle-noir-extensions-de-cils-10-ml-ref-7035-015\\\/#breadcrumb\"},\"inLanguage\":\"fr-FR\",\"potentialAction\":[{\"@type\":\"ReadAction\",\"target\":[\"https:\\\/\\\/districos.standingout.be\\\/fr\\\/product\\\/cobra-instant-dry-colle-noir-extensions-de-cils-10-ml-ref-7035-015\\\/\"]}]},{\"@type\":\"ImageObject\",\"inLanguage\":\"fr-FR\",\"@id\":\"https:\\\/\\\/districos.standingout.be\\\/fr\\\/product\\\/cobra-instant-dry-colle-noir-extensions-de-cils-10-ml-ref-7035-015\\\/#primaryimage\",\"url\":\"https:\\\/\\\/districos.standingout.be\\\/wp-content\\\/uploads\\\/2026\\\/04\\\/7035.015@Cobra-Instant-Dry-Zwarte-Lijm-Wimperextensions-10-ml_1-1.png\",\"contentUrl\":\"https:\\\/\\\/districos.standingout.be\\\/wp-content\\\/uploads\\\/2026\\\/04\\\/7035.015@Cobra-Instant-Dry-Zwarte-Lijm-Wimperextensions-10-ml_1-1.png\",\"width\":600,\"height\":600},{\"@type\":\"BreadcrumbList\",\"@id\":\"https:\\\/\\\/districos.standingout.be\\\/fr\\\/product\\\/cobra-instant-dry-colle-noir-extensions-de-cils-10-ml-ref-7035-015\\\/#breadcrumb\",\"itemListElement\":[{\"@type\":\"ListItem\",\"position\":1,\"name\":\"Home\",\"item\":\"https:\\\/\\\/districos.standingout.be\\\/fr\\\/bienvenue-chez-districos\\\/\"},{\"@type\":\"ListItem\",\"position\":2,\"name\":\"Boutique\",\"item\":\"https:\\\/\\\/districos.standingout.be\\\/fr\\\/boutique\\\/\"},{\"@type\":\"ListItem\",\"position\":3,\"name\":\"Cobra Instant Dry Colle Noir Extensions de Cils 10 ml\"}]},{\"@type\":\"WebSite\",\"@id\":\"https:\\\/\\\/districos.standingout.be\\\/fr\\\/#website\",\"url\":\"https:\\\/\\\/districos.standingout.be\\\/fr\\\/\",\"name\":\"Districos Webshop\",\"description\":\"\",\"publisher\":{\"@id\":\"https:\\\/\\\/districos.standingout.be\\\/fr\\\/#organization\"},\"potentialAction\":[{\"@type\":\"SearchAction\",\"target\":{\"@type\":\"EntryPoint\",\"urlTemplate\":\"https:\\\/\\\/districos.standingout.be\\\/fr\\\/?s={search_term_string}\"},\"query-input\":{\"@type\":\"PropertyValueSpecification\",\"valueRequired\":true,\"valueName\":\"search_term_string\"}}],\"inLanguage\":\"fr-FR\"},{\"@type\":\"Organization\",\"@id\":\"https:\\\/\\\/districos.standingout.be\\\/fr\\\/#organization\",\"name\":\"Districos Webshop\",\"url\":\"https:\\\/\\\/districos.standingout.be\\\/fr\\\/\",\"logo\":{\"@type\":\"ImageObject\",\"inLanguage\":\"fr-FR\",\"@id\":\"https:\\\/\\\/districos.standingout.be\\\/fr\\\/#\\\/schema\\\/logo\\\/image\\\/\",\"url\":\"https:\\\/\\\/districos.standingout.be\\\/wp-content\\\/uploads\\\/2022\\\/09\\\/Districos_Logo_Webshop.svg\",\"contentUrl\":\"https:\\\/\\\/districos.standingout.be\\\/wp-content\\\/uploads\\\/2022\\\/09\\\/Districos_Logo_Webshop.svg\",\"caption\":\"Districos Webshop\"},\"image\":{\"@id\":\"https:\\\/\\\/districos.standingout.be\\\/fr\\\/#\\\/schema\\\/logo\\\/image\\\/\"}}]}<\/script>\n<!-- \/ Yoast SEO plugin. -->","yoast_head_json":{"title":"Cobra Instant Dry Colle Noir Extensions de Cils 10 ml - Districos Webshop","robots":{"index":"noindex","follow":"follow","max-snippet":"max-snippet:-1","max-image-preview":"max-image-preview:large","max-video-preview":"max-video-preview:-1"},"og_locale":"fr_FR","og_type":"article","og_title":"Cobra Instant Dry Colle Noir Extensions de Cils 10 ml - Districos Webshop","og_description":"D\u00c9COUVREZ NOTRE NOUVELLE FORMULE : ADH\u00c9RENCE MAXIMALE ET MEILLEURE DUR\u00c9E DE CONSERVATION ! Colle extra puissante noire pour une tenue prolong\u00e9e des extensions de cils \u00e0 cils ou Volume Lashes. S\u00e8che en 1 \u00e0 2 secondes, donc plus rapidement que la colle Classic de Cobra. En raison de son temps de durcissement rapide, cette colle [&hellip;]","og_url":"https:\/\/districos.standingout.be\/fr\/product\/cobra-instant-dry-colle-noir-extensions-de-cils-10-ml-ref-7035-015\/","og_site_name":"Districos Webshop","article_modified_time":"2026-04-28T07:13:46+00:00","twitter_card":"summary_large_image","twitter_misc":{"Dur\u00e9e de lecture estim\u00e9e":"1 minute"},"schema":{"@context":"https:\/\/schema.org","@graph":[{"@type":"WebPage","@id":"https:\/\/districos.standingout.be\/fr\/product\/cobra-instant-dry-colle-noir-extensions-de-cils-10-ml-ref-7035-015\/","url":"https:\/\/districos.standingout.be\/fr\/product\/cobra-instant-dry-colle-noir-extensions-de-cils-10-ml-ref-7035-015\/","name":"Cobra Instant Dry Colle Noir Extensions de Cils 10 ml - Districos Webshop","isPartOf":{"@id":"https:\/\/districos.standingout.be\/fr\/#website"},"primaryImageOfPage":{"@id":"https:\/\/districos.standingout.be\/fr\/product\/cobra-instant-dry-colle-noir-extensions-de-cils-10-ml-ref-7035-015\/#primaryimage"},"image":{"@id":"https:\/\/districos.standingout.be\/fr\/product\/cobra-instant-dry-colle-noir-extensions-de-cils-10-ml-ref-7035-015\/#primaryimage"},"thumbnailUrl":"https:\/\/districos.standingout.be\/wp-content\/uploads\/2026\/04\/7035.015@Cobra-Instant-Dry-Zwarte-Lijm-Wimperextensions-10-ml_1-1.png","datePublished":"2026-04-28T07:13:42+00:00","dateModified":"2026-04-28T07:13:46+00:00","breadcrumb":{"@id":"https:\/\/districos.standingout.be\/fr\/product\/cobra-instant-dry-colle-noir-extensions-de-cils-10-ml-ref-7035-015\/#breadcrumb"},"inLanguage":"fr-FR","potentialAction":[{"@type":"ReadAction","target":["https:\/\/districos.standingout.be\/fr\/product\/cobra-instant-dry-colle-noir-extensions-de-cils-10-ml-ref-7035-015\/"]}]},{"@type":"ImageObject","inLanguage":"fr-FR","@id":"https:\/\/districos.standingout.be\/fr\/product\/cobra-instant-dry-colle-noir-extensions-de-cils-10-ml-ref-7035-015\/#primaryimage","url":"https:\/\/districos.standingout.be\/wp-content\/uploads\/2026\/04\/7035.015@Cobra-Instant-Dry-Zwarte-Lijm-Wimperextensions-10-ml_1-1.png","contentUrl":"https:\/\/districos.standingout.be\/wp-content\/uploads\/2026\/04\/7035.015@Cobra-Instant-Dry-Zwarte-Lijm-Wimperextensions-10-ml_1-1.png","width":600,"height":600},{"@type":"BreadcrumbList","@id":"https:\/\/districos.standingout.be\/fr\/product\/cobra-instant-dry-colle-noir-extensions-de-cils-10-ml-ref-7035-015\/#breadcrumb","itemListElement":[{"@type":"ListItem","position":1,"name":"Home","item":"https:\/\/districos.standingout.be\/fr\/bienvenue-chez-districos\/"},{"@type":"ListItem","position":2,"name":"Boutique","item":"https:\/\/districos.standingout.be\/fr\/boutique\/"},{"@type":"ListItem","position":3,"name":"Cobra Instant Dry Colle Noir Extensions de Cils 10 ml"}]},{"@type":"WebSite","@id":"https:\/\/districos.standingout.be\/fr\/#website","url":"https:\/\/districos.standingout.be\/fr\/","name":"Districos Webshop","description":"","publisher":{"@id":"https:\/\/districos.standingout.be\/fr\/#organization"},"potentialAction":[{"@type":"SearchAction","target":{"@type":"EntryPoint","urlTemplate":"https:\/\/districos.standingout.be\/fr\/?s={search_term_string}"},"query-input":{"@type":"PropertyValueSpecification","valueRequired":true,"valueName":"search_term_string"}}],"inLanguage":"fr-FR"},{"@type":"Organization","@id":"https:\/\/districos.standingout.be\/fr\/#organization","name":"Districos Webshop","url":"https:\/\/districos.standingout.be\/fr\/","logo":{"@type":"ImageObject","inLanguage":"fr-FR","@id":"https:\/\/districos.standingout.be\/fr\/#\/schema\/logo\/image\/","url":"https:\/\/districos.standingout.be\/wp-content\/uploads\/2022\/09\/Districos_Logo_Webshop.svg","contentUrl":"https:\/\/districos.standingout.be\/wp-content\/uploads\/2022\/09\/Districos_Logo_Webshop.svg","caption":"Districos Webshop"},"image":{"@id":"https:\/\/districos.standingout.be\/fr\/#\/schema\/logo\/image\/"}}]}},"_links":{"self":[{"href":"https:\/\/districos.standingout.be\/fr\/wp-json\/wp\/v2\/product\/136611","targetHints":{"allow":["GET"]}}],"collection":[{"href":"https:\/\/districos.standingout.be\/fr\/wp-json\/wp\/v2\/product"}],"about":[{"href":"https:\/\/districos.standingout.be\/fr\/wp-json\/wp\/v2\/types\/product"}],"replies":[{"embeddable":true,"href":"https:\/\/districos.standingout.be\/fr\/wp-json\/wp\/v2\/comments?post=136611"}],"wp:featuredmedia":[{"embeddable":true,"href":"https:\/\/districos.standingout.be\/fr\/wp-json\/wp\/v2\/media\/147004"}],"wp:attachment":[{"href":"https:\/\/districos.standingout.be\/fr\/wp-json\/wp\/v2\/media?parent=136611"}],"wp:term":[{"taxonomy":"product_brand","embeddable":true,"href":"https:\/\/districos.standingout.be\/fr\/wp-json\/wp\/v2\/product_brand?post=136611"},{"taxonomy":"product_cat","embeddable":true,"href":"https:\/\/districos.standingout.be\/fr\/wp-json\/wp\/v2\/product_cat?post=136611"},{"taxonomy":"product_tag","embeddable":true,"href":"https:\/\/districos.standingout.be\/fr\/wp-json\/wp\/v2\/product_tag?post=136611"}],"curies":[{"name":"wp","href":"https:\/\/api.w.org\/{rel}","templated":true}]}}