{"id":136623,"date":"2026-04-28T09:14:11","date_gmt":"2026-04-28T07:14:11","guid":{"rendered":"https:\/\/webshopdistricoscom.webhosting.be\/product\/patches-autocollants-antirides-5-paires-ref-7035-06\/"},"modified":"2026-04-28T09:14:17","modified_gmt":"2026-04-28T07:14:17","slug":"patches-autocollants-antirides-5-paires-ref-7035-06","status":"publish","type":"product","link":"https:\/\/districos.standingout.be\/fr\/product\/patches-autocollants-antirides-5-paires-ref-7035-06\/","title":{"rendered":"Patches Autocollants Antirides 5 paires"},"content":{"rendered":"<p >\n<\/p>\n<\/p>\n<p dir=\"ltr\">Pour couvrir les cils inf\u00e9rieurs et prot\u00e9ger la peau d\u00e9licate sous les yeux de la pointe de la pince. Ils contiennent du collag\u00e8ne qui estompe les ridules et r\u00e9duit visiblement les signes de fatigue. Produit de vente id\u00e9al !<\/p>\n<ul>\n<li>Avec du collag\u00e8ne et non pelucheux !<\/li>\n<li><span>Emballage : bo\u00eete de 5 paires<\/span><\/li>\n<\/ul>\n","protected":false},"excerpt":{"rendered":"<p>Pour couvrir les cils inf\u00e9rieurs et prot\u00e9ger la peau d\u00e9licate sous les yeux de la pointe de la pince. Ils contiennent du collag\u00e8ne qui estompe les ridules et r\u00e9duit visiblement les signes de fatigue. Produit de vente id\u00e9al ! Avec du collag\u00e8ne et non pelucheux ! Emballage : bo\u00eete de 5 paires<\/p>\n","protected":false},"featured_media":76838,"comment_status":"open","ping_status":"closed","template":"","meta":{"_acf_changed":false},"product_brand":[10338],"product_cat":[9984,9982],"product_tag":[],"class_list":{"0":"post-136623","1":"product","2":"type-product","3":"status-publish","4":"has-post-thumbnail","6":"product_brand-cobra-lashes-fr","7":"product_cat-beaute-cils-sourcils-accessoires","8":"product_cat-beaute-cils-sourcils-extension-des-cils","10":"first","11":"instock","12":"taxable","13":"shipping-taxable","14":"product-type-simple"},"acf":[],"yoast_head":"<!-- This site is optimized with the Yoast SEO plugin v27.3 - https:\/\/yoast.com\/product\/yoast-seo-wordpress\/ -->\n<title>Patches Autocollants Antirides 5 paires - Districos Webshop<\/title>\n<meta name=\"robots\" content=\"noindex, follow, max-snippet:-1, max-image-preview:large, max-video-preview:-1\" \/>\n<meta property=\"og:locale\" content=\"fr_FR\" \/>\n<meta property=\"og:type\" content=\"article\" \/>\n<meta property=\"og:title\" content=\"Patches Autocollants Antirides 5 paires - Districos Webshop\" \/>\n<meta property=\"og:description\" content=\"Pour couvrir les cils inf\u00e9rieurs et prot\u00e9ger la peau d\u00e9licate sous les yeux de la pointe de la pince. Ils contiennent du collag\u00e8ne qui estompe les ridules et r\u00e9duit visiblement les signes de fatigue. Produit de vente id\u00e9al ! Avec du collag\u00e8ne et non pelucheux ! Emballage : bo\u00eete de 5 paires\" \/>\n<meta property=\"og:url\" content=\"https:\/\/districos.standingout.be\/fr\/product\/patches-autocollants-antirides-5-paires-ref-7035-06\/\" \/>\n<meta property=\"og:site_name\" content=\"Districos Webshop\" \/>\n<meta property=\"article:modified_time\" content=\"2026-04-28T07:14:17+00:00\" \/>\n<meta name=\"twitter:card\" content=\"summary_large_image\" \/>\n<script type=\"application\/ld+json\" class=\"yoast-schema-graph\">{\"@context\":\"https:\\\/\\\/schema.org\",\"@graph\":[{\"@type\":\"WebPage\",\"@id\":\"https:\\\/\\\/districos.standingout.be\\\/fr\\\/product\\\/patches-autocollants-antirides-5-paires-ref-7035-06\\\/\",\"url\":\"https:\\\/\\\/districos.standingout.be\\\/fr\\\/product\\\/patches-autocollants-antirides-5-paires-ref-7035-06\\\/\",\"name\":\"Patches Autocollants Antirides 5 paires - Districos Webshop\",\"isPartOf\":{\"@id\":\"https:\\\/\\\/districos.standingout.be\\\/fr\\\/#website\"},\"primaryImageOfPage\":{\"@id\":\"https:\\\/\\\/districos.standingout.be\\\/fr\\\/product\\\/patches-autocollants-antirides-5-paires-ref-7035-06\\\/#primaryimage\"},\"image\":{\"@id\":\"https:\\\/\\\/districos.standingout.be\\\/fr\\\/product\\\/patches-autocollants-antirides-5-paires-ref-7035-06\\\/#primaryimage\"},\"thumbnailUrl\":\"https:\\\/\\\/districos.standingout.be\\\/wp-content\\\/uploads\\\/2025\\\/07\\\/7035.06@LowRes_1.png\",\"datePublished\":\"2026-04-28T07:14:11+00:00\",\"dateModified\":\"2026-04-28T07:14:17+00:00\",\"breadcrumb\":{\"@id\":\"https:\\\/\\\/districos.standingout.be\\\/fr\\\/product\\\/patches-autocollants-antirides-5-paires-ref-7035-06\\\/#breadcrumb\"},\"inLanguage\":\"fr-FR\",\"potentialAction\":[{\"@type\":\"ReadAction\",\"target\":[\"https:\\\/\\\/districos.standingout.be\\\/fr\\\/product\\\/patches-autocollants-antirides-5-paires-ref-7035-06\\\/\"]}]},{\"@type\":\"ImageObject\",\"inLanguage\":\"fr-FR\",\"@id\":\"https:\\\/\\\/districos.standingout.be\\\/fr\\\/product\\\/patches-autocollants-antirides-5-paires-ref-7035-06\\\/#primaryimage\",\"url\":\"https:\\\/\\\/districos.standingout.be\\\/wp-content\\\/uploads\\\/2025\\\/07\\\/7035.06@LowRes_1.png\",\"contentUrl\":\"https:\\\/\\\/districos.standingout.be\\\/wp-content\\\/uploads\\\/2025\\\/07\\\/7035.06@LowRes_1.png\",\"width\":600,\"height\":600},{\"@type\":\"BreadcrumbList\",\"@id\":\"https:\\\/\\\/districos.standingout.be\\\/fr\\\/product\\\/patches-autocollants-antirides-5-paires-ref-7035-06\\\/#breadcrumb\",\"itemListElement\":[{\"@type\":\"ListItem\",\"position\":1,\"name\":\"Home\",\"item\":\"https:\\\/\\\/districos.standingout.be\\\/fr\\\/bienvenue-chez-districos\\\/\"},{\"@type\":\"ListItem\",\"position\":2,\"name\":\"Boutique\",\"item\":\"https:\\\/\\\/districos.standingout.be\\\/fr\\\/boutique\\\/\"},{\"@type\":\"ListItem\",\"position\":3,\"name\":\"Patches Autocollants Antirides 5 paires\"}]},{\"@type\":\"WebSite\",\"@id\":\"https:\\\/\\\/districos.standingout.be\\\/fr\\\/#website\",\"url\":\"https:\\\/\\\/districos.standingout.be\\\/fr\\\/\",\"name\":\"Districos Webshop\",\"description\":\"\",\"publisher\":{\"@id\":\"https:\\\/\\\/districos.standingout.be\\\/fr\\\/#organization\"},\"potentialAction\":[{\"@type\":\"SearchAction\",\"target\":{\"@type\":\"EntryPoint\",\"urlTemplate\":\"https:\\\/\\\/districos.standingout.be\\\/fr\\\/?s={search_term_string}\"},\"query-input\":{\"@type\":\"PropertyValueSpecification\",\"valueRequired\":true,\"valueName\":\"search_term_string\"}}],\"inLanguage\":\"fr-FR\"},{\"@type\":\"Organization\",\"@id\":\"https:\\\/\\\/districos.standingout.be\\\/fr\\\/#organization\",\"name\":\"Districos Webshop\",\"url\":\"https:\\\/\\\/districos.standingout.be\\\/fr\\\/\",\"logo\":{\"@type\":\"ImageObject\",\"inLanguage\":\"fr-FR\",\"@id\":\"https:\\\/\\\/districos.standingout.be\\\/fr\\\/#\\\/schema\\\/logo\\\/image\\\/\",\"url\":\"https:\\\/\\\/districos.standingout.be\\\/wp-content\\\/uploads\\\/2022\\\/09\\\/Districos_Logo_Webshop.svg\",\"contentUrl\":\"https:\\\/\\\/districos.standingout.be\\\/wp-content\\\/uploads\\\/2022\\\/09\\\/Districos_Logo_Webshop.svg\",\"caption\":\"Districos Webshop\"},\"image\":{\"@id\":\"https:\\\/\\\/districos.standingout.be\\\/fr\\\/#\\\/schema\\\/logo\\\/image\\\/\"}}]}<\/script>\n<!-- \/ Yoast SEO plugin. -->","yoast_head_json":{"title":"Patches Autocollants Antirides 5 paires - Districos Webshop","robots":{"index":"noindex","follow":"follow","max-snippet":"max-snippet:-1","max-image-preview":"max-image-preview:large","max-video-preview":"max-video-preview:-1"},"og_locale":"fr_FR","og_type":"article","og_title":"Patches Autocollants Antirides 5 paires - Districos Webshop","og_description":"Pour couvrir les cils inf\u00e9rieurs et prot\u00e9ger la peau d\u00e9licate sous les yeux de la pointe de la pince. Ils contiennent du collag\u00e8ne qui estompe les ridules et r\u00e9duit visiblement les signes de fatigue. Produit de vente id\u00e9al ! Avec du collag\u00e8ne et non pelucheux ! Emballage : bo\u00eete de 5 paires","og_url":"https:\/\/districos.standingout.be\/fr\/product\/patches-autocollants-antirides-5-paires-ref-7035-06\/","og_site_name":"Districos Webshop","article_modified_time":"2026-04-28T07:14:17+00:00","twitter_card":"summary_large_image","schema":{"@context":"https:\/\/schema.org","@graph":[{"@type":"WebPage","@id":"https:\/\/districos.standingout.be\/fr\/product\/patches-autocollants-antirides-5-paires-ref-7035-06\/","url":"https:\/\/districos.standingout.be\/fr\/product\/patches-autocollants-antirides-5-paires-ref-7035-06\/","name":"Patches Autocollants Antirides 5 paires - Districos Webshop","isPartOf":{"@id":"https:\/\/districos.standingout.be\/fr\/#website"},"primaryImageOfPage":{"@id":"https:\/\/districos.standingout.be\/fr\/product\/patches-autocollants-antirides-5-paires-ref-7035-06\/#primaryimage"},"image":{"@id":"https:\/\/districos.standingout.be\/fr\/product\/patches-autocollants-antirides-5-paires-ref-7035-06\/#primaryimage"},"thumbnailUrl":"https:\/\/districos.standingout.be\/wp-content\/uploads\/2025\/07\/7035.06@LowRes_1.png","datePublished":"2026-04-28T07:14:11+00:00","dateModified":"2026-04-28T07:14:17+00:00","breadcrumb":{"@id":"https:\/\/districos.standingout.be\/fr\/product\/patches-autocollants-antirides-5-paires-ref-7035-06\/#breadcrumb"},"inLanguage":"fr-FR","potentialAction":[{"@type":"ReadAction","target":["https:\/\/districos.standingout.be\/fr\/product\/patches-autocollants-antirides-5-paires-ref-7035-06\/"]}]},{"@type":"ImageObject","inLanguage":"fr-FR","@id":"https:\/\/districos.standingout.be\/fr\/product\/patches-autocollants-antirides-5-paires-ref-7035-06\/#primaryimage","url":"https:\/\/districos.standingout.be\/wp-content\/uploads\/2025\/07\/7035.06@LowRes_1.png","contentUrl":"https:\/\/districos.standingout.be\/wp-content\/uploads\/2025\/07\/7035.06@LowRes_1.png","width":600,"height":600},{"@type":"BreadcrumbList","@id":"https:\/\/districos.standingout.be\/fr\/product\/patches-autocollants-antirides-5-paires-ref-7035-06\/#breadcrumb","itemListElement":[{"@type":"ListItem","position":1,"name":"Home","item":"https:\/\/districos.standingout.be\/fr\/bienvenue-chez-districos\/"},{"@type":"ListItem","position":2,"name":"Boutique","item":"https:\/\/districos.standingout.be\/fr\/boutique\/"},{"@type":"ListItem","position":3,"name":"Patches Autocollants Antirides 5 paires"}]},{"@type":"WebSite","@id":"https:\/\/districos.standingout.be\/fr\/#website","url":"https:\/\/districos.standingout.be\/fr\/","name":"Districos Webshop","description":"","publisher":{"@id":"https:\/\/districos.standingout.be\/fr\/#organization"},"potentialAction":[{"@type":"SearchAction","target":{"@type":"EntryPoint","urlTemplate":"https:\/\/districos.standingout.be\/fr\/?s={search_term_string}"},"query-input":{"@type":"PropertyValueSpecification","valueRequired":true,"valueName":"search_term_string"}}],"inLanguage":"fr-FR"},{"@type":"Organization","@id":"https:\/\/districos.standingout.be\/fr\/#organization","name":"Districos Webshop","url":"https:\/\/districos.standingout.be\/fr\/","logo":{"@type":"ImageObject","inLanguage":"fr-FR","@id":"https:\/\/districos.standingout.be\/fr\/#\/schema\/logo\/image\/","url":"https:\/\/districos.standingout.be\/wp-content\/uploads\/2022\/09\/Districos_Logo_Webshop.svg","contentUrl":"https:\/\/districos.standingout.be\/wp-content\/uploads\/2022\/09\/Districos_Logo_Webshop.svg","caption":"Districos Webshop"},"image":{"@id":"https:\/\/districos.standingout.be\/fr\/#\/schema\/logo\/image\/"}}]}},"_links":{"self":[{"href":"https:\/\/districos.standingout.be\/fr\/wp-json\/wp\/v2\/product\/136623","targetHints":{"allow":["GET"]}}],"collection":[{"href":"https:\/\/districos.standingout.be\/fr\/wp-json\/wp\/v2\/product"}],"about":[{"href":"https:\/\/districos.standingout.be\/fr\/wp-json\/wp\/v2\/types\/product"}],"replies":[{"embeddable":true,"href":"https:\/\/districos.standingout.be\/fr\/wp-json\/wp\/v2\/comments?post=136623"}],"wp:featuredmedia":[{"embeddable":true,"href":"https:\/\/districos.standingout.be\/fr\/wp-json\/wp\/v2\/media\/76838"}],"wp:attachment":[{"href":"https:\/\/districos.standingout.be\/fr\/wp-json\/wp\/v2\/media?parent=136623"}],"wp:term":[{"taxonomy":"product_brand","embeddable":true,"href":"https:\/\/districos.standingout.be\/fr\/wp-json\/wp\/v2\/product_brand?post=136623"},{"taxonomy":"product_cat","embeddable":true,"href":"https:\/\/districos.standingout.be\/fr\/wp-json\/wp\/v2\/product_cat?post=136623"},{"taxonomy":"product_tag","embeddable":true,"href":"https:\/\/districos.standingout.be\/fr\/wp-json\/wp\/v2\/product_tag?post=136623"}],"curies":[{"name":"wp","href":"https:\/\/api.w.org\/{rel}","templated":true}]}}