{"id":136631,"date":"2026-04-28T09:14:35","date_gmt":"2026-04-28T07:14:35","guid":{"rendered":"https:\/\/webshopdistricoscom.webhosting.be\/product\/cobra-patches-hydrogel-contour-fit-100-paires-supereco-ref-7035-068\/"},"modified":"2026-04-28T09:14:39","modified_gmt":"2026-04-28T07:14:39","slug":"cobra-patches-hydrogel-contour-fit-100-paires-supereco-ref-7035-068","status":"publish","type":"product","link":"https:\/\/districos.standingout.be\/fr\/product\/cobra-patches-hydrogel-contour-fit-100-paires-supereco-ref-7035-068\/","title":{"rendered":"Cobra Patches Hydrogel Contour Fit 100 paires SUPERECO"},"content":{"rendered":"<p >\n<\/p>\n<\/p>\n<\/p>\n<p><span>Le Patch Hydrogel pour les yeux Cobra n&rsquo;est pas seulement un produit id\u00e9al pour prendre soin de la peau sensible sous les yeux, mais il est \u00e9galement adapt\u00e9 pour prot\u00e9ger la peau de la pointe de vos pinces lors de la pose d&rsquo;extensions de cils et pour couvrir les cils inf\u00e9rieurs.<o:p><\/o:p><\/span><\/p>\n<p><span><b>Avantages des Patchs Hydrogel :<\/b><o:p><\/o:p><\/span><\/p>\n<\/p>\n<ul>\n<li><span>Ne peluche pas<\/span><\/li>\n<li><span>Auto-adh\u00e9sif<\/span><\/li>\n<li><span>Ne laisse pas de r\u00e9sidus adh\u00e9sifs sur la peau<\/span><\/li>\n<li><span>Excellente adh\u00e9rence sur la peau<\/span><\/li>\n<li><span>Nourrit et prot\u00e8ge la peau sensible autour des yeux<\/span><\/li>\n<li><span>Disponible en 2 formes diff\u00e9rentes (Classic Fit \/Contour Fit)<\/span><\/li>\n<li><span>Produit de vente id\u00e9al<\/span><\/li>\n<li><span>CONSEIL : Conservez-les au r\u00e9frig\u00e9rateur et appliquez les patchs rafra\u00eechissants sous vos yeux pour r\u00e9duire les gonflements et la r\u00e9tention d&rsquo;eau, afin d&rsquo;obtenir un regard frais et lumineux.<\/span><\/li>\n<\/ul>\n<p><span><b>Emballage :&nbsp;<\/b>100 paires de patchs pour les yeux (Contour Fit)<o:p><\/o:p><\/span><\/p>\n<p><span><b>Ingr\u00e9dients principaux :<\/b><o:p><\/o:p><\/span><\/p>\n<\/p>\n<ul>\n<li><span>\u00c9lastine : aide \u00e0 am\u00e9liorer l&rsquo;\u00e9lasticit\u00e9 de la peau.<\/span><\/li>\n<li><span>Acide hyaluronique : a la capacit\u00e9 d&rsquo;attirer et de retenir l&rsquo;eau, ce qui hydrate la peau et lui donne du volume. Cela peut aider \u00e0 r\u00e9duire les ridules et les rides, ainsi qu&rsquo;\u00e0 am\u00e9liorer l&rsquo;hydratation et la texture globale de la peau.<\/span><\/li>\n<li><span>Ubiquinone : aide \u00e0 la production d&rsquo;\u00e9nergie des cellules et poss\u00e8de des propri\u00e9t\u00e9s antioxydantes.<\/span><\/li>\n<\/ul>\n<p><span><b>\u00c9galement disponible :<\/b><o:p><\/o:p><\/span><\/p>\n<\/p>\n<ul>\n<li><span>Cobra Patches Hydrogel Classic Fit 5 paires (<a href=\"https:\/\/webshop.districos.com\/ProductDetail\/7035.065\" target=\"_blank\" rel=\"noopener noreferrer nofollow\">r\u00e9f. 7035.065<\/a>)<\/span><\/li>\n<li><span>Cobra Patches Hydrogel Classic Fit 100 paires (<a href=\"https:\/\/webshop.districos.com\/ProductDetail\/7035.066\" target=\"_blank\" rel=\"noopener noreferrer nofollow\">r\u00e9f. 7035.066<\/a>)<\/span><\/li>\n<li><span>Cobra Patches Hydrogel Contour Fit 5 paires (<a href=\"https:\/\/webshop.districos.com\/ProductDetail\/7035.067\" target=\"_blank\" rel=\"noopener noreferrer nofollow\">r\u00e9f. 7035.067<\/a>)<\/span><\/li>\n<\/ul>\n","protected":false},"excerpt":{"rendered":"<p>Le Patch Hydrogel pour les yeux Cobra n&rsquo;est pas seulement un produit id\u00e9al pour prendre soin de la peau sensible sous les yeux, mais il est \u00e9galement adapt\u00e9 pour prot\u00e9ger la peau de la pointe de vos pinces lors de la pose d&rsquo;extensions de cils et pour couvrir les cils inf\u00e9rieurs. Avantages des Patchs Hydrogel [&hellip;]<\/p>\n","protected":false},"featured_media":147025,"comment_status":"open","ping_status":"closed","template":"","meta":{"_acf_changed":false},"product_brand":[10338],"product_cat":[9984,9982],"product_tag":[],"class_list":{"0":"post-136631","1":"product","2":"type-product","3":"status-publish","4":"has-post-thumbnail","6":"product_brand-cobra-lashes-fr","7":"product_cat-beaute-cils-sourcils-accessoires","8":"product_cat-beaute-cils-sourcils-extension-des-cils","10":"first","11":"instock","12":"taxable","13":"shipping-taxable","14":"product-type-simple"},"acf":[],"yoast_head":"<!-- This site is optimized with the Yoast SEO plugin v27.3 - https:\/\/yoast.com\/product\/yoast-seo-wordpress\/ -->\n<title>Cobra Patches Hydrogel Contour Fit 100 paires SUPERECO - Districos Webshop<\/title>\n<meta name=\"robots\" content=\"noindex, follow, max-snippet:-1, max-image-preview:large, max-video-preview:-1\" \/>\n<meta property=\"og:locale\" content=\"fr_FR\" \/>\n<meta property=\"og:type\" content=\"article\" \/>\n<meta property=\"og:title\" content=\"Cobra Patches Hydrogel Contour Fit 100 paires SUPERECO - Districos Webshop\" \/>\n<meta property=\"og:description\" content=\"Le Patch Hydrogel pour les yeux Cobra n&rsquo;est pas seulement un produit id\u00e9al pour prendre soin de la peau sensible sous les yeux, mais il est \u00e9galement adapt\u00e9 pour prot\u00e9ger la peau de la pointe de vos pinces lors de la pose d&rsquo;extensions de cils et pour couvrir les cils inf\u00e9rieurs. Avantages des Patchs Hydrogel [&hellip;]\" \/>\n<meta property=\"og:url\" content=\"https:\/\/districos.standingout.be\/fr\/product\/cobra-patches-hydrogel-contour-fit-100-paires-supereco-ref-7035-068\/\" \/>\n<meta property=\"og:site_name\" content=\"Districos Webshop\" \/>\n<meta property=\"article:modified_time\" content=\"2026-04-28T07:14:39+00:00\" \/>\n<meta name=\"twitter:card\" content=\"summary_large_image\" \/>\n<meta name=\"twitter:label1\" content=\"Dur\u00e9e de lecture estim\u00e9e\" \/>\n\t<meta name=\"twitter:data1\" content=\"1 minute\" \/>\n<script type=\"application\/ld+json\" class=\"yoast-schema-graph\">{\"@context\":\"https:\\\/\\\/schema.org\",\"@graph\":[{\"@type\":\"WebPage\",\"@id\":\"https:\\\/\\\/districos.standingout.be\\\/fr\\\/product\\\/cobra-patches-hydrogel-contour-fit-100-paires-supereco-ref-7035-068\\\/\",\"url\":\"https:\\\/\\\/districos.standingout.be\\\/fr\\\/product\\\/cobra-patches-hydrogel-contour-fit-100-paires-supereco-ref-7035-068\\\/\",\"name\":\"Cobra Patches Hydrogel Contour Fit 100 paires SUPERECO - Districos Webshop\",\"isPartOf\":{\"@id\":\"https:\\\/\\\/districos.standingout.be\\\/fr\\\/#website\"},\"primaryImageOfPage\":{\"@id\":\"https:\\\/\\\/districos.standingout.be\\\/fr\\\/product\\\/cobra-patches-hydrogel-contour-fit-100-paires-supereco-ref-7035-068\\\/#primaryimage\"},\"image\":{\"@id\":\"https:\\\/\\\/districos.standingout.be\\\/fr\\\/product\\\/cobra-patches-hydrogel-contour-fit-100-paires-supereco-ref-7035-068\\\/#primaryimage\"},\"thumbnailUrl\":\"https:\\\/\\\/districos.standingout.be\\\/wp-content\\\/uploads\\\/2026\\\/04\\\/7035.068@Cobra-Hydrogel-Oogpatches-Contour-Fit-100-paar_1-1.png\",\"datePublished\":\"2026-04-28T07:14:35+00:00\",\"dateModified\":\"2026-04-28T07:14:39+00:00\",\"breadcrumb\":{\"@id\":\"https:\\\/\\\/districos.standingout.be\\\/fr\\\/product\\\/cobra-patches-hydrogel-contour-fit-100-paires-supereco-ref-7035-068\\\/#breadcrumb\"},\"inLanguage\":\"fr-FR\",\"potentialAction\":[{\"@type\":\"ReadAction\",\"target\":[\"https:\\\/\\\/districos.standingout.be\\\/fr\\\/product\\\/cobra-patches-hydrogel-contour-fit-100-paires-supereco-ref-7035-068\\\/\"]}]},{\"@type\":\"ImageObject\",\"inLanguage\":\"fr-FR\",\"@id\":\"https:\\\/\\\/districos.standingout.be\\\/fr\\\/product\\\/cobra-patches-hydrogel-contour-fit-100-paires-supereco-ref-7035-068\\\/#primaryimage\",\"url\":\"https:\\\/\\\/districos.standingout.be\\\/wp-content\\\/uploads\\\/2026\\\/04\\\/7035.068@Cobra-Hydrogel-Oogpatches-Contour-Fit-100-paar_1-1.png\",\"contentUrl\":\"https:\\\/\\\/districos.standingout.be\\\/wp-content\\\/uploads\\\/2026\\\/04\\\/7035.068@Cobra-Hydrogel-Oogpatches-Contour-Fit-100-paar_1-1.png\",\"width\":600,\"height\":600},{\"@type\":\"BreadcrumbList\",\"@id\":\"https:\\\/\\\/districos.standingout.be\\\/fr\\\/product\\\/cobra-patches-hydrogel-contour-fit-100-paires-supereco-ref-7035-068\\\/#breadcrumb\",\"itemListElement\":[{\"@type\":\"ListItem\",\"position\":1,\"name\":\"Home\",\"item\":\"https:\\\/\\\/districos.standingout.be\\\/fr\\\/bienvenue-chez-districos\\\/\"},{\"@type\":\"ListItem\",\"position\":2,\"name\":\"Boutique\",\"item\":\"https:\\\/\\\/districos.standingout.be\\\/fr\\\/boutique\\\/\"},{\"@type\":\"ListItem\",\"position\":3,\"name\":\"Cobra Patches Hydrogel Contour Fit 100 paires SUPERECO\"}]},{\"@type\":\"WebSite\",\"@id\":\"https:\\\/\\\/districos.standingout.be\\\/fr\\\/#website\",\"url\":\"https:\\\/\\\/districos.standingout.be\\\/fr\\\/\",\"name\":\"Districos Webshop\",\"description\":\"\",\"publisher\":{\"@id\":\"https:\\\/\\\/districos.standingout.be\\\/fr\\\/#organization\"},\"potentialAction\":[{\"@type\":\"SearchAction\",\"target\":{\"@type\":\"EntryPoint\",\"urlTemplate\":\"https:\\\/\\\/districos.standingout.be\\\/fr\\\/?s={search_term_string}\"},\"query-input\":{\"@type\":\"PropertyValueSpecification\",\"valueRequired\":true,\"valueName\":\"search_term_string\"}}],\"inLanguage\":\"fr-FR\"},{\"@type\":\"Organization\",\"@id\":\"https:\\\/\\\/districos.standingout.be\\\/fr\\\/#organization\",\"name\":\"Districos Webshop\",\"url\":\"https:\\\/\\\/districos.standingout.be\\\/fr\\\/\",\"logo\":{\"@type\":\"ImageObject\",\"inLanguage\":\"fr-FR\",\"@id\":\"https:\\\/\\\/districos.standingout.be\\\/fr\\\/#\\\/schema\\\/logo\\\/image\\\/\",\"url\":\"https:\\\/\\\/districos.standingout.be\\\/wp-content\\\/uploads\\\/2022\\\/09\\\/Districos_Logo_Webshop.svg\",\"contentUrl\":\"https:\\\/\\\/districos.standingout.be\\\/wp-content\\\/uploads\\\/2022\\\/09\\\/Districos_Logo_Webshop.svg\",\"caption\":\"Districos Webshop\"},\"image\":{\"@id\":\"https:\\\/\\\/districos.standingout.be\\\/fr\\\/#\\\/schema\\\/logo\\\/image\\\/\"}}]}<\/script>\n<!-- \/ Yoast SEO plugin. -->","yoast_head_json":{"title":"Cobra Patches Hydrogel Contour Fit 100 paires SUPERECO - Districos Webshop","robots":{"index":"noindex","follow":"follow","max-snippet":"max-snippet:-1","max-image-preview":"max-image-preview:large","max-video-preview":"max-video-preview:-1"},"og_locale":"fr_FR","og_type":"article","og_title":"Cobra Patches Hydrogel Contour Fit 100 paires SUPERECO - Districos Webshop","og_description":"Le Patch Hydrogel pour les yeux Cobra n&rsquo;est pas seulement un produit id\u00e9al pour prendre soin de la peau sensible sous les yeux, mais il est \u00e9galement adapt\u00e9 pour prot\u00e9ger la peau de la pointe de vos pinces lors de la pose d&rsquo;extensions de cils et pour couvrir les cils inf\u00e9rieurs. Avantages des Patchs Hydrogel [&hellip;]","og_url":"https:\/\/districos.standingout.be\/fr\/product\/cobra-patches-hydrogel-contour-fit-100-paires-supereco-ref-7035-068\/","og_site_name":"Districos Webshop","article_modified_time":"2026-04-28T07:14:39+00:00","twitter_card":"summary_large_image","twitter_misc":{"Dur\u00e9e de lecture estim\u00e9e":"1 minute"},"schema":{"@context":"https:\/\/schema.org","@graph":[{"@type":"WebPage","@id":"https:\/\/districos.standingout.be\/fr\/product\/cobra-patches-hydrogel-contour-fit-100-paires-supereco-ref-7035-068\/","url":"https:\/\/districos.standingout.be\/fr\/product\/cobra-patches-hydrogel-contour-fit-100-paires-supereco-ref-7035-068\/","name":"Cobra Patches Hydrogel Contour Fit 100 paires SUPERECO - Districos Webshop","isPartOf":{"@id":"https:\/\/districos.standingout.be\/fr\/#website"},"primaryImageOfPage":{"@id":"https:\/\/districos.standingout.be\/fr\/product\/cobra-patches-hydrogel-contour-fit-100-paires-supereco-ref-7035-068\/#primaryimage"},"image":{"@id":"https:\/\/districos.standingout.be\/fr\/product\/cobra-patches-hydrogel-contour-fit-100-paires-supereco-ref-7035-068\/#primaryimage"},"thumbnailUrl":"https:\/\/districos.standingout.be\/wp-content\/uploads\/2026\/04\/7035.068@Cobra-Hydrogel-Oogpatches-Contour-Fit-100-paar_1-1.png","datePublished":"2026-04-28T07:14:35+00:00","dateModified":"2026-04-28T07:14:39+00:00","breadcrumb":{"@id":"https:\/\/districos.standingout.be\/fr\/product\/cobra-patches-hydrogel-contour-fit-100-paires-supereco-ref-7035-068\/#breadcrumb"},"inLanguage":"fr-FR","potentialAction":[{"@type":"ReadAction","target":["https:\/\/districos.standingout.be\/fr\/product\/cobra-patches-hydrogel-contour-fit-100-paires-supereco-ref-7035-068\/"]}]},{"@type":"ImageObject","inLanguage":"fr-FR","@id":"https:\/\/districos.standingout.be\/fr\/product\/cobra-patches-hydrogel-contour-fit-100-paires-supereco-ref-7035-068\/#primaryimage","url":"https:\/\/districos.standingout.be\/wp-content\/uploads\/2026\/04\/7035.068@Cobra-Hydrogel-Oogpatches-Contour-Fit-100-paar_1-1.png","contentUrl":"https:\/\/districos.standingout.be\/wp-content\/uploads\/2026\/04\/7035.068@Cobra-Hydrogel-Oogpatches-Contour-Fit-100-paar_1-1.png","width":600,"height":600},{"@type":"BreadcrumbList","@id":"https:\/\/districos.standingout.be\/fr\/product\/cobra-patches-hydrogel-contour-fit-100-paires-supereco-ref-7035-068\/#breadcrumb","itemListElement":[{"@type":"ListItem","position":1,"name":"Home","item":"https:\/\/districos.standingout.be\/fr\/bienvenue-chez-districos\/"},{"@type":"ListItem","position":2,"name":"Boutique","item":"https:\/\/districos.standingout.be\/fr\/boutique\/"},{"@type":"ListItem","position":3,"name":"Cobra Patches Hydrogel Contour Fit 100 paires SUPERECO"}]},{"@type":"WebSite","@id":"https:\/\/districos.standingout.be\/fr\/#website","url":"https:\/\/districos.standingout.be\/fr\/","name":"Districos Webshop","description":"","publisher":{"@id":"https:\/\/districos.standingout.be\/fr\/#organization"},"potentialAction":[{"@type":"SearchAction","target":{"@type":"EntryPoint","urlTemplate":"https:\/\/districos.standingout.be\/fr\/?s={search_term_string}"},"query-input":{"@type":"PropertyValueSpecification","valueRequired":true,"valueName":"search_term_string"}}],"inLanguage":"fr-FR"},{"@type":"Organization","@id":"https:\/\/districos.standingout.be\/fr\/#organization","name":"Districos Webshop","url":"https:\/\/districos.standingout.be\/fr\/","logo":{"@type":"ImageObject","inLanguage":"fr-FR","@id":"https:\/\/districos.standingout.be\/fr\/#\/schema\/logo\/image\/","url":"https:\/\/districos.standingout.be\/wp-content\/uploads\/2022\/09\/Districos_Logo_Webshop.svg","contentUrl":"https:\/\/districos.standingout.be\/wp-content\/uploads\/2022\/09\/Districos_Logo_Webshop.svg","caption":"Districos Webshop"},"image":{"@id":"https:\/\/districos.standingout.be\/fr\/#\/schema\/logo\/image\/"}}]}},"_links":{"self":[{"href":"https:\/\/districos.standingout.be\/fr\/wp-json\/wp\/v2\/product\/136631","targetHints":{"allow":["GET"]}}],"collection":[{"href":"https:\/\/districos.standingout.be\/fr\/wp-json\/wp\/v2\/product"}],"about":[{"href":"https:\/\/districos.standingout.be\/fr\/wp-json\/wp\/v2\/types\/product"}],"replies":[{"embeddable":true,"href":"https:\/\/districos.standingout.be\/fr\/wp-json\/wp\/v2\/comments?post=136631"}],"wp:featuredmedia":[{"embeddable":true,"href":"https:\/\/districos.standingout.be\/fr\/wp-json\/wp\/v2\/media\/147025"}],"wp:attachment":[{"href":"https:\/\/districos.standingout.be\/fr\/wp-json\/wp\/v2\/media?parent=136631"}],"wp:term":[{"taxonomy":"product_brand","embeddable":true,"href":"https:\/\/districos.standingout.be\/fr\/wp-json\/wp\/v2\/product_brand?post=136631"},{"taxonomy":"product_cat","embeddable":true,"href":"https:\/\/districos.standingout.be\/fr\/wp-json\/wp\/v2\/product_cat?post=136631"},{"taxonomy":"product_tag","embeddable":true,"href":"https:\/\/districos.standingout.be\/fr\/wp-json\/wp\/v2\/product_tag?post=136631"}],"curies":[{"name":"wp","href":"https:\/\/api.w.org\/{rel}","templated":true}]}}