{"id":136635,"date":"2026-04-28T09:14:44","date_gmt":"2026-04-28T07:14:44","guid":{"rendered":"https:\/\/webshopdistricoscom.webhosting.be\/product\/nano-mister-ultrasonique-ref-7035-08\/"},"modified":"2026-04-28T09:14:47","modified_gmt":"2026-04-28T07:14:47","slug":"nano-mister-ultrasonique-ref-7035-08","status":"publish","type":"product","link":"https:\/\/districos.standingout.be\/fr\/product\/nano-mister-ultrasonique-ref-7035-08\/","title":{"rendered":"Nano Mister Ultrasonique"},"content":{"rendered":"<p >\n<p dir=ltr><b>INDISPENSABLE PENDANT UNE EXTENSION DES CILS !<\/b><\/p>\n<p> Acc\u00e9l\u00e9rez le durcissement de la colle avec ce brumisateur. Tenez-le apr\u00e8s une extension par cils individuels pendant +\/- 15 secondes \u00e0 environ 20 cm des cils de votre client(e). La fine brume permet \u00e0 la colle forte un durcissement imm\u00e9diat de l\u2019ext\u00e9rieur vers l\u2019int\u00e9rieur, de fa\u00e7on \u00e0 ce que le\/la client(e) n&rsquo;ait plus \u00e0 attendre 24 \u00e0 48 heures avant d&rsquo;entrer en contact avec de l&rsquo;eau. En plus, il procure une agr\u00e9able sensation de rafra\u00eechissement \u00e0 la fin du traitement et r\u00e9duit fortement les irritations dues \u00e0 la colle.&nbsp;<\/p>\n<p> Il peut \u00e9galement \u00eatre utilis\u00e9 apr\u00e8s une extension par touffes afin de r\u00e9duire au minimum le picotement des yeux \u00e0 cause de la colle.<\/p>\n<p> <b>Caract\u00e9ristiques :<\/b> <\/p>\n<ul> <\/p>\n<li>Minuteur automatique de 50 secondes.<\/li>\n<p> <\/p>\n<li>Port USB afin de recharger la batterie.<\/li>\n<p> <\/p>\n<li>Dimensions : 118 x 37,5 mm.<\/li>\n<p> <\/ul>\n<p> <b>Application polyvalente :<\/b> <\/p>\n<ul> <\/p>\n<li>Hydratation de la peau. Les nanomol\u00e9cules s&rsquo;attachent au s\u00e9bum de la peau, afin que la peau soit hydrat\u00e9e pendant environ 12 heures.<\/li>\n<p> <\/p>\n<li>Rafra\u00eechissement de la peau en \u00e9t\u00e9. <\/li>\n<p> <\/p>\n<li>Effet calmant pour tous les types de peaux. La fine brume resserre les pores et permet une jolie peau douce et lisse. De ce fait, l&#8217;emploi du Nano Mister est aussi id\u00e9al avant de mettre du fond de teint, par exemple.<\/li>\n<p> <\/p>\n<li>Fixation du maquillage. <\/li>\n<p> <\/ul>\n<p> Emballage : 1 pi\u00e8ce<\/p><\/p>\n","protected":false},"excerpt":{"rendered":"<p>INDISPENSABLE PENDANT UNE EXTENSION DES CILS ! Acc\u00e9l\u00e9rez le durcissement de la colle avec ce brumisateur. Tenez-le apr\u00e8s une extension par cils individuels pendant +\/- 15 secondes \u00e0 environ 20 cm des cils de votre client(e). La fine brume permet \u00e0 la colle forte un durcissement imm\u00e9diat de l\u2019ext\u00e9rieur vers l\u2019int\u00e9rieur, de fa\u00e7on \u00e0 ce [&hellip;]<\/p>\n","protected":false},"featured_media":110060,"comment_status":"open","ping_status":"closed","template":"","meta":{"_acf_changed":false},"product_brand":[10338],"product_cat":[9984,9982],"product_tag":[],"class_list":{"0":"post-136635","1":"product","2":"type-product","3":"status-publish","4":"has-post-thumbnail","6":"product_brand-cobra-lashes-fr","7":"product_cat-beaute-cils-sourcils-accessoires","8":"product_cat-beaute-cils-sourcils-extension-des-cils","10":"first","11":"instock","12":"taxable","13":"shipping-taxable","14":"product-type-simple"},"acf":[],"yoast_head":"<!-- This site is optimized with the Yoast SEO plugin v27.3 - https:\/\/yoast.com\/product\/yoast-seo-wordpress\/ -->\n<title>Nano Mister Ultrasonique - Districos Webshop<\/title>\n<meta name=\"robots\" content=\"noindex, follow, max-snippet:-1, max-image-preview:large, max-video-preview:-1\" \/>\n<meta property=\"og:locale\" content=\"fr_FR\" \/>\n<meta property=\"og:type\" content=\"article\" \/>\n<meta property=\"og:title\" content=\"Nano Mister Ultrasonique - Districos Webshop\" \/>\n<meta property=\"og:description\" content=\"INDISPENSABLE PENDANT UNE EXTENSION DES CILS ! Acc\u00e9l\u00e9rez le durcissement de la colle avec ce brumisateur. Tenez-le apr\u00e8s une extension par cils individuels pendant +\/- 15 secondes \u00e0 environ 20 cm des cils de votre client(e). La fine brume permet \u00e0 la colle forte un durcissement imm\u00e9diat de l\u2019ext\u00e9rieur vers l\u2019int\u00e9rieur, de fa\u00e7on \u00e0 ce [&hellip;]\" \/>\n<meta property=\"og:url\" content=\"https:\/\/districos.standingout.be\/fr\/product\/nano-mister-ultrasonique-ref-7035-08\/\" \/>\n<meta property=\"og:site_name\" content=\"Districos Webshop\" \/>\n<meta property=\"article:modified_time\" content=\"2026-04-28T07:14:47+00:00\" \/>\n<meta name=\"twitter:card\" content=\"summary_large_image\" \/>\n<meta name=\"twitter:label1\" content=\"Dur\u00e9e de lecture estim\u00e9e\" \/>\n\t<meta name=\"twitter:data1\" content=\"1 minute\" \/>\n<script type=\"application\/ld+json\" class=\"yoast-schema-graph\">{\"@context\":\"https:\\\/\\\/schema.org\",\"@graph\":[{\"@type\":\"WebPage\",\"@id\":\"https:\\\/\\\/districos.standingout.be\\\/fr\\\/product\\\/nano-mister-ultrasonique-ref-7035-08\\\/\",\"url\":\"https:\\\/\\\/districos.standingout.be\\\/fr\\\/product\\\/nano-mister-ultrasonique-ref-7035-08\\\/\",\"name\":\"Nano Mister Ultrasonique - Districos Webshop\",\"isPartOf\":{\"@id\":\"https:\\\/\\\/districos.standingout.be\\\/fr\\\/#website\"},\"primaryImageOfPage\":{\"@id\":\"https:\\\/\\\/districos.standingout.be\\\/fr\\\/product\\\/nano-mister-ultrasonique-ref-7035-08\\\/#primaryimage\"},\"image\":{\"@id\":\"https:\\\/\\\/districos.standingout.be\\\/fr\\\/product\\\/nano-mister-ultrasonique-ref-7035-08\\\/#primaryimage\"},\"thumbnailUrl\":\"https:\\\/\\\/districos.standingout.be\\\/wp-content\\\/uploads\\\/2026\\\/03\\\/7035.08@LowRes_1_0.png\",\"datePublished\":\"2026-04-28T07:14:44+00:00\",\"dateModified\":\"2026-04-28T07:14:47+00:00\",\"breadcrumb\":{\"@id\":\"https:\\\/\\\/districos.standingout.be\\\/fr\\\/product\\\/nano-mister-ultrasonique-ref-7035-08\\\/#breadcrumb\"},\"inLanguage\":\"fr-FR\",\"potentialAction\":[{\"@type\":\"ReadAction\",\"target\":[\"https:\\\/\\\/districos.standingout.be\\\/fr\\\/product\\\/nano-mister-ultrasonique-ref-7035-08\\\/\"]}]},{\"@type\":\"ImageObject\",\"inLanguage\":\"fr-FR\",\"@id\":\"https:\\\/\\\/districos.standingout.be\\\/fr\\\/product\\\/nano-mister-ultrasonique-ref-7035-08\\\/#primaryimage\",\"url\":\"https:\\\/\\\/districos.standingout.be\\\/wp-content\\\/uploads\\\/2026\\\/03\\\/7035.08@LowRes_1_0.png\",\"contentUrl\":\"https:\\\/\\\/districos.standingout.be\\\/wp-content\\\/uploads\\\/2026\\\/03\\\/7035.08@LowRes_1_0.png\",\"width\":600,\"height\":600},{\"@type\":\"BreadcrumbList\",\"@id\":\"https:\\\/\\\/districos.standingout.be\\\/fr\\\/product\\\/nano-mister-ultrasonique-ref-7035-08\\\/#breadcrumb\",\"itemListElement\":[{\"@type\":\"ListItem\",\"position\":1,\"name\":\"Home\",\"item\":\"https:\\\/\\\/districos.standingout.be\\\/fr\\\/bienvenue-chez-districos\\\/\"},{\"@type\":\"ListItem\",\"position\":2,\"name\":\"Boutique\",\"item\":\"https:\\\/\\\/districos.standingout.be\\\/fr\\\/boutique\\\/\"},{\"@type\":\"ListItem\",\"position\":3,\"name\":\"Nano Mister Ultrasonique\"}]},{\"@type\":\"WebSite\",\"@id\":\"https:\\\/\\\/districos.standingout.be\\\/fr\\\/#website\",\"url\":\"https:\\\/\\\/districos.standingout.be\\\/fr\\\/\",\"name\":\"Districos Webshop\",\"description\":\"\",\"publisher\":{\"@id\":\"https:\\\/\\\/districos.standingout.be\\\/fr\\\/#organization\"},\"potentialAction\":[{\"@type\":\"SearchAction\",\"target\":{\"@type\":\"EntryPoint\",\"urlTemplate\":\"https:\\\/\\\/districos.standingout.be\\\/fr\\\/?s={search_term_string}\"},\"query-input\":{\"@type\":\"PropertyValueSpecification\",\"valueRequired\":true,\"valueName\":\"search_term_string\"}}],\"inLanguage\":\"fr-FR\"},{\"@type\":\"Organization\",\"@id\":\"https:\\\/\\\/districos.standingout.be\\\/fr\\\/#organization\",\"name\":\"Districos Webshop\",\"url\":\"https:\\\/\\\/districos.standingout.be\\\/fr\\\/\",\"logo\":{\"@type\":\"ImageObject\",\"inLanguage\":\"fr-FR\",\"@id\":\"https:\\\/\\\/districos.standingout.be\\\/fr\\\/#\\\/schema\\\/logo\\\/image\\\/\",\"url\":\"https:\\\/\\\/districos.standingout.be\\\/wp-content\\\/uploads\\\/2022\\\/09\\\/Districos_Logo_Webshop.svg\",\"contentUrl\":\"https:\\\/\\\/districos.standingout.be\\\/wp-content\\\/uploads\\\/2022\\\/09\\\/Districos_Logo_Webshop.svg\",\"caption\":\"Districos Webshop\"},\"image\":{\"@id\":\"https:\\\/\\\/districos.standingout.be\\\/fr\\\/#\\\/schema\\\/logo\\\/image\\\/\"}}]}<\/script>\n<!-- \/ Yoast SEO plugin. -->","yoast_head_json":{"title":"Nano Mister Ultrasonique - Districos Webshop","robots":{"index":"noindex","follow":"follow","max-snippet":"max-snippet:-1","max-image-preview":"max-image-preview:large","max-video-preview":"max-video-preview:-1"},"og_locale":"fr_FR","og_type":"article","og_title":"Nano Mister Ultrasonique - Districos Webshop","og_description":"INDISPENSABLE PENDANT UNE EXTENSION DES CILS ! Acc\u00e9l\u00e9rez le durcissement de la colle avec ce brumisateur. Tenez-le apr\u00e8s une extension par cils individuels pendant +\/- 15 secondes \u00e0 environ 20 cm des cils de votre client(e). La fine brume permet \u00e0 la colle forte un durcissement imm\u00e9diat de l\u2019ext\u00e9rieur vers l\u2019int\u00e9rieur, de fa\u00e7on \u00e0 ce [&hellip;]","og_url":"https:\/\/districos.standingout.be\/fr\/product\/nano-mister-ultrasonique-ref-7035-08\/","og_site_name":"Districos Webshop","article_modified_time":"2026-04-28T07:14:47+00:00","twitter_card":"summary_large_image","twitter_misc":{"Dur\u00e9e de lecture estim\u00e9e":"1 minute"},"schema":{"@context":"https:\/\/schema.org","@graph":[{"@type":"WebPage","@id":"https:\/\/districos.standingout.be\/fr\/product\/nano-mister-ultrasonique-ref-7035-08\/","url":"https:\/\/districos.standingout.be\/fr\/product\/nano-mister-ultrasonique-ref-7035-08\/","name":"Nano Mister Ultrasonique - Districos Webshop","isPartOf":{"@id":"https:\/\/districos.standingout.be\/fr\/#website"},"primaryImageOfPage":{"@id":"https:\/\/districos.standingout.be\/fr\/product\/nano-mister-ultrasonique-ref-7035-08\/#primaryimage"},"image":{"@id":"https:\/\/districos.standingout.be\/fr\/product\/nano-mister-ultrasonique-ref-7035-08\/#primaryimage"},"thumbnailUrl":"https:\/\/districos.standingout.be\/wp-content\/uploads\/2026\/03\/7035.08@LowRes_1_0.png","datePublished":"2026-04-28T07:14:44+00:00","dateModified":"2026-04-28T07:14:47+00:00","breadcrumb":{"@id":"https:\/\/districos.standingout.be\/fr\/product\/nano-mister-ultrasonique-ref-7035-08\/#breadcrumb"},"inLanguage":"fr-FR","potentialAction":[{"@type":"ReadAction","target":["https:\/\/districos.standingout.be\/fr\/product\/nano-mister-ultrasonique-ref-7035-08\/"]}]},{"@type":"ImageObject","inLanguage":"fr-FR","@id":"https:\/\/districos.standingout.be\/fr\/product\/nano-mister-ultrasonique-ref-7035-08\/#primaryimage","url":"https:\/\/districos.standingout.be\/wp-content\/uploads\/2026\/03\/7035.08@LowRes_1_0.png","contentUrl":"https:\/\/districos.standingout.be\/wp-content\/uploads\/2026\/03\/7035.08@LowRes_1_0.png","width":600,"height":600},{"@type":"BreadcrumbList","@id":"https:\/\/districos.standingout.be\/fr\/product\/nano-mister-ultrasonique-ref-7035-08\/#breadcrumb","itemListElement":[{"@type":"ListItem","position":1,"name":"Home","item":"https:\/\/districos.standingout.be\/fr\/bienvenue-chez-districos\/"},{"@type":"ListItem","position":2,"name":"Boutique","item":"https:\/\/districos.standingout.be\/fr\/boutique\/"},{"@type":"ListItem","position":3,"name":"Nano Mister Ultrasonique"}]},{"@type":"WebSite","@id":"https:\/\/districos.standingout.be\/fr\/#website","url":"https:\/\/districos.standingout.be\/fr\/","name":"Districos Webshop","description":"","publisher":{"@id":"https:\/\/districos.standingout.be\/fr\/#organization"},"potentialAction":[{"@type":"SearchAction","target":{"@type":"EntryPoint","urlTemplate":"https:\/\/districos.standingout.be\/fr\/?s={search_term_string}"},"query-input":{"@type":"PropertyValueSpecification","valueRequired":true,"valueName":"search_term_string"}}],"inLanguage":"fr-FR"},{"@type":"Organization","@id":"https:\/\/districos.standingout.be\/fr\/#organization","name":"Districos Webshop","url":"https:\/\/districos.standingout.be\/fr\/","logo":{"@type":"ImageObject","inLanguage":"fr-FR","@id":"https:\/\/districos.standingout.be\/fr\/#\/schema\/logo\/image\/","url":"https:\/\/districos.standingout.be\/wp-content\/uploads\/2022\/09\/Districos_Logo_Webshop.svg","contentUrl":"https:\/\/districos.standingout.be\/wp-content\/uploads\/2022\/09\/Districos_Logo_Webshop.svg","caption":"Districos Webshop"},"image":{"@id":"https:\/\/districos.standingout.be\/fr\/#\/schema\/logo\/image\/"}}]}},"_links":{"self":[{"href":"https:\/\/districos.standingout.be\/fr\/wp-json\/wp\/v2\/product\/136635","targetHints":{"allow":["GET"]}}],"collection":[{"href":"https:\/\/districos.standingout.be\/fr\/wp-json\/wp\/v2\/product"}],"about":[{"href":"https:\/\/districos.standingout.be\/fr\/wp-json\/wp\/v2\/types\/product"}],"replies":[{"embeddable":true,"href":"https:\/\/districos.standingout.be\/fr\/wp-json\/wp\/v2\/comments?post=136635"}],"wp:featuredmedia":[{"embeddable":true,"href":"https:\/\/districos.standingout.be\/fr\/wp-json\/wp\/v2\/media\/110060"}],"wp:attachment":[{"href":"https:\/\/districos.standingout.be\/fr\/wp-json\/wp\/v2\/media?parent=136635"}],"wp:term":[{"taxonomy":"product_brand","embeddable":true,"href":"https:\/\/districos.standingout.be\/fr\/wp-json\/wp\/v2\/product_brand?post=136635"},{"taxonomy":"product_cat","embeddable":true,"href":"https:\/\/districos.standingout.be\/fr\/wp-json\/wp\/v2\/product_cat?post=136635"},{"taxonomy":"product_tag","embeddable":true,"href":"https:\/\/districos.standingout.be\/fr\/wp-json\/wp\/v2\/product_tag?post=136635"}],"curies":[{"name":"wp","href":"https:\/\/api.w.org\/{rel}","templated":true}]}}