{"id":136645,"date":"2026-04-28T09:15:51","date_gmt":"2026-04-28T07:15:51","guid":{"rendered":"https:\/\/webshopdistricoscom.webhosting.be\/product\/cobra-lashes-pince-semi-angled-extensions-de-cils-115-cm-ref-7035-16\/"},"modified":"2026-04-28T09:15:55","modified_gmt":"2026-04-28T07:15:55","slug":"cobra-lashes-pince-semi-angled-extensions-de-cils-115-cm-ref-7035-16","status":"publish","type":"product","link":"https:\/\/districos.standingout.be\/fr\/product\/cobra-lashes-pince-semi-angled-extensions-de-cils-115-cm-ref-7035-16\/","title":{"rendered":"Cobra Lashes Pince Semi-Angled Extensions de Cils 11,5 cm"},"content":{"rendered":"<p >\n<p dir=ltr>Pince Semi-angulaire sp\u00e9cifique pour les extensions Russian Volume. Gr\u00e2ce \u00e0 son bec sp\u00e9cial ultra fin, il est plus facile de coincer plusieurs extensions en m\u00eame temps et de cr\u00e9er ainsi des \u00e9ventails. Cette pince est, de plus, adapt\u00e9e pour isoler les cils et faciliter la pose. <\/p>\n<p> Emballage : 1 pi\u00e8ce<\/p><\/p>\n","protected":false},"excerpt":{"rendered":"<p>Pince Semi-angulaire sp\u00e9cifique pour les extensions Russian Volume. Gr\u00e2ce \u00e0 son bec sp\u00e9cial ultra fin, il est plus facile de coincer plusieurs extensions en m\u00eame temps et de cr\u00e9er ainsi des \u00e9ventails. Cette pince est, de plus, adapt\u00e9e pour isoler les cils et faciliter la pose. Emballage : 1 pi\u00e8ce<\/p>\n","protected":false},"featured_media":110093,"comment_status":"open","ping_status":"closed","template":"","meta":{"_acf_changed":false},"product_brand":[10380],"product_cat":[9984,9982,9920],"product_tag":[],"class_list":{"0":"post-136645","1":"product","2":"type-product","3":"status-publish","4":"has-post-thumbnail","6":"product_brand-districos-fr","7":"product_cat-beaute-cils-sourcils-accessoires","8":"product_cat-beaute-cils-sourcils-extension-des-cils","9":"product_cat-beaute-epilation-pinces-a-epiler","11":"first","12":"instock","13":"taxable","14":"shipping-taxable","15":"product-type-simple"},"acf":[],"yoast_head":"<!-- This site is optimized with the Yoast SEO plugin v27.3 - https:\/\/yoast.com\/product\/yoast-seo-wordpress\/ -->\n<title>Cobra Lashes Pince Semi-Angled Extensions de Cils 11,5 cm - Districos Webshop<\/title>\n<meta name=\"robots\" content=\"noindex, follow, max-snippet:-1, max-image-preview:large, max-video-preview:-1\" \/>\n<meta property=\"og:locale\" content=\"fr_FR\" \/>\n<meta property=\"og:type\" content=\"article\" \/>\n<meta property=\"og:title\" content=\"Cobra Lashes Pince Semi-Angled Extensions de Cils 11,5 cm - Districos Webshop\" \/>\n<meta property=\"og:description\" content=\"Pince Semi-angulaire sp\u00e9cifique pour les extensions Russian Volume. Gr\u00e2ce \u00e0 son bec sp\u00e9cial ultra fin, il est plus facile de coincer plusieurs extensions en m\u00eame temps et de cr\u00e9er ainsi des \u00e9ventails. Cette pince est, de plus, adapt\u00e9e pour isoler les cils et faciliter la pose. Emballage : 1 pi\u00e8ce\" \/>\n<meta property=\"og:url\" content=\"https:\/\/districos.standingout.be\/fr\/product\/cobra-lashes-pince-semi-angled-extensions-de-cils-115-cm-ref-7035-16\/\" \/>\n<meta property=\"og:site_name\" content=\"Districos Webshop\" \/>\n<meta property=\"article:modified_time\" content=\"2026-04-28T07:15:55+00:00\" \/>\n<meta name=\"twitter:card\" content=\"summary_large_image\" \/>\n<script type=\"application\/ld+json\" class=\"yoast-schema-graph\">{\"@context\":\"https:\\\/\\\/schema.org\",\"@graph\":[{\"@type\":\"WebPage\",\"@id\":\"https:\\\/\\\/districos.standingout.be\\\/fr\\\/product\\\/cobra-lashes-pince-semi-angled-extensions-de-cils-115-cm-ref-7035-16\\\/\",\"url\":\"https:\\\/\\\/districos.standingout.be\\\/fr\\\/product\\\/cobra-lashes-pince-semi-angled-extensions-de-cils-115-cm-ref-7035-16\\\/\",\"name\":\"Cobra Lashes Pince Semi-Angled Extensions de Cils 11,5 cm - Districos Webshop\",\"isPartOf\":{\"@id\":\"https:\\\/\\\/districos.standingout.be\\\/fr\\\/#website\"},\"primaryImageOfPage\":{\"@id\":\"https:\\\/\\\/districos.standingout.be\\\/fr\\\/product\\\/cobra-lashes-pince-semi-angled-extensions-de-cils-115-cm-ref-7035-16\\\/#primaryimage\"},\"image\":{\"@id\":\"https:\\\/\\\/districos.standingout.be\\\/fr\\\/product\\\/cobra-lashes-pince-semi-angled-extensions-de-cils-115-cm-ref-7035-16\\\/#primaryimage\"},\"thumbnailUrl\":\"https:\\\/\\\/districos.standingout.be\\\/wp-content\\\/uploads\\\/2026\\\/03\\\/7035.16@LowRes_1_0.png\",\"datePublished\":\"2026-04-28T07:15:51+00:00\",\"dateModified\":\"2026-04-28T07:15:55+00:00\",\"breadcrumb\":{\"@id\":\"https:\\\/\\\/districos.standingout.be\\\/fr\\\/product\\\/cobra-lashes-pince-semi-angled-extensions-de-cils-115-cm-ref-7035-16\\\/#breadcrumb\"},\"inLanguage\":\"fr-FR\",\"potentialAction\":[{\"@type\":\"ReadAction\",\"target\":[\"https:\\\/\\\/districos.standingout.be\\\/fr\\\/product\\\/cobra-lashes-pince-semi-angled-extensions-de-cils-115-cm-ref-7035-16\\\/\"]}]},{\"@type\":\"ImageObject\",\"inLanguage\":\"fr-FR\",\"@id\":\"https:\\\/\\\/districos.standingout.be\\\/fr\\\/product\\\/cobra-lashes-pince-semi-angled-extensions-de-cils-115-cm-ref-7035-16\\\/#primaryimage\",\"url\":\"https:\\\/\\\/districos.standingout.be\\\/wp-content\\\/uploads\\\/2026\\\/03\\\/7035.16@LowRes_1_0.png\",\"contentUrl\":\"https:\\\/\\\/districos.standingout.be\\\/wp-content\\\/uploads\\\/2026\\\/03\\\/7035.16@LowRes_1_0.png\",\"width\":600,\"height\":600},{\"@type\":\"BreadcrumbList\",\"@id\":\"https:\\\/\\\/districos.standingout.be\\\/fr\\\/product\\\/cobra-lashes-pince-semi-angled-extensions-de-cils-115-cm-ref-7035-16\\\/#breadcrumb\",\"itemListElement\":[{\"@type\":\"ListItem\",\"position\":1,\"name\":\"Home\",\"item\":\"https:\\\/\\\/districos.standingout.be\\\/fr\\\/bienvenue-chez-districos\\\/\"},{\"@type\":\"ListItem\",\"position\":2,\"name\":\"Boutique\",\"item\":\"https:\\\/\\\/districos.standingout.be\\\/fr\\\/boutique\\\/\"},{\"@type\":\"ListItem\",\"position\":3,\"name\":\"Cobra Lashes Pince Semi-Angled Extensions de Cils 11,5 cm\"}]},{\"@type\":\"WebSite\",\"@id\":\"https:\\\/\\\/districos.standingout.be\\\/fr\\\/#website\",\"url\":\"https:\\\/\\\/districos.standingout.be\\\/fr\\\/\",\"name\":\"Districos Webshop\",\"description\":\"\",\"publisher\":{\"@id\":\"https:\\\/\\\/districos.standingout.be\\\/fr\\\/#organization\"},\"potentialAction\":[{\"@type\":\"SearchAction\",\"target\":{\"@type\":\"EntryPoint\",\"urlTemplate\":\"https:\\\/\\\/districos.standingout.be\\\/fr\\\/?s={search_term_string}\"},\"query-input\":{\"@type\":\"PropertyValueSpecification\",\"valueRequired\":true,\"valueName\":\"search_term_string\"}}],\"inLanguage\":\"fr-FR\"},{\"@type\":\"Organization\",\"@id\":\"https:\\\/\\\/districos.standingout.be\\\/fr\\\/#organization\",\"name\":\"Districos Webshop\",\"url\":\"https:\\\/\\\/districos.standingout.be\\\/fr\\\/\",\"logo\":{\"@type\":\"ImageObject\",\"inLanguage\":\"fr-FR\",\"@id\":\"https:\\\/\\\/districos.standingout.be\\\/fr\\\/#\\\/schema\\\/logo\\\/image\\\/\",\"url\":\"https:\\\/\\\/districos.standingout.be\\\/wp-content\\\/uploads\\\/2022\\\/09\\\/Districos_Logo_Webshop.svg\",\"contentUrl\":\"https:\\\/\\\/districos.standingout.be\\\/wp-content\\\/uploads\\\/2022\\\/09\\\/Districos_Logo_Webshop.svg\",\"caption\":\"Districos Webshop\"},\"image\":{\"@id\":\"https:\\\/\\\/districos.standingout.be\\\/fr\\\/#\\\/schema\\\/logo\\\/image\\\/\"}}]}<\/script>\n<!-- \/ Yoast SEO plugin. -->","yoast_head_json":{"title":"Cobra Lashes Pince Semi-Angled Extensions de Cils 11,5 cm - Districos Webshop","robots":{"index":"noindex","follow":"follow","max-snippet":"max-snippet:-1","max-image-preview":"max-image-preview:large","max-video-preview":"max-video-preview:-1"},"og_locale":"fr_FR","og_type":"article","og_title":"Cobra Lashes Pince Semi-Angled Extensions de Cils 11,5 cm - Districos Webshop","og_description":"Pince Semi-angulaire sp\u00e9cifique pour les extensions Russian Volume. Gr\u00e2ce \u00e0 son bec sp\u00e9cial ultra fin, il est plus facile de coincer plusieurs extensions en m\u00eame temps et de cr\u00e9er ainsi des \u00e9ventails. Cette pince est, de plus, adapt\u00e9e pour isoler les cils et faciliter la pose. Emballage : 1 pi\u00e8ce","og_url":"https:\/\/districos.standingout.be\/fr\/product\/cobra-lashes-pince-semi-angled-extensions-de-cils-115-cm-ref-7035-16\/","og_site_name":"Districos Webshop","article_modified_time":"2026-04-28T07:15:55+00:00","twitter_card":"summary_large_image","schema":{"@context":"https:\/\/schema.org","@graph":[{"@type":"WebPage","@id":"https:\/\/districos.standingout.be\/fr\/product\/cobra-lashes-pince-semi-angled-extensions-de-cils-115-cm-ref-7035-16\/","url":"https:\/\/districos.standingout.be\/fr\/product\/cobra-lashes-pince-semi-angled-extensions-de-cils-115-cm-ref-7035-16\/","name":"Cobra Lashes Pince Semi-Angled Extensions de Cils 11,5 cm - Districos Webshop","isPartOf":{"@id":"https:\/\/districos.standingout.be\/fr\/#website"},"primaryImageOfPage":{"@id":"https:\/\/districos.standingout.be\/fr\/product\/cobra-lashes-pince-semi-angled-extensions-de-cils-115-cm-ref-7035-16\/#primaryimage"},"image":{"@id":"https:\/\/districos.standingout.be\/fr\/product\/cobra-lashes-pince-semi-angled-extensions-de-cils-115-cm-ref-7035-16\/#primaryimage"},"thumbnailUrl":"https:\/\/districos.standingout.be\/wp-content\/uploads\/2026\/03\/7035.16@LowRes_1_0.png","datePublished":"2026-04-28T07:15:51+00:00","dateModified":"2026-04-28T07:15:55+00:00","breadcrumb":{"@id":"https:\/\/districos.standingout.be\/fr\/product\/cobra-lashes-pince-semi-angled-extensions-de-cils-115-cm-ref-7035-16\/#breadcrumb"},"inLanguage":"fr-FR","potentialAction":[{"@type":"ReadAction","target":["https:\/\/districos.standingout.be\/fr\/product\/cobra-lashes-pince-semi-angled-extensions-de-cils-115-cm-ref-7035-16\/"]}]},{"@type":"ImageObject","inLanguage":"fr-FR","@id":"https:\/\/districos.standingout.be\/fr\/product\/cobra-lashes-pince-semi-angled-extensions-de-cils-115-cm-ref-7035-16\/#primaryimage","url":"https:\/\/districos.standingout.be\/wp-content\/uploads\/2026\/03\/7035.16@LowRes_1_0.png","contentUrl":"https:\/\/districos.standingout.be\/wp-content\/uploads\/2026\/03\/7035.16@LowRes_1_0.png","width":600,"height":600},{"@type":"BreadcrumbList","@id":"https:\/\/districos.standingout.be\/fr\/product\/cobra-lashes-pince-semi-angled-extensions-de-cils-115-cm-ref-7035-16\/#breadcrumb","itemListElement":[{"@type":"ListItem","position":1,"name":"Home","item":"https:\/\/districos.standingout.be\/fr\/bienvenue-chez-districos\/"},{"@type":"ListItem","position":2,"name":"Boutique","item":"https:\/\/districos.standingout.be\/fr\/boutique\/"},{"@type":"ListItem","position":3,"name":"Cobra Lashes Pince Semi-Angled Extensions de Cils 11,5 cm"}]},{"@type":"WebSite","@id":"https:\/\/districos.standingout.be\/fr\/#website","url":"https:\/\/districos.standingout.be\/fr\/","name":"Districos Webshop","description":"","publisher":{"@id":"https:\/\/districos.standingout.be\/fr\/#organization"},"potentialAction":[{"@type":"SearchAction","target":{"@type":"EntryPoint","urlTemplate":"https:\/\/districos.standingout.be\/fr\/?s={search_term_string}"},"query-input":{"@type":"PropertyValueSpecification","valueRequired":true,"valueName":"search_term_string"}}],"inLanguage":"fr-FR"},{"@type":"Organization","@id":"https:\/\/districos.standingout.be\/fr\/#organization","name":"Districos Webshop","url":"https:\/\/districos.standingout.be\/fr\/","logo":{"@type":"ImageObject","inLanguage":"fr-FR","@id":"https:\/\/districos.standingout.be\/fr\/#\/schema\/logo\/image\/","url":"https:\/\/districos.standingout.be\/wp-content\/uploads\/2022\/09\/Districos_Logo_Webshop.svg","contentUrl":"https:\/\/districos.standingout.be\/wp-content\/uploads\/2022\/09\/Districos_Logo_Webshop.svg","caption":"Districos Webshop"},"image":{"@id":"https:\/\/districos.standingout.be\/fr\/#\/schema\/logo\/image\/"}}]}},"_links":{"self":[{"href":"https:\/\/districos.standingout.be\/fr\/wp-json\/wp\/v2\/product\/136645","targetHints":{"allow":["GET"]}}],"collection":[{"href":"https:\/\/districos.standingout.be\/fr\/wp-json\/wp\/v2\/product"}],"about":[{"href":"https:\/\/districos.standingout.be\/fr\/wp-json\/wp\/v2\/types\/product"}],"replies":[{"embeddable":true,"href":"https:\/\/districos.standingout.be\/fr\/wp-json\/wp\/v2\/comments?post=136645"}],"wp:featuredmedia":[{"embeddable":true,"href":"https:\/\/districos.standingout.be\/fr\/wp-json\/wp\/v2\/media\/110093"}],"wp:attachment":[{"href":"https:\/\/districos.standingout.be\/fr\/wp-json\/wp\/v2\/media?parent=136645"}],"wp:term":[{"taxonomy":"product_brand","embeddable":true,"href":"https:\/\/districos.standingout.be\/fr\/wp-json\/wp\/v2\/product_brand?post=136645"},{"taxonomy":"product_cat","embeddable":true,"href":"https:\/\/districos.standingout.be\/fr\/wp-json\/wp\/v2\/product_cat?post=136645"},{"taxonomy":"product_tag","embeddable":true,"href":"https:\/\/districos.standingout.be\/fr\/wp-json\/wp\/v2\/product_tag?post=136645"}],"curies":[{"name":"wp","href":"https:\/\/api.w.org\/{rel}","templated":true}]}}