{"id":136667,"date":"2026-04-28T09:16:51","date_gmt":"2026-04-28T07:16:51","guid":{"rendered":"https:\/\/webshopdistricoscom.webhosting.be\/product\/houppette-noire-triangle-6-x-6-cm-ref-7037-031\/"},"modified":"2026-04-28T09:16:55","modified_gmt":"2026-04-28T07:16:55","slug":"houppette-noire-triangle-6-x-6-cm-ref-7037-031","status":"publish","type":"product","link":"https:\/\/districos.standingout.be\/fr\/product\/houppette-noire-triangle-6-x-6-cm-ref-7037-031\/","title":{"rendered":"Houppette Noire Triangle 6 x 6 cm"},"content":{"rendered":"<p >\n<\/p>\n<\/p>\n<p><font size=\"2\">Houppette en velours poudre noire pour une application impeccable et sans traces des poudres libres et compactes.<\/font><\/p>\n<div>\n<ul>\n<li><font size=\"2\"><font size=\"2\">Pourvue d&rsquo;un ruban pour une application facile.<\/font><\/font><\/li>\n<li><font size=\"2\"><font size=\"2\">Sa forme triangulaire sp\u00e9ciale tient parfaitement dans la main.<\/font><\/font><\/li>\n<li><font size=\"2\"><font size=\"2\">Emballage : 1 pi\u00e8ce.<\/font><\/font><\/li>\n<\/ul>\n<div><span><b>\u00c9galement disponible :<\/b><\/span><\/p>\n<ul>\n<li>Houppette Noire Ronde 8 cm (<a href=\"https:\/\/webshop.districos.com\/ProductDetail\/7037.03\" target=\"_blank\" rel=\"noopener noreferrer nofollow\">r\u00e9f. 7037.03<\/a>)<\/li>\n<\/ul>\n<\/div>\n<\/div>\n","protected":false},"excerpt":{"rendered":"<p>Houppette en velours poudre noire pour une application impeccable et sans traces des poudres libres et compactes. Pourvue d&rsquo;un ruban pour une application facile. Sa forme triangulaire sp\u00e9ciale tient parfaitement dans la main. Emballage : 1 pi\u00e8ce. \u00c9galement disponible : Houppette Noire Ronde 8 cm (r\u00e9f. 7037.03)<\/p>\n","protected":false},"featured_media":147040,"comment_status":"open","ping_status":"closed","template":"","meta":{"_acf_changed":false},"product_brand":[],"product_cat":[9888],"product_tag":[],"class_list":{"0":"post-136667","1":"product","2":"type-product","3":"status-publish","4":"has-post-thumbnail","6":"product_cat-beaute-maquillage-pinceaux-brosses","8":"first","9":"instock","10":"taxable","11":"shipping-taxable","12":"product-type-simple"},"acf":[],"yoast_head":"<!-- This site is optimized with the Yoast SEO plugin v27.3 - https:\/\/yoast.com\/product\/yoast-seo-wordpress\/ -->\n<title>Houppette Noire Triangle 6 x 6 cm - Districos Webshop<\/title>\n<meta name=\"robots\" content=\"noindex, follow, max-snippet:-1, max-image-preview:large, max-video-preview:-1\" \/>\n<meta property=\"og:locale\" content=\"fr_FR\" \/>\n<meta property=\"og:type\" content=\"article\" \/>\n<meta property=\"og:title\" content=\"Houppette Noire Triangle 6 x 6 cm - Districos Webshop\" \/>\n<meta property=\"og:description\" content=\"Houppette en velours poudre noire pour une application impeccable et sans traces des poudres libres et compactes. Pourvue d&rsquo;un ruban pour une application facile. Sa forme triangulaire sp\u00e9ciale tient parfaitement dans la main. Emballage : 1 pi\u00e8ce. \u00c9galement disponible : Houppette Noire Ronde 8 cm (r\u00e9f. 7037.03)\" \/>\n<meta property=\"og:url\" content=\"https:\/\/districos.standingout.be\/fr\/product\/houppette-noire-triangle-6-x-6-cm-ref-7037-031\/\" \/>\n<meta property=\"og:site_name\" content=\"Districos Webshop\" \/>\n<meta property=\"article:modified_time\" content=\"2026-04-28T07:16:55+00:00\" \/>\n<meta name=\"twitter:card\" content=\"summary_large_image\" \/>\n<script type=\"application\/ld+json\" class=\"yoast-schema-graph\">{\"@context\":\"https:\\\/\\\/schema.org\",\"@graph\":[{\"@type\":\"WebPage\",\"@id\":\"https:\\\/\\\/districos.standingout.be\\\/fr\\\/product\\\/houppette-noire-triangle-6-x-6-cm-ref-7037-031\\\/\",\"url\":\"https:\\\/\\\/districos.standingout.be\\\/fr\\\/product\\\/houppette-noire-triangle-6-x-6-cm-ref-7037-031\\\/\",\"name\":\"Houppette Noire Triangle 6 x 6 cm - Districos Webshop\",\"isPartOf\":{\"@id\":\"https:\\\/\\\/districos.standingout.be\\\/fr\\\/#website\"},\"primaryImageOfPage\":{\"@id\":\"https:\\\/\\\/districos.standingout.be\\\/fr\\\/product\\\/houppette-noire-triangle-6-x-6-cm-ref-7037-031\\\/#primaryimage\"},\"image\":{\"@id\":\"https:\\\/\\\/districos.standingout.be\\\/fr\\\/product\\\/houppette-noire-triangle-6-x-6-cm-ref-7037-031\\\/#primaryimage\"},\"thumbnailUrl\":\"https:\\\/\\\/districos.standingout.be\\\/wp-content\\\/uploads\\\/2026\\\/04\\\/7037.031@Powder-Puff-Zwart-Driehoek-6-x-6-cm_1-1.png\",\"datePublished\":\"2026-04-28T07:16:51+00:00\",\"dateModified\":\"2026-04-28T07:16:55+00:00\",\"breadcrumb\":{\"@id\":\"https:\\\/\\\/districos.standingout.be\\\/fr\\\/product\\\/houppette-noire-triangle-6-x-6-cm-ref-7037-031\\\/#breadcrumb\"},\"inLanguage\":\"fr-FR\",\"potentialAction\":[{\"@type\":\"ReadAction\",\"target\":[\"https:\\\/\\\/districos.standingout.be\\\/fr\\\/product\\\/houppette-noire-triangle-6-x-6-cm-ref-7037-031\\\/\"]}]},{\"@type\":\"ImageObject\",\"inLanguage\":\"fr-FR\",\"@id\":\"https:\\\/\\\/districos.standingout.be\\\/fr\\\/product\\\/houppette-noire-triangle-6-x-6-cm-ref-7037-031\\\/#primaryimage\",\"url\":\"https:\\\/\\\/districos.standingout.be\\\/wp-content\\\/uploads\\\/2026\\\/04\\\/7037.031@Powder-Puff-Zwart-Driehoek-6-x-6-cm_1-1.png\",\"contentUrl\":\"https:\\\/\\\/districos.standingout.be\\\/wp-content\\\/uploads\\\/2026\\\/04\\\/7037.031@Powder-Puff-Zwart-Driehoek-6-x-6-cm_1-1.png\",\"width\":600,\"height\":600},{\"@type\":\"BreadcrumbList\",\"@id\":\"https:\\\/\\\/districos.standingout.be\\\/fr\\\/product\\\/houppette-noire-triangle-6-x-6-cm-ref-7037-031\\\/#breadcrumb\",\"itemListElement\":[{\"@type\":\"ListItem\",\"position\":1,\"name\":\"Home\",\"item\":\"https:\\\/\\\/districos.standingout.be\\\/fr\\\/bienvenue-chez-districos\\\/\"},{\"@type\":\"ListItem\",\"position\":2,\"name\":\"Boutique\",\"item\":\"https:\\\/\\\/districos.standingout.be\\\/fr\\\/boutique\\\/\"},{\"@type\":\"ListItem\",\"position\":3,\"name\":\"Houppette Noire Triangle 6 x 6 cm\"}]},{\"@type\":\"WebSite\",\"@id\":\"https:\\\/\\\/districos.standingout.be\\\/fr\\\/#website\",\"url\":\"https:\\\/\\\/districos.standingout.be\\\/fr\\\/\",\"name\":\"Districos Webshop\",\"description\":\"\",\"publisher\":{\"@id\":\"https:\\\/\\\/districos.standingout.be\\\/fr\\\/#organization\"},\"potentialAction\":[{\"@type\":\"SearchAction\",\"target\":{\"@type\":\"EntryPoint\",\"urlTemplate\":\"https:\\\/\\\/districos.standingout.be\\\/fr\\\/?s={search_term_string}\"},\"query-input\":{\"@type\":\"PropertyValueSpecification\",\"valueRequired\":true,\"valueName\":\"search_term_string\"}}],\"inLanguage\":\"fr-FR\"},{\"@type\":\"Organization\",\"@id\":\"https:\\\/\\\/districos.standingout.be\\\/fr\\\/#organization\",\"name\":\"Districos Webshop\",\"url\":\"https:\\\/\\\/districos.standingout.be\\\/fr\\\/\",\"logo\":{\"@type\":\"ImageObject\",\"inLanguage\":\"fr-FR\",\"@id\":\"https:\\\/\\\/districos.standingout.be\\\/fr\\\/#\\\/schema\\\/logo\\\/image\\\/\",\"url\":\"https:\\\/\\\/districos.standingout.be\\\/wp-content\\\/uploads\\\/2022\\\/09\\\/Districos_Logo_Webshop.svg\",\"contentUrl\":\"https:\\\/\\\/districos.standingout.be\\\/wp-content\\\/uploads\\\/2022\\\/09\\\/Districos_Logo_Webshop.svg\",\"caption\":\"Districos Webshop\"},\"image\":{\"@id\":\"https:\\\/\\\/districos.standingout.be\\\/fr\\\/#\\\/schema\\\/logo\\\/image\\\/\"}}]}<\/script>\n<!-- \/ Yoast SEO plugin. -->","yoast_head_json":{"title":"Houppette Noire Triangle 6 x 6 cm - Districos Webshop","robots":{"index":"noindex","follow":"follow","max-snippet":"max-snippet:-1","max-image-preview":"max-image-preview:large","max-video-preview":"max-video-preview:-1"},"og_locale":"fr_FR","og_type":"article","og_title":"Houppette Noire Triangle 6 x 6 cm - Districos Webshop","og_description":"Houppette en velours poudre noire pour une application impeccable et sans traces des poudres libres et compactes. Pourvue d&rsquo;un ruban pour une application facile. Sa forme triangulaire sp\u00e9ciale tient parfaitement dans la main. Emballage : 1 pi\u00e8ce. \u00c9galement disponible : Houppette Noire Ronde 8 cm (r\u00e9f. 7037.03)","og_url":"https:\/\/districos.standingout.be\/fr\/product\/houppette-noire-triangle-6-x-6-cm-ref-7037-031\/","og_site_name":"Districos Webshop","article_modified_time":"2026-04-28T07:16:55+00:00","twitter_card":"summary_large_image","schema":{"@context":"https:\/\/schema.org","@graph":[{"@type":"WebPage","@id":"https:\/\/districos.standingout.be\/fr\/product\/houppette-noire-triangle-6-x-6-cm-ref-7037-031\/","url":"https:\/\/districos.standingout.be\/fr\/product\/houppette-noire-triangle-6-x-6-cm-ref-7037-031\/","name":"Houppette Noire Triangle 6 x 6 cm - Districos Webshop","isPartOf":{"@id":"https:\/\/districos.standingout.be\/fr\/#website"},"primaryImageOfPage":{"@id":"https:\/\/districos.standingout.be\/fr\/product\/houppette-noire-triangle-6-x-6-cm-ref-7037-031\/#primaryimage"},"image":{"@id":"https:\/\/districos.standingout.be\/fr\/product\/houppette-noire-triangle-6-x-6-cm-ref-7037-031\/#primaryimage"},"thumbnailUrl":"https:\/\/districos.standingout.be\/wp-content\/uploads\/2026\/04\/7037.031@Powder-Puff-Zwart-Driehoek-6-x-6-cm_1-1.png","datePublished":"2026-04-28T07:16:51+00:00","dateModified":"2026-04-28T07:16:55+00:00","breadcrumb":{"@id":"https:\/\/districos.standingout.be\/fr\/product\/houppette-noire-triangle-6-x-6-cm-ref-7037-031\/#breadcrumb"},"inLanguage":"fr-FR","potentialAction":[{"@type":"ReadAction","target":["https:\/\/districos.standingout.be\/fr\/product\/houppette-noire-triangle-6-x-6-cm-ref-7037-031\/"]}]},{"@type":"ImageObject","inLanguage":"fr-FR","@id":"https:\/\/districos.standingout.be\/fr\/product\/houppette-noire-triangle-6-x-6-cm-ref-7037-031\/#primaryimage","url":"https:\/\/districos.standingout.be\/wp-content\/uploads\/2026\/04\/7037.031@Powder-Puff-Zwart-Driehoek-6-x-6-cm_1-1.png","contentUrl":"https:\/\/districos.standingout.be\/wp-content\/uploads\/2026\/04\/7037.031@Powder-Puff-Zwart-Driehoek-6-x-6-cm_1-1.png","width":600,"height":600},{"@type":"BreadcrumbList","@id":"https:\/\/districos.standingout.be\/fr\/product\/houppette-noire-triangle-6-x-6-cm-ref-7037-031\/#breadcrumb","itemListElement":[{"@type":"ListItem","position":1,"name":"Home","item":"https:\/\/districos.standingout.be\/fr\/bienvenue-chez-districos\/"},{"@type":"ListItem","position":2,"name":"Boutique","item":"https:\/\/districos.standingout.be\/fr\/boutique\/"},{"@type":"ListItem","position":3,"name":"Houppette Noire Triangle 6 x 6 cm"}]},{"@type":"WebSite","@id":"https:\/\/districos.standingout.be\/fr\/#website","url":"https:\/\/districos.standingout.be\/fr\/","name":"Districos Webshop","description":"","publisher":{"@id":"https:\/\/districos.standingout.be\/fr\/#organization"},"potentialAction":[{"@type":"SearchAction","target":{"@type":"EntryPoint","urlTemplate":"https:\/\/districos.standingout.be\/fr\/?s={search_term_string}"},"query-input":{"@type":"PropertyValueSpecification","valueRequired":true,"valueName":"search_term_string"}}],"inLanguage":"fr-FR"},{"@type":"Organization","@id":"https:\/\/districos.standingout.be\/fr\/#organization","name":"Districos Webshop","url":"https:\/\/districos.standingout.be\/fr\/","logo":{"@type":"ImageObject","inLanguage":"fr-FR","@id":"https:\/\/districos.standingout.be\/fr\/#\/schema\/logo\/image\/","url":"https:\/\/districos.standingout.be\/wp-content\/uploads\/2022\/09\/Districos_Logo_Webshop.svg","contentUrl":"https:\/\/districos.standingout.be\/wp-content\/uploads\/2022\/09\/Districos_Logo_Webshop.svg","caption":"Districos Webshop"},"image":{"@id":"https:\/\/districos.standingout.be\/fr\/#\/schema\/logo\/image\/"}}]}},"_links":{"self":[{"href":"https:\/\/districos.standingout.be\/fr\/wp-json\/wp\/v2\/product\/136667","targetHints":{"allow":["GET"]}}],"collection":[{"href":"https:\/\/districos.standingout.be\/fr\/wp-json\/wp\/v2\/product"}],"about":[{"href":"https:\/\/districos.standingout.be\/fr\/wp-json\/wp\/v2\/types\/product"}],"replies":[{"embeddable":true,"href":"https:\/\/districos.standingout.be\/fr\/wp-json\/wp\/v2\/comments?post=136667"}],"wp:featuredmedia":[{"embeddable":true,"href":"https:\/\/districos.standingout.be\/fr\/wp-json\/wp\/v2\/media\/147040"}],"wp:attachment":[{"href":"https:\/\/districos.standingout.be\/fr\/wp-json\/wp\/v2\/media?parent=136667"}],"wp:term":[{"taxonomy":"product_brand","embeddable":true,"href":"https:\/\/districos.standingout.be\/fr\/wp-json\/wp\/v2\/product_brand?post=136667"},{"taxonomy":"product_cat","embeddable":true,"href":"https:\/\/districos.standingout.be\/fr\/wp-json\/wp\/v2\/product_cat?post=136667"},{"taxonomy":"product_tag","embeddable":true,"href":"https:\/\/districos.standingout.be\/fr\/wp-json\/wp\/v2\/product_tag?post=136667"}],"curies":[{"name":"wp","href":"https:\/\/api.w.org\/{rel}","templated":true}]}}