{"id":136673,"date":"2026-04-28T09:17:46","date_gmt":"2026-04-28T07:17:46","guid":{"rendered":"https:\/\/webshopdistricoscom.webhosting.be\/product\/golden-rose-eyeliner-dream-eyes-wtp-n401-noir-ref-7037-07\/"},"modified":"2026-04-28T09:17:50","modified_gmt":"2026-04-28T07:17:50","slug":"golden-rose-eyeliner-dream-eyes-wtp-n401-noir-ref-7037-07","status":"publish","type":"product","link":"https:\/\/districos.standingout.be\/fr\/product\/golden-rose-eyeliner-dream-eyes-wtp-n401-noir-ref-7037-07\/","title":{"rendered":"Golden Rose Eyeliner Dream Eyes WTP N\u00b0401 Noir"},"content":{"rendered":"<p >\n<\/p>\n<\/p>\n<p>Le Dream Eyes Eyeliner est un crayon pour les yeux extra-doux avec une couleur intense et une formule sp\u00e9ciale hypoallerg\u00e9nique. Ce crayon pour les yeux de haute qualit\u00e9 est waterproof et convient \u00e0 tous les types de peau. Gr\u00e2ce \u00e0 sa texture douce, le crayon pour les yeux est facile \u00e0 appliquer. Le crayon doit \u00eatre taill\u00e9 avec un taille-crayon.<\/p>\n<ul>\n<li><span>Dimensions : 13,65 cm de longueur &#8211; 0,80 cm de diam\u00e8tre<\/span><\/li>\n<li><span>Poids : 5 g<\/span><\/li>\n<li><span>Couleur : noir (n\u00b0 401)<\/span><\/li>\n<\/ul>\n<div><b>Application du Dream Eyes Eyeliner :<\/b><\/p>\n<ol dir=\"ltr\">\n<li>Sur la ligne d&rsquo;eau de l&rsquo;\u0153il pour cr\u00e9er plus de profondeur et un regard ouvert.<\/li>\n<li>Sur la paupi\u00e8re juste au-dessus de la ligne des cils pour tracer un eyeliner subtil ou pour compl\u00e9ter votre maquillage des yeux\/fum\u00e9.<\/li>\n<li>Sous vos yeux juste en dessous de la ligne des cils pour cr\u00e9er un \u00e9clat ou pour compl\u00e9ter votre maquillage des yeux\/fum\u00e9. <\/li>\n<\/ol>\n<\/p><\/div>\n","protected":false},"excerpt":{"rendered":"<p>Le Dream Eyes Eyeliner est un crayon pour les yeux extra-doux avec une couleur intense et une formule sp\u00e9ciale hypoallerg\u00e9nique. Ce crayon pour les yeux de haute qualit\u00e9 est waterproof et convient \u00e0 tous les types de peau. Gr\u00e2ce \u00e0 sa texture douce, le crayon pour les yeux est facile \u00e0 appliquer. Le crayon doit [&hellip;]<\/p>\n","protected":false},"featured_media":147046,"comment_status":"open","ping_status":"closed","template":"","meta":{"_acf_changed":false},"product_brand":[10380],"product_cat":[9882],"product_tag":[],"class_list":{"0":"post-136673","1":"product","2":"type-product","3":"status-publish","4":"has-post-thumbnail","6":"product_brand-districos-fr","7":"product_cat-beaute-maquillage-yeux-sourcils","9":"first","10":"instock","11":"taxable","12":"shipping-taxable","13":"product-type-simple"},"acf":[],"yoast_head":"<!-- This site is optimized with the Yoast SEO plugin v27.3 - https:\/\/yoast.com\/product\/yoast-seo-wordpress\/ -->\n<title>Golden Rose Eyeliner Dream Eyes WTP N\u00b0401 Noir - Districos Webshop<\/title>\n<meta name=\"robots\" content=\"noindex, follow, max-snippet:-1, max-image-preview:large, max-video-preview:-1\" \/>\n<meta property=\"og:locale\" content=\"fr_FR\" \/>\n<meta property=\"og:type\" content=\"article\" \/>\n<meta property=\"og:title\" content=\"Golden Rose Eyeliner Dream Eyes WTP N\u00b0401 Noir - Districos Webshop\" \/>\n<meta property=\"og:description\" content=\"Le Dream Eyes Eyeliner est un crayon pour les yeux extra-doux avec une couleur intense et une formule sp\u00e9ciale hypoallerg\u00e9nique. Ce crayon pour les yeux de haute qualit\u00e9 est waterproof et convient \u00e0 tous les types de peau. Gr\u00e2ce \u00e0 sa texture douce, le crayon pour les yeux est facile \u00e0 appliquer. Le crayon doit [&hellip;]\" \/>\n<meta property=\"og:url\" content=\"https:\/\/districos.standingout.be\/fr\/product\/golden-rose-eyeliner-dream-eyes-wtp-n401-noir-ref-7037-07\/\" \/>\n<meta property=\"og:site_name\" content=\"Districos Webshop\" \/>\n<meta property=\"article:modified_time\" content=\"2026-04-28T07:17:50+00:00\" \/>\n<meta name=\"twitter:card\" content=\"summary_large_image\" \/>\n<meta name=\"twitter:label1\" content=\"Dur\u00e9e de lecture estim\u00e9e\" \/>\n\t<meta name=\"twitter:data1\" content=\"1 minute\" \/>\n<script type=\"application\/ld+json\" class=\"yoast-schema-graph\">{\"@context\":\"https:\\\/\\\/schema.org\",\"@graph\":[{\"@type\":\"WebPage\",\"@id\":\"https:\\\/\\\/districos.standingout.be\\\/fr\\\/product\\\/golden-rose-eyeliner-dream-eyes-wtp-n401-noir-ref-7037-07\\\/\",\"url\":\"https:\\\/\\\/districos.standingout.be\\\/fr\\\/product\\\/golden-rose-eyeliner-dream-eyes-wtp-n401-noir-ref-7037-07\\\/\",\"name\":\"Golden Rose Eyeliner Dream Eyes WTP N\u00b0401 Noir - Districos Webshop\",\"isPartOf\":{\"@id\":\"https:\\\/\\\/districos.standingout.be\\\/fr\\\/#website\"},\"primaryImageOfPage\":{\"@id\":\"https:\\\/\\\/districos.standingout.be\\\/fr\\\/product\\\/golden-rose-eyeliner-dream-eyes-wtp-n401-noir-ref-7037-07\\\/#primaryimage\"},\"image\":{\"@id\":\"https:\\\/\\\/districos.standingout.be\\\/fr\\\/product\\\/golden-rose-eyeliner-dream-eyes-wtp-n401-noir-ref-7037-07\\\/#primaryimage\"},\"thumbnailUrl\":\"https:\\\/\\\/districos.standingout.be\\\/wp-content\\\/uploads\\\/2026\\\/04\\\/7037.07@Golden-Rose-Eyeliner-Dream-Eyes-WTP-N401-Zwart_1-1.png\",\"datePublished\":\"2026-04-28T07:17:46+00:00\",\"dateModified\":\"2026-04-28T07:17:50+00:00\",\"breadcrumb\":{\"@id\":\"https:\\\/\\\/districos.standingout.be\\\/fr\\\/product\\\/golden-rose-eyeliner-dream-eyes-wtp-n401-noir-ref-7037-07\\\/#breadcrumb\"},\"inLanguage\":\"fr-FR\",\"potentialAction\":[{\"@type\":\"ReadAction\",\"target\":[\"https:\\\/\\\/districos.standingout.be\\\/fr\\\/product\\\/golden-rose-eyeliner-dream-eyes-wtp-n401-noir-ref-7037-07\\\/\"]}]},{\"@type\":\"ImageObject\",\"inLanguage\":\"fr-FR\",\"@id\":\"https:\\\/\\\/districos.standingout.be\\\/fr\\\/product\\\/golden-rose-eyeliner-dream-eyes-wtp-n401-noir-ref-7037-07\\\/#primaryimage\",\"url\":\"https:\\\/\\\/districos.standingout.be\\\/wp-content\\\/uploads\\\/2026\\\/04\\\/7037.07@Golden-Rose-Eyeliner-Dream-Eyes-WTP-N401-Zwart_1-1.png\",\"contentUrl\":\"https:\\\/\\\/districos.standingout.be\\\/wp-content\\\/uploads\\\/2026\\\/04\\\/7037.07@Golden-Rose-Eyeliner-Dream-Eyes-WTP-N401-Zwart_1-1.png\",\"width\":600,\"height\":600},{\"@type\":\"BreadcrumbList\",\"@id\":\"https:\\\/\\\/districos.standingout.be\\\/fr\\\/product\\\/golden-rose-eyeliner-dream-eyes-wtp-n401-noir-ref-7037-07\\\/#breadcrumb\",\"itemListElement\":[{\"@type\":\"ListItem\",\"position\":1,\"name\":\"Home\",\"item\":\"https:\\\/\\\/districos.standingout.be\\\/fr\\\/bienvenue-chez-districos\\\/\"},{\"@type\":\"ListItem\",\"position\":2,\"name\":\"Boutique\",\"item\":\"https:\\\/\\\/districos.standingout.be\\\/fr\\\/boutique\\\/\"},{\"@type\":\"ListItem\",\"position\":3,\"name\":\"Golden Rose Eyeliner Dream Eyes WTP N\u00b0401 Noir\"}]},{\"@type\":\"WebSite\",\"@id\":\"https:\\\/\\\/districos.standingout.be\\\/fr\\\/#website\",\"url\":\"https:\\\/\\\/districos.standingout.be\\\/fr\\\/\",\"name\":\"Districos Webshop\",\"description\":\"\",\"publisher\":{\"@id\":\"https:\\\/\\\/districos.standingout.be\\\/fr\\\/#organization\"},\"potentialAction\":[{\"@type\":\"SearchAction\",\"target\":{\"@type\":\"EntryPoint\",\"urlTemplate\":\"https:\\\/\\\/districos.standingout.be\\\/fr\\\/?s={search_term_string}\"},\"query-input\":{\"@type\":\"PropertyValueSpecification\",\"valueRequired\":true,\"valueName\":\"search_term_string\"}}],\"inLanguage\":\"fr-FR\"},{\"@type\":\"Organization\",\"@id\":\"https:\\\/\\\/districos.standingout.be\\\/fr\\\/#organization\",\"name\":\"Districos Webshop\",\"url\":\"https:\\\/\\\/districos.standingout.be\\\/fr\\\/\",\"logo\":{\"@type\":\"ImageObject\",\"inLanguage\":\"fr-FR\",\"@id\":\"https:\\\/\\\/districos.standingout.be\\\/fr\\\/#\\\/schema\\\/logo\\\/image\\\/\",\"url\":\"https:\\\/\\\/districos.standingout.be\\\/wp-content\\\/uploads\\\/2022\\\/09\\\/Districos_Logo_Webshop.svg\",\"contentUrl\":\"https:\\\/\\\/districos.standingout.be\\\/wp-content\\\/uploads\\\/2022\\\/09\\\/Districos_Logo_Webshop.svg\",\"caption\":\"Districos Webshop\"},\"image\":{\"@id\":\"https:\\\/\\\/districos.standingout.be\\\/fr\\\/#\\\/schema\\\/logo\\\/image\\\/\"}}]}<\/script>\n<!-- \/ Yoast SEO plugin. -->","yoast_head_json":{"title":"Golden Rose Eyeliner Dream Eyes WTP N\u00b0401 Noir - Districos Webshop","robots":{"index":"noindex","follow":"follow","max-snippet":"max-snippet:-1","max-image-preview":"max-image-preview:large","max-video-preview":"max-video-preview:-1"},"og_locale":"fr_FR","og_type":"article","og_title":"Golden Rose Eyeliner Dream Eyes WTP N\u00b0401 Noir - Districos Webshop","og_description":"Le Dream Eyes Eyeliner est un crayon pour les yeux extra-doux avec une couleur intense et une formule sp\u00e9ciale hypoallerg\u00e9nique. Ce crayon pour les yeux de haute qualit\u00e9 est waterproof et convient \u00e0 tous les types de peau. Gr\u00e2ce \u00e0 sa texture douce, le crayon pour les yeux est facile \u00e0 appliquer. Le crayon doit [&hellip;]","og_url":"https:\/\/districos.standingout.be\/fr\/product\/golden-rose-eyeliner-dream-eyes-wtp-n401-noir-ref-7037-07\/","og_site_name":"Districos Webshop","article_modified_time":"2026-04-28T07:17:50+00:00","twitter_card":"summary_large_image","twitter_misc":{"Dur\u00e9e de lecture estim\u00e9e":"1 minute"},"schema":{"@context":"https:\/\/schema.org","@graph":[{"@type":"WebPage","@id":"https:\/\/districos.standingout.be\/fr\/product\/golden-rose-eyeliner-dream-eyes-wtp-n401-noir-ref-7037-07\/","url":"https:\/\/districos.standingout.be\/fr\/product\/golden-rose-eyeliner-dream-eyes-wtp-n401-noir-ref-7037-07\/","name":"Golden Rose Eyeliner Dream Eyes WTP N\u00b0401 Noir - Districos Webshop","isPartOf":{"@id":"https:\/\/districos.standingout.be\/fr\/#website"},"primaryImageOfPage":{"@id":"https:\/\/districos.standingout.be\/fr\/product\/golden-rose-eyeliner-dream-eyes-wtp-n401-noir-ref-7037-07\/#primaryimage"},"image":{"@id":"https:\/\/districos.standingout.be\/fr\/product\/golden-rose-eyeliner-dream-eyes-wtp-n401-noir-ref-7037-07\/#primaryimage"},"thumbnailUrl":"https:\/\/districos.standingout.be\/wp-content\/uploads\/2026\/04\/7037.07@Golden-Rose-Eyeliner-Dream-Eyes-WTP-N401-Zwart_1-1.png","datePublished":"2026-04-28T07:17:46+00:00","dateModified":"2026-04-28T07:17:50+00:00","breadcrumb":{"@id":"https:\/\/districos.standingout.be\/fr\/product\/golden-rose-eyeliner-dream-eyes-wtp-n401-noir-ref-7037-07\/#breadcrumb"},"inLanguage":"fr-FR","potentialAction":[{"@type":"ReadAction","target":["https:\/\/districos.standingout.be\/fr\/product\/golden-rose-eyeliner-dream-eyes-wtp-n401-noir-ref-7037-07\/"]}]},{"@type":"ImageObject","inLanguage":"fr-FR","@id":"https:\/\/districos.standingout.be\/fr\/product\/golden-rose-eyeliner-dream-eyes-wtp-n401-noir-ref-7037-07\/#primaryimage","url":"https:\/\/districos.standingout.be\/wp-content\/uploads\/2026\/04\/7037.07@Golden-Rose-Eyeliner-Dream-Eyes-WTP-N401-Zwart_1-1.png","contentUrl":"https:\/\/districos.standingout.be\/wp-content\/uploads\/2026\/04\/7037.07@Golden-Rose-Eyeliner-Dream-Eyes-WTP-N401-Zwart_1-1.png","width":600,"height":600},{"@type":"BreadcrumbList","@id":"https:\/\/districos.standingout.be\/fr\/product\/golden-rose-eyeliner-dream-eyes-wtp-n401-noir-ref-7037-07\/#breadcrumb","itemListElement":[{"@type":"ListItem","position":1,"name":"Home","item":"https:\/\/districos.standingout.be\/fr\/bienvenue-chez-districos\/"},{"@type":"ListItem","position":2,"name":"Boutique","item":"https:\/\/districos.standingout.be\/fr\/boutique\/"},{"@type":"ListItem","position":3,"name":"Golden Rose Eyeliner Dream Eyes WTP N\u00b0401 Noir"}]},{"@type":"WebSite","@id":"https:\/\/districos.standingout.be\/fr\/#website","url":"https:\/\/districos.standingout.be\/fr\/","name":"Districos Webshop","description":"","publisher":{"@id":"https:\/\/districos.standingout.be\/fr\/#organization"},"potentialAction":[{"@type":"SearchAction","target":{"@type":"EntryPoint","urlTemplate":"https:\/\/districos.standingout.be\/fr\/?s={search_term_string}"},"query-input":{"@type":"PropertyValueSpecification","valueRequired":true,"valueName":"search_term_string"}}],"inLanguage":"fr-FR"},{"@type":"Organization","@id":"https:\/\/districos.standingout.be\/fr\/#organization","name":"Districos Webshop","url":"https:\/\/districos.standingout.be\/fr\/","logo":{"@type":"ImageObject","inLanguage":"fr-FR","@id":"https:\/\/districos.standingout.be\/fr\/#\/schema\/logo\/image\/","url":"https:\/\/districos.standingout.be\/wp-content\/uploads\/2022\/09\/Districos_Logo_Webshop.svg","contentUrl":"https:\/\/districos.standingout.be\/wp-content\/uploads\/2022\/09\/Districos_Logo_Webshop.svg","caption":"Districos Webshop"},"image":{"@id":"https:\/\/districos.standingout.be\/fr\/#\/schema\/logo\/image\/"}}]}},"_links":{"self":[{"href":"https:\/\/districos.standingout.be\/fr\/wp-json\/wp\/v2\/product\/136673","targetHints":{"allow":["GET"]}}],"collection":[{"href":"https:\/\/districos.standingout.be\/fr\/wp-json\/wp\/v2\/product"}],"about":[{"href":"https:\/\/districos.standingout.be\/fr\/wp-json\/wp\/v2\/types\/product"}],"replies":[{"embeddable":true,"href":"https:\/\/districos.standingout.be\/fr\/wp-json\/wp\/v2\/comments?post=136673"}],"wp:featuredmedia":[{"embeddable":true,"href":"https:\/\/districos.standingout.be\/fr\/wp-json\/wp\/v2\/media\/147046"}],"wp:attachment":[{"href":"https:\/\/districos.standingout.be\/fr\/wp-json\/wp\/v2\/media?parent=136673"}],"wp:term":[{"taxonomy":"product_brand","embeddable":true,"href":"https:\/\/districos.standingout.be\/fr\/wp-json\/wp\/v2\/product_brand?post=136673"},{"taxonomy":"product_cat","embeddable":true,"href":"https:\/\/districos.standingout.be\/fr\/wp-json\/wp\/v2\/product_cat?post=136673"},{"taxonomy":"product_tag","embeddable":true,"href":"https:\/\/districos.standingout.be\/fr\/wp-json\/wp\/v2\/product_tag?post=136673"}],"curies":[{"name":"wp","href":"https:\/\/api.w.org\/{rel}","templated":true}]}}