{"id":136677,"date":"2026-04-28T09:17:56","date_gmt":"2026-04-28T07:17:56","guid":{"rendered":"https:\/\/webshopdistricoscom.webhosting.be\/product\/cobra-flat-ellipse-lashes-faux-mink-b-curl-015-9-10-11-mm-ref-7038-012-2\/"},"modified":"2026-04-28T09:18:00","modified_gmt":"2026-04-28T07:18:00","slug":"cobra-flat-ellipse-lashes-faux-mink-b-curl-015-9-10-11-mm-ref-7038-012","status":"publish","type":"product","link":"https:\/\/districos.standingout.be\/fr\/product\/cobra-flat-ellipse-lashes-faux-mink-b-curl-015-9-10-11-mm-ref-7038-012\/","title":{"rendered":"Cobra Flat Ellipse Lashes Faux Mink B-Curl 0,15\/9-10-11 mm"},"content":{"rendered":"<p ><font face=\"Verdana\">Les Flat Ellipse Lashes Faux Mink sont des extensions de cils avec une base l\u00e9g\u00e8rement ovale. Gr\u00e2ce au coating \u00ab faux mink \u00bb, elles sont super douces. Gr\u00e2ce \u00e0 leur base large, elles ont une surface d&rsquo;adh\u00e9sion plus large et elles donnent un peu plus de volume et une couleur plus profonde.&nbsp;<\/font><\/p>\n<div>\n<ul>\n<li><span>Emball\u00e9es dans une bo\u00eete pratique avec 12 bandes amovibles.&nbsp;<\/span><\/li>\n<li><span>La pointe des extensions se trouve d\u00e9j\u00e0 dans la bonne direction.&nbsp;<\/span><\/li>\n<li><span>25 % plus l\u00e9g\u00e8res que les extensions classiques parce qu&rsquo;elles sont creuses.&nbsp;<\/span><\/li>\n<li><span>Avec une pointe divis\u00e9e pour un look plus volumineux et \u00ab fluffy \u00bb.&nbsp;<\/span><\/li>\n<li><span><b>Courbe <\/b>: B.&nbsp;<\/span><\/li>\n<li><span><b>\u00c9paisseur <\/b>: 0,15 mm.&nbsp;<\/span><\/li>\n<li><span><b>Longueur<\/b> : 9-10-11 mm.&nbsp;<\/span><\/li>\n<\/ul>\n<\/div>\n<div><span><br \/><\/span><\/div>\n<div><span>Les Flat Ellipse Lashes sont id\u00e9ales pour les peaux fonc\u00e9es et les cils naturellement fonc\u00e9s. Car elles sont plus larges au d\u00e9part, et donnent donc un aspect plus dramatique, elles sont moins adapt\u00e9es pour les client(e)s plus \u00e2g\u00e9(e)s et les peaux p\u00e2les avec des cils clairs et des cheveux blonds.&nbsp;<\/span><\/div>\n<div><span><br \/><\/span><\/div>\n<div><span><b>CONSEIL&nbsp;<\/b><\/span><\/div>\n<div><span>Vous pouvez utiliser les Flat Ellipse Lashes en combinaison avec la plaquette en verre (r\u00e9f. 7034.91) ou le support (r\u00e9f. 7034.93) pour extensions de cils afin de travailler plus vite et de fa\u00e7on pratique.&nbsp;&nbsp;<\/span><\/div>\n","protected":false},"excerpt":{"rendered":"<p>Les Flat Ellipse Lashes Faux Mink sont des extensions de cils avec une base l\u00e9g\u00e8rement ovale. Gr\u00e2ce au coating \u00ab faux mink \u00bb, elles sont super douces. Gr\u00e2ce \u00e0 leur base large, elles ont une surface d&rsquo;adh\u00e9sion plus large et elles donnent un peu plus de volume et une couleur plus profonde.&nbsp; Emball\u00e9es dans une [&hellip;]<\/p>\n","protected":false},"featured_media":147052,"comment_status":"open","ping_status":"closed","template":"","meta":{"_acf_changed":false},"product_brand":[10338],"product_cat":[9982],"product_tag":[],"class_list":{"0":"post-136677","1":"product","2":"type-product","3":"status-publish","4":"has-post-thumbnail","6":"product_brand-cobra-lashes-fr","7":"product_cat-beaute-cils-sourcils-extension-des-cils","9":"first","10":"outofstock","11":"taxable","12":"shipping-taxable","13":"product-type-simple"},"acf":[],"yoast_head":"<!-- This site is optimized with the Yoast SEO plugin v27.3 - https:\/\/yoast.com\/product\/yoast-seo-wordpress\/ -->\n<title>Cobra Flat Ellipse Lashes Faux Mink B-Curl 0,15\/9-10-11 mm - Districos Webshop<\/title>\n<meta name=\"robots\" content=\"noindex, follow, max-snippet:-1, max-image-preview:large, max-video-preview:-1\" \/>\n<meta property=\"og:locale\" content=\"fr_FR\" \/>\n<meta property=\"og:type\" content=\"article\" \/>\n<meta property=\"og:title\" content=\"Cobra Flat Ellipse Lashes Faux Mink B-Curl 0,15\/9-10-11 mm - Districos Webshop\" \/>\n<meta property=\"og:description\" content=\"Les Flat Ellipse Lashes Faux Mink sont des extensions de cils avec une base l\u00e9g\u00e8rement ovale. Gr\u00e2ce au coating \u00ab faux mink \u00bb, elles sont super douces. Gr\u00e2ce \u00e0 leur base large, elles ont une surface d&rsquo;adh\u00e9sion plus large et elles donnent un peu plus de volume et une couleur plus profonde.&nbsp; Emball\u00e9es dans une [&hellip;]\" \/>\n<meta property=\"og:url\" content=\"https:\/\/districos.standingout.be\/fr\/product\/cobra-flat-ellipse-lashes-faux-mink-b-curl-015-9-10-11-mm-ref-7038-012\/\" \/>\n<meta property=\"og:site_name\" content=\"Districos Webshop\" \/>\n<meta property=\"article:modified_time\" content=\"2026-04-28T07:18:00+00:00\" \/>\n<meta name=\"twitter:card\" content=\"summary_large_image\" \/>\n<meta name=\"twitter:label1\" content=\"Dur\u00e9e de lecture estim\u00e9e\" \/>\n\t<meta name=\"twitter:data1\" content=\"1 minute\" \/>\n<script type=\"application\/ld+json\" class=\"yoast-schema-graph\">{\"@context\":\"https:\\\/\\\/schema.org\",\"@graph\":[{\"@type\":\"WebPage\",\"@id\":\"https:\\\/\\\/districos.standingout.be\\\/fr\\\/product\\\/cobra-flat-ellipse-lashes-faux-mink-b-curl-015-9-10-11-mm-ref-7038-012\\\/\",\"url\":\"https:\\\/\\\/districos.standingout.be\\\/fr\\\/product\\\/cobra-flat-ellipse-lashes-faux-mink-b-curl-015-9-10-11-mm-ref-7038-012\\\/\",\"name\":\"Cobra Flat Ellipse Lashes Faux Mink B-Curl 0,15\\\/9-10-11 mm - Districos Webshop\",\"isPartOf\":{\"@id\":\"https:\\\/\\\/districos.standingout.be\\\/fr\\\/#website\"},\"primaryImageOfPage\":{\"@id\":\"https:\\\/\\\/districos.standingout.be\\\/fr\\\/product\\\/cobra-flat-ellipse-lashes-faux-mink-b-curl-015-9-10-11-mm-ref-7038-012\\\/#primaryimage\"},\"image\":{\"@id\":\"https:\\\/\\\/districos.standingout.be\\\/fr\\\/product\\\/cobra-flat-ellipse-lashes-faux-mink-b-curl-015-9-10-11-mm-ref-7038-012\\\/#primaryimage\"},\"thumbnailUrl\":\"https:\\\/\\\/districos.standingout.be\\\/wp-content\\\/uploads\\\/2026\\\/04\\\/7038.012@Cobra-Flat-Ellipse-Lashes-Faux-Mink-B-Curl_1-1.png\",\"datePublished\":\"2026-04-28T07:17:56+00:00\",\"dateModified\":\"2026-04-28T07:18:00+00:00\",\"breadcrumb\":{\"@id\":\"https:\\\/\\\/districos.standingout.be\\\/fr\\\/product\\\/cobra-flat-ellipse-lashes-faux-mink-b-curl-015-9-10-11-mm-ref-7038-012\\\/#breadcrumb\"},\"inLanguage\":\"fr-FR\",\"potentialAction\":[{\"@type\":\"ReadAction\",\"target\":[\"https:\\\/\\\/districos.standingout.be\\\/fr\\\/product\\\/cobra-flat-ellipse-lashes-faux-mink-b-curl-015-9-10-11-mm-ref-7038-012\\\/\"]}]},{\"@type\":\"ImageObject\",\"inLanguage\":\"fr-FR\",\"@id\":\"https:\\\/\\\/districos.standingout.be\\\/fr\\\/product\\\/cobra-flat-ellipse-lashes-faux-mink-b-curl-015-9-10-11-mm-ref-7038-012\\\/#primaryimage\",\"url\":\"https:\\\/\\\/districos.standingout.be\\\/wp-content\\\/uploads\\\/2026\\\/04\\\/7038.012@Cobra-Flat-Ellipse-Lashes-Faux-Mink-B-Curl_1-1.png\",\"contentUrl\":\"https:\\\/\\\/districos.standingout.be\\\/wp-content\\\/uploads\\\/2026\\\/04\\\/7038.012@Cobra-Flat-Ellipse-Lashes-Faux-Mink-B-Curl_1-1.png\",\"width\":600,\"height\":600},{\"@type\":\"BreadcrumbList\",\"@id\":\"https:\\\/\\\/districos.standingout.be\\\/fr\\\/product\\\/cobra-flat-ellipse-lashes-faux-mink-b-curl-015-9-10-11-mm-ref-7038-012\\\/#breadcrumb\",\"itemListElement\":[{\"@type\":\"ListItem\",\"position\":1,\"name\":\"Home\",\"item\":\"https:\\\/\\\/districos.standingout.be\\\/fr\\\/bienvenue-chez-districos\\\/\"},{\"@type\":\"ListItem\",\"position\":2,\"name\":\"Boutique\",\"item\":\"https:\\\/\\\/districos.standingout.be\\\/fr\\\/boutique\\\/\"},{\"@type\":\"ListItem\",\"position\":3,\"name\":\"Cobra Flat Ellipse Lashes Faux Mink B-Curl 0,15\\\/9-10-11 mm\"}]},{\"@type\":\"WebSite\",\"@id\":\"https:\\\/\\\/districos.standingout.be\\\/fr\\\/#website\",\"url\":\"https:\\\/\\\/districos.standingout.be\\\/fr\\\/\",\"name\":\"Districos Webshop\",\"description\":\"\",\"publisher\":{\"@id\":\"https:\\\/\\\/districos.standingout.be\\\/fr\\\/#organization\"},\"potentialAction\":[{\"@type\":\"SearchAction\",\"target\":{\"@type\":\"EntryPoint\",\"urlTemplate\":\"https:\\\/\\\/districos.standingout.be\\\/fr\\\/?s={search_term_string}\"},\"query-input\":{\"@type\":\"PropertyValueSpecification\",\"valueRequired\":true,\"valueName\":\"search_term_string\"}}],\"inLanguage\":\"fr-FR\"},{\"@type\":\"Organization\",\"@id\":\"https:\\\/\\\/districos.standingout.be\\\/fr\\\/#organization\",\"name\":\"Districos Webshop\",\"url\":\"https:\\\/\\\/districos.standingout.be\\\/fr\\\/\",\"logo\":{\"@type\":\"ImageObject\",\"inLanguage\":\"fr-FR\",\"@id\":\"https:\\\/\\\/districos.standingout.be\\\/fr\\\/#\\\/schema\\\/logo\\\/image\\\/\",\"url\":\"https:\\\/\\\/districos.standingout.be\\\/wp-content\\\/uploads\\\/2022\\\/09\\\/Districos_Logo_Webshop.svg\",\"contentUrl\":\"https:\\\/\\\/districos.standingout.be\\\/wp-content\\\/uploads\\\/2022\\\/09\\\/Districos_Logo_Webshop.svg\",\"caption\":\"Districos Webshop\"},\"image\":{\"@id\":\"https:\\\/\\\/districos.standingout.be\\\/fr\\\/#\\\/schema\\\/logo\\\/image\\\/\"}}]}<\/script>\n<!-- \/ Yoast SEO plugin. -->","yoast_head_json":{"title":"Cobra Flat Ellipse Lashes Faux Mink B-Curl 0,15\/9-10-11 mm - Districos Webshop","robots":{"index":"noindex","follow":"follow","max-snippet":"max-snippet:-1","max-image-preview":"max-image-preview:large","max-video-preview":"max-video-preview:-1"},"og_locale":"fr_FR","og_type":"article","og_title":"Cobra Flat Ellipse Lashes Faux Mink B-Curl 0,15\/9-10-11 mm - Districos Webshop","og_description":"Les Flat Ellipse Lashes Faux Mink sont des extensions de cils avec une base l\u00e9g\u00e8rement ovale. Gr\u00e2ce au coating \u00ab faux mink \u00bb, elles sont super douces. Gr\u00e2ce \u00e0 leur base large, elles ont une surface d&rsquo;adh\u00e9sion plus large et elles donnent un peu plus de volume et une couleur plus profonde.&nbsp; Emball\u00e9es dans une [&hellip;]","og_url":"https:\/\/districos.standingout.be\/fr\/product\/cobra-flat-ellipse-lashes-faux-mink-b-curl-015-9-10-11-mm-ref-7038-012\/","og_site_name":"Districos Webshop","article_modified_time":"2026-04-28T07:18:00+00:00","twitter_card":"summary_large_image","twitter_misc":{"Dur\u00e9e de lecture estim\u00e9e":"1 minute"},"schema":{"@context":"https:\/\/schema.org","@graph":[{"@type":"WebPage","@id":"https:\/\/districos.standingout.be\/fr\/product\/cobra-flat-ellipse-lashes-faux-mink-b-curl-015-9-10-11-mm-ref-7038-012\/","url":"https:\/\/districos.standingout.be\/fr\/product\/cobra-flat-ellipse-lashes-faux-mink-b-curl-015-9-10-11-mm-ref-7038-012\/","name":"Cobra Flat Ellipse Lashes Faux Mink B-Curl 0,15\/9-10-11 mm - Districos Webshop","isPartOf":{"@id":"https:\/\/districos.standingout.be\/fr\/#website"},"primaryImageOfPage":{"@id":"https:\/\/districos.standingout.be\/fr\/product\/cobra-flat-ellipse-lashes-faux-mink-b-curl-015-9-10-11-mm-ref-7038-012\/#primaryimage"},"image":{"@id":"https:\/\/districos.standingout.be\/fr\/product\/cobra-flat-ellipse-lashes-faux-mink-b-curl-015-9-10-11-mm-ref-7038-012\/#primaryimage"},"thumbnailUrl":"https:\/\/districos.standingout.be\/wp-content\/uploads\/2026\/04\/7038.012@Cobra-Flat-Ellipse-Lashes-Faux-Mink-B-Curl_1-1.png","datePublished":"2026-04-28T07:17:56+00:00","dateModified":"2026-04-28T07:18:00+00:00","breadcrumb":{"@id":"https:\/\/districos.standingout.be\/fr\/product\/cobra-flat-ellipse-lashes-faux-mink-b-curl-015-9-10-11-mm-ref-7038-012\/#breadcrumb"},"inLanguage":"fr-FR","potentialAction":[{"@type":"ReadAction","target":["https:\/\/districos.standingout.be\/fr\/product\/cobra-flat-ellipse-lashes-faux-mink-b-curl-015-9-10-11-mm-ref-7038-012\/"]}]},{"@type":"ImageObject","inLanguage":"fr-FR","@id":"https:\/\/districos.standingout.be\/fr\/product\/cobra-flat-ellipse-lashes-faux-mink-b-curl-015-9-10-11-mm-ref-7038-012\/#primaryimage","url":"https:\/\/districos.standingout.be\/wp-content\/uploads\/2026\/04\/7038.012@Cobra-Flat-Ellipse-Lashes-Faux-Mink-B-Curl_1-1.png","contentUrl":"https:\/\/districos.standingout.be\/wp-content\/uploads\/2026\/04\/7038.012@Cobra-Flat-Ellipse-Lashes-Faux-Mink-B-Curl_1-1.png","width":600,"height":600},{"@type":"BreadcrumbList","@id":"https:\/\/districos.standingout.be\/fr\/product\/cobra-flat-ellipse-lashes-faux-mink-b-curl-015-9-10-11-mm-ref-7038-012\/#breadcrumb","itemListElement":[{"@type":"ListItem","position":1,"name":"Home","item":"https:\/\/districos.standingout.be\/fr\/bienvenue-chez-districos\/"},{"@type":"ListItem","position":2,"name":"Boutique","item":"https:\/\/districos.standingout.be\/fr\/boutique\/"},{"@type":"ListItem","position":3,"name":"Cobra Flat Ellipse Lashes Faux Mink B-Curl 0,15\/9-10-11 mm"}]},{"@type":"WebSite","@id":"https:\/\/districos.standingout.be\/fr\/#website","url":"https:\/\/districos.standingout.be\/fr\/","name":"Districos Webshop","description":"","publisher":{"@id":"https:\/\/districos.standingout.be\/fr\/#organization"},"potentialAction":[{"@type":"SearchAction","target":{"@type":"EntryPoint","urlTemplate":"https:\/\/districos.standingout.be\/fr\/?s={search_term_string}"},"query-input":{"@type":"PropertyValueSpecification","valueRequired":true,"valueName":"search_term_string"}}],"inLanguage":"fr-FR"},{"@type":"Organization","@id":"https:\/\/districos.standingout.be\/fr\/#organization","name":"Districos Webshop","url":"https:\/\/districos.standingout.be\/fr\/","logo":{"@type":"ImageObject","inLanguage":"fr-FR","@id":"https:\/\/districos.standingout.be\/fr\/#\/schema\/logo\/image\/","url":"https:\/\/districos.standingout.be\/wp-content\/uploads\/2022\/09\/Districos_Logo_Webshop.svg","contentUrl":"https:\/\/districos.standingout.be\/wp-content\/uploads\/2022\/09\/Districos_Logo_Webshop.svg","caption":"Districos Webshop"},"image":{"@id":"https:\/\/districos.standingout.be\/fr\/#\/schema\/logo\/image\/"}}]}},"_links":{"self":[{"href":"https:\/\/districos.standingout.be\/fr\/wp-json\/wp\/v2\/product\/136677","targetHints":{"allow":["GET"]}}],"collection":[{"href":"https:\/\/districos.standingout.be\/fr\/wp-json\/wp\/v2\/product"}],"about":[{"href":"https:\/\/districos.standingout.be\/fr\/wp-json\/wp\/v2\/types\/product"}],"replies":[{"embeddable":true,"href":"https:\/\/districos.standingout.be\/fr\/wp-json\/wp\/v2\/comments?post=136677"}],"wp:featuredmedia":[{"embeddable":true,"href":"https:\/\/districos.standingout.be\/fr\/wp-json\/wp\/v2\/media\/147052"}],"wp:attachment":[{"href":"https:\/\/districos.standingout.be\/fr\/wp-json\/wp\/v2\/media?parent=136677"}],"wp:term":[{"taxonomy":"product_brand","embeddable":true,"href":"https:\/\/districos.standingout.be\/fr\/wp-json\/wp\/v2\/product_brand?post=136677"},{"taxonomy":"product_cat","embeddable":true,"href":"https:\/\/districos.standingout.be\/fr\/wp-json\/wp\/v2\/product_cat?post=136677"},{"taxonomy":"product_tag","embeddable":true,"href":"https:\/\/districos.standingout.be\/fr\/wp-json\/wp\/v2\/product_tag?post=136677"}],"curies":[{"name":"wp","href":"https:\/\/api.w.org\/{rel}","templated":true}]}}