{"id":136729,"date":"2026-04-28T09:21:00","date_gmt":"2026-04-28T07:21:00","guid":{"rendered":"https:\/\/webshopdistricoscom.webhosting.be\/product\/cobra-russian-volume-lashes-faux-mink-d-curl-007-10-mm-ref-7038-244-2\/"},"modified":"2026-04-28T09:21:06","modified_gmt":"2026-04-28T07:21:06","slug":"cobra-russian-volume-lashes-faux-mink-d-curl-007-10-mm-ref-7038-244","status":"publish","type":"product","link":"https:\/\/districos.standingout.be\/fr\/product\/cobra-russian-volume-lashes-faux-mink-d-curl-007-10-mm-ref-7038-244\/","title":{"rendered":"Cobra Russian Volume Lashes Faux Mink D-Curl 0,07\/10 mm"},"content":{"rendered":"<p >\n<p dir=ltr>Les Russian Volume Lashes avec mink coating (vison) sont des extensions individuelles d\u2019un diam\u00e8tre de 0,07 mm. Par leur poids l\u00e9ger, il est possible de poser plusieurs extensions \u00e0 la fois (2 \u00e0 6) sur 1 cil naturel sans le surcharger ou l\u2019endommager. Ils cr\u00e9ent un regard encore plus joli et plus riche par rapport aux extensions traditionnelles one by one. Avec les Russian Volume Lashes, on peut doubler, tripler le volume, voire plus encore ! Puisqu\u2019on utilise moins de colle pour cette technique, les extensions sont encore plus douces au toucher. Avec la technique du volume russe, contrairement \u00e0 la technique Easy Volume, vous devez cr\u00e9er vous-m\u00eame les \u00e9ventails. <\/p>\n<ul> <\/p>\n<li><b>Courbe <\/b>: D<\/li>\n<p> <\/p>\n<li><b>\u00c9paisseur <\/b>: 0.07 mm<\/li>\n<p> <\/p>\n<li><b>Longueur <\/b>: 10 mm<\/li>\n<p> <\/ul>\n<p> Emballage : pot de 1,5 g<\/p><\/p>\n","protected":false},"excerpt":{"rendered":"<p>Les Russian Volume Lashes avec mink coating (vison) sont des extensions individuelles d\u2019un diam\u00e8tre de 0,07 mm. Par leur poids l\u00e9ger, il est possible de poser plusieurs extensions \u00e0 la fois (2 \u00e0 6) sur 1 cil naturel sans le surcharger ou l\u2019endommager. Ils cr\u00e9ent un regard encore plus joli et plus riche par rapport [&hellip;]<\/p>\n","protected":false},"featured_media":110234,"comment_status":"open","ping_status":"closed","template":"","meta":{"_acf_changed":false},"product_brand":[10338],"product_cat":[9982],"product_tag":[],"class_list":{"0":"post-136729","1":"product","2":"type-product","3":"status-publish","4":"has-post-thumbnail","6":"product_brand-cobra-lashes-fr","7":"product_cat-beaute-cils-sourcils-extension-des-cils","9":"first","10":"outofstock","11":"taxable","12":"shipping-taxable","13":"product-type-simple"},"acf":[],"yoast_head":"<!-- This site is optimized with the Yoast SEO plugin v27.3 - https:\/\/yoast.com\/product\/yoast-seo-wordpress\/ -->\n<title>Cobra Russian Volume Lashes Faux Mink D-Curl 0,07\/10 mm - Districos Webshop<\/title>\n<meta name=\"robots\" content=\"noindex, follow, max-snippet:-1, max-image-preview:large, max-video-preview:-1\" \/>\n<meta property=\"og:locale\" content=\"fr_FR\" \/>\n<meta property=\"og:type\" content=\"article\" \/>\n<meta property=\"og:title\" content=\"Cobra Russian Volume Lashes Faux Mink D-Curl 0,07\/10 mm - Districos Webshop\" \/>\n<meta property=\"og:description\" content=\"Les Russian Volume Lashes avec mink coating (vison) sont des extensions individuelles d\u2019un diam\u00e8tre de 0,07 mm. Par leur poids l\u00e9ger, il est possible de poser plusieurs extensions \u00e0 la fois (2 \u00e0 6) sur 1 cil naturel sans le surcharger ou l\u2019endommager. Ils cr\u00e9ent un regard encore plus joli et plus riche par rapport [&hellip;]\" \/>\n<meta property=\"og:url\" content=\"https:\/\/districos.standingout.be\/fr\/product\/cobra-russian-volume-lashes-faux-mink-d-curl-007-10-mm-ref-7038-244\/\" \/>\n<meta property=\"og:site_name\" content=\"Districos Webshop\" \/>\n<meta property=\"article:modified_time\" content=\"2026-04-28T07:21:06+00:00\" \/>\n<meta name=\"twitter:card\" content=\"summary_large_image\" \/>\n<meta name=\"twitter:label1\" content=\"Dur\u00e9e de lecture estim\u00e9e\" \/>\n\t<meta name=\"twitter:data1\" content=\"1 minute\" \/>\n<script type=\"application\/ld+json\" class=\"yoast-schema-graph\">{\"@context\":\"https:\\\/\\\/schema.org\",\"@graph\":[{\"@type\":\"WebPage\",\"@id\":\"https:\\\/\\\/districos.standingout.be\\\/fr\\\/product\\\/cobra-russian-volume-lashes-faux-mink-d-curl-007-10-mm-ref-7038-244\\\/\",\"url\":\"https:\\\/\\\/districos.standingout.be\\\/fr\\\/product\\\/cobra-russian-volume-lashes-faux-mink-d-curl-007-10-mm-ref-7038-244\\\/\",\"name\":\"Cobra Russian Volume Lashes Faux Mink D-Curl 0,07\\\/10 mm - Districos Webshop\",\"isPartOf\":{\"@id\":\"https:\\\/\\\/districos.standingout.be\\\/fr\\\/#website\"},\"primaryImageOfPage\":{\"@id\":\"https:\\\/\\\/districos.standingout.be\\\/fr\\\/product\\\/cobra-russian-volume-lashes-faux-mink-d-curl-007-10-mm-ref-7038-244\\\/#primaryimage\"},\"image\":{\"@id\":\"https:\\\/\\\/districos.standingout.be\\\/fr\\\/product\\\/cobra-russian-volume-lashes-faux-mink-d-curl-007-10-mm-ref-7038-244\\\/#primaryimage\"},\"thumbnailUrl\":\"https:\\\/\\\/districos.standingout.be\\\/wp-content\\\/uploads\\\/2026\\\/03\\\/7038.244@LowRes_0_99.png\",\"datePublished\":\"2026-04-28T07:21:00+00:00\",\"dateModified\":\"2026-04-28T07:21:06+00:00\",\"breadcrumb\":{\"@id\":\"https:\\\/\\\/districos.standingout.be\\\/fr\\\/product\\\/cobra-russian-volume-lashes-faux-mink-d-curl-007-10-mm-ref-7038-244\\\/#breadcrumb\"},\"inLanguage\":\"fr-FR\",\"potentialAction\":[{\"@type\":\"ReadAction\",\"target\":[\"https:\\\/\\\/districos.standingout.be\\\/fr\\\/product\\\/cobra-russian-volume-lashes-faux-mink-d-curl-007-10-mm-ref-7038-244\\\/\"]}]},{\"@type\":\"ImageObject\",\"inLanguage\":\"fr-FR\",\"@id\":\"https:\\\/\\\/districos.standingout.be\\\/fr\\\/product\\\/cobra-russian-volume-lashes-faux-mink-d-curl-007-10-mm-ref-7038-244\\\/#primaryimage\",\"url\":\"https:\\\/\\\/districos.standingout.be\\\/wp-content\\\/uploads\\\/2026\\\/03\\\/7038.244@LowRes_0_99.png\",\"contentUrl\":\"https:\\\/\\\/districos.standingout.be\\\/wp-content\\\/uploads\\\/2026\\\/03\\\/7038.244@LowRes_0_99.png\",\"width\":600,\"height\":600},{\"@type\":\"BreadcrumbList\",\"@id\":\"https:\\\/\\\/districos.standingout.be\\\/fr\\\/product\\\/cobra-russian-volume-lashes-faux-mink-d-curl-007-10-mm-ref-7038-244\\\/#breadcrumb\",\"itemListElement\":[{\"@type\":\"ListItem\",\"position\":1,\"name\":\"Home\",\"item\":\"https:\\\/\\\/districos.standingout.be\\\/fr\\\/bienvenue-chez-districos\\\/\"},{\"@type\":\"ListItem\",\"position\":2,\"name\":\"Boutique\",\"item\":\"https:\\\/\\\/districos.standingout.be\\\/fr\\\/boutique\\\/\"},{\"@type\":\"ListItem\",\"position\":3,\"name\":\"Cobra Russian Volume Lashes Faux Mink D-Curl 0,07\\\/10 mm\"}]},{\"@type\":\"WebSite\",\"@id\":\"https:\\\/\\\/districos.standingout.be\\\/fr\\\/#website\",\"url\":\"https:\\\/\\\/districos.standingout.be\\\/fr\\\/\",\"name\":\"Districos Webshop\",\"description\":\"\",\"publisher\":{\"@id\":\"https:\\\/\\\/districos.standingout.be\\\/fr\\\/#organization\"},\"potentialAction\":[{\"@type\":\"SearchAction\",\"target\":{\"@type\":\"EntryPoint\",\"urlTemplate\":\"https:\\\/\\\/districos.standingout.be\\\/fr\\\/?s={search_term_string}\"},\"query-input\":{\"@type\":\"PropertyValueSpecification\",\"valueRequired\":true,\"valueName\":\"search_term_string\"}}],\"inLanguage\":\"fr-FR\"},{\"@type\":\"Organization\",\"@id\":\"https:\\\/\\\/districos.standingout.be\\\/fr\\\/#organization\",\"name\":\"Districos Webshop\",\"url\":\"https:\\\/\\\/districos.standingout.be\\\/fr\\\/\",\"logo\":{\"@type\":\"ImageObject\",\"inLanguage\":\"fr-FR\",\"@id\":\"https:\\\/\\\/districos.standingout.be\\\/fr\\\/#\\\/schema\\\/logo\\\/image\\\/\",\"url\":\"https:\\\/\\\/districos.standingout.be\\\/wp-content\\\/uploads\\\/2022\\\/09\\\/Districos_Logo_Webshop.svg\",\"contentUrl\":\"https:\\\/\\\/districos.standingout.be\\\/wp-content\\\/uploads\\\/2022\\\/09\\\/Districos_Logo_Webshop.svg\",\"caption\":\"Districos Webshop\"},\"image\":{\"@id\":\"https:\\\/\\\/districos.standingout.be\\\/fr\\\/#\\\/schema\\\/logo\\\/image\\\/\"}}]}<\/script>\n<!-- \/ Yoast SEO plugin. -->","yoast_head_json":{"title":"Cobra Russian Volume Lashes Faux Mink D-Curl 0,07\/10 mm - Districos Webshop","robots":{"index":"noindex","follow":"follow","max-snippet":"max-snippet:-1","max-image-preview":"max-image-preview:large","max-video-preview":"max-video-preview:-1"},"og_locale":"fr_FR","og_type":"article","og_title":"Cobra Russian Volume Lashes Faux Mink D-Curl 0,07\/10 mm - Districos Webshop","og_description":"Les Russian Volume Lashes avec mink coating (vison) sont des extensions individuelles d\u2019un diam\u00e8tre de 0,07 mm. Par leur poids l\u00e9ger, il est possible de poser plusieurs extensions \u00e0 la fois (2 \u00e0 6) sur 1 cil naturel sans le surcharger ou l\u2019endommager. Ils cr\u00e9ent un regard encore plus joli et plus riche par rapport [&hellip;]","og_url":"https:\/\/districos.standingout.be\/fr\/product\/cobra-russian-volume-lashes-faux-mink-d-curl-007-10-mm-ref-7038-244\/","og_site_name":"Districos Webshop","article_modified_time":"2026-04-28T07:21:06+00:00","twitter_card":"summary_large_image","twitter_misc":{"Dur\u00e9e de lecture estim\u00e9e":"1 minute"},"schema":{"@context":"https:\/\/schema.org","@graph":[{"@type":"WebPage","@id":"https:\/\/districos.standingout.be\/fr\/product\/cobra-russian-volume-lashes-faux-mink-d-curl-007-10-mm-ref-7038-244\/","url":"https:\/\/districos.standingout.be\/fr\/product\/cobra-russian-volume-lashes-faux-mink-d-curl-007-10-mm-ref-7038-244\/","name":"Cobra Russian Volume Lashes Faux Mink D-Curl 0,07\/10 mm - Districos Webshop","isPartOf":{"@id":"https:\/\/districos.standingout.be\/fr\/#website"},"primaryImageOfPage":{"@id":"https:\/\/districos.standingout.be\/fr\/product\/cobra-russian-volume-lashes-faux-mink-d-curl-007-10-mm-ref-7038-244\/#primaryimage"},"image":{"@id":"https:\/\/districos.standingout.be\/fr\/product\/cobra-russian-volume-lashes-faux-mink-d-curl-007-10-mm-ref-7038-244\/#primaryimage"},"thumbnailUrl":"https:\/\/districos.standingout.be\/wp-content\/uploads\/2026\/03\/7038.244@LowRes_0_99.png","datePublished":"2026-04-28T07:21:00+00:00","dateModified":"2026-04-28T07:21:06+00:00","breadcrumb":{"@id":"https:\/\/districos.standingout.be\/fr\/product\/cobra-russian-volume-lashes-faux-mink-d-curl-007-10-mm-ref-7038-244\/#breadcrumb"},"inLanguage":"fr-FR","potentialAction":[{"@type":"ReadAction","target":["https:\/\/districos.standingout.be\/fr\/product\/cobra-russian-volume-lashes-faux-mink-d-curl-007-10-mm-ref-7038-244\/"]}]},{"@type":"ImageObject","inLanguage":"fr-FR","@id":"https:\/\/districos.standingout.be\/fr\/product\/cobra-russian-volume-lashes-faux-mink-d-curl-007-10-mm-ref-7038-244\/#primaryimage","url":"https:\/\/districos.standingout.be\/wp-content\/uploads\/2026\/03\/7038.244@LowRes_0_99.png","contentUrl":"https:\/\/districos.standingout.be\/wp-content\/uploads\/2026\/03\/7038.244@LowRes_0_99.png","width":600,"height":600},{"@type":"BreadcrumbList","@id":"https:\/\/districos.standingout.be\/fr\/product\/cobra-russian-volume-lashes-faux-mink-d-curl-007-10-mm-ref-7038-244\/#breadcrumb","itemListElement":[{"@type":"ListItem","position":1,"name":"Home","item":"https:\/\/districos.standingout.be\/fr\/bienvenue-chez-districos\/"},{"@type":"ListItem","position":2,"name":"Boutique","item":"https:\/\/districos.standingout.be\/fr\/boutique\/"},{"@type":"ListItem","position":3,"name":"Cobra Russian Volume Lashes Faux Mink D-Curl 0,07\/10 mm"}]},{"@type":"WebSite","@id":"https:\/\/districos.standingout.be\/fr\/#website","url":"https:\/\/districos.standingout.be\/fr\/","name":"Districos Webshop","description":"","publisher":{"@id":"https:\/\/districos.standingout.be\/fr\/#organization"},"potentialAction":[{"@type":"SearchAction","target":{"@type":"EntryPoint","urlTemplate":"https:\/\/districos.standingout.be\/fr\/?s={search_term_string}"},"query-input":{"@type":"PropertyValueSpecification","valueRequired":true,"valueName":"search_term_string"}}],"inLanguage":"fr-FR"},{"@type":"Organization","@id":"https:\/\/districos.standingout.be\/fr\/#organization","name":"Districos Webshop","url":"https:\/\/districos.standingout.be\/fr\/","logo":{"@type":"ImageObject","inLanguage":"fr-FR","@id":"https:\/\/districos.standingout.be\/fr\/#\/schema\/logo\/image\/","url":"https:\/\/districos.standingout.be\/wp-content\/uploads\/2022\/09\/Districos_Logo_Webshop.svg","contentUrl":"https:\/\/districos.standingout.be\/wp-content\/uploads\/2022\/09\/Districos_Logo_Webshop.svg","caption":"Districos Webshop"},"image":{"@id":"https:\/\/districos.standingout.be\/fr\/#\/schema\/logo\/image\/"}}]}},"_links":{"self":[{"href":"https:\/\/districos.standingout.be\/fr\/wp-json\/wp\/v2\/product\/136729","targetHints":{"allow":["GET"]}}],"collection":[{"href":"https:\/\/districos.standingout.be\/fr\/wp-json\/wp\/v2\/product"}],"about":[{"href":"https:\/\/districos.standingout.be\/fr\/wp-json\/wp\/v2\/types\/product"}],"replies":[{"embeddable":true,"href":"https:\/\/districos.standingout.be\/fr\/wp-json\/wp\/v2\/comments?post=136729"}],"wp:featuredmedia":[{"embeddable":true,"href":"https:\/\/districos.standingout.be\/fr\/wp-json\/wp\/v2\/media\/110234"}],"wp:attachment":[{"href":"https:\/\/districos.standingout.be\/fr\/wp-json\/wp\/v2\/media?parent=136729"}],"wp:term":[{"taxonomy":"product_brand","embeddable":true,"href":"https:\/\/districos.standingout.be\/fr\/wp-json\/wp\/v2\/product_brand?post=136729"},{"taxonomy":"product_cat","embeddable":true,"href":"https:\/\/districos.standingout.be\/fr\/wp-json\/wp\/v2\/product_cat?post=136729"},{"taxonomy":"product_tag","embeddable":true,"href":"https:\/\/districos.standingout.be\/fr\/wp-json\/wp\/v2\/product_tag?post=136729"}],"curies":[{"name":"wp","href":"https:\/\/api.w.org\/{rel}","templated":true}]}}