{"id":136813,"date":"2026-04-28T09:26:01","date_gmt":"2026-04-28T07:26:01","guid":{"rendered":"https:\/\/webshopdistricoscom.webhosting.be\/product\/cobra-easy-volume-6d-lashes-c-curl-005-14-mm-132-pcs-ref-7038-708\/"},"modified":"2026-04-28T09:26:05","modified_gmt":"2026-04-28T07:26:05","slug":"cobra-easy-volume-6d-lashes-c-curl-005-14-mm-132-pcs-ref-7038-708","status":"publish","type":"product","link":"https:\/\/districos.standingout.be\/fr\/product\/cobra-easy-volume-6d-lashes-c-curl-005-14-mm-132-pcs-ref-7038-708\/","title":{"rendered":"Cobra Easy Volume 6D-Lashes C-Curl 0,05\/14 mm 132 pcs."},"content":{"rendered":"<p >\n<p><span>Gagnez du temps sans sacrifier la qualit\u00e9 gr\u00e2ce \u00e0 ces \u00e9ventails pr\u00eats \u00e0 l&#8217;emploi ! Optez pour le look naturel et volumineux d&rsquo;un Volume Russe, mais avec la facilit\u00e9 de placement d&rsquo;une extension \u00ab\u00a0Cil \u00e0 cil\u00a0\u00bb ! Les cils sont disponibles \u00e0 des remises tr\u00e8s int\u00e9ressantes lorsqu&rsquo;ils sont achet\u00e9s en grandes quantit\u00e9s.<\/span><br \/><span>Volume maximal avec un impact minimal sur les cils naturels. Id\u00e9al pour les clientes ayant peu de cils !<\/span><\/p>\n<ul>\n<li><b>6D-Lashes&nbsp;<\/b><span>: 6 extensions de cils fix\u00e9es l&rsquo;une \u00e0 l&rsquo;autre avec une quantit\u00e9 minimale de colle pour cr\u00e9er une base l\u00e9g\u00e8re et fine mais solide.<\/span><\/li>\n<li><b>Courbe<\/b><span>&nbsp;: C.<\/span><\/li>\n<li><b>\u00c9paisseur<\/b><span>&nbsp;: 0,05 mm.<\/span><\/li>\n<li><b>Longueur&nbsp;<\/b><span>: 14 mm.<\/span><\/li>\n<li><b>Contenu<\/b><span>&nbsp;: 144 \u00e9ventails\/plateau<\/span><\/li>\n<\/ul>\n<p><b>CONSEILS<\/b><br \/><span>Les cils Easy Volume peuvent \u00eatre combin\u00e9s avec d&rsquo;autres volumes (2D-3D-4D-56D-6D-7D) ou avec les extensions \u00ab\u00a0Cil \u00e0 cil\u00a0\u00bb.<\/span> <\/p>\n<\/p>\n<p dir=\"ltr\"><\/p>\n","protected":false},"excerpt":{"rendered":"<p>Gagnez du temps sans sacrifier la qualit\u00e9 gr\u00e2ce \u00e0 ces \u00e9ventails pr\u00eats \u00e0 l&#8217;emploi ! Optez pour le look naturel et volumineux d&rsquo;un Volume Russe, mais avec la facilit\u00e9 de placement d&rsquo;une extension \u00ab\u00a0Cil \u00e0 cil\u00a0\u00bb ! Les cils sont disponibles \u00e0 des remises tr\u00e8s int\u00e9ressantes lorsqu&rsquo;ils sont achet\u00e9s en grandes quantit\u00e9s.Volume maximal avec un [&hellip;]<\/p>\n","protected":false},"featured_media":77177,"comment_status":"open","ping_status":"closed","template":"","meta":{"_acf_changed":false},"product_brand":[10338],"product_cat":[9982],"product_tag":[],"class_list":{"0":"post-136813","1":"product","2":"type-product","3":"status-publish","4":"has-post-thumbnail","6":"product_brand-cobra-lashes-fr","7":"product_cat-beaute-cils-sourcils-extension-des-cils","9":"first","10":"instock","11":"taxable","12":"shipping-taxable","13":"product-type-simple"},"acf":[],"yoast_head":"<!-- This site is optimized with the Yoast SEO plugin v27.3 - https:\/\/yoast.com\/product\/yoast-seo-wordpress\/ -->\n<title>Cobra Easy Volume 6D-Lashes C-Curl 0,05\/14 mm 132 pcs. - Districos Webshop<\/title>\n<meta name=\"robots\" content=\"noindex, follow, max-snippet:-1, max-image-preview:large, max-video-preview:-1\" \/>\n<meta property=\"og:locale\" content=\"fr_FR\" \/>\n<meta property=\"og:type\" content=\"article\" \/>\n<meta property=\"og:title\" content=\"Cobra Easy Volume 6D-Lashes C-Curl 0,05\/14 mm 132 pcs. - Districos Webshop\" \/>\n<meta property=\"og:description\" content=\"Gagnez du temps sans sacrifier la qualit\u00e9 gr\u00e2ce \u00e0 ces \u00e9ventails pr\u00eats \u00e0 l&#8217;emploi ! Optez pour le look naturel et volumineux d&rsquo;un Volume Russe, mais avec la facilit\u00e9 de placement d&rsquo;une extension \u00ab\u00a0Cil \u00e0 cil\u00a0\u00bb ! Les cils sont disponibles \u00e0 des remises tr\u00e8s int\u00e9ressantes lorsqu&rsquo;ils sont achet\u00e9s en grandes quantit\u00e9s.Volume maximal avec un [&hellip;]\" \/>\n<meta property=\"og:url\" content=\"https:\/\/districos.standingout.be\/fr\/product\/cobra-easy-volume-6d-lashes-c-curl-005-14-mm-132-pcs-ref-7038-708\/\" \/>\n<meta property=\"og:site_name\" content=\"Districos Webshop\" \/>\n<meta property=\"article:modified_time\" content=\"2026-04-28T07:26:05+00:00\" \/>\n<meta name=\"twitter:card\" content=\"summary_large_image\" \/>\n<meta name=\"twitter:label1\" content=\"Dur\u00e9e de lecture estim\u00e9e\" \/>\n\t<meta name=\"twitter:data1\" content=\"1 minute\" \/>\n<script type=\"application\/ld+json\" class=\"yoast-schema-graph\">{\"@context\":\"https:\\\/\\\/schema.org\",\"@graph\":[{\"@type\":\"WebPage\",\"@id\":\"https:\\\/\\\/districos.standingout.be\\\/fr\\\/product\\\/cobra-easy-volume-6d-lashes-c-curl-005-14-mm-132-pcs-ref-7038-708\\\/\",\"url\":\"https:\\\/\\\/districos.standingout.be\\\/fr\\\/product\\\/cobra-easy-volume-6d-lashes-c-curl-005-14-mm-132-pcs-ref-7038-708\\\/\",\"name\":\"Cobra Easy Volume 6D-Lashes C-Curl 0,05\\\/14 mm 132 pcs. - Districos Webshop\",\"isPartOf\":{\"@id\":\"https:\\\/\\\/districos.standingout.be\\\/fr\\\/#website\"},\"primaryImageOfPage\":{\"@id\":\"https:\\\/\\\/districos.standingout.be\\\/fr\\\/product\\\/cobra-easy-volume-6d-lashes-c-curl-005-14-mm-132-pcs-ref-7038-708\\\/#primaryimage\"},\"image\":{\"@id\":\"https:\\\/\\\/districos.standingout.be\\\/fr\\\/product\\\/cobra-easy-volume-6d-lashes-c-curl-005-14-mm-132-pcs-ref-7038-708\\\/#primaryimage\"},\"thumbnailUrl\":\"https:\\\/\\\/districos.standingout.be\\\/wp-content\\\/uploads\\\/2025\\\/07\\\/7038.708@LowRes_1.png\",\"datePublished\":\"2026-04-28T07:26:01+00:00\",\"dateModified\":\"2026-04-28T07:26:05+00:00\",\"breadcrumb\":{\"@id\":\"https:\\\/\\\/districos.standingout.be\\\/fr\\\/product\\\/cobra-easy-volume-6d-lashes-c-curl-005-14-mm-132-pcs-ref-7038-708\\\/#breadcrumb\"},\"inLanguage\":\"fr-FR\",\"potentialAction\":[{\"@type\":\"ReadAction\",\"target\":[\"https:\\\/\\\/districos.standingout.be\\\/fr\\\/product\\\/cobra-easy-volume-6d-lashes-c-curl-005-14-mm-132-pcs-ref-7038-708\\\/\"]}]},{\"@type\":\"ImageObject\",\"inLanguage\":\"fr-FR\",\"@id\":\"https:\\\/\\\/districos.standingout.be\\\/fr\\\/product\\\/cobra-easy-volume-6d-lashes-c-curl-005-14-mm-132-pcs-ref-7038-708\\\/#primaryimage\",\"url\":\"https:\\\/\\\/districos.standingout.be\\\/wp-content\\\/uploads\\\/2025\\\/07\\\/7038.708@LowRes_1.png\",\"contentUrl\":\"https:\\\/\\\/districos.standingout.be\\\/wp-content\\\/uploads\\\/2025\\\/07\\\/7038.708@LowRes_1.png\",\"width\":600,\"height\":600},{\"@type\":\"BreadcrumbList\",\"@id\":\"https:\\\/\\\/districos.standingout.be\\\/fr\\\/product\\\/cobra-easy-volume-6d-lashes-c-curl-005-14-mm-132-pcs-ref-7038-708\\\/#breadcrumb\",\"itemListElement\":[{\"@type\":\"ListItem\",\"position\":1,\"name\":\"Home\",\"item\":\"https:\\\/\\\/districos.standingout.be\\\/fr\\\/bienvenue-chez-districos\\\/\"},{\"@type\":\"ListItem\",\"position\":2,\"name\":\"Boutique\",\"item\":\"https:\\\/\\\/districos.standingout.be\\\/fr\\\/boutique\\\/\"},{\"@type\":\"ListItem\",\"position\":3,\"name\":\"Cobra Easy Volume 6D-Lashes C-Curl 0,05\\\/14 mm 132 pcs.\"}]},{\"@type\":\"WebSite\",\"@id\":\"https:\\\/\\\/districos.standingout.be\\\/fr\\\/#website\",\"url\":\"https:\\\/\\\/districos.standingout.be\\\/fr\\\/\",\"name\":\"Districos Webshop\",\"description\":\"\",\"publisher\":{\"@id\":\"https:\\\/\\\/districos.standingout.be\\\/fr\\\/#organization\"},\"potentialAction\":[{\"@type\":\"SearchAction\",\"target\":{\"@type\":\"EntryPoint\",\"urlTemplate\":\"https:\\\/\\\/districos.standingout.be\\\/fr\\\/?s={search_term_string}\"},\"query-input\":{\"@type\":\"PropertyValueSpecification\",\"valueRequired\":true,\"valueName\":\"search_term_string\"}}],\"inLanguage\":\"fr-FR\"},{\"@type\":\"Organization\",\"@id\":\"https:\\\/\\\/districos.standingout.be\\\/fr\\\/#organization\",\"name\":\"Districos Webshop\",\"url\":\"https:\\\/\\\/districos.standingout.be\\\/fr\\\/\",\"logo\":{\"@type\":\"ImageObject\",\"inLanguage\":\"fr-FR\",\"@id\":\"https:\\\/\\\/districos.standingout.be\\\/fr\\\/#\\\/schema\\\/logo\\\/image\\\/\",\"url\":\"https:\\\/\\\/districos.standingout.be\\\/wp-content\\\/uploads\\\/2022\\\/09\\\/Districos_Logo_Webshop.svg\",\"contentUrl\":\"https:\\\/\\\/districos.standingout.be\\\/wp-content\\\/uploads\\\/2022\\\/09\\\/Districos_Logo_Webshop.svg\",\"caption\":\"Districos Webshop\"},\"image\":{\"@id\":\"https:\\\/\\\/districos.standingout.be\\\/fr\\\/#\\\/schema\\\/logo\\\/image\\\/\"}}]}<\/script>\n<!-- \/ Yoast SEO plugin. -->","yoast_head_json":{"title":"Cobra Easy Volume 6D-Lashes C-Curl 0,05\/14 mm 132 pcs. - Districos Webshop","robots":{"index":"noindex","follow":"follow","max-snippet":"max-snippet:-1","max-image-preview":"max-image-preview:large","max-video-preview":"max-video-preview:-1"},"og_locale":"fr_FR","og_type":"article","og_title":"Cobra Easy Volume 6D-Lashes C-Curl 0,05\/14 mm 132 pcs. - Districos Webshop","og_description":"Gagnez du temps sans sacrifier la qualit\u00e9 gr\u00e2ce \u00e0 ces \u00e9ventails pr\u00eats \u00e0 l&#8217;emploi ! Optez pour le look naturel et volumineux d&rsquo;un Volume Russe, mais avec la facilit\u00e9 de placement d&rsquo;une extension \u00ab\u00a0Cil \u00e0 cil\u00a0\u00bb ! Les cils sont disponibles \u00e0 des remises tr\u00e8s int\u00e9ressantes lorsqu&rsquo;ils sont achet\u00e9s en grandes quantit\u00e9s.Volume maximal avec un [&hellip;]","og_url":"https:\/\/districos.standingout.be\/fr\/product\/cobra-easy-volume-6d-lashes-c-curl-005-14-mm-132-pcs-ref-7038-708\/","og_site_name":"Districos Webshop","article_modified_time":"2026-04-28T07:26:05+00:00","twitter_card":"summary_large_image","twitter_misc":{"Dur\u00e9e de lecture estim\u00e9e":"1 minute"},"schema":{"@context":"https:\/\/schema.org","@graph":[{"@type":"WebPage","@id":"https:\/\/districos.standingout.be\/fr\/product\/cobra-easy-volume-6d-lashes-c-curl-005-14-mm-132-pcs-ref-7038-708\/","url":"https:\/\/districos.standingout.be\/fr\/product\/cobra-easy-volume-6d-lashes-c-curl-005-14-mm-132-pcs-ref-7038-708\/","name":"Cobra Easy Volume 6D-Lashes C-Curl 0,05\/14 mm 132 pcs. - Districos Webshop","isPartOf":{"@id":"https:\/\/districos.standingout.be\/fr\/#website"},"primaryImageOfPage":{"@id":"https:\/\/districos.standingout.be\/fr\/product\/cobra-easy-volume-6d-lashes-c-curl-005-14-mm-132-pcs-ref-7038-708\/#primaryimage"},"image":{"@id":"https:\/\/districos.standingout.be\/fr\/product\/cobra-easy-volume-6d-lashes-c-curl-005-14-mm-132-pcs-ref-7038-708\/#primaryimage"},"thumbnailUrl":"https:\/\/districos.standingout.be\/wp-content\/uploads\/2025\/07\/7038.708@LowRes_1.png","datePublished":"2026-04-28T07:26:01+00:00","dateModified":"2026-04-28T07:26:05+00:00","breadcrumb":{"@id":"https:\/\/districos.standingout.be\/fr\/product\/cobra-easy-volume-6d-lashes-c-curl-005-14-mm-132-pcs-ref-7038-708\/#breadcrumb"},"inLanguage":"fr-FR","potentialAction":[{"@type":"ReadAction","target":["https:\/\/districos.standingout.be\/fr\/product\/cobra-easy-volume-6d-lashes-c-curl-005-14-mm-132-pcs-ref-7038-708\/"]}]},{"@type":"ImageObject","inLanguage":"fr-FR","@id":"https:\/\/districos.standingout.be\/fr\/product\/cobra-easy-volume-6d-lashes-c-curl-005-14-mm-132-pcs-ref-7038-708\/#primaryimage","url":"https:\/\/districos.standingout.be\/wp-content\/uploads\/2025\/07\/7038.708@LowRes_1.png","contentUrl":"https:\/\/districos.standingout.be\/wp-content\/uploads\/2025\/07\/7038.708@LowRes_1.png","width":600,"height":600},{"@type":"BreadcrumbList","@id":"https:\/\/districos.standingout.be\/fr\/product\/cobra-easy-volume-6d-lashes-c-curl-005-14-mm-132-pcs-ref-7038-708\/#breadcrumb","itemListElement":[{"@type":"ListItem","position":1,"name":"Home","item":"https:\/\/districos.standingout.be\/fr\/bienvenue-chez-districos\/"},{"@type":"ListItem","position":2,"name":"Boutique","item":"https:\/\/districos.standingout.be\/fr\/boutique\/"},{"@type":"ListItem","position":3,"name":"Cobra Easy Volume 6D-Lashes C-Curl 0,05\/14 mm 132 pcs."}]},{"@type":"WebSite","@id":"https:\/\/districos.standingout.be\/fr\/#website","url":"https:\/\/districos.standingout.be\/fr\/","name":"Districos Webshop","description":"","publisher":{"@id":"https:\/\/districos.standingout.be\/fr\/#organization"},"potentialAction":[{"@type":"SearchAction","target":{"@type":"EntryPoint","urlTemplate":"https:\/\/districos.standingout.be\/fr\/?s={search_term_string}"},"query-input":{"@type":"PropertyValueSpecification","valueRequired":true,"valueName":"search_term_string"}}],"inLanguage":"fr-FR"},{"@type":"Organization","@id":"https:\/\/districos.standingout.be\/fr\/#organization","name":"Districos Webshop","url":"https:\/\/districos.standingout.be\/fr\/","logo":{"@type":"ImageObject","inLanguage":"fr-FR","@id":"https:\/\/districos.standingout.be\/fr\/#\/schema\/logo\/image\/","url":"https:\/\/districos.standingout.be\/wp-content\/uploads\/2022\/09\/Districos_Logo_Webshop.svg","contentUrl":"https:\/\/districos.standingout.be\/wp-content\/uploads\/2022\/09\/Districos_Logo_Webshop.svg","caption":"Districos Webshop"},"image":{"@id":"https:\/\/districos.standingout.be\/fr\/#\/schema\/logo\/image\/"}}]}},"_links":{"self":[{"href":"https:\/\/districos.standingout.be\/fr\/wp-json\/wp\/v2\/product\/136813","targetHints":{"allow":["GET"]}}],"collection":[{"href":"https:\/\/districos.standingout.be\/fr\/wp-json\/wp\/v2\/product"}],"about":[{"href":"https:\/\/districos.standingout.be\/fr\/wp-json\/wp\/v2\/types\/product"}],"replies":[{"embeddable":true,"href":"https:\/\/districos.standingout.be\/fr\/wp-json\/wp\/v2\/comments?post=136813"}],"wp:featuredmedia":[{"embeddable":true,"href":"https:\/\/districos.standingout.be\/fr\/wp-json\/wp\/v2\/media\/77177"}],"wp:attachment":[{"href":"https:\/\/districos.standingout.be\/fr\/wp-json\/wp\/v2\/media?parent=136813"}],"wp:term":[{"taxonomy":"product_brand","embeddable":true,"href":"https:\/\/districos.standingout.be\/fr\/wp-json\/wp\/v2\/product_brand?post=136813"},{"taxonomy":"product_cat","embeddable":true,"href":"https:\/\/districos.standingout.be\/fr\/wp-json\/wp\/v2\/product_cat?post=136813"},{"taxonomy":"product_tag","embeddable":true,"href":"https:\/\/districos.standingout.be\/fr\/wp-json\/wp\/v2\/product_tag?post=136813"}],"curies":[{"name":"wp","href":"https:\/\/api.w.org\/{rel}","templated":true}]}}