{"id":136839,"date":"2026-04-28T09:27:47","date_gmt":"2026-04-28T07:27:47","guid":{"rendered":"https:\/\/webshopdistricoscom.webhosting.be\/product\/bio-balance-bougie-de-massage-ylang-ylang-patchouli-160-g-ref-7059-04\/"},"modified":"2026-04-28T09:27:52","modified_gmt":"2026-04-28T07:27:52","slug":"bio-balance-bougie-de-massage-ylang-ylang-patchouli-160-g-ref-7059-04","status":"publish","type":"product","link":"https:\/\/districos.standingout.be\/fr\/product\/bio-balance-bougie-de-massage-ylang-ylang-patchouli-160-g-ref-7059-04\/","title":{"rendered":"Bio Balance Bougie de Massage Ylang-Ylang\/Patchouli 160 g"},"content":{"rendered":"<p >\n<\/p>\n<p><font face=\"Verdana\"><b>G\u00e2tez votre client(e) avec une bougie de massage merveilleusement parfum\u00e9e !<\/b><\/font><\/p>\n<p><font size=\"2\"><\/font><\/p>\n<p dir=\"ltr\"><font size=\"2\"><\/font><\/p>\n<p><font size=\"2\"><\/font><\/p>\n<p><font size=\"2\"><\/font><\/p>\n<div>Une fois allum\u00e9e, cette bougie unique se transforme en une huile de massage hydratante et 100 % naturelle pour un massage agr\u00e9ablement chaud. La peau sera tr\u00e8s douce et souple au toucher.<\/div>\n<div>\n<ul>\n<li><b>Ylang-ylang\/Patchouli&nbsp;<\/b>: le parfum d&rsquo;ylang-ylang permet une relaxation et une d\u00e9tente totale, tandis que le patchouli stimule les sens et \u00e9voque des \u00e9motions.<\/li>\n<li>Ne contient pas de paraffine.<\/li>\n<li>Emballage : 160 g.<\/li>\n<\/ul>\n<div><b>\u00c9galement disponible en d&rsquo;autres parfums &#8211; d\u00e9couvrez-les&nbsp;<a href=\"https:\/\/webshop.districos.com\/search?SearchText=bougie%20de%20massage\" target=\"_blank\" rel=\"noopener noreferrer nofollow\">ici<\/a>&nbsp;!<\/b><\/div>\n<\/div>\n<p dir=\"ltr\"><\/p>\n","protected":false},"excerpt":{"rendered":"<p>G\u00e2tez votre client(e) avec une bougie de massage merveilleusement parfum\u00e9e ! Une fois allum\u00e9e, cette bougie unique se transforme en une huile de massage hydratante et 100 % naturelle pour un massage agr\u00e9ablement chaud. La peau sera tr\u00e8s douce et souple au toucher. Ylang-ylang\/Patchouli&nbsp;: le parfum d&rsquo;ylang-ylang permet une relaxation et une d\u00e9tente totale, tandis [&hellip;]<\/p>\n","protected":false},"featured_media":77220,"comment_status":"open","ping_status":"closed","template":"","meta":{"_acf_changed":false},"product_brand":[10302],"product_cat":[9874,9868],"product_tag":[],"class_list":{"0":"post-136839","1":"product","2":"type-product","3":"status-publish","4":"has-post-thumbnail","6":"product_brand-bb-lichaam-fr","7":"product_cat-beaute-corps-massage","8":"product_cat-beaute-corps-soins-du-corps","10":"first","11":"instock","12":"taxable","13":"shipping-taxable","14":"product-type-simple"},"acf":[],"yoast_head":"<!-- This site is optimized with the Yoast SEO plugin v27.3 - https:\/\/yoast.com\/product\/yoast-seo-wordpress\/ -->\n<title>Bio Balance Bougie de Massage Ylang-Ylang\/Patchouli 160 g - Districos Webshop<\/title>\n<meta name=\"robots\" content=\"noindex, follow, max-snippet:-1, max-image-preview:large, max-video-preview:-1\" \/>\n<meta property=\"og:locale\" content=\"fr_FR\" \/>\n<meta property=\"og:type\" content=\"article\" \/>\n<meta property=\"og:title\" content=\"Bio Balance Bougie de Massage Ylang-Ylang\/Patchouli 160 g - Districos Webshop\" \/>\n<meta property=\"og:description\" content=\"G\u00e2tez votre client(e) avec une bougie de massage merveilleusement parfum\u00e9e ! Une fois allum\u00e9e, cette bougie unique se transforme en une huile de massage hydratante et 100 % naturelle pour un massage agr\u00e9ablement chaud. La peau sera tr\u00e8s douce et souple au toucher. Ylang-ylang\/Patchouli&nbsp;: le parfum d&rsquo;ylang-ylang permet une relaxation et une d\u00e9tente totale, tandis [&hellip;]\" \/>\n<meta property=\"og:url\" content=\"https:\/\/districos.standingout.be\/fr\/product\/bio-balance-bougie-de-massage-ylang-ylang-patchouli-160-g-ref-7059-04\/\" \/>\n<meta property=\"og:site_name\" content=\"Districos Webshop\" \/>\n<meta property=\"article:modified_time\" content=\"2026-04-28T07:27:52+00:00\" \/>\n<meta name=\"twitter:card\" content=\"summary_large_image\" \/>\n<script type=\"application\/ld+json\" class=\"yoast-schema-graph\">{\"@context\":\"https:\\\/\\\/schema.org\",\"@graph\":[{\"@type\":\"WebPage\",\"@id\":\"https:\\\/\\\/districos.standingout.be\\\/fr\\\/product\\\/bio-balance-bougie-de-massage-ylang-ylang-patchouli-160-g-ref-7059-04\\\/\",\"url\":\"https:\\\/\\\/districos.standingout.be\\\/fr\\\/product\\\/bio-balance-bougie-de-massage-ylang-ylang-patchouli-160-g-ref-7059-04\\\/\",\"name\":\"Bio Balance Bougie de Massage Ylang-Ylang\\\/Patchouli 160 g - Districos Webshop\",\"isPartOf\":{\"@id\":\"https:\\\/\\\/districos.standingout.be\\\/fr\\\/#website\"},\"primaryImageOfPage\":{\"@id\":\"https:\\\/\\\/districos.standingout.be\\\/fr\\\/product\\\/bio-balance-bougie-de-massage-ylang-ylang-patchouli-160-g-ref-7059-04\\\/#primaryimage\"},\"image\":{\"@id\":\"https:\\\/\\\/districos.standingout.be\\\/fr\\\/product\\\/bio-balance-bougie-de-massage-ylang-ylang-patchouli-160-g-ref-7059-04\\\/#primaryimage\"},\"thumbnailUrl\":\"https:\\\/\\\/districos.standingout.be\\\/wp-content\\\/uploads\\\/2025\\\/07\\\/7059.04@LowRes_0.png\",\"datePublished\":\"2026-04-28T07:27:47+00:00\",\"dateModified\":\"2026-04-28T07:27:52+00:00\",\"breadcrumb\":{\"@id\":\"https:\\\/\\\/districos.standingout.be\\\/fr\\\/product\\\/bio-balance-bougie-de-massage-ylang-ylang-patchouli-160-g-ref-7059-04\\\/#breadcrumb\"},\"inLanguage\":\"fr-FR\",\"potentialAction\":[{\"@type\":\"ReadAction\",\"target\":[\"https:\\\/\\\/districos.standingout.be\\\/fr\\\/product\\\/bio-balance-bougie-de-massage-ylang-ylang-patchouli-160-g-ref-7059-04\\\/\"]}]},{\"@type\":\"ImageObject\",\"inLanguage\":\"fr-FR\",\"@id\":\"https:\\\/\\\/districos.standingout.be\\\/fr\\\/product\\\/bio-balance-bougie-de-massage-ylang-ylang-patchouli-160-g-ref-7059-04\\\/#primaryimage\",\"url\":\"https:\\\/\\\/districos.standingout.be\\\/wp-content\\\/uploads\\\/2025\\\/07\\\/7059.04@LowRes_0.png\",\"contentUrl\":\"https:\\\/\\\/districos.standingout.be\\\/wp-content\\\/uploads\\\/2025\\\/07\\\/7059.04@LowRes_0.png\",\"width\":600,\"height\":600},{\"@type\":\"BreadcrumbList\",\"@id\":\"https:\\\/\\\/districos.standingout.be\\\/fr\\\/product\\\/bio-balance-bougie-de-massage-ylang-ylang-patchouli-160-g-ref-7059-04\\\/#breadcrumb\",\"itemListElement\":[{\"@type\":\"ListItem\",\"position\":1,\"name\":\"Home\",\"item\":\"https:\\\/\\\/districos.standingout.be\\\/fr\\\/bienvenue-chez-districos\\\/\"},{\"@type\":\"ListItem\",\"position\":2,\"name\":\"Boutique\",\"item\":\"https:\\\/\\\/districos.standingout.be\\\/fr\\\/boutique\\\/\"},{\"@type\":\"ListItem\",\"position\":3,\"name\":\"Bio Balance Bougie de Massage Ylang-Ylang\\\/Patchouli 160 g\"}]},{\"@type\":\"WebSite\",\"@id\":\"https:\\\/\\\/districos.standingout.be\\\/fr\\\/#website\",\"url\":\"https:\\\/\\\/districos.standingout.be\\\/fr\\\/\",\"name\":\"Districos Webshop\",\"description\":\"\",\"publisher\":{\"@id\":\"https:\\\/\\\/districos.standingout.be\\\/fr\\\/#organization\"},\"potentialAction\":[{\"@type\":\"SearchAction\",\"target\":{\"@type\":\"EntryPoint\",\"urlTemplate\":\"https:\\\/\\\/districos.standingout.be\\\/fr\\\/?s={search_term_string}\"},\"query-input\":{\"@type\":\"PropertyValueSpecification\",\"valueRequired\":true,\"valueName\":\"search_term_string\"}}],\"inLanguage\":\"fr-FR\"},{\"@type\":\"Organization\",\"@id\":\"https:\\\/\\\/districos.standingout.be\\\/fr\\\/#organization\",\"name\":\"Districos Webshop\",\"url\":\"https:\\\/\\\/districos.standingout.be\\\/fr\\\/\",\"logo\":{\"@type\":\"ImageObject\",\"inLanguage\":\"fr-FR\",\"@id\":\"https:\\\/\\\/districos.standingout.be\\\/fr\\\/#\\\/schema\\\/logo\\\/image\\\/\",\"url\":\"https:\\\/\\\/districos.standingout.be\\\/wp-content\\\/uploads\\\/2022\\\/09\\\/Districos_Logo_Webshop.svg\",\"contentUrl\":\"https:\\\/\\\/districos.standingout.be\\\/wp-content\\\/uploads\\\/2022\\\/09\\\/Districos_Logo_Webshop.svg\",\"caption\":\"Districos Webshop\"},\"image\":{\"@id\":\"https:\\\/\\\/districos.standingout.be\\\/fr\\\/#\\\/schema\\\/logo\\\/image\\\/\"}}]}<\/script>\n<!-- \/ Yoast SEO plugin. -->","yoast_head_json":{"title":"Bio Balance Bougie de Massage Ylang-Ylang\/Patchouli 160 g - Districos Webshop","robots":{"index":"noindex","follow":"follow","max-snippet":"max-snippet:-1","max-image-preview":"max-image-preview:large","max-video-preview":"max-video-preview:-1"},"og_locale":"fr_FR","og_type":"article","og_title":"Bio Balance Bougie de Massage Ylang-Ylang\/Patchouli 160 g - Districos Webshop","og_description":"G\u00e2tez votre client(e) avec une bougie de massage merveilleusement parfum\u00e9e ! Une fois allum\u00e9e, cette bougie unique se transforme en une huile de massage hydratante et 100 % naturelle pour un massage agr\u00e9ablement chaud. La peau sera tr\u00e8s douce et souple au toucher. Ylang-ylang\/Patchouli&nbsp;: le parfum d&rsquo;ylang-ylang permet une relaxation et une d\u00e9tente totale, tandis [&hellip;]","og_url":"https:\/\/districos.standingout.be\/fr\/product\/bio-balance-bougie-de-massage-ylang-ylang-patchouli-160-g-ref-7059-04\/","og_site_name":"Districos Webshop","article_modified_time":"2026-04-28T07:27:52+00:00","twitter_card":"summary_large_image","schema":{"@context":"https:\/\/schema.org","@graph":[{"@type":"WebPage","@id":"https:\/\/districos.standingout.be\/fr\/product\/bio-balance-bougie-de-massage-ylang-ylang-patchouli-160-g-ref-7059-04\/","url":"https:\/\/districos.standingout.be\/fr\/product\/bio-balance-bougie-de-massage-ylang-ylang-patchouli-160-g-ref-7059-04\/","name":"Bio Balance Bougie de Massage Ylang-Ylang\/Patchouli 160 g - Districos Webshop","isPartOf":{"@id":"https:\/\/districos.standingout.be\/fr\/#website"},"primaryImageOfPage":{"@id":"https:\/\/districos.standingout.be\/fr\/product\/bio-balance-bougie-de-massage-ylang-ylang-patchouli-160-g-ref-7059-04\/#primaryimage"},"image":{"@id":"https:\/\/districos.standingout.be\/fr\/product\/bio-balance-bougie-de-massage-ylang-ylang-patchouli-160-g-ref-7059-04\/#primaryimage"},"thumbnailUrl":"https:\/\/districos.standingout.be\/wp-content\/uploads\/2025\/07\/7059.04@LowRes_0.png","datePublished":"2026-04-28T07:27:47+00:00","dateModified":"2026-04-28T07:27:52+00:00","breadcrumb":{"@id":"https:\/\/districos.standingout.be\/fr\/product\/bio-balance-bougie-de-massage-ylang-ylang-patchouli-160-g-ref-7059-04\/#breadcrumb"},"inLanguage":"fr-FR","potentialAction":[{"@type":"ReadAction","target":["https:\/\/districos.standingout.be\/fr\/product\/bio-balance-bougie-de-massage-ylang-ylang-patchouli-160-g-ref-7059-04\/"]}]},{"@type":"ImageObject","inLanguage":"fr-FR","@id":"https:\/\/districos.standingout.be\/fr\/product\/bio-balance-bougie-de-massage-ylang-ylang-patchouli-160-g-ref-7059-04\/#primaryimage","url":"https:\/\/districos.standingout.be\/wp-content\/uploads\/2025\/07\/7059.04@LowRes_0.png","contentUrl":"https:\/\/districos.standingout.be\/wp-content\/uploads\/2025\/07\/7059.04@LowRes_0.png","width":600,"height":600},{"@type":"BreadcrumbList","@id":"https:\/\/districos.standingout.be\/fr\/product\/bio-balance-bougie-de-massage-ylang-ylang-patchouli-160-g-ref-7059-04\/#breadcrumb","itemListElement":[{"@type":"ListItem","position":1,"name":"Home","item":"https:\/\/districos.standingout.be\/fr\/bienvenue-chez-districos\/"},{"@type":"ListItem","position":2,"name":"Boutique","item":"https:\/\/districos.standingout.be\/fr\/boutique\/"},{"@type":"ListItem","position":3,"name":"Bio Balance Bougie de Massage Ylang-Ylang\/Patchouli 160 g"}]},{"@type":"WebSite","@id":"https:\/\/districos.standingout.be\/fr\/#website","url":"https:\/\/districos.standingout.be\/fr\/","name":"Districos Webshop","description":"","publisher":{"@id":"https:\/\/districos.standingout.be\/fr\/#organization"},"potentialAction":[{"@type":"SearchAction","target":{"@type":"EntryPoint","urlTemplate":"https:\/\/districos.standingout.be\/fr\/?s={search_term_string}"},"query-input":{"@type":"PropertyValueSpecification","valueRequired":true,"valueName":"search_term_string"}}],"inLanguage":"fr-FR"},{"@type":"Organization","@id":"https:\/\/districos.standingout.be\/fr\/#organization","name":"Districos Webshop","url":"https:\/\/districos.standingout.be\/fr\/","logo":{"@type":"ImageObject","inLanguage":"fr-FR","@id":"https:\/\/districos.standingout.be\/fr\/#\/schema\/logo\/image\/","url":"https:\/\/districos.standingout.be\/wp-content\/uploads\/2022\/09\/Districos_Logo_Webshop.svg","contentUrl":"https:\/\/districos.standingout.be\/wp-content\/uploads\/2022\/09\/Districos_Logo_Webshop.svg","caption":"Districos Webshop"},"image":{"@id":"https:\/\/districos.standingout.be\/fr\/#\/schema\/logo\/image\/"}}]}},"_links":{"self":[{"href":"https:\/\/districos.standingout.be\/fr\/wp-json\/wp\/v2\/product\/136839","targetHints":{"allow":["GET"]}}],"collection":[{"href":"https:\/\/districos.standingout.be\/fr\/wp-json\/wp\/v2\/product"}],"about":[{"href":"https:\/\/districos.standingout.be\/fr\/wp-json\/wp\/v2\/types\/product"}],"replies":[{"embeddable":true,"href":"https:\/\/districos.standingout.be\/fr\/wp-json\/wp\/v2\/comments?post=136839"}],"wp:featuredmedia":[{"embeddable":true,"href":"https:\/\/districos.standingout.be\/fr\/wp-json\/wp\/v2\/media\/77220"}],"wp:attachment":[{"href":"https:\/\/districos.standingout.be\/fr\/wp-json\/wp\/v2\/media?parent=136839"}],"wp:term":[{"taxonomy":"product_brand","embeddable":true,"href":"https:\/\/districos.standingout.be\/fr\/wp-json\/wp\/v2\/product_brand?post=136839"},{"taxonomy":"product_cat","embeddable":true,"href":"https:\/\/districos.standingout.be\/fr\/wp-json\/wp\/v2\/product_cat?post=136839"},{"taxonomy":"product_tag","embeddable":true,"href":"https:\/\/districos.standingout.be\/fr\/wp-json\/wp\/v2\/product_tag?post=136839"}],"curies":[{"name":"wp","href":"https:\/\/api.w.org\/{rel}","templated":true}]}}