{"id":136843,"date":"2026-04-28T09:27:58","date_gmt":"2026-04-28T07:27:58","guid":{"rendered":"https:\/\/webshopdistricoscom.webhosting.be\/product\/bio-balance-masque-gel-super-collagene-lifting-5-pcs-ref-7060-06\/"},"modified":"2026-04-28T09:28:04","modified_gmt":"2026-04-28T07:28:04","slug":"bio-balance-masque-gel-super-collagene-lifting-5-pcs-ref-7060-06","status":"publish","type":"product","link":"https:\/\/districos.standingout.be\/fr\/product\/bio-balance-masque-gel-super-collagene-lifting-5-pcs-ref-7060-06\/","title":{"rendered":"Bio Balance Masque Gel Super Collag\u00e8ne Lifting 5 pcs."},"content":{"rendered":"<p >\n<\/p>\n<p dir=\"ltr\"><b>LIFTANT &#8211; ANTIRIDES &#8211; RAFFERMISSANT<\/b><\/p>\n<p dir=\"ltr\">Les Masques Gel Super Collag\u00e8ne ressemblent tr\u00e8s fortement \u00e0 la structure de base du tissu conjonctif de la peau. C&rsquo;est pourquoi les substances actives lib\u00e9r\u00e9es sont facilement absorb\u00e9es. Par l&rsquo;activit\u00e9 m\u00e9tabolique puissante et la pr\u00e9sence \u00e9lev\u00e9e en collag\u00e8ne, le taux d&rsquo;humidit\u00e9 g\u00e9n\u00e9ral et l&rsquo;\u00e9lasticit\u00e9 de la peau seront consid\u00e9rablement am\u00e9lior\u00e9s. Avec l&rsquo;approche sp\u00e9cifique de la probl\u00e9matique cutan\u00e9e, ces masques donnent des r\u00e9sultats vraiment magnifiques !<\/p>\n<p dir=\"ltr\">L&rsquo;action liftante du masque Lifting le rend extr\u00eamement appropri\u00e9 pour les peaux matures.<\/p>\n<ul>\n<li>Gr\u00e2ce \u00e0 sa nature douce, ce masque peut \u00eatre appliqu\u00e9 sur chaque type de peau.<\/li>\n<li>Ingr\u00e9dients principaux : collag\u00e8ne marin soluble, amande douce, Polylift.<\/li>\n<li>Les masques sont emball\u00e9s sous vide et contiennent chacun 50 g de collag\u00e8ne marin, ce qui stimule le fonctionnement, et les r\u00e9sultats sont plus \u00e9lev\u00e9s qu&rsquo;avec des membranes de collag\u00e8ne lyophilis\u00e9es.<\/li>\n<li>Emballage : 5 pi\u00e8ces.<\/li>\n<\/ul>\n<div><b>Substances actives<\/b><\/div>\n<div>\n<ul>\n<li>Le collag\u00e8ne marin prot\u00e8ge la peau du vieillissement cutan\u00e9.<\/li>\n<li>Le Polylift, une substance active brevet\u00e9e \u00e0 base de prot\u00e9ines d&rsquo;amandes, retend instantan\u00e9ment la peau. Les rides et ridules sont visiblement r\u00e9duites et la peau est plus lisse et plus douce.<\/li>\n<\/ul>\n<div><b>Mode d&#8217;emploi<\/b><\/div>\n<\/div>\n<div>\n<ul>\n<li>Appliquez le Masque Gel Super Collag\u00e8ne apr\u00e8s un nettoyage en profondeur et un peeling. Le nettoyage dilate les pores ce qui assure une absorption optimale des principes actifs.<\/li>\n<li>Sortez le masque de son emballage et d\u00e9posez-le simplement sur le visage.<\/li>\n<li>Laisser agir pendant 15 minutes.<\/li>\n<li>Vous pouvez stimuler la production de collag\u00e8ne et d&rsquo;\u00e9lastine lors de ce traitement en utilisant un&nbsp;<u><a href=\"https:\/\/districos.com\/search?SearchText=appareil%20%C3%A0%20ultrasons\" target=\"_blank\" rel=\"noopener noreferrer nofollow\">appareil \u00e0 ultrasons avec spatule<\/a><\/u>. Placez le c\u00f4t\u00e9 plat de la spatule sur le masque et glissez dessus de l&rsquo;int\u00e9rieur du visage vers l&rsquo;ext\u00e9rieur.<\/li>\n<li>Apr\u00e8s enl\u00e8vement, vous pouvez rassembler les restants de collag\u00e8ne de l&#8217;emballage et du masque et effectuez votre massage habituel.<\/li>\n<li>Retirez les r\u00e9sidus avec une compresse en coton ti\u00e8de et humide.<\/li>\n<\/ul>\n<div><b>Conseils d&rsquo;utilisation<\/b><\/div>\n<\/div>\n<div>Mettez en hiver le masque emball\u00e9 dans l&rsquo;eau chaude ou dans un&nbsp;<u><a href=\"https:\/\/districos.com\/search?SearchText=chauffe-compresse\" target=\"_blank\" rel=\"noopener noreferrer nofollow\">chauffe-compresse<\/a><\/u>&nbsp;pour un massage encore plus agr\u00e9able.<\/div>\n<div><b><br \/><\/b><\/div>\n<div><b>Aussi disponible<\/b><\/div>\n<div>\n<ul>\n<li>Masque Gel Super Collag\u00e8ne Aloe Vera (<u><a href=\"https:\/\/districos.com\/ProductDetail\/7060.07\" target=\"_blank\" rel=\"noopener noreferrer nofollow\">r\u00e9f. 7060.07<\/a><\/u>)<\/li>\n<li>Masque Gel Super Collag\u00e8ne Vit. A\/E (<u><a href=\"https:\/\/districos.com\/ProductDetail\/7060.08\" target=\"_blank\" rel=\"noopener noreferrer nofollow\">r\u00e9f. 7060.08<\/a><\/u>)<\/li>\n<li>Set \u00c9co Masque Gel Super Collag\u00e8ne (<u><a href=\"https:\/\/districos.com\/ProductDetail\/7060.16\" target=\"_blank\" rel=\"noopener noreferrer nofollow\">r\u00e9f. 7060.16<\/a><\/u>)<\/li>\n<\/ul>\n<\/div>\n","protected":false},"excerpt":{"rendered":"<p>LIFTANT &#8211; ANTIRIDES &#8211; RAFFERMISSANT Les Masques Gel Super Collag\u00e8ne ressemblent tr\u00e8s fortement \u00e0 la structure de base du tissu conjonctif de la peau. C&rsquo;est pourquoi les substances actives lib\u00e9r\u00e9es sont facilement absorb\u00e9es. Par l&rsquo;activit\u00e9 m\u00e9tabolique puissante et la pr\u00e9sence \u00e9lev\u00e9e en collag\u00e8ne, le taux d&rsquo;humidit\u00e9 g\u00e9n\u00e9ral et l&rsquo;\u00e9lasticit\u00e9 de la peau seront consid\u00e9rablement am\u00e9lior\u00e9s. [&hellip;]<\/p>\n","protected":false},"featured_media":147151,"comment_status":"open","ping_status":"closed","template":"","meta":{"_acf_changed":false},"product_brand":[10308],"product_cat":[9856],"product_tag":[],"class_list":{"0":"post-136843","1":"product","2":"type-product","3":"status-publish","4":"has-post-thumbnail","6":"product_brand-bb_gelaat-fr","7":"product_cat-beaute-visage-bio-balance-visage","9":"first","10":"instock","11":"taxable","12":"shipping-taxable","13":"product-type-simple"},"acf":[],"yoast_head":"<!-- This site is optimized with the Yoast SEO plugin v27.3 - https:\/\/yoast.com\/product\/yoast-seo-wordpress\/ -->\n<title>Bio Balance Masque Gel Super Collag\u00e8ne Lifting 5 pcs. - Districos Webshop<\/title>\n<meta name=\"robots\" content=\"noindex, follow, max-snippet:-1, max-image-preview:large, max-video-preview:-1\" \/>\n<meta property=\"og:locale\" content=\"fr_FR\" \/>\n<meta property=\"og:type\" content=\"article\" \/>\n<meta property=\"og:title\" content=\"Bio Balance Masque Gel Super Collag\u00e8ne Lifting 5 pcs. - Districos Webshop\" \/>\n<meta property=\"og:description\" content=\"LIFTANT &#8211; ANTIRIDES &#8211; RAFFERMISSANT Les Masques Gel Super Collag\u00e8ne ressemblent tr\u00e8s fortement \u00e0 la structure de base du tissu conjonctif de la peau. C&rsquo;est pourquoi les substances actives lib\u00e9r\u00e9es sont facilement absorb\u00e9es. Par l&rsquo;activit\u00e9 m\u00e9tabolique puissante et la pr\u00e9sence \u00e9lev\u00e9e en collag\u00e8ne, le taux d&rsquo;humidit\u00e9 g\u00e9n\u00e9ral et l&rsquo;\u00e9lasticit\u00e9 de la peau seront consid\u00e9rablement am\u00e9lior\u00e9s. [&hellip;]\" \/>\n<meta property=\"og:url\" content=\"https:\/\/districos.standingout.be\/fr\/product\/bio-balance-masque-gel-super-collagene-lifting-5-pcs-ref-7060-06\/\" \/>\n<meta property=\"og:site_name\" content=\"Districos Webshop\" \/>\n<meta property=\"article:modified_time\" content=\"2026-04-28T07:28:04+00:00\" \/>\n<meta name=\"twitter:card\" content=\"summary_large_image\" \/>\n<meta name=\"twitter:label1\" content=\"Dur\u00e9e de lecture estim\u00e9e\" \/>\n\t<meta name=\"twitter:data1\" content=\"2 minutes\" \/>\n<script type=\"application\/ld+json\" class=\"yoast-schema-graph\">{\"@context\":\"https:\\\/\\\/schema.org\",\"@graph\":[{\"@type\":\"WebPage\",\"@id\":\"https:\\\/\\\/districos.standingout.be\\\/fr\\\/product\\\/bio-balance-masque-gel-super-collagene-lifting-5-pcs-ref-7060-06\\\/\",\"url\":\"https:\\\/\\\/districos.standingout.be\\\/fr\\\/product\\\/bio-balance-masque-gel-super-collagene-lifting-5-pcs-ref-7060-06\\\/\",\"name\":\"Bio Balance Masque Gel Super Collag\u00e8ne Lifting 5 pcs. - Districos Webshop\",\"isPartOf\":{\"@id\":\"https:\\\/\\\/districos.standingout.be\\\/fr\\\/#website\"},\"primaryImageOfPage\":{\"@id\":\"https:\\\/\\\/districos.standingout.be\\\/fr\\\/product\\\/bio-balance-masque-gel-super-collagene-lifting-5-pcs-ref-7060-06\\\/#primaryimage\"},\"image\":{\"@id\":\"https:\\\/\\\/districos.standingout.be\\\/fr\\\/product\\\/bio-balance-masque-gel-super-collagene-lifting-5-pcs-ref-7060-06\\\/#primaryimage\"},\"thumbnailUrl\":\"https:\\\/\\\/districos.standingout.be\\\/wp-content\\\/uploads\\\/2026\\\/04\\\/7060.06@Super-Collageen-Gelmasker-Lifting-5-st_1-1.png\",\"datePublished\":\"2026-04-28T07:27:58+00:00\",\"dateModified\":\"2026-04-28T07:28:04+00:00\",\"breadcrumb\":{\"@id\":\"https:\\\/\\\/districos.standingout.be\\\/fr\\\/product\\\/bio-balance-masque-gel-super-collagene-lifting-5-pcs-ref-7060-06\\\/#breadcrumb\"},\"inLanguage\":\"fr-FR\",\"potentialAction\":[{\"@type\":\"ReadAction\",\"target\":[\"https:\\\/\\\/districos.standingout.be\\\/fr\\\/product\\\/bio-balance-masque-gel-super-collagene-lifting-5-pcs-ref-7060-06\\\/\"]}]},{\"@type\":\"ImageObject\",\"inLanguage\":\"fr-FR\",\"@id\":\"https:\\\/\\\/districos.standingout.be\\\/fr\\\/product\\\/bio-balance-masque-gel-super-collagene-lifting-5-pcs-ref-7060-06\\\/#primaryimage\",\"url\":\"https:\\\/\\\/districos.standingout.be\\\/wp-content\\\/uploads\\\/2026\\\/04\\\/7060.06@Super-Collageen-Gelmasker-Lifting-5-st_1-1.png\",\"contentUrl\":\"https:\\\/\\\/districos.standingout.be\\\/wp-content\\\/uploads\\\/2026\\\/04\\\/7060.06@Super-Collageen-Gelmasker-Lifting-5-st_1-1.png\",\"width\":600,\"height\":600},{\"@type\":\"BreadcrumbList\",\"@id\":\"https:\\\/\\\/districos.standingout.be\\\/fr\\\/product\\\/bio-balance-masque-gel-super-collagene-lifting-5-pcs-ref-7060-06\\\/#breadcrumb\",\"itemListElement\":[{\"@type\":\"ListItem\",\"position\":1,\"name\":\"Home\",\"item\":\"https:\\\/\\\/districos.standingout.be\\\/fr\\\/bienvenue-chez-districos\\\/\"},{\"@type\":\"ListItem\",\"position\":2,\"name\":\"Boutique\",\"item\":\"https:\\\/\\\/districos.standingout.be\\\/fr\\\/boutique\\\/\"},{\"@type\":\"ListItem\",\"position\":3,\"name\":\"Bio Balance Masque Gel Super Collag\u00e8ne Lifting 5 pcs.\"}]},{\"@type\":\"WebSite\",\"@id\":\"https:\\\/\\\/districos.standingout.be\\\/fr\\\/#website\",\"url\":\"https:\\\/\\\/districos.standingout.be\\\/fr\\\/\",\"name\":\"Districos Webshop\",\"description\":\"\",\"publisher\":{\"@id\":\"https:\\\/\\\/districos.standingout.be\\\/fr\\\/#organization\"},\"potentialAction\":[{\"@type\":\"SearchAction\",\"target\":{\"@type\":\"EntryPoint\",\"urlTemplate\":\"https:\\\/\\\/districos.standingout.be\\\/fr\\\/?s={search_term_string}\"},\"query-input\":{\"@type\":\"PropertyValueSpecification\",\"valueRequired\":true,\"valueName\":\"search_term_string\"}}],\"inLanguage\":\"fr-FR\"},{\"@type\":\"Organization\",\"@id\":\"https:\\\/\\\/districos.standingout.be\\\/fr\\\/#organization\",\"name\":\"Districos Webshop\",\"url\":\"https:\\\/\\\/districos.standingout.be\\\/fr\\\/\",\"logo\":{\"@type\":\"ImageObject\",\"inLanguage\":\"fr-FR\",\"@id\":\"https:\\\/\\\/districos.standingout.be\\\/fr\\\/#\\\/schema\\\/logo\\\/image\\\/\",\"url\":\"https:\\\/\\\/districos.standingout.be\\\/wp-content\\\/uploads\\\/2022\\\/09\\\/Districos_Logo_Webshop.svg\",\"contentUrl\":\"https:\\\/\\\/districos.standingout.be\\\/wp-content\\\/uploads\\\/2022\\\/09\\\/Districos_Logo_Webshop.svg\",\"caption\":\"Districos Webshop\"},\"image\":{\"@id\":\"https:\\\/\\\/districos.standingout.be\\\/fr\\\/#\\\/schema\\\/logo\\\/image\\\/\"}}]}<\/script>\n<!-- \/ Yoast SEO plugin. -->","yoast_head_json":{"title":"Bio Balance Masque Gel Super Collag\u00e8ne Lifting 5 pcs. - Districos Webshop","robots":{"index":"noindex","follow":"follow","max-snippet":"max-snippet:-1","max-image-preview":"max-image-preview:large","max-video-preview":"max-video-preview:-1"},"og_locale":"fr_FR","og_type":"article","og_title":"Bio Balance Masque Gel Super Collag\u00e8ne Lifting 5 pcs. - Districos Webshop","og_description":"LIFTANT &#8211; ANTIRIDES &#8211; RAFFERMISSANT Les Masques Gel Super Collag\u00e8ne ressemblent tr\u00e8s fortement \u00e0 la structure de base du tissu conjonctif de la peau. C&rsquo;est pourquoi les substances actives lib\u00e9r\u00e9es sont facilement absorb\u00e9es. Par l&rsquo;activit\u00e9 m\u00e9tabolique puissante et la pr\u00e9sence \u00e9lev\u00e9e en collag\u00e8ne, le taux d&rsquo;humidit\u00e9 g\u00e9n\u00e9ral et l&rsquo;\u00e9lasticit\u00e9 de la peau seront consid\u00e9rablement am\u00e9lior\u00e9s. [&hellip;]","og_url":"https:\/\/districos.standingout.be\/fr\/product\/bio-balance-masque-gel-super-collagene-lifting-5-pcs-ref-7060-06\/","og_site_name":"Districos Webshop","article_modified_time":"2026-04-28T07:28:04+00:00","twitter_card":"summary_large_image","twitter_misc":{"Dur\u00e9e de lecture estim\u00e9e":"2 minutes"},"schema":{"@context":"https:\/\/schema.org","@graph":[{"@type":"WebPage","@id":"https:\/\/districos.standingout.be\/fr\/product\/bio-balance-masque-gel-super-collagene-lifting-5-pcs-ref-7060-06\/","url":"https:\/\/districos.standingout.be\/fr\/product\/bio-balance-masque-gel-super-collagene-lifting-5-pcs-ref-7060-06\/","name":"Bio Balance Masque Gel Super Collag\u00e8ne Lifting 5 pcs. - Districos Webshop","isPartOf":{"@id":"https:\/\/districos.standingout.be\/fr\/#website"},"primaryImageOfPage":{"@id":"https:\/\/districos.standingout.be\/fr\/product\/bio-balance-masque-gel-super-collagene-lifting-5-pcs-ref-7060-06\/#primaryimage"},"image":{"@id":"https:\/\/districos.standingout.be\/fr\/product\/bio-balance-masque-gel-super-collagene-lifting-5-pcs-ref-7060-06\/#primaryimage"},"thumbnailUrl":"https:\/\/districos.standingout.be\/wp-content\/uploads\/2026\/04\/7060.06@Super-Collageen-Gelmasker-Lifting-5-st_1-1.png","datePublished":"2026-04-28T07:27:58+00:00","dateModified":"2026-04-28T07:28:04+00:00","breadcrumb":{"@id":"https:\/\/districos.standingout.be\/fr\/product\/bio-balance-masque-gel-super-collagene-lifting-5-pcs-ref-7060-06\/#breadcrumb"},"inLanguage":"fr-FR","potentialAction":[{"@type":"ReadAction","target":["https:\/\/districos.standingout.be\/fr\/product\/bio-balance-masque-gel-super-collagene-lifting-5-pcs-ref-7060-06\/"]}]},{"@type":"ImageObject","inLanguage":"fr-FR","@id":"https:\/\/districos.standingout.be\/fr\/product\/bio-balance-masque-gel-super-collagene-lifting-5-pcs-ref-7060-06\/#primaryimage","url":"https:\/\/districos.standingout.be\/wp-content\/uploads\/2026\/04\/7060.06@Super-Collageen-Gelmasker-Lifting-5-st_1-1.png","contentUrl":"https:\/\/districos.standingout.be\/wp-content\/uploads\/2026\/04\/7060.06@Super-Collageen-Gelmasker-Lifting-5-st_1-1.png","width":600,"height":600},{"@type":"BreadcrumbList","@id":"https:\/\/districos.standingout.be\/fr\/product\/bio-balance-masque-gel-super-collagene-lifting-5-pcs-ref-7060-06\/#breadcrumb","itemListElement":[{"@type":"ListItem","position":1,"name":"Home","item":"https:\/\/districos.standingout.be\/fr\/bienvenue-chez-districos\/"},{"@type":"ListItem","position":2,"name":"Boutique","item":"https:\/\/districos.standingout.be\/fr\/boutique\/"},{"@type":"ListItem","position":3,"name":"Bio Balance Masque Gel Super Collag\u00e8ne Lifting 5 pcs."}]},{"@type":"WebSite","@id":"https:\/\/districos.standingout.be\/fr\/#website","url":"https:\/\/districos.standingout.be\/fr\/","name":"Districos Webshop","description":"","publisher":{"@id":"https:\/\/districos.standingout.be\/fr\/#organization"},"potentialAction":[{"@type":"SearchAction","target":{"@type":"EntryPoint","urlTemplate":"https:\/\/districos.standingout.be\/fr\/?s={search_term_string}"},"query-input":{"@type":"PropertyValueSpecification","valueRequired":true,"valueName":"search_term_string"}}],"inLanguage":"fr-FR"},{"@type":"Organization","@id":"https:\/\/districos.standingout.be\/fr\/#organization","name":"Districos Webshop","url":"https:\/\/districos.standingout.be\/fr\/","logo":{"@type":"ImageObject","inLanguage":"fr-FR","@id":"https:\/\/districos.standingout.be\/fr\/#\/schema\/logo\/image\/","url":"https:\/\/districos.standingout.be\/wp-content\/uploads\/2022\/09\/Districos_Logo_Webshop.svg","contentUrl":"https:\/\/districos.standingout.be\/wp-content\/uploads\/2022\/09\/Districos_Logo_Webshop.svg","caption":"Districos Webshop"},"image":{"@id":"https:\/\/districos.standingout.be\/fr\/#\/schema\/logo\/image\/"}}]}},"_links":{"self":[{"href":"https:\/\/districos.standingout.be\/fr\/wp-json\/wp\/v2\/product\/136843","targetHints":{"allow":["GET"]}}],"collection":[{"href":"https:\/\/districos.standingout.be\/fr\/wp-json\/wp\/v2\/product"}],"about":[{"href":"https:\/\/districos.standingout.be\/fr\/wp-json\/wp\/v2\/types\/product"}],"replies":[{"embeddable":true,"href":"https:\/\/districos.standingout.be\/fr\/wp-json\/wp\/v2\/comments?post=136843"}],"wp:featuredmedia":[{"embeddable":true,"href":"https:\/\/districos.standingout.be\/fr\/wp-json\/wp\/v2\/media\/147151"}],"wp:attachment":[{"href":"https:\/\/districos.standingout.be\/fr\/wp-json\/wp\/v2\/media?parent=136843"}],"wp:term":[{"taxonomy":"product_brand","embeddable":true,"href":"https:\/\/districos.standingout.be\/fr\/wp-json\/wp\/v2\/product_brand?post=136843"},{"taxonomy":"product_cat","embeddable":true,"href":"https:\/\/districos.standingout.be\/fr\/wp-json\/wp\/v2\/product_cat?post=136843"},{"taxonomy":"product_tag","embeddable":true,"href":"https:\/\/districos.standingout.be\/fr\/wp-json\/wp\/v2\/product_tag?post=136843"}],"curies":[{"name":"wp","href":"https:\/\/api.w.org\/{rel}","templated":true}]}}