{"id":136847,"date":"2026-04-28T09:28:12","date_gmt":"2026-04-28T07:28:12","guid":{"rendered":"https:\/\/webshopdistricoscom.webhosting.be\/product\/bio-balance-masque-gel-super-collagene-vit-a-e-5-pcs-ref-7060-08\/"},"modified":"2026-04-28T09:28:20","modified_gmt":"2026-04-28T07:28:20","slug":"bio-balance-masque-gel-super-collagene-vit-a-e-5-pcs-ref-7060-08","status":"publish","type":"product","link":"https:\/\/districos.standingout.be\/fr\/product\/bio-balance-masque-gel-super-collagene-vit-a-e-5-pcs-ref-7060-08\/","title":{"rendered":"Bio Balance Masque Gel Super Collag\u00e8ne Vit. A\/E 5 pcs."},"content":{"rendered":"<p >\n<\/p>\n<\/p>\n<p dir=\"ltr\"><b>NOURRISSANT &#8211; R\u00c9PARATEUR &#8211; LIFTANT<\/b><\/p>\n<p dir=\"ltr\">Les Masques Gel Super Collag\u00e8ne ressemblent tr\u00e8s fortement \u00e0 la structure de base du tissu conjonctif de la peau. C&rsquo;est pourquoi les substances actives lib\u00e9r\u00e9es sont facilement absorb\u00e9es. Par l&rsquo;activit\u00e9 m\u00e9tabolique puissante et la pr\u00e9sence \u00e9lev\u00e9e en collag\u00e8ne, le taux d&rsquo;humidit\u00e9 g\u00e9n\u00e9ral et l&rsquo;\u00e9lasticit\u00e9 de la peau seront consid\u00e9rablement am\u00e9lior\u00e9s. Avec l&rsquo;approche sp\u00e9cifique de la probl\u00e9matique cutan\u00e9e, ces masques donnent des r\u00e9sultats vraiment magnifiques !<\/p>\n<p dir=\"ltr\">Le masque Vitamines A\/E est ultra nourrissant et r\u00e9parateur \u00e0 effet anti\u00e2ge pour les peaux s\u00e8ches, blafardes et les peaux \u00e0 taches pigmentaires.<\/p>\n<p dir=\"ltr\">\n<ul>\n<li>Attention : prot\u00e9gez apr\u00e8s ce masque la peau des rayons UV.<\/li>\n<li>Ingr\u00e9dients principaux : glyc\u00e9rine, collag\u00e8ne marin soluble, huile de jojoba, palmitate de r\u00e9tinyl (vitamine A), ac\u00e9tate de tocoph\u00e9ryle (vitamine E), Fucogel.<\/li>\n<li>Les masques sont emball\u00e9s sous vide et contiennent chacun 50 g de collag\u00e8ne marin, ce qui stimule le fonctionnement, et les r\u00e9sultats sont plus \u00e9lev\u00e9s qu&rsquo;avec des membranes de collag\u00e8ne lyophilis\u00e9es.<\/li>\n<li>Emballage : 5 pi\u00e8ces.<\/li>\n<\/ul>\n<div><b>Substances actives<\/b><\/div>\n<div>\n<ul>\n<li>Le collag\u00e8ne marin prot\u00e8ge la peau du vieillissement cutan\u00e9.<\/li>\n<li>La vitamine A favorise la r\u00e9sistance de la peau et soutient int\u00e9rieurement la croissance et le r\u00e9tablissement des tissus.<\/li>\n<li>L&rsquo;effet de la vitamine A est encore intensifi\u00e9 par l&rsquo;action protectrice de la vitamine E, un antioxydant puissant qui prot\u00e8ge la peau contre les influences externes n\u00e9fastes.<\/li>\n<\/ul>\n<div><b>Mode d&#8217;emploi<\/b><\/div>\n<\/div>\n<div>\n<ul>\n<li>Appliquez le Masque Gel Super Collag\u00e8ne apr\u00e8s un nettoyage en profondeur et un peeling. Le nettoyage dilate les pores ce qui assure une absorption optimale des principes actifs.<\/li>\n<li>Sortez le masque de son emballage et d\u00e9posez-le simplement sur le visage.<\/li>\n<li>Laisser agir pendant 15 minutes.<\/li>\n<li>Vous pouvez stimuler la production de collag\u00e8ne et d&rsquo;\u00e9lastine lors de ce traitement en utilisant un&nbsp;<u><a href=\"https:\/\/districos.com\/search?SearchText=appareil%20%C3%A0%20ultrasons\" target=\"_blank\" rel=\"noopener noreferrer nofollow\">appareil \u00e0 ultrasons avec spatule<\/a><\/u>. Placez le c\u00f4t\u00e9 plat de la spatule sur le masque et glissez dessus de l&rsquo;int\u00e9rieur du visage vers l&rsquo;ext\u00e9rieur.<\/li>\n<li>Apr\u00e8s enl\u00e8vement, vous pouvez rassembler les restants de collag\u00e8ne de l&#8217;emballage et du masque et effectuez votre massage habituel.<\/li>\n<li>Retirez les r\u00e9sidus avec une compresse en coton ti\u00e8de et humide.<\/li>\n<\/ul>\n<div><b>Conseils d&rsquo;utilisation<\/b><\/div>\n<\/div>\n<div>Mettez en hiver le masque emball\u00e9 dans l&rsquo;eau chaude ou dans un&nbsp;<u><a href=\"https:\/\/districos.com\/search?SearchText=chauffe-compresse\" target=\"_blank\" rel=\"noopener noreferrer nofollow\">chauffe-compresse<\/a><\/u>&nbsp;pour un massage encore plus agr\u00e9able.<\/div>\n<div><b><br \/><\/b><\/div>\n<div><b>Aussi disponible<\/b><\/div>\n<div>\n<ul>\n<li>Masque Gel Super Collag\u00e8ne Aloe Vera (<u><a href=\"https:\/\/districos.com\/ProductDetail\/7060.07\" target=\"_blank\" rel=\"noopener noreferrer nofollow\">r\u00e9f. 7060.07<\/a><\/u>)<\/li>\n<li>Masque Gel Super Collag\u00e8ne Lifting (<u><a href=\"https:\/\/districos.com\/ProductDetail\/7060.06\" target=\"_blank\" rel=\"noopener noreferrer nofollow\">r\u00e9f. 7060.06<\/a><\/u>)<\/li>\n<li>Set \u00c9co Masque Gel Super Collag\u00e8ne (<u><a href=\"https:\/\/districos.com\/ProductDetail\/7060.16\" target=\"_blank\" rel=\"noopener noreferrer nofollow\">r\u00e9f. 7060.16<\/a><\/u>)<\/li>\n<\/ul>\n<\/div>\n","protected":false},"excerpt":{"rendered":"<p>NOURRISSANT &#8211; R\u00c9PARATEUR &#8211; LIFTANT Les Masques Gel Super Collag\u00e8ne ressemblent tr\u00e8s fortement \u00e0 la structure de base du tissu conjonctif de la peau. C&rsquo;est pourquoi les substances actives lib\u00e9r\u00e9es sont facilement absorb\u00e9es. Par l&rsquo;activit\u00e9 m\u00e9tabolique puissante et la pr\u00e9sence \u00e9lev\u00e9e en collag\u00e8ne, le taux d&rsquo;humidit\u00e9 g\u00e9n\u00e9ral et l&rsquo;\u00e9lasticit\u00e9 de la peau seront consid\u00e9rablement am\u00e9lior\u00e9s. [&hellip;]<\/p>\n","protected":false},"featured_media":147157,"comment_status":"open","ping_status":"closed","template":"","meta":{"_acf_changed":false},"product_brand":[10308],"product_cat":[9856],"product_tag":[],"class_list":{"0":"post-136847","1":"product","2":"type-product","3":"status-publish","4":"has-post-thumbnail","6":"product_brand-bb_gelaat-fr","7":"product_cat-beaute-visage-bio-balance-visage","9":"first","10":"instock","11":"taxable","12":"shipping-taxable","13":"product-type-simple"},"acf":[],"yoast_head":"<!-- This site is optimized with the Yoast SEO plugin v27.3 - https:\/\/yoast.com\/product\/yoast-seo-wordpress\/ -->\n<title>Bio Balance Masque Gel Super Collag\u00e8ne Vit. A\/E 5 pcs. - Districos Webshop<\/title>\n<meta name=\"robots\" content=\"noindex, follow, max-snippet:-1, max-image-preview:large, max-video-preview:-1\" \/>\n<meta property=\"og:locale\" content=\"fr_FR\" \/>\n<meta property=\"og:type\" content=\"article\" \/>\n<meta property=\"og:title\" content=\"Bio Balance Masque Gel Super Collag\u00e8ne Vit. A\/E 5 pcs. - Districos Webshop\" \/>\n<meta property=\"og:description\" content=\"NOURRISSANT &#8211; R\u00c9PARATEUR &#8211; LIFTANT Les Masques Gel Super Collag\u00e8ne ressemblent tr\u00e8s fortement \u00e0 la structure de base du tissu conjonctif de la peau. C&rsquo;est pourquoi les substances actives lib\u00e9r\u00e9es sont facilement absorb\u00e9es. Par l&rsquo;activit\u00e9 m\u00e9tabolique puissante et la pr\u00e9sence \u00e9lev\u00e9e en collag\u00e8ne, le taux d&rsquo;humidit\u00e9 g\u00e9n\u00e9ral et l&rsquo;\u00e9lasticit\u00e9 de la peau seront consid\u00e9rablement am\u00e9lior\u00e9s. [&hellip;]\" \/>\n<meta property=\"og:url\" content=\"https:\/\/districos.standingout.be\/fr\/product\/bio-balance-masque-gel-super-collagene-vit-a-e-5-pcs-ref-7060-08\/\" \/>\n<meta property=\"og:site_name\" content=\"Districos Webshop\" \/>\n<meta property=\"article:modified_time\" content=\"2026-04-28T07:28:20+00:00\" \/>\n<meta name=\"twitter:card\" content=\"summary_large_image\" \/>\n<meta name=\"twitter:label1\" content=\"Dur\u00e9e de lecture estim\u00e9e\" \/>\n\t<meta name=\"twitter:data1\" content=\"2 minutes\" \/>\n<script type=\"application\/ld+json\" class=\"yoast-schema-graph\">{\"@context\":\"https:\\\/\\\/schema.org\",\"@graph\":[{\"@type\":\"WebPage\",\"@id\":\"https:\\\/\\\/districos.standingout.be\\\/fr\\\/product\\\/bio-balance-masque-gel-super-collagene-vit-a-e-5-pcs-ref-7060-08\\\/\",\"url\":\"https:\\\/\\\/districos.standingout.be\\\/fr\\\/product\\\/bio-balance-masque-gel-super-collagene-vit-a-e-5-pcs-ref-7060-08\\\/\",\"name\":\"Bio Balance Masque Gel Super Collag\u00e8ne Vit. A\\\/E 5 pcs. - Districos Webshop\",\"isPartOf\":{\"@id\":\"https:\\\/\\\/districos.standingout.be\\\/fr\\\/#website\"},\"primaryImageOfPage\":{\"@id\":\"https:\\\/\\\/districos.standingout.be\\\/fr\\\/product\\\/bio-balance-masque-gel-super-collagene-vit-a-e-5-pcs-ref-7060-08\\\/#primaryimage\"},\"image\":{\"@id\":\"https:\\\/\\\/districos.standingout.be\\\/fr\\\/product\\\/bio-balance-masque-gel-super-collagene-vit-a-e-5-pcs-ref-7060-08\\\/#primaryimage\"},\"thumbnailUrl\":\"https:\\\/\\\/districos.standingout.be\\\/wp-content\\\/uploads\\\/2026\\\/04\\\/7060.08@Super-Collageen-Gelmaskers-Vit.-A-E-5-st_1-1.png\",\"datePublished\":\"2026-04-28T07:28:12+00:00\",\"dateModified\":\"2026-04-28T07:28:20+00:00\",\"breadcrumb\":{\"@id\":\"https:\\\/\\\/districos.standingout.be\\\/fr\\\/product\\\/bio-balance-masque-gel-super-collagene-vit-a-e-5-pcs-ref-7060-08\\\/#breadcrumb\"},\"inLanguage\":\"fr-FR\",\"potentialAction\":[{\"@type\":\"ReadAction\",\"target\":[\"https:\\\/\\\/districos.standingout.be\\\/fr\\\/product\\\/bio-balance-masque-gel-super-collagene-vit-a-e-5-pcs-ref-7060-08\\\/\"]}]},{\"@type\":\"ImageObject\",\"inLanguage\":\"fr-FR\",\"@id\":\"https:\\\/\\\/districos.standingout.be\\\/fr\\\/product\\\/bio-balance-masque-gel-super-collagene-vit-a-e-5-pcs-ref-7060-08\\\/#primaryimage\",\"url\":\"https:\\\/\\\/districos.standingout.be\\\/wp-content\\\/uploads\\\/2026\\\/04\\\/7060.08@Super-Collageen-Gelmaskers-Vit.-A-E-5-st_1-1.png\",\"contentUrl\":\"https:\\\/\\\/districos.standingout.be\\\/wp-content\\\/uploads\\\/2026\\\/04\\\/7060.08@Super-Collageen-Gelmaskers-Vit.-A-E-5-st_1-1.png\",\"width\":600,\"height\":600},{\"@type\":\"BreadcrumbList\",\"@id\":\"https:\\\/\\\/districos.standingout.be\\\/fr\\\/product\\\/bio-balance-masque-gel-super-collagene-vit-a-e-5-pcs-ref-7060-08\\\/#breadcrumb\",\"itemListElement\":[{\"@type\":\"ListItem\",\"position\":1,\"name\":\"Home\",\"item\":\"https:\\\/\\\/districos.standingout.be\\\/fr\\\/bienvenue-chez-districos\\\/\"},{\"@type\":\"ListItem\",\"position\":2,\"name\":\"Boutique\",\"item\":\"https:\\\/\\\/districos.standingout.be\\\/fr\\\/boutique\\\/\"},{\"@type\":\"ListItem\",\"position\":3,\"name\":\"Bio Balance Masque Gel Super Collag\u00e8ne Vit. A\\\/E 5 pcs.\"}]},{\"@type\":\"WebSite\",\"@id\":\"https:\\\/\\\/districos.standingout.be\\\/fr\\\/#website\",\"url\":\"https:\\\/\\\/districos.standingout.be\\\/fr\\\/\",\"name\":\"Districos Webshop\",\"description\":\"\",\"publisher\":{\"@id\":\"https:\\\/\\\/districos.standingout.be\\\/fr\\\/#organization\"},\"potentialAction\":[{\"@type\":\"SearchAction\",\"target\":{\"@type\":\"EntryPoint\",\"urlTemplate\":\"https:\\\/\\\/districos.standingout.be\\\/fr\\\/?s={search_term_string}\"},\"query-input\":{\"@type\":\"PropertyValueSpecification\",\"valueRequired\":true,\"valueName\":\"search_term_string\"}}],\"inLanguage\":\"fr-FR\"},{\"@type\":\"Organization\",\"@id\":\"https:\\\/\\\/districos.standingout.be\\\/fr\\\/#organization\",\"name\":\"Districos Webshop\",\"url\":\"https:\\\/\\\/districos.standingout.be\\\/fr\\\/\",\"logo\":{\"@type\":\"ImageObject\",\"inLanguage\":\"fr-FR\",\"@id\":\"https:\\\/\\\/districos.standingout.be\\\/fr\\\/#\\\/schema\\\/logo\\\/image\\\/\",\"url\":\"https:\\\/\\\/districos.standingout.be\\\/wp-content\\\/uploads\\\/2022\\\/09\\\/Districos_Logo_Webshop.svg\",\"contentUrl\":\"https:\\\/\\\/districos.standingout.be\\\/wp-content\\\/uploads\\\/2022\\\/09\\\/Districos_Logo_Webshop.svg\",\"caption\":\"Districos Webshop\"},\"image\":{\"@id\":\"https:\\\/\\\/districos.standingout.be\\\/fr\\\/#\\\/schema\\\/logo\\\/image\\\/\"}}]}<\/script>\n<!-- \/ Yoast SEO plugin. -->","yoast_head_json":{"title":"Bio Balance Masque Gel Super Collag\u00e8ne Vit. A\/E 5 pcs. - Districos Webshop","robots":{"index":"noindex","follow":"follow","max-snippet":"max-snippet:-1","max-image-preview":"max-image-preview:large","max-video-preview":"max-video-preview:-1"},"og_locale":"fr_FR","og_type":"article","og_title":"Bio Balance Masque Gel Super Collag\u00e8ne Vit. A\/E 5 pcs. - Districos Webshop","og_description":"NOURRISSANT &#8211; R\u00c9PARATEUR &#8211; LIFTANT Les Masques Gel Super Collag\u00e8ne ressemblent tr\u00e8s fortement \u00e0 la structure de base du tissu conjonctif de la peau. C&rsquo;est pourquoi les substances actives lib\u00e9r\u00e9es sont facilement absorb\u00e9es. Par l&rsquo;activit\u00e9 m\u00e9tabolique puissante et la pr\u00e9sence \u00e9lev\u00e9e en collag\u00e8ne, le taux d&rsquo;humidit\u00e9 g\u00e9n\u00e9ral et l&rsquo;\u00e9lasticit\u00e9 de la peau seront consid\u00e9rablement am\u00e9lior\u00e9s. [&hellip;]","og_url":"https:\/\/districos.standingout.be\/fr\/product\/bio-balance-masque-gel-super-collagene-vit-a-e-5-pcs-ref-7060-08\/","og_site_name":"Districos Webshop","article_modified_time":"2026-04-28T07:28:20+00:00","twitter_card":"summary_large_image","twitter_misc":{"Dur\u00e9e de lecture estim\u00e9e":"2 minutes"},"schema":{"@context":"https:\/\/schema.org","@graph":[{"@type":"WebPage","@id":"https:\/\/districos.standingout.be\/fr\/product\/bio-balance-masque-gel-super-collagene-vit-a-e-5-pcs-ref-7060-08\/","url":"https:\/\/districos.standingout.be\/fr\/product\/bio-balance-masque-gel-super-collagene-vit-a-e-5-pcs-ref-7060-08\/","name":"Bio Balance Masque Gel Super Collag\u00e8ne Vit. A\/E 5 pcs. - Districos Webshop","isPartOf":{"@id":"https:\/\/districos.standingout.be\/fr\/#website"},"primaryImageOfPage":{"@id":"https:\/\/districos.standingout.be\/fr\/product\/bio-balance-masque-gel-super-collagene-vit-a-e-5-pcs-ref-7060-08\/#primaryimage"},"image":{"@id":"https:\/\/districos.standingout.be\/fr\/product\/bio-balance-masque-gel-super-collagene-vit-a-e-5-pcs-ref-7060-08\/#primaryimage"},"thumbnailUrl":"https:\/\/districos.standingout.be\/wp-content\/uploads\/2026\/04\/7060.08@Super-Collageen-Gelmaskers-Vit.-A-E-5-st_1-1.png","datePublished":"2026-04-28T07:28:12+00:00","dateModified":"2026-04-28T07:28:20+00:00","breadcrumb":{"@id":"https:\/\/districos.standingout.be\/fr\/product\/bio-balance-masque-gel-super-collagene-vit-a-e-5-pcs-ref-7060-08\/#breadcrumb"},"inLanguage":"fr-FR","potentialAction":[{"@type":"ReadAction","target":["https:\/\/districos.standingout.be\/fr\/product\/bio-balance-masque-gel-super-collagene-vit-a-e-5-pcs-ref-7060-08\/"]}]},{"@type":"ImageObject","inLanguage":"fr-FR","@id":"https:\/\/districos.standingout.be\/fr\/product\/bio-balance-masque-gel-super-collagene-vit-a-e-5-pcs-ref-7060-08\/#primaryimage","url":"https:\/\/districos.standingout.be\/wp-content\/uploads\/2026\/04\/7060.08@Super-Collageen-Gelmaskers-Vit.-A-E-5-st_1-1.png","contentUrl":"https:\/\/districos.standingout.be\/wp-content\/uploads\/2026\/04\/7060.08@Super-Collageen-Gelmaskers-Vit.-A-E-5-st_1-1.png","width":600,"height":600},{"@type":"BreadcrumbList","@id":"https:\/\/districos.standingout.be\/fr\/product\/bio-balance-masque-gel-super-collagene-vit-a-e-5-pcs-ref-7060-08\/#breadcrumb","itemListElement":[{"@type":"ListItem","position":1,"name":"Home","item":"https:\/\/districos.standingout.be\/fr\/bienvenue-chez-districos\/"},{"@type":"ListItem","position":2,"name":"Boutique","item":"https:\/\/districos.standingout.be\/fr\/boutique\/"},{"@type":"ListItem","position":3,"name":"Bio Balance Masque Gel Super Collag\u00e8ne Vit. A\/E 5 pcs."}]},{"@type":"WebSite","@id":"https:\/\/districos.standingout.be\/fr\/#website","url":"https:\/\/districos.standingout.be\/fr\/","name":"Districos Webshop","description":"","publisher":{"@id":"https:\/\/districos.standingout.be\/fr\/#organization"},"potentialAction":[{"@type":"SearchAction","target":{"@type":"EntryPoint","urlTemplate":"https:\/\/districos.standingout.be\/fr\/?s={search_term_string}"},"query-input":{"@type":"PropertyValueSpecification","valueRequired":true,"valueName":"search_term_string"}}],"inLanguage":"fr-FR"},{"@type":"Organization","@id":"https:\/\/districos.standingout.be\/fr\/#organization","name":"Districos Webshop","url":"https:\/\/districos.standingout.be\/fr\/","logo":{"@type":"ImageObject","inLanguage":"fr-FR","@id":"https:\/\/districos.standingout.be\/fr\/#\/schema\/logo\/image\/","url":"https:\/\/districos.standingout.be\/wp-content\/uploads\/2022\/09\/Districos_Logo_Webshop.svg","contentUrl":"https:\/\/districos.standingout.be\/wp-content\/uploads\/2022\/09\/Districos_Logo_Webshop.svg","caption":"Districos Webshop"},"image":{"@id":"https:\/\/districos.standingout.be\/fr\/#\/schema\/logo\/image\/"}}]}},"_links":{"self":[{"href":"https:\/\/districos.standingout.be\/fr\/wp-json\/wp\/v2\/product\/136847","targetHints":{"allow":["GET"]}}],"collection":[{"href":"https:\/\/districos.standingout.be\/fr\/wp-json\/wp\/v2\/product"}],"about":[{"href":"https:\/\/districos.standingout.be\/fr\/wp-json\/wp\/v2\/types\/product"}],"replies":[{"embeddable":true,"href":"https:\/\/districos.standingout.be\/fr\/wp-json\/wp\/v2\/comments?post=136847"}],"wp:featuredmedia":[{"embeddable":true,"href":"https:\/\/districos.standingout.be\/fr\/wp-json\/wp\/v2\/media\/147157"}],"wp:attachment":[{"href":"https:\/\/districos.standingout.be\/fr\/wp-json\/wp\/v2\/media?parent=136847"}],"wp:term":[{"taxonomy":"product_brand","embeddable":true,"href":"https:\/\/districos.standingout.be\/fr\/wp-json\/wp\/v2\/product_brand?post=136847"},{"taxonomy":"product_cat","embeddable":true,"href":"https:\/\/districos.standingout.be\/fr\/wp-json\/wp\/v2\/product_cat?post=136847"},{"taxonomy":"product_tag","embeddable":true,"href":"https:\/\/districos.standingout.be\/fr\/wp-json\/wp\/v2\/product_tag?post=136847"}],"curies":[{"name":"wp","href":"https:\/\/api.w.org\/{rel}","templated":true}]}}