{"id":136849,"date":"2026-04-28T09:28:21","date_gmt":"2026-04-28T07:28:21","guid":{"rendered":"https:\/\/webshopdistricoscom.webhosting.be\/product\/bio-balance-kit-masque-thermique-ref-7060-12\/"},"modified":"2026-04-28T09:28:29","modified_gmt":"2026-04-28T07:28:29","slug":"bio-balance-kit-masque-thermique-ref-7060-12","status":"publish","type":"product","link":"https:\/\/districos.standingout.be\/fr\/product\/bio-balance-kit-masque-thermique-ref-7060-12\/","title":{"rendered":"Bio Balance Kit Masque Thermique"},"content":{"rendered":"<p >\n<\/p>\n<\/p>\n<p dir=\"ltr\">Un traitement avec un masque thermique stimule la circulation sanguine et assure une p\u00e9n\u00e9tration intense des principes actifs dans les couches les plus profondes de l\u2019\u00e9piderme. Voil\u00e0 pourquoi ce masque peut \u00eatre appliqu\u00e9 sur tous les masques cr\u00e8mes de Bio Balance en cela de pr\u00e9f\u00e9rence en combinaison avec une des ampoules ou le s\u00e9rum.&nbsp;Dans la cabine, le masque thermique se vend comme traitement sp\u00e9cial qui est tr\u00e8s relaxant pour votre client(e) et peut \u00eatre appliqu\u00e9 sur presque chaque type de peau, sauf les fines peaux couperos\u00e9es et acn\u00e9iques.<br \/><b> Contenu<\/b><\/p>\n<p dir=\"ltr\">\n<ul>\n<li>1<span>&nbsp;x Lait Nettoyant aux Extraits de Roses 500 ml<\/span><\/li>\n<li><span>1 x Lotion aux Extraits de Roses 500 ml<\/span><\/li>\n<li><span>1 x Deep Cleanser 200 ml<\/span><\/li>\n<li><span>1 x Dual Exfoliating Cream 250 ml<\/span><\/li>\n<li><span>1 x Mix Ampoules Set d&rsquo;Essai (4&#215;1) + (3&#215;2) x 3 ml<\/span><\/li>\n<li><span>1 x Huile Massage Visage Peau Mature 100 ml<\/span><\/li>\n<li><span>1 x Masque Nourrissant \u00e0 l\u2019Avocat 250 ml<\/span><\/li>\n<li><span>1 x Masque Camomille-Calendula 250 ml<\/span><\/li>\n<li><span>50 x Masque de Gaze<\/span><\/li>\n<li><span>1 x Gaze 500 x 70 cm (pour un masque buste)<\/span><\/li>\n<li>1 x Spatule d&rsquo;Application Gauche\/Droite 17,5 cm<\/li>\n<li><span>1 x R\u00e9cipient Flexible \u00c9co 1000 ml<\/span><\/li>\n<li><span>1 x Masque Thermique 5 x 500 g<\/span><\/li>\n<li><span>1 x Sensiderm Plus Cr\u00e8me de Jour 125 ml<\/span><\/li>\n<li><span>2 x Pompe pour Flacon de 500 ml<\/span><\/li>\n<li><span>1 x Verre Gradu\u00e9 en Plastique 150 ml<\/span><\/li>\n<\/ul><\/p>\n","protected":false},"excerpt":{"rendered":"<p>Un traitement avec un masque thermique stimule la circulation sanguine et assure une p\u00e9n\u00e9tration intense des principes actifs dans les couches les plus profondes de l\u2019\u00e9piderme. Voil\u00e0 pourquoi ce masque peut \u00eatre appliqu\u00e9 sur tous les masques cr\u00e8mes de Bio Balance en cela de pr\u00e9f\u00e9rence en combinaison avec une des ampoules ou le s\u00e9rum.&nbsp;Dans la [&hellip;]<\/p>\n","protected":false},"featured_media":77234,"comment_status":"open","ping_status":"closed","template":"","meta":{"_acf_changed":false},"product_brand":[10308],"product_cat":[9856],"product_tag":[],"class_list":{"0":"post-136849","1":"product","2":"type-product","3":"status-publish","4":"has-post-thumbnail","6":"product_brand-bb_gelaat-fr","7":"product_cat-beaute-visage-bio-balance-visage","9":"first","10":"instock","11":"taxable","12":"shipping-taxable","13":"product-type-simple"},"acf":[],"yoast_head":"<!-- This site is optimized with the Yoast SEO plugin v27.3 - https:\/\/yoast.com\/product\/yoast-seo-wordpress\/ -->\n<title>Bio Balance Kit Masque Thermique - Districos Webshop<\/title>\n<meta name=\"robots\" content=\"noindex, follow, max-snippet:-1, max-image-preview:large, max-video-preview:-1\" \/>\n<meta property=\"og:locale\" content=\"fr_FR\" \/>\n<meta property=\"og:type\" content=\"article\" \/>\n<meta property=\"og:title\" content=\"Bio Balance Kit Masque Thermique - Districos Webshop\" \/>\n<meta property=\"og:description\" content=\"Un traitement avec un masque thermique stimule la circulation sanguine et assure une p\u00e9n\u00e9tration intense des principes actifs dans les couches les plus profondes de l\u2019\u00e9piderme. Voil\u00e0 pourquoi ce masque peut \u00eatre appliqu\u00e9 sur tous les masques cr\u00e8mes de Bio Balance en cela de pr\u00e9f\u00e9rence en combinaison avec une des ampoules ou le s\u00e9rum.&nbsp;Dans la [&hellip;]\" \/>\n<meta property=\"og:url\" content=\"https:\/\/districos.standingout.be\/fr\/product\/bio-balance-kit-masque-thermique-ref-7060-12\/\" \/>\n<meta property=\"og:site_name\" content=\"Districos Webshop\" \/>\n<meta property=\"article:modified_time\" content=\"2026-04-28T07:28:29+00:00\" \/>\n<meta name=\"twitter:card\" content=\"summary_large_image\" \/>\n<meta name=\"twitter:label1\" content=\"Dur\u00e9e de lecture estim\u00e9e\" \/>\n\t<meta name=\"twitter:data1\" content=\"1 minute\" \/>\n<script type=\"application\/ld+json\" class=\"yoast-schema-graph\">{\"@context\":\"https:\\\/\\\/schema.org\",\"@graph\":[{\"@type\":\"WebPage\",\"@id\":\"https:\\\/\\\/districos.standingout.be\\\/fr\\\/product\\\/bio-balance-kit-masque-thermique-ref-7060-12\\\/\",\"url\":\"https:\\\/\\\/districos.standingout.be\\\/fr\\\/product\\\/bio-balance-kit-masque-thermique-ref-7060-12\\\/\",\"name\":\"Bio Balance Kit Masque Thermique - Districos Webshop\",\"isPartOf\":{\"@id\":\"https:\\\/\\\/districos.standingout.be\\\/fr\\\/#website\"},\"primaryImageOfPage\":{\"@id\":\"https:\\\/\\\/districos.standingout.be\\\/fr\\\/product\\\/bio-balance-kit-masque-thermique-ref-7060-12\\\/#primaryimage\"},\"image\":{\"@id\":\"https:\\\/\\\/districos.standingout.be\\\/fr\\\/product\\\/bio-balance-kit-masque-thermique-ref-7060-12\\\/#primaryimage\"},\"thumbnailUrl\":\"https:\\\/\\\/districos.standingout.be\\\/wp-content\\\/uploads\\\/2025\\\/07\\\/7060.12@LowRes_1.png\",\"datePublished\":\"2026-04-28T07:28:21+00:00\",\"dateModified\":\"2026-04-28T07:28:29+00:00\",\"breadcrumb\":{\"@id\":\"https:\\\/\\\/districos.standingout.be\\\/fr\\\/product\\\/bio-balance-kit-masque-thermique-ref-7060-12\\\/#breadcrumb\"},\"inLanguage\":\"fr-FR\",\"potentialAction\":[{\"@type\":\"ReadAction\",\"target\":[\"https:\\\/\\\/districos.standingout.be\\\/fr\\\/product\\\/bio-balance-kit-masque-thermique-ref-7060-12\\\/\"]}]},{\"@type\":\"ImageObject\",\"inLanguage\":\"fr-FR\",\"@id\":\"https:\\\/\\\/districos.standingout.be\\\/fr\\\/product\\\/bio-balance-kit-masque-thermique-ref-7060-12\\\/#primaryimage\",\"url\":\"https:\\\/\\\/districos.standingout.be\\\/wp-content\\\/uploads\\\/2025\\\/07\\\/7060.12@LowRes_1.png\",\"contentUrl\":\"https:\\\/\\\/districos.standingout.be\\\/wp-content\\\/uploads\\\/2025\\\/07\\\/7060.12@LowRes_1.png\",\"width\":600,\"height\":600},{\"@type\":\"BreadcrumbList\",\"@id\":\"https:\\\/\\\/districos.standingout.be\\\/fr\\\/product\\\/bio-balance-kit-masque-thermique-ref-7060-12\\\/#breadcrumb\",\"itemListElement\":[{\"@type\":\"ListItem\",\"position\":1,\"name\":\"Home\",\"item\":\"https:\\\/\\\/districos.standingout.be\\\/fr\\\/bienvenue-chez-districos\\\/\"},{\"@type\":\"ListItem\",\"position\":2,\"name\":\"Boutique\",\"item\":\"https:\\\/\\\/districos.standingout.be\\\/fr\\\/boutique\\\/\"},{\"@type\":\"ListItem\",\"position\":3,\"name\":\"Bio Balance Kit Masque Thermique\"}]},{\"@type\":\"WebSite\",\"@id\":\"https:\\\/\\\/districos.standingout.be\\\/fr\\\/#website\",\"url\":\"https:\\\/\\\/districos.standingout.be\\\/fr\\\/\",\"name\":\"Districos Webshop\",\"description\":\"\",\"publisher\":{\"@id\":\"https:\\\/\\\/districos.standingout.be\\\/fr\\\/#organization\"},\"potentialAction\":[{\"@type\":\"SearchAction\",\"target\":{\"@type\":\"EntryPoint\",\"urlTemplate\":\"https:\\\/\\\/districos.standingout.be\\\/fr\\\/?s={search_term_string}\"},\"query-input\":{\"@type\":\"PropertyValueSpecification\",\"valueRequired\":true,\"valueName\":\"search_term_string\"}}],\"inLanguage\":\"fr-FR\"},{\"@type\":\"Organization\",\"@id\":\"https:\\\/\\\/districos.standingout.be\\\/fr\\\/#organization\",\"name\":\"Districos Webshop\",\"url\":\"https:\\\/\\\/districos.standingout.be\\\/fr\\\/\",\"logo\":{\"@type\":\"ImageObject\",\"inLanguage\":\"fr-FR\",\"@id\":\"https:\\\/\\\/districos.standingout.be\\\/fr\\\/#\\\/schema\\\/logo\\\/image\\\/\",\"url\":\"https:\\\/\\\/districos.standingout.be\\\/wp-content\\\/uploads\\\/2022\\\/09\\\/Districos_Logo_Webshop.svg\",\"contentUrl\":\"https:\\\/\\\/districos.standingout.be\\\/wp-content\\\/uploads\\\/2022\\\/09\\\/Districos_Logo_Webshop.svg\",\"caption\":\"Districos Webshop\"},\"image\":{\"@id\":\"https:\\\/\\\/districos.standingout.be\\\/fr\\\/#\\\/schema\\\/logo\\\/image\\\/\"}}]}<\/script>\n<!-- \/ Yoast SEO plugin. -->","yoast_head_json":{"title":"Bio Balance Kit Masque Thermique - Districos Webshop","robots":{"index":"noindex","follow":"follow","max-snippet":"max-snippet:-1","max-image-preview":"max-image-preview:large","max-video-preview":"max-video-preview:-1"},"og_locale":"fr_FR","og_type":"article","og_title":"Bio Balance Kit Masque Thermique - Districos Webshop","og_description":"Un traitement avec un masque thermique stimule la circulation sanguine et assure une p\u00e9n\u00e9tration intense des principes actifs dans les couches les plus profondes de l\u2019\u00e9piderme. Voil\u00e0 pourquoi ce masque peut \u00eatre appliqu\u00e9 sur tous les masques cr\u00e8mes de Bio Balance en cela de pr\u00e9f\u00e9rence en combinaison avec une des ampoules ou le s\u00e9rum.&nbsp;Dans la [&hellip;]","og_url":"https:\/\/districos.standingout.be\/fr\/product\/bio-balance-kit-masque-thermique-ref-7060-12\/","og_site_name":"Districos Webshop","article_modified_time":"2026-04-28T07:28:29+00:00","twitter_card":"summary_large_image","twitter_misc":{"Dur\u00e9e de lecture estim\u00e9e":"1 minute"},"schema":{"@context":"https:\/\/schema.org","@graph":[{"@type":"WebPage","@id":"https:\/\/districos.standingout.be\/fr\/product\/bio-balance-kit-masque-thermique-ref-7060-12\/","url":"https:\/\/districos.standingout.be\/fr\/product\/bio-balance-kit-masque-thermique-ref-7060-12\/","name":"Bio Balance Kit Masque Thermique - Districos Webshop","isPartOf":{"@id":"https:\/\/districos.standingout.be\/fr\/#website"},"primaryImageOfPage":{"@id":"https:\/\/districos.standingout.be\/fr\/product\/bio-balance-kit-masque-thermique-ref-7060-12\/#primaryimage"},"image":{"@id":"https:\/\/districos.standingout.be\/fr\/product\/bio-balance-kit-masque-thermique-ref-7060-12\/#primaryimage"},"thumbnailUrl":"https:\/\/districos.standingout.be\/wp-content\/uploads\/2025\/07\/7060.12@LowRes_1.png","datePublished":"2026-04-28T07:28:21+00:00","dateModified":"2026-04-28T07:28:29+00:00","breadcrumb":{"@id":"https:\/\/districos.standingout.be\/fr\/product\/bio-balance-kit-masque-thermique-ref-7060-12\/#breadcrumb"},"inLanguage":"fr-FR","potentialAction":[{"@type":"ReadAction","target":["https:\/\/districos.standingout.be\/fr\/product\/bio-balance-kit-masque-thermique-ref-7060-12\/"]}]},{"@type":"ImageObject","inLanguage":"fr-FR","@id":"https:\/\/districos.standingout.be\/fr\/product\/bio-balance-kit-masque-thermique-ref-7060-12\/#primaryimage","url":"https:\/\/districos.standingout.be\/wp-content\/uploads\/2025\/07\/7060.12@LowRes_1.png","contentUrl":"https:\/\/districos.standingout.be\/wp-content\/uploads\/2025\/07\/7060.12@LowRes_1.png","width":600,"height":600},{"@type":"BreadcrumbList","@id":"https:\/\/districos.standingout.be\/fr\/product\/bio-balance-kit-masque-thermique-ref-7060-12\/#breadcrumb","itemListElement":[{"@type":"ListItem","position":1,"name":"Home","item":"https:\/\/districos.standingout.be\/fr\/bienvenue-chez-districos\/"},{"@type":"ListItem","position":2,"name":"Boutique","item":"https:\/\/districos.standingout.be\/fr\/boutique\/"},{"@type":"ListItem","position":3,"name":"Bio Balance Kit Masque Thermique"}]},{"@type":"WebSite","@id":"https:\/\/districos.standingout.be\/fr\/#website","url":"https:\/\/districos.standingout.be\/fr\/","name":"Districos Webshop","description":"","publisher":{"@id":"https:\/\/districos.standingout.be\/fr\/#organization"},"potentialAction":[{"@type":"SearchAction","target":{"@type":"EntryPoint","urlTemplate":"https:\/\/districos.standingout.be\/fr\/?s={search_term_string}"},"query-input":{"@type":"PropertyValueSpecification","valueRequired":true,"valueName":"search_term_string"}}],"inLanguage":"fr-FR"},{"@type":"Organization","@id":"https:\/\/districos.standingout.be\/fr\/#organization","name":"Districos Webshop","url":"https:\/\/districos.standingout.be\/fr\/","logo":{"@type":"ImageObject","inLanguage":"fr-FR","@id":"https:\/\/districos.standingout.be\/fr\/#\/schema\/logo\/image\/","url":"https:\/\/districos.standingout.be\/wp-content\/uploads\/2022\/09\/Districos_Logo_Webshop.svg","contentUrl":"https:\/\/districos.standingout.be\/wp-content\/uploads\/2022\/09\/Districos_Logo_Webshop.svg","caption":"Districos Webshop"},"image":{"@id":"https:\/\/districos.standingout.be\/fr\/#\/schema\/logo\/image\/"}}]}},"_links":{"self":[{"href":"https:\/\/districos.standingout.be\/fr\/wp-json\/wp\/v2\/product\/136849","targetHints":{"allow":["GET"]}}],"collection":[{"href":"https:\/\/districos.standingout.be\/fr\/wp-json\/wp\/v2\/product"}],"about":[{"href":"https:\/\/districos.standingout.be\/fr\/wp-json\/wp\/v2\/types\/product"}],"replies":[{"embeddable":true,"href":"https:\/\/districos.standingout.be\/fr\/wp-json\/wp\/v2\/comments?post=136849"}],"wp:featuredmedia":[{"embeddable":true,"href":"https:\/\/districos.standingout.be\/fr\/wp-json\/wp\/v2\/media\/77234"}],"wp:attachment":[{"href":"https:\/\/districos.standingout.be\/fr\/wp-json\/wp\/v2\/media?parent=136849"}],"wp:term":[{"taxonomy":"product_brand","embeddable":true,"href":"https:\/\/districos.standingout.be\/fr\/wp-json\/wp\/v2\/product_brand?post=136849"},{"taxonomy":"product_cat","embeddable":true,"href":"https:\/\/districos.standingout.be\/fr\/wp-json\/wp\/v2\/product_cat?post=136849"},{"taxonomy":"product_tag","embeddable":true,"href":"https:\/\/districos.standingout.be\/fr\/wp-json\/wp\/v2\/product_tag?post=136849"}],"curies":[{"name":"wp","href":"https:\/\/api.w.org\/{rel}","templated":true}]}}