{"id":136851,"date":"2026-04-28T09:28:29","date_gmt":"2026-04-28T07:28:29","guid":{"rendered":"https:\/\/webshopdistricoscom.webhosting.be\/product\/bio-balance-kit-bio-satin-ref-7060-15\/"},"modified":"2026-04-28T09:28:35","modified_gmt":"2026-04-28T07:28:35","slug":"bio-balance-kit-bio-satin-ref-7060-15","status":"publish","type":"product","link":"https:\/\/districos.standingout.be\/fr\/product\/bio-balance-kit-bio-satin-ref-7060-15\/","title":{"rendered":"Bio Balance Kit Bio-Satin"},"content":{"rendered":"<p >\n<\/p>\n<p><span>Kit de soin Bio Balance efficace pour le contour des yeux.<\/span><\/p>\n<div>\n<ul>\n<li><font size=\"2\">Effet rafra\u00eechissant et revitalisant !<\/font><\/li>\n<\/ul>\n<p dir=\"ltr\"><font size=\"2\"><\/font><\/p>\n<p><font size=\"2\"><\/font><\/p>\n<p><font size=\"2\"><\/font><\/p>\n<div><b>Contenu<\/b><\/div>\n<div>\n<ul>\n<li>1 x&nbsp;<u><a href=\"https:\/\/districos.com\/ProductDetail\/7061.35\" target=\"_blank\" rel=\"noopener noreferrer nofollow\">Opti-\u00c9clat Ampoules 10 x 3 ml<\/a><\/u><\/li>\n<li>10 x&nbsp;<u><a href=\"https:\/\/districos.com\/ProductDetail\/7062.03\" target=\"_blank\" rel=\"noopener noreferrer nofollow\">Masque Peel-Off Contour Yeux Bio-Satin<\/a><\/u><\/li>\n<li>1 x&nbsp;<u><a href=\"https:\/\/districos.com\/ProductDetail\/7063.33\" target=\"_blank\" rel=\"noopener noreferrer nofollow\">Cryo-Lift Gel Contour Yeux 125 ml<\/a><\/u><\/li>\n<\/ul>\n<div><b>M\u00e9thode de travail<\/b><\/div>\n<\/div>\n<div>\n<ul>\n<li>D\u00e9maquillez soigneusement les yeux.<\/li>\n<li>Appliquez au moins une demi-ampoule Opti-\u00c9clat et massez sur le contour des yeux. Utilisez de pr\u00e9f\u00e9rence la technique de drainage lymphatique.<\/li>\n<li>M\u00e9langez le sachet du Masque Peel-Off Contour Yeux Bio-Satin (10 g) avec 30 \u00e0 35 ml d&rsquo;eau min\u00e9rale \u00e0 20 \u00b0C (temp\u00e9rature ambiante). Ajoutez toute l&rsquo;eau en une fois \u00e0 la poudre. M\u00e9langez rapidement et vigoureusement \u00e0 l&rsquo;aide d&rsquo;une spatule jusqu&rsquo;\u00e0 l&rsquo;obtention d&rsquo;une p\u00e2te homog\u00e8ne.<\/li>\n<li>Demandez \u00e0 votre client(e) de fermer les yeux. Appliquez le masque avec une spatule sur les paupi\u00e8res et le contour des yeux. Travaillez vite. Le masque commence \u00e0 durcir apr\u00e8s seulement 2 minutes. Apr\u00e8s une pose de 10 minutes, vous pouvez enlever le masque en une seule fois.<\/li>\n<li>Massez \u00e9ventuellement l&rsquo;autre moiti\u00e9 de l&rsquo;ampoule Opti-\u00c9clat sur le contour des yeux en effectuant la technique de drainage lymphatique. Compl\u00e9tez le soin par application du Cryo-Lift Gel Contour Yeux<\/li>\n<li>Conseillez \u00e0 votre client(e) le <a href=\"https:\/\/webshop.districos.com\/ProductDetail\/7073.44\" target=\"_blank\" rel=\"noopener noreferrer nofollow\">Royal Lift Cr\u00e8me Contour des Yeux<\/a>&nbsp;pour usage \u00e0 domicile.<\/li>\n<\/ul>\n<div>Regardez la <a href=\"https:\/\/www.youtube.com\/watch?v=n-BmuvjLMfk\" target=\"_blank\" rel=\"noopener noreferrer nofollow\">vid\u00e9o<\/a> pour une d\u00e9monstration \u00e9tape par \u00e9tape.<\/div>\n<\/div>\n<p dir=\"ltr\">\n<\/p>\n<\/p><\/div>\n","protected":false},"excerpt":{"rendered":"<p>Kit de soin Bio Balance efficace pour le contour des yeux. Effet rafra\u00eechissant et revitalisant ! Contenu 1 x&nbsp;Opti-\u00c9clat Ampoules 10 x 3 ml 10 x&nbsp;Masque Peel-Off Contour Yeux Bio-Satin 1 x&nbsp;Cryo-Lift Gel Contour Yeux 125 ml M\u00e9thode de travail D\u00e9maquillez soigneusement les yeux. Appliquez au moins une demi-ampoule Opti-\u00c9clat et massez sur le contour [&hellip;]<\/p>\n","protected":false},"featured_media":77237,"comment_status":"open","ping_status":"closed","template":"","meta":{"_acf_changed":false},"product_brand":[10308],"product_cat":[9856],"product_tag":[],"class_list":{"0":"post-136851","1":"product","2":"type-product","3":"status-publish","4":"has-post-thumbnail","6":"product_brand-bb_gelaat-fr","7":"product_cat-beaute-visage-bio-balance-visage","9":"first","10":"instock","11":"taxable","12":"shipping-taxable","13":"product-type-simple"},"acf":[],"yoast_head":"<!-- This site is optimized with the Yoast SEO plugin v27.3 - https:\/\/yoast.com\/product\/yoast-seo-wordpress\/ -->\n<title>Bio Balance Kit Bio-Satin - Districos Webshop<\/title>\n<meta name=\"robots\" content=\"noindex, follow, max-snippet:-1, max-image-preview:large, max-video-preview:-1\" \/>\n<meta property=\"og:locale\" content=\"fr_FR\" \/>\n<meta property=\"og:type\" content=\"article\" \/>\n<meta property=\"og:title\" content=\"Bio Balance Kit Bio-Satin - Districos Webshop\" \/>\n<meta property=\"og:description\" content=\"Kit de soin Bio Balance efficace pour le contour des yeux. Effet rafra\u00eechissant et revitalisant ! Contenu 1 x&nbsp;Opti-\u00c9clat Ampoules 10 x 3 ml 10 x&nbsp;Masque Peel-Off Contour Yeux Bio-Satin 1 x&nbsp;Cryo-Lift Gel Contour Yeux 125 ml M\u00e9thode de travail D\u00e9maquillez soigneusement les yeux. Appliquez au moins une demi-ampoule Opti-\u00c9clat et massez sur le contour [&hellip;]\" \/>\n<meta property=\"og:url\" content=\"https:\/\/districos.standingout.be\/fr\/product\/bio-balance-kit-bio-satin-ref-7060-15\/\" \/>\n<meta property=\"og:site_name\" content=\"Districos Webshop\" \/>\n<meta property=\"article:modified_time\" content=\"2026-04-28T07:28:35+00:00\" \/>\n<meta name=\"twitter:card\" content=\"summary_large_image\" \/>\n<meta name=\"twitter:label1\" content=\"Dur\u00e9e de lecture estim\u00e9e\" \/>\n\t<meta name=\"twitter:data1\" content=\"1 minute\" \/>\n<script type=\"application\/ld+json\" class=\"yoast-schema-graph\">{\"@context\":\"https:\\\/\\\/schema.org\",\"@graph\":[{\"@type\":\"WebPage\",\"@id\":\"https:\\\/\\\/districos.standingout.be\\\/fr\\\/product\\\/bio-balance-kit-bio-satin-ref-7060-15\\\/\",\"url\":\"https:\\\/\\\/districos.standingout.be\\\/fr\\\/product\\\/bio-balance-kit-bio-satin-ref-7060-15\\\/\",\"name\":\"Bio Balance Kit Bio-Satin - Districos Webshop\",\"isPartOf\":{\"@id\":\"https:\\\/\\\/districos.standingout.be\\\/fr\\\/#website\"},\"primaryImageOfPage\":{\"@id\":\"https:\\\/\\\/districos.standingout.be\\\/fr\\\/product\\\/bio-balance-kit-bio-satin-ref-7060-15\\\/#primaryimage\"},\"image\":{\"@id\":\"https:\\\/\\\/districos.standingout.be\\\/fr\\\/product\\\/bio-balance-kit-bio-satin-ref-7060-15\\\/#primaryimage\"},\"thumbnailUrl\":\"https:\\\/\\\/districos.standingout.be\\\/wp-content\\\/uploads\\\/2025\\\/07\\\/7060.15@LowRes_1_0.png\",\"datePublished\":\"2026-04-28T07:28:29+00:00\",\"dateModified\":\"2026-04-28T07:28:35+00:00\",\"breadcrumb\":{\"@id\":\"https:\\\/\\\/districos.standingout.be\\\/fr\\\/product\\\/bio-balance-kit-bio-satin-ref-7060-15\\\/#breadcrumb\"},\"inLanguage\":\"fr-FR\",\"potentialAction\":[{\"@type\":\"ReadAction\",\"target\":[\"https:\\\/\\\/districos.standingout.be\\\/fr\\\/product\\\/bio-balance-kit-bio-satin-ref-7060-15\\\/\"]}]},{\"@type\":\"ImageObject\",\"inLanguage\":\"fr-FR\",\"@id\":\"https:\\\/\\\/districos.standingout.be\\\/fr\\\/product\\\/bio-balance-kit-bio-satin-ref-7060-15\\\/#primaryimage\",\"url\":\"https:\\\/\\\/districos.standingout.be\\\/wp-content\\\/uploads\\\/2025\\\/07\\\/7060.15@LowRes_1_0.png\",\"contentUrl\":\"https:\\\/\\\/districos.standingout.be\\\/wp-content\\\/uploads\\\/2025\\\/07\\\/7060.15@LowRes_1_0.png\",\"width\":600,\"height\":600},{\"@type\":\"BreadcrumbList\",\"@id\":\"https:\\\/\\\/districos.standingout.be\\\/fr\\\/product\\\/bio-balance-kit-bio-satin-ref-7060-15\\\/#breadcrumb\",\"itemListElement\":[{\"@type\":\"ListItem\",\"position\":1,\"name\":\"Home\",\"item\":\"https:\\\/\\\/districos.standingout.be\\\/fr\\\/bienvenue-chez-districos\\\/\"},{\"@type\":\"ListItem\",\"position\":2,\"name\":\"Boutique\",\"item\":\"https:\\\/\\\/districos.standingout.be\\\/fr\\\/boutique\\\/\"},{\"@type\":\"ListItem\",\"position\":3,\"name\":\"Bio Balance Kit Bio-Satin\"}]},{\"@type\":\"WebSite\",\"@id\":\"https:\\\/\\\/districos.standingout.be\\\/fr\\\/#website\",\"url\":\"https:\\\/\\\/districos.standingout.be\\\/fr\\\/\",\"name\":\"Districos Webshop\",\"description\":\"\",\"publisher\":{\"@id\":\"https:\\\/\\\/districos.standingout.be\\\/fr\\\/#organization\"},\"potentialAction\":[{\"@type\":\"SearchAction\",\"target\":{\"@type\":\"EntryPoint\",\"urlTemplate\":\"https:\\\/\\\/districos.standingout.be\\\/fr\\\/?s={search_term_string}\"},\"query-input\":{\"@type\":\"PropertyValueSpecification\",\"valueRequired\":true,\"valueName\":\"search_term_string\"}}],\"inLanguage\":\"fr-FR\"},{\"@type\":\"Organization\",\"@id\":\"https:\\\/\\\/districos.standingout.be\\\/fr\\\/#organization\",\"name\":\"Districos Webshop\",\"url\":\"https:\\\/\\\/districos.standingout.be\\\/fr\\\/\",\"logo\":{\"@type\":\"ImageObject\",\"inLanguage\":\"fr-FR\",\"@id\":\"https:\\\/\\\/districos.standingout.be\\\/fr\\\/#\\\/schema\\\/logo\\\/image\\\/\",\"url\":\"https:\\\/\\\/districos.standingout.be\\\/wp-content\\\/uploads\\\/2022\\\/09\\\/Districos_Logo_Webshop.svg\",\"contentUrl\":\"https:\\\/\\\/districos.standingout.be\\\/wp-content\\\/uploads\\\/2022\\\/09\\\/Districos_Logo_Webshop.svg\",\"caption\":\"Districos Webshop\"},\"image\":{\"@id\":\"https:\\\/\\\/districos.standingout.be\\\/fr\\\/#\\\/schema\\\/logo\\\/image\\\/\"}}]}<\/script>\n<!-- \/ Yoast SEO plugin. -->","yoast_head_json":{"title":"Bio Balance Kit Bio-Satin - Districos Webshop","robots":{"index":"noindex","follow":"follow","max-snippet":"max-snippet:-1","max-image-preview":"max-image-preview:large","max-video-preview":"max-video-preview:-1"},"og_locale":"fr_FR","og_type":"article","og_title":"Bio Balance Kit Bio-Satin - Districos Webshop","og_description":"Kit de soin Bio Balance efficace pour le contour des yeux. Effet rafra\u00eechissant et revitalisant ! Contenu 1 x&nbsp;Opti-\u00c9clat Ampoules 10 x 3 ml 10 x&nbsp;Masque Peel-Off Contour Yeux Bio-Satin 1 x&nbsp;Cryo-Lift Gel Contour Yeux 125 ml M\u00e9thode de travail D\u00e9maquillez soigneusement les yeux. Appliquez au moins une demi-ampoule Opti-\u00c9clat et massez sur le contour [&hellip;]","og_url":"https:\/\/districos.standingout.be\/fr\/product\/bio-balance-kit-bio-satin-ref-7060-15\/","og_site_name":"Districos Webshop","article_modified_time":"2026-04-28T07:28:35+00:00","twitter_card":"summary_large_image","twitter_misc":{"Dur\u00e9e de lecture estim\u00e9e":"1 minute"},"schema":{"@context":"https:\/\/schema.org","@graph":[{"@type":"WebPage","@id":"https:\/\/districos.standingout.be\/fr\/product\/bio-balance-kit-bio-satin-ref-7060-15\/","url":"https:\/\/districos.standingout.be\/fr\/product\/bio-balance-kit-bio-satin-ref-7060-15\/","name":"Bio Balance Kit Bio-Satin - Districos Webshop","isPartOf":{"@id":"https:\/\/districos.standingout.be\/fr\/#website"},"primaryImageOfPage":{"@id":"https:\/\/districos.standingout.be\/fr\/product\/bio-balance-kit-bio-satin-ref-7060-15\/#primaryimage"},"image":{"@id":"https:\/\/districos.standingout.be\/fr\/product\/bio-balance-kit-bio-satin-ref-7060-15\/#primaryimage"},"thumbnailUrl":"https:\/\/districos.standingout.be\/wp-content\/uploads\/2025\/07\/7060.15@LowRes_1_0.png","datePublished":"2026-04-28T07:28:29+00:00","dateModified":"2026-04-28T07:28:35+00:00","breadcrumb":{"@id":"https:\/\/districos.standingout.be\/fr\/product\/bio-balance-kit-bio-satin-ref-7060-15\/#breadcrumb"},"inLanguage":"fr-FR","potentialAction":[{"@type":"ReadAction","target":["https:\/\/districos.standingout.be\/fr\/product\/bio-balance-kit-bio-satin-ref-7060-15\/"]}]},{"@type":"ImageObject","inLanguage":"fr-FR","@id":"https:\/\/districos.standingout.be\/fr\/product\/bio-balance-kit-bio-satin-ref-7060-15\/#primaryimage","url":"https:\/\/districos.standingout.be\/wp-content\/uploads\/2025\/07\/7060.15@LowRes_1_0.png","contentUrl":"https:\/\/districos.standingout.be\/wp-content\/uploads\/2025\/07\/7060.15@LowRes_1_0.png","width":600,"height":600},{"@type":"BreadcrumbList","@id":"https:\/\/districos.standingout.be\/fr\/product\/bio-balance-kit-bio-satin-ref-7060-15\/#breadcrumb","itemListElement":[{"@type":"ListItem","position":1,"name":"Home","item":"https:\/\/districos.standingout.be\/fr\/bienvenue-chez-districos\/"},{"@type":"ListItem","position":2,"name":"Boutique","item":"https:\/\/districos.standingout.be\/fr\/boutique\/"},{"@type":"ListItem","position":3,"name":"Bio Balance Kit Bio-Satin"}]},{"@type":"WebSite","@id":"https:\/\/districos.standingout.be\/fr\/#website","url":"https:\/\/districos.standingout.be\/fr\/","name":"Districos Webshop","description":"","publisher":{"@id":"https:\/\/districos.standingout.be\/fr\/#organization"},"potentialAction":[{"@type":"SearchAction","target":{"@type":"EntryPoint","urlTemplate":"https:\/\/districos.standingout.be\/fr\/?s={search_term_string}"},"query-input":{"@type":"PropertyValueSpecification","valueRequired":true,"valueName":"search_term_string"}}],"inLanguage":"fr-FR"},{"@type":"Organization","@id":"https:\/\/districos.standingout.be\/fr\/#organization","name":"Districos Webshop","url":"https:\/\/districos.standingout.be\/fr\/","logo":{"@type":"ImageObject","inLanguage":"fr-FR","@id":"https:\/\/districos.standingout.be\/fr\/#\/schema\/logo\/image\/","url":"https:\/\/districos.standingout.be\/wp-content\/uploads\/2022\/09\/Districos_Logo_Webshop.svg","contentUrl":"https:\/\/districos.standingout.be\/wp-content\/uploads\/2022\/09\/Districos_Logo_Webshop.svg","caption":"Districos Webshop"},"image":{"@id":"https:\/\/districos.standingout.be\/fr\/#\/schema\/logo\/image\/"}}]}},"_links":{"self":[{"href":"https:\/\/districos.standingout.be\/fr\/wp-json\/wp\/v2\/product\/136851","targetHints":{"allow":["GET"]}}],"collection":[{"href":"https:\/\/districos.standingout.be\/fr\/wp-json\/wp\/v2\/product"}],"about":[{"href":"https:\/\/districos.standingout.be\/fr\/wp-json\/wp\/v2\/types\/product"}],"replies":[{"embeddable":true,"href":"https:\/\/districos.standingout.be\/fr\/wp-json\/wp\/v2\/comments?post=136851"}],"wp:featuredmedia":[{"embeddable":true,"href":"https:\/\/districos.standingout.be\/fr\/wp-json\/wp\/v2\/media\/77237"}],"wp:attachment":[{"href":"https:\/\/districos.standingout.be\/fr\/wp-json\/wp\/v2\/media?parent=136851"}],"wp:term":[{"taxonomy":"product_brand","embeddable":true,"href":"https:\/\/districos.standingout.be\/fr\/wp-json\/wp\/v2\/product_brand?post=136851"},{"taxonomy":"product_cat","embeddable":true,"href":"https:\/\/districos.standingout.be\/fr\/wp-json\/wp\/v2\/product_cat?post=136851"},{"taxonomy":"product_tag","embeddable":true,"href":"https:\/\/districos.standingout.be\/fr\/wp-json\/wp\/v2\/product_tag?post=136851"}],"curies":[{"name":"wp","href":"https:\/\/api.w.org\/{rel}","templated":true}]}}