{"id":136857,"date":"2026-04-28T09:28:51","date_gmt":"2026-04-28T07:28:51","guid":{"rendered":"https:\/\/webshopdistricoscom.webhosting.be\/product\/bio-balance-trousse-de-voyage-antiage-ref-7060-52\/"},"modified":"2026-04-28T09:28:58","modified_gmt":"2026-04-28T07:28:58","slug":"bio-balance-trousse-de-voyage-antiage-ref-7060-52","status":"publish","type":"product","link":"https:\/\/districos.standingout.be\/fr\/product\/bio-balance-trousse-de-voyage-antiage-ref-7060-52\/","title":{"rendered":"Bio Balance Trousse de Voyage Anti\u00e2ge"},"content":{"rendered":"<p >\n<\/p>\n<\/p>\n<\/p>\n<p><font face=\"Verdana, sans-serif\">Une trousse de voyage pratique pour votre client ? Nous en avons ! Les trousses de voyage Bio Balance contiennent tout le n\u00e9cessaire pour un soin complet. Ainsi, vos clients peuvent poursuivre leur routine de soins \u00e0 la maison ou en vacances. Les quantit\u00e9s sont parfaitement adapt\u00e9es pour \u00eatre emport\u00e9es en avion. C&rsquo;est \u00e9galement le moyen id\u00e9al de faire d\u00e9couvrir les produits Bio Balance \u00e0 vos clients !<\/font><\/p>\n<p><font face=\"Verdana, sans-serif\"><b>Contenu<\/b><\/font><\/p>\n<\/p>\n<ul>\n<li><font face=\"Verdana, sans-serif\">1 x Bio Balance Baume \u00e0 L\u00e8vres 10 ml<\/font><\/li>\n<li><font face=\"Verdana, sans-serif\">1 x Bio Balance Eau Micellaire 50 ml<\/font><\/li>\n<li><font face=\"Verdana, sans-serif\">1 x Bio Balance Deep Cleanser 20 ml<\/font><\/li>\n<li><font face=\"Verdana, sans-serif\">1 x Bio Balance Soft Peeling Cream 20 ml<\/font><\/li>\n<li><font face=\"Verdana, sans-serif\">1 x Bio Balance Multi Night Repair 20 ml<\/font><\/li>\n<li><font face=\"Verdana, sans-serif\">1 x Bio Balance Royal Lift Cr\u00e8me de Jour 20 ml<\/font><\/li>\n<li><font face=\"Verdana, sans-serif\">1 x Bio Balance Nutri Tan Cr\u00e8me de Jour 20 ml<\/font><\/li>\n<li><font face=\"Verdana, sans-serif\">1 x Bio Balance Camomille Cr\u00e8me Mains 25 ml<\/font><\/li>\n<li><font face=\"Verdana, sans-serif\">\u00c9chantillons des produits Bio Balance<\/font><\/li>\n<\/ul>\n<p><font face=\"Verdana, sans-serif\"><b>Aussi disponible<\/b><\/font><\/p>\n<\/p>\n<ul>\n<li><font face=\"Verdana, sans-serif\">Trousse de Voyage Light (<a href=\"https:\/\/webshop.districos.com\/ProductDetail\/7060.51\" target=\"_blank\" rel=\"noopener noreferrer nofollow\">r\u00e9f. 7060.51<\/a>)<\/font><\/li>\n<\/ul>\n<ul type=\"disc\"> <\/ul>\n<\/p>\n<p dir=\"ltr\"><\/p>\n","protected":false},"excerpt":{"rendered":"<p>Une trousse de voyage pratique pour votre client ? Nous en avons ! Les trousses de voyage Bio Balance contiennent tout le n\u00e9cessaire pour un soin complet. Ainsi, vos clients peuvent poursuivre leur routine de soins \u00e0 la maison ou en vacances. Les quantit\u00e9s sont parfaitement adapt\u00e9es pour \u00eatre emport\u00e9es en avion. C&rsquo;est \u00e9galement le [&hellip;]<\/p>\n","protected":false},"featured_media":77252,"comment_status":"open","ping_status":"closed","template":"","meta":{"_acf_changed":false},"product_brand":[10308],"product_cat":[9856],"product_tag":[],"class_list":{"0":"post-136857","1":"product","2":"type-product","3":"status-publish","4":"has-post-thumbnail","6":"product_brand-bb_gelaat-fr","7":"product_cat-beaute-visage-bio-balance-visage","9":"first","10":"instock","11":"taxable","12":"shipping-taxable","13":"product-type-simple"},"acf":[],"yoast_head":"<!-- This site is optimized with the Yoast SEO plugin v27.3 - https:\/\/yoast.com\/product\/yoast-seo-wordpress\/ -->\n<title>Bio Balance Trousse de Voyage Anti\u00e2ge - Districos Webshop<\/title>\n<meta name=\"robots\" content=\"noindex, follow, max-snippet:-1, max-image-preview:large, max-video-preview:-1\" \/>\n<meta property=\"og:locale\" content=\"fr_FR\" \/>\n<meta property=\"og:type\" content=\"article\" \/>\n<meta property=\"og:title\" content=\"Bio Balance Trousse de Voyage Anti\u00e2ge - Districos Webshop\" \/>\n<meta property=\"og:description\" content=\"Une trousse de voyage pratique pour votre client ? Nous en avons ! Les trousses de voyage Bio Balance contiennent tout le n\u00e9cessaire pour un soin complet. Ainsi, vos clients peuvent poursuivre leur routine de soins \u00e0 la maison ou en vacances. Les quantit\u00e9s sont parfaitement adapt\u00e9es pour \u00eatre emport\u00e9es en avion. C&rsquo;est \u00e9galement le [&hellip;]\" \/>\n<meta property=\"og:url\" content=\"https:\/\/districos.standingout.be\/fr\/product\/bio-balance-trousse-de-voyage-antiage-ref-7060-52\/\" \/>\n<meta property=\"og:site_name\" content=\"Districos Webshop\" \/>\n<meta property=\"article:modified_time\" content=\"2026-04-28T07:28:58+00:00\" \/>\n<meta name=\"twitter:card\" content=\"summary_large_image\" \/>\n<meta name=\"twitter:label1\" content=\"Dur\u00e9e de lecture estim\u00e9e\" \/>\n\t<meta name=\"twitter:data1\" content=\"1 minute\" \/>\n<script type=\"application\/ld+json\" class=\"yoast-schema-graph\">{\"@context\":\"https:\\\/\\\/schema.org\",\"@graph\":[{\"@type\":\"WebPage\",\"@id\":\"https:\\\/\\\/districos.standingout.be\\\/fr\\\/product\\\/bio-balance-trousse-de-voyage-antiage-ref-7060-52\\\/\",\"url\":\"https:\\\/\\\/districos.standingout.be\\\/fr\\\/product\\\/bio-balance-trousse-de-voyage-antiage-ref-7060-52\\\/\",\"name\":\"Bio Balance Trousse de Voyage Anti\u00e2ge - Districos Webshop\",\"isPartOf\":{\"@id\":\"https:\\\/\\\/districos.standingout.be\\\/fr\\\/#website\"},\"primaryImageOfPage\":{\"@id\":\"https:\\\/\\\/districos.standingout.be\\\/fr\\\/product\\\/bio-balance-trousse-de-voyage-antiage-ref-7060-52\\\/#primaryimage\"},\"image\":{\"@id\":\"https:\\\/\\\/districos.standingout.be\\\/fr\\\/product\\\/bio-balance-trousse-de-voyage-antiage-ref-7060-52\\\/#primaryimage\"},\"thumbnailUrl\":\"https:\\\/\\\/districos.standingout.be\\\/wp-content\\\/uploads\\\/2025\\\/07\\\/7060.52@LowRes_1.png\",\"datePublished\":\"2026-04-28T07:28:51+00:00\",\"dateModified\":\"2026-04-28T07:28:58+00:00\",\"breadcrumb\":{\"@id\":\"https:\\\/\\\/districos.standingout.be\\\/fr\\\/product\\\/bio-balance-trousse-de-voyage-antiage-ref-7060-52\\\/#breadcrumb\"},\"inLanguage\":\"fr-FR\",\"potentialAction\":[{\"@type\":\"ReadAction\",\"target\":[\"https:\\\/\\\/districos.standingout.be\\\/fr\\\/product\\\/bio-balance-trousse-de-voyage-antiage-ref-7060-52\\\/\"]}]},{\"@type\":\"ImageObject\",\"inLanguage\":\"fr-FR\",\"@id\":\"https:\\\/\\\/districos.standingout.be\\\/fr\\\/product\\\/bio-balance-trousse-de-voyage-antiage-ref-7060-52\\\/#primaryimage\",\"url\":\"https:\\\/\\\/districos.standingout.be\\\/wp-content\\\/uploads\\\/2025\\\/07\\\/7060.52@LowRes_1.png\",\"contentUrl\":\"https:\\\/\\\/districos.standingout.be\\\/wp-content\\\/uploads\\\/2025\\\/07\\\/7060.52@LowRes_1.png\",\"width\":600,\"height\":600},{\"@type\":\"BreadcrumbList\",\"@id\":\"https:\\\/\\\/districos.standingout.be\\\/fr\\\/product\\\/bio-balance-trousse-de-voyage-antiage-ref-7060-52\\\/#breadcrumb\",\"itemListElement\":[{\"@type\":\"ListItem\",\"position\":1,\"name\":\"Home\",\"item\":\"https:\\\/\\\/districos.standingout.be\\\/fr\\\/bienvenue-chez-districos\\\/\"},{\"@type\":\"ListItem\",\"position\":2,\"name\":\"Boutique\",\"item\":\"https:\\\/\\\/districos.standingout.be\\\/fr\\\/boutique\\\/\"},{\"@type\":\"ListItem\",\"position\":3,\"name\":\"Bio Balance Trousse de Voyage Anti\u00e2ge\"}]},{\"@type\":\"WebSite\",\"@id\":\"https:\\\/\\\/districos.standingout.be\\\/fr\\\/#website\",\"url\":\"https:\\\/\\\/districos.standingout.be\\\/fr\\\/\",\"name\":\"Districos Webshop\",\"description\":\"\",\"publisher\":{\"@id\":\"https:\\\/\\\/districos.standingout.be\\\/fr\\\/#organization\"},\"potentialAction\":[{\"@type\":\"SearchAction\",\"target\":{\"@type\":\"EntryPoint\",\"urlTemplate\":\"https:\\\/\\\/districos.standingout.be\\\/fr\\\/?s={search_term_string}\"},\"query-input\":{\"@type\":\"PropertyValueSpecification\",\"valueRequired\":true,\"valueName\":\"search_term_string\"}}],\"inLanguage\":\"fr-FR\"},{\"@type\":\"Organization\",\"@id\":\"https:\\\/\\\/districos.standingout.be\\\/fr\\\/#organization\",\"name\":\"Districos Webshop\",\"url\":\"https:\\\/\\\/districos.standingout.be\\\/fr\\\/\",\"logo\":{\"@type\":\"ImageObject\",\"inLanguage\":\"fr-FR\",\"@id\":\"https:\\\/\\\/districos.standingout.be\\\/fr\\\/#\\\/schema\\\/logo\\\/image\\\/\",\"url\":\"https:\\\/\\\/districos.standingout.be\\\/wp-content\\\/uploads\\\/2022\\\/09\\\/Districos_Logo_Webshop.svg\",\"contentUrl\":\"https:\\\/\\\/districos.standingout.be\\\/wp-content\\\/uploads\\\/2022\\\/09\\\/Districos_Logo_Webshop.svg\",\"caption\":\"Districos Webshop\"},\"image\":{\"@id\":\"https:\\\/\\\/districos.standingout.be\\\/fr\\\/#\\\/schema\\\/logo\\\/image\\\/\"}}]}<\/script>\n<!-- \/ Yoast SEO plugin. -->","yoast_head_json":{"title":"Bio Balance Trousse de Voyage Anti\u00e2ge - Districos Webshop","robots":{"index":"noindex","follow":"follow","max-snippet":"max-snippet:-1","max-image-preview":"max-image-preview:large","max-video-preview":"max-video-preview:-1"},"og_locale":"fr_FR","og_type":"article","og_title":"Bio Balance Trousse de Voyage Anti\u00e2ge - Districos Webshop","og_description":"Une trousse de voyage pratique pour votre client ? Nous en avons ! Les trousses de voyage Bio Balance contiennent tout le n\u00e9cessaire pour un soin complet. Ainsi, vos clients peuvent poursuivre leur routine de soins \u00e0 la maison ou en vacances. Les quantit\u00e9s sont parfaitement adapt\u00e9es pour \u00eatre emport\u00e9es en avion. C&rsquo;est \u00e9galement le [&hellip;]","og_url":"https:\/\/districos.standingout.be\/fr\/product\/bio-balance-trousse-de-voyage-antiage-ref-7060-52\/","og_site_name":"Districos Webshop","article_modified_time":"2026-04-28T07:28:58+00:00","twitter_card":"summary_large_image","twitter_misc":{"Dur\u00e9e de lecture estim\u00e9e":"1 minute"},"schema":{"@context":"https:\/\/schema.org","@graph":[{"@type":"WebPage","@id":"https:\/\/districos.standingout.be\/fr\/product\/bio-balance-trousse-de-voyage-antiage-ref-7060-52\/","url":"https:\/\/districos.standingout.be\/fr\/product\/bio-balance-trousse-de-voyage-antiage-ref-7060-52\/","name":"Bio Balance Trousse de Voyage Anti\u00e2ge - Districos Webshop","isPartOf":{"@id":"https:\/\/districos.standingout.be\/fr\/#website"},"primaryImageOfPage":{"@id":"https:\/\/districos.standingout.be\/fr\/product\/bio-balance-trousse-de-voyage-antiage-ref-7060-52\/#primaryimage"},"image":{"@id":"https:\/\/districos.standingout.be\/fr\/product\/bio-balance-trousse-de-voyage-antiage-ref-7060-52\/#primaryimage"},"thumbnailUrl":"https:\/\/districos.standingout.be\/wp-content\/uploads\/2025\/07\/7060.52@LowRes_1.png","datePublished":"2026-04-28T07:28:51+00:00","dateModified":"2026-04-28T07:28:58+00:00","breadcrumb":{"@id":"https:\/\/districos.standingout.be\/fr\/product\/bio-balance-trousse-de-voyage-antiage-ref-7060-52\/#breadcrumb"},"inLanguage":"fr-FR","potentialAction":[{"@type":"ReadAction","target":["https:\/\/districos.standingout.be\/fr\/product\/bio-balance-trousse-de-voyage-antiage-ref-7060-52\/"]}]},{"@type":"ImageObject","inLanguage":"fr-FR","@id":"https:\/\/districos.standingout.be\/fr\/product\/bio-balance-trousse-de-voyage-antiage-ref-7060-52\/#primaryimage","url":"https:\/\/districos.standingout.be\/wp-content\/uploads\/2025\/07\/7060.52@LowRes_1.png","contentUrl":"https:\/\/districos.standingout.be\/wp-content\/uploads\/2025\/07\/7060.52@LowRes_1.png","width":600,"height":600},{"@type":"BreadcrumbList","@id":"https:\/\/districos.standingout.be\/fr\/product\/bio-balance-trousse-de-voyage-antiage-ref-7060-52\/#breadcrumb","itemListElement":[{"@type":"ListItem","position":1,"name":"Home","item":"https:\/\/districos.standingout.be\/fr\/bienvenue-chez-districos\/"},{"@type":"ListItem","position":2,"name":"Boutique","item":"https:\/\/districos.standingout.be\/fr\/boutique\/"},{"@type":"ListItem","position":3,"name":"Bio Balance Trousse de Voyage Anti\u00e2ge"}]},{"@type":"WebSite","@id":"https:\/\/districos.standingout.be\/fr\/#website","url":"https:\/\/districos.standingout.be\/fr\/","name":"Districos Webshop","description":"","publisher":{"@id":"https:\/\/districos.standingout.be\/fr\/#organization"},"potentialAction":[{"@type":"SearchAction","target":{"@type":"EntryPoint","urlTemplate":"https:\/\/districos.standingout.be\/fr\/?s={search_term_string}"},"query-input":{"@type":"PropertyValueSpecification","valueRequired":true,"valueName":"search_term_string"}}],"inLanguage":"fr-FR"},{"@type":"Organization","@id":"https:\/\/districos.standingout.be\/fr\/#organization","name":"Districos Webshop","url":"https:\/\/districos.standingout.be\/fr\/","logo":{"@type":"ImageObject","inLanguage":"fr-FR","@id":"https:\/\/districos.standingout.be\/fr\/#\/schema\/logo\/image\/","url":"https:\/\/districos.standingout.be\/wp-content\/uploads\/2022\/09\/Districos_Logo_Webshop.svg","contentUrl":"https:\/\/districos.standingout.be\/wp-content\/uploads\/2022\/09\/Districos_Logo_Webshop.svg","caption":"Districos Webshop"},"image":{"@id":"https:\/\/districos.standingout.be\/fr\/#\/schema\/logo\/image\/"}}]}},"_links":{"self":[{"href":"https:\/\/districos.standingout.be\/fr\/wp-json\/wp\/v2\/product\/136857","targetHints":{"allow":["GET"]}}],"collection":[{"href":"https:\/\/districos.standingout.be\/fr\/wp-json\/wp\/v2\/product"}],"about":[{"href":"https:\/\/districos.standingout.be\/fr\/wp-json\/wp\/v2\/types\/product"}],"replies":[{"embeddable":true,"href":"https:\/\/districos.standingout.be\/fr\/wp-json\/wp\/v2\/comments?post=136857"}],"wp:featuredmedia":[{"embeddable":true,"href":"https:\/\/districos.standingout.be\/fr\/wp-json\/wp\/v2\/media\/77252"}],"wp:attachment":[{"href":"https:\/\/districos.standingout.be\/fr\/wp-json\/wp\/v2\/media?parent=136857"}],"wp:term":[{"taxonomy":"product_brand","embeddable":true,"href":"https:\/\/districos.standingout.be\/fr\/wp-json\/wp\/v2\/product_brand?post=136857"},{"taxonomy":"product_cat","embeddable":true,"href":"https:\/\/districos.standingout.be\/fr\/wp-json\/wp\/v2\/product_cat?post=136857"},{"taxonomy":"product_tag","embeddable":true,"href":"https:\/\/districos.standingout.be\/fr\/wp-json\/wp\/v2\/product_tag?post=136857"}],"curies":[{"name":"wp","href":"https:\/\/api.w.org\/{rel}","templated":true}]}}