{"id":136859,"date":"2026-04-28T09:30:22","date_gmt":"2026-04-28T07:30:22","guid":{"rendered":"https:\/\/webshopdistricoscom.webhosting.be\/product\/bio-balance-coup-declat-ampoules-10-x-3-ml-ref-7061-31\/"},"modified":"2026-04-28T09:30:31","modified_gmt":"2026-04-28T07:30:31","slug":"bio-balance-coup-declat-ampoules-10-x-3-ml-ref-7061-31","status":"publish","type":"product","link":"https:\/\/districos.standingout.be\/fr\/product\/bio-balance-coup-declat-ampoules-10-x-3-ml-ref-7061-31\/","title":{"rendered":"Bio Balance Coup d&rsquo;\u00c9clat Ampoules 10 x 3 ml"},"content":{"rendered":"<p >\n<\/p>\n<p dir=\"ltr\"><b>ANTI\u00c2GE &#8211; RAFFERMISSANT &#8211; HYDRATANT<\/b><\/p>\n<p dir=\"ltr\">S\u00e9rum raffermissant pour les peaux matures. Il est riche en collag\u00e8ne et en \u00e9lastine qui sont naturellement pr\u00e9sents dans la peau et qui offrent \u00e0 la peau de l&rsquo;\u00e9lasticit\u00e9 et de la r\u00e9sistance. Le s\u00e9rum raffermit et revitalise la peau et la prot\u00e8ge contre le stress oxydatif et le vieillissement cutan\u00e9 pr\u00e9matur\u00e9. R\u00e9sultat : un effet \u00ab coup d&rsquo;\u00e9clat \u00bb instantan\u00e9 et une diminution visible des rides et ridules.<\/p>\n<p dir=\"ltr\">\n<ul>\n<li>Concentration \u00e9lev\u00e9e d&rsquo;ingr\u00e9dients actifs.<\/li>\n<li>Substances actives \u00e0 effet prouv\u00e9.<\/li>\n<li>Peut \u00eatre utilis\u00e9 en cabine sous les masques de Bio Balance ou \u00e0 domicile comme s\u00e9rum sous la cr\u00e8me de jour ou de nuit.<\/li>\n<li>Id\u00e9al sous la cr\u00e8me de jour ou comme base de maquillage afin qu&rsquo;il tienne plus longtemps.<\/li>\n<li>Id\u00e9al \u00e0 appliquer sous le <u><a href=\"https:\/\/districos.com\/ProductDetail\/7062.04\" target=\"_blank\" rel=\"noopener noreferrer nofollow\">Masque aux Algues Peel-Off Cryog\u00e9nique<\/a><\/u>.<\/li>\n<li>Ce s\u00e9rum se combine souvent avec le s\u00e9rum pour le contour des yeux <u><a href=\"https:\/\/districos.com\/ProductDetail\/7061.35\" target=\"_blank\" rel=\"noopener noreferrer nofollow\"> Opti-\u00c9clat<\/a><\/u>.<\/li>\n<li>Emballage : 10 ampoules de 3 ml.<\/li>\n<\/ul>\n<div><b>Substances actives<\/b><\/div>\n<div>\n<ul>\n<li>L&rsquo;\u00e9lastine p\u00e9n\u00e8tre facilement dans la peau o\u00f9 il renforce son \u00e9lasticit\u00e9. Une utilisation r\u00e9guli\u00e8re permet de lutter contre le rel\u00e2chement de la peau et de pr\u00e9venir la formation de rides et de ridules.<\/li>\n<li>Le collag\u00e8ne d&rsquo;origine marine donne de la structure \u00e0 la peau et l&rsquo;aide \u00e0 mieux retenir l&rsquo;humidit\u00e9.<\/li>\n<\/ul>\n<div><b>Conseils d&rsquo;utilisation<\/b><\/div>\n<\/div>\n<div>\n<ul>\n<li>Il est fortement recommand\u00e9 de continuer \u00e0 utiliser les s\u00e9rums \u00e0 domicile afin de traiter plus efficacement les probl\u00e8mes de la peau. Cela peut se faire quotidiennement ou en cure (2 \u00e0 4 semaines) en appliquant le s\u00e9rum le matin ou le soir sur une peau soigneusement nettoy\u00e9e avant la cr\u00e8me de jour ou de nuit.<\/li>\n<li>Cassez les ampoules \u00e0 l&rsquo;aide d&rsquo;un essuie-mains !<\/li>\n<\/ul>\n<div><b>Aussi disponible<\/b><\/div>\n<\/div>\n<div>\n<ul>\n<li>Bio Balance Ridivital Ampoules 10 x 3 ml (<u><a href=\"https:\/\/districos.com\/ProductDetail\/7061.32\" target=\"_blank\" rel=\"noopener noreferrer nofollow\">r\u00e9f. 7061.32<\/a><\/u>)<\/li>\n<li>Bio Balance Purovital Ampoules 10 x 3 ml (<u><a href=\"https:\/\/districos.com\/ProductDetail\/7061.34\" target=\"_blank\" rel=\"noopener noreferrer nofollow\">r\u00e9f. 7061.34<\/a><\/u>)<\/li>\n<li>Bio Balance Opti-\u00c9clat Ampoules 10 x 3 ml (<u><a href=\"https:\/\/districos.com\/ProductDetail\/7061.35\" target=\"_blank\" rel=\"noopener noreferrer nofollow\">r\u00e9f. 7061.35<\/a><\/u>)<\/li>\n<li>Bio Balance Bustyfirm Ampoules 10 x 3 ml (<u><a href=\"https:\/\/districos.com\/ProductDetail\/7061.36\" target=\"_blank\" rel=\"noopener noreferrer nofollow\">r\u00e9f. 7061.36<\/a><\/u>)<\/li>\n<li>Bio Balance Totalvital Ampoules 10 x 3 ml (<u><a href=\"https:\/\/districos.com\/ProductDetail\/7061.37\" target=\"_blank\" rel=\"noopener noreferrer nofollow\">r\u00e9f. 7061.37<\/a><\/u>)<\/li>\n<li>Bio Balance Sensivital Ampoules 10 x 3 ml (<u><a href=\"https:\/\/districos.com\/ProductDetail\/7061.38\" target=\"_blank\" rel=\"noopener noreferrer nofollow\">r\u00e9f. 7061.38<\/a><\/u>)<\/li>\n<li>Bio Balance Oxyvital Ampoules 10 x 3 ml (<u><a href=\"https:\/\/districos.com\/ProductDetail\/7061.39\" target=\"_blank\" rel=\"noopener noreferrer nofollow\">r\u00e9f. 7061.39<\/a><\/u>)<\/li>\n<li>Bio Balance Mix Ampoules Set d&rsquo;Essai (4&#215;1) + (3&#215;2) x 3 ml (<u><a href=\"https:\/\/districos.com\/ProductDetail\/7061.51\" target=\"_blank\" rel=\"noopener noreferrer nofollow\">r\u00e9f. 7061.51<\/a><\/u>)<\/li>\n<li>Bio Balance Mix Ampoules Algae Mask (3+4+3) x 3 ml (<u><a href=\"https:\/\/districos.com\/ProductDetail\/7061.53\" target=\"_blank\" rel=\"noopener noreferrer nofollow\">r\u00e9f. 7061.53<\/a><\/u>)<\/li>\n<li>Bio Balance Mix Ampoules&nbsp;Kit \u00c9tudiant (5+5) x 3 ml (<u><a href=\"https:\/\/districos.com\/ProductDetail\/7061.54\" target=\"_blank\" rel=\"noopener noreferrer nofollow\">r\u00e9f. 7061.54<\/a><\/u>)<\/li>\n<\/ul>\n<\/div>\n","protected":false},"excerpt":{"rendered":"<p>ANTI\u00c2GE &#8211; RAFFERMISSANT &#8211; HYDRATANT S\u00e9rum raffermissant pour les peaux matures. Il est riche en collag\u00e8ne et en \u00e9lastine qui sont naturellement pr\u00e9sents dans la peau et qui offrent \u00e0 la peau de l&rsquo;\u00e9lasticit\u00e9 et de la r\u00e9sistance. Le s\u00e9rum raffermit et revitalise la peau et la prot\u00e8ge contre le stress oxydatif et le vieillissement [&hellip;]<\/p>\n","protected":false},"featured_media":77258,"comment_status":"open","ping_status":"closed","template":"","meta":{"_acf_changed":false},"product_brand":[10308],"product_cat":[9856],"product_tag":[],"class_list":{"0":"post-136859","1":"product","2":"type-product","3":"status-publish","4":"has-post-thumbnail","6":"product_brand-bb_gelaat-fr","7":"product_cat-beaute-visage-bio-balance-visage","9":"first","10":"instock","11":"taxable","12":"shipping-taxable","13":"product-type-simple"},"acf":[],"yoast_head":"<!-- This site is optimized with the Yoast SEO plugin v27.3 - https:\/\/yoast.com\/product\/yoast-seo-wordpress\/ -->\n<title>Bio Balance Coup d&#039;\u00c9clat Ampoules 10 x 3 ml - Districos Webshop<\/title>\n<meta name=\"robots\" content=\"noindex, follow, max-snippet:-1, max-image-preview:large, max-video-preview:-1\" \/>\n<meta property=\"og:locale\" content=\"fr_FR\" \/>\n<meta property=\"og:type\" content=\"article\" \/>\n<meta property=\"og:title\" content=\"Bio Balance Coup d&#039;\u00c9clat Ampoules 10 x 3 ml - Districos Webshop\" \/>\n<meta property=\"og:description\" content=\"ANTI\u00c2GE &#8211; RAFFERMISSANT &#8211; HYDRATANT S\u00e9rum raffermissant pour les peaux matures. Il est riche en collag\u00e8ne et en \u00e9lastine qui sont naturellement pr\u00e9sents dans la peau et qui offrent \u00e0 la peau de l&rsquo;\u00e9lasticit\u00e9 et de la r\u00e9sistance. Le s\u00e9rum raffermit et revitalise la peau et la prot\u00e8ge contre le stress oxydatif et le vieillissement [&hellip;]\" \/>\n<meta property=\"og:url\" content=\"https:\/\/districos.standingout.be\/fr\/product\/bio-balance-coup-declat-ampoules-10-x-3-ml-ref-7061-31\/\" \/>\n<meta property=\"og:site_name\" content=\"Districos Webshop\" \/>\n<meta property=\"article:modified_time\" content=\"2026-04-28T07:30:31+00:00\" \/>\n<meta name=\"twitter:card\" content=\"summary_large_image\" \/>\n<meta name=\"twitter:label1\" content=\"Dur\u00e9e de lecture estim\u00e9e\" \/>\n\t<meta name=\"twitter:data1\" content=\"2 minutes\" \/>\n<script type=\"application\/ld+json\" class=\"yoast-schema-graph\">{\"@context\":\"https:\\\/\\\/schema.org\",\"@graph\":[{\"@type\":\"WebPage\",\"@id\":\"https:\\\/\\\/districos.standingout.be\\\/fr\\\/product\\\/bio-balance-coup-declat-ampoules-10-x-3-ml-ref-7061-31\\\/\",\"url\":\"https:\\\/\\\/districos.standingout.be\\\/fr\\\/product\\\/bio-balance-coup-declat-ampoules-10-x-3-ml-ref-7061-31\\\/\",\"name\":\"Bio Balance Coup d'\u00c9clat Ampoules 10 x 3 ml - Districos Webshop\",\"isPartOf\":{\"@id\":\"https:\\\/\\\/districos.standingout.be\\\/fr\\\/#website\"},\"primaryImageOfPage\":{\"@id\":\"https:\\\/\\\/districos.standingout.be\\\/fr\\\/product\\\/bio-balance-coup-declat-ampoules-10-x-3-ml-ref-7061-31\\\/#primaryimage\"},\"image\":{\"@id\":\"https:\\\/\\\/districos.standingout.be\\\/fr\\\/product\\\/bio-balance-coup-declat-ampoules-10-x-3-ml-ref-7061-31\\\/#primaryimage\"},\"thumbnailUrl\":\"https:\\\/\\\/districos.standingout.be\\\/wp-content\\\/uploads\\\/2025\\\/07\\\/7061.31@LowRes_1.png\",\"datePublished\":\"2026-04-28T07:30:22+00:00\",\"dateModified\":\"2026-04-28T07:30:31+00:00\",\"breadcrumb\":{\"@id\":\"https:\\\/\\\/districos.standingout.be\\\/fr\\\/product\\\/bio-balance-coup-declat-ampoules-10-x-3-ml-ref-7061-31\\\/#breadcrumb\"},\"inLanguage\":\"fr-FR\",\"potentialAction\":[{\"@type\":\"ReadAction\",\"target\":[\"https:\\\/\\\/districos.standingout.be\\\/fr\\\/product\\\/bio-balance-coup-declat-ampoules-10-x-3-ml-ref-7061-31\\\/\"]}]},{\"@type\":\"ImageObject\",\"inLanguage\":\"fr-FR\",\"@id\":\"https:\\\/\\\/districos.standingout.be\\\/fr\\\/product\\\/bio-balance-coup-declat-ampoules-10-x-3-ml-ref-7061-31\\\/#primaryimage\",\"url\":\"https:\\\/\\\/districos.standingout.be\\\/wp-content\\\/uploads\\\/2025\\\/07\\\/7061.31@LowRes_1.png\",\"contentUrl\":\"https:\\\/\\\/districos.standingout.be\\\/wp-content\\\/uploads\\\/2025\\\/07\\\/7061.31@LowRes_1.png\",\"width\":600,\"height\":600},{\"@type\":\"BreadcrumbList\",\"@id\":\"https:\\\/\\\/districos.standingout.be\\\/fr\\\/product\\\/bio-balance-coup-declat-ampoules-10-x-3-ml-ref-7061-31\\\/#breadcrumb\",\"itemListElement\":[{\"@type\":\"ListItem\",\"position\":1,\"name\":\"Home\",\"item\":\"https:\\\/\\\/districos.standingout.be\\\/fr\\\/bienvenue-chez-districos\\\/\"},{\"@type\":\"ListItem\",\"position\":2,\"name\":\"Boutique\",\"item\":\"https:\\\/\\\/districos.standingout.be\\\/fr\\\/boutique\\\/\"},{\"@type\":\"ListItem\",\"position\":3,\"name\":\"Bio Balance Coup d&#8217;\u00c9clat Ampoules 10 x 3 ml\"}]},{\"@type\":\"WebSite\",\"@id\":\"https:\\\/\\\/districos.standingout.be\\\/fr\\\/#website\",\"url\":\"https:\\\/\\\/districos.standingout.be\\\/fr\\\/\",\"name\":\"Districos Webshop\",\"description\":\"\",\"publisher\":{\"@id\":\"https:\\\/\\\/districos.standingout.be\\\/fr\\\/#organization\"},\"potentialAction\":[{\"@type\":\"SearchAction\",\"target\":{\"@type\":\"EntryPoint\",\"urlTemplate\":\"https:\\\/\\\/districos.standingout.be\\\/fr\\\/?s={search_term_string}\"},\"query-input\":{\"@type\":\"PropertyValueSpecification\",\"valueRequired\":true,\"valueName\":\"search_term_string\"}}],\"inLanguage\":\"fr-FR\"},{\"@type\":\"Organization\",\"@id\":\"https:\\\/\\\/districos.standingout.be\\\/fr\\\/#organization\",\"name\":\"Districos Webshop\",\"url\":\"https:\\\/\\\/districos.standingout.be\\\/fr\\\/\",\"logo\":{\"@type\":\"ImageObject\",\"inLanguage\":\"fr-FR\",\"@id\":\"https:\\\/\\\/districos.standingout.be\\\/fr\\\/#\\\/schema\\\/logo\\\/image\\\/\",\"url\":\"https:\\\/\\\/districos.standingout.be\\\/wp-content\\\/uploads\\\/2022\\\/09\\\/Districos_Logo_Webshop.svg\",\"contentUrl\":\"https:\\\/\\\/districos.standingout.be\\\/wp-content\\\/uploads\\\/2022\\\/09\\\/Districos_Logo_Webshop.svg\",\"caption\":\"Districos Webshop\"},\"image\":{\"@id\":\"https:\\\/\\\/districos.standingout.be\\\/fr\\\/#\\\/schema\\\/logo\\\/image\\\/\"}}]}<\/script>\n<!-- \/ Yoast SEO plugin. -->","yoast_head_json":{"title":"Bio Balance Coup d'\u00c9clat Ampoules 10 x 3 ml - Districos Webshop","robots":{"index":"noindex","follow":"follow","max-snippet":"max-snippet:-1","max-image-preview":"max-image-preview:large","max-video-preview":"max-video-preview:-1"},"og_locale":"fr_FR","og_type":"article","og_title":"Bio Balance Coup d'\u00c9clat Ampoules 10 x 3 ml - Districos Webshop","og_description":"ANTI\u00c2GE &#8211; RAFFERMISSANT &#8211; HYDRATANT S\u00e9rum raffermissant pour les peaux matures. Il est riche en collag\u00e8ne et en \u00e9lastine qui sont naturellement pr\u00e9sents dans la peau et qui offrent \u00e0 la peau de l&rsquo;\u00e9lasticit\u00e9 et de la r\u00e9sistance. Le s\u00e9rum raffermit et revitalise la peau et la prot\u00e8ge contre le stress oxydatif et le vieillissement [&hellip;]","og_url":"https:\/\/districos.standingout.be\/fr\/product\/bio-balance-coup-declat-ampoules-10-x-3-ml-ref-7061-31\/","og_site_name":"Districos Webshop","article_modified_time":"2026-04-28T07:30:31+00:00","twitter_card":"summary_large_image","twitter_misc":{"Dur\u00e9e de lecture estim\u00e9e":"2 minutes"},"schema":{"@context":"https:\/\/schema.org","@graph":[{"@type":"WebPage","@id":"https:\/\/districos.standingout.be\/fr\/product\/bio-balance-coup-declat-ampoules-10-x-3-ml-ref-7061-31\/","url":"https:\/\/districos.standingout.be\/fr\/product\/bio-balance-coup-declat-ampoules-10-x-3-ml-ref-7061-31\/","name":"Bio Balance Coup d'\u00c9clat Ampoules 10 x 3 ml - Districos Webshop","isPartOf":{"@id":"https:\/\/districos.standingout.be\/fr\/#website"},"primaryImageOfPage":{"@id":"https:\/\/districos.standingout.be\/fr\/product\/bio-balance-coup-declat-ampoules-10-x-3-ml-ref-7061-31\/#primaryimage"},"image":{"@id":"https:\/\/districos.standingout.be\/fr\/product\/bio-balance-coup-declat-ampoules-10-x-3-ml-ref-7061-31\/#primaryimage"},"thumbnailUrl":"https:\/\/districos.standingout.be\/wp-content\/uploads\/2025\/07\/7061.31@LowRes_1.png","datePublished":"2026-04-28T07:30:22+00:00","dateModified":"2026-04-28T07:30:31+00:00","breadcrumb":{"@id":"https:\/\/districos.standingout.be\/fr\/product\/bio-balance-coup-declat-ampoules-10-x-3-ml-ref-7061-31\/#breadcrumb"},"inLanguage":"fr-FR","potentialAction":[{"@type":"ReadAction","target":["https:\/\/districos.standingout.be\/fr\/product\/bio-balance-coup-declat-ampoules-10-x-3-ml-ref-7061-31\/"]}]},{"@type":"ImageObject","inLanguage":"fr-FR","@id":"https:\/\/districos.standingout.be\/fr\/product\/bio-balance-coup-declat-ampoules-10-x-3-ml-ref-7061-31\/#primaryimage","url":"https:\/\/districos.standingout.be\/wp-content\/uploads\/2025\/07\/7061.31@LowRes_1.png","contentUrl":"https:\/\/districos.standingout.be\/wp-content\/uploads\/2025\/07\/7061.31@LowRes_1.png","width":600,"height":600},{"@type":"BreadcrumbList","@id":"https:\/\/districos.standingout.be\/fr\/product\/bio-balance-coup-declat-ampoules-10-x-3-ml-ref-7061-31\/#breadcrumb","itemListElement":[{"@type":"ListItem","position":1,"name":"Home","item":"https:\/\/districos.standingout.be\/fr\/bienvenue-chez-districos\/"},{"@type":"ListItem","position":2,"name":"Boutique","item":"https:\/\/districos.standingout.be\/fr\/boutique\/"},{"@type":"ListItem","position":3,"name":"Bio Balance Coup d&#8217;\u00c9clat Ampoules 10 x 3 ml"}]},{"@type":"WebSite","@id":"https:\/\/districos.standingout.be\/fr\/#website","url":"https:\/\/districos.standingout.be\/fr\/","name":"Districos Webshop","description":"","publisher":{"@id":"https:\/\/districos.standingout.be\/fr\/#organization"},"potentialAction":[{"@type":"SearchAction","target":{"@type":"EntryPoint","urlTemplate":"https:\/\/districos.standingout.be\/fr\/?s={search_term_string}"},"query-input":{"@type":"PropertyValueSpecification","valueRequired":true,"valueName":"search_term_string"}}],"inLanguage":"fr-FR"},{"@type":"Organization","@id":"https:\/\/districos.standingout.be\/fr\/#organization","name":"Districos Webshop","url":"https:\/\/districos.standingout.be\/fr\/","logo":{"@type":"ImageObject","inLanguage":"fr-FR","@id":"https:\/\/districos.standingout.be\/fr\/#\/schema\/logo\/image\/","url":"https:\/\/districos.standingout.be\/wp-content\/uploads\/2022\/09\/Districos_Logo_Webshop.svg","contentUrl":"https:\/\/districos.standingout.be\/wp-content\/uploads\/2022\/09\/Districos_Logo_Webshop.svg","caption":"Districos Webshop"},"image":{"@id":"https:\/\/districos.standingout.be\/fr\/#\/schema\/logo\/image\/"}}]}},"_links":{"self":[{"href":"https:\/\/districos.standingout.be\/fr\/wp-json\/wp\/v2\/product\/136859","targetHints":{"allow":["GET"]}}],"collection":[{"href":"https:\/\/districos.standingout.be\/fr\/wp-json\/wp\/v2\/product"}],"about":[{"href":"https:\/\/districos.standingout.be\/fr\/wp-json\/wp\/v2\/types\/product"}],"replies":[{"embeddable":true,"href":"https:\/\/districos.standingout.be\/fr\/wp-json\/wp\/v2\/comments?post=136859"}],"wp:featuredmedia":[{"embeddable":true,"href":"https:\/\/districos.standingout.be\/fr\/wp-json\/wp\/v2\/media\/77258"}],"wp:attachment":[{"href":"https:\/\/districos.standingout.be\/fr\/wp-json\/wp\/v2\/media?parent=136859"}],"wp:term":[{"taxonomy":"product_brand","embeddable":true,"href":"https:\/\/districos.standingout.be\/fr\/wp-json\/wp\/v2\/product_brand?post=136859"},{"taxonomy":"product_cat","embeddable":true,"href":"https:\/\/districos.standingout.be\/fr\/wp-json\/wp\/v2\/product_cat?post=136859"},{"taxonomy":"product_tag","embeddable":true,"href":"https:\/\/districos.standingout.be\/fr\/wp-json\/wp\/v2\/product_tag?post=136859"}],"curies":[{"name":"wp","href":"https:\/\/api.w.org\/{rel}","templated":true}]}}