{"id":136861,"date":"2026-04-28T09:30:32","date_gmt":"2026-04-28T07:30:32","guid":{"rendered":"https:\/\/webshopdistricoscom.webhosting.be\/product\/bio-balance-ridivital-ampoules-10-x-3-ml-ref-7061-32\/"},"modified":"2026-04-28T09:30:40","modified_gmt":"2026-04-28T07:30:40","slug":"bio-balance-ridivital-ampoules-10-x-3-ml-ref-7061-32","status":"publish","type":"product","link":"https:\/\/districos.standingout.be\/fr\/product\/bio-balance-ridivital-ampoules-10-x-3-ml-ref-7061-32\/","title":{"rendered":"Bio Balance Ridivital Ampoules 10 x 3 ml"},"content":{"rendered":"<p >\n<\/p>\n<p dir=\"ltr\"><b>LIFTANT &#8211; ANTIRIDES &#8211; RAFFERMISSANT<\/b><\/p>\n<p dir=\"ltr\">Ce s\u00e9rum extr\u00eamement liftant est la solution pour une r\u00e9duction rapide des rides. Il est id\u00e9al pour le traitement des pattes d&rsquo;oie et des rides du front et d&rsquo;expression. Il est \u00e9galement appropri\u00e9 pour le contour des yeux d\u00e9licat.<\/p>\n<p dir=\"ltr\">\n<ul>\n<li>Concentration \u00e9lev\u00e9e d&rsquo;ingr\u00e9dients actifs.<\/li>\n<li>Substances actives \u00e0 effet prouv\u00e9.<\/li>\n<li>Peut \u00eatre utilis\u00e9 en cabine sous les masques de Bio Balance ou \u00e0 domicile comme s\u00e9rum sous la cr\u00e8me de jour ou de nuit.<\/li>\n<li>Emballage : 10 ampoules de 3 ml.<\/li>\n<li><font size=\"2\">Vegan.<\/font><\/li>\n<\/ul>\n<div><b>Substances actives<\/b><\/div>\n<div>\n<ul>\n<li>L&rsquo;extrait de Br\u00e8de mafane est une alternative naturelle au botox qui d\u00e9tend les muscles du visage sous la peau. Il renforce et r\u00e9pare le r\u00e9seau de collag\u00e8ne dans la peau ce qui la rend plus ferme et repulp\u00e9e.<\/li>\n<li>L&rsquo;acide hyaluronique est un repulpeur naturel qui hydrate la peau intens\u00e9ment et qui apaise les rides et ridules.<\/li>\n<\/ul>\n<div><b>Conseils d&rsquo;utilisation<\/b><\/div>\n<\/div>\n<div>\n<ul>\n<li>Il est fortement recommand\u00e9 de continuer \u00e0 utiliser les s\u00e9rums \u00e0 domicile afin de traiter plus efficacement les probl\u00e8mes de la peau. Cela peut se faire quotidiennement ou en cure (2 \u00e0 4 semaines) en appliquant le s\u00e9rum le matin ou le soir sur une peau soigneusement nettoy\u00e9e avant la cr\u00e8me de jour ou de nuit.<\/li>\n<li>Cassez les ampoules \u00e0 l&rsquo;aide d&rsquo;un essuie-mains !<\/li>\n<\/ul>\n<div><b>Aussi disponible<\/b><\/div>\n<\/div>\n<div>\n<ul>\n<li>Bio Balance Coup d&rsquo;\u00c9clat Ampoules 10 x 3 ml (<u><a href=\"https:\/\/districos.com\/ProductDetail\/7061.31\" target=\"_blank\" rel=\"noopener noreferrer nofollow\">r\u00e9f. 7061.31<\/a><\/u>)<\/li>\n<li>Bio Balance Purovital Ampoules 10 x 3 ml (<u><a href=\"https:\/\/districos.com\/ProductDetail\/7061.34\" target=\"_blank\" rel=\"noopener noreferrer nofollow\">r\u00e9f. 7061.34<\/a><\/u>)<\/li>\n<li>Bio Balance Opti-\u00c9clat Ampoules 10 x 3 ml (<u><a href=\"https:\/\/districos.com\/ProductDetail\/7061.35\" target=\"_blank\" rel=\"noopener noreferrer nofollow\">r\u00e9f. 7061.35<\/a><\/u>)<\/li>\n<li>Bio Balance Bustyfirm Ampoules 10 x 3 ml (<u><a href=\"https:\/\/districos.com\/ProductDetail\/7061.36\" target=\"_blank\" rel=\"noopener noreferrer nofollow\">r\u00e9f. 7061.36<\/a><\/u>)<\/li>\n<li>Bio Balance Totalvital Ampoules 10 x 3 ml (<u><a href=\"https:\/\/districos.com\/ProductDetail\/7061.37\" target=\"_blank\" rel=\"noopener noreferrer nofollow\">r\u00e9f. 7061.37<\/a><\/u>)<\/li>\n<li>Bio Balance Sensivital Ampoules 10 x 3 ml (<u><a href=\"https:\/\/districos.com\/ProductDetail\/7061.38\" target=\"_blank\" rel=\"noopener noreferrer nofollow\">r\u00e9f. 7061.38<\/a><\/u>)<\/li>\n<li>Bio Balance Oxyvital Ampoules 10 x 3 ml (<u><a href=\"https:\/\/districos.com\/ProductDetail\/7061.39\" target=\"_blank\" rel=\"noopener noreferrer nofollow\">r\u00e9f. 7061.39<\/a><\/u>)<\/li>\n<li>Bio Balance Mix Ampoules Set d&rsquo;Essai (4&#215;1) + (3&#215;2) x 3 ml (<u><a href=\"https:\/\/districos.com\/ProductDetail\/7061.51\" target=\"_blank\" rel=\"noopener noreferrer nofollow\">r\u00e9f. 7061.51<\/a><\/u>)<\/li>\n<li>Bio Balance Mix Ampoules Algae Mask (3+4+3) x 3 ml (<u><a href=\"https:\/\/districos.com\/ProductDetail\/7061.53\" target=\"_blank\" rel=\"noopener noreferrer nofollow\">r\u00e9f. 7061.53<\/a><\/u>)<\/li>\n<li>Bio Balance Mix Ampoules&nbsp;Kit \u00c9tudiant (5+5) x 3 ml (<u><a href=\"https:\/\/districos.com\/ProductDetail\/7061.54\" target=\"_blank\" rel=\"noopener noreferrer nofollow\">r\u00e9f. 7061.54<\/a><\/u>)<\/li>\n<\/ul>\n<\/div>\n","protected":false},"excerpt":{"rendered":"<p>LIFTANT &#8211; ANTIRIDES &#8211; RAFFERMISSANT Ce s\u00e9rum extr\u00eamement liftant est la solution pour une r\u00e9duction rapide des rides. Il est id\u00e9al pour le traitement des pattes d&rsquo;oie et des rides du front et d&rsquo;expression. Il est \u00e9galement appropri\u00e9 pour le contour des yeux d\u00e9licat. Concentration \u00e9lev\u00e9e d&rsquo;ingr\u00e9dients actifs. Substances actives \u00e0 effet prouv\u00e9. Peut \u00eatre [&hellip;]<\/p>\n","protected":false},"featured_media":77264,"comment_status":"open","ping_status":"closed","template":"","meta":{"_acf_changed":false},"product_brand":[10308],"product_cat":[9856],"product_tag":[],"class_list":{"0":"post-136861","1":"product","2":"type-product","3":"status-publish","4":"has-post-thumbnail","6":"product_brand-bb_gelaat-fr","7":"product_cat-beaute-visage-bio-balance-visage","9":"first","10":"instock","11":"taxable","12":"shipping-taxable","13":"product-type-simple"},"acf":[],"yoast_head":"<!-- This site is optimized with the Yoast SEO plugin v27.3 - https:\/\/yoast.com\/product\/yoast-seo-wordpress\/ -->\n<title>Bio Balance Ridivital Ampoules 10 x 3 ml - Districos Webshop<\/title>\n<meta name=\"robots\" content=\"noindex, follow, max-snippet:-1, max-image-preview:large, max-video-preview:-1\" \/>\n<meta property=\"og:locale\" content=\"fr_FR\" \/>\n<meta property=\"og:type\" content=\"article\" \/>\n<meta property=\"og:title\" content=\"Bio Balance Ridivital Ampoules 10 x 3 ml - Districos Webshop\" \/>\n<meta property=\"og:description\" content=\"LIFTANT &#8211; ANTIRIDES &#8211; RAFFERMISSANT Ce s\u00e9rum extr\u00eamement liftant est la solution pour une r\u00e9duction rapide des rides. Il est id\u00e9al pour le traitement des pattes d&rsquo;oie et des rides du front et d&rsquo;expression. Il est \u00e9galement appropri\u00e9 pour le contour des yeux d\u00e9licat. Concentration \u00e9lev\u00e9e d&rsquo;ingr\u00e9dients actifs. Substances actives \u00e0 effet prouv\u00e9. Peut \u00eatre [&hellip;]\" \/>\n<meta property=\"og:url\" content=\"https:\/\/districos.standingout.be\/fr\/product\/bio-balance-ridivital-ampoules-10-x-3-ml-ref-7061-32\/\" \/>\n<meta property=\"og:site_name\" content=\"Districos Webshop\" \/>\n<meta property=\"article:modified_time\" content=\"2026-04-28T07:30:40+00:00\" \/>\n<meta name=\"twitter:card\" content=\"summary_large_image\" \/>\n<meta name=\"twitter:label1\" content=\"Dur\u00e9e de lecture estim\u00e9e\" \/>\n\t<meta name=\"twitter:data1\" content=\"2 minutes\" \/>\n<script type=\"application\/ld+json\" class=\"yoast-schema-graph\">{\"@context\":\"https:\\\/\\\/schema.org\",\"@graph\":[{\"@type\":\"WebPage\",\"@id\":\"https:\\\/\\\/districos.standingout.be\\\/fr\\\/product\\\/bio-balance-ridivital-ampoules-10-x-3-ml-ref-7061-32\\\/\",\"url\":\"https:\\\/\\\/districos.standingout.be\\\/fr\\\/product\\\/bio-balance-ridivital-ampoules-10-x-3-ml-ref-7061-32\\\/\",\"name\":\"Bio Balance Ridivital Ampoules 10 x 3 ml - Districos Webshop\",\"isPartOf\":{\"@id\":\"https:\\\/\\\/districos.standingout.be\\\/fr\\\/#website\"},\"primaryImageOfPage\":{\"@id\":\"https:\\\/\\\/districos.standingout.be\\\/fr\\\/product\\\/bio-balance-ridivital-ampoules-10-x-3-ml-ref-7061-32\\\/#primaryimage\"},\"image\":{\"@id\":\"https:\\\/\\\/districos.standingout.be\\\/fr\\\/product\\\/bio-balance-ridivital-ampoules-10-x-3-ml-ref-7061-32\\\/#primaryimage\"},\"thumbnailUrl\":\"https:\\\/\\\/districos.standingout.be\\\/wp-content\\\/uploads\\\/2025\\\/07\\\/7061.32@LowRes_1.png\",\"datePublished\":\"2026-04-28T07:30:32+00:00\",\"dateModified\":\"2026-04-28T07:30:40+00:00\",\"breadcrumb\":{\"@id\":\"https:\\\/\\\/districos.standingout.be\\\/fr\\\/product\\\/bio-balance-ridivital-ampoules-10-x-3-ml-ref-7061-32\\\/#breadcrumb\"},\"inLanguage\":\"fr-FR\",\"potentialAction\":[{\"@type\":\"ReadAction\",\"target\":[\"https:\\\/\\\/districos.standingout.be\\\/fr\\\/product\\\/bio-balance-ridivital-ampoules-10-x-3-ml-ref-7061-32\\\/\"]}]},{\"@type\":\"ImageObject\",\"inLanguage\":\"fr-FR\",\"@id\":\"https:\\\/\\\/districos.standingout.be\\\/fr\\\/product\\\/bio-balance-ridivital-ampoules-10-x-3-ml-ref-7061-32\\\/#primaryimage\",\"url\":\"https:\\\/\\\/districos.standingout.be\\\/wp-content\\\/uploads\\\/2025\\\/07\\\/7061.32@LowRes_1.png\",\"contentUrl\":\"https:\\\/\\\/districos.standingout.be\\\/wp-content\\\/uploads\\\/2025\\\/07\\\/7061.32@LowRes_1.png\",\"width\":600,\"height\":600},{\"@type\":\"BreadcrumbList\",\"@id\":\"https:\\\/\\\/districos.standingout.be\\\/fr\\\/product\\\/bio-balance-ridivital-ampoules-10-x-3-ml-ref-7061-32\\\/#breadcrumb\",\"itemListElement\":[{\"@type\":\"ListItem\",\"position\":1,\"name\":\"Home\",\"item\":\"https:\\\/\\\/districos.standingout.be\\\/fr\\\/bienvenue-chez-districos\\\/\"},{\"@type\":\"ListItem\",\"position\":2,\"name\":\"Boutique\",\"item\":\"https:\\\/\\\/districos.standingout.be\\\/fr\\\/boutique\\\/\"},{\"@type\":\"ListItem\",\"position\":3,\"name\":\"Bio Balance Ridivital Ampoules 10 x 3 ml\"}]},{\"@type\":\"WebSite\",\"@id\":\"https:\\\/\\\/districos.standingout.be\\\/fr\\\/#website\",\"url\":\"https:\\\/\\\/districos.standingout.be\\\/fr\\\/\",\"name\":\"Districos Webshop\",\"description\":\"\",\"publisher\":{\"@id\":\"https:\\\/\\\/districos.standingout.be\\\/fr\\\/#organization\"},\"potentialAction\":[{\"@type\":\"SearchAction\",\"target\":{\"@type\":\"EntryPoint\",\"urlTemplate\":\"https:\\\/\\\/districos.standingout.be\\\/fr\\\/?s={search_term_string}\"},\"query-input\":{\"@type\":\"PropertyValueSpecification\",\"valueRequired\":true,\"valueName\":\"search_term_string\"}}],\"inLanguage\":\"fr-FR\"},{\"@type\":\"Organization\",\"@id\":\"https:\\\/\\\/districos.standingout.be\\\/fr\\\/#organization\",\"name\":\"Districos Webshop\",\"url\":\"https:\\\/\\\/districos.standingout.be\\\/fr\\\/\",\"logo\":{\"@type\":\"ImageObject\",\"inLanguage\":\"fr-FR\",\"@id\":\"https:\\\/\\\/districos.standingout.be\\\/fr\\\/#\\\/schema\\\/logo\\\/image\\\/\",\"url\":\"https:\\\/\\\/districos.standingout.be\\\/wp-content\\\/uploads\\\/2022\\\/09\\\/Districos_Logo_Webshop.svg\",\"contentUrl\":\"https:\\\/\\\/districos.standingout.be\\\/wp-content\\\/uploads\\\/2022\\\/09\\\/Districos_Logo_Webshop.svg\",\"caption\":\"Districos Webshop\"},\"image\":{\"@id\":\"https:\\\/\\\/districos.standingout.be\\\/fr\\\/#\\\/schema\\\/logo\\\/image\\\/\"}}]}<\/script>\n<!-- \/ Yoast SEO plugin. -->","yoast_head_json":{"title":"Bio Balance Ridivital Ampoules 10 x 3 ml - Districos Webshop","robots":{"index":"noindex","follow":"follow","max-snippet":"max-snippet:-1","max-image-preview":"max-image-preview:large","max-video-preview":"max-video-preview:-1"},"og_locale":"fr_FR","og_type":"article","og_title":"Bio Balance Ridivital Ampoules 10 x 3 ml - Districos Webshop","og_description":"LIFTANT &#8211; ANTIRIDES &#8211; RAFFERMISSANT Ce s\u00e9rum extr\u00eamement liftant est la solution pour une r\u00e9duction rapide des rides. Il est id\u00e9al pour le traitement des pattes d&rsquo;oie et des rides du front et d&rsquo;expression. Il est \u00e9galement appropri\u00e9 pour le contour des yeux d\u00e9licat. Concentration \u00e9lev\u00e9e d&rsquo;ingr\u00e9dients actifs. Substances actives \u00e0 effet prouv\u00e9. Peut \u00eatre [&hellip;]","og_url":"https:\/\/districos.standingout.be\/fr\/product\/bio-balance-ridivital-ampoules-10-x-3-ml-ref-7061-32\/","og_site_name":"Districos Webshop","article_modified_time":"2026-04-28T07:30:40+00:00","twitter_card":"summary_large_image","twitter_misc":{"Dur\u00e9e de lecture estim\u00e9e":"2 minutes"},"schema":{"@context":"https:\/\/schema.org","@graph":[{"@type":"WebPage","@id":"https:\/\/districos.standingout.be\/fr\/product\/bio-balance-ridivital-ampoules-10-x-3-ml-ref-7061-32\/","url":"https:\/\/districos.standingout.be\/fr\/product\/bio-balance-ridivital-ampoules-10-x-3-ml-ref-7061-32\/","name":"Bio Balance Ridivital Ampoules 10 x 3 ml - Districos Webshop","isPartOf":{"@id":"https:\/\/districos.standingout.be\/fr\/#website"},"primaryImageOfPage":{"@id":"https:\/\/districos.standingout.be\/fr\/product\/bio-balance-ridivital-ampoules-10-x-3-ml-ref-7061-32\/#primaryimage"},"image":{"@id":"https:\/\/districos.standingout.be\/fr\/product\/bio-balance-ridivital-ampoules-10-x-3-ml-ref-7061-32\/#primaryimage"},"thumbnailUrl":"https:\/\/districos.standingout.be\/wp-content\/uploads\/2025\/07\/7061.32@LowRes_1.png","datePublished":"2026-04-28T07:30:32+00:00","dateModified":"2026-04-28T07:30:40+00:00","breadcrumb":{"@id":"https:\/\/districos.standingout.be\/fr\/product\/bio-balance-ridivital-ampoules-10-x-3-ml-ref-7061-32\/#breadcrumb"},"inLanguage":"fr-FR","potentialAction":[{"@type":"ReadAction","target":["https:\/\/districos.standingout.be\/fr\/product\/bio-balance-ridivital-ampoules-10-x-3-ml-ref-7061-32\/"]}]},{"@type":"ImageObject","inLanguage":"fr-FR","@id":"https:\/\/districos.standingout.be\/fr\/product\/bio-balance-ridivital-ampoules-10-x-3-ml-ref-7061-32\/#primaryimage","url":"https:\/\/districos.standingout.be\/wp-content\/uploads\/2025\/07\/7061.32@LowRes_1.png","contentUrl":"https:\/\/districos.standingout.be\/wp-content\/uploads\/2025\/07\/7061.32@LowRes_1.png","width":600,"height":600},{"@type":"BreadcrumbList","@id":"https:\/\/districos.standingout.be\/fr\/product\/bio-balance-ridivital-ampoules-10-x-3-ml-ref-7061-32\/#breadcrumb","itemListElement":[{"@type":"ListItem","position":1,"name":"Home","item":"https:\/\/districos.standingout.be\/fr\/bienvenue-chez-districos\/"},{"@type":"ListItem","position":2,"name":"Boutique","item":"https:\/\/districos.standingout.be\/fr\/boutique\/"},{"@type":"ListItem","position":3,"name":"Bio Balance Ridivital Ampoules 10 x 3 ml"}]},{"@type":"WebSite","@id":"https:\/\/districos.standingout.be\/fr\/#website","url":"https:\/\/districos.standingout.be\/fr\/","name":"Districos Webshop","description":"","publisher":{"@id":"https:\/\/districos.standingout.be\/fr\/#organization"},"potentialAction":[{"@type":"SearchAction","target":{"@type":"EntryPoint","urlTemplate":"https:\/\/districos.standingout.be\/fr\/?s={search_term_string}"},"query-input":{"@type":"PropertyValueSpecification","valueRequired":true,"valueName":"search_term_string"}}],"inLanguage":"fr-FR"},{"@type":"Organization","@id":"https:\/\/districos.standingout.be\/fr\/#organization","name":"Districos Webshop","url":"https:\/\/districos.standingout.be\/fr\/","logo":{"@type":"ImageObject","inLanguage":"fr-FR","@id":"https:\/\/districos.standingout.be\/fr\/#\/schema\/logo\/image\/","url":"https:\/\/districos.standingout.be\/wp-content\/uploads\/2022\/09\/Districos_Logo_Webshop.svg","contentUrl":"https:\/\/districos.standingout.be\/wp-content\/uploads\/2022\/09\/Districos_Logo_Webshop.svg","caption":"Districos Webshop"},"image":{"@id":"https:\/\/districos.standingout.be\/fr\/#\/schema\/logo\/image\/"}}]}},"_links":{"self":[{"href":"https:\/\/districos.standingout.be\/fr\/wp-json\/wp\/v2\/product\/136861","targetHints":{"allow":["GET"]}}],"collection":[{"href":"https:\/\/districos.standingout.be\/fr\/wp-json\/wp\/v2\/product"}],"about":[{"href":"https:\/\/districos.standingout.be\/fr\/wp-json\/wp\/v2\/types\/product"}],"replies":[{"embeddable":true,"href":"https:\/\/districos.standingout.be\/fr\/wp-json\/wp\/v2\/comments?post=136861"}],"wp:featuredmedia":[{"embeddable":true,"href":"https:\/\/districos.standingout.be\/fr\/wp-json\/wp\/v2\/media\/77264"}],"wp:attachment":[{"href":"https:\/\/districos.standingout.be\/fr\/wp-json\/wp\/v2\/media?parent=136861"}],"wp:term":[{"taxonomy":"product_brand","embeddable":true,"href":"https:\/\/districos.standingout.be\/fr\/wp-json\/wp\/v2\/product_brand?post=136861"},{"taxonomy":"product_cat","embeddable":true,"href":"https:\/\/districos.standingout.be\/fr\/wp-json\/wp\/v2\/product_cat?post=136861"},{"taxonomy":"product_tag","embeddable":true,"href":"https:\/\/districos.standingout.be\/fr\/wp-json\/wp\/v2\/product_tag?post=136861"}],"curies":[{"name":"wp","href":"https:\/\/api.w.org\/{rel}","templated":true}]}}