{"id":136865,"date":"2026-04-28T09:30:48","date_gmt":"2026-04-28T07:30:48","guid":{"rendered":"https:\/\/webshopdistricoscom.webhosting.be\/product\/bio-balance-sensivital-ampoules-10-x-3-ml-ref-7061-38\/"},"modified":"2026-04-28T09:30:54","modified_gmt":"2026-04-28T07:30:54","slug":"bio-balance-sensivital-ampoules-10-x-3-ml-ref-7061-38","status":"publish","type":"product","link":"https:\/\/districos.standingout.be\/fr\/product\/bio-balance-sensivital-ampoules-10-x-3-ml-ref-7061-38\/","title":{"rendered":"Bio Balance Sensivital Ampoules 10 x 3 ml"},"content":{"rendered":"<p >\n<\/p>\n<\/p>\n<p dir=\"ltr\"><b>ADOUCISSANT &#8211; R\u00c9PARATEUR &#8211; NOURRISSANT<\/b><\/p>\n<p dir=\"ltr\">S\u00e9rum adoucissant pour les peaux sensibles \u00e0 s\u00e8ches. Les substances actives apaisent, nourrissent et prot\u00e8gent les types de peaux d\u00e9licats, r\u00e9duisent les rougeurs et restaurent l&rsquo;\u00e9clat.<\/p>\n<p dir=\"ltr\">\n<ul>\n<li>Concentration \u00e9lev\u00e9e d&rsquo;ingr\u00e9dients actifs.<\/li>\n<li>Substances actives \u00e0 effet prouv\u00e9.<\/li>\n<li>Peut \u00eatre utilis\u00e9 en cabine sous les masques de Bio Balance ou \u00e0 domicile comme s\u00e9rum sous la cr\u00e8me de jour ou de nuit.<\/li>\n<li>Id\u00e9al \u00e0 appliquer sous le <u><a href=\"https:\/\/districos.com\/ProductDetail\/7062.05\" target=\"_blank\" rel=\"noopener noreferrer nofollow\">Masque aux Algues Peel-Off Myrtille<\/a><\/u>.<\/li>\n<li>Emballage : 10 ampoules de 3 ml.<\/li>\n<li><font size=\"2\">Vegan.<\/font><\/li>\n<\/ul>\n<div><b>Substances actives<\/b><\/div>\n<div>\n<ul>\n<li>L&rsquo;huile de noyaux d&rsquo;abricot est riche en acides gras et en vitamines A et E. L&rsquo;huile adoucit, nourrit et hydrate la peau.<\/li>\n<li>L&rsquo;extrait de calendula apaise la peau et a une action anti-inflammatoire.<\/li>\n<\/ul>\n<div><b>Conseils d&rsquo;utilisation<\/b><\/div>\n<\/div>\n<div>\n<ul>\n<li>Il est fortement recommand\u00e9 de continuer \u00e0 utiliser les s\u00e9rums \u00e0 domicile afin de traiter plus efficacement les probl\u00e8mes de la peau. Cela peut se faire quotidiennement ou en cure (2 \u00e0 4 semaines) en appliquant le s\u00e9rum le matin ou le soir sur une peau soigneusement nettoy\u00e9e avant la cr\u00e8me de jour ou de nuit.<\/li>\n<li>Cassez les ampoules \u00e0 l&rsquo;aide d&rsquo;un essuie-mains !<\/li>\n<\/ul>\n<div><b>Aussi disponible<\/b><\/div>\n<\/div>\n<div>\n<ul>\n<li>Bio Balance Coup d&rsquo;\u00c9clat Ampoules 10 x 3 ml (<u><a href=\"https:\/\/districos.com\/ProductDetail\/7061.31\" target=\"_blank\" rel=\"noopener noreferrer nofollow\">r\u00e9f. 7061.31<\/a><\/u>)<\/li>\n<li>Bio Balance Ridivital Ampoules 10 x 3 ml (<u><a href=\"https:\/\/districos.com\/ProductDetail\/7061.32\" target=\"_blank\" rel=\"noopener noreferrer nofollow\">r\u00e9f. 7061.32<\/a><\/u>)<\/li>\n<li>Bio Balance Purovital Ampoules 10 x 3 ml (<u><a href=\"https:\/\/districos.com\/ProductDetail\/7061.34\" target=\"_blank\" rel=\"noopener noreferrer nofollow\">r\u00e9f. 7061.34<\/a><\/u>)<\/li>\n<li>Bio Balance Opti-\u00c9clat Ampoules 10 x 3 ml (<u><a href=\"https:\/\/districos.com\/ProductDetail\/7061.35\" target=\"_blank\" rel=\"noopener noreferrer nofollow\">r\u00e9f. 7061.35<\/a><\/u>)<\/li>\n<li>Bio Balance Bustyfirm Ampoules 10 x 3 ml (<u><a href=\"https:\/\/districos.com\/ProductDetail\/7061.36\" target=\"_blank\" rel=\"noopener noreferrer nofollow\">r\u00e9f. 7061.36<\/a><\/u>)<\/li>\n<li>Bio Balance Totalvital Ampoules 10 x 3 ml (<u><a href=\"https:\/\/districos.com\/ProductDetail\/7061.37\" target=\"_blank\" rel=\"noopener noreferrer nofollow\">r\u00e9f. 7061.37<\/a><\/u>)<\/li>\n<li>Bio Balance Oxyvital Ampoules 10 x 3 ml (<u><a href=\"https:\/\/districos.com\/ProductDetail\/7061.39\" target=\"_blank\" rel=\"noopener noreferrer nofollow\">r\u00e9f. 7061.39<\/a><\/u>)<\/li>\n<li>Bio Balance Mix Ampoules Set d&rsquo;Essai (4&#215;1) + (3&#215;2) x 3 ml (<u><a href=\"https:\/\/districos.com\/ProductDetail\/7061.51\" target=\"_blank\" rel=\"noopener noreferrer nofollow\">r\u00e9f. 7061.51<\/a><\/u>)<\/li>\n<li>Bio Balance Mix Ampoules Algae Mask (3+4+3) x 3 ml (<u><a href=\"https:\/\/districos.com\/ProductDetail\/7061.53\" target=\"_blank\" rel=\"noopener noreferrer nofollow\">r\u00e9f. 7061.53<\/a><\/u>)<\/li>\n<li>Bio Balance Mix Ampoules&nbsp;Kit \u00c9tudiant (5+5) x 3 ml (<u><a href=\"https:\/\/districos.com\/ProductDetail\/7061.54\" target=\"_blank\" rel=\"noopener noreferrer nofollow\">r\u00e9f. 7061.54<\/a><\/u>)<\/li>\n<\/ul>\n<\/div>\n","protected":false},"excerpt":{"rendered":"<p>ADOUCISSANT &#8211; R\u00c9PARATEUR &#8211; NOURRISSANT S\u00e9rum adoucissant pour les peaux sensibles \u00e0 s\u00e8ches. Les substances actives apaisent, nourrissent et prot\u00e8gent les types de peaux d\u00e9licats, r\u00e9duisent les rougeurs et restaurent l&rsquo;\u00e9clat. Concentration \u00e9lev\u00e9e d&rsquo;ingr\u00e9dients actifs. Substances actives \u00e0 effet prouv\u00e9. Peut \u00eatre utilis\u00e9 en cabine sous les masques de Bio Balance ou \u00e0 domicile comme [&hellip;]<\/p>\n","protected":false},"featured_media":77282,"comment_status":"open","ping_status":"closed","template":"","meta":{"_acf_changed":false},"product_brand":[10308],"product_cat":[9856],"product_tag":[],"class_list":{"0":"post-136865","1":"product","2":"type-product","3":"status-publish","4":"has-post-thumbnail","6":"product_brand-bb_gelaat-fr","7":"product_cat-beaute-visage-bio-balance-visage","9":"first","10":"instock","11":"taxable","12":"shipping-taxable","13":"product-type-simple"},"acf":[],"yoast_head":"<!-- This site is optimized with the Yoast SEO plugin v27.3 - https:\/\/yoast.com\/product\/yoast-seo-wordpress\/ -->\n<title>Bio Balance Sensivital Ampoules 10 x 3 ml - Districos Webshop<\/title>\n<meta name=\"robots\" content=\"noindex, follow, max-snippet:-1, max-image-preview:large, max-video-preview:-1\" \/>\n<meta property=\"og:locale\" content=\"fr_FR\" \/>\n<meta property=\"og:type\" content=\"article\" \/>\n<meta property=\"og:title\" content=\"Bio Balance Sensivital Ampoules 10 x 3 ml - Districos Webshop\" \/>\n<meta property=\"og:description\" content=\"ADOUCISSANT &#8211; R\u00c9PARATEUR &#8211; NOURRISSANT S\u00e9rum adoucissant pour les peaux sensibles \u00e0 s\u00e8ches. Les substances actives apaisent, nourrissent et prot\u00e8gent les types de peaux d\u00e9licats, r\u00e9duisent les rougeurs et restaurent l&rsquo;\u00e9clat. Concentration \u00e9lev\u00e9e d&rsquo;ingr\u00e9dients actifs. Substances actives \u00e0 effet prouv\u00e9. Peut \u00eatre utilis\u00e9 en cabine sous les masques de Bio Balance ou \u00e0 domicile comme [&hellip;]\" \/>\n<meta property=\"og:url\" content=\"https:\/\/districos.standingout.be\/fr\/product\/bio-balance-sensivital-ampoules-10-x-3-ml-ref-7061-38\/\" \/>\n<meta property=\"og:site_name\" content=\"Districos Webshop\" \/>\n<meta property=\"article:modified_time\" content=\"2026-04-28T07:30:54+00:00\" \/>\n<meta name=\"twitter:card\" content=\"summary_large_image\" \/>\n<meta name=\"twitter:label1\" content=\"Dur\u00e9e de lecture estim\u00e9e\" \/>\n\t<meta name=\"twitter:data1\" content=\"1 minute\" \/>\n<script type=\"application\/ld+json\" class=\"yoast-schema-graph\">{\"@context\":\"https:\\\/\\\/schema.org\",\"@graph\":[{\"@type\":\"WebPage\",\"@id\":\"https:\\\/\\\/districos.standingout.be\\\/fr\\\/product\\\/bio-balance-sensivital-ampoules-10-x-3-ml-ref-7061-38\\\/\",\"url\":\"https:\\\/\\\/districos.standingout.be\\\/fr\\\/product\\\/bio-balance-sensivital-ampoules-10-x-3-ml-ref-7061-38\\\/\",\"name\":\"Bio Balance Sensivital Ampoules 10 x 3 ml - Districos Webshop\",\"isPartOf\":{\"@id\":\"https:\\\/\\\/districos.standingout.be\\\/fr\\\/#website\"},\"primaryImageOfPage\":{\"@id\":\"https:\\\/\\\/districos.standingout.be\\\/fr\\\/product\\\/bio-balance-sensivital-ampoules-10-x-3-ml-ref-7061-38\\\/#primaryimage\"},\"image\":{\"@id\":\"https:\\\/\\\/districos.standingout.be\\\/fr\\\/product\\\/bio-balance-sensivital-ampoules-10-x-3-ml-ref-7061-38\\\/#primaryimage\"},\"thumbnailUrl\":\"https:\\\/\\\/districos.standingout.be\\\/wp-content\\\/uploads\\\/2025\\\/07\\\/7061.38@LowRes_1.png\",\"datePublished\":\"2026-04-28T07:30:48+00:00\",\"dateModified\":\"2026-04-28T07:30:54+00:00\",\"breadcrumb\":{\"@id\":\"https:\\\/\\\/districos.standingout.be\\\/fr\\\/product\\\/bio-balance-sensivital-ampoules-10-x-3-ml-ref-7061-38\\\/#breadcrumb\"},\"inLanguage\":\"fr-FR\",\"potentialAction\":[{\"@type\":\"ReadAction\",\"target\":[\"https:\\\/\\\/districos.standingout.be\\\/fr\\\/product\\\/bio-balance-sensivital-ampoules-10-x-3-ml-ref-7061-38\\\/\"]}]},{\"@type\":\"ImageObject\",\"inLanguage\":\"fr-FR\",\"@id\":\"https:\\\/\\\/districos.standingout.be\\\/fr\\\/product\\\/bio-balance-sensivital-ampoules-10-x-3-ml-ref-7061-38\\\/#primaryimage\",\"url\":\"https:\\\/\\\/districos.standingout.be\\\/wp-content\\\/uploads\\\/2025\\\/07\\\/7061.38@LowRes_1.png\",\"contentUrl\":\"https:\\\/\\\/districos.standingout.be\\\/wp-content\\\/uploads\\\/2025\\\/07\\\/7061.38@LowRes_1.png\",\"width\":600,\"height\":600},{\"@type\":\"BreadcrumbList\",\"@id\":\"https:\\\/\\\/districos.standingout.be\\\/fr\\\/product\\\/bio-balance-sensivital-ampoules-10-x-3-ml-ref-7061-38\\\/#breadcrumb\",\"itemListElement\":[{\"@type\":\"ListItem\",\"position\":1,\"name\":\"Home\",\"item\":\"https:\\\/\\\/districos.standingout.be\\\/fr\\\/bienvenue-chez-districos\\\/\"},{\"@type\":\"ListItem\",\"position\":2,\"name\":\"Boutique\",\"item\":\"https:\\\/\\\/districos.standingout.be\\\/fr\\\/boutique\\\/\"},{\"@type\":\"ListItem\",\"position\":3,\"name\":\"Bio Balance Sensivital Ampoules 10 x 3 ml\"}]},{\"@type\":\"WebSite\",\"@id\":\"https:\\\/\\\/districos.standingout.be\\\/fr\\\/#website\",\"url\":\"https:\\\/\\\/districos.standingout.be\\\/fr\\\/\",\"name\":\"Districos Webshop\",\"description\":\"\",\"publisher\":{\"@id\":\"https:\\\/\\\/districos.standingout.be\\\/fr\\\/#organization\"},\"potentialAction\":[{\"@type\":\"SearchAction\",\"target\":{\"@type\":\"EntryPoint\",\"urlTemplate\":\"https:\\\/\\\/districos.standingout.be\\\/fr\\\/?s={search_term_string}\"},\"query-input\":{\"@type\":\"PropertyValueSpecification\",\"valueRequired\":true,\"valueName\":\"search_term_string\"}}],\"inLanguage\":\"fr-FR\"},{\"@type\":\"Organization\",\"@id\":\"https:\\\/\\\/districos.standingout.be\\\/fr\\\/#organization\",\"name\":\"Districos Webshop\",\"url\":\"https:\\\/\\\/districos.standingout.be\\\/fr\\\/\",\"logo\":{\"@type\":\"ImageObject\",\"inLanguage\":\"fr-FR\",\"@id\":\"https:\\\/\\\/districos.standingout.be\\\/fr\\\/#\\\/schema\\\/logo\\\/image\\\/\",\"url\":\"https:\\\/\\\/districos.standingout.be\\\/wp-content\\\/uploads\\\/2022\\\/09\\\/Districos_Logo_Webshop.svg\",\"contentUrl\":\"https:\\\/\\\/districos.standingout.be\\\/wp-content\\\/uploads\\\/2022\\\/09\\\/Districos_Logo_Webshop.svg\",\"caption\":\"Districos Webshop\"},\"image\":{\"@id\":\"https:\\\/\\\/districos.standingout.be\\\/fr\\\/#\\\/schema\\\/logo\\\/image\\\/\"}}]}<\/script>\n<!-- \/ Yoast SEO plugin. -->","yoast_head_json":{"title":"Bio Balance Sensivital Ampoules 10 x 3 ml - Districos Webshop","robots":{"index":"noindex","follow":"follow","max-snippet":"max-snippet:-1","max-image-preview":"max-image-preview:large","max-video-preview":"max-video-preview:-1"},"og_locale":"fr_FR","og_type":"article","og_title":"Bio Balance Sensivital Ampoules 10 x 3 ml - Districos Webshop","og_description":"ADOUCISSANT &#8211; R\u00c9PARATEUR &#8211; NOURRISSANT S\u00e9rum adoucissant pour les peaux sensibles \u00e0 s\u00e8ches. Les substances actives apaisent, nourrissent et prot\u00e8gent les types de peaux d\u00e9licats, r\u00e9duisent les rougeurs et restaurent l&rsquo;\u00e9clat. Concentration \u00e9lev\u00e9e d&rsquo;ingr\u00e9dients actifs. Substances actives \u00e0 effet prouv\u00e9. Peut \u00eatre utilis\u00e9 en cabine sous les masques de Bio Balance ou \u00e0 domicile comme [&hellip;]","og_url":"https:\/\/districos.standingout.be\/fr\/product\/bio-balance-sensivital-ampoules-10-x-3-ml-ref-7061-38\/","og_site_name":"Districos Webshop","article_modified_time":"2026-04-28T07:30:54+00:00","twitter_card":"summary_large_image","twitter_misc":{"Dur\u00e9e de lecture estim\u00e9e":"1 minute"},"schema":{"@context":"https:\/\/schema.org","@graph":[{"@type":"WebPage","@id":"https:\/\/districos.standingout.be\/fr\/product\/bio-balance-sensivital-ampoules-10-x-3-ml-ref-7061-38\/","url":"https:\/\/districos.standingout.be\/fr\/product\/bio-balance-sensivital-ampoules-10-x-3-ml-ref-7061-38\/","name":"Bio Balance Sensivital Ampoules 10 x 3 ml - Districos Webshop","isPartOf":{"@id":"https:\/\/districos.standingout.be\/fr\/#website"},"primaryImageOfPage":{"@id":"https:\/\/districos.standingout.be\/fr\/product\/bio-balance-sensivital-ampoules-10-x-3-ml-ref-7061-38\/#primaryimage"},"image":{"@id":"https:\/\/districos.standingout.be\/fr\/product\/bio-balance-sensivital-ampoules-10-x-3-ml-ref-7061-38\/#primaryimage"},"thumbnailUrl":"https:\/\/districos.standingout.be\/wp-content\/uploads\/2025\/07\/7061.38@LowRes_1.png","datePublished":"2026-04-28T07:30:48+00:00","dateModified":"2026-04-28T07:30:54+00:00","breadcrumb":{"@id":"https:\/\/districos.standingout.be\/fr\/product\/bio-balance-sensivital-ampoules-10-x-3-ml-ref-7061-38\/#breadcrumb"},"inLanguage":"fr-FR","potentialAction":[{"@type":"ReadAction","target":["https:\/\/districos.standingout.be\/fr\/product\/bio-balance-sensivital-ampoules-10-x-3-ml-ref-7061-38\/"]}]},{"@type":"ImageObject","inLanguage":"fr-FR","@id":"https:\/\/districos.standingout.be\/fr\/product\/bio-balance-sensivital-ampoules-10-x-3-ml-ref-7061-38\/#primaryimage","url":"https:\/\/districos.standingout.be\/wp-content\/uploads\/2025\/07\/7061.38@LowRes_1.png","contentUrl":"https:\/\/districos.standingout.be\/wp-content\/uploads\/2025\/07\/7061.38@LowRes_1.png","width":600,"height":600},{"@type":"BreadcrumbList","@id":"https:\/\/districos.standingout.be\/fr\/product\/bio-balance-sensivital-ampoules-10-x-3-ml-ref-7061-38\/#breadcrumb","itemListElement":[{"@type":"ListItem","position":1,"name":"Home","item":"https:\/\/districos.standingout.be\/fr\/bienvenue-chez-districos\/"},{"@type":"ListItem","position":2,"name":"Boutique","item":"https:\/\/districos.standingout.be\/fr\/boutique\/"},{"@type":"ListItem","position":3,"name":"Bio Balance Sensivital Ampoules 10 x 3 ml"}]},{"@type":"WebSite","@id":"https:\/\/districos.standingout.be\/fr\/#website","url":"https:\/\/districos.standingout.be\/fr\/","name":"Districos Webshop","description":"","publisher":{"@id":"https:\/\/districos.standingout.be\/fr\/#organization"},"potentialAction":[{"@type":"SearchAction","target":{"@type":"EntryPoint","urlTemplate":"https:\/\/districos.standingout.be\/fr\/?s={search_term_string}"},"query-input":{"@type":"PropertyValueSpecification","valueRequired":true,"valueName":"search_term_string"}}],"inLanguage":"fr-FR"},{"@type":"Organization","@id":"https:\/\/districos.standingout.be\/fr\/#organization","name":"Districos Webshop","url":"https:\/\/districos.standingout.be\/fr\/","logo":{"@type":"ImageObject","inLanguage":"fr-FR","@id":"https:\/\/districos.standingout.be\/fr\/#\/schema\/logo\/image\/","url":"https:\/\/districos.standingout.be\/wp-content\/uploads\/2022\/09\/Districos_Logo_Webshop.svg","contentUrl":"https:\/\/districos.standingout.be\/wp-content\/uploads\/2022\/09\/Districos_Logo_Webshop.svg","caption":"Districos Webshop"},"image":{"@id":"https:\/\/districos.standingout.be\/fr\/#\/schema\/logo\/image\/"}}]}},"_links":{"self":[{"href":"https:\/\/districos.standingout.be\/fr\/wp-json\/wp\/v2\/product\/136865","targetHints":{"allow":["GET"]}}],"collection":[{"href":"https:\/\/districos.standingout.be\/fr\/wp-json\/wp\/v2\/product"}],"about":[{"href":"https:\/\/districos.standingout.be\/fr\/wp-json\/wp\/v2\/types\/product"}],"replies":[{"embeddable":true,"href":"https:\/\/districos.standingout.be\/fr\/wp-json\/wp\/v2\/comments?post=136865"}],"wp:featuredmedia":[{"embeddable":true,"href":"https:\/\/districos.standingout.be\/fr\/wp-json\/wp\/v2\/media\/77282"}],"wp:attachment":[{"href":"https:\/\/districos.standingout.be\/fr\/wp-json\/wp\/v2\/media?parent=136865"}],"wp:term":[{"taxonomy":"product_brand","embeddable":true,"href":"https:\/\/districos.standingout.be\/fr\/wp-json\/wp\/v2\/product_brand?post=136865"},{"taxonomy":"product_cat","embeddable":true,"href":"https:\/\/districos.standingout.be\/fr\/wp-json\/wp\/v2\/product_cat?post=136865"},{"taxonomy":"product_tag","embeddable":true,"href":"https:\/\/districos.standingout.be\/fr\/wp-json\/wp\/v2\/product_tag?post=136865"}],"curies":[{"name":"wp","href":"https:\/\/api.w.org\/{rel}","templated":true}]}}