{"id":136867,"date":"2026-04-28T09:30:54","date_gmt":"2026-04-28T07:30:54","guid":{"rendered":"https:\/\/webshopdistricoscom.webhosting.be\/product\/bio-balance-oxyvital-ampoules-10-x-3-ml-ref-7061-39\/"},"modified":"2026-04-28T09:31:02","modified_gmt":"2026-04-28T07:31:02","slug":"bio-balance-oxyvital-ampoules-10-x-3-ml-ref-7061-39","status":"publish","type":"product","link":"https:\/\/districos.standingout.be\/fr\/product\/bio-balance-oxyvital-ampoules-10-x-3-ml-ref-7061-39\/","title":{"rendered":"Bio Balance Oxyvital Ampoules 10 x 3 ml"},"content":{"rendered":"<p >\n<\/p>\n<p dir=\"ltr\"><b>RENOVATEUR CELLULAIRE &#8211; REVITALISANT &#8211; PROTECTEUR<\/b><\/p>\n<p dir=\"ltr\">S\u00e9rum revitalisant pour les peaux ternes ou affaiblies. Il relance la respiration cellulaire et acc\u00e9l\u00e8re la r\u00e9g\u00e9n\u00e9ration cellulaire pour revitaliser la peau. Gr\u00e2ce \u00e0 la formule unique, la peau peut mieux se d\u00e9fendre contre la fatigue, le stress et le vieillissement. R\u00e9sultat : une peau plus fra\u00eeche et \u00e9clatante.<\/p>\n<p dir=\"ltr\">\n<ul>\n<li>Concentration \u00e9lev\u00e9e d&rsquo;ingr\u00e9dients actifs.<\/li>\n<li>Substances actives \u00e0 effet prouv\u00e9.<\/li>\n<li>Peut \u00eatre utilis\u00e9 en cabine sous les masques de Bio Balance ou \u00e0 domicile comme s\u00e9rum sous la cr\u00e8me de jour ou de nuit.<\/li>\n<li>Id\u00e9al \u00e0 appliquer sous le <u><a href=\"https:\/\/districos.com\/ProductDetail\/7062.02\" target=\"_blank\" rel=\"noopener noreferrer nofollow\">Masque aux Algues Peel-Off Ac\u00e9rola<\/a><\/u>.<\/li>\n<li>Emballage : 10 ampoules de 3 ml.<\/li>\n<li><font size=\"2\">Vegan.<\/font><\/li>\n<\/ul>\n<div><b>Substances actives<\/b><\/div>\n<div>\n<ul>\n<li>Il est prouv\u00e9 que les prot\u00e9ines de soja peuvent prolonger la vie des cellules. Gr\u00e2ce \u00e0 une meilleure absorption de l&rsquo;oxyg\u00e8ne et \u00e0 une activit\u00e9 cellulaire accrue, les cellules se renouvellent \u00e9galement plus vite.<\/li>\n<li>La grande Capucine am\u00e9liore l&rsquo;apport en oxyg\u00e8ne de la peau et prot\u00e8ge la peau contre le stress, la pollution et la fatigue.<\/li>\n<li>L&rsquo;acide hyaluronique est un repulpeur naturel qui hydrate la peau intens\u00e9ment et qui apaise les rides et ridules.<\/li>\n<\/ul>\n<div><b>Conseils d&rsquo;utilisation<\/b><\/div>\n<\/div>\n<div>\n<ul>\n<li>Il est fortement recommand\u00e9 de continuer \u00e0 utiliser les s\u00e9rums \u00e0 domicile afin de traiter plus efficacement les probl\u00e8mes de la peau. Cela peut se faire quotidiennement ou en cure (2 \u00e0 4 semaines) en appliquant le s\u00e9rum le matin ou le soir sur une peau soigneusement nettoy\u00e9e avant la cr\u00e8me de jour ou de nuit.<\/li>\n<li>Cassez les ampoules \u00e0 l&rsquo;aide d&rsquo;un essuie-mains !<\/li>\n<\/ul>\n<div><b>Aussi disponible<\/b><\/div>\n<\/div>\n<div>\n<ul>\n<li>Bio Balance Coup d&rsquo;\u00c9clat Ampoules 10 x 3 ml (<u><a href=\"https:\/\/districos.com\/ProductDetail\/7061.31\" target=\"_blank\" rel=\"noopener noreferrer nofollow\">r\u00e9f. 7061.31<\/a><\/u>)<\/li>\n<li>Bio Balance Ridivital Ampoules 10 x 3 ml (<u><a href=\"https:\/\/districos.com\/ProductDetail\/7061.32\" target=\"_blank\" rel=\"noopener noreferrer nofollow\">r\u00e9f. 7061.32<\/a><\/u>)<\/li>\n<li>Bio Balance Purovital Ampoules 10 x 3 ml (<u><a href=\"https:\/\/districos.com\/ProductDetail\/7061.34\" target=\"_blank\" rel=\"noopener noreferrer nofollow\">r\u00e9f. 7061.34<\/a><\/u>)<\/li>\n<li>Bio Balance Opti-\u00c9clat Ampoules 10 x 3 ml (<u><a href=\"https:\/\/districos.com\/ProductDetail\/7061.35\" target=\"_blank\" rel=\"noopener noreferrer nofollow\">r\u00e9f. 7061.35<\/a><\/u>)<\/li>\n<li>Bio Balance Bustyfirm Ampoules 10 x 3 ml (<u><a href=\"https:\/\/districos.com\/ProductDetail\/7061.36\" target=\"_blank\" rel=\"noopener noreferrer nofollow\">r\u00e9f. 7061.36<\/a><\/u>)<\/li>\n<li>Bio Balance Totalvital Ampoules 10 x 3 ml (<u><a href=\"https:\/\/districos.com\/ProductDetail\/7061.37\" target=\"_blank\" rel=\"noopener noreferrer nofollow\">r\u00e9f. 7061.37<\/a><\/u>)<\/li>\n<li>Bio Balance Sensivital Ampoules 10 x 3 ml (<u><a href=\"https:\/\/districos.com\/ProductDetail\/7061.38\" target=\"_blank\" rel=\"noopener noreferrer nofollow\">r\u00e9f. 7061.38<\/a><\/u>)<\/li>\n<li>Bio Balance Mix Ampoules Set d&rsquo;Essai (4&#215;1) + (3&#215;2) x 3 ml (<u><a href=\"https:\/\/districos.com\/ProductDetail\/7061.51\" target=\"_blank\" rel=\"noopener noreferrer nofollow\">r\u00e9f. 7061.51<\/a><\/u>)<\/li>\n<li>Bio Balance Mix Ampoules Algae Mask (3+4+3) x 3 ml (<u><a href=\"https:\/\/districos.com\/ProductDetail\/7061.53\" target=\"_blank\" rel=\"noopener noreferrer nofollow\">r\u00e9f. 7061.53<\/a><\/u>)<\/li>\n<li>Bio Balance Mix Ampoules&nbsp;Kit \u00c9tudiant (5+5) x 3 ml (<u><a href=\"https:\/\/districos.com\/ProductDetail\/7061.54\" target=\"_blank\" rel=\"noopener noreferrer nofollow\">r\u00e9f. 7061.54<\/a><\/u>)<\/li>\n<\/ul>\n<\/div>\n","protected":false},"excerpt":{"rendered":"<p>RENOVATEUR CELLULAIRE &#8211; REVITALISANT &#8211; PROTECTEUR S\u00e9rum revitalisant pour les peaux ternes ou affaiblies. Il relance la respiration cellulaire et acc\u00e9l\u00e8re la r\u00e9g\u00e9n\u00e9ration cellulaire pour revitaliser la peau. Gr\u00e2ce \u00e0 la formule unique, la peau peut mieux se d\u00e9fendre contre la fatigue, le stress et le vieillissement. R\u00e9sultat : une peau plus fra\u00eeche et \u00e9clatante. [&hellip;]<\/p>\n","protected":false},"featured_media":77288,"comment_status":"open","ping_status":"closed","template":"","meta":{"_acf_changed":false},"product_brand":[10308],"product_cat":[9856],"product_tag":[],"class_list":{"0":"post-136867","1":"product","2":"type-product","3":"status-publish","4":"has-post-thumbnail","6":"product_brand-bb_gelaat-fr","7":"product_cat-beaute-visage-bio-balance-visage","9":"first","10":"instock","11":"taxable","12":"shipping-taxable","13":"product-type-simple"},"acf":[],"yoast_head":"<!-- This site is optimized with the Yoast SEO plugin v27.3 - https:\/\/yoast.com\/product\/yoast-seo-wordpress\/ -->\n<title>Bio Balance Oxyvital Ampoules 10 x 3 ml - Districos Webshop<\/title>\n<meta name=\"robots\" content=\"noindex, follow, max-snippet:-1, max-image-preview:large, max-video-preview:-1\" \/>\n<meta property=\"og:locale\" content=\"fr_FR\" \/>\n<meta property=\"og:type\" content=\"article\" \/>\n<meta property=\"og:title\" content=\"Bio Balance Oxyvital Ampoules 10 x 3 ml - Districos Webshop\" \/>\n<meta property=\"og:description\" content=\"RENOVATEUR CELLULAIRE &#8211; REVITALISANT &#8211; PROTECTEUR S\u00e9rum revitalisant pour les peaux ternes ou affaiblies. Il relance la respiration cellulaire et acc\u00e9l\u00e8re la r\u00e9g\u00e9n\u00e9ration cellulaire pour revitaliser la peau. Gr\u00e2ce \u00e0 la formule unique, la peau peut mieux se d\u00e9fendre contre la fatigue, le stress et le vieillissement. R\u00e9sultat : une peau plus fra\u00eeche et \u00e9clatante. [&hellip;]\" \/>\n<meta property=\"og:url\" content=\"https:\/\/districos.standingout.be\/fr\/product\/bio-balance-oxyvital-ampoules-10-x-3-ml-ref-7061-39\/\" \/>\n<meta property=\"og:site_name\" content=\"Districos Webshop\" \/>\n<meta property=\"article:modified_time\" content=\"2026-04-28T07:31:02+00:00\" \/>\n<meta name=\"twitter:card\" content=\"summary_large_image\" \/>\n<meta name=\"twitter:label1\" content=\"Dur\u00e9e de lecture estim\u00e9e\" \/>\n\t<meta name=\"twitter:data1\" content=\"2 minutes\" \/>\n<script type=\"application\/ld+json\" class=\"yoast-schema-graph\">{\"@context\":\"https:\\\/\\\/schema.org\",\"@graph\":[{\"@type\":\"WebPage\",\"@id\":\"https:\\\/\\\/districos.standingout.be\\\/fr\\\/product\\\/bio-balance-oxyvital-ampoules-10-x-3-ml-ref-7061-39\\\/\",\"url\":\"https:\\\/\\\/districos.standingout.be\\\/fr\\\/product\\\/bio-balance-oxyvital-ampoules-10-x-3-ml-ref-7061-39\\\/\",\"name\":\"Bio Balance Oxyvital Ampoules 10 x 3 ml - Districos Webshop\",\"isPartOf\":{\"@id\":\"https:\\\/\\\/districos.standingout.be\\\/fr\\\/#website\"},\"primaryImageOfPage\":{\"@id\":\"https:\\\/\\\/districos.standingout.be\\\/fr\\\/product\\\/bio-balance-oxyvital-ampoules-10-x-3-ml-ref-7061-39\\\/#primaryimage\"},\"image\":{\"@id\":\"https:\\\/\\\/districos.standingout.be\\\/fr\\\/product\\\/bio-balance-oxyvital-ampoules-10-x-3-ml-ref-7061-39\\\/#primaryimage\"},\"thumbnailUrl\":\"https:\\\/\\\/districos.standingout.be\\\/wp-content\\\/uploads\\\/2025\\\/07\\\/7061.39@LowRes_1.png\",\"datePublished\":\"2026-04-28T07:30:54+00:00\",\"dateModified\":\"2026-04-28T07:31:02+00:00\",\"breadcrumb\":{\"@id\":\"https:\\\/\\\/districos.standingout.be\\\/fr\\\/product\\\/bio-balance-oxyvital-ampoules-10-x-3-ml-ref-7061-39\\\/#breadcrumb\"},\"inLanguage\":\"fr-FR\",\"potentialAction\":[{\"@type\":\"ReadAction\",\"target\":[\"https:\\\/\\\/districos.standingout.be\\\/fr\\\/product\\\/bio-balance-oxyvital-ampoules-10-x-3-ml-ref-7061-39\\\/\"]}]},{\"@type\":\"ImageObject\",\"inLanguage\":\"fr-FR\",\"@id\":\"https:\\\/\\\/districos.standingout.be\\\/fr\\\/product\\\/bio-balance-oxyvital-ampoules-10-x-3-ml-ref-7061-39\\\/#primaryimage\",\"url\":\"https:\\\/\\\/districos.standingout.be\\\/wp-content\\\/uploads\\\/2025\\\/07\\\/7061.39@LowRes_1.png\",\"contentUrl\":\"https:\\\/\\\/districos.standingout.be\\\/wp-content\\\/uploads\\\/2025\\\/07\\\/7061.39@LowRes_1.png\",\"width\":600,\"height\":600},{\"@type\":\"BreadcrumbList\",\"@id\":\"https:\\\/\\\/districos.standingout.be\\\/fr\\\/product\\\/bio-balance-oxyvital-ampoules-10-x-3-ml-ref-7061-39\\\/#breadcrumb\",\"itemListElement\":[{\"@type\":\"ListItem\",\"position\":1,\"name\":\"Home\",\"item\":\"https:\\\/\\\/districos.standingout.be\\\/fr\\\/bienvenue-chez-districos\\\/\"},{\"@type\":\"ListItem\",\"position\":2,\"name\":\"Boutique\",\"item\":\"https:\\\/\\\/districos.standingout.be\\\/fr\\\/boutique\\\/\"},{\"@type\":\"ListItem\",\"position\":3,\"name\":\"Bio Balance Oxyvital Ampoules 10 x 3 ml\"}]},{\"@type\":\"WebSite\",\"@id\":\"https:\\\/\\\/districos.standingout.be\\\/fr\\\/#website\",\"url\":\"https:\\\/\\\/districos.standingout.be\\\/fr\\\/\",\"name\":\"Districos Webshop\",\"description\":\"\",\"publisher\":{\"@id\":\"https:\\\/\\\/districos.standingout.be\\\/fr\\\/#organization\"},\"potentialAction\":[{\"@type\":\"SearchAction\",\"target\":{\"@type\":\"EntryPoint\",\"urlTemplate\":\"https:\\\/\\\/districos.standingout.be\\\/fr\\\/?s={search_term_string}\"},\"query-input\":{\"@type\":\"PropertyValueSpecification\",\"valueRequired\":true,\"valueName\":\"search_term_string\"}}],\"inLanguage\":\"fr-FR\"},{\"@type\":\"Organization\",\"@id\":\"https:\\\/\\\/districos.standingout.be\\\/fr\\\/#organization\",\"name\":\"Districos Webshop\",\"url\":\"https:\\\/\\\/districos.standingout.be\\\/fr\\\/\",\"logo\":{\"@type\":\"ImageObject\",\"inLanguage\":\"fr-FR\",\"@id\":\"https:\\\/\\\/districos.standingout.be\\\/fr\\\/#\\\/schema\\\/logo\\\/image\\\/\",\"url\":\"https:\\\/\\\/districos.standingout.be\\\/wp-content\\\/uploads\\\/2022\\\/09\\\/Districos_Logo_Webshop.svg\",\"contentUrl\":\"https:\\\/\\\/districos.standingout.be\\\/wp-content\\\/uploads\\\/2022\\\/09\\\/Districos_Logo_Webshop.svg\",\"caption\":\"Districos Webshop\"},\"image\":{\"@id\":\"https:\\\/\\\/districos.standingout.be\\\/fr\\\/#\\\/schema\\\/logo\\\/image\\\/\"}}]}<\/script>\n<!-- \/ Yoast SEO plugin. -->","yoast_head_json":{"title":"Bio Balance Oxyvital Ampoules 10 x 3 ml - Districos Webshop","robots":{"index":"noindex","follow":"follow","max-snippet":"max-snippet:-1","max-image-preview":"max-image-preview:large","max-video-preview":"max-video-preview:-1"},"og_locale":"fr_FR","og_type":"article","og_title":"Bio Balance Oxyvital Ampoules 10 x 3 ml - Districos Webshop","og_description":"RENOVATEUR CELLULAIRE &#8211; REVITALISANT &#8211; PROTECTEUR S\u00e9rum revitalisant pour les peaux ternes ou affaiblies. Il relance la respiration cellulaire et acc\u00e9l\u00e8re la r\u00e9g\u00e9n\u00e9ration cellulaire pour revitaliser la peau. Gr\u00e2ce \u00e0 la formule unique, la peau peut mieux se d\u00e9fendre contre la fatigue, le stress et le vieillissement. R\u00e9sultat : une peau plus fra\u00eeche et \u00e9clatante. [&hellip;]","og_url":"https:\/\/districos.standingout.be\/fr\/product\/bio-balance-oxyvital-ampoules-10-x-3-ml-ref-7061-39\/","og_site_name":"Districos Webshop","article_modified_time":"2026-04-28T07:31:02+00:00","twitter_card":"summary_large_image","twitter_misc":{"Dur\u00e9e de lecture estim\u00e9e":"2 minutes"},"schema":{"@context":"https:\/\/schema.org","@graph":[{"@type":"WebPage","@id":"https:\/\/districos.standingout.be\/fr\/product\/bio-balance-oxyvital-ampoules-10-x-3-ml-ref-7061-39\/","url":"https:\/\/districos.standingout.be\/fr\/product\/bio-balance-oxyvital-ampoules-10-x-3-ml-ref-7061-39\/","name":"Bio Balance Oxyvital Ampoules 10 x 3 ml - Districos Webshop","isPartOf":{"@id":"https:\/\/districos.standingout.be\/fr\/#website"},"primaryImageOfPage":{"@id":"https:\/\/districos.standingout.be\/fr\/product\/bio-balance-oxyvital-ampoules-10-x-3-ml-ref-7061-39\/#primaryimage"},"image":{"@id":"https:\/\/districos.standingout.be\/fr\/product\/bio-balance-oxyvital-ampoules-10-x-3-ml-ref-7061-39\/#primaryimage"},"thumbnailUrl":"https:\/\/districos.standingout.be\/wp-content\/uploads\/2025\/07\/7061.39@LowRes_1.png","datePublished":"2026-04-28T07:30:54+00:00","dateModified":"2026-04-28T07:31:02+00:00","breadcrumb":{"@id":"https:\/\/districos.standingout.be\/fr\/product\/bio-balance-oxyvital-ampoules-10-x-3-ml-ref-7061-39\/#breadcrumb"},"inLanguage":"fr-FR","potentialAction":[{"@type":"ReadAction","target":["https:\/\/districos.standingout.be\/fr\/product\/bio-balance-oxyvital-ampoules-10-x-3-ml-ref-7061-39\/"]}]},{"@type":"ImageObject","inLanguage":"fr-FR","@id":"https:\/\/districos.standingout.be\/fr\/product\/bio-balance-oxyvital-ampoules-10-x-3-ml-ref-7061-39\/#primaryimage","url":"https:\/\/districos.standingout.be\/wp-content\/uploads\/2025\/07\/7061.39@LowRes_1.png","contentUrl":"https:\/\/districos.standingout.be\/wp-content\/uploads\/2025\/07\/7061.39@LowRes_1.png","width":600,"height":600},{"@type":"BreadcrumbList","@id":"https:\/\/districos.standingout.be\/fr\/product\/bio-balance-oxyvital-ampoules-10-x-3-ml-ref-7061-39\/#breadcrumb","itemListElement":[{"@type":"ListItem","position":1,"name":"Home","item":"https:\/\/districos.standingout.be\/fr\/bienvenue-chez-districos\/"},{"@type":"ListItem","position":2,"name":"Boutique","item":"https:\/\/districos.standingout.be\/fr\/boutique\/"},{"@type":"ListItem","position":3,"name":"Bio Balance Oxyvital Ampoules 10 x 3 ml"}]},{"@type":"WebSite","@id":"https:\/\/districos.standingout.be\/fr\/#website","url":"https:\/\/districos.standingout.be\/fr\/","name":"Districos Webshop","description":"","publisher":{"@id":"https:\/\/districos.standingout.be\/fr\/#organization"},"potentialAction":[{"@type":"SearchAction","target":{"@type":"EntryPoint","urlTemplate":"https:\/\/districos.standingout.be\/fr\/?s={search_term_string}"},"query-input":{"@type":"PropertyValueSpecification","valueRequired":true,"valueName":"search_term_string"}}],"inLanguage":"fr-FR"},{"@type":"Organization","@id":"https:\/\/districos.standingout.be\/fr\/#organization","name":"Districos Webshop","url":"https:\/\/districos.standingout.be\/fr\/","logo":{"@type":"ImageObject","inLanguage":"fr-FR","@id":"https:\/\/districos.standingout.be\/fr\/#\/schema\/logo\/image\/","url":"https:\/\/districos.standingout.be\/wp-content\/uploads\/2022\/09\/Districos_Logo_Webshop.svg","contentUrl":"https:\/\/districos.standingout.be\/wp-content\/uploads\/2022\/09\/Districos_Logo_Webshop.svg","caption":"Districos Webshop"},"image":{"@id":"https:\/\/districos.standingout.be\/fr\/#\/schema\/logo\/image\/"}}]}},"_links":{"self":[{"href":"https:\/\/districos.standingout.be\/fr\/wp-json\/wp\/v2\/product\/136867","targetHints":{"allow":["GET"]}}],"collection":[{"href":"https:\/\/districos.standingout.be\/fr\/wp-json\/wp\/v2\/product"}],"about":[{"href":"https:\/\/districos.standingout.be\/fr\/wp-json\/wp\/v2\/types\/product"}],"replies":[{"embeddable":true,"href":"https:\/\/districos.standingout.be\/fr\/wp-json\/wp\/v2\/comments?post=136867"}],"wp:featuredmedia":[{"embeddable":true,"href":"https:\/\/districos.standingout.be\/fr\/wp-json\/wp\/v2\/media\/77288"}],"wp:attachment":[{"href":"https:\/\/districos.standingout.be\/fr\/wp-json\/wp\/v2\/media?parent=136867"}],"wp:term":[{"taxonomy":"product_brand","embeddable":true,"href":"https:\/\/districos.standingout.be\/fr\/wp-json\/wp\/v2\/product_brand?post=136867"},{"taxonomy":"product_cat","embeddable":true,"href":"https:\/\/districos.standingout.be\/fr\/wp-json\/wp\/v2\/product_cat?post=136867"},{"taxonomy":"product_tag","embeddable":true,"href":"https:\/\/districos.standingout.be\/fr\/wp-json\/wp\/v2\/product_tag?post=136867"}],"curies":[{"name":"wp","href":"https:\/\/api.w.org\/{rel}","templated":true}]}}