{"id":136869,"date":"2026-04-28T09:31:02","date_gmt":"2026-04-28T07:31:02","guid":{"rendered":"https:\/\/webshopdistricoscom.webhosting.be\/product\/bio-balance-hydravital-ampoules-10-x-3-ml-ref-7061-40\/"},"modified":"2026-04-28T09:31:10","modified_gmt":"2026-04-28T07:31:10","slug":"bio-balance-hydravital-ampoules-10-x-3-ml-ref-7061-40","status":"publish","type":"product","link":"https:\/\/districos.standingout.be\/fr\/product\/bio-balance-hydravital-ampoules-10-x-3-ml-ref-7061-40\/","title":{"rendered":"Bio Balance Hydravital Ampoules 10 x 3 ml"},"content":{"rendered":"<p >\n<p><b><span>HYDRATANT &#8211; LIFTANT \u2013 RAFFERMISSANT<\/span><\/b><\/p>\n<p><span lang=\"FR\">D\u00e9couvrez les avantages d\u2019Hydravital, un s\u00e9rum puissant qui offre \u00e0 la peau l\u2019hydratation <o:p><\/o:p><\/span><\/p>\n<p><span lang=\"FR\">n\u00e9cessaire jusqu\u2019\u00e0 24 heures. La combinaison unique d\u2019ingr\u00e9dients hydrate et nourrit <o:p><\/o:p><\/span><\/p>\n<p><span lang=\"FR\">intens\u00e9ment la peau, ce qui r\u00e9sulte en une peau repulp\u00e9e, plus douce et plus souple avec <o:p><\/o:p><\/span><\/p>\n<p><span>un aspect moins fatigu\u00e9.<o:p><\/o:p><\/span><\/p>\n<p><span lang=\"FR\"><b>Substances actives<\/b><o:p><\/o:p><\/span><\/p>\n<ul type=\"disc\">\n<li><span lang=\"FR\">L\u2019 \u2019extrait de racine d\u2019imp\u00e9rate cylindrique assure une hydratation durable et retient l\u2019eau dans la peau jusqu\u2019\u00e0 24 heures.<o:p><\/o:p><\/span><\/li>\n<li><span lang=\"FR\">L\u2019extrait de Baobab africain adoucit et hydrate la peau et lui donne un aspect repulp\u00e9, plus souple et moins fatigu\u00e9.<o:p><\/o:p><\/span><\/li>\n<li><span lang=\"FR\">L&rsquo;acide hyaluronique, un puissant hydratant, procure une hydratation profonde pour une peau douce et plus souple. Il r\u00e9duit \u00e9galement les rides et ridules.<o:p><\/o:p><\/span><\/li>\n<\/ul>\n<p><span lang=\"FR\"><b>Conseils d\u2019utilisation<\/b><o:p><\/o:p><\/span><\/p>\n<ul type=\"disc\">\n<li><span>Le s\u00e9rum peut \u00eatre utilis\u00e9 sous diff\u00e9rents types de masques dans la cabine. Peut aussi \u00eatre appliqu\u00e9 quotidiennement comme s\u00e9rum sous la cr\u00e8me de jour ou de nuit. <o:p><\/o:p><\/span><\/li>\n<li><span lang=\"FR\">Cassez les ampoules \u00e0 l&rsquo;aide d&rsquo;un essuie-mains !<o:p><\/o:p><\/span><\/li>\n<\/ul>\n<p><span lang=\"FR\"><b>Aussi disponible<\/b><\/span><\/p>\n<p><span lang=\"FR\"><\/span><\/p>\n<ul type=\"disc\">\n<li><span lang=\"FR\"><font color=\"#212529\">Bio Balance Coup d&rsquo;\u00c9clat Ampoules 10 x 3 ml (<\/font><a href=\"https:\/\/districos.com\/ProductDetail\/7061.31\" target=\"_blank\" rel=\"noopener noreferrer nofollow\"><font color=\"#0004ff\">r\u00e9f 7061.31<\/font><\/a><font color=\"#212529\">)<o:p><\/o:p><\/font><\/span><\/li>\n<li><span lang=\"FR\">Bio Balance Ridivital Ampoules 10 x 3 ml (<\/span><u><span><a href=\"https:\/\/districos.com\/ProductDetail\/7061.32\" target=\"_blank\" rel=\"noopener noreferrer nofollow\"><span lang=\"FR\">r\u00e9f. 7061.32<\/span><\/a><\/span><\/u><span lang=\"FR\">)<o:p><\/o:p><\/span><\/li>\n<li><span lang=\"FR\">Bio Balance Purovital Ampoules 10 x 3 ml (<\/span><u><span><a href=\"https:\/\/districos.com\/ProductDetail\/7061.34\" target=\"_blank\" rel=\"noopener noreferrer nofollow\"><span lang=\"FR\">r\u00e9f. 7061.34<\/span><\/a><\/span><\/u><span lang=\"FR\">)<o:p><\/o:p><\/span><\/li>\n<li><span lang=\"FR\">Bio Balance Opti-\u00c9clat Ampoules 10 x 3 ml (<\/span><u><span><a href=\"https:\/\/districos.com\/ProductDetail\/7061.35\" target=\"_blank\" rel=\"noopener noreferrer nofollow\"><span lang=\"FR\">r\u00e9f. 7061.35<\/span><\/a><\/span><\/u><span lang=\"FR\">)<o:p><\/o:p><\/span><\/li>\n<li><span>Bio Balance Bustyfirm Ampoules 10 x 3 ml (<u><a href=\"https:\/\/districos.com\/ProductDetail\/7061.36\" target=\"_blank\" rel=\"noopener noreferrer nofollow\"><span>r\u00e9f. 7061.36<\/span><\/a><\/u>)<o:p><\/o:p><\/span><\/li>\n<li><span lang=\"FR\">Bio Balance Sensivital Ampoules 10 x 3 ml (<\/span><u><span><a href=\"https:\/\/districos.com\/ProductDetail\/7061.38\" target=\"_blank\" rel=\"noopener noreferrer nofollow\"><span lang=\"FR\">r\u00e9f. 7061.38<\/span><\/a><\/span><\/u><span lang=\"FR\">)<o:p><\/o:p><\/span><\/li>\n<li><span lang=\"FR\">Bio Balance Oxyvital Ampoules 10 x 3 ml (<\/span><u><span><a href=\"https:\/\/districos.com\/ProductDetail\/7061.39\" target=\"_blank\" rel=\"noopener noreferrer nofollow\"><span lang=\"FR\">r\u00e9f. 7061.39<\/span><\/a><\/span><\/u><span lang=\"FR\">)<o:p><\/o:p><\/span><\/li>\n<li><span lang=\"FR\">Bio Balance Mix Ampoules Set d&rsquo;Essai (4&#215;1) + (3&#215;2) x 3 ml (<\/span><u><span><a href=\"https:\/\/districos.com\/ProductDetail\/7061.51\" target=\"_blank\" rel=\"noopener noreferrer nofollow\"><span lang=\"FR\">r\u00e9f. 7061.51<\/span><\/a><\/span><\/u><span lang=\"FR\">)<o:p><\/o:p><\/span><\/li>\n<li><span lang=\"FR\">Bio Balance Mix Ampoules Algae Mask (3+4+3) x 3 ml (<\/span><u><span><a href=\"https:\/\/districos.com\/ProductDetail\/7061.53\" target=\"_blank\" rel=\"noopener noreferrer nofollow\"><span lang=\"FR\">r\u00e9f. 7061.53<\/span><\/a><\/span><\/u><span lang=\"FR\">)<o:p><\/o:p><\/span><\/li>\n<li><span lang=\"FR\">Bio Balance Mix Ampoules&nbsp;Kit \u00c9tudiant (5+5) x 3 ml (<\/span><u><span><a href=\"https:\/\/districos.com\/ProductDetail\/7061.54\" target=\"_blank\" rel=\"noopener noreferrer nofollow\"><span lang=\"FR\">r\u00e9f. 7061.54<\/span><\/a><\/span><\/u><span lang=\"FR\">)<o:p><\/o:p><\/span><\/li>\n<li><span lang=\"FR\">Bio Balance Glycovital Ampoules 10 x 3 ml (<\/span><span><a href=\"https:\/\/districos.com\/ProductDetail\/7061.41\" target=\"_blank\" rel=\"noopener noreferrer nofollow\"><span lang=\"FR\">r\u00e9f. 7061.41<\/span><\/a><\/span><span lang=\"FR\">)<o:p><\/o:p><\/span><\/li>\n<\/ul>\n","protected":false},"excerpt":{"rendered":"<p>HYDRATANT &#8211; LIFTANT \u2013 RAFFERMISSANT D\u00e9couvrez les avantages d\u2019Hydravital, un s\u00e9rum puissant qui offre \u00e0 la peau l\u2019hydratation n\u00e9cessaire jusqu\u2019\u00e0 24 heures. La combinaison unique d\u2019ingr\u00e9dients hydrate et nourrit intens\u00e9ment la peau, ce qui r\u00e9sulte en une peau repulp\u00e9e, plus douce et plus souple avec un aspect moins fatigu\u00e9. Substances actives L\u2019 \u2019extrait de racine [&hellip;]<\/p>\n","protected":false},"featured_media":90291,"comment_status":"open","ping_status":"closed","template":"","meta":{"_acf_changed":false},"product_brand":[10308],"product_cat":[9856],"product_tag":[],"class_list":{"0":"post-136869","1":"product","2":"type-product","3":"status-publish","4":"has-post-thumbnail","6":"product_brand-bb_gelaat-fr","7":"product_cat-beaute-visage-bio-balance-visage","9":"first","10":"instock","11":"taxable","12":"shipping-taxable","13":"product-type-simple"},"acf":[],"yoast_head":"<!-- This site is optimized with the Yoast SEO plugin v27.3 - https:\/\/yoast.com\/product\/yoast-seo-wordpress\/ -->\n<title>Bio Balance Hydravital Ampoules 10 x 3 ml - Districos Webshop<\/title>\n<meta name=\"robots\" content=\"noindex, follow, max-snippet:-1, max-image-preview:large, max-video-preview:-1\" \/>\n<meta property=\"og:locale\" content=\"fr_FR\" \/>\n<meta property=\"og:type\" content=\"article\" \/>\n<meta property=\"og:title\" content=\"Bio Balance Hydravital Ampoules 10 x 3 ml - Districos Webshop\" \/>\n<meta property=\"og:description\" content=\"HYDRATANT &#8211; LIFTANT \u2013 RAFFERMISSANT D\u00e9couvrez les avantages d\u2019Hydravital, un s\u00e9rum puissant qui offre \u00e0 la peau l\u2019hydratation n\u00e9cessaire jusqu\u2019\u00e0 24 heures. La combinaison unique d\u2019ingr\u00e9dients hydrate et nourrit intens\u00e9ment la peau, ce qui r\u00e9sulte en une peau repulp\u00e9e, plus douce et plus souple avec un aspect moins fatigu\u00e9. Substances actives L\u2019 \u2019extrait de racine [&hellip;]\" \/>\n<meta property=\"og:url\" content=\"https:\/\/districos.standingout.be\/fr\/product\/bio-balance-hydravital-ampoules-10-x-3-ml-ref-7061-40\/\" \/>\n<meta property=\"og:site_name\" content=\"Districos Webshop\" \/>\n<meta property=\"article:modified_time\" content=\"2026-04-28T07:31:10+00:00\" \/>\n<meta name=\"twitter:card\" content=\"summary_large_image\" \/>\n<meta name=\"twitter:label1\" content=\"Dur\u00e9e de lecture estim\u00e9e\" \/>\n\t<meta name=\"twitter:data1\" content=\"1 minute\" \/>\n<script type=\"application\/ld+json\" class=\"yoast-schema-graph\">{\"@context\":\"https:\\\/\\\/schema.org\",\"@graph\":[{\"@type\":\"WebPage\",\"@id\":\"https:\\\/\\\/districos.standingout.be\\\/fr\\\/product\\\/bio-balance-hydravital-ampoules-10-x-3-ml-ref-7061-40\\\/\",\"url\":\"https:\\\/\\\/districos.standingout.be\\\/fr\\\/product\\\/bio-balance-hydravital-ampoules-10-x-3-ml-ref-7061-40\\\/\",\"name\":\"Bio Balance Hydravital Ampoules 10 x 3 ml - Districos Webshop\",\"isPartOf\":{\"@id\":\"https:\\\/\\\/districos.standingout.be\\\/fr\\\/#website\"},\"primaryImageOfPage\":{\"@id\":\"https:\\\/\\\/districos.standingout.be\\\/fr\\\/product\\\/bio-balance-hydravital-ampoules-10-x-3-ml-ref-7061-40\\\/#primaryimage\"},\"image\":{\"@id\":\"https:\\\/\\\/districos.standingout.be\\\/fr\\\/product\\\/bio-balance-hydravital-ampoules-10-x-3-ml-ref-7061-40\\\/#primaryimage\"},\"thumbnailUrl\":\"https:\\\/\\\/districos.standingout.be\\\/wp-content\\\/uploads\\\/2025\\\/12\\\/7061.40@LowRes_1.png\",\"datePublished\":\"2026-04-28T07:31:02+00:00\",\"dateModified\":\"2026-04-28T07:31:10+00:00\",\"breadcrumb\":{\"@id\":\"https:\\\/\\\/districos.standingout.be\\\/fr\\\/product\\\/bio-balance-hydravital-ampoules-10-x-3-ml-ref-7061-40\\\/#breadcrumb\"},\"inLanguage\":\"fr-FR\",\"potentialAction\":[{\"@type\":\"ReadAction\",\"target\":[\"https:\\\/\\\/districos.standingout.be\\\/fr\\\/product\\\/bio-balance-hydravital-ampoules-10-x-3-ml-ref-7061-40\\\/\"]}]},{\"@type\":\"ImageObject\",\"inLanguage\":\"fr-FR\",\"@id\":\"https:\\\/\\\/districos.standingout.be\\\/fr\\\/product\\\/bio-balance-hydravital-ampoules-10-x-3-ml-ref-7061-40\\\/#primaryimage\",\"url\":\"https:\\\/\\\/districos.standingout.be\\\/wp-content\\\/uploads\\\/2025\\\/12\\\/7061.40@LowRes_1.png\",\"contentUrl\":\"https:\\\/\\\/districos.standingout.be\\\/wp-content\\\/uploads\\\/2025\\\/12\\\/7061.40@LowRes_1.png\",\"width\":600,\"height\":600},{\"@type\":\"BreadcrumbList\",\"@id\":\"https:\\\/\\\/districos.standingout.be\\\/fr\\\/product\\\/bio-balance-hydravital-ampoules-10-x-3-ml-ref-7061-40\\\/#breadcrumb\",\"itemListElement\":[{\"@type\":\"ListItem\",\"position\":1,\"name\":\"Home\",\"item\":\"https:\\\/\\\/districos.standingout.be\\\/fr\\\/bienvenue-chez-districos\\\/\"},{\"@type\":\"ListItem\",\"position\":2,\"name\":\"Boutique\",\"item\":\"https:\\\/\\\/districos.standingout.be\\\/fr\\\/boutique\\\/\"},{\"@type\":\"ListItem\",\"position\":3,\"name\":\"Bio Balance Hydravital Ampoules 10 x 3 ml\"}]},{\"@type\":\"WebSite\",\"@id\":\"https:\\\/\\\/districos.standingout.be\\\/fr\\\/#website\",\"url\":\"https:\\\/\\\/districos.standingout.be\\\/fr\\\/\",\"name\":\"Districos Webshop\",\"description\":\"\",\"publisher\":{\"@id\":\"https:\\\/\\\/districos.standingout.be\\\/fr\\\/#organization\"},\"potentialAction\":[{\"@type\":\"SearchAction\",\"target\":{\"@type\":\"EntryPoint\",\"urlTemplate\":\"https:\\\/\\\/districos.standingout.be\\\/fr\\\/?s={search_term_string}\"},\"query-input\":{\"@type\":\"PropertyValueSpecification\",\"valueRequired\":true,\"valueName\":\"search_term_string\"}}],\"inLanguage\":\"fr-FR\"},{\"@type\":\"Organization\",\"@id\":\"https:\\\/\\\/districos.standingout.be\\\/fr\\\/#organization\",\"name\":\"Districos Webshop\",\"url\":\"https:\\\/\\\/districos.standingout.be\\\/fr\\\/\",\"logo\":{\"@type\":\"ImageObject\",\"inLanguage\":\"fr-FR\",\"@id\":\"https:\\\/\\\/districos.standingout.be\\\/fr\\\/#\\\/schema\\\/logo\\\/image\\\/\",\"url\":\"https:\\\/\\\/districos.standingout.be\\\/wp-content\\\/uploads\\\/2022\\\/09\\\/Districos_Logo_Webshop.svg\",\"contentUrl\":\"https:\\\/\\\/districos.standingout.be\\\/wp-content\\\/uploads\\\/2022\\\/09\\\/Districos_Logo_Webshop.svg\",\"caption\":\"Districos Webshop\"},\"image\":{\"@id\":\"https:\\\/\\\/districos.standingout.be\\\/fr\\\/#\\\/schema\\\/logo\\\/image\\\/\"}}]}<\/script>\n<!-- \/ Yoast SEO plugin. -->","yoast_head_json":{"title":"Bio Balance Hydravital Ampoules 10 x 3 ml - Districos Webshop","robots":{"index":"noindex","follow":"follow","max-snippet":"max-snippet:-1","max-image-preview":"max-image-preview:large","max-video-preview":"max-video-preview:-1"},"og_locale":"fr_FR","og_type":"article","og_title":"Bio Balance Hydravital Ampoules 10 x 3 ml - Districos Webshop","og_description":"HYDRATANT &#8211; LIFTANT \u2013 RAFFERMISSANT D\u00e9couvrez les avantages d\u2019Hydravital, un s\u00e9rum puissant qui offre \u00e0 la peau l\u2019hydratation n\u00e9cessaire jusqu\u2019\u00e0 24 heures. La combinaison unique d\u2019ingr\u00e9dients hydrate et nourrit intens\u00e9ment la peau, ce qui r\u00e9sulte en une peau repulp\u00e9e, plus douce et plus souple avec un aspect moins fatigu\u00e9. Substances actives L\u2019 \u2019extrait de racine [&hellip;]","og_url":"https:\/\/districos.standingout.be\/fr\/product\/bio-balance-hydravital-ampoules-10-x-3-ml-ref-7061-40\/","og_site_name":"Districos Webshop","article_modified_time":"2026-04-28T07:31:10+00:00","twitter_card":"summary_large_image","twitter_misc":{"Dur\u00e9e de lecture estim\u00e9e":"1 minute"},"schema":{"@context":"https:\/\/schema.org","@graph":[{"@type":"WebPage","@id":"https:\/\/districos.standingout.be\/fr\/product\/bio-balance-hydravital-ampoules-10-x-3-ml-ref-7061-40\/","url":"https:\/\/districos.standingout.be\/fr\/product\/bio-balance-hydravital-ampoules-10-x-3-ml-ref-7061-40\/","name":"Bio Balance Hydravital Ampoules 10 x 3 ml - Districos Webshop","isPartOf":{"@id":"https:\/\/districos.standingout.be\/fr\/#website"},"primaryImageOfPage":{"@id":"https:\/\/districos.standingout.be\/fr\/product\/bio-balance-hydravital-ampoules-10-x-3-ml-ref-7061-40\/#primaryimage"},"image":{"@id":"https:\/\/districos.standingout.be\/fr\/product\/bio-balance-hydravital-ampoules-10-x-3-ml-ref-7061-40\/#primaryimage"},"thumbnailUrl":"https:\/\/districos.standingout.be\/wp-content\/uploads\/2025\/12\/7061.40@LowRes_1.png","datePublished":"2026-04-28T07:31:02+00:00","dateModified":"2026-04-28T07:31:10+00:00","breadcrumb":{"@id":"https:\/\/districos.standingout.be\/fr\/product\/bio-balance-hydravital-ampoules-10-x-3-ml-ref-7061-40\/#breadcrumb"},"inLanguage":"fr-FR","potentialAction":[{"@type":"ReadAction","target":["https:\/\/districos.standingout.be\/fr\/product\/bio-balance-hydravital-ampoules-10-x-3-ml-ref-7061-40\/"]}]},{"@type":"ImageObject","inLanguage":"fr-FR","@id":"https:\/\/districos.standingout.be\/fr\/product\/bio-balance-hydravital-ampoules-10-x-3-ml-ref-7061-40\/#primaryimage","url":"https:\/\/districos.standingout.be\/wp-content\/uploads\/2025\/12\/7061.40@LowRes_1.png","contentUrl":"https:\/\/districos.standingout.be\/wp-content\/uploads\/2025\/12\/7061.40@LowRes_1.png","width":600,"height":600},{"@type":"BreadcrumbList","@id":"https:\/\/districos.standingout.be\/fr\/product\/bio-balance-hydravital-ampoules-10-x-3-ml-ref-7061-40\/#breadcrumb","itemListElement":[{"@type":"ListItem","position":1,"name":"Home","item":"https:\/\/districos.standingout.be\/fr\/bienvenue-chez-districos\/"},{"@type":"ListItem","position":2,"name":"Boutique","item":"https:\/\/districos.standingout.be\/fr\/boutique\/"},{"@type":"ListItem","position":3,"name":"Bio Balance Hydravital Ampoules 10 x 3 ml"}]},{"@type":"WebSite","@id":"https:\/\/districos.standingout.be\/fr\/#website","url":"https:\/\/districos.standingout.be\/fr\/","name":"Districos Webshop","description":"","publisher":{"@id":"https:\/\/districos.standingout.be\/fr\/#organization"},"potentialAction":[{"@type":"SearchAction","target":{"@type":"EntryPoint","urlTemplate":"https:\/\/districos.standingout.be\/fr\/?s={search_term_string}"},"query-input":{"@type":"PropertyValueSpecification","valueRequired":true,"valueName":"search_term_string"}}],"inLanguage":"fr-FR"},{"@type":"Organization","@id":"https:\/\/districos.standingout.be\/fr\/#organization","name":"Districos Webshop","url":"https:\/\/districos.standingout.be\/fr\/","logo":{"@type":"ImageObject","inLanguage":"fr-FR","@id":"https:\/\/districos.standingout.be\/fr\/#\/schema\/logo\/image\/","url":"https:\/\/districos.standingout.be\/wp-content\/uploads\/2022\/09\/Districos_Logo_Webshop.svg","contentUrl":"https:\/\/districos.standingout.be\/wp-content\/uploads\/2022\/09\/Districos_Logo_Webshop.svg","caption":"Districos Webshop"},"image":{"@id":"https:\/\/districos.standingout.be\/fr\/#\/schema\/logo\/image\/"}}]}},"_links":{"self":[{"href":"https:\/\/districos.standingout.be\/fr\/wp-json\/wp\/v2\/product\/136869","targetHints":{"allow":["GET"]}}],"collection":[{"href":"https:\/\/districos.standingout.be\/fr\/wp-json\/wp\/v2\/product"}],"about":[{"href":"https:\/\/districos.standingout.be\/fr\/wp-json\/wp\/v2\/types\/product"}],"replies":[{"embeddable":true,"href":"https:\/\/districos.standingout.be\/fr\/wp-json\/wp\/v2\/comments?post=136869"}],"wp:featuredmedia":[{"embeddable":true,"href":"https:\/\/districos.standingout.be\/fr\/wp-json\/wp\/v2\/media\/90291"}],"wp:attachment":[{"href":"https:\/\/districos.standingout.be\/fr\/wp-json\/wp\/v2\/media?parent=136869"}],"wp:term":[{"taxonomy":"product_brand","embeddable":true,"href":"https:\/\/districos.standingout.be\/fr\/wp-json\/wp\/v2\/product_brand?post=136869"},{"taxonomy":"product_cat","embeddable":true,"href":"https:\/\/districos.standingout.be\/fr\/wp-json\/wp\/v2\/product_cat?post=136869"},{"taxonomy":"product_tag","embeddable":true,"href":"https:\/\/districos.standingout.be\/fr\/wp-json\/wp\/v2\/product_tag?post=136869"}],"curies":[{"name":"wp","href":"https:\/\/api.w.org\/{rel}","templated":true}]}}