{"id":136871,"date":"2026-04-28T09:31:10","date_gmt":"2026-04-28T07:31:10","guid":{"rendered":"https:\/\/webshopdistricoscom.webhosting.be\/product\/bio-balance-glycovital-ampoules-10-x-3-ml-ref-7061-41\/"},"modified":"2026-04-28T09:31:16","modified_gmt":"2026-04-28T07:31:16","slug":"bio-balance-glycovital-ampoules-10-x-3-ml-ref-7061-41","status":"publish","type":"product","link":"https:\/\/districos.standingout.be\/fr\/product\/bio-balance-glycovital-ampoules-10-x-3-ml-ref-7061-41\/","title":{"rendered":"Bio Balance Glycovital Ampoules 10 x 3 ml"},"content":{"rendered":"<p >\n<\/p>\n<\/p>\n<\/p>\n<\/p>\n<\/p>\n<p><b><span lang=\"FR\">EXFOLIANT &#8211; \u00c9CLAIRCISSANT \u2013 ANTI\u00c2GE<o:p><\/o:p><\/span><\/b><\/p>\n<p><span lang=\"FR\">D\u00e9couvrez le secret d\u2019une peau radieuse et Uniforme gr\u00e2ce \u00e0 Glycovital. Ce s\u00e9rum \u00e0 l\u2019acide glycolique est une solution puissante \u00e0 divers probl\u00e8mes de peau et convient \u00e0 tous les types de peaux. Pour obtenir les meilleurs r\u00e9sultats, il est recommand\u00e9 d\u2019utiliser le s\u00e9rum r\u00e9guli\u00e8rement. <o:p><\/o:p><\/span><\/p>\n<p><span lang=\"FR\"><b>Substances actives<\/b><o:p><\/o:p><\/span><\/p>\n<p><span lang=\"FR\">S\u00e9rum \u00e0 l\u2019acide glycolique enrichi en acide hyaluronique pour une peau douce, \u00e9clatante et plus jeune. L\u2019acide glycolique pr\u00e9sente plusieurs avantages pour la peau :<o:p><\/o:p><\/span><\/p>\n<ul type=\"disc\">\n<li><span lang=\"FR\">R\u00e9duit les rides et ridules : Il stimule la production de collag\u00e8ne et d\u2019\u00e9lastine, ce qui donne \u00e0 la peau un aspect plus ferme et plus jeune.<o:p><\/o:p><\/span><\/li>\n<li><span lang=\"FR\">\u00c9claircit la peau : Il r\u00e9duit l\u2019hyperpigmentation et les taches de vieillesse et procure un teint clair et uniforme.<o:p><\/o:p><\/span><\/li>\n<li><span lang=\"FR\">R\u00e9duit l\u2019acn\u00e9 et les points noirs : Il d\u00e9sobstrue les pores et exfolie la peau<o:p><\/o:p><\/span><\/li>\n<li><span lang=\"FR\">Am\u00e9liore les peaux s\u00e8ches\/squameuses : C\u2019est un acide alphahydroxy qui \u00e9limine les cellules mortes \u00e0 la surface de la peau et qui am\u00e9liore la texture cutan\u00e9e.<o:p><\/o:p><\/span><\/li>\n<\/ul>\n<p><span lang=\"FR\"><b>Conseils d\u2019utilisation<\/b><\/span><\/p>\n<p><span lang=\"FR\"><\/span><\/p>\n<ul type=\"disc\">\n<li><span lang=\"FR\">Peut \u00eatre utilis\u00e9 sous diff\u00e9rents types de masques dans la cabine.<o:p><\/o:p><\/span><\/li>\n<li><span lang=\"FR\">Peut aussi \u00eatre appliqu\u00e9 \u00e0 domicile en forme de cure comme s\u00e9rum sous la cr\u00e8me de jour ou de nuit. Commencer l\u2019usage \u00e0 domicile de mani\u00e8re progressive.<\/span><span><o:p><\/o:p> <\/span><\/li>\n<li><span lang=\"FR\">ATTENTION&nbsp;: l\u2019acide glycolique peut causer des irritations ! En cas de peau sensible, un test \u00e9picutan\u00e9 est recommand\u00e9.<o:p><\/o:p><\/span><\/li>\n<li><span lang=\"FR\">Utilisez un produit solaire avec SPF apr\u00e8s l\u2019application et limitez l\u2019exposition au soleil.<o:p><\/o:p><\/span><\/li>\n<li><span lang=\"FR\">Cassez les ampoules \u00e0 l&rsquo;aide d&rsquo;un essuie-mains !<o:p><\/o:p><\/span><\/li>\n<\/ul>\n<p><span lang=\"FR\"><b>Aussi disponible<\/b><o:p><\/o:p><\/span><\/p>\n<\/p>\n<ul type=\"disc\">\n<li><span lang=\"FR\">Bio Balance Coup d&rsquo;\u00c9clat Ampoules 10 x 3 ml (<\/span><u><span><a href=\"https:\/\/districos.com\/ProductDetail\/7061.31\" target=\"_blank\" rel=\"noopener noreferrer nofollow\"><span lang=\"FR\">r\u00e9f. 7061.31<\/span><\/a><\/span><\/u><span lang=\"FR\">)<o:p><\/o:p><\/span><\/li>\n<li><span lang=\"FR\">Bio Balance Ridivital Ampoules 10 x 3 ml (<\/span><u><span><a href=\"https:\/\/districos.com\/ProductDetail\/7061.32\" target=\"_blank\" rel=\"noopener noreferrer nofollow\"><span lang=\"FR\">r\u00e9f. 7061.32<\/span><\/a><\/span><\/u><span lang=\"FR\">)<o:p><\/o:p><\/span><\/li>\n<li><span lang=\"FR\">Bio Balance Purovital Ampoules 10 x 3 ml (<\/span><u><span><a href=\"https:\/\/districos.com\/ProductDetail\/7061.34\" target=\"_blank\" rel=\"noopener noreferrer nofollow\"><span lang=\"FR\">r\u00e9f. 7061.34<\/span><\/a><\/span><\/u><span lang=\"FR\">)<o:p><\/o:p><\/span><\/li>\n<li><span lang=\"FR\">Bio Balance Opti-\u00c9clat Ampoules 10 x 3 ml (<\/span><u><span><a href=\"https:\/\/districos.com\/ProductDetail\/7061.35\" target=\"_blank\" rel=\"noopener noreferrer nofollow\"><span lang=\"FR\">r\u00e9f. 7061.35<\/span><\/a><\/span><\/u><span lang=\"FR\">)<o:p><\/o:p><\/span><\/li>\n<li><span>Bio Balance Bustyfirm Ampoules 10 x 3 ml (<u><a href=\"https:\/\/districos.com\/ProductDetail\/7061.36\" target=\"_blank\" rel=\"noopener noreferrer nofollow\"><span>r\u00e9f. 7061.36<\/span><\/a><\/u>)<o:p><\/o:p><\/span><\/li>\n<li><span lang=\"FR\">Bio Balance Sensivital Ampoules 10 x 3 ml (<\/span><u><span><a href=\"https:\/\/districos.com\/ProductDetail\/7061.38\" target=\"_blank\" rel=\"noopener noreferrer nofollow\"><span lang=\"FR\">r\u00e9f. 7061.38<\/span><\/a><\/span><\/u><span lang=\"FR\">)<o:p><\/o:p><\/span><\/li>\n<li><span lang=\"FR\">Bio Balance Oxyvital Ampoules 10 x 3 ml (<\/span><u><span><a href=\"https:\/\/districos.com\/ProductDetail\/7061.39\" target=\"_blank\" rel=\"noopener noreferrer nofollow\"><span lang=\"FR\">r\u00e9f. 7061.39<\/span><\/a><\/span><\/u><span lang=\"FR\">)<o:p><\/o:p><\/span><\/li>\n<li><span lang=\"FR\">Bio Balance Mix Ampoules Set d&rsquo;Essai (4&#215;1) + (3&#215;2) x 3 ml (<\/span><u><span><a href=\"https:\/\/districos.com\/ProductDetail\/7061.51\" target=\"_blank\" rel=\"noopener noreferrer nofollow\"><span lang=\"FR\">r\u00e9f. 7061.51<\/span><\/a><\/span><\/u><span lang=\"FR\">)<o:p><\/o:p><\/span><\/li>\n<li><span lang=\"FR\">Bio Balance Mix Ampoules Algae Mask (3+4+3) x 3 ml (<\/span><u><span><a href=\"https:\/\/districos.com\/ProductDetail\/7061.53\" target=\"_blank\" rel=\"noopener noreferrer nofollow\"><span lang=\"FR\">r\u00e9f. 7061.53<\/span><\/a><\/span><\/u><span lang=\"FR\">)<o:p><\/o:p><\/span><\/li>\n<li><span lang=\"FR\">Bio Balance Mix Ampoules&nbsp;Kit \u00c9tudiant (5+5) x 3 ml (<\/span><u><span><a href=\"https:\/\/districos.com\/ProductDetail\/7061.54\" target=\"_blank\" rel=\"noopener noreferrer nofollow\"><span lang=\"FR\">r\u00e9f. 7061.54<\/span><\/a><\/span><\/u><span lang=\"FR\">)<o:p><\/o:p><\/span><\/li>\n<li><span lang=\"FR\">Bio Balance Hydravital Ampoules 10 x 3 ml (<a href=\"https:\/\/districos.com\/ProductDetail\/7061.40\" target=\"_blank\" rel=\"noopener noreferrer nofollow\"><font color=\"#0004ff\">r\u00e9f. 7061.40<\/font><\/a>)<o:p><\/o:p><\/span><\/li>\n<\/ul>\n<ul type=\"disc\"> <\/ul>\n","protected":false},"excerpt":{"rendered":"<p>EXFOLIANT &#8211; \u00c9CLAIRCISSANT \u2013 ANTI\u00c2GE D\u00e9couvrez le secret d\u2019une peau radieuse et Uniforme gr\u00e2ce \u00e0 Glycovital. Ce s\u00e9rum \u00e0 l\u2019acide glycolique est une solution puissante \u00e0 divers probl\u00e8mes de peau et convient \u00e0 tous les types de peaux. Pour obtenir les meilleurs r\u00e9sultats, il est recommand\u00e9 d\u2019utiliser le s\u00e9rum r\u00e9guli\u00e8rement. Substances actives S\u00e9rum \u00e0 l\u2019acide [&hellip;]<\/p>\n","protected":false},"featured_media":77294,"comment_status":"open","ping_status":"closed","template":"","meta":{"_acf_changed":false},"product_brand":[10308],"product_cat":[9856],"product_tag":[],"class_list":{"0":"post-136871","1":"product","2":"type-product","3":"status-publish","4":"has-post-thumbnail","6":"product_brand-bb_gelaat-fr","7":"product_cat-beaute-visage-bio-balance-visage","9":"first","10":"instock","11":"taxable","12":"shipping-taxable","13":"product-type-simple"},"acf":[],"yoast_head":"<!-- This site is optimized with the Yoast SEO plugin v27.3 - https:\/\/yoast.com\/product\/yoast-seo-wordpress\/ -->\n<title>Bio Balance Glycovital Ampoules 10 x 3 ml - Districos Webshop<\/title>\n<meta name=\"robots\" content=\"noindex, follow, max-snippet:-1, max-image-preview:large, max-video-preview:-1\" \/>\n<meta property=\"og:locale\" content=\"fr_FR\" \/>\n<meta property=\"og:type\" content=\"article\" \/>\n<meta property=\"og:title\" content=\"Bio Balance Glycovital Ampoules 10 x 3 ml - Districos Webshop\" \/>\n<meta property=\"og:description\" content=\"EXFOLIANT &#8211; \u00c9CLAIRCISSANT \u2013 ANTI\u00c2GE D\u00e9couvrez le secret d\u2019une peau radieuse et Uniforme gr\u00e2ce \u00e0 Glycovital. Ce s\u00e9rum \u00e0 l\u2019acide glycolique est une solution puissante \u00e0 divers probl\u00e8mes de peau et convient \u00e0 tous les types de peaux. Pour obtenir les meilleurs r\u00e9sultats, il est recommand\u00e9 d\u2019utiliser le s\u00e9rum r\u00e9guli\u00e8rement. Substances actives S\u00e9rum \u00e0 l\u2019acide [&hellip;]\" \/>\n<meta property=\"og:url\" content=\"https:\/\/districos.standingout.be\/fr\/product\/bio-balance-glycovital-ampoules-10-x-3-ml-ref-7061-41\/\" \/>\n<meta property=\"og:site_name\" content=\"Districos Webshop\" \/>\n<meta property=\"article:modified_time\" content=\"2026-04-28T07:31:16+00:00\" \/>\n<meta name=\"twitter:card\" content=\"summary_large_image\" \/>\n<meta name=\"twitter:label1\" content=\"Dur\u00e9e de lecture estim\u00e9e\" \/>\n\t<meta name=\"twitter:data1\" content=\"2 minutes\" \/>\n<script type=\"application\/ld+json\" class=\"yoast-schema-graph\">{\"@context\":\"https:\\\/\\\/schema.org\",\"@graph\":[{\"@type\":\"WebPage\",\"@id\":\"https:\\\/\\\/districos.standingout.be\\\/fr\\\/product\\\/bio-balance-glycovital-ampoules-10-x-3-ml-ref-7061-41\\\/\",\"url\":\"https:\\\/\\\/districos.standingout.be\\\/fr\\\/product\\\/bio-balance-glycovital-ampoules-10-x-3-ml-ref-7061-41\\\/\",\"name\":\"Bio Balance Glycovital Ampoules 10 x 3 ml - Districos Webshop\",\"isPartOf\":{\"@id\":\"https:\\\/\\\/districos.standingout.be\\\/fr\\\/#website\"},\"primaryImageOfPage\":{\"@id\":\"https:\\\/\\\/districos.standingout.be\\\/fr\\\/product\\\/bio-balance-glycovital-ampoules-10-x-3-ml-ref-7061-41\\\/#primaryimage\"},\"image\":{\"@id\":\"https:\\\/\\\/districos.standingout.be\\\/fr\\\/product\\\/bio-balance-glycovital-ampoules-10-x-3-ml-ref-7061-41\\\/#primaryimage\"},\"thumbnailUrl\":\"https:\\\/\\\/districos.standingout.be\\\/wp-content\\\/uploads\\\/2025\\\/07\\\/7061.41@LowRes_1.png\",\"datePublished\":\"2026-04-28T07:31:10+00:00\",\"dateModified\":\"2026-04-28T07:31:16+00:00\",\"breadcrumb\":{\"@id\":\"https:\\\/\\\/districos.standingout.be\\\/fr\\\/product\\\/bio-balance-glycovital-ampoules-10-x-3-ml-ref-7061-41\\\/#breadcrumb\"},\"inLanguage\":\"fr-FR\",\"potentialAction\":[{\"@type\":\"ReadAction\",\"target\":[\"https:\\\/\\\/districos.standingout.be\\\/fr\\\/product\\\/bio-balance-glycovital-ampoules-10-x-3-ml-ref-7061-41\\\/\"]}]},{\"@type\":\"ImageObject\",\"inLanguage\":\"fr-FR\",\"@id\":\"https:\\\/\\\/districos.standingout.be\\\/fr\\\/product\\\/bio-balance-glycovital-ampoules-10-x-3-ml-ref-7061-41\\\/#primaryimage\",\"url\":\"https:\\\/\\\/districos.standingout.be\\\/wp-content\\\/uploads\\\/2025\\\/07\\\/7061.41@LowRes_1.png\",\"contentUrl\":\"https:\\\/\\\/districos.standingout.be\\\/wp-content\\\/uploads\\\/2025\\\/07\\\/7061.41@LowRes_1.png\",\"width\":600,\"height\":600},{\"@type\":\"BreadcrumbList\",\"@id\":\"https:\\\/\\\/districos.standingout.be\\\/fr\\\/product\\\/bio-balance-glycovital-ampoules-10-x-3-ml-ref-7061-41\\\/#breadcrumb\",\"itemListElement\":[{\"@type\":\"ListItem\",\"position\":1,\"name\":\"Home\",\"item\":\"https:\\\/\\\/districos.standingout.be\\\/fr\\\/bienvenue-chez-districos\\\/\"},{\"@type\":\"ListItem\",\"position\":2,\"name\":\"Boutique\",\"item\":\"https:\\\/\\\/districos.standingout.be\\\/fr\\\/boutique\\\/\"},{\"@type\":\"ListItem\",\"position\":3,\"name\":\"Bio Balance Glycovital Ampoules 10 x 3 ml\"}]},{\"@type\":\"WebSite\",\"@id\":\"https:\\\/\\\/districos.standingout.be\\\/fr\\\/#website\",\"url\":\"https:\\\/\\\/districos.standingout.be\\\/fr\\\/\",\"name\":\"Districos Webshop\",\"description\":\"\",\"publisher\":{\"@id\":\"https:\\\/\\\/districos.standingout.be\\\/fr\\\/#organization\"},\"potentialAction\":[{\"@type\":\"SearchAction\",\"target\":{\"@type\":\"EntryPoint\",\"urlTemplate\":\"https:\\\/\\\/districos.standingout.be\\\/fr\\\/?s={search_term_string}\"},\"query-input\":{\"@type\":\"PropertyValueSpecification\",\"valueRequired\":true,\"valueName\":\"search_term_string\"}}],\"inLanguage\":\"fr-FR\"},{\"@type\":\"Organization\",\"@id\":\"https:\\\/\\\/districos.standingout.be\\\/fr\\\/#organization\",\"name\":\"Districos Webshop\",\"url\":\"https:\\\/\\\/districos.standingout.be\\\/fr\\\/\",\"logo\":{\"@type\":\"ImageObject\",\"inLanguage\":\"fr-FR\",\"@id\":\"https:\\\/\\\/districos.standingout.be\\\/fr\\\/#\\\/schema\\\/logo\\\/image\\\/\",\"url\":\"https:\\\/\\\/districos.standingout.be\\\/wp-content\\\/uploads\\\/2022\\\/09\\\/Districos_Logo_Webshop.svg\",\"contentUrl\":\"https:\\\/\\\/districos.standingout.be\\\/wp-content\\\/uploads\\\/2022\\\/09\\\/Districos_Logo_Webshop.svg\",\"caption\":\"Districos Webshop\"},\"image\":{\"@id\":\"https:\\\/\\\/districos.standingout.be\\\/fr\\\/#\\\/schema\\\/logo\\\/image\\\/\"}}]}<\/script>\n<!-- \/ Yoast SEO plugin. -->","yoast_head_json":{"title":"Bio Balance Glycovital Ampoules 10 x 3 ml - Districos Webshop","robots":{"index":"noindex","follow":"follow","max-snippet":"max-snippet:-1","max-image-preview":"max-image-preview:large","max-video-preview":"max-video-preview:-1"},"og_locale":"fr_FR","og_type":"article","og_title":"Bio Balance Glycovital Ampoules 10 x 3 ml - Districos Webshop","og_description":"EXFOLIANT &#8211; \u00c9CLAIRCISSANT \u2013 ANTI\u00c2GE D\u00e9couvrez le secret d\u2019une peau radieuse et Uniforme gr\u00e2ce \u00e0 Glycovital. Ce s\u00e9rum \u00e0 l\u2019acide glycolique est une solution puissante \u00e0 divers probl\u00e8mes de peau et convient \u00e0 tous les types de peaux. Pour obtenir les meilleurs r\u00e9sultats, il est recommand\u00e9 d\u2019utiliser le s\u00e9rum r\u00e9guli\u00e8rement. Substances actives S\u00e9rum \u00e0 l\u2019acide [&hellip;]","og_url":"https:\/\/districos.standingout.be\/fr\/product\/bio-balance-glycovital-ampoules-10-x-3-ml-ref-7061-41\/","og_site_name":"Districos Webshop","article_modified_time":"2026-04-28T07:31:16+00:00","twitter_card":"summary_large_image","twitter_misc":{"Dur\u00e9e de lecture estim\u00e9e":"2 minutes"},"schema":{"@context":"https:\/\/schema.org","@graph":[{"@type":"WebPage","@id":"https:\/\/districos.standingout.be\/fr\/product\/bio-balance-glycovital-ampoules-10-x-3-ml-ref-7061-41\/","url":"https:\/\/districos.standingout.be\/fr\/product\/bio-balance-glycovital-ampoules-10-x-3-ml-ref-7061-41\/","name":"Bio Balance Glycovital Ampoules 10 x 3 ml - Districos Webshop","isPartOf":{"@id":"https:\/\/districos.standingout.be\/fr\/#website"},"primaryImageOfPage":{"@id":"https:\/\/districos.standingout.be\/fr\/product\/bio-balance-glycovital-ampoules-10-x-3-ml-ref-7061-41\/#primaryimage"},"image":{"@id":"https:\/\/districos.standingout.be\/fr\/product\/bio-balance-glycovital-ampoules-10-x-3-ml-ref-7061-41\/#primaryimage"},"thumbnailUrl":"https:\/\/districos.standingout.be\/wp-content\/uploads\/2025\/07\/7061.41@LowRes_1.png","datePublished":"2026-04-28T07:31:10+00:00","dateModified":"2026-04-28T07:31:16+00:00","breadcrumb":{"@id":"https:\/\/districos.standingout.be\/fr\/product\/bio-balance-glycovital-ampoules-10-x-3-ml-ref-7061-41\/#breadcrumb"},"inLanguage":"fr-FR","potentialAction":[{"@type":"ReadAction","target":["https:\/\/districos.standingout.be\/fr\/product\/bio-balance-glycovital-ampoules-10-x-3-ml-ref-7061-41\/"]}]},{"@type":"ImageObject","inLanguage":"fr-FR","@id":"https:\/\/districos.standingout.be\/fr\/product\/bio-balance-glycovital-ampoules-10-x-3-ml-ref-7061-41\/#primaryimage","url":"https:\/\/districos.standingout.be\/wp-content\/uploads\/2025\/07\/7061.41@LowRes_1.png","contentUrl":"https:\/\/districos.standingout.be\/wp-content\/uploads\/2025\/07\/7061.41@LowRes_1.png","width":600,"height":600},{"@type":"BreadcrumbList","@id":"https:\/\/districos.standingout.be\/fr\/product\/bio-balance-glycovital-ampoules-10-x-3-ml-ref-7061-41\/#breadcrumb","itemListElement":[{"@type":"ListItem","position":1,"name":"Home","item":"https:\/\/districos.standingout.be\/fr\/bienvenue-chez-districos\/"},{"@type":"ListItem","position":2,"name":"Boutique","item":"https:\/\/districos.standingout.be\/fr\/boutique\/"},{"@type":"ListItem","position":3,"name":"Bio Balance Glycovital Ampoules 10 x 3 ml"}]},{"@type":"WebSite","@id":"https:\/\/districos.standingout.be\/fr\/#website","url":"https:\/\/districos.standingout.be\/fr\/","name":"Districos Webshop","description":"","publisher":{"@id":"https:\/\/districos.standingout.be\/fr\/#organization"},"potentialAction":[{"@type":"SearchAction","target":{"@type":"EntryPoint","urlTemplate":"https:\/\/districos.standingout.be\/fr\/?s={search_term_string}"},"query-input":{"@type":"PropertyValueSpecification","valueRequired":true,"valueName":"search_term_string"}}],"inLanguage":"fr-FR"},{"@type":"Organization","@id":"https:\/\/districos.standingout.be\/fr\/#organization","name":"Districos Webshop","url":"https:\/\/districos.standingout.be\/fr\/","logo":{"@type":"ImageObject","inLanguage":"fr-FR","@id":"https:\/\/districos.standingout.be\/fr\/#\/schema\/logo\/image\/","url":"https:\/\/districos.standingout.be\/wp-content\/uploads\/2022\/09\/Districos_Logo_Webshop.svg","contentUrl":"https:\/\/districos.standingout.be\/wp-content\/uploads\/2022\/09\/Districos_Logo_Webshop.svg","caption":"Districos Webshop"},"image":{"@id":"https:\/\/districos.standingout.be\/fr\/#\/schema\/logo\/image\/"}}]}},"_links":{"self":[{"href":"https:\/\/districos.standingout.be\/fr\/wp-json\/wp\/v2\/product\/136871","targetHints":{"allow":["GET"]}}],"collection":[{"href":"https:\/\/districos.standingout.be\/fr\/wp-json\/wp\/v2\/product"}],"about":[{"href":"https:\/\/districos.standingout.be\/fr\/wp-json\/wp\/v2\/types\/product"}],"replies":[{"embeddable":true,"href":"https:\/\/districos.standingout.be\/fr\/wp-json\/wp\/v2\/comments?post=136871"}],"wp:featuredmedia":[{"embeddable":true,"href":"https:\/\/districos.standingout.be\/fr\/wp-json\/wp\/v2\/media\/77294"}],"wp:attachment":[{"href":"https:\/\/districos.standingout.be\/fr\/wp-json\/wp\/v2\/media?parent=136871"}],"wp:term":[{"taxonomy":"product_brand","embeddable":true,"href":"https:\/\/districos.standingout.be\/fr\/wp-json\/wp\/v2\/product_brand?post=136871"},{"taxonomy":"product_cat","embeddable":true,"href":"https:\/\/districos.standingout.be\/fr\/wp-json\/wp\/v2\/product_cat?post=136871"},{"taxonomy":"product_tag","embeddable":true,"href":"https:\/\/districos.standingout.be\/fr\/wp-json\/wp\/v2\/product_tag?post=136871"}],"curies":[{"name":"wp","href":"https:\/\/api.w.org\/{rel}","templated":true}]}}