{"id":136875,"date":"2026-04-28T09:31:22","date_gmt":"2026-04-28T07:31:22","guid":{"rendered":"https:\/\/webshopdistricoscom.webhosting.be\/product\/bio-balance-mix-ampoules-algae-mask-343-x-3-ml-ref-7061-53\/"},"modified":"2026-04-28T09:31:26","modified_gmt":"2026-04-28T07:31:26","slug":"bio-balance-mix-ampoules-algae-mask-343-x-3-ml-ref-7061-53","status":"publish","type":"product","link":"https:\/\/districos.standingout.be\/fr\/product\/bio-balance-mix-ampoules-algae-mask-343-x-3-ml-ref-7061-53\/","title":{"rendered":"Bio Balance Mix Ampoules Algae Mask (3+4+3) x 3 ml"},"content":{"rendered":"<p >\n<\/p>\n<p dir=\"ltr\">Ce m\u00e9lange de 3 types d&rsquo;ampoules est indispensable \u00e0 l&rsquo;utilisation des <u><a href=\"https:\/\/districos.com\/search?SearchText=masque%20aux%20algues%20peel-off\" target=\"_blank\" rel=\"noopener noreferrer nofollow\">Masques aux Algues Peel-Off<\/a><\/u>.<\/p>\n<p dir=\"ltr\"><b>Contenu<\/b><\/p>\n<p dir=\"ltr\">\n<ul>\n<li>3 x&nbsp;<u><a href=\"https:\/\/districos.com\/ProductDetail\/7061.38\" target=\"_blank\" rel=\"noopener noreferrer nofollow\">Bio Balance Sensivital 3 ml<\/a><\/u>.<\/li>\n<li>4 x&nbsp;<u><a href=\"https:\/\/districos.com\/ProductDetail\/7061.31\" target=\"_blank\" rel=\"noopener noreferrer nofollow\">Bio Balance Coup d&rsquo;\u00c9clat 3 ml<\/a><\/u>.<\/li>\n<li>3 x&nbsp;<u><a href=\"https:\/\/districos.com\/ProductDetail\/7061.39\" target=\"_blank\" rel=\"noopener noreferrer nofollow\">Bio Balance Oxyvital 3 ml<\/a><\/u>.<\/li>\n<\/ul>\n<div><b>Conseils d&rsquo;utilisation<\/b><\/div>\n<div>\n<ul>\n<li>Il est fortement recommand\u00e9 de continuer \u00e0 utiliser les s\u00e9rums \u00e0 domicile afin de traiter plus efficacement les probl\u00e8mes de la peau. Cela peut se faire quotidiennement ou en cure (2 \u00e0 4 semaines) en appliquant le s\u00e9rum le matin ou le soir sur une peau soigneusement nettoy\u00e9e avant la cr\u00e8me de jour ou de nuit.<\/li>\n<li>Cassez les ampoules \u00e0 l&rsquo;aide d&rsquo;un essuie-mains !<\/li>\n<\/ul>\n<\/div>\n","protected":false},"excerpt":{"rendered":"<p>Ce m\u00e9lange de 3 types d&rsquo;ampoules est indispensable \u00e0 l&rsquo;utilisation des Masques aux Algues Peel-Off. Contenu 3 x&nbsp;Bio Balance Sensivital 3 ml. 4 x&nbsp;Bio Balance Coup d&rsquo;\u00c9clat 3 ml. 3 x&nbsp;Bio Balance Oxyvital 3 ml. Conseils d&rsquo;utilisation Il est fortement recommand\u00e9 de continuer \u00e0 utiliser les s\u00e9rums \u00e0 domicile afin de traiter plus efficacement les [&hellip;]<\/p>\n","protected":false},"featured_media":77306,"comment_status":"open","ping_status":"closed","template":"","meta":{"_acf_changed":false},"product_brand":[10308],"product_cat":[9856],"product_tag":[],"class_list":{"0":"post-136875","1":"product","2":"type-product","3":"status-publish","4":"has-post-thumbnail","6":"product_brand-bb_gelaat-fr","7":"product_cat-beaute-visage-bio-balance-visage","9":"first","10":"instock","11":"taxable","12":"shipping-taxable","13":"product-type-simple"},"acf":[],"yoast_head":"<!-- This site is optimized with the Yoast SEO plugin v27.3 - https:\/\/yoast.com\/product\/yoast-seo-wordpress\/ -->\n<title>Bio Balance Mix Ampoules Algae Mask (3+4+3) x 3 ml - Districos Webshop<\/title>\n<meta name=\"robots\" content=\"noindex, follow, max-snippet:-1, max-image-preview:large, max-video-preview:-1\" \/>\n<meta property=\"og:locale\" content=\"fr_FR\" \/>\n<meta property=\"og:type\" content=\"article\" \/>\n<meta property=\"og:title\" content=\"Bio Balance Mix Ampoules Algae Mask (3+4+3) x 3 ml - Districos Webshop\" \/>\n<meta property=\"og:description\" content=\"Ce m\u00e9lange de 3 types d&rsquo;ampoules est indispensable \u00e0 l&rsquo;utilisation des Masques aux Algues Peel-Off. Contenu 3 x&nbsp;Bio Balance Sensivital 3 ml. 4 x&nbsp;Bio Balance Coup d&rsquo;\u00c9clat 3 ml. 3 x&nbsp;Bio Balance Oxyvital 3 ml. Conseils d&rsquo;utilisation Il est fortement recommand\u00e9 de continuer \u00e0 utiliser les s\u00e9rums \u00e0 domicile afin de traiter plus efficacement les [&hellip;]\" \/>\n<meta property=\"og:url\" content=\"https:\/\/districos.standingout.be\/fr\/product\/bio-balance-mix-ampoules-algae-mask-343-x-3-ml-ref-7061-53\/\" \/>\n<meta property=\"og:site_name\" content=\"Districos Webshop\" \/>\n<meta property=\"article:modified_time\" content=\"2026-04-28T07:31:26+00:00\" \/>\n<meta name=\"twitter:card\" content=\"summary_large_image\" \/>\n<script type=\"application\/ld+json\" class=\"yoast-schema-graph\">{\"@context\":\"https:\\\/\\\/schema.org\",\"@graph\":[{\"@type\":\"WebPage\",\"@id\":\"https:\\\/\\\/districos.standingout.be\\\/fr\\\/product\\\/bio-balance-mix-ampoules-algae-mask-343-x-3-ml-ref-7061-53\\\/\",\"url\":\"https:\\\/\\\/districos.standingout.be\\\/fr\\\/product\\\/bio-balance-mix-ampoules-algae-mask-343-x-3-ml-ref-7061-53\\\/\",\"name\":\"Bio Balance Mix Ampoules Algae Mask (3+4+3) x 3 ml - Districos Webshop\",\"isPartOf\":{\"@id\":\"https:\\\/\\\/districos.standingout.be\\\/fr\\\/#website\"},\"primaryImageOfPage\":{\"@id\":\"https:\\\/\\\/districos.standingout.be\\\/fr\\\/product\\\/bio-balance-mix-ampoules-algae-mask-343-x-3-ml-ref-7061-53\\\/#primaryimage\"},\"image\":{\"@id\":\"https:\\\/\\\/districos.standingout.be\\\/fr\\\/product\\\/bio-balance-mix-ampoules-algae-mask-343-x-3-ml-ref-7061-53\\\/#primaryimage\"},\"thumbnailUrl\":\"https:\\\/\\\/districos.standingout.be\\\/wp-content\\\/uploads\\\/2025\\\/07\\\/7061.53@LowRes_0.png\",\"datePublished\":\"2026-04-28T07:31:22+00:00\",\"dateModified\":\"2026-04-28T07:31:26+00:00\",\"breadcrumb\":{\"@id\":\"https:\\\/\\\/districos.standingout.be\\\/fr\\\/product\\\/bio-balance-mix-ampoules-algae-mask-343-x-3-ml-ref-7061-53\\\/#breadcrumb\"},\"inLanguage\":\"fr-FR\",\"potentialAction\":[{\"@type\":\"ReadAction\",\"target\":[\"https:\\\/\\\/districos.standingout.be\\\/fr\\\/product\\\/bio-balance-mix-ampoules-algae-mask-343-x-3-ml-ref-7061-53\\\/\"]}]},{\"@type\":\"ImageObject\",\"inLanguage\":\"fr-FR\",\"@id\":\"https:\\\/\\\/districos.standingout.be\\\/fr\\\/product\\\/bio-balance-mix-ampoules-algae-mask-343-x-3-ml-ref-7061-53\\\/#primaryimage\",\"url\":\"https:\\\/\\\/districos.standingout.be\\\/wp-content\\\/uploads\\\/2025\\\/07\\\/7061.53@LowRes_0.png\",\"contentUrl\":\"https:\\\/\\\/districos.standingout.be\\\/wp-content\\\/uploads\\\/2025\\\/07\\\/7061.53@LowRes_0.png\",\"width\":600,\"height\":600},{\"@type\":\"BreadcrumbList\",\"@id\":\"https:\\\/\\\/districos.standingout.be\\\/fr\\\/product\\\/bio-balance-mix-ampoules-algae-mask-343-x-3-ml-ref-7061-53\\\/#breadcrumb\",\"itemListElement\":[{\"@type\":\"ListItem\",\"position\":1,\"name\":\"Home\",\"item\":\"https:\\\/\\\/districos.standingout.be\\\/fr\\\/bienvenue-chez-districos\\\/\"},{\"@type\":\"ListItem\",\"position\":2,\"name\":\"Boutique\",\"item\":\"https:\\\/\\\/districos.standingout.be\\\/fr\\\/boutique\\\/\"},{\"@type\":\"ListItem\",\"position\":3,\"name\":\"Bio Balance Mix Ampoules Algae Mask (3+4+3) x 3 ml\"}]},{\"@type\":\"WebSite\",\"@id\":\"https:\\\/\\\/districos.standingout.be\\\/fr\\\/#website\",\"url\":\"https:\\\/\\\/districos.standingout.be\\\/fr\\\/\",\"name\":\"Districos Webshop\",\"description\":\"\",\"publisher\":{\"@id\":\"https:\\\/\\\/districos.standingout.be\\\/fr\\\/#organization\"},\"potentialAction\":[{\"@type\":\"SearchAction\",\"target\":{\"@type\":\"EntryPoint\",\"urlTemplate\":\"https:\\\/\\\/districos.standingout.be\\\/fr\\\/?s={search_term_string}\"},\"query-input\":{\"@type\":\"PropertyValueSpecification\",\"valueRequired\":true,\"valueName\":\"search_term_string\"}}],\"inLanguage\":\"fr-FR\"},{\"@type\":\"Organization\",\"@id\":\"https:\\\/\\\/districos.standingout.be\\\/fr\\\/#organization\",\"name\":\"Districos Webshop\",\"url\":\"https:\\\/\\\/districos.standingout.be\\\/fr\\\/\",\"logo\":{\"@type\":\"ImageObject\",\"inLanguage\":\"fr-FR\",\"@id\":\"https:\\\/\\\/districos.standingout.be\\\/fr\\\/#\\\/schema\\\/logo\\\/image\\\/\",\"url\":\"https:\\\/\\\/districos.standingout.be\\\/wp-content\\\/uploads\\\/2022\\\/09\\\/Districos_Logo_Webshop.svg\",\"contentUrl\":\"https:\\\/\\\/districos.standingout.be\\\/wp-content\\\/uploads\\\/2022\\\/09\\\/Districos_Logo_Webshop.svg\",\"caption\":\"Districos Webshop\"},\"image\":{\"@id\":\"https:\\\/\\\/districos.standingout.be\\\/fr\\\/#\\\/schema\\\/logo\\\/image\\\/\"}}]}<\/script>\n<!-- \/ Yoast SEO plugin. -->","yoast_head_json":{"title":"Bio Balance Mix Ampoules Algae Mask (3+4+3) x 3 ml - Districos Webshop","robots":{"index":"noindex","follow":"follow","max-snippet":"max-snippet:-1","max-image-preview":"max-image-preview:large","max-video-preview":"max-video-preview:-1"},"og_locale":"fr_FR","og_type":"article","og_title":"Bio Balance Mix Ampoules Algae Mask (3+4+3) x 3 ml - Districos Webshop","og_description":"Ce m\u00e9lange de 3 types d&rsquo;ampoules est indispensable \u00e0 l&rsquo;utilisation des Masques aux Algues Peel-Off. Contenu 3 x&nbsp;Bio Balance Sensivital 3 ml. 4 x&nbsp;Bio Balance Coup d&rsquo;\u00c9clat 3 ml. 3 x&nbsp;Bio Balance Oxyvital 3 ml. Conseils d&rsquo;utilisation Il est fortement recommand\u00e9 de continuer \u00e0 utiliser les s\u00e9rums \u00e0 domicile afin de traiter plus efficacement les [&hellip;]","og_url":"https:\/\/districos.standingout.be\/fr\/product\/bio-balance-mix-ampoules-algae-mask-343-x-3-ml-ref-7061-53\/","og_site_name":"Districos Webshop","article_modified_time":"2026-04-28T07:31:26+00:00","twitter_card":"summary_large_image","schema":{"@context":"https:\/\/schema.org","@graph":[{"@type":"WebPage","@id":"https:\/\/districos.standingout.be\/fr\/product\/bio-balance-mix-ampoules-algae-mask-343-x-3-ml-ref-7061-53\/","url":"https:\/\/districos.standingout.be\/fr\/product\/bio-balance-mix-ampoules-algae-mask-343-x-3-ml-ref-7061-53\/","name":"Bio Balance Mix Ampoules Algae Mask (3+4+3) x 3 ml - Districos Webshop","isPartOf":{"@id":"https:\/\/districos.standingout.be\/fr\/#website"},"primaryImageOfPage":{"@id":"https:\/\/districos.standingout.be\/fr\/product\/bio-balance-mix-ampoules-algae-mask-343-x-3-ml-ref-7061-53\/#primaryimage"},"image":{"@id":"https:\/\/districos.standingout.be\/fr\/product\/bio-balance-mix-ampoules-algae-mask-343-x-3-ml-ref-7061-53\/#primaryimage"},"thumbnailUrl":"https:\/\/districos.standingout.be\/wp-content\/uploads\/2025\/07\/7061.53@LowRes_0.png","datePublished":"2026-04-28T07:31:22+00:00","dateModified":"2026-04-28T07:31:26+00:00","breadcrumb":{"@id":"https:\/\/districos.standingout.be\/fr\/product\/bio-balance-mix-ampoules-algae-mask-343-x-3-ml-ref-7061-53\/#breadcrumb"},"inLanguage":"fr-FR","potentialAction":[{"@type":"ReadAction","target":["https:\/\/districos.standingout.be\/fr\/product\/bio-balance-mix-ampoules-algae-mask-343-x-3-ml-ref-7061-53\/"]}]},{"@type":"ImageObject","inLanguage":"fr-FR","@id":"https:\/\/districos.standingout.be\/fr\/product\/bio-balance-mix-ampoules-algae-mask-343-x-3-ml-ref-7061-53\/#primaryimage","url":"https:\/\/districos.standingout.be\/wp-content\/uploads\/2025\/07\/7061.53@LowRes_0.png","contentUrl":"https:\/\/districos.standingout.be\/wp-content\/uploads\/2025\/07\/7061.53@LowRes_0.png","width":600,"height":600},{"@type":"BreadcrumbList","@id":"https:\/\/districos.standingout.be\/fr\/product\/bio-balance-mix-ampoules-algae-mask-343-x-3-ml-ref-7061-53\/#breadcrumb","itemListElement":[{"@type":"ListItem","position":1,"name":"Home","item":"https:\/\/districos.standingout.be\/fr\/bienvenue-chez-districos\/"},{"@type":"ListItem","position":2,"name":"Boutique","item":"https:\/\/districos.standingout.be\/fr\/boutique\/"},{"@type":"ListItem","position":3,"name":"Bio Balance Mix Ampoules Algae Mask (3+4+3) x 3 ml"}]},{"@type":"WebSite","@id":"https:\/\/districos.standingout.be\/fr\/#website","url":"https:\/\/districos.standingout.be\/fr\/","name":"Districos Webshop","description":"","publisher":{"@id":"https:\/\/districos.standingout.be\/fr\/#organization"},"potentialAction":[{"@type":"SearchAction","target":{"@type":"EntryPoint","urlTemplate":"https:\/\/districos.standingout.be\/fr\/?s={search_term_string}"},"query-input":{"@type":"PropertyValueSpecification","valueRequired":true,"valueName":"search_term_string"}}],"inLanguage":"fr-FR"},{"@type":"Organization","@id":"https:\/\/districos.standingout.be\/fr\/#organization","name":"Districos Webshop","url":"https:\/\/districos.standingout.be\/fr\/","logo":{"@type":"ImageObject","inLanguage":"fr-FR","@id":"https:\/\/districos.standingout.be\/fr\/#\/schema\/logo\/image\/","url":"https:\/\/districos.standingout.be\/wp-content\/uploads\/2022\/09\/Districos_Logo_Webshop.svg","contentUrl":"https:\/\/districos.standingout.be\/wp-content\/uploads\/2022\/09\/Districos_Logo_Webshop.svg","caption":"Districos Webshop"},"image":{"@id":"https:\/\/districos.standingout.be\/fr\/#\/schema\/logo\/image\/"}}]}},"_links":{"self":[{"href":"https:\/\/districos.standingout.be\/fr\/wp-json\/wp\/v2\/product\/136875","targetHints":{"allow":["GET"]}}],"collection":[{"href":"https:\/\/districos.standingout.be\/fr\/wp-json\/wp\/v2\/product"}],"about":[{"href":"https:\/\/districos.standingout.be\/fr\/wp-json\/wp\/v2\/types\/product"}],"replies":[{"embeddable":true,"href":"https:\/\/districos.standingout.be\/fr\/wp-json\/wp\/v2\/comments?post=136875"}],"wp:featuredmedia":[{"embeddable":true,"href":"https:\/\/districos.standingout.be\/fr\/wp-json\/wp\/v2\/media\/77306"}],"wp:attachment":[{"href":"https:\/\/districos.standingout.be\/fr\/wp-json\/wp\/v2\/media?parent=136875"}],"wp:term":[{"taxonomy":"product_brand","embeddable":true,"href":"https:\/\/districos.standingout.be\/fr\/wp-json\/wp\/v2\/product_brand?post=136875"},{"taxonomy":"product_cat","embeddable":true,"href":"https:\/\/districos.standingout.be\/fr\/wp-json\/wp\/v2\/product_cat?post=136875"},{"taxonomy":"product_tag","embeddable":true,"href":"https:\/\/districos.standingout.be\/fr\/wp-json\/wp\/v2\/product_tag?post=136875"}],"curies":[{"name":"wp","href":"https:\/\/api.w.org\/{rel}","templated":true}]}}