{"id":136883,"date":"2026-04-28T09:31:45","date_gmt":"2026-04-28T07:31:45","guid":{"rendered":"https:\/\/webshopdistricoscom.webhosting.be\/product\/bio-balance-masque-peel-off-contour-yeux-bio-satin-5-pcs-ref-7062-03\/"},"modified":"2026-04-28T09:31:49","modified_gmt":"2026-04-28T07:31:49","slug":"bio-balance-masque-peel-off-contour-yeux-bio-satin-5-pcs-ref-7062-03","status":"publish","type":"product","link":"https:\/\/districos.standingout.be\/fr\/product\/bio-balance-masque-peel-off-contour-yeux-bio-satin-5-pcs-ref-7062-03\/","title":{"rendered":"Bio Balance Masque Peel-Off Contour Yeux Bio-Satin 5 pcs."},"content":{"rendered":"<p >\n<p dir=\"ltr\">Les cernes et les poches ont, comme les rides, un effet vieillissant. Ils sont dus \u00e0 un mauvais fonctionnement du syst\u00e8me lymphatique ce qui signifie que l&rsquo;humidit\u00e9 et les toxines sont mal transport\u00e9s et qu&rsquo;ils s&rsquo;accumulent sous la peau.<\/p>\n<p dir=\"ltr\">Ce masque aux algues \u00e0 base d&rsquo;ingr\u00e9dients v\u00e9g\u00e9taux doux a \u00e9t\u00e9 sp\u00e9cifiquement constitu\u00e9 pour soigner et purifier le contour des yeux d\u00e9licat et pour s&rsquo;attaquer doucement et efficacement aux poches et aux cernes. Il a un effet agr\u00e9ablement rafra\u00eechissant qui stimule la microcirculation. Les gonflements et les cernes diminuent ce qui produit instantan\u00e9ment un effet rajeunissant et revitalisant sur le contour des yeux.<\/p>\n<p dir=\"ltr\">\n<ul>\n<li>Adapt\u00e9 aux peaux les plus sensibles.<\/li>\n<li>Id\u00e9al en combinaison avec les&nbsp;<u><a href=\"https:\/\/districos.com\/ProductDetail\/7061.35\" target=\"_blank\" rel=\"noopener noreferrer nofollow\">Ampoules Opti-\u00c9clat<\/a><\/u>&nbsp;et un masque de visage g\u00e9n\u00e9ral.<\/li>\n<li>Emballage : 5 x 10 g poudre masque.<\/li>\n<\/ul>\n<div><b>Substances actives<\/b><\/div>\n<div>\n<ul>\n<li>Kieselguhr (\u00ab Diatomaceous earth \u00bb) est un d\u00e9toxifiant naturel qui prot\u00e8ge la peau contre les dommages caus\u00e9s par les radicaux libres. En outre, cet ingr\u00e9dient am\u00e9liore la structure de la peau et stimule la production de collag\u00e8ne.<\/li>\n<li>La collag\u00e8ne est une prot\u00e9ine importante qui est naturellement pr\u00e9sente dans la peau, qui raffermit la peau et qui r\u00e9duit les rides et ridules.<\/li>\n<li>L&rsquo;argile de bentonite est un type d&rsquo;argile avec divers avantages pour la peau. L&rsquo;argile absorbe les toxines, \u00e9galise la peau, r\u00e9duit les rides et ridules et rend la peau plus ferme et plus lisse.<\/li>\n<li>L&rsquo;huile de roses est un antioxydant puissant et un ingr\u00e9dient efficace pour soulager les yeux fatigu\u00e9s.<\/li>\n<\/ul>\n<\/div>\n","protected":false},"excerpt":{"rendered":"<p>Les cernes et les poches ont, comme les rides, un effet vieillissant. Ils sont dus \u00e0 un mauvais fonctionnement du syst\u00e8me lymphatique ce qui signifie que l&rsquo;humidit\u00e9 et les toxines sont mal transport\u00e9s et qu&rsquo;ils s&rsquo;accumulent sous la peau. Ce masque aux algues \u00e0 base d&rsquo;ingr\u00e9dients v\u00e9g\u00e9taux doux a \u00e9t\u00e9 sp\u00e9cifiquement constitu\u00e9 pour soigner et [&hellip;]<\/p>\n","protected":false},"featured_media":147166,"comment_status":"open","ping_status":"closed","template":"","meta":{"_acf_changed":false},"product_brand":[10308],"product_cat":[9856],"product_tag":[],"class_list":{"0":"post-136883","1":"product","2":"type-product","3":"status-publish","4":"has-post-thumbnail","6":"product_brand-bb_gelaat-fr","7":"product_cat-beaute-visage-bio-balance-visage","9":"first","10":"instock","11":"taxable","12":"shipping-taxable","13":"product-type-simple"},"acf":[],"yoast_head":"<!-- This site is optimized with the Yoast SEO plugin v27.3 - https:\/\/yoast.com\/product\/yoast-seo-wordpress\/ -->\n<title>Bio Balance Masque Peel-Off Contour Yeux Bio-Satin 5 pcs. - Districos Webshop<\/title>\n<meta name=\"robots\" content=\"noindex, follow, max-snippet:-1, max-image-preview:large, max-video-preview:-1\" \/>\n<meta property=\"og:locale\" content=\"fr_FR\" \/>\n<meta property=\"og:type\" content=\"article\" \/>\n<meta property=\"og:title\" content=\"Bio Balance Masque Peel-Off Contour Yeux Bio-Satin 5 pcs. - Districos Webshop\" \/>\n<meta property=\"og:description\" content=\"Les cernes et les poches ont, comme les rides, un effet vieillissant. Ils sont dus \u00e0 un mauvais fonctionnement du syst\u00e8me lymphatique ce qui signifie que l&rsquo;humidit\u00e9 et les toxines sont mal transport\u00e9s et qu&rsquo;ils s&rsquo;accumulent sous la peau. Ce masque aux algues \u00e0 base d&rsquo;ingr\u00e9dients v\u00e9g\u00e9taux doux a \u00e9t\u00e9 sp\u00e9cifiquement constitu\u00e9 pour soigner et [&hellip;]\" \/>\n<meta property=\"og:url\" content=\"https:\/\/districos.standingout.be\/fr\/product\/bio-balance-masque-peel-off-contour-yeux-bio-satin-5-pcs-ref-7062-03\/\" \/>\n<meta property=\"og:site_name\" content=\"Districos Webshop\" \/>\n<meta property=\"article:modified_time\" content=\"2026-04-28T07:31:49+00:00\" \/>\n<meta name=\"twitter:card\" content=\"summary_large_image\" \/>\n<meta name=\"twitter:label1\" content=\"Dur\u00e9e de lecture estim\u00e9e\" \/>\n\t<meta name=\"twitter:data1\" content=\"1 minute\" \/>\n<script type=\"application\/ld+json\" class=\"yoast-schema-graph\">{\"@context\":\"https:\\\/\\\/schema.org\",\"@graph\":[{\"@type\":\"WebPage\",\"@id\":\"https:\\\/\\\/districos.standingout.be\\\/fr\\\/product\\\/bio-balance-masque-peel-off-contour-yeux-bio-satin-5-pcs-ref-7062-03\\\/\",\"url\":\"https:\\\/\\\/districos.standingout.be\\\/fr\\\/product\\\/bio-balance-masque-peel-off-contour-yeux-bio-satin-5-pcs-ref-7062-03\\\/\",\"name\":\"Bio Balance Masque Peel-Off Contour Yeux Bio-Satin 5 pcs. - Districos Webshop\",\"isPartOf\":{\"@id\":\"https:\\\/\\\/districos.standingout.be\\\/fr\\\/#website\"},\"primaryImageOfPage\":{\"@id\":\"https:\\\/\\\/districos.standingout.be\\\/fr\\\/product\\\/bio-balance-masque-peel-off-contour-yeux-bio-satin-5-pcs-ref-7062-03\\\/#primaryimage\"},\"image\":{\"@id\":\"https:\\\/\\\/districos.standingout.be\\\/fr\\\/product\\\/bio-balance-masque-peel-off-contour-yeux-bio-satin-5-pcs-ref-7062-03\\\/#primaryimage\"},\"thumbnailUrl\":\"https:\\\/\\\/districos.standingout.be\\\/wp-content\\\/uploads\\\/2026\\\/04\\\/7062.03@Bio-Satin-Oogcontourmaskers-5-st_1-1.png\",\"datePublished\":\"2026-04-28T07:31:45+00:00\",\"dateModified\":\"2026-04-28T07:31:49+00:00\",\"breadcrumb\":{\"@id\":\"https:\\\/\\\/districos.standingout.be\\\/fr\\\/product\\\/bio-balance-masque-peel-off-contour-yeux-bio-satin-5-pcs-ref-7062-03\\\/#breadcrumb\"},\"inLanguage\":\"fr-FR\",\"potentialAction\":[{\"@type\":\"ReadAction\",\"target\":[\"https:\\\/\\\/districos.standingout.be\\\/fr\\\/product\\\/bio-balance-masque-peel-off-contour-yeux-bio-satin-5-pcs-ref-7062-03\\\/\"]}]},{\"@type\":\"ImageObject\",\"inLanguage\":\"fr-FR\",\"@id\":\"https:\\\/\\\/districos.standingout.be\\\/fr\\\/product\\\/bio-balance-masque-peel-off-contour-yeux-bio-satin-5-pcs-ref-7062-03\\\/#primaryimage\",\"url\":\"https:\\\/\\\/districos.standingout.be\\\/wp-content\\\/uploads\\\/2026\\\/04\\\/7062.03@Bio-Satin-Oogcontourmaskers-5-st_1-1.png\",\"contentUrl\":\"https:\\\/\\\/districos.standingout.be\\\/wp-content\\\/uploads\\\/2026\\\/04\\\/7062.03@Bio-Satin-Oogcontourmaskers-5-st_1-1.png\",\"width\":600,\"height\":600},{\"@type\":\"BreadcrumbList\",\"@id\":\"https:\\\/\\\/districos.standingout.be\\\/fr\\\/product\\\/bio-balance-masque-peel-off-contour-yeux-bio-satin-5-pcs-ref-7062-03\\\/#breadcrumb\",\"itemListElement\":[{\"@type\":\"ListItem\",\"position\":1,\"name\":\"Home\",\"item\":\"https:\\\/\\\/districos.standingout.be\\\/fr\\\/bienvenue-chez-districos\\\/\"},{\"@type\":\"ListItem\",\"position\":2,\"name\":\"Boutique\",\"item\":\"https:\\\/\\\/districos.standingout.be\\\/fr\\\/boutique\\\/\"},{\"@type\":\"ListItem\",\"position\":3,\"name\":\"Bio Balance Masque Peel-Off Contour Yeux Bio-Satin 5 pcs.\"}]},{\"@type\":\"WebSite\",\"@id\":\"https:\\\/\\\/districos.standingout.be\\\/fr\\\/#website\",\"url\":\"https:\\\/\\\/districos.standingout.be\\\/fr\\\/\",\"name\":\"Districos Webshop\",\"description\":\"\",\"publisher\":{\"@id\":\"https:\\\/\\\/districos.standingout.be\\\/fr\\\/#organization\"},\"potentialAction\":[{\"@type\":\"SearchAction\",\"target\":{\"@type\":\"EntryPoint\",\"urlTemplate\":\"https:\\\/\\\/districos.standingout.be\\\/fr\\\/?s={search_term_string}\"},\"query-input\":{\"@type\":\"PropertyValueSpecification\",\"valueRequired\":true,\"valueName\":\"search_term_string\"}}],\"inLanguage\":\"fr-FR\"},{\"@type\":\"Organization\",\"@id\":\"https:\\\/\\\/districos.standingout.be\\\/fr\\\/#organization\",\"name\":\"Districos Webshop\",\"url\":\"https:\\\/\\\/districos.standingout.be\\\/fr\\\/\",\"logo\":{\"@type\":\"ImageObject\",\"inLanguage\":\"fr-FR\",\"@id\":\"https:\\\/\\\/districos.standingout.be\\\/fr\\\/#\\\/schema\\\/logo\\\/image\\\/\",\"url\":\"https:\\\/\\\/districos.standingout.be\\\/wp-content\\\/uploads\\\/2022\\\/09\\\/Districos_Logo_Webshop.svg\",\"contentUrl\":\"https:\\\/\\\/districos.standingout.be\\\/wp-content\\\/uploads\\\/2022\\\/09\\\/Districos_Logo_Webshop.svg\",\"caption\":\"Districos Webshop\"},\"image\":{\"@id\":\"https:\\\/\\\/districos.standingout.be\\\/fr\\\/#\\\/schema\\\/logo\\\/image\\\/\"}}]}<\/script>\n<!-- \/ Yoast SEO plugin. -->","yoast_head_json":{"title":"Bio Balance Masque Peel-Off Contour Yeux Bio-Satin 5 pcs. - Districos Webshop","robots":{"index":"noindex","follow":"follow","max-snippet":"max-snippet:-1","max-image-preview":"max-image-preview:large","max-video-preview":"max-video-preview:-1"},"og_locale":"fr_FR","og_type":"article","og_title":"Bio Balance Masque Peel-Off Contour Yeux Bio-Satin 5 pcs. - Districos Webshop","og_description":"Les cernes et les poches ont, comme les rides, un effet vieillissant. Ils sont dus \u00e0 un mauvais fonctionnement du syst\u00e8me lymphatique ce qui signifie que l&rsquo;humidit\u00e9 et les toxines sont mal transport\u00e9s et qu&rsquo;ils s&rsquo;accumulent sous la peau. Ce masque aux algues \u00e0 base d&rsquo;ingr\u00e9dients v\u00e9g\u00e9taux doux a \u00e9t\u00e9 sp\u00e9cifiquement constitu\u00e9 pour soigner et [&hellip;]","og_url":"https:\/\/districos.standingout.be\/fr\/product\/bio-balance-masque-peel-off-contour-yeux-bio-satin-5-pcs-ref-7062-03\/","og_site_name":"Districos Webshop","article_modified_time":"2026-04-28T07:31:49+00:00","twitter_card":"summary_large_image","twitter_misc":{"Dur\u00e9e de lecture estim\u00e9e":"1 minute"},"schema":{"@context":"https:\/\/schema.org","@graph":[{"@type":"WebPage","@id":"https:\/\/districos.standingout.be\/fr\/product\/bio-balance-masque-peel-off-contour-yeux-bio-satin-5-pcs-ref-7062-03\/","url":"https:\/\/districos.standingout.be\/fr\/product\/bio-balance-masque-peel-off-contour-yeux-bio-satin-5-pcs-ref-7062-03\/","name":"Bio Balance Masque Peel-Off Contour Yeux Bio-Satin 5 pcs. - Districos Webshop","isPartOf":{"@id":"https:\/\/districos.standingout.be\/fr\/#website"},"primaryImageOfPage":{"@id":"https:\/\/districos.standingout.be\/fr\/product\/bio-balance-masque-peel-off-contour-yeux-bio-satin-5-pcs-ref-7062-03\/#primaryimage"},"image":{"@id":"https:\/\/districos.standingout.be\/fr\/product\/bio-balance-masque-peel-off-contour-yeux-bio-satin-5-pcs-ref-7062-03\/#primaryimage"},"thumbnailUrl":"https:\/\/districos.standingout.be\/wp-content\/uploads\/2026\/04\/7062.03@Bio-Satin-Oogcontourmaskers-5-st_1-1.png","datePublished":"2026-04-28T07:31:45+00:00","dateModified":"2026-04-28T07:31:49+00:00","breadcrumb":{"@id":"https:\/\/districos.standingout.be\/fr\/product\/bio-balance-masque-peel-off-contour-yeux-bio-satin-5-pcs-ref-7062-03\/#breadcrumb"},"inLanguage":"fr-FR","potentialAction":[{"@type":"ReadAction","target":["https:\/\/districos.standingout.be\/fr\/product\/bio-balance-masque-peel-off-contour-yeux-bio-satin-5-pcs-ref-7062-03\/"]}]},{"@type":"ImageObject","inLanguage":"fr-FR","@id":"https:\/\/districos.standingout.be\/fr\/product\/bio-balance-masque-peel-off-contour-yeux-bio-satin-5-pcs-ref-7062-03\/#primaryimage","url":"https:\/\/districos.standingout.be\/wp-content\/uploads\/2026\/04\/7062.03@Bio-Satin-Oogcontourmaskers-5-st_1-1.png","contentUrl":"https:\/\/districos.standingout.be\/wp-content\/uploads\/2026\/04\/7062.03@Bio-Satin-Oogcontourmaskers-5-st_1-1.png","width":600,"height":600},{"@type":"BreadcrumbList","@id":"https:\/\/districos.standingout.be\/fr\/product\/bio-balance-masque-peel-off-contour-yeux-bio-satin-5-pcs-ref-7062-03\/#breadcrumb","itemListElement":[{"@type":"ListItem","position":1,"name":"Home","item":"https:\/\/districos.standingout.be\/fr\/bienvenue-chez-districos\/"},{"@type":"ListItem","position":2,"name":"Boutique","item":"https:\/\/districos.standingout.be\/fr\/boutique\/"},{"@type":"ListItem","position":3,"name":"Bio Balance Masque Peel-Off Contour Yeux Bio-Satin 5 pcs."}]},{"@type":"WebSite","@id":"https:\/\/districos.standingout.be\/fr\/#website","url":"https:\/\/districos.standingout.be\/fr\/","name":"Districos Webshop","description":"","publisher":{"@id":"https:\/\/districos.standingout.be\/fr\/#organization"},"potentialAction":[{"@type":"SearchAction","target":{"@type":"EntryPoint","urlTemplate":"https:\/\/districos.standingout.be\/fr\/?s={search_term_string}"},"query-input":{"@type":"PropertyValueSpecification","valueRequired":true,"valueName":"search_term_string"}}],"inLanguage":"fr-FR"},{"@type":"Organization","@id":"https:\/\/districos.standingout.be\/fr\/#organization","name":"Districos Webshop","url":"https:\/\/districos.standingout.be\/fr\/","logo":{"@type":"ImageObject","inLanguage":"fr-FR","@id":"https:\/\/districos.standingout.be\/fr\/#\/schema\/logo\/image\/","url":"https:\/\/districos.standingout.be\/wp-content\/uploads\/2022\/09\/Districos_Logo_Webshop.svg","contentUrl":"https:\/\/districos.standingout.be\/wp-content\/uploads\/2022\/09\/Districos_Logo_Webshop.svg","caption":"Districos Webshop"},"image":{"@id":"https:\/\/districos.standingout.be\/fr\/#\/schema\/logo\/image\/"}}]}},"_links":{"self":[{"href":"https:\/\/districos.standingout.be\/fr\/wp-json\/wp\/v2\/product\/136883","targetHints":{"allow":["GET"]}}],"collection":[{"href":"https:\/\/districos.standingout.be\/fr\/wp-json\/wp\/v2\/product"}],"about":[{"href":"https:\/\/districos.standingout.be\/fr\/wp-json\/wp\/v2\/types\/product"}],"replies":[{"embeddable":true,"href":"https:\/\/districos.standingout.be\/fr\/wp-json\/wp\/v2\/comments?post=136883"}],"wp:featuredmedia":[{"embeddable":true,"href":"https:\/\/districos.standingout.be\/fr\/wp-json\/wp\/v2\/media\/147166"}],"wp:attachment":[{"href":"https:\/\/districos.standingout.be\/fr\/wp-json\/wp\/v2\/media?parent=136883"}],"wp:term":[{"taxonomy":"product_brand","embeddable":true,"href":"https:\/\/districos.standingout.be\/fr\/wp-json\/wp\/v2\/product_brand?post=136883"},{"taxonomy":"product_cat","embeddable":true,"href":"https:\/\/districos.standingout.be\/fr\/wp-json\/wp\/v2\/product_cat?post=136883"},{"taxonomy":"product_tag","embeddable":true,"href":"https:\/\/districos.standingout.be\/fr\/wp-json\/wp\/v2\/product_tag?post=136883"}],"curies":[{"name":"wp","href":"https:\/\/api.w.org\/{rel}","templated":true}]}}