{"id":136887,"date":"2026-04-28T09:31:56","date_gmt":"2026-04-28T07:31:56","guid":{"rendered":"https:\/\/webshopdistricoscom.webhosting.be\/product\/bio-balance-masque-aux-algues-peel-off-myrtille-5-pcs-ref-7062-05\/"},"modified":"2026-04-28T09:32:03","modified_gmt":"2026-04-28T07:32:03","slug":"bio-balance-masque-aux-algues-peel-off-myrtille-5-pcs-ref-7062-05","status":"publish","type":"product","link":"https:\/\/districos.standingout.be\/fr\/product\/bio-balance-masque-aux-algues-peel-off-myrtille-5-pcs-ref-7062-05\/","title":{"rendered":"Bio Balance Masque aux Algues Peel-Off Myrtille 5 pcs."},"content":{"rendered":"<p >\n<\/p>\n<\/p>\n<\/p>\n<\/p>\n<p><font size=\"2\" face=\"Verdana\">D\u00e9couvrez les propri\u00e9t\u00e9s nettoyantes et r\u00e9g\u00e9n\u00e9ratrices des algues gr\u00e2ce aux Masques aux Algues Peel-Off !<\/font> <\/p>\n<\/p>\n<p dir=\"ltr\">\n<\/p>\n<div><font size=\"2\" face=\"Verdana\">Le Masque aux Algues Peel-Off \u00e0 l&rsquo;extrait de myrtille assure, en combinaison avec l&rsquo;extrait de camomille pr\u00e9sent, un effet apaisant sur les \u00e9ventuelles irritations des peaux tr\u00e8s sensibles \u00e0 r\u00e9actives.<\/font><\/div>\n<div>\n<ul>\n<li><font size=\"2\" face=\"Verdana\">Id\u00e9al en combinaison avec les <u><a href=\"https:\/\/districos.com\/ProductDetail\/7061.38\" target=\"_blank\" rel=\"noopener noreferrer nofollow\">ampoules Sensivital<\/a><\/u> (\u00e0 appliquer sous le masque).<\/font><\/li>\n<li><font size=\"2\" face=\"Verdana\">Masque S.O.S.<\/font><\/li>\n<li><font size=\"2\" face=\"Verdana\">Emballage : 5 x 30 g.<\/font><\/li>\n<li><font size=\"2\">Vegan.<\/font><\/li>\n<\/ul>\n<div><font size=\"2\"><b>Substances actives<\/b><\/font><\/div>\n<\/div>\n<div>\n<ul>\n<li><font size=\"2\">Les algues vous offrent un nettoyage doux, am\u00e9liorent la circulation sanguine et raffermissent, nourrissent et r\u00e9g\u00e9n\u00e8rent la peau.<\/font><\/li>\n<li><font size=\"2\">L&rsquo;extrait de myrtille prot\u00e8ge la peau contre les signes de rougeurs et calme la peau. Il renforce \u00e9galement le syst\u00e8me de d\u00e9fense de la peau contre les rayons UVA.<\/font><\/li>\n<li><font size=\"2\">Les propri\u00e9t\u00e9s adoucissantes et apaisantes de l&rsquo;huile de camomille aident \u00e0 r\u00e9duire le stress et la sensibilit\u00e9 de la peau. L&rsquo;huile a un effet anti-inflammatoire et apaise la peau irrit\u00e9e.<\/font><\/li>\n<\/ul>\n<div><font size=\"2\"><b>Mode d&#8217;emploi<\/b><\/font><\/div>\n<\/div>\n<div>\n<ul>\n<li><font size=\"2\">M\u00e9langez 30 g de poudre avec 90 ml d&rsquo;eau min\u00e9rale \u00e0 temp\u00e9rature ambiante (20 \u00b0C). Ajoutez l&rsquo;eau \u00e0 la poudre en une fois. Utilisez pour cela un r\u00e9cipient flexible.<\/font><\/li>\n<li><font size=\"2\">M\u00e9langez vigoureusement pendant maximum 1 minute jusqu&rsquo;\u00e0 ce que vous obteniez une masse homog\u00e8ne sans grumeaux.<\/font><\/li>\n<\/ul>\n<div>\n<div>\n<div><font size=\"2\"><b>Aussi disponible<\/b><\/font><\/div>\n<\/div>\n<div>\n<ul>\n<li><font size=\"2\">Masque aux Algues Peel-Off Ac\u00e9rola Vit. C (<u><a href=\"https:\/\/districos.com\/ProductDetail\/7062.02\" target=\"_blank\" rel=\"noopener noreferrer nofollow\">r\u00e9f. 7062.02<\/a><\/u>)<\/font><\/li>\n<li><font size=\"2\">Masque aux Algues Peel-Off Cryog\u00e9nique (<u><a href=\"https:\/\/districos.com\/ProductDetail\/7062.04\" target=\"_blank\" rel=\"noopener noreferrer nofollow\">r\u00e9f. 7062.04<\/a><\/u>)<\/font><\/li>\n<li><font size=\"2\">Set Essai Masques aux Algues Peel-Off contenant 3 pi\u00e8ces de chaque masque (<u><a href=\"https:\/\/districos.com\/ProductDetail\/7062.022\" target=\"_blank\" rel=\"noopener noreferrer nofollow\">r\u00e9f. 7062.022<\/a><\/u>)<\/font><\/li>\n<\/ul>\n<\/div>\n<\/div>\n<\/div>\n","protected":false},"excerpt":{"rendered":"<p>D\u00e9couvrez les propri\u00e9t\u00e9s nettoyantes et r\u00e9g\u00e9n\u00e9ratrices des algues gr\u00e2ce aux Masques aux Algues Peel-Off ! Le Masque aux Algues Peel-Off \u00e0 l&rsquo;extrait de myrtille assure, en combinaison avec l&rsquo;extrait de camomille pr\u00e9sent, un effet apaisant sur les \u00e9ventuelles irritations des peaux tr\u00e8s sensibles \u00e0 r\u00e9actives. Id\u00e9al en combinaison avec les ampoules Sensivital (\u00e0 appliquer sous [&hellip;]<\/p>\n","protected":false},"featured_media":77324,"comment_status":"open","ping_status":"closed","template":"","meta":{"_acf_changed":false},"product_brand":[10308],"product_cat":[9856],"product_tag":[],"class_list":{"0":"post-136887","1":"product","2":"type-product","3":"status-publish","4":"has-post-thumbnail","6":"product_brand-bb_gelaat-fr","7":"product_cat-beaute-visage-bio-balance-visage","9":"first","10":"instock","11":"taxable","12":"shipping-taxable","13":"product-type-simple"},"acf":[],"yoast_head":"<!-- This site is optimized with the Yoast SEO plugin v27.3 - https:\/\/yoast.com\/product\/yoast-seo-wordpress\/ -->\n<title>Bio Balance Masque aux Algues Peel-Off Myrtille 5 pcs. - Districos Webshop<\/title>\n<meta name=\"robots\" content=\"noindex, follow, max-snippet:-1, max-image-preview:large, max-video-preview:-1\" \/>\n<meta property=\"og:locale\" content=\"fr_FR\" \/>\n<meta property=\"og:type\" content=\"article\" \/>\n<meta property=\"og:title\" content=\"Bio Balance Masque aux Algues Peel-Off Myrtille 5 pcs. - Districos Webshop\" \/>\n<meta property=\"og:description\" content=\"D\u00e9couvrez les propri\u00e9t\u00e9s nettoyantes et r\u00e9g\u00e9n\u00e9ratrices des algues gr\u00e2ce aux Masques aux Algues Peel-Off ! Le Masque aux Algues Peel-Off \u00e0 l&rsquo;extrait de myrtille assure, en combinaison avec l&rsquo;extrait de camomille pr\u00e9sent, un effet apaisant sur les \u00e9ventuelles irritations des peaux tr\u00e8s sensibles \u00e0 r\u00e9actives. Id\u00e9al en combinaison avec les ampoules Sensivital (\u00e0 appliquer sous [&hellip;]\" \/>\n<meta property=\"og:url\" content=\"https:\/\/districos.standingout.be\/fr\/product\/bio-balance-masque-aux-algues-peel-off-myrtille-5-pcs-ref-7062-05\/\" \/>\n<meta property=\"og:site_name\" content=\"Districos Webshop\" \/>\n<meta property=\"article:modified_time\" content=\"2026-04-28T07:32:03+00:00\" \/>\n<meta name=\"twitter:card\" content=\"summary_large_image\" \/>\n<meta name=\"twitter:label1\" content=\"Dur\u00e9e de lecture estim\u00e9e\" \/>\n\t<meta name=\"twitter:data1\" content=\"1 minute\" \/>\n<script type=\"application\/ld+json\" class=\"yoast-schema-graph\">{\"@context\":\"https:\\\/\\\/schema.org\",\"@graph\":[{\"@type\":\"WebPage\",\"@id\":\"https:\\\/\\\/districos.standingout.be\\\/fr\\\/product\\\/bio-balance-masque-aux-algues-peel-off-myrtille-5-pcs-ref-7062-05\\\/\",\"url\":\"https:\\\/\\\/districos.standingout.be\\\/fr\\\/product\\\/bio-balance-masque-aux-algues-peel-off-myrtille-5-pcs-ref-7062-05\\\/\",\"name\":\"Bio Balance Masque aux Algues Peel-Off Myrtille 5 pcs. - Districos Webshop\",\"isPartOf\":{\"@id\":\"https:\\\/\\\/districos.standingout.be\\\/fr\\\/#website\"},\"primaryImageOfPage\":{\"@id\":\"https:\\\/\\\/districos.standingout.be\\\/fr\\\/product\\\/bio-balance-masque-aux-algues-peel-off-myrtille-5-pcs-ref-7062-05\\\/#primaryimage\"},\"image\":{\"@id\":\"https:\\\/\\\/districos.standingout.be\\\/fr\\\/product\\\/bio-balance-masque-aux-algues-peel-off-myrtille-5-pcs-ref-7062-05\\\/#primaryimage\"},\"thumbnailUrl\":\"https:\\\/\\\/districos.standingout.be\\\/wp-content\\\/uploads\\\/2025\\\/07\\\/7062.05@LowRes_180.png\",\"datePublished\":\"2026-04-28T07:31:56+00:00\",\"dateModified\":\"2026-04-28T07:32:03+00:00\",\"breadcrumb\":{\"@id\":\"https:\\\/\\\/districos.standingout.be\\\/fr\\\/product\\\/bio-balance-masque-aux-algues-peel-off-myrtille-5-pcs-ref-7062-05\\\/#breadcrumb\"},\"inLanguage\":\"fr-FR\",\"potentialAction\":[{\"@type\":\"ReadAction\",\"target\":[\"https:\\\/\\\/districos.standingout.be\\\/fr\\\/product\\\/bio-balance-masque-aux-algues-peel-off-myrtille-5-pcs-ref-7062-05\\\/\"]}]},{\"@type\":\"ImageObject\",\"inLanguage\":\"fr-FR\",\"@id\":\"https:\\\/\\\/districos.standingout.be\\\/fr\\\/product\\\/bio-balance-masque-aux-algues-peel-off-myrtille-5-pcs-ref-7062-05\\\/#primaryimage\",\"url\":\"https:\\\/\\\/districos.standingout.be\\\/wp-content\\\/uploads\\\/2025\\\/07\\\/7062.05@LowRes_180.png\",\"contentUrl\":\"https:\\\/\\\/districos.standingout.be\\\/wp-content\\\/uploads\\\/2025\\\/07\\\/7062.05@LowRes_180.png\",\"width\":600,\"height\":600},{\"@type\":\"BreadcrumbList\",\"@id\":\"https:\\\/\\\/districos.standingout.be\\\/fr\\\/product\\\/bio-balance-masque-aux-algues-peel-off-myrtille-5-pcs-ref-7062-05\\\/#breadcrumb\",\"itemListElement\":[{\"@type\":\"ListItem\",\"position\":1,\"name\":\"Home\",\"item\":\"https:\\\/\\\/districos.standingout.be\\\/fr\\\/bienvenue-chez-districos\\\/\"},{\"@type\":\"ListItem\",\"position\":2,\"name\":\"Boutique\",\"item\":\"https:\\\/\\\/districos.standingout.be\\\/fr\\\/boutique\\\/\"},{\"@type\":\"ListItem\",\"position\":3,\"name\":\"Bio Balance Masque aux Algues Peel-Off Myrtille 5 pcs.\"}]},{\"@type\":\"WebSite\",\"@id\":\"https:\\\/\\\/districos.standingout.be\\\/fr\\\/#website\",\"url\":\"https:\\\/\\\/districos.standingout.be\\\/fr\\\/\",\"name\":\"Districos Webshop\",\"description\":\"\",\"publisher\":{\"@id\":\"https:\\\/\\\/districos.standingout.be\\\/fr\\\/#organization\"},\"potentialAction\":[{\"@type\":\"SearchAction\",\"target\":{\"@type\":\"EntryPoint\",\"urlTemplate\":\"https:\\\/\\\/districos.standingout.be\\\/fr\\\/?s={search_term_string}\"},\"query-input\":{\"@type\":\"PropertyValueSpecification\",\"valueRequired\":true,\"valueName\":\"search_term_string\"}}],\"inLanguage\":\"fr-FR\"},{\"@type\":\"Organization\",\"@id\":\"https:\\\/\\\/districos.standingout.be\\\/fr\\\/#organization\",\"name\":\"Districos Webshop\",\"url\":\"https:\\\/\\\/districos.standingout.be\\\/fr\\\/\",\"logo\":{\"@type\":\"ImageObject\",\"inLanguage\":\"fr-FR\",\"@id\":\"https:\\\/\\\/districos.standingout.be\\\/fr\\\/#\\\/schema\\\/logo\\\/image\\\/\",\"url\":\"https:\\\/\\\/districos.standingout.be\\\/wp-content\\\/uploads\\\/2022\\\/09\\\/Districos_Logo_Webshop.svg\",\"contentUrl\":\"https:\\\/\\\/districos.standingout.be\\\/wp-content\\\/uploads\\\/2022\\\/09\\\/Districos_Logo_Webshop.svg\",\"caption\":\"Districos Webshop\"},\"image\":{\"@id\":\"https:\\\/\\\/districos.standingout.be\\\/fr\\\/#\\\/schema\\\/logo\\\/image\\\/\"}}]}<\/script>\n<!-- \/ Yoast SEO plugin. -->","yoast_head_json":{"title":"Bio Balance Masque aux Algues Peel-Off Myrtille 5 pcs. - Districos Webshop","robots":{"index":"noindex","follow":"follow","max-snippet":"max-snippet:-1","max-image-preview":"max-image-preview:large","max-video-preview":"max-video-preview:-1"},"og_locale":"fr_FR","og_type":"article","og_title":"Bio Balance Masque aux Algues Peel-Off Myrtille 5 pcs. - Districos Webshop","og_description":"D\u00e9couvrez les propri\u00e9t\u00e9s nettoyantes et r\u00e9g\u00e9n\u00e9ratrices des algues gr\u00e2ce aux Masques aux Algues Peel-Off ! Le Masque aux Algues Peel-Off \u00e0 l&rsquo;extrait de myrtille assure, en combinaison avec l&rsquo;extrait de camomille pr\u00e9sent, un effet apaisant sur les \u00e9ventuelles irritations des peaux tr\u00e8s sensibles \u00e0 r\u00e9actives. Id\u00e9al en combinaison avec les ampoules Sensivital (\u00e0 appliquer sous [&hellip;]","og_url":"https:\/\/districos.standingout.be\/fr\/product\/bio-balance-masque-aux-algues-peel-off-myrtille-5-pcs-ref-7062-05\/","og_site_name":"Districos Webshop","article_modified_time":"2026-04-28T07:32:03+00:00","twitter_card":"summary_large_image","twitter_misc":{"Dur\u00e9e de lecture estim\u00e9e":"1 minute"},"schema":{"@context":"https:\/\/schema.org","@graph":[{"@type":"WebPage","@id":"https:\/\/districos.standingout.be\/fr\/product\/bio-balance-masque-aux-algues-peel-off-myrtille-5-pcs-ref-7062-05\/","url":"https:\/\/districos.standingout.be\/fr\/product\/bio-balance-masque-aux-algues-peel-off-myrtille-5-pcs-ref-7062-05\/","name":"Bio Balance Masque aux Algues Peel-Off Myrtille 5 pcs. - Districos Webshop","isPartOf":{"@id":"https:\/\/districos.standingout.be\/fr\/#website"},"primaryImageOfPage":{"@id":"https:\/\/districos.standingout.be\/fr\/product\/bio-balance-masque-aux-algues-peel-off-myrtille-5-pcs-ref-7062-05\/#primaryimage"},"image":{"@id":"https:\/\/districos.standingout.be\/fr\/product\/bio-balance-masque-aux-algues-peel-off-myrtille-5-pcs-ref-7062-05\/#primaryimage"},"thumbnailUrl":"https:\/\/districos.standingout.be\/wp-content\/uploads\/2025\/07\/7062.05@LowRes_180.png","datePublished":"2026-04-28T07:31:56+00:00","dateModified":"2026-04-28T07:32:03+00:00","breadcrumb":{"@id":"https:\/\/districos.standingout.be\/fr\/product\/bio-balance-masque-aux-algues-peel-off-myrtille-5-pcs-ref-7062-05\/#breadcrumb"},"inLanguage":"fr-FR","potentialAction":[{"@type":"ReadAction","target":["https:\/\/districos.standingout.be\/fr\/product\/bio-balance-masque-aux-algues-peel-off-myrtille-5-pcs-ref-7062-05\/"]}]},{"@type":"ImageObject","inLanguage":"fr-FR","@id":"https:\/\/districos.standingout.be\/fr\/product\/bio-balance-masque-aux-algues-peel-off-myrtille-5-pcs-ref-7062-05\/#primaryimage","url":"https:\/\/districos.standingout.be\/wp-content\/uploads\/2025\/07\/7062.05@LowRes_180.png","contentUrl":"https:\/\/districos.standingout.be\/wp-content\/uploads\/2025\/07\/7062.05@LowRes_180.png","width":600,"height":600},{"@type":"BreadcrumbList","@id":"https:\/\/districos.standingout.be\/fr\/product\/bio-balance-masque-aux-algues-peel-off-myrtille-5-pcs-ref-7062-05\/#breadcrumb","itemListElement":[{"@type":"ListItem","position":1,"name":"Home","item":"https:\/\/districos.standingout.be\/fr\/bienvenue-chez-districos\/"},{"@type":"ListItem","position":2,"name":"Boutique","item":"https:\/\/districos.standingout.be\/fr\/boutique\/"},{"@type":"ListItem","position":3,"name":"Bio Balance Masque aux Algues Peel-Off Myrtille 5 pcs."}]},{"@type":"WebSite","@id":"https:\/\/districos.standingout.be\/fr\/#website","url":"https:\/\/districos.standingout.be\/fr\/","name":"Districos Webshop","description":"","publisher":{"@id":"https:\/\/districos.standingout.be\/fr\/#organization"},"potentialAction":[{"@type":"SearchAction","target":{"@type":"EntryPoint","urlTemplate":"https:\/\/districos.standingout.be\/fr\/?s={search_term_string}"},"query-input":{"@type":"PropertyValueSpecification","valueRequired":true,"valueName":"search_term_string"}}],"inLanguage":"fr-FR"},{"@type":"Organization","@id":"https:\/\/districos.standingout.be\/fr\/#organization","name":"Districos Webshop","url":"https:\/\/districos.standingout.be\/fr\/","logo":{"@type":"ImageObject","inLanguage":"fr-FR","@id":"https:\/\/districos.standingout.be\/fr\/#\/schema\/logo\/image\/","url":"https:\/\/districos.standingout.be\/wp-content\/uploads\/2022\/09\/Districos_Logo_Webshop.svg","contentUrl":"https:\/\/districos.standingout.be\/wp-content\/uploads\/2022\/09\/Districos_Logo_Webshop.svg","caption":"Districos Webshop"},"image":{"@id":"https:\/\/districos.standingout.be\/fr\/#\/schema\/logo\/image\/"}}]}},"_links":{"self":[{"href":"https:\/\/districos.standingout.be\/fr\/wp-json\/wp\/v2\/product\/136887","targetHints":{"allow":["GET"]}}],"collection":[{"href":"https:\/\/districos.standingout.be\/fr\/wp-json\/wp\/v2\/product"}],"about":[{"href":"https:\/\/districos.standingout.be\/fr\/wp-json\/wp\/v2\/types\/product"}],"replies":[{"embeddable":true,"href":"https:\/\/districos.standingout.be\/fr\/wp-json\/wp\/v2\/comments?post=136887"}],"wp:featuredmedia":[{"embeddable":true,"href":"https:\/\/districos.standingout.be\/fr\/wp-json\/wp\/v2\/media\/77324"}],"wp:attachment":[{"href":"https:\/\/districos.standingout.be\/fr\/wp-json\/wp\/v2\/media?parent=136887"}],"wp:term":[{"taxonomy":"product_brand","embeddable":true,"href":"https:\/\/districos.standingout.be\/fr\/wp-json\/wp\/v2\/product_brand?post=136887"},{"taxonomy":"product_cat","embeddable":true,"href":"https:\/\/districos.standingout.be\/fr\/wp-json\/wp\/v2\/product_cat?post=136887"},{"taxonomy":"product_tag","embeddable":true,"href":"https:\/\/districos.standingout.be\/fr\/wp-json\/wp\/v2\/product_tag?post=136887"}],"curies":[{"name":"wp","href":"https:\/\/api.w.org\/{rel}","templated":true}]}}