{"id":136891,"date":"2026-04-28T09:32:46","date_gmt":"2026-04-28T07:32:46","guid":{"rendered":"https:\/\/webshopdistricoscom.webhosting.be\/product\/bio-balance-masque-tissu-lift-intensif-5-pcs-ref-7062-07\/"},"modified":"2026-04-28T09:32:53","modified_gmt":"2026-04-28T07:32:53","slug":"bio-balance-masque-tissu-lift-intensif-5-pcs-ref-7062-07","status":"publish","type":"product","link":"https:\/\/districos.standingout.be\/fr\/product\/bio-balance-masque-tissu-lift-intensif-5-pcs-ref-7062-07\/","title":{"rendered":"Bio Balance Masque Tissu Lift Intensif 5 pcs."},"content":{"rendered":"<p >\n<\/p>\n<p><b><font size=\"2\" face=\"Verdana\">MASQUE TISSU LIFTANT ET HYDRATANT ANTI\u00c2GE<\/font><\/b><\/p>\n<\/p>\n<p dir=\"ltr\">\n<\/p>\n<div><font size=\"2\">Ce masque tissu rafra\u00eechissant anti\u00e2ge au parfum agr\u00e9able raffermit et hydrate la peau. D\u00e8s la premi\u00e8re application, les rides et ridules se r\u00e9duisent visiblement et la peau est plus ferme et r\u00e9sistante. Gr\u00e2ce aux ingr\u00e9dients soigneusement s\u00e9lectionn\u00e9s, comme l&rsquo;Osilift\u00ae, l&rsquo;acide hyaluronique et le PhytoCellTec\u00ae MD, sa formule est adapt\u00e9e aux peaux matures et rel\u00e2ch\u00e9es. Le masque hydrate aussi intensivement les peaux d\u00e9shydrat\u00e9es.<\/font><\/div>\n<div>\n<ul>\n<li><font size=\"2\">R\u00e9sultat : la peau est raffermie et hydrat\u00e9e et elle a un aspect frais et doux.<\/font><\/li>\n<li><font size=\"2\">Effet liftant instantan\u00e9 !<\/font><\/li>\n<li><font size=\"2\">Masque pr\u00eat \u00e0 l&rsquo;usage, facile \u00e0 d\u00e9plier et \u00e0 appliquer.<\/font><\/li>\n<li><font size=\"2\">Emballage : 5 pi\u00e8ces.<\/font><\/li>\n<li><font size=\"2\">Vegan.<\/font><\/li>\n<\/ul>\n<\/div>\n<div><font size=\"2\"><b>Substances actives<\/b><\/font><\/div>\n<div>\n<ul>\n<li><font size=\"2\">L&rsquo;acide hyaluronique prot\u00e8ge non seulement la peau contre les causes les plus importantes du vieillissement cutan\u00e9 comme le stress oxydatif, mais est aussi un agent hydratant efficace.<\/font><\/li>\n<li><font size=\"2\">L&rsquo;Osilift\u00ae est un complexe de sucres naturels obtenus \u00e0 partir d&rsquo;avoin qui lifte, tend et \u00e9galise la peau instantan\u00e9ment.<\/font><\/li>\n<li><font size=\"2\">Le PhytoCellTec\u00ae MD est un complexe \u00e0 base de cellules souches d&rsquo;une sorte de pommes suisses rares, ralentit le vieillissement des cellules cutan\u00e9es et aide \u00e0 maintenir la vitalit\u00e9 de la peau.<\/font><\/li>\n<\/ul>\n<div><font size=\"2\"><b>Mode d&#8217;emploi<\/b><\/font><\/div>\n<\/div>\n<div>\n<ul>\n<li><font size=\"2\">Appliquez le Masque Tissu Lift Intensif apr\u00e8s un nettoyage en profondeur et un peeling. Cela dilate les pores ce qui assure une absorption optimale des principes actifs.<\/font><\/li>\n<li><font size=\"2\">Sortez le masque tissu de son emballage, d\u00e9pliez-le et d\u00e9posez-le simplement sur le visage.<\/font><\/li>\n<li><font size=\"2\">Placez les boucles autour des oreilles afin de tendre un peu plus le masque.<\/font><\/li>\n<li><font size=\"2\">Laissez agir pendant 20 minutes.<\/font><\/li>\n<li><font size=\"2\">Il n&rsquo;est pas n\u00e9cessaire de nettoyer par la suite.<\/font><\/li>\n<li><font size=\"2\">Terminez votre soin en appliquant la <u><a href=\"https:\/\/districos.com\/search?SingleSelects%5B0%5D%5BFilterType%5D=Single&amp; SingleSelects%5B0%5D%5BProperty%5D=9510&amp; SingleSelects%5B0%5D%5BValues%5D=Dag-%26%20nachtcr%C3%A8mes&amp;a mp;SearchText=bio%20balance&amp;Page=1\">cr\u00e8me de jour de Bio Balance<\/a><\/u> appropri\u00e9e.<\/font><\/li>\n<\/ul>\n<div><font size=\"2\"><b>Conseils d&rsquo;utilisation<\/b><\/font><\/div>\n<\/div>\n<div>\n<ul>\n<li><font size=\"2\">En \u00e9t\u00e9, vous pouvez utiliser le masque tissu \u00e0 temp\u00e9rature ambiante. En hiver, vous pouvez chauffer le masque encore emball\u00e9 dans de l&rsquo;eau chaude pendant 15 minutes ou au <u><a href=\"https:\/\/districos.com\/search?SearchText=chauffe-compresse\" target=\"_blank\" rel=\"noopener noreferrer nofollow\">chauffe-compresse<\/a><\/u>.<\/font><\/li>\n<li><font size=\"2\">Pour une meilleure p\u00e9n\u00e9tration, vous pouvez \u00e9ventuellement utiliser un <u><a href=\"https:\/\/districos.com\/search?SearchText=appareil%20%C3%A0%20ultrasons\" target=\"_blank\" rel=\"noopener noreferrer nofollow\">appareil \u00e0 ultrasons<\/a><\/u>.<\/font><\/li>\n<li><font size=\"2\">Pour un r\u00e9sultat encore plus intense, il est recommand\u00e9 d&rsquo;appliquer le <u><a href=\"https:\/\/districos.com\/search?SearchText=hya-lift+\" target=\"_blank\" rel=\"noopener noreferrer nofollow\">s\u00e9rum Hya-Lift+ de Bio Balance<\/a><\/u> sous le masque tissu.<\/font><\/li>\n<\/ul>\n<div>\n<div><font size=\"2\"><b>Aussi disponible<\/b><\/font><\/div>\n<div>\n<ul>\n<li><font size=\"2\">Masque Tissu Black Puri-Detox 5 pi\u00e8ces (<u><a href=\"https:\/\/districos.com\/ProductDetail\/7062.06\" target=\"_blank\" rel=\"noopener noreferrer nofollow\">r\u00e9f. 7062.06<\/a><\/u>)<\/font><\/li>\n<li><font size=\"2\">Set d&rsquo;Essai Lift Intensif + Black Puri-Detox 2 x 3 pi\u00e8ces (<u><a href=\"https:\/\/districos.com\/ProductDetail\/7062.072\" target=\"_blank\" rel=\"noopener noreferrer nofollow\">r\u00e9f. 7062.072<\/a><\/u>)<\/font><\/li>\n<\/ul>\n<\/div>\n<\/div>\n<\/div>\n<p dir=\"ltr\"><\/p>\n","protected":false},"excerpt":{"rendered":"<p>MASQUE TISSU LIFTANT ET HYDRATANT ANTI\u00c2GE Ce masque tissu rafra\u00eechissant anti\u00e2ge au parfum agr\u00e9able raffermit et hydrate la peau. D\u00e8s la premi\u00e8re application, les rides et ridules se r\u00e9duisent visiblement et la peau est plus ferme et r\u00e9sistante. Gr\u00e2ce aux ingr\u00e9dients soigneusement s\u00e9lectionn\u00e9s, comme l&rsquo;Osilift\u00ae, l&rsquo;acide hyaluronique et le PhytoCellTec\u00ae MD, sa formule est adapt\u00e9e [&hellip;]<\/p>\n","protected":false},"featured_media":77330,"comment_status":"open","ping_status":"closed","template":"","meta":{"_acf_changed":false},"product_brand":[10308],"product_cat":[9856],"product_tag":[],"class_list":{"0":"post-136891","1":"product","2":"type-product","3":"status-publish","4":"has-post-thumbnail","6":"product_brand-bb_gelaat-fr","7":"product_cat-beaute-visage-bio-balance-visage","9":"first","10":"instock","11":"taxable","12":"shipping-taxable","13":"product-type-simple"},"acf":[],"yoast_head":"<!-- This site is optimized with the Yoast SEO plugin v27.3 - https:\/\/yoast.com\/product\/yoast-seo-wordpress\/ -->\n<title>Bio Balance Masque Tissu Lift Intensif 5 pcs. - Districos Webshop<\/title>\n<meta name=\"robots\" content=\"noindex, follow, max-snippet:-1, max-image-preview:large, max-video-preview:-1\" \/>\n<meta property=\"og:locale\" content=\"fr_FR\" \/>\n<meta property=\"og:type\" content=\"article\" \/>\n<meta property=\"og:title\" content=\"Bio Balance Masque Tissu Lift Intensif 5 pcs. - Districos Webshop\" \/>\n<meta property=\"og:description\" content=\"MASQUE TISSU LIFTANT ET HYDRATANT ANTI\u00c2GE Ce masque tissu rafra\u00eechissant anti\u00e2ge au parfum agr\u00e9able raffermit et hydrate la peau. D\u00e8s la premi\u00e8re application, les rides et ridules se r\u00e9duisent visiblement et la peau est plus ferme et r\u00e9sistante. Gr\u00e2ce aux ingr\u00e9dients soigneusement s\u00e9lectionn\u00e9s, comme l&rsquo;Osilift\u00ae, l&rsquo;acide hyaluronique et le PhytoCellTec\u00ae MD, sa formule est adapt\u00e9e [&hellip;]\" \/>\n<meta property=\"og:url\" content=\"https:\/\/districos.standingout.be\/fr\/product\/bio-balance-masque-tissu-lift-intensif-5-pcs-ref-7062-07\/\" \/>\n<meta property=\"og:site_name\" content=\"Districos Webshop\" \/>\n<meta property=\"article:modified_time\" content=\"2026-04-28T07:32:53+00:00\" \/>\n<meta name=\"twitter:card\" content=\"summary_large_image\" \/>\n<meta name=\"twitter:label1\" content=\"Dur\u00e9e de lecture estim\u00e9e\" \/>\n\t<meta name=\"twitter:data1\" content=\"2 minutes\" \/>\n<script type=\"application\/ld+json\" class=\"yoast-schema-graph\">{\"@context\":\"https:\\\/\\\/schema.org\",\"@graph\":[{\"@type\":\"WebPage\",\"@id\":\"https:\\\/\\\/districos.standingout.be\\\/fr\\\/product\\\/bio-balance-masque-tissu-lift-intensif-5-pcs-ref-7062-07\\\/\",\"url\":\"https:\\\/\\\/districos.standingout.be\\\/fr\\\/product\\\/bio-balance-masque-tissu-lift-intensif-5-pcs-ref-7062-07\\\/\",\"name\":\"Bio Balance Masque Tissu Lift Intensif 5 pcs. - Districos Webshop\",\"isPartOf\":{\"@id\":\"https:\\\/\\\/districos.standingout.be\\\/fr\\\/#website\"},\"primaryImageOfPage\":{\"@id\":\"https:\\\/\\\/districos.standingout.be\\\/fr\\\/product\\\/bio-balance-masque-tissu-lift-intensif-5-pcs-ref-7062-07\\\/#primaryimage\"},\"image\":{\"@id\":\"https:\\\/\\\/districos.standingout.be\\\/fr\\\/product\\\/bio-balance-masque-tissu-lift-intensif-5-pcs-ref-7062-07\\\/#primaryimage\"},\"thumbnailUrl\":\"https:\\\/\\\/districos.standingout.be\\\/wp-content\\\/uploads\\\/2025\\\/07\\\/7062.07@LowRes_180.png\",\"datePublished\":\"2026-04-28T07:32:46+00:00\",\"dateModified\":\"2026-04-28T07:32:53+00:00\",\"breadcrumb\":{\"@id\":\"https:\\\/\\\/districos.standingout.be\\\/fr\\\/product\\\/bio-balance-masque-tissu-lift-intensif-5-pcs-ref-7062-07\\\/#breadcrumb\"},\"inLanguage\":\"fr-FR\",\"potentialAction\":[{\"@type\":\"ReadAction\",\"target\":[\"https:\\\/\\\/districos.standingout.be\\\/fr\\\/product\\\/bio-balance-masque-tissu-lift-intensif-5-pcs-ref-7062-07\\\/\"]}]},{\"@type\":\"ImageObject\",\"inLanguage\":\"fr-FR\",\"@id\":\"https:\\\/\\\/districos.standingout.be\\\/fr\\\/product\\\/bio-balance-masque-tissu-lift-intensif-5-pcs-ref-7062-07\\\/#primaryimage\",\"url\":\"https:\\\/\\\/districos.standingout.be\\\/wp-content\\\/uploads\\\/2025\\\/07\\\/7062.07@LowRes_180.png\",\"contentUrl\":\"https:\\\/\\\/districos.standingout.be\\\/wp-content\\\/uploads\\\/2025\\\/07\\\/7062.07@LowRes_180.png\",\"width\":600,\"height\":600},{\"@type\":\"BreadcrumbList\",\"@id\":\"https:\\\/\\\/districos.standingout.be\\\/fr\\\/product\\\/bio-balance-masque-tissu-lift-intensif-5-pcs-ref-7062-07\\\/#breadcrumb\",\"itemListElement\":[{\"@type\":\"ListItem\",\"position\":1,\"name\":\"Home\",\"item\":\"https:\\\/\\\/districos.standingout.be\\\/fr\\\/bienvenue-chez-districos\\\/\"},{\"@type\":\"ListItem\",\"position\":2,\"name\":\"Boutique\",\"item\":\"https:\\\/\\\/districos.standingout.be\\\/fr\\\/boutique\\\/\"},{\"@type\":\"ListItem\",\"position\":3,\"name\":\"Bio Balance Masque Tissu Lift Intensif 5 pcs.\"}]},{\"@type\":\"WebSite\",\"@id\":\"https:\\\/\\\/districos.standingout.be\\\/fr\\\/#website\",\"url\":\"https:\\\/\\\/districos.standingout.be\\\/fr\\\/\",\"name\":\"Districos Webshop\",\"description\":\"\",\"publisher\":{\"@id\":\"https:\\\/\\\/districos.standingout.be\\\/fr\\\/#organization\"},\"potentialAction\":[{\"@type\":\"SearchAction\",\"target\":{\"@type\":\"EntryPoint\",\"urlTemplate\":\"https:\\\/\\\/districos.standingout.be\\\/fr\\\/?s={search_term_string}\"},\"query-input\":{\"@type\":\"PropertyValueSpecification\",\"valueRequired\":true,\"valueName\":\"search_term_string\"}}],\"inLanguage\":\"fr-FR\"},{\"@type\":\"Organization\",\"@id\":\"https:\\\/\\\/districos.standingout.be\\\/fr\\\/#organization\",\"name\":\"Districos Webshop\",\"url\":\"https:\\\/\\\/districos.standingout.be\\\/fr\\\/\",\"logo\":{\"@type\":\"ImageObject\",\"inLanguage\":\"fr-FR\",\"@id\":\"https:\\\/\\\/districos.standingout.be\\\/fr\\\/#\\\/schema\\\/logo\\\/image\\\/\",\"url\":\"https:\\\/\\\/districos.standingout.be\\\/wp-content\\\/uploads\\\/2022\\\/09\\\/Districos_Logo_Webshop.svg\",\"contentUrl\":\"https:\\\/\\\/districos.standingout.be\\\/wp-content\\\/uploads\\\/2022\\\/09\\\/Districos_Logo_Webshop.svg\",\"caption\":\"Districos Webshop\"},\"image\":{\"@id\":\"https:\\\/\\\/districos.standingout.be\\\/fr\\\/#\\\/schema\\\/logo\\\/image\\\/\"}}]}<\/script>\n<!-- \/ Yoast SEO plugin. -->","yoast_head_json":{"title":"Bio Balance Masque Tissu Lift Intensif 5 pcs. - Districos Webshop","robots":{"index":"noindex","follow":"follow","max-snippet":"max-snippet:-1","max-image-preview":"max-image-preview:large","max-video-preview":"max-video-preview:-1"},"og_locale":"fr_FR","og_type":"article","og_title":"Bio Balance Masque Tissu Lift Intensif 5 pcs. - Districos Webshop","og_description":"MASQUE TISSU LIFTANT ET HYDRATANT ANTI\u00c2GE Ce masque tissu rafra\u00eechissant anti\u00e2ge au parfum agr\u00e9able raffermit et hydrate la peau. D\u00e8s la premi\u00e8re application, les rides et ridules se r\u00e9duisent visiblement et la peau est plus ferme et r\u00e9sistante. Gr\u00e2ce aux ingr\u00e9dients soigneusement s\u00e9lectionn\u00e9s, comme l&rsquo;Osilift\u00ae, l&rsquo;acide hyaluronique et le PhytoCellTec\u00ae MD, sa formule est adapt\u00e9e [&hellip;]","og_url":"https:\/\/districos.standingout.be\/fr\/product\/bio-balance-masque-tissu-lift-intensif-5-pcs-ref-7062-07\/","og_site_name":"Districos Webshop","article_modified_time":"2026-04-28T07:32:53+00:00","twitter_card":"summary_large_image","twitter_misc":{"Dur\u00e9e de lecture estim\u00e9e":"2 minutes"},"schema":{"@context":"https:\/\/schema.org","@graph":[{"@type":"WebPage","@id":"https:\/\/districos.standingout.be\/fr\/product\/bio-balance-masque-tissu-lift-intensif-5-pcs-ref-7062-07\/","url":"https:\/\/districos.standingout.be\/fr\/product\/bio-balance-masque-tissu-lift-intensif-5-pcs-ref-7062-07\/","name":"Bio Balance Masque Tissu Lift Intensif 5 pcs. - Districos Webshop","isPartOf":{"@id":"https:\/\/districos.standingout.be\/fr\/#website"},"primaryImageOfPage":{"@id":"https:\/\/districos.standingout.be\/fr\/product\/bio-balance-masque-tissu-lift-intensif-5-pcs-ref-7062-07\/#primaryimage"},"image":{"@id":"https:\/\/districos.standingout.be\/fr\/product\/bio-balance-masque-tissu-lift-intensif-5-pcs-ref-7062-07\/#primaryimage"},"thumbnailUrl":"https:\/\/districos.standingout.be\/wp-content\/uploads\/2025\/07\/7062.07@LowRes_180.png","datePublished":"2026-04-28T07:32:46+00:00","dateModified":"2026-04-28T07:32:53+00:00","breadcrumb":{"@id":"https:\/\/districos.standingout.be\/fr\/product\/bio-balance-masque-tissu-lift-intensif-5-pcs-ref-7062-07\/#breadcrumb"},"inLanguage":"fr-FR","potentialAction":[{"@type":"ReadAction","target":["https:\/\/districos.standingout.be\/fr\/product\/bio-balance-masque-tissu-lift-intensif-5-pcs-ref-7062-07\/"]}]},{"@type":"ImageObject","inLanguage":"fr-FR","@id":"https:\/\/districos.standingout.be\/fr\/product\/bio-balance-masque-tissu-lift-intensif-5-pcs-ref-7062-07\/#primaryimage","url":"https:\/\/districos.standingout.be\/wp-content\/uploads\/2025\/07\/7062.07@LowRes_180.png","contentUrl":"https:\/\/districos.standingout.be\/wp-content\/uploads\/2025\/07\/7062.07@LowRes_180.png","width":600,"height":600},{"@type":"BreadcrumbList","@id":"https:\/\/districos.standingout.be\/fr\/product\/bio-balance-masque-tissu-lift-intensif-5-pcs-ref-7062-07\/#breadcrumb","itemListElement":[{"@type":"ListItem","position":1,"name":"Home","item":"https:\/\/districos.standingout.be\/fr\/bienvenue-chez-districos\/"},{"@type":"ListItem","position":2,"name":"Boutique","item":"https:\/\/districos.standingout.be\/fr\/boutique\/"},{"@type":"ListItem","position":3,"name":"Bio Balance Masque Tissu Lift Intensif 5 pcs."}]},{"@type":"WebSite","@id":"https:\/\/districos.standingout.be\/fr\/#website","url":"https:\/\/districos.standingout.be\/fr\/","name":"Districos Webshop","description":"","publisher":{"@id":"https:\/\/districos.standingout.be\/fr\/#organization"},"potentialAction":[{"@type":"SearchAction","target":{"@type":"EntryPoint","urlTemplate":"https:\/\/districos.standingout.be\/fr\/?s={search_term_string}"},"query-input":{"@type":"PropertyValueSpecification","valueRequired":true,"valueName":"search_term_string"}}],"inLanguage":"fr-FR"},{"@type":"Organization","@id":"https:\/\/districos.standingout.be\/fr\/#organization","name":"Districos Webshop","url":"https:\/\/districos.standingout.be\/fr\/","logo":{"@type":"ImageObject","inLanguage":"fr-FR","@id":"https:\/\/districos.standingout.be\/fr\/#\/schema\/logo\/image\/","url":"https:\/\/districos.standingout.be\/wp-content\/uploads\/2022\/09\/Districos_Logo_Webshop.svg","contentUrl":"https:\/\/districos.standingout.be\/wp-content\/uploads\/2022\/09\/Districos_Logo_Webshop.svg","caption":"Districos Webshop"},"image":{"@id":"https:\/\/districos.standingout.be\/fr\/#\/schema\/logo\/image\/"}}]}},"_links":{"self":[{"href":"https:\/\/districos.standingout.be\/fr\/wp-json\/wp\/v2\/product\/136891","targetHints":{"allow":["GET"]}}],"collection":[{"href":"https:\/\/districos.standingout.be\/fr\/wp-json\/wp\/v2\/product"}],"about":[{"href":"https:\/\/districos.standingout.be\/fr\/wp-json\/wp\/v2\/types\/product"}],"replies":[{"embeddable":true,"href":"https:\/\/districos.standingout.be\/fr\/wp-json\/wp\/v2\/comments?post=136891"}],"wp:featuredmedia":[{"embeddable":true,"href":"https:\/\/districos.standingout.be\/fr\/wp-json\/wp\/v2\/media\/77330"}],"wp:attachment":[{"href":"https:\/\/districos.standingout.be\/fr\/wp-json\/wp\/v2\/media?parent=136891"}],"wp:term":[{"taxonomy":"product_brand","embeddable":true,"href":"https:\/\/districos.standingout.be\/fr\/wp-json\/wp\/v2\/product_brand?post=136891"},{"taxonomy":"product_cat","embeddable":true,"href":"https:\/\/districos.standingout.be\/fr\/wp-json\/wp\/v2\/product_cat?post=136891"},{"taxonomy":"product_tag","embeddable":true,"href":"https:\/\/districos.standingout.be\/fr\/wp-json\/wp\/v2\/product_tag?post=136891"}],"curies":[{"name":"wp","href":"https:\/\/api.w.org\/{rel}","templated":true}]}}