{"id":136893,"date":"2026-04-28T09:32:53","date_gmt":"2026-04-28T07:32:53","guid":{"rendered":"https:\/\/webshopdistricoscom.webhosting.be\/product\/bio-balance-set-dessai-lift-intensif-puri-detox-2x3-pcs-ref-7062-072\/"},"modified":"2026-04-28T09:32:58","modified_gmt":"2026-04-28T07:32:58","slug":"bio-balance-set-dessai-lift-intensif-puri-detox-2x3-pcs-ref-7062-072","status":"publish","type":"product","link":"https:\/\/districos.standingout.be\/fr\/product\/bio-balance-set-dessai-lift-intensif-puri-detox-2x3-pcs-ref-7062-072\/","title":{"rendered":"Bio Balance Set d&rsquo;Essai Lift Intensif + Puri-Detox 2&#215;3 pcs."},"content":{"rendered":"<p >\n<\/p>\n<p><font size=\"2\" face=\"Verdana\">Set d&rsquo;essai du Masque Tissu Lift Intensif et du Black Puri-Detox.<\/font><\/p>\n<\/p>\n<ul>\n<li><font size=\"2\" face=\"Verdana\">Emballage : 2 x 3 pi\u00e8ces.<\/font><\/li>\n<\/ul>\n<div><font size=\"2\"><b>Masque Tissu Lift Intensif<\/b><\/font><\/div>\n<div>\n<div><font size=\"2\">Ce masque tissu rafra\u00eechissant anti\u00e2ge au parfum agr\u00e9able raffermit et hydrate la peau. D\u00e8s la premi\u00e8re application, les rides et ridules se r\u00e9duisent visiblement et la peau est plus ferme et r\u00e9sistante. Gr\u00e2ce aux ingr\u00e9dients soigneusement s\u00e9lectionn\u00e9s, comme l&rsquo;Osilift\u00ae, l&rsquo;acide hyaluronique et le PhytoCellTec\u00ae MD, sa formule est adapt\u00e9e aux peaux matures et rel\u00e2ch\u00e9es. Le masque hydrate aussi intensivement les peaux d\u00e9shydrat\u00e9es.<\/font><\/div>\n<div>\n<ul>\n<li><font size=\"2\">R\u00e9sultat : la peau est raffermie et hydrat\u00e9e et elle a un aspect frais et doux.<\/font><\/li>\n<li><font size=\"2\">Effet liftant instantan\u00e9 !<\/font><\/li>\n<li><font size=\"2\">Masque pr\u00eat \u00e0 l&rsquo;usage, facile \u00e0 d\u00e9plier et \u00e0 appliquer.<\/font><\/li>\n<li><font size=\"2\">Vegan.<\/font><\/li>\n<\/ul>\n<\/div>\n<\/div>\n<div><font size=\"2\"><b>Masque Tissu Black Puri-Detox<\/b><\/font><\/div>\n<div>\n<div><font size=\"2\">D\u00e9couvrez la force purifiante et r\u00e9g\u00e9n\u00e9ratrice des fibres de carbone v\u00e9g\u00e9tales de bambou ! Gr\u00e2ce \u00e0 ses caract\u00e9ristiques tr\u00e8s absorbantes, le Masque Tissu Black Puri-Detox permet une d\u00e9toxification efficace de la peau afin d&rsquo;\u00e9liminer les toxines, les impuret\u00e9s et le s\u00e9bum exc\u00e9dentaire.<\/font><\/div>\n<div>\n<ul>\n<li><font size=\"2\">Convient \u00e0 tous les types de peaux, surtout les peaux mixtes \u00e0 grasses.<\/font><\/li>\n<li><font size=\"2\">R\u00e9sultat : la peau est libre de toxines, redevient douce et a un teint clair et sain. Une d\u00e9tox pure pour le visage !<\/font><\/li>\n<li><font size=\"2\">Effet d\u00e9tox !<\/font><\/li>\n<li><font size=\"2\">Masque pr\u00eat \u00e0 l&rsquo;usage, facile \u00e0 d\u00e9plier et \u00e0 appliquer.<\/font><\/li>\n<li><font size=\"2\">Vegan.<\/font><\/li>\n<\/ul>\n<\/div>\n<\/div>\n<div><font size=\"2\"><b>Aussi disponible s\u00e9par\u00e9ment<\/b><\/font><\/div>\n<div>\n<ul>\n<li><font size=\"2\">Masque Tissu Lift Intensif 5 pi\u00e8ces (<u><a href=\"https:\/\/districos.com\/ProductDetail\/7062.07\" target=\"_blank\" rel=\"noopener noreferrer nofollow\">r\u00e9f. 7062.07<\/a><\/u>)<\/font><\/li>\n<li><font size=\"2\">Masque Tissu Black Puri-Detox 5 pi\u00e8ces (<u><a href=\"https:\/\/districos.com\/ProductDetail\/7062.06\" target=\"_blank\" rel=\"noopener noreferrer nofollow\">r\u00e9f. 7062.06<\/a><\/u>)<\/font><\/li>\n<\/ul>\n<\/div>\n","protected":false},"excerpt":{"rendered":"<p>Set d&rsquo;essai du Masque Tissu Lift Intensif et du Black Puri-Detox. Emballage : 2 x 3 pi\u00e8ces. Masque Tissu Lift Intensif Ce masque tissu rafra\u00eechissant anti\u00e2ge au parfum agr\u00e9able raffermit et hydrate la peau. D\u00e8s la premi\u00e8re application, les rides et ridules se r\u00e9duisent visiblement et la peau est plus ferme et r\u00e9sistante. Gr\u00e2ce aux [&hellip;]<\/p>\n","protected":false},"featured_media":77333,"comment_status":"open","ping_status":"closed","template":"","meta":{"_acf_changed":false},"product_brand":[10308],"product_cat":[9856],"product_tag":[],"class_list":{"0":"post-136893","1":"product","2":"type-product","3":"status-publish","4":"has-post-thumbnail","6":"product_brand-bb_gelaat-fr","7":"product_cat-beaute-visage-bio-balance-visage","9":"first","10":"instock","11":"taxable","12":"shipping-taxable","13":"product-type-simple"},"acf":[],"yoast_head":"<!-- This site is optimized with the Yoast SEO plugin v27.3 - https:\/\/yoast.com\/product\/yoast-seo-wordpress\/ -->\n<title>Bio Balance Set d&#039;Essai Lift Intensif + Puri-Detox 2x3 pcs. - Districos Webshop<\/title>\n<meta name=\"robots\" content=\"noindex, follow, max-snippet:-1, max-image-preview:large, max-video-preview:-1\" \/>\n<meta property=\"og:locale\" content=\"fr_FR\" \/>\n<meta property=\"og:type\" content=\"article\" \/>\n<meta property=\"og:title\" content=\"Bio Balance Set d&#039;Essai Lift Intensif + Puri-Detox 2x3 pcs. - Districos Webshop\" \/>\n<meta property=\"og:description\" content=\"Set d&rsquo;essai du Masque Tissu Lift Intensif et du Black Puri-Detox. Emballage : 2 x 3 pi\u00e8ces. Masque Tissu Lift Intensif Ce masque tissu rafra\u00eechissant anti\u00e2ge au parfum agr\u00e9able raffermit et hydrate la peau. D\u00e8s la premi\u00e8re application, les rides et ridules se r\u00e9duisent visiblement et la peau est plus ferme et r\u00e9sistante. Gr\u00e2ce aux [&hellip;]\" \/>\n<meta property=\"og:url\" content=\"https:\/\/districos.standingout.be\/fr\/product\/bio-balance-set-dessai-lift-intensif-puri-detox-2x3-pcs-ref-7062-072\/\" \/>\n<meta property=\"og:site_name\" content=\"Districos Webshop\" \/>\n<meta property=\"article:modified_time\" content=\"2026-04-28T07:32:58+00:00\" \/>\n<meta name=\"twitter:card\" content=\"summary_large_image\" \/>\n<meta name=\"twitter:label1\" content=\"Dur\u00e9e de lecture estim\u00e9e\" \/>\n\t<meta name=\"twitter:data1\" content=\"1 minute\" \/>\n<script type=\"application\/ld+json\" class=\"yoast-schema-graph\">{\"@context\":\"https:\\\/\\\/schema.org\",\"@graph\":[{\"@type\":\"WebPage\",\"@id\":\"https:\\\/\\\/districos.standingout.be\\\/fr\\\/product\\\/bio-balance-set-dessai-lift-intensif-puri-detox-2x3-pcs-ref-7062-072\\\/\",\"url\":\"https:\\\/\\\/districos.standingout.be\\\/fr\\\/product\\\/bio-balance-set-dessai-lift-intensif-puri-detox-2x3-pcs-ref-7062-072\\\/\",\"name\":\"Bio Balance Set d'Essai Lift Intensif + Puri-Detox 2x3 pcs. - Districos Webshop\",\"isPartOf\":{\"@id\":\"https:\\\/\\\/districos.standingout.be\\\/fr\\\/#website\"},\"primaryImageOfPage\":{\"@id\":\"https:\\\/\\\/districos.standingout.be\\\/fr\\\/product\\\/bio-balance-set-dessai-lift-intensif-puri-detox-2x3-pcs-ref-7062-072\\\/#primaryimage\"},\"image\":{\"@id\":\"https:\\\/\\\/districos.standingout.be\\\/fr\\\/product\\\/bio-balance-set-dessai-lift-intensif-puri-detox-2x3-pcs-ref-7062-072\\\/#primaryimage\"},\"thumbnailUrl\":\"https:\\\/\\\/districos.standingout.be\\\/wp-content\\\/uploads\\\/2025\\\/07\\\/7062.072@LowRes_180.png\",\"datePublished\":\"2026-04-28T07:32:53+00:00\",\"dateModified\":\"2026-04-28T07:32:58+00:00\",\"breadcrumb\":{\"@id\":\"https:\\\/\\\/districos.standingout.be\\\/fr\\\/product\\\/bio-balance-set-dessai-lift-intensif-puri-detox-2x3-pcs-ref-7062-072\\\/#breadcrumb\"},\"inLanguage\":\"fr-FR\",\"potentialAction\":[{\"@type\":\"ReadAction\",\"target\":[\"https:\\\/\\\/districos.standingout.be\\\/fr\\\/product\\\/bio-balance-set-dessai-lift-intensif-puri-detox-2x3-pcs-ref-7062-072\\\/\"]}]},{\"@type\":\"ImageObject\",\"inLanguage\":\"fr-FR\",\"@id\":\"https:\\\/\\\/districos.standingout.be\\\/fr\\\/product\\\/bio-balance-set-dessai-lift-intensif-puri-detox-2x3-pcs-ref-7062-072\\\/#primaryimage\",\"url\":\"https:\\\/\\\/districos.standingout.be\\\/wp-content\\\/uploads\\\/2025\\\/07\\\/7062.072@LowRes_180.png\",\"contentUrl\":\"https:\\\/\\\/districos.standingout.be\\\/wp-content\\\/uploads\\\/2025\\\/07\\\/7062.072@LowRes_180.png\",\"width\":600,\"height\":600},{\"@type\":\"BreadcrumbList\",\"@id\":\"https:\\\/\\\/districos.standingout.be\\\/fr\\\/product\\\/bio-balance-set-dessai-lift-intensif-puri-detox-2x3-pcs-ref-7062-072\\\/#breadcrumb\",\"itemListElement\":[{\"@type\":\"ListItem\",\"position\":1,\"name\":\"Home\",\"item\":\"https:\\\/\\\/districos.standingout.be\\\/fr\\\/bienvenue-chez-districos\\\/\"},{\"@type\":\"ListItem\",\"position\":2,\"name\":\"Boutique\",\"item\":\"https:\\\/\\\/districos.standingout.be\\\/fr\\\/boutique\\\/\"},{\"@type\":\"ListItem\",\"position\":3,\"name\":\"Bio Balance Set d&#8217;Essai Lift Intensif + Puri-Detox 2&#215;3 pcs.\"}]},{\"@type\":\"WebSite\",\"@id\":\"https:\\\/\\\/districos.standingout.be\\\/fr\\\/#website\",\"url\":\"https:\\\/\\\/districos.standingout.be\\\/fr\\\/\",\"name\":\"Districos Webshop\",\"description\":\"\",\"publisher\":{\"@id\":\"https:\\\/\\\/districos.standingout.be\\\/fr\\\/#organization\"},\"potentialAction\":[{\"@type\":\"SearchAction\",\"target\":{\"@type\":\"EntryPoint\",\"urlTemplate\":\"https:\\\/\\\/districos.standingout.be\\\/fr\\\/?s={search_term_string}\"},\"query-input\":{\"@type\":\"PropertyValueSpecification\",\"valueRequired\":true,\"valueName\":\"search_term_string\"}}],\"inLanguage\":\"fr-FR\"},{\"@type\":\"Organization\",\"@id\":\"https:\\\/\\\/districos.standingout.be\\\/fr\\\/#organization\",\"name\":\"Districos Webshop\",\"url\":\"https:\\\/\\\/districos.standingout.be\\\/fr\\\/\",\"logo\":{\"@type\":\"ImageObject\",\"inLanguage\":\"fr-FR\",\"@id\":\"https:\\\/\\\/districos.standingout.be\\\/fr\\\/#\\\/schema\\\/logo\\\/image\\\/\",\"url\":\"https:\\\/\\\/districos.standingout.be\\\/wp-content\\\/uploads\\\/2022\\\/09\\\/Districos_Logo_Webshop.svg\",\"contentUrl\":\"https:\\\/\\\/districos.standingout.be\\\/wp-content\\\/uploads\\\/2022\\\/09\\\/Districos_Logo_Webshop.svg\",\"caption\":\"Districos Webshop\"},\"image\":{\"@id\":\"https:\\\/\\\/districos.standingout.be\\\/fr\\\/#\\\/schema\\\/logo\\\/image\\\/\"}}]}<\/script>\n<!-- \/ Yoast SEO plugin. -->","yoast_head_json":{"title":"Bio Balance Set d'Essai Lift Intensif + Puri-Detox 2x3 pcs. - Districos Webshop","robots":{"index":"noindex","follow":"follow","max-snippet":"max-snippet:-1","max-image-preview":"max-image-preview:large","max-video-preview":"max-video-preview:-1"},"og_locale":"fr_FR","og_type":"article","og_title":"Bio Balance Set d'Essai Lift Intensif + Puri-Detox 2x3 pcs. - Districos Webshop","og_description":"Set d&rsquo;essai du Masque Tissu Lift Intensif et du Black Puri-Detox. Emballage : 2 x 3 pi\u00e8ces. Masque Tissu Lift Intensif Ce masque tissu rafra\u00eechissant anti\u00e2ge au parfum agr\u00e9able raffermit et hydrate la peau. D\u00e8s la premi\u00e8re application, les rides et ridules se r\u00e9duisent visiblement et la peau est plus ferme et r\u00e9sistante. Gr\u00e2ce aux [&hellip;]","og_url":"https:\/\/districos.standingout.be\/fr\/product\/bio-balance-set-dessai-lift-intensif-puri-detox-2x3-pcs-ref-7062-072\/","og_site_name":"Districos Webshop","article_modified_time":"2026-04-28T07:32:58+00:00","twitter_card":"summary_large_image","twitter_misc":{"Dur\u00e9e de lecture estim\u00e9e":"1 minute"},"schema":{"@context":"https:\/\/schema.org","@graph":[{"@type":"WebPage","@id":"https:\/\/districos.standingout.be\/fr\/product\/bio-balance-set-dessai-lift-intensif-puri-detox-2x3-pcs-ref-7062-072\/","url":"https:\/\/districos.standingout.be\/fr\/product\/bio-balance-set-dessai-lift-intensif-puri-detox-2x3-pcs-ref-7062-072\/","name":"Bio Balance Set d'Essai Lift Intensif + Puri-Detox 2x3 pcs. - Districos Webshop","isPartOf":{"@id":"https:\/\/districos.standingout.be\/fr\/#website"},"primaryImageOfPage":{"@id":"https:\/\/districos.standingout.be\/fr\/product\/bio-balance-set-dessai-lift-intensif-puri-detox-2x3-pcs-ref-7062-072\/#primaryimage"},"image":{"@id":"https:\/\/districos.standingout.be\/fr\/product\/bio-balance-set-dessai-lift-intensif-puri-detox-2x3-pcs-ref-7062-072\/#primaryimage"},"thumbnailUrl":"https:\/\/districos.standingout.be\/wp-content\/uploads\/2025\/07\/7062.072@LowRes_180.png","datePublished":"2026-04-28T07:32:53+00:00","dateModified":"2026-04-28T07:32:58+00:00","breadcrumb":{"@id":"https:\/\/districos.standingout.be\/fr\/product\/bio-balance-set-dessai-lift-intensif-puri-detox-2x3-pcs-ref-7062-072\/#breadcrumb"},"inLanguage":"fr-FR","potentialAction":[{"@type":"ReadAction","target":["https:\/\/districos.standingout.be\/fr\/product\/bio-balance-set-dessai-lift-intensif-puri-detox-2x3-pcs-ref-7062-072\/"]}]},{"@type":"ImageObject","inLanguage":"fr-FR","@id":"https:\/\/districos.standingout.be\/fr\/product\/bio-balance-set-dessai-lift-intensif-puri-detox-2x3-pcs-ref-7062-072\/#primaryimage","url":"https:\/\/districos.standingout.be\/wp-content\/uploads\/2025\/07\/7062.072@LowRes_180.png","contentUrl":"https:\/\/districos.standingout.be\/wp-content\/uploads\/2025\/07\/7062.072@LowRes_180.png","width":600,"height":600},{"@type":"BreadcrumbList","@id":"https:\/\/districos.standingout.be\/fr\/product\/bio-balance-set-dessai-lift-intensif-puri-detox-2x3-pcs-ref-7062-072\/#breadcrumb","itemListElement":[{"@type":"ListItem","position":1,"name":"Home","item":"https:\/\/districos.standingout.be\/fr\/bienvenue-chez-districos\/"},{"@type":"ListItem","position":2,"name":"Boutique","item":"https:\/\/districos.standingout.be\/fr\/boutique\/"},{"@type":"ListItem","position":3,"name":"Bio Balance Set d&#8217;Essai Lift Intensif + Puri-Detox 2&#215;3 pcs."}]},{"@type":"WebSite","@id":"https:\/\/districos.standingout.be\/fr\/#website","url":"https:\/\/districos.standingout.be\/fr\/","name":"Districos Webshop","description":"","publisher":{"@id":"https:\/\/districos.standingout.be\/fr\/#organization"},"potentialAction":[{"@type":"SearchAction","target":{"@type":"EntryPoint","urlTemplate":"https:\/\/districos.standingout.be\/fr\/?s={search_term_string}"},"query-input":{"@type":"PropertyValueSpecification","valueRequired":true,"valueName":"search_term_string"}}],"inLanguage":"fr-FR"},{"@type":"Organization","@id":"https:\/\/districos.standingout.be\/fr\/#organization","name":"Districos Webshop","url":"https:\/\/districos.standingout.be\/fr\/","logo":{"@type":"ImageObject","inLanguage":"fr-FR","@id":"https:\/\/districos.standingout.be\/fr\/#\/schema\/logo\/image\/","url":"https:\/\/districos.standingout.be\/wp-content\/uploads\/2022\/09\/Districos_Logo_Webshop.svg","contentUrl":"https:\/\/districos.standingout.be\/wp-content\/uploads\/2022\/09\/Districos_Logo_Webshop.svg","caption":"Districos Webshop"},"image":{"@id":"https:\/\/districos.standingout.be\/fr\/#\/schema\/logo\/image\/"}}]}},"_links":{"self":[{"href":"https:\/\/districos.standingout.be\/fr\/wp-json\/wp\/v2\/product\/136893","targetHints":{"allow":["GET"]}}],"collection":[{"href":"https:\/\/districos.standingout.be\/fr\/wp-json\/wp\/v2\/product"}],"about":[{"href":"https:\/\/districos.standingout.be\/fr\/wp-json\/wp\/v2\/types\/product"}],"replies":[{"embeddable":true,"href":"https:\/\/districos.standingout.be\/fr\/wp-json\/wp\/v2\/comments?post=136893"}],"wp:featuredmedia":[{"embeddable":true,"href":"https:\/\/districos.standingout.be\/fr\/wp-json\/wp\/v2\/media\/77333"}],"wp:attachment":[{"href":"https:\/\/districos.standingout.be\/fr\/wp-json\/wp\/v2\/media?parent=136893"}],"wp:term":[{"taxonomy":"product_brand","embeddable":true,"href":"https:\/\/districos.standingout.be\/fr\/wp-json\/wp\/v2\/product_brand?post=136893"},{"taxonomy":"product_cat","embeddable":true,"href":"https:\/\/districos.standingout.be\/fr\/wp-json\/wp\/v2\/product_cat?post=136893"},{"taxonomy":"product_tag","embeddable":true,"href":"https:\/\/districos.standingout.be\/fr\/wp-json\/wp\/v2\/product_tag?post=136893"}],"curies":[{"name":"wp","href":"https:\/\/api.w.org\/{rel}","templated":true}]}}