{"id":136899,"date":"2026-04-28T09:33:13","date_gmt":"2026-04-28T07:33:13","guid":{"rendered":"https:\/\/webshopdistricoscom.webhosting.be\/product\/bio-balance-masque-biocell-rejuvenate-lift-5-pcs-ref-7062-10\/"},"modified":"2026-04-28T09:33:20","modified_gmt":"2026-04-28T07:33:20","slug":"bio-balance-masque-biocell-rejuvenate-lift-5-pcs-ref-7062-10","status":"publish","type":"product","link":"https:\/\/districos.standingout.be\/fr\/product\/bio-balance-masque-biocell-rejuvenate-lift-5-pcs-ref-7062-10\/","title":{"rendered":"Bio Balance Masque BioCell Rejuvenate Lift 5 pcs."},"content":{"rendered":"<p >\n<\/p>\n<\/p>\n<\/p>\n<p><b>LIFTING ET ANTI-\u00c2GE<\/b><br \/>Avec BioCell, nous croyons au pouvoir d&rsquo;un soin efficace bas\u00e9 sur une technologie avanc\u00e9e et des ingr\u00e9dients actifs puissants. Nos masques en biocellulose offrent un traitement facial de qualit\u00e9 sup\u00e9rieure avec des r\u00e9sultats instantan\u00e9s. Gr\u00e2ce \u00e0 la structure unique de la biocellulose, les ingr\u00e9dients actifs tels que l&rsquo;acide lactique (un acide alpha-hydroxyl\u00e9), pr\u00e9sents dans tous les masques BioCell, sont d\u00e9livr\u00e9s de mani\u00e8re optimale \u00e0 la peau.<br \/>Gr\u00e2ce \u00e0 leur application facile, ces masques <b>conviennent \u00e0 une utilisation en cabine et constituent un produit de vente id\u00e9al pour<\/b> que votre client puisse poursuivre le traitement \u00e0 la maison et obtenir un r\u00e9sultat encore meilleur. Vous favorisez ainsi la satisfaction de vos clients et augmentez votre chiffre d&rsquo;affaires !<\/p>\n<ul>\n<li><span>Technologie avanc\u00e9e avec des ingr\u00e9dients actifs puissants<\/span><\/li>\n<li><span>Facile \u00e0 utiliser et r\u00e9sultat imm\u00e9diat<\/span><\/li>\n<li><span>Masques professionnels en tissu de biocellulose pour la cabine et \u00e0 domicile<\/span><\/li>\n<\/ul>\n<div><span>Le <b>masque<\/b>&nbsp;<\/span><b>BioCell Rejuvenate Lift <\/b><span>est le soin anti-\u00e2ge par excellence. Ce masque est riche en ingr\u00e9dients puissants qui r\u00e9duisent les rides et les ridules, tout en raffermissant et en liftant la peau. Sa formule \u00e0 base de&nbsp;<\/span><span>PhytoCellTec\u2122 MD et FucoGel\u2122 qui favorise la production de collag\u00e8ne et d&rsquo;\u00e9lastine, laisse la peau plus lisse et plus uniforme. Ce masque contient \u00e9galement<b> la plus forte concentration d&rsquo;acide lactique<\/b> de la gamme de masques BioCell. La peau para\u00eet plus jeune et plus ferme apr\u00e8s utilisation. Id\u00e9al pour les peaux soumises \u00e0 un stress quotidien d\u00fb au processus naturel de vieillissement.<\/span><\/div>\n<p><b>Caract\u00e9ristiques :<\/b><\/p>\n<ul>\n<li>R\u00e9duit visiblement les rides et les ridules.<\/li>\n<li>Raffermit et lifte la peau pour une apparence plus jeune.<\/li>\n<li>Stimule la production naturelle de collag\u00e8ne et am\u00e9liore la texture de la peau.<\/li>\n<li>Augmente l&rsquo;\u00e9lasticit\u00e9 et la vitalit\u00e9 de la peau.<\/li>\n<li>Principaux ingr\u00e9dients actifs : PhytoCellTec\u2122 MD (complexe de cellules souches de pomme), FucoGel\u2122 et acide lactique (AHA).<\/li>\n<\/ul>\n<p><b>Mode d&#8217;emploi :<\/b><\/p>\n<ol>\n<li>Retirer le masque de l&#8217;emballage et le plier pour l&rsquo;ouvrir.<\/li>\n<li>Retirer la gaze blanche.<\/li>\n<li>Placer le masque sur le visage en faisant attention aux ouvertures pr\u00e9vues pour le nez, les yeux et la bouche.<\/li>\n<li>Retirer la gaze bleue et presser l\u00e9g\u00e8rement la membrane restante du bout des doigts pour s&rsquo;assurer que le masque est bien press\u00e9 sur la peau, sans bulles d&rsquo;air.<\/li>\n<li>Laissez agir pendant 15 \u00e0 20 minutes avant de retirer le masque.<\/li>\n<li>Pour des r\u00e9sultats optimaux, un traitement de 4 semaines est recommand\u00e9, \u00e0 raison d&rsquo;un masque par semaine.<\/li>\n<\/ol>\n<div>\n<div><b>\u00c9galement disponible :<\/b><\/div>\n<div>\n<ul>\n<li>Bio Balance BioCell Masque HydraBoost 5 pcs. (<a href=\"https:\/\/webshop.districos.com\/ProductDetail\/7062.08\" target=\"_blank\" rel=\"noopener noreferrer nofollow\">r\u00e9f. 7062.08<\/a>)<\/li>\n<li>Bio Balance BioCell Masque LuminoClear 5 pcs. (<a href=\"https:\/\/webshop.districos.com\/ProductDetail\/7062.09\" target=\"_blank\" rel=\"noopener noreferrer nofollow\">r\u00e9f. 7062.09<\/a>)<\/li>\n<li>Bio Balance BioCell Masque Rejuvenate Lift 5 pcs. (<a href=\"https:\/\/webshop.districos.com\/ProductDetail\/7062.10\" target=\"_blank\" rel=\"noopener noreferrer nofollow\">r\u00e9f. 7062.10<\/a>)<\/li>\n<li>Bio Balance Set \u00c9co Masque BioCell Set d&rsquo;Essai 3+3+3 pcs. (<a href=\"https:\/\/webshop.districos.com\/ProductDetail\/7062.12\" target=\"_blank\" rel=\"noopener noreferrer nofollow\">r\u00e9f. 7062.12<\/a>)<\/li>\n<\/ul>\n<\/div>\n<\/div>\n","protected":false},"excerpt":{"rendered":"<p>LIFTING ET ANTI-\u00c2GEAvec BioCell, nous croyons au pouvoir d&rsquo;un soin efficace bas\u00e9 sur une technologie avanc\u00e9e et des ingr\u00e9dients actifs puissants. Nos masques en biocellulose offrent un traitement facial de qualit\u00e9 sup\u00e9rieure avec des r\u00e9sultats instantan\u00e9s. Gr\u00e2ce \u00e0 la structure unique de la biocellulose, les ingr\u00e9dients actifs tels que l&rsquo;acide lactique (un acide alpha-hydroxyl\u00e9), pr\u00e9sents [&hellip;]<\/p>\n","protected":false},"featured_media":147226,"comment_status":"open","ping_status":"closed","template":"","meta":{"_acf_changed":false},"product_brand":[10308],"product_cat":[9856],"product_tag":[],"class_list":{"0":"post-136899","1":"product","2":"type-product","3":"status-publish","4":"has-post-thumbnail","6":"product_brand-bb_gelaat-fr","7":"product_cat-beaute-visage-bio-balance-visage","9":"first","10":"instock","11":"taxable","12":"shipping-taxable","13":"product-type-simple"},"acf":[],"yoast_head":"<!-- This site is optimized with the Yoast SEO plugin v27.3 - https:\/\/yoast.com\/product\/yoast-seo-wordpress\/ -->\n<title>Bio Balance Masque BioCell Rejuvenate Lift 5 pcs. - Districos Webshop<\/title>\n<meta name=\"robots\" content=\"noindex, follow, max-snippet:-1, max-image-preview:large, max-video-preview:-1\" \/>\n<meta property=\"og:locale\" content=\"fr_FR\" \/>\n<meta property=\"og:type\" content=\"article\" \/>\n<meta property=\"og:title\" content=\"Bio Balance Masque BioCell Rejuvenate Lift 5 pcs. - Districos Webshop\" \/>\n<meta property=\"og:description\" content=\"LIFTING ET ANTI-\u00c2GEAvec BioCell, nous croyons au pouvoir d&rsquo;un soin efficace bas\u00e9 sur une technologie avanc\u00e9e et des ingr\u00e9dients actifs puissants. Nos masques en biocellulose offrent un traitement facial de qualit\u00e9 sup\u00e9rieure avec des r\u00e9sultats instantan\u00e9s. Gr\u00e2ce \u00e0 la structure unique de la biocellulose, les ingr\u00e9dients actifs tels que l&rsquo;acide lactique (un acide alpha-hydroxyl\u00e9), pr\u00e9sents [&hellip;]\" \/>\n<meta property=\"og:url\" content=\"https:\/\/districos.standingout.be\/fr\/product\/bio-balance-masque-biocell-rejuvenate-lift-5-pcs-ref-7062-10\/\" \/>\n<meta property=\"og:site_name\" content=\"Districos Webshop\" \/>\n<meta property=\"article:modified_time\" content=\"2026-04-28T07:33:20+00:00\" \/>\n<meta name=\"twitter:card\" content=\"summary_large_image\" \/>\n<meta name=\"twitter:label1\" content=\"Dur\u00e9e de lecture estim\u00e9e\" \/>\n\t<meta name=\"twitter:data1\" content=\"2 minutes\" \/>\n<script type=\"application\/ld+json\" class=\"yoast-schema-graph\">{\"@context\":\"https:\\\/\\\/schema.org\",\"@graph\":[{\"@type\":\"WebPage\",\"@id\":\"https:\\\/\\\/districos.standingout.be\\\/fr\\\/product\\\/bio-balance-masque-biocell-rejuvenate-lift-5-pcs-ref-7062-10\\\/\",\"url\":\"https:\\\/\\\/districos.standingout.be\\\/fr\\\/product\\\/bio-balance-masque-biocell-rejuvenate-lift-5-pcs-ref-7062-10\\\/\",\"name\":\"Bio Balance Masque BioCell Rejuvenate Lift 5 pcs. - Districos Webshop\",\"isPartOf\":{\"@id\":\"https:\\\/\\\/districos.standingout.be\\\/fr\\\/#website\"},\"primaryImageOfPage\":{\"@id\":\"https:\\\/\\\/districos.standingout.be\\\/fr\\\/product\\\/bio-balance-masque-biocell-rejuvenate-lift-5-pcs-ref-7062-10\\\/#primaryimage\"},\"image\":{\"@id\":\"https:\\\/\\\/districos.standingout.be\\\/fr\\\/product\\\/bio-balance-masque-biocell-rejuvenate-lift-5-pcs-ref-7062-10\\\/#primaryimage\"},\"thumbnailUrl\":\"https:\\\/\\\/districos.standingout.be\\\/wp-content\\\/uploads\\\/2026\\\/04\\\/7062.10@BioCell-mask-Rejuvenate-Lift_1-1.png\",\"datePublished\":\"2026-04-28T07:33:13+00:00\",\"dateModified\":\"2026-04-28T07:33:20+00:00\",\"breadcrumb\":{\"@id\":\"https:\\\/\\\/districos.standingout.be\\\/fr\\\/product\\\/bio-balance-masque-biocell-rejuvenate-lift-5-pcs-ref-7062-10\\\/#breadcrumb\"},\"inLanguage\":\"fr-FR\",\"potentialAction\":[{\"@type\":\"ReadAction\",\"target\":[\"https:\\\/\\\/districos.standingout.be\\\/fr\\\/product\\\/bio-balance-masque-biocell-rejuvenate-lift-5-pcs-ref-7062-10\\\/\"]}]},{\"@type\":\"ImageObject\",\"inLanguage\":\"fr-FR\",\"@id\":\"https:\\\/\\\/districos.standingout.be\\\/fr\\\/product\\\/bio-balance-masque-biocell-rejuvenate-lift-5-pcs-ref-7062-10\\\/#primaryimage\",\"url\":\"https:\\\/\\\/districos.standingout.be\\\/wp-content\\\/uploads\\\/2026\\\/04\\\/7062.10@BioCell-mask-Rejuvenate-Lift_1-1.png\",\"contentUrl\":\"https:\\\/\\\/districos.standingout.be\\\/wp-content\\\/uploads\\\/2026\\\/04\\\/7062.10@BioCell-mask-Rejuvenate-Lift_1-1.png\",\"width\":600,\"height\":600},{\"@type\":\"BreadcrumbList\",\"@id\":\"https:\\\/\\\/districos.standingout.be\\\/fr\\\/product\\\/bio-balance-masque-biocell-rejuvenate-lift-5-pcs-ref-7062-10\\\/#breadcrumb\",\"itemListElement\":[{\"@type\":\"ListItem\",\"position\":1,\"name\":\"Home\",\"item\":\"https:\\\/\\\/districos.standingout.be\\\/fr\\\/bienvenue-chez-districos\\\/\"},{\"@type\":\"ListItem\",\"position\":2,\"name\":\"Boutique\",\"item\":\"https:\\\/\\\/districos.standingout.be\\\/fr\\\/boutique\\\/\"},{\"@type\":\"ListItem\",\"position\":3,\"name\":\"Bio Balance Masque BioCell Rejuvenate Lift 5 pcs.\"}]},{\"@type\":\"WebSite\",\"@id\":\"https:\\\/\\\/districos.standingout.be\\\/fr\\\/#website\",\"url\":\"https:\\\/\\\/districos.standingout.be\\\/fr\\\/\",\"name\":\"Districos Webshop\",\"description\":\"\",\"publisher\":{\"@id\":\"https:\\\/\\\/districos.standingout.be\\\/fr\\\/#organization\"},\"potentialAction\":[{\"@type\":\"SearchAction\",\"target\":{\"@type\":\"EntryPoint\",\"urlTemplate\":\"https:\\\/\\\/districos.standingout.be\\\/fr\\\/?s={search_term_string}\"},\"query-input\":{\"@type\":\"PropertyValueSpecification\",\"valueRequired\":true,\"valueName\":\"search_term_string\"}}],\"inLanguage\":\"fr-FR\"},{\"@type\":\"Organization\",\"@id\":\"https:\\\/\\\/districos.standingout.be\\\/fr\\\/#organization\",\"name\":\"Districos Webshop\",\"url\":\"https:\\\/\\\/districos.standingout.be\\\/fr\\\/\",\"logo\":{\"@type\":\"ImageObject\",\"inLanguage\":\"fr-FR\",\"@id\":\"https:\\\/\\\/districos.standingout.be\\\/fr\\\/#\\\/schema\\\/logo\\\/image\\\/\",\"url\":\"https:\\\/\\\/districos.standingout.be\\\/wp-content\\\/uploads\\\/2022\\\/09\\\/Districos_Logo_Webshop.svg\",\"contentUrl\":\"https:\\\/\\\/districos.standingout.be\\\/wp-content\\\/uploads\\\/2022\\\/09\\\/Districos_Logo_Webshop.svg\",\"caption\":\"Districos Webshop\"},\"image\":{\"@id\":\"https:\\\/\\\/districos.standingout.be\\\/fr\\\/#\\\/schema\\\/logo\\\/image\\\/\"}}]}<\/script>\n<!-- \/ Yoast SEO plugin. -->","yoast_head_json":{"title":"Bio Balance Masque BioCell Rejuvenate Lift 5 pcs. - Districos Webshop","robots":{"index":"noindex","follow":"follow","max-snippet":"max-snippet:-1","max-image-preview":"max-image-preview:large","max-video-preview":"max-video-preview:-1"},"og_locale":"fr_FR","og_type":"article","og_title":"Bio Balance Masque BioCell Rejuvenate Lift 5 pcs. - Districos Webshop","og_description":"LIFTING ET ANTI-\u00c2GEAvec BioCell, nous croyons au pouvoir d&rsquo;un soin efficace bas\u00e9 sur une technologie avanc\u00e9e et des ingr\u00e9dients actifs puissants. Nos masques en biocellulose offrent un traitement facial de qualit\u00e9 sup\u00e9rieure avec des r\u00e9sultats instantan\u00e9s. Gr\u00e2ce \u00e0 la structure unique de la biocellulose, les ingr\u00e9dients actifs tels que l&rsquo;acide lactique (un acide alpha-hydroxyl\u00e9), pr\u00e9sents [&hellip;]","og_url":"https:\/\/districos.standingout.be\/fr\/product\/bio-balance-masque-biocell-rejuvenate-lift-5-pcs-ref-7062-10\/","og_site_name":"Districos Webshop","article_modified_time":"2026-04-28T07:33:20+00:00","twitter_card":"summary_large_image","twitter_misc":{"Dur\u00e9e de lecture estim\u00e9e":"2 minutes"},"schema":{"@context":"https:\/\/schema.org","@graph":[{"@type":"WebPage","@id":"https:\/\/districos.standingout.be\/fr\/product\/bio-balance-masque-biocell-rejuvenate-lift-5-pcs-ref-7062-10\/","url":"https:\/\/districos.standingout.be\/fr\/product\/bio-balance-masque-biocell-rejuvenate-lift-5-pcs-ref-7062-10\/","name":"Bio Balance Masque BioCell Rejuvenate Lift 5 pcs. - Districos Webshop","isPartOf":{"@id":"https:\/\/districos.standingout.be\/fr\/#website"},"primaryImageOfPage":{"@id":"https:\/\/districos.standingout.be\/fr\/product\/bio-balance-masque-biocell-rejuvenate-lift-5-pcs-ref-7062-10\/#primaryimage"},"image":{"@id":"https:\/\/districos.standingout.be\/fr\/product\/bio-balance-masque-biocell-rejuvenate-lift-5-pcs-ref-7062-10\/#primaryimage"},"thumbnailUrl":"https:\/\/districos.standingout.be\/wp-content\/uploads\/2026\/04\/7062.10@BioCell-mask-Rejuvenate-Lift_1-1.png","datePublished":"2026-04-28T07:33:13+00:00","dateModified":"2026-04-28T07:33:20+00:00","breadcrumb":{"@id":"https:\/\/districos.standingout.be\/fr\/product\/bio-balance-masque-biocell-rejuvenate-lift-5-pcs-ref-7062-10\/#breadcrumb"},"inLanguage":"fr-FR","potentialAction":[{"@type":"ReadAction","target":["https:\/\/districos.standingout.be\/fr\/product\/bio-balance-masque-biocell-rejuvenate-lift-5-pcs-ref-7062-10\/"]}]},{"@type":"ImageObject","inLanguage":"fr-FR","@id":"https:\/\/districos.standingout.be\/fr\/product\/bio-balance-masque-biocell-rejuvenate-lift-5-pcs-ref-7062-10\/#primaryimage","url":"https:\/\/districos.standingout.be\/wp-content\/uploads\/2026\/04\/7062.10@BioCell-mask-Rejuvenate-Lift_1-1.png","contentUrl":"https:\/\/districos.standingout.be\/wp-content\/uploads\/2026\/04\/7062.10@BioCell-mask-Rejuvenate-Lift_1-1.png","width":600,"height":600},{"@type":"BreadcrumbList","@id":"https:\/\/districos.standingout.be\/fr\/product\/bio-balance-masque-biocell-rejuvenate-lift-5-pcs-ref-7062-10\/#breadcrumb","itemListElement":[{"@type":"ListItem","position":1,"name":"Home","item":"https:\/\/districos.standingout.be\/fr\/bienvenue-chez-districos\/"},{"@type":"ListItem","position":2,"name":"Boutique","item":"https:\/\/districos.standingout.be\/fr\/boutique\/"},{"@type":"ListItem","position":3,"name":"Bio Balance Masque BioCell Rejuvenate Lift 5 pcs."}]},{"@type":"WebSite","@id":"https:\/\/districos.standingout.be\/fr\/#website","url":"https:\/\/districos.standingout.be\/fr\/","name":"Districos Webshop","description":"","publisher":{"@id":"https:\/\/districos.standingout.be\/fr\/#organization"},"potentialAction":[{"@type":"SearchAction","target":{"@type":"EntryPoint","urlTemplate":"https:\/\/districos.standingout.be\/fr\/?s={search_term_string}"},"query-input":{"@type":"PropertyValueSpecification","valueRequired":true,"valueName":"search_term_string"}}],"inLanguage":"fr-FR"},{"@type":"Organization","@id":"https:\/\/districos.standingout.be\/fr\/#organization","name":"Districos Webshop","url":"https:\/\/districos.standingout.be\/fr\/","logo":{"@type":"ImageObject","inLanguage":"fr-FR","@id":"https:\/\/districos.standingout.be\/fr\/#\/schema\/logo\/image\/","url":"https:\/\/districos.standingout.be\/wp-content\/uploads\/2022\/09\/Districos_Logo_Webshop.svg","contentUrl":"https:\/\/districos.standingout.be\/wp-content\/uploads\/2022\/09\/Districos_Logo_Webshop.svg","caption":"Districos Webshop"},"image":{"@id":"https:\/\/districos.standingout.be\/fr\/#\/schema\/logo\/image\/"}}]}},"_links":{"self":[{"href":"https:\/\/districos.standingout.be\/fr\/wp-json\/wp\/v2\/product\/136899","targetHints":{"allow":["GET"]}}],"collection":[{"href":"https:\/\/districos.standingout.be\/fr\/wp-json\/wp\/v2\/product"}],"about":[{"href":"https:\/\/districos.standingout.be\/fr\/wp-json\/wp\/v2\/types\/product"}],"replies":[{"embeddable":true,"href":"https:\/\/districos.standingout.be\/fr\/wp-json\/wp\/v2\/comments?post=136899"}],"wp:featuredmedia":[{"embeddable":true,"href":"https:\/\/districos.standingout.be\/fr\/wp-json\/wp\/v2\/media\/147226"}],"wp:attachment":[{"href":"https:\/\/districos.standingout.be\/fr\/wp-json\/wp\/v2\/media?parent=136899"}],"wp:term":[{"taxonomy":"product_brand","embeddable":true,"href":"https:\/\/districos.standingout.be\/fr\/wp-json\/wp\/v2\/product_brand?post=136899"},{"taxonomy":"product_cat","embeddable":true,"href":"https:\/\/districos.standingout.be\/fr\/wp-json\/wp\/v2\/product_cat?post=136899"},{"taxonomy":"product_tag","embeddable":true,"href":"https:\/\/districos.standingout.be\/fr\/wp-json\/wp\/v2\/product_tag?post=136899"}],"curies":[{"name":"wp","href":"https:\/\/api.w.org\/{rel}","templated":true}]}}