{"id":136903,"date":"2026-04-28T09:34:03","date_gmt":"2026-04-28T07:34:03","guid":{"rendered":"https:\/\/webshopdistricoscom.webhosting.be\/product\/bio-balance-masque-thermique-3-x-500-g-ref-7062-13\/"},"modified":"2026-04-28T09:34:08","modified_gmt":"2026-04-28T07:34:08","slug":"bio-balance-masque-thermique-3-x-500-g-ref-7062-13","status":"publish","type":"product","link":"https:\/\/districos.standingout.be\/fr\/product\/bio-balance-masque-thermique-3-x-500-g-ref-7062-13\/","title":{"rendered":"Bio Balance Masque Thermique 3 x 500 g"},"content":{"rendered":"<p >\n<\/p>\n<p dir=\"ltr\">Un traitement avec un masque thermique stimule la circulation sanguine et assure une p\u00e9n\u00e9tration intense des principes actifs dans les couches les plus profondes de l\u2019\u00e9piderme. Voil\u00e0 pourquoi ce masque peut \u00eatre appliqu\u00e9 sur tous les <u><a href=\"https:\/\/districos.com\/search?SingleSelects%5B0%5D%5BFilterType%5D=Single&amp; SingleSelects%5B0%5D%5BProperty%5D=9270&amp; SingleSelects%5B0%5D%5BValues%5D=Cr%C3%A8memaskers&amp; SearchText=bio%20balance&amp;Page=1\">masques cr\u00e8mes de Bio Balance<\/a><\/u> en cela de pr\u00e9f\u00e9rence en combinaison avec une des <u><a href=\"https:\/\/districos.com\/search?SingleSelects%5B0%5D%5BFilterType%5D=Single&amp; SingleSelects%5B0%5D%5BProperty%5D=9270&amp; SingleSelects%5B0%5D%5BValues%5D=Ampullen&amp; SearchText=bio%20balance&amp;Page=1\">ampoules<\/a><\/u> ou le s\u00e9rum.&nbsp;Dans la cabine, le masque thermique se vend comme traitement sp\u00e9cial qui est tr\u00e8s relaxant pour votre client(e) et peut \u00eatre appliqu\u00e9 sur presque chaque type de peau, sauf les fines peaux couperos\u00e9es et acn\u00e9iques.<\/p>\n<p dir=\"ltr\">Ce Maque Thermique est principalement constitu\u00e9 de sulfate de calcium pur, fabriqu\u00e9 \u00e0 base de pl\u00e2tre naturel. Il durcit apr\u00e8s l&rsquo;addition d&rsquo;eau \u00e0 la poudre. La chaleur agit sur le contour du visage. R\u00e9sultat : la peau est lift\u00e9e et a absorb\u00e9 ses d\u00e9ficits, est douce et revitalis\u00e9e.<\/p>\n<p dir=\"ltr\">\n<ul>\n<li>Apr\u00e8s environ 10 minutes, le masque atteint sa temp\u00e9rature maximale de 42 \u00e0 45 \u00b0C.<\/li>\n<li>Emballage : 3 x 500 g (ce qui suffit pour 6 masques visage ou 3 masques buste).<\/li>\n<\/ul>\n<div><b>M\u00e9thode de travail<\/b><\/div>\n<div>\n<ul>\n<li>Effectuez votre soin comme d&rsquo;habitude (nettoyage, peeling, s\u00e9rum, massage).<\/li>\n<li>Selon la condition de la peau, appliquez une couche \u00e9paisse de masque cr\u00e8me. Prot\u00e9gez les yeux en appliquant un coton imbib\u00e9 d&rsquo;<u><a href=\"https:\/\/districos.com\/search?SearchText=eau%20de%20roses\" target=\"_blank\" rel=\"noopener noreferrer nofollow\">eau de roses<\/a><\/u>.<\/li>\n<li>Important : placez une gaze sur le masque cr\u00e8me (visage, cou, d\u00e9collet\u00e9 et buste).<\/li>\n<li>M\u00e9langez un sachet ou un demi-sachet de poudre du Masque Thermique avec de l&rsquo;eau froide jusqu&rsquo;\u00e0 l&rsquo;obtention d&rsquo;une p\u00e2te. Buste : 500 g de poudre (1 sachet) + 250-270 ml d&rsquo;eau froide. Seulement visage et cou : 250 g (demi-sachet) de poudre + 125-135 ml d&rsquo;eau froide. Utilisez pour cela une balance et un verre gradu\u00e9.<\/li>\n<li>Appliquez rapidement la p\u00e2te de masque sur la gaze. Remplissez les surfaces et terminez soigneusement. Le temps de pose et de durcissement ne prennent que +\/- 4 minutes. C&rsquo;est pourquoi il faut tout de suite m\u00e9langer la poudre et l&rsquo;eau et ce en moins de 30 secondes. Laissez agir pendant 20 minutes.<\/li>\n<li>Levez l\u00e9g\u00e8rement le menton de votre client(e), pour que le masque durci et refroidi se d\u00e9tache. Retirez le masque \u00e0 deux mains.<\/li>\n<li>Nettoyez la peau avec une compresse ti\u00e8de et humide et s\u00e9chez en tamponnant avec un tissu. Tonifiez avec la <u><a href=\"https:\/\/districos.com\/search?MultiSelects%5B0%5D%5BFilterType%5D=Multi&amp; MultiSelects%5B0%5D%5BProperty%5D=Brand&amp; MultiSelects%5B0%5D%5BValues%5D=BB_GELAAT&amp; SearchText=bio%20balance%20lotion&amp;Page=1\">lotion de Bio Balance<\/a><\/u> appropri\u00e9e.<\/li>\n<li>Terminez votre soin par le <u><a href=\"https:\/\/districos.com\/search?SearchText=hya-lift\" target=\"_blank\" rel=\"noopener noreferrer nofollow\">s\u00e9rum Hya-Lift+<\/a><\/u> et une noisette de la <u><a href=\"https:\/\/districos.com\/search?SingleSelects%5B0%5D%5BFilterType%5D=Single&amp; SingleSelects%5B0%5D%5BProperty%5D=9270&amp; SingleSelects%5B0%5D%5BValues%5D=Dag-%26%20nachtcr%C3%A8mes&#038;a mp;SearchText=bio%20balance&amp;Page=1\">cr\u00e8me de jour de Bio Balance<\/a><\/u> appropri\u00e9e.<\/li>\n<\/ul>\n<\/div><\/p>\n","protected":false},"excerpt":{"rendered":"<p>Un traitement avec un masque thermique stimule la circulation sanguine et assure une p\u00e9n\u00e9tration intense des principes actifs dans les couches les plus profondes de l\u2019\u00e9piderme. Voil\u00e0 pourquoi ce masque peut \u00eatre appliqu\u00e9 sur tous les masques cr\u00e8mes de Bio Balance en cela de pr\u00e9f\u00e9rence en combinaison avec une des ampoules ou le s\u00e9rum.&nbsp;Dans la [&hellip;]<\/p>\n","protected":false},"featured_media":147271,"comment_status":"open","ping_status":"closed","template":"","meta":{"_acf_changed":false},"product_brand":[10308],"product_cat":[9856],"product_tag":[],"class_list":{"0":"post-136903","1":"product","2":"type-product","3":"status-publish","4":"has-post-thumbnail","6":"product_brand-bb_gelaat-fr","7":"product_cat-beaute-visage-bio-balance-visage","9":"first","10":"instock","11":"taxable","12":"shipping-taxable","13":"product-type-simple"},"acf":[],"yoast_head":"<!-- This site is optimized with the Yoast SEO plugin v27.3 - https:\/\/yoast.com\/product\/yoast-seo-wordpress\/ -->\n<title>Bio Balance Masque Thermique 3 x 500 g - Districos Webshop<\/title>\n<meta name=\"robots\" content=\"noindex, follow, max-snippet:-1, max-image-preview:large, max-video-preview:-1\" \/>\n<meta property=\"og:locale\" content=\"fr_FR\" \/>\n<meta property=\"og:type\" content=\"article\" \/>\n<meta property=\"og:title\" content=\"Bio Balance Masque Thermique 3 x 500 g - Districos Webshop\" \/>\n<meta property=\"og:description\" content=\"Un traitement avec un masque thermique stimule la circulation sanguine et assure une p\u00e9n\u00e9tration intense des principes actifs dans les couches les plus profondes de l\u2019\u00e9piderme. Voil\u00e0 pourquoi ce masque peut \u00eatre appliqu\u00e9 sur tous les masques cr\u00e8mes de Bio Balance en cela de pr\u00e9f\u00e9rence en combinaison avec une des ampoules ou le s\u00e9rum.&nbsp;Dans la [&hellip;]\" \/>\n<meta property=\"og:url\" content=\"https:\/\/districos.standingout.be\/fr\/product\/bio-balance-masque-thermique-3-x-500-g-ref-7062-13\/\" \/>\n<meta property=\"og:site_name\" content=\"Districos Webshop\" \/>\n<meta property=\"article:modified_time\" content=\"2026-04-28T07:34:08+00:00\" \/>\n<meta name=\"twitter:card\" content=\"summary_large_image\" \/>\n<meta name=\"twitter:label1\" content=\"Dur\u00e9e de lecture estim\u00e9e\" \/>\n\t<meta name=\"twitter:data1\" content=\"2 minutes\" \/>\n<script type=\"application\/ld+json\" class=\"yoast-schema-graph\">{\"@context\":\"https:\\\/\\\/schema.org\",\"@graph\":[{\"@type\":\"WebPage\",\"@id\":\"https:\\\/\\\/districos.standingout.be\\\/fr\\\/product\\\/bio-balance-masque-thermique-3-x-500-g-ref-7062-13\\\/\",\"url\":\"https:\\\/\\\/districos.standingout.be\\\/fr\\\/product\\\/bio-balance-masque-thermique-3-x-500-g-ref-7062-13\\\/\",\"name\":\"Bio Balance Masque Thermique 3 x 500 g - Districos Webshop\",\"isPartOf\":{\"@id\":\"https:\\\/\\\/districos.standingout.be\\\/fr\\\/#website\"},\"primaryImageOfPage\":{\"@id\":\"https:\\\/\\\/districos.standingout.be\\\/fr\\\/product\\\/bio-balance-masque-thermique-3-x-500-g-ref-7062-13\\\/#primaryimage\"},\"image\":{\"@id\":\"https:\\\/\\\/districos.standingout.be\\\/fr\\\/product\\\/bio-balance-masque-thermique-3-x-500-g-ref-7062-13\\\/#primaryimage\"},\"thumbnailUrl\":\"https:\\\/\\\/districos.standingout.be\\\/wp-content\\\/uploads\\\/2026\\\/04\\\/7062.13@Thermisch-Masker-Rose-3-x-500-gr_1-1.png\",\"datePublished\":\"2026-04-28T07:34:03+00:00\",\"dateModified\":\"2026-04-28T07:34:08+00:00\",\"breadcrumb\":{\"@id\":\"https:\\\/\\\/districos.standingout.be\\\/fr\\\/product\\\/bio-balance-masque-thermique-3-x-500-g-ref-7062-13\\\/#breadcrumb\"},\"inLanguage\":\"fr-FR\",\"potentialAction\":[{\"@type\":\"ReadAction\",\"target\":[\"https:\\\/\\\/districos.standingout.be\\\/fr\\\/product\\\/bio-balance-masque-thermique-3-x-500-g-ref-7062-13\\\/\"]}]},{\"@type\":\"ImageObject\",\"inLanguage\":\"fr-FR\",\"@id\":\"https:\\\/\\\/districos.standingout.be\\\/fr\\\/product\\\/bio-balance-masque-thermique-3-x-500-g-ref-7062-13\\\/#primaryimage\",\"url\":\"https:\\\/\\\/districos.standingout.be\\\/wp-content\\\/uploads\\\/2026\\\/04\\\/7062.13@Thermisch-Masker-Rose-3-x-500-gr_1-1.png\",\"contentUrl\":\"https:\\\/\\\/districos.standingout.be\\\/wp-content\\\/uploads\\\/2026\\\/04\\\/7062.13@Thermisch-Masker-Rose-3-x-500-gr_1-1.png\",\"width\":600,\"height\":600},{\"@type\":\"BreadcrumbList\",\"@id\":\"https:\\\/\\\/districos.standingout.be\\\/fr\\\/product\\\/bio-balance-masque-thermique-3-x-500-g-ref-7062-13\\\/#breadcrumb\",\"itemListElement\":[{\"@type\":\"ListItem\",\"position\":1,\"name\":\"Home\",\"item\":\"https:\\\/\\\/districos.standingout.be\\\/fr\\\/bienvenue-chez-districos\\\/\"},{\"@type\":\"ListItem\",\"position\":2,\"name\":\"Boutique\",\"item\":\"https:\\\/\\\/districos.standingout.be\\\/fr\\\/boutique\\\/\"},{\"@type\":\"ListItem\",\"position\":3,\"name\":\"Bio Balance Masque Thermique 3 x 500 g\"}]},{\"@type\":\"WebSite\",\"@id\":\"https:\\\/\\\/districos.standingout.be\\\/fr\\\/#website\",\"url\":\"https:\\\/\\\/districos.standingout.be\\\/fr\\\/\",\"name\":\"Districos Webshop\",\"description\":\"\",\"publisher\":{\"@id\":\"https:\\\/\\\/districos.standingout.be\\\/fr\\\/#organization\"},\"potentialAction\":[{\"@type\":\"SearchAction\",\"target\":{\"@type\":\"EntryPoint\",\"urlTemplate\":\"https:\\\/\\\/districos.standingout.be\\\/fr\\\/?s={search_term_string}\"},\"query-input\":{\"@type\":\"PropertyValueSpecification\",\"valueRequired\":true,\"valueName\":\"search_term_string\"}}],\"inLanguage\":\"fr-FR\"},{\"@type\":\"Organization\",\"@id\":\"https:\\\/\\\/districos.standingout.be\\\/fr\\\/#organization\",\"name\":\"Districos Webshop\",\"url\":\"https:\\\/\\\/districos.standingout.be\\\/fr\\\/\",\"logo\":{\"@type\":\"ImageObject\",\"inLanguage\":\"fr-FR\",\"@id\":\"https:\\\/\\\/districos.standingout.be\\\/fr\\\/#\\\/schema\\\/logo\\\/image\\\/\",\"url\":\"https:\\\/\\\/districos.standingout.be\\\/wp-content\\\/uploads\\\/2022\\\/09\\\/Districos_Logo_Webshop.svg\",\"contentUrl\":\"https:\\\/\\\/districos.standingout.be\\\/wp-content\\\/uploads\\\/2022\\\/09\\\/Districos_Logo_Webshop.svg\",\"caption\":\"Districos Webshop\"},\"image\":{\"@id\":\"https:\\\/\\\/districos.standingout.be\\\/fr\\\/#\\\/schema\\\/logo\\\/image\\\/\"}}]}<\/script>\n<!-- \/ Yoast SEO plugin. -->","yoast_head_json":{"title":"Bio Balance Masque Thermique 3 x 500 g - Districos Webshop","robots":{"index":"noindex","follow":"follow","max-snippet":"max-snippet:-1","max-image-preview":"max-image-preview:large","max-video-preview":"max-video-preview:-1"},"og_locale":"fr_FR","og_type":"article","og_title":"Bio Balance Masque Thermique 3 x 500 g - Districos Webshop","og_description":"Un traitement avec un masque thermique stimule la circulation sanguine et assure une p\u00e9n\u00e9tration intense des principes actifs dans les couches les plus profondes de l\u2019\u00e9piderme. Voil\u00e0 pourquoi ce masque peut \u00eatre appliqu\u00e9 sur tous les masques cr\u00e8mes de Bio Balance en cela de pr\u00e9f\u00e9rence en combinaison avec une des ampoules ou le s\u00e9rum.&nbsp;Dans la [&hellip;]","og_url":"https:\/\/districos.standingout.be\/fr\/product\/bio-balance-masque-thermique-3-x-500-g-ref-7062-13\/","og_site_name":"Districos Webshop","article_modified_time":"2026-04-28T07:34:08+00:00","twitter_card":"summary_large_image","twitter_misc":{"Dur\u00e9e de lecture estim\u00e9e":"2 minutes"},"schema":{"@context":"https:\/\/schema.org","@graph":[{"@type":"WebPage","@id":"https:\/\/districos.standingout.be\/fr\/product\/bio-balance-masque-thermique-3-x-500-g-ref-7062-13\/","url":"https:\/\/districos.standingout.be\/fr\/product\/bio-balance-masque-thermique-3-x-500-g-ref-7062-13\/","name":"Bio Balance Masque Thermique 3 x 500 g - Districos Webshop","isPartOf":{"@id":"https:\/\/districos.standingout.be\/fr\/#website"},"primaryImageOfPage":{"@id":"https:\/\/districos.standingout.be\/fr\/product\/bio-balance-masque-thermique-3-x-500-g-ref-7062-13\/#primaryimage"},"image":{"@id":"https:\/\/districos.standingout.be\/fr\/product\/bio-balance-masque-thermique-3-x-500-g-ref-7062-13\/#primaryimage"},"thumbnailUrl":"https:\/\/districos.standingout.be\/wp-content\/uploads\/2026\/04\/7062.13@Thermisch-Masker-Rose-3-x-500-gr_1-1.png","datePublished":"2026-04-28T07:34:03+00:00","dateModified":"2026-04-28T07:34:08+00:00","breadcrumb":{"@id":"https:\/\/districos.standingout.be\/fr\/product\/bio-balance-masque-thermique-3-x-500-g-ref-7062-13\/#breadcrumb"},"inLanguage":"fr-FR","potentialAction":[{"@type":"ReadAction","target":["https:\/\/districos.standingout.be\/fr\/product\/bio-balance-masque-thermique-3-x-500-g-ref-7062-13\/"]}]},{"@type":"ImageObject","inLanguage":"fr-FR","@id":"https:\/\/districos.standingout.be\/fr\/product\/bio-balance-masque-thermique-3-x-500-g-ref-7062-13\/#primaryimage","url":"https:\/\/districos.standingout.be\/wp-content\/uploads\/2026\/04\/7062.13@Thermisch-Masker-Rose-3-x-500-gr_1-1.png","contentUrl":"https:\/\/districos.standingout.be\/wp-content\/uploads\/2026\/04\/7062.13@Thermisch-Masker-Rose-3-x-500-gr_1-1.png","width":600,"height":600},{"@type":"BreadcrumbList","@id":"https:\/\/districos.standingout.be\/fr\/product\/bio-balance-masque-thermique-3-x-500-g-ref-7062-13\/#breadcrumb","itemListElement":[{"@type":"ListItem","position":1,"name":"Home","item":"https:\/\/districos.standingout.be\/fr\/bienvenue-chez-districos\/"},{"@type":"ListItem","position":2,"name":"Boutique","item":"https:\/\/districos.standingout.be\/fr\/boutique\/"},{"@type":"ListItem","position":3,"name":"Bio Balance Masque Thermique 3 x 500 g"}]},{"@type":"WebSite","@id":"https:\/\/districos.standingout.be\/fr\/#website","url":"https:\/\/districos.standingout.be\/fr\/","name":"Districos Webshop","description":"","publisher":{"@id":"https:\/\/districos.standingout.be\/fr\/#organization"},"potentialAction":[{"@type":"SearchAction","target":{"@type":"EntryPoint","urlTemplate":"https:\/\/districos.standingout.be\/fr\/?s={search_term_string}"},"query-input":{"@type":"PropertyValueSpecification","valueRequired":true,"valueName":"search_term_string"}}],"inLanguage":"fr-FR"},{"@type":"Organization","@id":"https:\/\/districos.standingout.be\/fr\/#organization","name":"Districos Webshop","url":"https:\/\/districos.standingout.be\/fr\/","logo":{"@type":"ImageObject","inLanguage":"fr-FR","@id":"https:\/\/districos.standingout.be\/fr\/#\/schema\/logo\/image\/","url":"https:\/\/districos.standingout.be\/wp-content\/uploads\/2022\/09\/Districos_Logo_Webshop.svg","contentUrl":"https:\/\/districos.standingout.be\/wp-content\/uploads\/2022\/09\/Districos_Logo_Webshop.svg","caption":"Districos Webshop"},"image":{"@id":"https:\/\/districos.standingout.be\/fr\/#\/schema\/logo\/image\/"}}]}},"_links":{"self":[{"href":"https:\/\/districos.standingout.be\/fr\/wp-json\/wp\/v2\/product\/136903","targetHints":{"allow":["GET"]}}],"collection":[{"href":"https:\/\/districos.standingout.be\/fr\/wp-json\/wp\/v2\/product"}],"about":[{"href":"https:\/\/districos.standingout.be\/fr\/wp-json\/wp\/v2\/types\/product"}],"replies":[{"embeddable":true,"href":"https:\/\/districos.standingout.be\/fr\/wp-json\/wp\/v2\/comments?post=136903"}],"wp:featuredmedia":[{"embeddable":true,"href":"https:\/\/districos.standingout.be\/fr\/wp-json\/wp\/v2\/media\/147271"}],"wp:attachment":[{"href":"https:\/\/districos.standingout.be\/fr\/wp-json\/wp\/v2\/media?parent=136903"}],"wp:term":[{"taxonomy":"product_brand","embeddable":true,"href":"https:\/\/districos.standingout.be\/fr\/wp-json\/wp\/v2\/product_brand?post=136903"},{"taxonomy":"product_cat","embeddable":true,"href":"https:\/\/districos.standingout.be\/fr\/wp-json\/wp\/v2\/product_cat?post=136903"},{"taxonomy":"product_tag","embeddable":true,"href":"https:\/\/districos.standingout.be\/fr\/wp-json\/wp\/v2\/product_tag?post=136903"}],"curies":[{"name":"wp","href":"https:\/\/api.w.org\/{rel}","templated":true}]}}