{"id":136907,"date":"2026-04-28T09:34:13","date_gmt":"2026-04-28T07:34:13","guid":{"rendered":"https:\/\/webshopdistricoscom.webhosting.be\/product\/bio-balance-soft-peeling-cream-250-ml-ref-7062-28-2\/"},"modified":"2026-04-28T09:34:17","modified_gmt":"2026-04-28T07:34:17","slug":"bio-balance-soft-peeling-cream-250-ml-ref-7062-28","status":"publish","type":"product","link":"https:\/\/districos.standingout.be\/fr\/product\/bio-balance-soft-peeling-cream-250-ml-ref-7062-28\/","title":{"rendered":"Bio Balance Soft Peeling Cream 250 ml"},"content":{"rendered":"<p >\n<\/p>\n<p dir=\"ltr\">Peeling m\u00e9canique doux et tr\u00e8s efficace \u00e0 base de noyaux d&rsquo;abricot moulus et de kaolin. Il enl\u00e8ve doucement et efficacement les cellules mortes en massant.<\/p>\n<p dir=\"ltr\">\n<ul>\n<li>Adapt\u00e9 \u00e0 tous les types de peaux.<\/li>\n<li>250 ml.<\/li>\n<li><font size=\"2\">Vegan.<\/font><\/li>\n<\/ul>\n<div><b>Substances actives<\/b><\/div>\n<div>\n<ul>\n<li>Le kaolin est un agent nettoyant en profondeur doux aux propri\u00e9t\u00e9s absorbantes fortes.<\/li>\n<li>L&rsquo;extrait de camomille a une action anti-inflammatoire, apaisante et gu\u00e9rissante et lutte contre les rougeurs, les d\u00e9mangeaisons et les irritations.<\/li>\n<li>L&rsquo;extrait de calendula apaise la peau et soutient la r\u00e9g\u00e9n\u00e9ration cutan\u00e9e.<\/li>\n<li>L&rsquo;extrait de th\u00e9 vert est riche en antioxydants qui neutralisent les radicaux libres.<\/li>\n<\/ul>\n<div><b>Mode d&#8217;emploi<\/b><\/div>\n<\/div>\n<div>\n<ul>\n<li>R\u00e9partissez le peeling avec les mains sur le visage et le d\u00e9collet\u00e9 en effectuant des mouvements circulaires.<\/li>\n<li>Peut \u00e9ventuellement \u00eatre utilis\u00e9 en combinaison avec une lotion ou avec un vapozone pour un peeling plus doux.<\/li>\n<li>Enlevez le peeling avec une compresse humide.<\/li>\n<li>Neutralisez la peau en appliquant la lotion appropri\u00e9e et s\u00e9chez la peau avec un tissu.<\/li>\n<\/ul>\n<div>\n<div>\n<div><b>\u00c9galement disponible :&nbsp;<\/b><\/div>\n<\/div>\n<div>\n<ul>\n<li>Bio Balance Soft Peeling Cream 20 ml (r\u00e9f. 7073.23)<\/li>\n<li>Bio Balance Soft Peeling Cream 75 ml (r\u00e9f. 7073.22)<\/li>\n<\/ul>\n<\/div>\n<\/div>\n<\/div><\/p>\n","protected":false},"excerpt":{"rendered":"<p>Peeling m\u00e9canique doux et tr\u00e8s efficace \u00e0 base de noyaux d&rsquo;abricot moulus et de kaolin. Il enl\u00e8ve doucement et efficacement les cellules mortes en massant. Adapt\u00e9 \u00e0 tous les types de peaux. 250 ml. Vegan. Substances actives Le kaolin est un agent nettoyant en profondeur doux aux propri\u00e9t\u00e9s absorbantes fortes. L&rsquo;extrait de camomille a une [&hellip;]<\/p>\n","protected":false},"featured_media":147283,"comment_status":"open","ping_status":"closed","template":"","meta":{"_acf_changed":false},"product_brand":[10308],"product_cat":[9856],"product_tag":[],"class_list":{"0":"post-136907","1":"product","2":"type-product","3":"status-publish","4":"has-post-thumbnail","6":"product_brand-bb_gelaat-fr","7":"product_cat-beaute-visage-bio-balance-visage","9":"first","10":"instock","11":"taxable","12":"shipping-taxable","13":"product-type-simple"},"acf":[],"yoast_head":"<!-- This site is optimized with the Yoast SEO plugin v27.3 - https:\/\/yoast.com\/product\/yoast-seo-wordpress\/ -->\n<title>Bio Balance Soft Peeling Cream 250 ml - Districos Webshop<\/title>\n<meta name=\"robots\" content=\"noindex, follow, max-snippet:-1, max-image-preview:large, max-video-preview:-1\" \/>\n<meta property=\"og:locale\" content=\"fr_FR\" \/>\n<meta property=\"og:type\" content=\"article\" \/>\n<meta property=\"og:title\" content=\"Bio Balance Soft Peeling Cream 250 ml - Districos Webshop\" \/>\n<meta property=\"og:description\" content=\"Peeling m\u00e9canique doux et tr\u00e8s efficace \u00e0 base de noyaux d&rsquo;abricot moulus et de kaolin. Il enl\u00e8ve doucement et efficacement les cellules mortes en massant. Adapt\u00e9 \u00e0 tous les types de peaux. 250 ml. Vegan. Substances actives Le kaolin est un agent nettoyant en profondeur doux aux propri\u00e9t\u00e9s absorbantes fortes. L&rsquo;extrait de camomille a une [&hellip;]\" \/>\n<meta property=\"og:url\" content=\"https:\/\/districos.standingout.be\/fr\/product\/bio-balance-soft-peeling-cream-250-ml-ref-7062-28\/\" \/>\n<meta property=\"og:site_name\" content=\"Districos Webshop\" \/>\n<meta property=\"article:modified_time\" content=\"2026-04-28T07:34:17+00:00\" \/>\n<meta name=\"twitter:card\" content=\"summary_large_image\" \/>\n<meta name=\"twitter:label1\" content=\"Dur\u00e9e de lecture estim\u00e9e\" \/>\n\t<meta name=\"twitter:data1\" content=\"1 minute\" \/>\n<script type=\"application\/ld+json\" class=\"yoast-schema-graph\">{\"@context\":\"https:\\\/\\\/schema.org\",\"@graph\":[{\"@type\":\"WebPage\",\"@id\":\"https:\\\/\\\/districos.standingout.be\\\/fr\\\/product\\\/bio-balance-soft-peeling-cream-250-ml-ref-7062-28\\\/\",\"url\":\"https:\\\/\\\/districos.standingout.be\\\/fr\\\/product\\\/bio-balance-soft-peeling-cream-250-ml-ref-7062-28\\\/\",\"name\":\"Bio Balance Soft Peeling Cream 250 ml - Districos Webshop\",\"isPartOf\":{\"@id\":\"https:\\\/\\\/districos.standingout.be\\\/fr\\\/#website\"},\"primaryImageOfPage\":{\"@id\":\"https:\\\/\\\/districos.standingout.be\\\/fr\\\/product\\\/bio-balance-soft-peeling-cream-250-ml-ref-7062-28\\\/#primaryimage\"},\"image\":{\"@id\":\"https:\\\/\\\/districos.standingout.be\\\/fr\\\/product\\\/bio-balance-soft-peeling-cream-250-ml-ref-7062-28\\\/#primaryimage\"},\"thumbnailUrl\":\"https:\\\/\\\/districos.standingout.be\\\/wp-content\\\/uploads\\\/2026\\\/04\\\/7062.28@Soft-Peeling-Cream-250-ml_1-1.png\",\"datePublished\":\"2026-04-28T07:34:13+00:00\",\"dateModified\":\"2026-04-28T07:34:17+00:00\",\"breadcrumb\":{\"@id\":\"https:\\\/\\\/districos.standingout.be\\\/fr\\\/product\\\/bio-balance-soft-peeling-cream-250-ml-ref-7062-28\\\/#breadcrumb\"},\"inLanguage\":\"fr-FR\",\"potentialAction\":[{\"@type\":\"ReadAction\",\"target\":[\"https:\\\/\\\/districos.standingout.be\\\/fr\\\/product\\\/bio-balance-soft-peeling-cream-250-ml-ref-7062-28\\\/\"]}]},{\"@type\":\"ImageObject\",\"inLanguage\":\"fr-FR\",\"@id\":\"https:\\\/\\\/districos.standingout.be\\\/fr\\\/product\\\/bio-balance-soft-peeling-cream-250-ml-ref-7062-28\\\/#primaryimage\",\"url\":\"https:\\\/\\\/districos.standingout.be\\\/wp-content\\\/uploads\\\/2026\\\/04\\\/7062.28@Soft-Peeling-Cream-250-ml_1-1.png\",\"contentUrl\":\"https:\\\/\\\/districos.standingout.be\\\/wp-content\\\/uploads\\\/2026\\\/04\\\/7062.28@Soft-Peeling-Cream-250-ml_1-1.png\",\"width\":600,\"height\":600},{\"@type\":\"BreadcrumbList\",\"@id\":\"https:\\\/\\\/districos.standingout.be\\\/fr\\\/product\\\/bio-balance-soft-peeling-cream-250-ml-ref-7062-28\\\/#breadcrumb\",\"itemListElement\":[{\"@type\":\"ListItem\",\"position\":1,\"name\":\"Home\",\"item\":\"https:\\\/\\\/districos.standingout.be\\\/fr\\\/bienvenue-chez-districos\\\/\"},{\"@type\":\"ListItem\",\"position\":2,\"name\":\"Boutique\",\"item\":\"https:\\\/\\\/districos.standingout.be\\\/fr\\\/boutique\\\/\"},{\"@type\":\"ListItem\",\"position\":3,\"name\":\"Bio Balance Soft Peeling Cream 250 ml\"}]},{\"@type\":\"WebSite\",\"@id\":\"https:\\\/\\\/districos.standingout.be\\\/fr\\\/#website\",\"url\":\"https:\\\/\\\/districos.standingout.be\\\/fr\\\/\",\"name\":\"Districos Webshop\",\"description\":\"\",\"publisher\":{\"@id\":\"https:\\\/\\\/districos.standingout.be\\\/fr\\\/#organization\"},\"potentialAction\":[{\"@type\":\"SearchAction\",\"target\":{\"@type\":\"EntryPoint\",\"urlTemplate\":\"https:\\\/\\\/districos.standingout.be\\\/fr\\\/?s={search_term_string}\"},\"query-input\":{\"@type\":\"PropertyValueSpecification\",\"valueRequired\":true,\"valueName\":\"search_term_string\"}}],\"inLanguage\":\"fr-FR\"},{\"@type\":\"Organization\",\"@id\":\"https:\\\/\\\/districos.standingout.be\\\/fr\\\/#organization\",\"name\":\"Districos Webshop\",\"url\":\"https:\\\/\\\/districos.standingout.be\\\/fr\\\/\",\"logo\":{\"@type\":\"ImageObject\",\"inLanguage\":\"fr-FR\",\"@id\":\"https:\\\/\\\/districos.standingout.be\\\/fr\\\/#\\\/schema\\\/logo\\\/image\\\/\",\"url\":\"https:\\\/\\\/districos.standingout.be\\\/wp-content\\\/uploads\\\/2022\\\/09\\\/Districos_Logo_Webshop.svg\",\"contentUrl\":\"https:\\\/\\\/districos.standingout.be\\\/wp-content\\\/uploads\\\/2022\\\/09\\\/Districos_Logo_Webshop.svg\",\"caption\":\"Districos Webshop\"},\"image\":{\"@id\":\"https:\\\/\\\/districos.standingout.be\\\/fr\\\/#\\\/schema\\\/logo\\\/image\\\/\"}}]}<\/script>\n<!-- \/ Yoast SEO plugin. -->","yoast_head_json":{"title":"Bio Balance Soft Peeling Cream 250 ml - Districos Webshop","robots":{"index":"noindex","follow":"follow","max-snippet":"max-snippet:-1","max-image-preview":"max-image-preview:large","max-video-preview":"max-video-preview:-1"},"og_locale":"fr_FR","og_type":"article","og_title":"Bio Balance Soft Peeling Cream 250 ml - Districos Webshop","og_description":"Peeling m\u00e9canique doux et tr\u00e8s efficace \u00e0 base de noyaux d&rsquo;abricot moulus et de kaolin. Il enl\u00e8ve doucement et efficacement les cellules mortes en massant. Adapt\u00e9 \u00e0 tous les types de peaux. 250 ml. Vegan. Substances actives Le kaolin est un agent nettoyant en profondeur doux aux propri\u00e9t\u00e9s absorbantes fortes. L&rsquo;extrait de camomille a une [&hellip;]","og_url":"https:\/\/districos.standingout.be\/fr\/product\/bio-balance-soft-peeling-cream-250-ml-ref-7062-28\/","og_site_name":"Districos Webshop","article_modified_time":"2026-04-28T07:34:17+00:00","twitter_card":"summary_large_image","twitter_misc":{"Dur\u00e9e de lecture estim\u00e9e":"1 minute"},"schema":{"@context":"https:\/\/schema.org","@graph":[{"@type":"WebPage","@id":"https:\/\/districos.standingout.be\/fr\/product\/bio-balance-soft-peeling-cream-250-ml-ref-7062-28\/","url":"https:\/\/districos.standingout.be\/fr\/product\/bio-balance-soft-peeling-cream-250-ml-ref-7062-28\/","name":"Bio Balance Soft Peeling Cream 250 ml - Districos Webshop","isPartOf":{"@id":"https:\/\/districos.standingout.be\/fr\/#website"},"primaryImageOfPage":{"@id":"https:\/\/districos.standingout.be\/fr\/product\/bio-balance-soft-peeling-cream-250-ml-ref-7062-28\/#primaryimage"},"image":{"@id":"https:\/\/districos.standingout.be\/fr\/product\/bio-balance-soft-peeling-cream-250-ml-ref-7062-28\/#primaryimage"},"thumbnailUrl":"https:\/\/districos.standingout.be\/wp-content\/uploads\/2026\/04\/7062.28@Soft-Peeling-Cream-250-ml_1-1.png","datePublished":"2026-04-28T07:34:13+00:00","dateModified":"2026-04-28T07:34:17+00:00","breadcrumb":{"@id":"https:\/\/districos.standingout.be\/fr\/product\/bio-balance-soft-peeling-cream-250-ml-ref-7062-28\/#breadcrumb"},"inLanguage":"fr-FR","potentialAction":[{"@type":"ReadAction","target":["https:\/\/districos.standingout.be\/fr\/product\/bio-balance-soft-peeling-cream-250-ml-ref-7062-28\/"]}]},{"@type":"ImageObject","inLanguage":"fr-FR","@id":"https:\/\/districos.standingout.be\/fr\/product\/bio-balance-soft-peeling-cream-250-ml-ref-7062-28\/#primaryimage","url":"https:\/\/districos.standingout.be\/wp-content\/uploads\/2026\/04\/7062.28@Soft-Peeling-Cream-250-ml_1-1.png","contentUrl":"https:\/\/districos.standingout.be\/wp-content\/uploads\/2026\/04\/7062.28@Soft-Peeling-Cream-250-ml_1-1.png","width":600,"height":600},{"@type":"BreadcrumbList","@id":"https:\/\/districos.standingout.be\/fr\/product\/bio-balance-soft-peeling-cream-250-ml-ref-7062-28\/#breadcrumb","itemListElement":[{"@type":"ListItem","position":1,"name":"Home","item":"https:\/\/districos.standingout.be\/fr\/bienvenue-chez-districos\/"},{"@type":"ListItem","position":2,"name":"Boutique","item":"https:\/\/districos.standingout.be\/fr\/boutique\/"},{"@type":"ListItem","position":3,"name":"Bio Balance Soft Peeling Cream 250 ml"}]},{"@type":"WebSite","@id":"https:\/\/districos.standingout.be\/fr\/#website","url":"https:\/\/districos.standingout.be\/fr\/","name":"Districos Webshop","description":"","publisher":{"@id":"https:\/\/districos.standingout.be\/fr\/#organization"},"potentialAction":[{"@type":"SearchAction","target":{"@type":"EntryPoint","urlTemplate":"https:\/\/districos.standingout.be\/fr\/?s={search_term_string}"},"query-input":{"@type":"PropertyValueSpecification","valueRequired":true,"valueName":"search_term_string"}}],"inLanguage":"fr-FR"},{"@type":"Organization","@id":"https:\/\/districos.standingout.be\/fr\/#organization","name":"Districos Webshop","url":"https:\/\/districos.standingout.be\/fr\/","logo":{"@type":"ImageObject","inLanguage":"fr-FR","@id":"https:\/\/districos.standingout.be\/fr\/#\/schema\/logo\/image\/","url":"https:\/\/districos.standingout.be\/wp-content\/uploads\/2022\/09\/Districos_Logo_Webshop.svg","contentUrl":"https:\/\/districos.standingout.be\/wp-content\/uploads\/2022\/09\/Districos_Logo_Webshop.svg","caption":"Districos Webshop"},"image":{"@id":"https:\/\/districos.standingout.be\/fr\/#\/schema\/logo\/image\/"}}]}},"_links":{"self":[{"href":"https:\/\/districos.standingout.be\/fr\/wp-json\/wp\/v2\/product\/136907","targetHints":{"allow":["GET"]}}],"collection":[{"href":"https:\/\/districos.standingout.be\/fr\/wp-json\/wp\/v2\/product"}],"about":[{"href":"https:\/\/districos.standingout.be\/fr\/wp-json\/wp\/v2\/types\/product"}],"replies":[{"embeddable":true,"href":"https:\/\/districos.standingout.be\/fr\/wp-json\/wp\/v2\/comments?post=136907"}],"wp:featuredmedia":[{"embeddable":true,"href":"https:\/\/districos.standingout.be\/fr\/wp-json\/wp\/v2\/media\/147283"}],"wp:attachment":[{"href":"https:\/\/districos.standingout.be\/fr\/wp-json\/wp\/v2\/media?parent=136907"}],"wp:term":[{"taxonomy":"product_brand","embeddable":true,"href":"https:\/\/districos.standingout.be\/fr\/wp-json\/wp\/v2\/product_brand?post=136907"},{"taxonomy":"product_cat","embeddable":true,"href":"https:\/\/districos.standingout.be\/fr\/wp-json\/wp\/v2\/product_cat?post=136907"},{"taxonomy":"product_tag","embeddable":true,"href":"https:\/\/districos.standingout.be\/fr\/wp-json\/wp\/v2\/product_tag?post=136907"}],"curies":[{"name":"wp","href":"https:\/\/api.w.org\/{rel}","templated":true}]}}