{"id":136909,"date":"2026-04-28T09:34:17","date_gmt":"2026-04-28T07:34:17","guid":{"rendered":"https:\/\/webshopdistricoscom.webhosting.be\/product\/bio-balance-deep-cleanser-200-ml-ref-7062-29-2\/"},"modified":"2026-04-28T09:34:21","modified_gmt":"2026-04-28T07:34:21","slug":"bio-balance-deep-cleanser-200-ml-ref-7062-29","status":"publish","type":"product","link":"https:\/\/districos.standingout.be\/fr\/product\/bio-balance-deep-cleanser-200-ml-ref-7062-29\/","title":{"rendered":"Bio Balance Deep Cleanser 200 ml"},"content":{"rendered":"<p >\n<\/p>\n<p dir=\"ltr\">Nettoyant en profondeur qui retire et absorbe les impuret\u00e9s accumul\u00e9es au plus profond des pores sans perturber l&rsquo;\u00e9quilibre naturel et la valeur pH de la peau.<\/p>\n<p dir=\"ltr\">\n<ul>\n<li>Donne imm\u00e9diatement un teint \u00e9clatant et frais \u00e0 la peau.<\/li>\n<li>Appropri\u00e9 pour tous les types de peaux, particuli\u00e8rement pour les peaux sensibles et s\u00e8ches gr\u00e2ce aux propri\u00e9t\u00e9s hydratantes et adoucissantes.<\/li>\n<li>200 ml.<\/li>\n<li><font size=\"2\">Vegan.<\/font><\/li>\n<\/ul>\n<div><b>Substances actives<\/b><\/div>\n<div>\n<ul>\n<li>Le coco-glucoside (composant de l&rsquo;huile de coco) est un agent nettoyant tr\u00e8s doux qui a \u00e9t\u00e9 sp\u00e9cialement d\u00e9velopp\u00e9 pour les peaux sensibles. Il dissout le s\u00e9bum et favorise les effets d&rsquo;autres agents nettoyants qui se trouvent dans la cr\u00e8me.<\/li>\n<li>Le laureth sulfosuccinate disodique est un agent nettoyant doux mais tr\u00e8s efficace qui est particuli\u00e8rement appropri\u00e9 aux peaux sensibles.<\/li>\n<li>La glyc\u00e9rine, un ingr\u00e9dient qui est naturellement pr\u00e9sent dans le corps, r\u00e9tablit la barri\u00e8re hydrolipidique naturelle pour prot\u00e9ger la peau et pour combattre la d\u00e9shydratation. Rend la peau douce et lisse.<\/li>\n<\/ul>\n<div><b>Mode d&#8217;emploi<\/b><\/div>\n<\/div>\n<div>\n<ul>\n<li>Appliquez la cr\u00e8me purifiante apr\u00e8s le nettoyage g\u00e9n\u00e9ral avec les mains s\u00e8ches ou l\u00e9g\u00e8rement humides sur le visage, le cou et le d\u00e9collet\u00e9 et \u00e9mulsionnez.<\/li>\n<li>Pr\u00eatez une attention suppl\u00e9mentaire \u00e0 la zone T. Lorsque la cr\u00e8me n&rsquo;est plus absorb\u00e9e par la peau, rincez \u00e0 l&rsquo;eau ou enlevez avec une compresse humide.<\/li>\n<li>Usage \u00e0 domicile conseill\u00e9 : 2 \u00e0 3 fois par semaine.<\/li>\n<\/ul>\n<div><b>Aussi disponible<\/b><\/div>\n<\/div>\n<div>\n<ul>\n<li>Emballage de vente de 125 ml (<u><a href=\"https:\/\/districos.com\/ProductDetail\/7073.21\" target=\"_blank\" rel=\"noopener noreferrer nofollow\">r\u00e9f. 7073.21<\/a><\/u>)<\/li>\n<li>Emballage de voyage de 20 ml (<u><a href=\"https:\/\/districos.com\/ProductDetail\/7073.21M\" target=\"_blank\" rel=\"noopener noreferrer nofollow\">r\u00e9f. 7073.21M<\/a><\/u>)<\/li>\n<li>Pr\u00e9sentoir avec 25 x 20 ml (<u><a href=\"https:\/\/districos.com\/ProductDetail\/7073.21D\" target=\"_blank\" rel=\"noopener noreferrer nofollow\">r\u00e9f. 7073.21D<\/a><\/u>)<\/li>\n<li>\u00c9chantillon de 5 ml (<u><a href=\"https:\/\/districos.com\/ProductDetail\/7066.58\" target=\"_blank\" rel=\"noopener noreferrer nofollow\">r\u00e9f. 7066.58<\/a><\/u>)<\/li>\n<\/ul>\n<\/div>\n","protected":false},"excerpt":{"rendered":"<p>Nettoyant en profondeur qui retire et absorbe les impuret\u00e9s accumul\u00e9es au plus profond des pores sans perturber l&rsquo;\u00e9quilibre naturel et la valeur pH de la peau. Donne imm\u00e9diatement un teint \u00e9clatant et frais \u00e0 la peau. Appropri\u00e9 pour tous les types de peaux, particuli\u00e8rement pour les peaux sensibles et s\u00e8ches gr\u00e2ce aux propri\u00e9t\u00e9s hydratantes et [&hellip;]<\/p>\n","protected":false},"featured_media":77360,"comment_status":"open","ping_status":"closed","template":"","meta":{"_acf_changed":false},"product_brand":[10308],"product_cat":[9856],"product_tag":[],"class_list":{"0":"post-136909","1":"product","2":"type-product","3":"status-publish","4":"has-post-thumbnail","6":"product_brand-bb_gelaat-fr","7":"product_cat-beaute-visage-bio-balance-visage","9":"first","10":"instock","11":"taxable","12":"shipping-taxable","13":"product-type-simple"},"acf":[],"yoast_head":"<!-- This site is optimized with the Yoast SEO plugin v27.3 - https:\/\/yoast.com\/product\/yoast-seo-wordpress\/ -->\n<title>Bio Balance Deep Cleanser 200 ml - Districos Webshop<\/title>\n<meta name=\"robots\" content=\"noindex, follow, max-snippet:-1, max-image-preview:large, max-video-preview:-1\" \/>\n<meta property=\"og:locale\" content=\"fr_FR\" \/>\n<meta property=\"og:type\" content=\"article\" \/>\n<meta property=\"og:title\" content=\"Bio Balance Deep Cleanser 200 ml - Districos Webshop\" \/>\n<meta property=\"og:description\" content=\"Nettoyant en profondeur qui retire et absorbe les impuret\u00e9s accumul\u00e9es au plus profond des pores sans perturber l&rsquo;\u00e9quilibre naturel et la valeur pH de la peau. Donne imm\u00e9diatement un teint \u00e9clatant et frais \u00e0 la peau. Appropri\u00e9 pour tous les types de peaux, particuli\u00e8rement pour les peaux sensibles et s\u00e8ches gr\u00e2ce aux propri\u00e9t\u00e9s hydratantes et [&hellip;]\" \/>\n<meta property=\"og:url\" content=\"https:\/\/districos.standingout.be\/fr\/product\/bio-balance-deep-cleanser-200-ml-ref-7062-29\/\" \/>\n<meta property=\"og:site_name\" content=\"Districos Webshop\" \/>\n<meta property=\"article:modified_time\" content=\"2026-04-28T07:34:21+00:00\" \/>\n<meta name=\"twitter:card\" content=\"summary_large_image\" \/>\n<meta name=\"twitter:label1\" content=\"Dur\u00e9e de lecture estim\u00e9e\" \/>\n\t<meta name=\"twitter:data1\" content=\"1 minute\" \/>\n<script type=\"application\/ld+json\" class=\"yoast-schema-graph\">{\"@context\":\"https:\\\/\\\/schema.org\",\"@graph\":[{\"@type\":\"WebPage\",\"@id\":\"https:\\\/\\\/districos.standingout.be\\\/fr\\\/product\\\/bio-balance-deep-cleanser-200-ml-ref-7062-29\\\/\",\"url\":\"https:\\\/\\\/districos.standingout.be\\\/fr\\\/product\\\/bio-balance-deep-cleanser-200-ml-ref-7062-29\\\/\",\"name\":\"Bio Balance Deep Cleanser 200 ml - Districos Webshop\",\"isPartOf\":{\"@id\":\"https:\\\/\\\/districos.standingout.be\\\/fr\\\/#website\"},\"primaryImageOfPage\":{\"@id\":\"https:\\\/\\\/districos.standingout.be\\\/fr\\\/product\\\/bio-balance-deep-cleanser-200-ml-ref-7062-29\\\/#primaryimage\"},\"image\":{\"@id\":\"https:\\\/\\\/districos.standingout.be\\\/fr\\\/product\\\/bio-balance-deep-cleanser-200-ml-ref-7062-29\\\/#primaryimage\"},\"thumbnailUrl\":\"https:\\\/\\\/districos.standingout.be\\\/wp-content\\\/uploads\\\/2025\\\/07\\\/7062.29@LowRes_1_0.png\",\"datePublished\":\"2026-04-28T07:34:17+00:00\",\"dateModified\":\"2026-04-28T07:34:21+00:00\",\"breadcrumb\":{\"@id\":\"https:\\\/\\\/districos.standingout.be\\\/fr\\\/product\\\/bio-balance-deep-cleanser-200-ml-ref-7062-29\\\/#breadcrumb\"},\"inLanguage\":\"fr-FR\",\"potentialAction\":[{\"@type\":\"ReadAction\",\"target\":[\"https:\\\/\\\/districos.standingout.be\\\/fr\\\/product\\\/bio-balance-deep-cleanser-200-ml-ref-7062-29\\\/\"]}]},{\"@type\":\"ImageObject\",\"inLanguage\":\"fr-FR\",\"@id\":\"https:\\\/\\\/districos.standingout.be\\\/fr\\\/product\\\/bio-balance-deep-cleanser-200-ml-ref-7062-29\\\/#primaryimage\",\"url\":\"https:\\\/\\\/districos.standingout.be\\\/wp-content\\\/uploads\\\/2025\\\/07\\\/7062.29@LowRes_1_0.png\",\"contentUrl\":\"https:\\\/\\\/districos.standingout.be\\\/wp-content\\\/uploads\\\/2025\\\/07\\\/7062.29@LowRes_1_0.png\",\"width\":600,\"height\":600},{\"@type\":\"BreadcrumbList\",\"@id\":\"https:\\\/\\\/districos.standingout.be\\\/fr\\\/product\\\/bio-balance-deep-cleanser-200-ml-ref-7062-29\\\/#breadcrumb\",\"itemListElement\":[{\"@type\":\"ListItem\",\"position\":1,\"name\":\"Home\",\"item\":\"https:\\\/\\\/districos.standingout.be\\\/fr\\\/bienvenue-chez-districos\\\/\"},{\"@type\":\"ListItem\",\"position\":2,\"name\":\"Boutique\",\"item\":\"https:\\\/\\\/districos.standingout.be\\\/fr\\\/boutique\\\/\"},{\"@type\":\"ListItem\",\"position\":3,\"name\":\"Bio Balance Deep Cleanser 200 ml\"}]},{\"@type\":\"WebSite\",\"@id\":\"https:\\\/\\\/districos.standingout.be\\\/fr\\\/#website\",\"url\":\"https:\\\/\\\/districos.standingout.be\\\/fr\\\/\",\"name\":\"Districos Webshop\",\"description\":\"\",\"publisher\":{\"@id\":\"https:\\\/\\\/districos.standingout.be\\\/fr\\\/#organization\"},\"potentialAction\":[{\"@type\":\"SearchAction\",\"target\":{\"@type\":\"EntryPoint\",\"urlTemplate\":\"https:\\\/\\\/districos.standingout.be\\\/fr\\\/?s={search_term_string}\"},\"query-input\":{\"@type\":\"PropertyValueSpecification\",\"valueRequired\":true,\"valueName\":\"search_term_string\"}}],\"inLanguage\":\"fr-FR\"},{\"@type\":\"Organization\",\"@id\":\"https:\\\/\\\/districos.standingout.be\\\/fr\\\/#organization\",\"name\":\"Districos Webshop\",\"url\":\"https:\\\/\\\/districos.standingout.be\\\/fr\\\/\",\"logo\":{\"@type\":\"ImageObject\",\"inLanguage\":\"fr-FR\",\"@id\":\"https:\\\/\\\/districos.standingout.be\\\/fr\\\/#\\\/schema\\\/logo\\\/image\\\/\",\"url\":\"https:\\\/\\\/districos.standingout.be\\\/wp-content\\\/uploads\\\/2022\\\/09\\\/Districos_Logo_Webshop.svg\",\"contentUrl\":\"https:\\\/\\\/districos.standingout.be\\\/wp-content\\\/uploads\\\/2022\\\/09\\\/Districos_Logo_Webshop.svg\",\"caption\":\"Districos Webshop\"},\"image\":{\"@id\":\"https:\\\/\\\/districos.standingout.be\\\/fr\\\/#\\\/schema\\\/logo\\\/image\\\/\"}}]}<\/script>\n<!-- \/ Yoast SEO plugin. -->","yoast_head_json":{"title":"Bio Balance Deep Cleanser 200 ml - Districos Webshop","robots":{"index":"noindex","follow":"follow","max-snippet":"max-snippet:-1","max-image-preview":"max-image-preview:large","max-video-preview":"max-video-preview:-1"},"og_locale":"fr_FR","og_type":"article","og_title":"Bio Balance Deep Cleanser 200 ml - Districos Webshop","og_description":"Nettoyant en profondeur qui retire et absorbe les impuret\u00e9s accumul\u00e9es au plus profond des pores sans perturber l&rsquo;\u00e9quilibre naturel et la valeur pH de la peau. Donne imm\u00e9diatement un teint \u00e9clatant et frais \u00e0 la peau. Appropri\u00e9 pour tous les types de peaux, particuli\u00e8rement pour les peaux sensibles et s\u00e8ches gr\u00e2ce aux propri\u00e9t\u00e9s hydratantes et [&hellip;]","og_url":"https:\/\/districos.standingout.be\/fr\/product\/bio-balance-deep-cleanser-200-ml-ref-7062-29\/","og_site_name":"Districos Webshop","article_modified_time":"2026-04-28T07:34:21+00:00","twitter_card":"summary_large_image","twitter_misc":{"Dur\u00e9e de lecture estim\u00e9e":"1 minute"},"schema":{"@context":"https:\/\/schema.org","@graph":[{"@type":"WebPage","@id":"https:\/\/districos.standingout.be\/fr\/product\/bio-balance-deep-cleanser-200-ml-ref-7062-29\/","url":"https:\/\/districos.standingout.be\/fr\/product\/bio-balance-deep-cleanser-200-ml-ref-7062-29\/","name":"Bio Balance Deep Cleanser 200 ml - Districos Webshop","isPartOf":{"@id":"https:\/\/districos.standingout.be\/fr\/#website"},"primaryImageOfPage":{"@id":"https:\/\/districos.standingout.be\/fr\/product\/bio-balance-deep-cleanser-200-ml-ref-7062-29\/#primaryimage"},"image":{"@id":"https:\/\/districos.standingout.be\/fr\/product\/bio-balance-deep-cleanser-200-ml-ref-7062-29\/#primaryimage"},"thumbnailUrl":"https:\/\/districos.standingout.be\/wp-content\/uploads\/2025\/07\/7062.29@LowRes_1_0.png","datePublished":"2026-04-28T07:34:17+00:00","dateModified":"2026-04-28T07:34:21+00:00","breadcrumb":{"@id":"https:\/\/districos.standingout.be\/fr\/product\/bio-balance-deep-cleanser-200-ml-ref-7062-29\/#breadcrumb"},"inLanguage":"fr-FR","potentialAction":[{"@type":"ReadAction","target":["https:\/\/districos.standingout.be\/fr\/product\/bio-balance-deep-cleanser-200-ml-ref-7062-29\/"]}]},{"@type":"ImageObject","inLanguage":"fr-FR","@id":"https:\/\/districos.standingout.be\/fr\/product\/bio-balance-deep-cleanser-200-ml-ref-7062-29\/#primaryimage","url":"https:\/\/districos.standingout.be\/wp-content\/uploads\/2025\/07\/7062.29@LowRes_1_0.png","contentUrl":"https:\/\/districos.standingout.be\/wp-content\/uploads\/2025\/07\/7062.29@LowRes_1_0.png","width":600,"height":600},{"@type":"BreadcrumbList","@id":"https:\/\/districos.standingout.be\/fr\/product\/bio-balance-deep-cleanser-200-ml-ref-7062-29\/#breadcrumb","itemListElement":[{"@type":"ListItem","position":1,"name":"Home","item":"https:\/\/districos.standingout.be\/fr\/bienvenue-chez-districos\/"},{"@type":"ListItem","position":2,"name":"Boutique","item":"https:\/\/districos.standingout.be\/fr\/boutique\/"},{"@type":"ListItem","position":3,"name":"Bio Balance Deep Cleanser 200 ml"}]},{"@type":"WebSite","@id":"https:\/\/districos.standingout.be\/fr\/#website","url":"https:\/\/districos.standingout.be\/fr\/","name":"Districos Webshop","description":"","publisher":{"@id":"https:\/\/districos.standingout.be\/fr\/#organization"},"potentialAction":[{"@type":"SearchAction","target":{"@type":"EntryPoint","urlTemplate":"https:\/\/districos.standingout.be\/fr\/?s={search_term_string}"},"query-input":{"@type":"PropertyValueSpecification","valueRequired":true,"valueName":"search_term_string"}}],"inLanguage":"fr-FR"},{"@type":"Organization","@id":"https:\/\/districos.standingout.be\/fr\/#organization","name":"Districos Webshop","url":"https:\/\/districos.standingout.be\/fr\/","logo":{"@type":"ImageObject","inLanguage":"fr-FR","@id":"https:\/\/districos.standingout.be\/fr\/#\/schema\/logo\/image\/","url":"https:\/\/districos.standingout.be\/wp-content\/uploads\/2022\/09\/Districos_Logo_Webshop.svg","contentUrl":"https:\/\/districos.standingout.be\/wp-content\/uploads\/2022\/09\/Districos_Logo_Webshop.svg","caption":"Districos Webshop"},"image":{"@id":"https:\/\/districos.standingout.be\/fr\/#\/schema\/logo\/image\/"}}]}},"_links":{"self":[{"href":"https:\/\/districos.standingout.be\/fr\/wp-json\/wp\/v2\/product\/136909","targetHints":{"allow":["GET"]}}],"collection":[{"href":"https:\/\/districos.standingout.be\/fr\/wp-json\/wp\/v2\/product"}],"about":[{"href":"https:\/\/districos.standingout.be\/fr\/wp-json\/wp\/v2\/types\/product"}],"replies":[{"embeddable":true,"href":"https:\/\/districos.standingout.be\/fr\/wp-json\/wp\/v2\/comments?post=136909"}],"wp:featuredmedia":[{"embeddable":true,"href":"https:\/\/districos.standingout.be\/fr\/wp-json\/wp\/v2\/media\/77360"}],"wp:attachment":[{"href":"https:\/\/districos.standingout.be\/fr\/wp-json\/wp\/v2\/media?parent=136909"}],"wp:term":[{"taxonomy":"product_brand","embeddable":true,"href":"https:\/\/districos.standingout.be\/fr\/wp-json\/wp\/v2\/product_brand?post=136909"},{"taxonomy":"product_cat","embeddable":true,"href":"https:\/\/districos.standingout.be\/fr\/wp-json\/wp\/v2\/product_cat?post=136909"},{"taxonomy":"product_tag","embeddable":true,"href":"https:\/\/districos.standingout.be\/fr\/wp-json\/wp\/v2\/product_tag?post=136909"}],"curies":[{"name":"wp","href":"https:\/\/api.w.org\/{rel}","templated":true}]}}