{"id":136911,"date":"2026-04-28T09:34:21","date_gmt":"2026-04-28T07:34:21","guid":{"rendered":"https:\/\/webshopdistricoscom.webhosting.be\/product\/bio-balance-glycopro-peel-100-ml-ref-7062-30-2\/"},"modified":"2026-04-28T09:34:25","modified_gmt":"2026-04-28T07:34:25","slug":"bio-balance-glycopro-peel-100-ml-ref-7062-30","status":"publish","type":"product","link":"https:\/\/districos.standingout.be\/fr\/product\/bio-balance-glycopro-peel-100-ml-ref-7062-30\/","title":{"rendered":"Bio Balance GlycoPro Peel 100 ml"},"content":{"rendered":"<p >\n<\/p>\n<\/p>\n<p><b>BIO BALANCE GLYCOPRO PEEL &#8211; PEELING AHA PROFESSIONNEL<\/b><\/p>\n<p>Le GlycoPro Peel est un <b>peeling chimique<\/b> professionnel \u00e0 base d&rsquo;<b>AHA (acides alpha-hydroxy)<\/b> qui affine, hydrate et apaise visiblement la peau. Ce peeling combine une <b>exfoliation efficace<\/b> avec <b>confort et r\u00e9paration de la peau<\/b>, apportant ainsi une valeur ajout\u00e9e intensive \u00e0 votre traitement en cabine.<\/p>\n<ul>\n<li>Convient \u00e0 tous les types de peau.<\/li>\n<li>100 ml<\/li>\n<li>Vegan<\/li>\n<\/ul>\n<p><b>Pourquoi choisir une mise \u00e0 niveau avec GlycoPro Peel ?<\/b><\/p>\n<p>La formule respecte et renforce les 3 principes de base d&rsquo;une peau saine :<\/p>\n<p><b>1. Exfoliation &#8211; renouvellement actif de la peau<\/b><\/p>\n<p>GlycoPro Peel agit \u00e0 base d&rsquo;<b>acide glycolique <\/b>(la plus petite mol\u00e9cule d&rsquo;AHA), soutenu par du <b>lactate de sodium<\/b> (forme saline de l&rsquo;acide lactique) et de l&rsquo;<b>acide citrique<\/b>.<\/p>\n<p>Cette combinaison :<\/p>\n<ul>\n<li>\u00c9limine les cellules mortes sans frottement m\u00e9canique<\/li>\n<li>Acc\u00e9l\u00e8re le renouvellement cellulaire<\/li>\n<li>Affine le grain de peau et le teint<\/li>\n<li>Am\u00e9liore l&rsquo;absorption des ingr\u00e9dients actifs<\/li>\n<\/ul>\n<p><b>2. Relaxation et r\u00e9paration \u2013 confort pendant et apr\u00e8s le peeling<\/b><\/p>\n<p>Des ingr\u00e9dients apaisants et r\u00e9parateurs r\u00e9\u00e9quilibrent rapidement la peau :<\/p>\n<ul>\n<li>Jus de feuille d&rsquo;Aloe Barbadensis<\/li>\n<li>Allanto\u00efne<\/li>\n<li>Chondrus Crispus (algue rouge)<\/li>\n<\/ul>\n<p>Id\u00e9al pour apaiser les rougeurs et les picotements et augmenter le confort de la peau.<\/p>\n<p><b>3. Hydratation \u2013 renforcement de la barri\u00e8re cutan\u00e9e<\/b><\/p>\n<p>Une base hydratante puissante pr\u00e9vient le dess\u00e8chement et l&rsquo;hypersensibilit\u00e9 :<\/p>\n<ul>\n<li>Glyc\u00e9rine<\/li>\n<li>Lactate de sodium<\/li>\n<li>Pentyl\u00e8ne glycol et propyl\u00e8ne glycol<\/li>\n<\/ul>\n<p>La r\u00e8gle de 3 est ainsi pleinement respect\u00e9e : exfoliation, relaxation et hydratation.<\/p>\n<p><b>Mode d&#8217;emploi<\/b><\/p>\n<ul>\n<li>Appliquez sur une peau nettoy\u00e9e et laissez agir pendant 2 \u00e0 15 minutes, en fonction de la sensibilit\u00e9 de la peau. \u00c9viter tout contact avec les yeux. Retirer \u00e0 l&rsquo;aide d&rsquo;une compresse froide.<\/li>\n<li>Une \u00e9ventuelle rougeur ou une l\u00e9g\u00e8re sensation de picotement\/chaleur est normale et dispara\u00eetra d&rsquo;elle-m\u00eame dans les 30 \u00e0 60 minutes.<\/li>\n<li>En cas de peau r\u00e9active, il est recommand\u00e9 d&rsquo;utiliser le masque peel-off aux algues et aux myrtilles (r\u00e9f. 7062.05) pour un apaisement imm\u00e9diat.<\/li>\n<li>Si la peau est moins r\u00e9active, vous pouvez choisir un autre masque (par exemple, le masque algue peel-off cryog\u00e9nique (r\u00e9f. 7062.04), un masque BioCell, etc.) pour un traitement plus intensif.<\/li>\n<li>Hydratez bien la peau apr\u00e8s le traitement et prot\u00e9gez-la quotidiennement avec une cr\u00e8me SPF. \u00c9vitez l&rsquo;exposition directe aux rayons UV.<\/li>\n<li><b>CONSEIL !<\/b> Apr\u00e8s un peeling AHA, la peau est temporairement plus sensible et la perte d&rsquo;eau trans\u00e9pidermique augmente ; conseillez \u00e0 vos clients de suivre syst\u00e9matiquement une cure avec le <b>Hya-Lift+ Serum<\/b> (<a href=\"https:\/\/webshop.districos.com\/ProductDetail\/7072.01\" target=\"_blank\" rel=\"noopener noreferrer nofollow\">r\u00e9f. 7072.01<\/a>) pour une hydratation intense, une r\u00e9paration acc\u00e9l\u00e9r\u00e9e de la peau et un confort maximal.<\/li>\n<\/ul>\n<p><\/p>\n<p><b>\u00c9galement disponible :<\/b><\/p>\n<ul>\n<li>Bio Balance GlycoPro Peel \u2013 Kit professionnel (<a href=\"https:\/\/webshop.districos.com\/ProductDetail\/2461.11\" target=\"_blank\" rel=\"noopener noreferrer nofollow\">r\u00e9f. 2461.11<\/a>)<\/li>\n<\/ul>\n<p>Ce kit soutient l&rsquo;utilisation en cabine et la vente au d\u00e9tail et offre un rendement exceptionnel.<\/p>\n<p>Commandez notre <a href=\"https:\/\/webshop.districos.com\/ProductDetail\/YK132.032\" target=\"_blank\" rel=\"noopener noreferrer nofollow\">poster A4<\/a> pour stimuler vos ventes.<\/p><\/p>\n","protected":false},"excerpt":{"rendered":"<p>BIO BALANCE GLYCOPRO PEEL &#8211; PEELING AHA PROFESSIONNEL Le GlycoPro Peel est un peeling chimique professionnel \u00e0 base d&rsquo;AHA (acides alpha-hydroxy) qui affine, hydrate et apaise visiblement la peau. Ce peeling combine une exfoliation efficace avec confort et r\u00e9paration de la peau, apportant ainsi une valeur ajout\u00e9e intensive \u00e0 votre traitement en cabine. Convient \u00e0 [&hellip;]<\/p>\n","protected":false},"featured_media":147295,"comment_status":"open","ping_status":"closed","template":"","meta":{"_acf_changed":false},"product_brand":[10308],"product_cat":[9856],"product_tag":[],"class_list":{"0":"post-136911","1":"product","2":"type-product","3":"status-publish","4":"has-post-thumbnail","6":"product_brand-bb_gelaat-fr","7":"product_cat-beaute-visage-bio-balance-visage","9":"first","10":"instock","11":"taxable","12":"shipping-taxable","13":"product-type-simple"},"acf":[],"yoast_head":"<!-- This site is optimized with the Yoast SEO plugin v27.3 - https:\/\/yoast.com\/product\/yoast-seo-wordpress\/ -->\n<title>Bio Balance GlycoPro Peel 100 ml - Districos Webshop<\/title>\n<meta name=\"robots\" content=\"noindex, follow, max-snippet:-1, max-image-preview:large, max-video-preview:-1\" \/>\n<meta property=\"og:locale\" content=\"fr_FR\" \/>\n<meta property=\"og:type\" content=\"article\" \/>\n<meta property=\"og:title\" content=\"Bio Balance GlycoPro Peel 100 ml - Districos Webshop\" \/>\n<meta property=\"og:description\" content=\"BIO BALANCE GLYCOPRO PEEL &#8211; PEELING AHA PROFESSIONNEL Le GlycoPro Peel est un peeling chimique professionnel \u00e0 base d&rsquo;AHA (acides alpha-hydroxy) qui affine, hydrate et apaise visiblement la peau. Ce peeling combine une exfoliation efficace avec confort et r\u00e9paration de la peau, apportant ainsi une valeur ajout\u00e9e intensive \u00e0 votre traitement en cabine. Convient \u00e0 [&hellip;]\" \/>\n<meta property=\"og:url\" content=\"https:\/\/districos.standingout.be\/fr\/product\/bio-balance-glycopro-peel-100-ml-ref-7062-30\/\" \/>\n<meta property=\"og:site_name\" content=\"Districos Webshop\" \/>\n<meta property=\"article:modified_time\" content=\"2026-04-28T07:34:25+00:00\" \/>\n<meta name=\"twitter:card\" content=\"summary_large_image\" \/>\n<meta name=\"twitter:label1\" content=\"Dur\u00e9e de lecture estim\u00e9e\" \/>\n\t<meta name=\"twitter:data1\" content=\"2 minutes\" \/>\n<script type=\"application\/ld+json\" class=\"yoast-schema-graph\">{\"@context\":\"https:\\\/\\\/schema.org\",\"@graph\":[{\"@type\":\"WebPage\",\"@id\":\"https:\\\/\\\/districos.standingout.be\\\/fr\\\/product\\\/bio-balance-glycopro-peel-100-ml-ref-7062-30\\\/\",\"url\":\"https:\\\/\\\/districos.standingout.be\\\/fr\\\/product\\\/bio-balance-glycopro-peel-100-ml-ref-7062-30\\\/\",\"name\":\"Bio Balance GlycoPro Peel 100 ml - Districos Webshop\",\"isPartOf\":{\"@id\":\"https:\\\/\\\/districos.standingout.be\\\/fr\\\/#website\"},\"primaryImageOfPage\":{\"@id\":\"https:\\\/\\\/districos.standingout.be\\\/fr\\\/product\\\/bio-balance-glycopro-peel-100-ml-ref-7062-30\\\/#primaryimage\"},\"image\":{\"@id\":\"https:\\\/\\\/districos.standingout.be\\\/fr\\\/product\\\/bio-balance-glycopro-peel-100-ml-ref-7062-30\\\/#primaryimage\"},\"thumbnailUrl\":\"https:\\\/\\\/districos.standingout.be\\\/wp-content\\\/uploads\\\/2026\\\/04\\\/7062.30@Bio-Balance-GlycoPro-Peel-100-ml_1.png\",\"datePublished\":\"2026-04-28T07:34:21+00:00\",\"dateModified\":\"2026-04-28T07:34:25+00:00\",\"breadcrumb\":{\"@id\":\"https:\\\/\\\/districos.standingout.be\\\/fr\\\/product\\\/bio-balance-glycopro-peel-100-ml-ref-7062-30\\\/#breadcrumb\"},\"inLanguage\":\"fr-FR\",\"potentialAction\":[{\"@type\":\"ReadAction\",\"target\":[\"https:\\\/\\\/districos.standingout.be\\\/fr\\\/product\\\/bio-balance-glycopro-peel-100-ml-ref-7062-30\\\/\"]}]},{\"@type\":\"ImageObject\",\"inLanguage\":\"fr-FR\",\"@id\":\"https:\\\/\\\/districos.standingout.be\\\/fr\\\/product\\\/bio-balance-glycopro-peel-100-ml-ref-7062-30\\\/#primaryimage\",\"url\":\"https:\\\/\\\/districos.standingout.be\\\/wp-content\\\/uploads\\\/2026\\\/04\\\/7062.30@Bio-Balance-GlycoPro-Peel-100-ml_1.png\",\"contentUrl\":\"https:\\\/\\\/districos.standingout.be\\\/wp-content\\\/uploads\\\/2026\\\/04\\\/7062.30@Bio-Balance-GlycoPro-Peel-100-ml_1.png\",\"width\":600,\"height\":600},{\"@type\":\"BreadcrumbList\",\"@id\":\"https:\\\/\\\/districos.standingout.be\\\/fr\\\/product\\\/bio-balance-glycopro-peel-100-ml-ref-7062-30\\\/#breadcrumb\",\"itemListElement\":[{\"@type\":\"ListItem\",\"position\":1,\"name\":\"Home\",\"item\":\"https:\\\/\\\/districos.standingout.be\\\/fr\\\/bienvenue-chez-districos\\\/\"},{\"@type\":\"ListItem\",\"position\":2,\"name\":\"Boutique\",\"item\":\"https:\\\/\\\/districos.standingout.be\\\/fr\\\/boutique\\\/\"},{\"@type\":\"ListItem\",\"position\":3,\"name\":\"Bio Balance GlycoPro Peel 100 ml\"}]},{\"@type\":\"WebSite\",\"@id\":\"https:\\\/\\\/districos.standingout.be\\\/fr\\\/#website\",\"url\":\"https:\\\/\\\/districos.standingout.be\\\/fr\\\/\",\"name\":\"Districos Webshop\",\"description\":\"\",\"publisher\":{\"@id\":\"https:\\\/\\\/districos.standingout.be\\\/fr\\\/#organization\"},\"potentialAction\":[{\"@type\":\"SearchAction\",\"target\":{\"@type\":\"EntryPoint\",\"urlTemplate\":\"https:\\\/\\\/districos.standingout.be\\\/fr\\\/?s={search_term_string}\"},\"query-input\":{\"@type\":\"PropertyValueSpecification\",\"valueRequired\":true,\"valueName\":\"search_term_string\"}}],\"inLanguage\":\"fr-FR\"},{\"@type\":\"Organization\",\"@id\":\"https:\\\/\\\/districos.standingout.be\\\/fr\\\/#organization\",\"name\":\"Districos Webshop\",\"url\":\"https:\\\/\\\/districos.standingout.be\\\/fr\\\/\",\"logo\":{\"@type\":\"ImageObject\",\"inLanguage\":\"fr-FR\",\"@id\":\"https:\\\/\\\/districos.standingout.be\\\/fr\\\/#\\\/schema\\\/logo\\\/image\\\/\",\"url\":\"https:\\\/\\\/districos.standingout.be\\\/wp-content\\\/uploads\\\/2022\\\/09\\\/Districos_Logo_Webshop.svg\",\"contentUrl\":\"https:\\\/\\\/districos.standingout.be\\\/wp-content\\\/uploads\\\/2022\\\/09\\\/Districos_Logo_Webshop.svg\",\"caption\":\"Districos Webshop\"},\"image\":{\"@id\":\"https:\\\/\\\/districos.standingout.be\\\/fr\\\/#\\\/schema\\\/logo\\\/image\\\/\"}}]}<\/script>\n<!-- \/ Yoast SEO plugin. -->","yoast_head_json":{"title":"Bio Balance GlycoPro Peel 100 ml - Districos Webshop","robots":{"index":"noindex","follow":"follow","max-snippet":"max-snippet:-1","max-image-preview":"max-image-preview:large","max-video-preview":"max-video-preview:-1"},"og_locale":"fr_FR","og_type":"article","og_title":"Bio Balance GlycoPro Peel 100 ml - Districos Webshop","og_description":"BIO BALANCE GLYCOPRO PEEL &#8211; PEELING AHA PROFESSIONNEL Le GlycoPro Peel est un peeling chimique professionnel \u00e0 base d&rsquo;AHA (acides alpha-hydroxy) qui affine, hydrate et apaise visiblement la peau. Ce peeling combine une exfoliation efficace avec confort et r\u00e9paration de la peau, apportant ainsi une valeur ajout\u00e9e intensive \u00e0 votre traitement en cabine. Convient \u00e0 [&hellip;]","og_url":"https:\/\/districos.standingout.be\/fr\/product\/bio-balance-glycopro-peel-100-ml-ref-7062-30\/","og_site_name":"Districos Webshop","article_modified_time":"2026-04-28T07:34:25+00:00","twitter_card":"summary_large_image","twitter_misc":{"Dur\u00e9e de lecture estim\u00e9e":"2 minutes"},"schema":{"@context":"https:\/\/schema.org","@graph":[{"@type":"WebPage","@id":"https:\/\/districos.standingout.be\/fr\/product\/bio-balance-glycopro-peel-100-ml-ref-7062-30\/","url":"https:\/\/districos.standingout.be\/fr\/product\/bio-balance-glycopro-peel-100-ml-ref-7062-30\/","name":"Bio Balance GlycoPro Peel 100 ml - Districos Webshop","isPartOf":{"@id":"https:\/\/districos.standingout.be\/fr\/#website"},"primaryImageOfPage":{"@id":"https:\/\/districos.standingout.be\/fr\/product\/bio-balance-glycopro-peel-100-ml-ref-7062-30\/#primaryimage"},"image":{"@id":"https:\/\/districos.standingout.be\/fr\/product\/bio-balance-glycopro-peel-100-ml-ref-7062-30\/#primaryimage"},"thumbnailUrl":"https:\/\/districos.standingout.be\/wp-content\/uploads\/2026\/04\/7062.30@Bio-Balance-GlycoPro-Peel-100-ml_1.png","datePublished":"2026-04-28T07:34:21+00:00","dateModified":"2026-04-28T07:34:25+00:00","breadcrumb":{"@id":"https:\/\/districos.standingout.be\/fr\/product\/bio-balance-glycopro-peel-100-ml-ref-7062-30\/#breadcrumb"},"inLanguage":"fr-FR","potentialAction":[{"@type":"ReadAction","target":["https:\/\/districos.standingout.be\/fr\/product\/bio-balance-glycopro-peel-100-ml-ref-7062-30\/"]}]},{"@type":"ImageObject","inLanguage":"fr-FR","@id":"https:\/\/districos.standingout.be\/fr\/product\/bio-balance-glycopro-peel-100-ml-ref-7062-30\/#primaryimage","url":"https:\/\/districos.standingout.be\/wp-content\/uploads\/2026\/04\/7062.30@Bio-Balance-GlycoPro-Peel-100-ml_1.png","contentUrl":"https:\/\/districos.standingout.be\/wp-content\/uploads\/2026\/04\/7062.30@Bio-Balance-GlycoPro-Peel-100-ml_1.png","width":600,"height":600},{"@type":"BreadcrumbList","@id":"https:\/\/districos.standingout.be\/fr\/product\/bio-balance-glycopro-peel-100-ml-ref-7062-30\/#breadcrumb","itemListElement":[{"@type":"ListItem","position":1,"name":"Home","item":"https:\/\/districos.standingout.be\/fr\/bienvenue-chez-districos\/"},{"@type":"ListItem","position":2,"name":"Boutique","item":"https:\/\/districos.standingout.be\/fr\/boutique\/"},{"@type":"ListItem","position":3,"name":"Bio Balance GlycoPro Peel 100 ml"}]},{"@type":"WebSite","@id":"https:\/\/districos.standingout.be\/fr\/#website","url":"https:\/\/districos.standingout.be\/fr\/","name":"Districos Webshop","description":"","publisher":{"@id":"https:\/\/districos.standingout.be\/fr\/#organization"},"potentialAction":[{"@type":"SearchAction","target":{"@type":"EntryPoint","urlTemplate":"https:\/\/districos.standingout.be\/fr\/?s={search_term_string}"},"query-input":{"@type":"PropertyValueSpecification","valueRequired":true,"valueName":"search_term_string"}}],"inLanguage":"fr-FR"},{"@type":"Organization","@id":"https:\/\/districos.standingout.be\/fr\/#organization","name":"Districos Webshop","url":"https:\/\/districos.standingout.be\/fr\/","logo":{"@type":"ImageObject","inLanguage":"fr-FR","@id":"https:\/\/districos.standingout.be\/fr\/#\/schema\/logo\/image\/","url":"https:\/\/districos.standingout.be\/wp-content\/uploads\/2022\/09\/Districos_Logo_Webshop.svg","contentUrl":"https:\/\/districos.standingout.be\/wp-content\/uploads\/2022\/09\/Districos_Logo_Webshop.svg","caption":"Districos Webshop"},"image":{"@id":"https:\/\/districos.standingout.be\/fr\/#\/schema\/logo\/image\/"}}]}},"_links":{"self":[{"href":"https:\/\/districos.standingout.be\/fr\/wp-json\/wp\/v2\/product\/136911","targetHints":{"allow":["GET"]}}],"collection":[{"href":"https:\/\/districos.standingout.be\/fr\/wp-json\/wp\/v2\/product"}],"about":[{"href":"https:\/\/districos.standingout.be\/fr\/wp-json\/wp\/v2\/types\/product"}],"replies":[{"embeddable":true,"href":"https:\/\/districos.standingout.be\/fr\/wp-json\/wp\/v2\/comments?post=136911"}],"wp:featuredmedia":[{"embeddable":true,"href":"https:\/\/districos.standingout.be\/fr\/wp-json\/wp\/v2\/media\/147295"}],"wp:attachment":[{"href":"https:\/\/districos.standingout.be\/fr\/wp-json\/wp\/v2\/media?parent=136911"}],"wp:term":[{"taxonomy":"product_brand","embeddable":true,"href":"https:\/\/districos.standingout.be\/fr\/wp-json\/wp\/v2\/product_brand?post=136911"},{"taxonomy":"product_cat","embeddable":true,"href":"https:\/\/districos.standingout.be\/fr\/wp-json\/wp\/v2\/product_cat?post=136911"},{"taxonomy":"product_tag","embeddable":true,"href":"https:\/\/districos.standingout.be\/fr\/wp-json\/wp\/v2\/product_tag?post=136911"}],"curies":[{"name":"wp","href":"https:\/\/api.w.org\/{rel}","templated":true}]}}