{"id":136925,"date":"2026-04-28T09:34:46","date_gmt":"2026-04-28T07:34:46","guid":{"rendered":"https:\/\/webshopdistricoscom.webhosting.be\/product\/recipient-flexible-vert-550-ml-ref-7062-45\/"},"modified":"2026-04-28T09:34:49","modified_gmt":"2026-04-28T07:34:49","slug":"recipient-flexible-vert-550-ml-ref-7062-45","status":"publish","type":"product","link":"https:\/\/districos.standingout.be\/fr\/product\/recipient-flexible-vert-550-ml-ref-7062-45\/","title":{"rendered":"R\u00e9cipient Flexible Vert 550 ml"},"content":{"rendered":"<p >\n<\/p>\n<p dir=\"ltr\">R\u00e9cipient flexible qui est id\u00e9al pour les enveloppements corporels et les masques du visage.<\/p>\n<p dir=\"ltr\">\n<ul>\n<li>Les restants de masque durcis peuvent \u00eatre enlev\u00e9s sans peine.<\/li>\n<li>Couleur : vert.<\/li>\n<li>Contenu : 550 ml.<\/li>\n<\/ul>\n<div><b>Aussi disponible<\/b><\/div>\n<p dir=\"ltr\">\n<div>\n<div>\n<ul>\n<li>R\u00e9cipient flexible blanc avec un contenu de 1000 ml (<u><a href=\"https:\/\/districos.com\/ProductDetail\/7062.36\" target=\"_blank\" rel=\"noopener noreferrer nofollow\">r\u00e9f. 7062.36<\/a><\/u>)<\/li>\n<li>R\u00e9cipient flexible blanc avec un contenu de 500 ml (<u><a href=\"https:\/\/districos.com\/ProductDetail\/7062.35\" target=\"_blank\" rel=\"noopener noreferrer nofollow\">r\u00e9f. 7062.35<\/a><\/u>)<\/li>\n<li>R\u00e9cipient flexible bleu avec un contenu de 350 ml (<u><a href=\"https:\/\/districos.com\/ProductDetail\/7062.46\" target=\"_blank\" rel=\"noopener noreferrer nofollow\">r\u00e9f. 7062.46<\/a><\/u>)<\/li>\n<\/ul>\n<\/div>\n<\/div>\n","protected":false},"excerpt":{"rendered":"<p>R\u00e9cipient flexible qui est id\u00e9al pour les enveloppements corporels et les masques du visage. Les restants de masque durcis peuvent \u00eatre enlev\u00e9s sans peine. Couleur : vert. Contenu : 550 ml. Aussi disponible R\u00e9cipient flexible blanc avec un contenu de 1000 ml (r\u00e9f. 7062.36) R\u00e9cipient flexible blanc avec un contenu de 500 ml (r\u00e9f. 7062.35) [&hellip;]<\/p>\n","protected":false},"featured_media":77387,"comment_status":"open","ping_status":"closed","template":"","meta":{"_acf_changed":false},"product_brand":[10380],"product_cat":[9972,9864,10168,9970,10174,10616],"product_tag":[],"class_list":{"0":"post-136925","1":"product","2":"type-product","3":"status-publish","4":"has-post-thumbnail","6":"product_brand-districos-fr","7":"product_cat-beaute-materiel-pratique-accessoires","8":"product_cat-beaute-visage-accessoires","9":"product_cat-fournitures-pour-cabinet-accessoires-accessoires-visage","10":"product_cat-beaute-materiel-pratique-instruments","11":"product_cat-fournitures-pour-cabinet-accessoires-spatules-bols","12":"product_cat-fournitures-pour-cabinet-instruments-visage","14":"first","15":"instock","16":"taxable","17":"shipping-taxable","18":"product-type-simple"},"acf":[],"yoast_head":"<!-- This site is optimized with the Yoast SEO plugin v27.3 - https:\/\/yoast.com\/product\/yoast-seo-wordpress\/ -->\n<title>R\u00e9cipient Flexible Vert 550 ml - Districos Webshop<\/title>\n<meta name=\"robots\" content=\"noindex, follow, max-snippet:-1, max-image-preview:large, max-video-preview:-1\" \/>\n<meta property=\"og:locale\" content=\"fr_FR\" \/>\n<meta property=\"og:type\" content=\"article\" \/>\n<meta property=\"og:title\" content=\"R\u00e9cipient Flexible Vert 550 ml - Districos Webshop\" \/>\n<meta property=\"og:description\" content=\"R\u00e9cipient flexible qui est id\u00e9al pour les enveloppements corporels et les masques du visage. Les restants de masque durcis peuvent \u00eatre enlev\u00e9s sans peine. Couleur : vert. Contenu : 550 ml. Aussi disponible R\u00e9cipient flexible blanc avec un contenu de 1000 ml (r\u00e9f. 7062.36) R\u00e9cipient flexible blanc avec un contenu de 500 ml (r\u00e9f. 7062.35) [&hellip;]\" \/>\n<meta property=\"og:url\" content=\"https:\/\/districos.standingout.be\/fr\/product\/recipient-flexible-vert-550-ml-ref-7062-45\/\" \/>\n<meta property=\"og:site_name\" content=\"Districos Webshop\" \/>\n<meta property=\"article:modified_time\" content=\"2026-04-28T07:34:49+00:00\" \/>\n<meta name=\"twitter:card\" content=\"summary_large_image\" \/>\n<script type=\"application\/ld+json\" class=\"yoast-schema-graph\">{\"@context\":\"https:\\\/\\\/schema.org\",\"@graph\":[{\"@type\":\"WebPage\",\"@id\":\"https:\\\/\\\/districos.standingout.be\\\/fr\\\/product\\\/recipient-flexible-vert-550-ml-ref-7062-45\\\/\",\"url\":\"https:\\\/\\\/districos.standingout.be\\\/fr\\\/product\\\/recipient-flexible-vert-550-ml-ref-7062-45\\\/\",\"name\":\"R\u00e9cipient Flexible Vert 550 ml - Districos Webshop\",\"isPartOf\":{\"@id\":\"https:\\\/\\\/districos.standingout.be\\\/fr\\\/#website\"},\"primaryImageOfPage\":{\"@id\":\"https:\\\/\\\/districos.standingout.be\\\/fr\\\/product\\\/recipient-flexible-vert-550-ml-ref-7062-45\\\/#primaryimage\"},\"image\":{\"@id\":\"https:\\\/\\\/districos.standingout.be\\\/fr\\\/product\\\/recipient-flexible-vert-550-ml-ref-7062-45\\\/#primaryimage\"},\"thumbnailUrl\":\"https:\\\/\\\/districos.standingout.be\\\/wp-content\\\/uploads\\\/2025\\\/07\\\/7062.45@LowRes_1_0.png\",\"datePublished\":\"2026-04-28T07:34:46+00:00\",\"dateModified\":\"2026-04-28T07:34:49+00:00\",\"breadcrumb\":{\"@id\":\"https:\\\/\\\/districos.standingout.be\\\/fr\\\/product\\\/recipient-flexible-vert-550-ml-ref-7062-45\\\/#breadcrumb\"},\"inLanguage\":\"fr-FR\",\"potentialAction\":[{\"@type\":\"ReadAction\",\"target\":[\"https:\\\/\\\/districos.standingout.be\\\/fr\\\/product\\\/recipient-flexible-vert-550-ml-ref-7062-45\\\/\"]}]},{\"@type\":\"ImageObject\",\"inLanguage\":\"fr-FR\",\"@id\":\"https:\\\/\\\/districos.standingout.be\\\/fr\\\/product\\\/recipient-flexible-vert-550-ml-ref-7062-45\\\/#primaryimage\",\"url\":\"https:\\\/\\\/districos.standingout.be\\\/wp-content\\\/uploads\\\/2025\\\/07\\\/7062.45@LowRes_1_0.png\",\"contentUrl\":\"https:\\\/\\\/districos.standingout.be\\\/wp-content\\\/uploads\\\/2025\\\/07\\\/7062.45@LowRes_1_0.png\",\"width\":600,\"height\":600},{\"@type\":\"BreadcrumbList\",\"@id\":\"https:\\\/\\\/districos.standingout.be\\\/fr\\\/product\\\/recipient-flexible-vert-550-ml-ref-7062-45\\\/#breadcrumb\",\"itemListElement\":[{\"@type\":\"ListItem\",\"position\":1,\"name\":\"Home\",\"item\":\"https:\\\/\\\/districos.standingout.be\\\/fr\\\/bienvenue-chez-districos\\\/\"},{\"@type\":\"ListItem\",\"position\":2,\"name\":\"Boutique\",\"item\":\"https:\\\/\\\/districos.standingout.be\\\/fr\\\/boutique\\\/\"},{\"@type\":\"ListItem\",\"position\":3,\"name\":\"R\u00e9cipient Flexible Vert 550 ml\"}]},{\"@type\":\"WebSite\",\"@id\":\"https:\\\/\\\/districos.standingout.be\\\/fr\\\/#website\",\"url\":\"https:\\\/\\\/districos.standingout.be\\\/fr\\\/\",\"name\":\"Districos Webshop\",\"description\":\"\",\"publisher\":{\"@id\":\"https:\\\/\\\/districos.standingout.be\\\/fr\\\/#organization\"},\"potentialAction\":[{\"@type\":\"SearchAction\",\"target\":{\"@type\":\"EntryPoint\",\"urlTemplate\":\"https:\\\/\\\/districos.standingout.be\\\/fr\\\/?s={search_term_string}\"},\"query-input\":{\"@type\":\"PropertyValueSpecification\",\"valueRequired\":true,\"valueName\":\"search_term_string\"}}],\"inLanguage\":\"fr-FR\"},{\"@type\":\"Organization\",\"@id\":\"https:\\\/\\\/districos.standingout.be\\\/fr\\\/#organization\",\"name\":\"Districos Webshop\",\"url\":\"https:\\\/\\\/districos.standingout.be\\\/fr\\\/\",\"logo\":{\"@type\":\"ImageObject\",\"inLanguage\":\"fr-FR\",\"@id\":\"https:\\\/\\\/districos.standingout.be\\\/fr\\\/#\\\/schema\\\/logo\\\/image\\\/\",\"url\":\"https:\\\/\\\/districos.standingout.be\\\/wp-content\\\/uploads\\\/2022\\\/09\\\/Districos_Logo_Webshop.svg\",\"contentUrl\":\"https:\\\/\\\/districos.standingout.be\\\/wp-content\\\/uploads\\\/2022\\\/09\\\/Districos_Logo_Webshop.svg\",\"caption\":\"Districos Webshop\"},\"image\":{\"@id\":\"https:\\\/\\\/districos.standingout.be\\\/fr\\\/#\\\/schema\\\/logo\\\/image\\\/\"}}]}<\/script>\n<!-- \/ Yoast SEO plugin. -->","yoast_head_json":{"title":"R\u00e9cipient Flexible Vert 550 ml - Districos Webshop","robots":{"index":"noindex","follow":"follow","max-snippet":"max-snippet:-1","max-image-preview":"max-image-preview:large","max-video-preview":"max-video-preview:-1"},"og_locale":"fr_FR","og_type":"article","og_title":"R\u00e9cipient Flexible Vert 550 ml - Districos Webshop","og_description":"R\u00e9cipient flexible qui est id\u00e9al pour les enveloppements corporels et les masques du visage. Les restants de masque durcis peuvent \u00eatre enlev\u00e9s sans peine. Couleur : vert. Contenu : 550 ml. Aussi disponible R\u00e9cipient flexible blanc avec un contenu de 1000 ml (r\u00e9f. 7062.36) R\u00e9cipient flexible blanc avec un contenu de 500 ml (r\u00e9f. 7062.35) [&hellip;]","og_url":"https:\/\/districos.standingout.be\/fr\/product\/recipient-flexible-vert-550-ml-ref-7062-45\/","og_site_name":"Districos Webshop","article_modified_time":"2026-04-28T07:34:49+00:00","twitter_card":"summary_large_image","schema":{"@context":"https:\/\/schema.org","@graph":[{"@type":"WebPage","@id":"https:\/\/districos.standingout.be\/fr\/product\/recipient-flexible-vert-550-ml-ref-7062-45\/","url":"https:\/\/districos.standingout.be\/fr\/product\/recipient-flexible-vert-550-ml-ref-7062-45\/","name":"R\u00e9cipient Flexible Vert 550 ml - Districos Webshop","isPartOf":{"@id":"https:\/\/districos.standingout.be\/fr\/#website"},"primaryImageOfPage":{"@id":"https:\/\/districos.standingout.be\/fr\/product\/recipient-flexible-vert-550-ml-ref-7062-45\/#primaryimage"},"image":{"@id":"https:\/\/districos.standingout.be\/fr\/product\/recipient-flexible-vert-550-ml-ref-7062-45\/#primaryimage"},"thumbnailUrl":"https:\/\/districos.standingout.be\/wp-content\/uploads\/2025\/07\/7062.45@LowRes_1_0.png","datePublished":"2026-04-28T07:34:46+00:00","dateModified":"2026-04-28T07:34:49+00:00","breadcrumb":{"@id":"https:\/\/districos.standingout.be\/fr\/product\/recipient-flexible-vert-550-ml-ref-7062-45\/#breadcrumb"},"inLanguage":"fr-FR","potentialAction":[{"@type":"ReadAction","target":["https:\/\/districos.standingout.be\/fr\/product\/recipient-flexible-vert-550-ml-ref-7062-45\/"]}]},{"@type":"ImageObject","inLanguage":"fr-FR","@id":"https:\/\/districos.standingout.be\/fr\/product\/recipient-flexible-vert-550-ml-ref-7062-45\/#primaryimage","url":"https:\/\/districos.standingout.be\/wp-content\/uploads\/2025\/07\/7062.45@LowRes_1_0.png","contentUrl":"https:\/\/districos.standingout.be\/wp-content\/uploads\/2025\/07\/7062.45@LowRes_1_0.png","width":600,"height":600},{"@type":"BreadcrumbList","@id":"https:\/\/districos.standingout.be\/fr\/product\/recipient-flexible-vert-550-ml-ref-7062-45\/#breadcrumb","itemListElement":[{"@type":"ListItem","position":1,"name":"Home","item":"https:\/\/districos.standingout.be\/fr\/bienvenue-chez-districos\/"},{"@type":"ListItem","position":2,"name":"Boutique","item":"https:\/\/districos.standingout.be\/fr\/boutique\/"},{"@type":"ListItem","position":3,"name":"R\u00e9cipient Flexible Vert 550 ml"}]},{"@type":"WebSite","@id":"https:\/\/districos.standingout.be\/fr\/#website","url":"https:\/\/districos.standingout.be\/fr\/","name":"Districos Webshop","description":"","publisher":{"@id":"https:\/\/districos.standingout.be\/fr\/#organization"},"potentialAction":[{"@type":"SearchAction","target":{"@type":"EntryPoint","urlTemplate":"https:\/\/districos.standingout.be\/fr\/?s={search_term_string}"},"query-input":{"@type":"PropertyValueSpecification","valueRequired":true,"valueName":"search_term_string"}}],"inLanguage":"fr-FR"},{"@type":"Organization","@id":"https:\/\/districos.standingout.be\/fr\/#organization","name":"Districos Webshop","url":"https:\/\/districos.standingout.be\/fr\/","logo":{"@type":"ImageObject","inLanguage":"fr-FR","@id":"https:\/\/districos.standingout.be\/fr\/#\/schema\/logo\/image\/","url":"https:\/\/districos.standingout.be\/wp-content\/uploads\/2022\/09\/Districos_Logo_Webshop.svg","contentUrl":"https:\/\/districos.standingout.be\/wp-content\/uploads\/2022\/09\/Districos_Logo_Webshop.svg","caption":"Districos Webshop"},"image":{"@id":"https:\/\/districos.standingout.be\/fr\/#\/schema\/logo\/image\/"}}]}},"_links":{"self":[{"href":"https:\/\/districos.standingout.be\/fr\/wp-json\/wp\/v2\/product\/136925","targetHints":{"allow":["GET"]}}],"collection":[{"href":"https:\/\/districos.standingout.be\/fr\/wp-json\/wp\/v2\/product"}],"about":[{"href":"https:\/\/districos.standingout.be\/fr\/wp-json\/wp\/v2\/types\/product"}],"replies":[{"embeddable":true,"href":"https:\/\/districos.standingout.be\/fr\/wp-json\/wp\/v2\/comments?post=136925"}],"wp:featuredmedia":[{"embeddable":true,"href":"https:\/\/districos.standingout.be\/fr\/wp-json\/wp\/v2\/media\/77387"}],"wp:attachment":[{"href":"https:\/\/districos.standingout.be\/fr\/wp-json\/wp\/v2\/media?parent=136925"}],"wp:term":[{"taxonomy":"product_brand","embeddable":true,"href":"https:\/\/districos.standingout.be\/fr\/wp-json\/wp\/v2\/product_brand?post=136925"},{"taxonomy":"product_cat","embeddable":true,"href":"https:\/\/districos.standingout.be\/fr\/wp-json\/wp\/v2\/product_cat?post=136925"},{"taxonomy":"product_tag","embeddable":true,"href":"https:\/\/districos.standingout.be\/fr\/wp-json\/wp\/v2\/product_tag?post=136925"}],"curies":[{"name":"wp","href":"https:\/\/api.w.org\/{rel}","templated":true}]}}